{"id":120032,"date":"2025-11-07T13:06:14","date_gmt":"2025-11-07T13:06:14","guid":{"rendered":"https:\/\/www.star-ts.com\/marketing-services\/"},"modified":"2025-11-07T13:06:38","modified_gmt":"2025-11-07T13:06:38","slug":"marketing-services","status":"publish","type":"page","link":"https:\/\/www.star-ts.com\/sv\/marketing-services\/","title":{"rendered":"Marknadsf\u00f6ringstj\u00e4nster"},"content":{"rendered":"<div id='full_slider_1'  class='avia-fullwidth-slider main_color avia-shadow av-small-hide av-mini-hide  avia-builder-el-0  el_before_av_one_half  avia-builder-el-first   container_wrap sidebar_right'  >\n<style type=\"text\/css\" data-created_by=\"avia_inline_auto\" id=\"style-css-av-aagzevs-7a8881dd309f448cf8bf529c9ef4868f\">\n\n@media only screen and (max-width: 479px){ \n#top .avia-slideshow .av-slideshow-caption.av-aagzevs-7a8881dd309f448cf8bf529c9ef4868f__0 .avia-caption-content{\ndisplay:none;\n}\n#top .avia-slideshow .av-slideshow-caption.av-aagzevs-7a8881dd309f448cf8bf529c9ef4868f__0 .avia-caption-content p{\ndisplay:none;\n}\n}\n<\/style>\n<div  class='avia-slideshow av-aagzevs-7a8881dd309f448cf8bf529c9ef4868f avia-slideshow-featured av_slideshow_full avia-slide-slider av-small-hide av-mini-hide av-slideshow-ui av-control-default av-slideshow-manual av-loop-once av-loop-manual-endless av-default-height-applied   avia-slideshow-1' data-slideshow-options=\"{&quot;animation&quot;:&quot;slide&quot;,&quot;autoplay&quot;:false,&quot;loop_autoplay&quot;:&quot;once&quot;,&quot;interval&quot;:5,&quot;loop_manual&quot;:&quot;manual-endless&quot;,&quot;autoplay_stopper&quot;:false,&quot;noNavigation&quot;:false,&quot;bg_slider&quot;:false,&quot;keep_padding&quot;:false,&quot;hoverpause&quot;:false,&quot;show_slide_delay&quot;:0}\"  itemprop=\"image\" itemscope=\"itemscope\" itemtype=\"https:\/\/schema.org\/ImageObject\" ><ul class='avia-slideshow-inner ' style='padding-bottom: 28.666666666667%;'><li  class='avia-slideshow-slide av-aagzevs-7a8881dd309f448cf8bf529c9ef4868f__0  av-single-slide slide-1 slide-odd'><div data-rel='slideshow-1' class='avia-slide-wrap '   ><div class='av-slideshow-caption av-aagzevs-7a8881dd309f448cf8bf529c9ef4868f__0 caption_fullwidth caption_center caption_center_framed caption_framed'><div class=\"container caption_container\"><div class=\"slideshow_caption\"><div class=\"slideshow_inner_caption\"><div class=\"slideshow_align_caption\"><h2 class='avia-caption-title '  itemprop=\"name\" >\u00d6vers\u00e4ttning f\u00f6r marknadsf\u00f6ringstj\u00e4nster<\/h2><div class='avia-caption-content '  itemprop=\"description\" ><p>Skapa, \u00f6vers\u00e4tt och marknadsf\u00f6r p\u00e5 alla spr\u00e5k<\/p>\n<\/div><a href=''  class='avia-slideshow-button avia-button avia-color-orange ' data-duration='800' data-easing='easeInOutQuad'>Kontakta oss<\/a><\/div><\/div><\/div><\/div><\/div><img decoding=\"async\" fetchpriority=\"high\" class=\"wp-image-72262 avia-img-lazy-loading-not-72262\"  src=\"https:\/\/www.star-ts.com\/wp-content\/uploads\/2018\/07\/ux-788002_1920-1500x430.jpg\" width=\"1500\" height=\"430\" title='ux-788002_1920' alt=''  itemprop=\"thumbnailUrl\"   \/><\/div><\/li><\/ul><\/div><\/div><div id='after_full_slider_1'  class='main_color av_default_container_wrap container_wrap sidebar_right'  ><div class='container av-section-cont-open' ><div class='template-page content  av-content-small alpha units'><div class='post-entry post-entry-type-page post-entry-120032'><div class='entry-content-wrapper clearfix'>\n<div  class='flex_column av-8nrcg6w-c542b38f60f3757d9bc48129dcf734d7 av_one_half  avia-builder-el-1  el_after_av_slideshow_full  el_before_av_one_half  avia-builder-el-first  first flex_column_div  '     ><style type=\"text\/css\" data-created_by=\"avia_inline_auto\" id=\"style-css-av-k1avt8x7-37911d444e8f1f5ec5da1d709547b234\">\n.avia-image-container.av-k1avt8x7-37911d444e8f1f5ec5da1d709547b234 img.avia_image{\nbox-shadow:none;\n}\n.avia-image-container.av-k1avt8x7-37911d444e8f1f5ec5da1d709547b234 .av-image-caption-overlay-center{\ncolor:#ffffff;\n}\n<\/style>\n<div  class='avia-image-container av-k1avt8x7-37911d444e8f1f5ec5da1d709547b234 av-styling- avia-align-center  avia-builder-el-2  avia-builder-el-no-sibling '   itemprop=\"image\" itemscope=\"itemscope\" itemtype=\"https:\/\/schema.org\/ImageObject\" ><div class=\"avia-image-container-inner\"><div class=\"avia-image-overlay-wrap\"><img decoding=\"async\" loading=\"lazy\" class='wp-image-66973 avia-img-lazy-loading-66973 avia_image ' src=\"https:\/\/www.star-ts.com\/wp-content\/uploads\/2014\/02\/web-design.png\" alt='\u00d6vers\u00e4ttning f\u00f6r webbdesign' title='\u00d6vers\u00e4ttning f\u00f6r webbdesign'  height=\"320\" width=\"400\"  itemprop=\"thumbnailUrl\" srcset=\"https:\/\/www.star-ts.com\/wp-content\/uploads\/2014\/02\/web-design.png 400w, https:\/\/www.star-ts.com\/wp-content\/uploads\/2014\/02\/web-design-80x64.png 80w, https:\/\/www.star-ts.com\/wp-content\/uploads\/2014\/02\/web-design-300x240.png 300w\" sizes=\"auto, (max-width: 400px) 100vw, 400px\" \/><\/div><\/div><\/div><\/div>\n<div  class='flex_column av-8nrcg6w-ffed6ffb93c526aac81911dd4bf51644 av_one_half  avia-builder-el-3  el_after_av_one_half  el_before_av_one_half  flex_column_div  '     ><section  class='av_textblock_section av-88rzva0-c1edddaee439eaf5f0d0ce4640df571f '   itemscope=\"itemscope\" itemtype=\"https:\/\/schema.org\/CreativeWork\" ><div class='avia_textblock'  itemprop=\"text\" ><h1>\u00d6vers\u00e4ttning f\u00f6r marknadsf\u00f6ring<\/h1>\n<p>Marknadsf\u00f6ringstj\u00e4nster fr\u00e5n STAR hj\u00e4lper er att leverera ert inneh\u00e5ll och budskap \u00f6ver hela v\u00e4rlden. Vi kan skapa er flerspr\u00e5kiga webbplats och leverera era videor, broschyrer och tekniska dokument p\u00e5 mer \u00e4n 70 spr\u00e5k. <\/p>\n<p><a href=\"https:\/\/www.star-ts.com\/sv\/marketing-services\/digital-marketing\/\">Digital marknadsf\u00f6ring<\/a><\/p>\n<p><a href=\"https:\/\/www.star-ts.com\/sv\/marketing-services\/marketing-campaigns\/\">Marknadsf\u00f6ringskampanjer<\/a><\/p>\n<p><a href=\"https:\/\/www.star-ts.com\/sv\/marketing-services\/design\/\">Design<\/a><\/p>\n<\/div><\/section><\/div>\n<div  class='flex_column av-8nrcg6w-c542b38f60f3757d9bc48129dcf734d7 av_one_half  avia-builder-el-5  el_after_av_one_half  el_before_av_one_half  first flex_column_div  column-top-margin'     ><section  class='av_textblock_section av-88rzva0-1ae62143f34d9ac89b6becaa7ffe538b '   itemscope=\"itemscope\" itemtype=\"https:\/\/schema.org\/CreativeWork\" ><div class='avia_textblock'  itemprop=\"text\" ><h3>Marknadsf\u00f6ringsdokument<\/h3>\n<p>Med \u00f6ver 50 kontor v\u00e4rlden \u00f6ver och mer \u00e4n 950 specialister kan v\u00e5ra team leverera era filer p\u00e5 praktiskt taget vilket spr\u00e5k som helst.<\/p>\n<p>H\u00e4r \u00e4r n\u00e5gra av de m\u00e5nga branscher vi arbetar med&#8230;<\/p>\n<ul>\n<li><a href=\"https:\/\/www.star-ts.com\/sv\/oversattningstjanster-for-fordonsindustrin-teknik\/\">Fordonsindustrin<\/a><\/li>\n<li><a href=\"https:\/\/www.star-ts.com\/sv\/translation-services\/electronics-translation\/\">Elektronik<\/a><\/li>\n<li><a href=\"https:\/\/www.star-ts.com\/sv\/teknikoversattningstjanster\/\">Teknik<\/a><\/li>\n<li><a href=\"https:\/\/www.star-ts.com\/sv\/translation-services\/government-translation-services\/\">Offentlig sektor och myndigheter<\/a><\/li>\n<li><a href=\"https:\/\/www.star-ts.com\/sv\/translation-services\/software-localization-translation\/\">Anpassning av programvara<\/a><\/li>\n<li><a href=\"https:\/\/www.star-ts.com\/translation-services\/life-sciences-translation\/\">Life science<\/a><\/li>\n<li><a href=\"https:\/\/www.star-ts.com\/sv\/manufacturing-translation\/\">Tillverkning<\/a><\/li>\n<li><a href=\"https:\/\/www.star-ts.com\/sv\/technical-translation\/\">Teknisk \u00f6vers\u00e4ttning<\/a><\/li>\n<li><a href=\"https:\/\/www.star-ts.com\/sv\/translation-services\/video-voice-overs-and-subtitling\/\">Video\u00f6vers\u00e4ttning och voice-overs<\/a><\/li>\n<\/ul>\n<\/div><\/section><\/div>\n<div  class='flex_column av-8nrcg6w-ffed6ffb93c526aac81911dd4bf51644 av_one_half  avia-builder-el-7  el_after_av_one_half  el_before_av_one_full  flex_column_div  column-top-margin'     ><style type=\"text\/css\" data-created_by=\"avia_inline_auto\" id=\"style-css-av-k1aw1dzy-96bdec1bc77340e4cac0bee9e7cdaaf8\">\n.avia-image-container.av-k1aw1dzy-96bdec1bc77340e4cac0bee9e7cdaaf8 img.avia_image{\nbox-shadow:none;\n}\n.avia-image-container.av-k1aw1dzy-96bdec1bc77340e4cac0bee9e7cdaaf8 .av-image-caption-overlay-center{\ncolor:#ffffff;\n}\n<\/style>\n<div  class='avia-image-container av-k1aw1dzy-96bdec1bc77340e4cac0bee9e7cdaaf8 av-styling- avia-align-center  avia-builder-el-8  avia-builder-el-no-sibling '   itemprop=\"image\" itemscope=\"itemscope\" itemtype=\"https:\/\/schema.org\/ImageObject\" ><div class=\"avia-image-container-inner\"><div class=\"avia-image-overlay-wrap\"><img decoding=\"async\" fetchpriority=\"high\" class='wp-image-72347 avia-img-lazy-loading-not-72347 avia_image ' src=\"https:\/\/www.star-ts.com\/wp-content\/uploads\/2018\/07\/blog-3428667_1920.jpg\" alt='Kontorsskrivbord, Te' title='blog-3428667_1920'  height=\"1335\" width=\"1920\"  itemprop=\"thumbnailUrl\" srcset=\"https:\/\/www.star-ts.com\/wp-content\/uploads\/2018\/07\/blog-3428667_1920.jpg 1920w, https:\/\/www.star-ts.com\/wp-content\/uploads\/2018\/07\/blog-3428667_1920-80x56.jpg 80w, https:\/\/www.star-ts.com\/wp-content\/uploads\/2018\/07\/blog-3428667_1920-300x209.jpg 300w, https:\/\/www.star-ts.com\/wp-content\/uploads\/2018\/07\/blog-3428667_1920-768x534.jpg 768w, https:\/\/www.star-ts.com\/wp-content\/uploads\/2018\/07\/blog-3428667_1920-1030x716.jpg 1030w, https:\/\/www.star-ts.com\/wp-content\/uploads\/2018\/07\/blog-3428667_1920-1500x1043.jpg 1500w, https:\/\/www.star-ts.com\/wp-content\/uploads\/2018\/07\/blog-3428667_1920-705x490.jpg 705w, https:\/\/www.star-ts.com\/wp-content\/uploads\/2018\/07\/blog-3428667_1920-450x313.jpg 450w\" sizes=\"(max-width: 1920px) 100vw, 1920px\" \/><\/div><\/div><\/div><\/div>\n<div  class='flex_column av-6i1i53s-77a4c37e66dbd7079fe5e14897d7687a av_one_full  avia-builder-el-9  el_after_av_one_half  el_before_av_one_full  first flex_column_div  column-top-margin'     ><section  class='av_textblock_section av-6d6n4qg-8f5090594c4a22c64d56799f98e25814 '   itemscope=\"itemscope\" itemtype=\"https:\/\/schema.org\/CreativeWork\" ><div class='avia_textblock'  itemprop=\"text\" ><h3>Lysande tekniska publikationer<\/h3>\n<p>Tekniska publikationer m\u00e5ste vara korrekta och uppfylla h\u00f6ga kvalitetskrav. Detsamma g\u00e4ller \u00f6vers\u00e4ttning.  Vi \u00e4r specialiserade p\u00e5 teknisk \u00f6vers\u00e4ttning och hj\u00e4lper v\u00e5ra kunder att leverera utm\u00e4rkta tekniska publikationer \u00f6ver hela v\u00e4rlden.<\/p>\n<p><a href=\"https:\/\/www.star-ts.com\/sv\/dokumentoversattning\/\">Dokument\u00f6vers\u00e4ttningstj\u00e4nster<\/a><\/p>\n<\/div><\/section><\/div>\n<div  class='flex_column av-4vu0wd4-4eebb945ede687ca31f762ed08f42917 av_one_full  avia-builder-el-11  el_after_av_one_full  el_before_av_one_full  first flex_column_div  column-top-margin'     ><section  class='av_textblock_section av-4ffy6pk-ee0644785be9167618b8d41e5b735766 '   itemscope=\"itemscope\" itemtype=\"https:\/\/schema.org\/CreativeWork\" ><div class='avia_textblock'  itemprop=\"text\" ><h3>\u00d6vers\u00e4ttning som s\u00e4ljer<\/h3>\n<p>\u00d6vers\u00e4ttning f\u00f6r framg\u00e5ngsrika marknadsf\u00f6ringskampanjer m\u00e5ste vara korrekt och f\u00f6lja varum\u00e4rkets riktlinjer. Vi hj\u00e4lper digitala marknadsf\u00f6rare att kommunicera sitt budskap till en global publik. <\/p>\n<p><a href=\"https:\/\/www.star-ts.com\/sv\/marketing-services\/marketing-campaigns\/\">\u00d6vers\u00e4ttningstj\u00e4nster f\u00f6r marknadsf\u00f6ring<\/a><\/p>\n<\/div><\/section><\/div>\n<div  class='flex_column av-3278108-7f7219ebd6aab19485e2aef3b77d0855 av_one_full  avia-builder-el-13  el_after_av_one_full  el_before_av_one_full  first flex_column_div  column-top-margin'     ><section  class='av_textblock_section av-2qivzx4-88344033081197f10d65647ddfcf2c6b '   itemscope=\"itemscope\" itemtype=\"https:\/\/schema.org\/CreativeWork\" ><div class='avia_textblock'  itemprop=\"text\" ><h3>Design<\/h3>\n<p>Webbdesigners m\u00e5ste skapa effektiva webbplatser som s\u00e4ljer internationellt. Oavsett om det g\u00e4ller XML, WordPress eller andra inneh\u00e5llshanteringssystem kan vi \u00f6vers\u00e4tta fantastiska webbplatser till vilket spr\u00e5k som helst. <\/p>\n<p><a href=\"https:\/\/www.star-ts.com\/sv\/marketing-services\/design\/\">Designtj\u00e4nster<\/a><\/p>\n<\/div><\/section><\/div>\n<div  class='flex_column av-1lccigo-3d36b2a47676acb61ecb1a1be2336359 av_one_full  avia-builder-el-15  el_after_av_one_full  avia-builder-el-last  first flex_column_div  column-top-margin'     ><section  class='av_textblock_section av-19p9hqw-a572e1598d179e1733ebab521fc0172d '   itemscope=\"itemscope\" itemtype=\"https:\/\/schema.org\/CreativeWork\" ><div class='avia_textblock'  itemprop=\"text\" ><div  class='avia-button-wrap avia-button-center  avia-builder-el-17  avia-builder-el-no-sibling '>\n<style type=\"text\/css\" data-created_by=\"avia_inline_auto\" id=\"style-css-av-q2qe60-70497a9c2f3099daa740491d78f6dbc5\">\n#top #wrap_all .avia-button.av-q2qe60-70497a9c2f3099daa740491d78f6dbc5:hover{\ncolor:white;\ntransition:all 0.4s ease-in-out;\n}\n#top #wrap_all .avia-button.av-q2qe60-70497a9c2f3099daa740491d78f6dbc5:hover .avia-svg-icon svg:first-child{\nfill:white;\nstroke:white;\n}\n<\/style>\n<a href='https:\/\/www.star-ts.com\/sv\/kontakt\/' class='avia-color-theme-color avia-font-color-theme-color avia-button avia-button-fullwidth av-q2qe60-70497a9c2f3099daa740491d78f6dbc5 avia-icon_select-no avia-color-theme-color'  title=\"Contact Us\" aria-label=\"Contact Us\"><span class='avia_iconbox_title' >Kontakta oss<\/span><span class='avia_button_background avia-button avia-button-fullwidth avia-color-theme-color-highlight'><\/span><\/a><\/div>\n<\/div><\/section><\/div>\n","protected":false},"excerpt":{"rendered":"<p>Marknadsf\u00f6ringstj\u00e4nster fr\u00e5n STAR hj\u00e4lper er att leverera ert inneh\u00e5ll och budskap \u00f6ver hela v\u00e4rlden. Vi kan skapa er flerspr\u00e5kiga webbplats och leverera era videor, broschyrer och tekniska dokument p\u00e5 mer \u00e4n 70 spr\u00e5k. <\/p>\n","protected":false},"author":1,"featured_media":72262,"parent":0,"menu_order":3,"comment_status":"closed","ping_status":"closed","template":"","meta":{"footnotes":""},"class_list":["post-120032","page","type-page","status-publish","has-post-thumbnail","hentry"],"_links":{"self":[{"href":"https:\/\/www.star-ts.com\/sv\/wp-json\/wp\/v2\/pages\/120032","targetHints":{"allow":["GET"]}}],"collection":[{"href":"https:\/\/www.star-ts.com\/sv\/wp-json\/wp\/v2\/pages"}],"about":[{"href":"https:\/\/www.star-ts.com\/sv\/wp-json\/wp\/v2\/types\/page"}],"author":[{"embeddable":true,"href":"https:\/\/www.star-ts.com\/sv\/wp-json\/wp\/v2\/users\/1"}],"replies":[{"embeddable":true,"href":"https:\/\/www.star-ts.com\/sv\/wp-json\/wp\/v2\/comments?post=120032"}],"version-history":[{"count":0,"href":"https:\/\/www.star-ts.com\/sv\/wp-json\/wp\/v2\/pages\/120032\/revisions"}],"wp:featuredmedia":[{"embeddable":true,"href":"https:\/\/www.star-ts.com\/sv\/wp-json\/wp\/v2\/media\/72262"}],"wp:attachment":[{"href":"https:\/\/www.star-ts.com\/sv\/wp-json\/wp\/v2\/media?parent=120032"}],"curies":[{"name":"wp","href":"https:\/\/api.w.org\/{rel}","templated":true}]}}