{"id":120027,"date":"2025-11-07T13:06:07","date_gmt":"2025-11-07T13:06:07","guid":{"rendered":"https:\/\/www.star-ts.com\/about\/jobs\/"},"modified":"2025-11-07T13:06:37","modified_gmt":"2025-11-07T13:06:37","slug":"jobs","status":"publish","type":"page","link":"https:\/\/www.star-ts.com\/sv\/about\/jobs\/","title":{"rendered":"Jobb | STAR Dublin"},"content":{"rendered":"<div id='full_slider_1'  class='avia-fullwidth-slider main_color avia-shadow av-small-hide av-mini-hide  avia-builder-el-0  el_before_av_one_full  avia-builder-el-first   container_wrap sidebar_right'  ><div  class='avia-slideshow av-4wpxqcd-6a94370535b2624b0692b8d19b8031a8 avia-slideshow-featured av_slideshow_full avia-slide-slider av-small-hide av-mini-hide av-slideshow-ui av-control-default av-slideshow-manual av-loop-once av-loop-manual-endless av-default-height-applied   avia-slideshow-1' data-slideshow-options=\"{&quot;animation&quot;:&quot;slide&quot;,&quot;autoplay&quot;:false,&quot;loop_autoplay&quot;:&quot;once&quot;,&quot;interval&quot;:5,&quot;loop_manual&quot;:&quot;manual-endless&quot;,&quot;autoplay_stopper&quot;:false,&quot;noNavigation&quot;:false,&quot;bg_slider&quot;:false,&quot;transitionSpeed&quot;:100,&quot;keep_padding&quot;:false,&quot;hoverpause&quot;:false,&quot;show_slide_delay&quot;:0}\"  itemprop=\"image\" itemscope=\"itemscope\" itemtype=\"https:\/\/schema.org\/ImageObject\" ><ul class='avia-slideshow-inner ' style='padding-bottom: 28.666666666667%;'><li  class='avia-slideshow-slide av-4wpxqcd-6a94370535b2624b0692b8d19b8031a8__0  av-single-slide slide-1 slide-odd'><div data-rel='slideshow-1' class='avia-slide-wrap '   ><div class='av-slideshow-caption av-4wpxqcd-6a94370535b2624b0692b8d19b8031a8__0 caption_fullwidth caption_center caption_center_framed caption_framed'><div class=\"container caption_container\"><div class=\"slideshow_caption\"><div class=\"slideshow_inner_caption\"><div class=\"slideshow_align_caption\"><h2 class='avia-caption-title '  itemprop=\"name\" >Jobb med STAR Dublin<\/h2><div class='avia-caption-content '  itemprop=\"description\" ><p>Arbeta med fantastiska m\u00e4nniskor runt om i v\u00e4rlden.<\/p>\n<\/div><\/div><\/div><\/div><\/div><\/div><img decoding=\"async\" fetchpriority=\"high\" class=\"wp-image-71922 avia-img-lazy-loading-not-71922\"  src=\"https:\/\/www.star-ts.com\/wp-content\/uploads\/2018\/04\/people-desk-1500x430.jpg\" width=\"1500\" height=\"430\" title='people-desk' alt='m\u00e4nniskor vid skrivbord'  itemprop=\"thumbnailUrl\"   \/><\/div><\/li><\/ul><\/div><\/div><div id='after_full_slider_1'  class='main_color av_default_container_wrap container_wrap sidebar_right'  ><div class='container av-section-cont-open' ><div class='template-page content  av-content-small alpha units'><div class='post-entry post-entry-type-page post-entry-120027'><div class='entry-content-wrapper clearfix'>\n<p>\n<style type=\"text\/css\" data-created_by=\"avia_inline_auto\" id=\"style-css-av-do303h-0cf620646ac31066df98833280ce2bb8\">\n.flex_column.av-do303h-0cf620646ac31066df98833280ce2bb8{\nborder-radius:0px 0px 0px 0px;\npadding:0px 0px 0px 0px;\n}\n<\/style>\n<div  class='flex_column av-do303h-0cf620646ac31066df98833280ce2bb8 av_one_full  avia-builder-el-1  el_after_av_slideshow_full  el_before_av_two_fifth  avia-builder-el-first  first flex_column_div av-zero-column-padding  '     ><section  class='av_textblock_section av-3ilh63h-b4890b8815b9c3dc6467629816a1eae4 '   itemscope=\"itemscope\" itemtype=\"https:\/\/schema.org\/CreativeWork\" ><div class='avia_textblock'  itemprop=\"text\" ><div class=\"ublock\" style=\"text-align: center;\">\n<h1>\u00d6vers\u00e4ttningsjobb | Karri\u00e4rer | Lediga tj\u00e4nster<\/h1>\n<p>Vi hj\u00e4lper f\u00f6retag i \u00f6ver 200 l\u00e4nder att utveckla sina internationella verksamheter. Hj\u00e4lp oss att driva tillv\u00e4xt och t\u00e4nda global f\u00f6rs\u00e4ljning. Vi v\u00e4xer. Kom och g\u00e5 med oss.   <\/p>\n<p>F\u00e5 meddelanden om v\u00e5ra senaste jobbannonser genom att f\u00f6lja oss p\u00e5 <a href=\"https:\/\/www.linkedin.com\/company\/star-translation-services\/\" target=\"_blank\" rel=\"noopener\">Linkedin<\/a>, <a href=\"https:\/\/www.instagram.com\/startranslation\" target=\"_blank\" rel=\"noopener\">Instagram<\/a>, <a href=\"https:\/\/facebook.com\/startranslation\" target=\"_blank\" rel=\"noopener\">Facebook<\/a> och <a href=\"https:\/\/www.twitter.com\/startranslation\" target=\"_blank\" rel=\"noopener\">Twitter<\/a><\/p>\n<p>Vi \u00e4r en av v\u00e4rldens ledande \u00f6vers\u00e4ttningsbyr\u00e5er och irl\u00e4ndska \u00f6vers\u00e4ttningsbyr\u00e5er. Vi arbetar med den irl\u00e4ndska regeringen och \u00e4r erk\u00e4nda som en av de ledande akt\u00f6rerna h\u00e4r i Irland. <\/p>\n<p>Kom och g\u00e5 med oss p\u00e5 v\u00e5rt uppdrag att hj\u00e4lpa v\u00e4rlden att kommunicera.<\/p>\n<p>Vi v\u00e4rdes\u00e4tter talang och arbetar n\u00e4ra v\u00e5ra \u00f6vers\u00e4ttare f\u00f6r att hj\u00e4lpa dem utveckla sina karri\u00e4rer.<\/p>\n<\/div>\n<\/div><\/section><br \/>\n<section  class='av_textblock_section av-mfzad1jy-263376791ca3f891b14237fec049d6e4 '   itemscope=\"itemscope\" itemtype=\"https:\/\/schema.org\/CreativeWork\" ><div class='avia_textblock'  itemprop=\"text\" ><div class=\"ublock\" style=\"text-align: center;\">\n<h1>Lediga roller<\/h1>\n<p><a href=\"https:\/\/www.star-ts.com\/fttjob\/\">Heltids\u00f6vers\u00e4ttare och korrekturl\u00e4sare f\u00f6r irl\u00e4ndska<\/a><\/p>\n<\/div>\n<\/div><\/section><\/p><\/div><div  class='flex_column av-wir0kd-02d200d283d1b9047903b9d5952084c0 av_two_fifth  avia-builder-el-4  el_after_av_one_full  el_before_av_three_fifth  first flex_column_div  column-top-margin'     ><p>\n<style type=\"text\/css\" data-created_by=\"avia_inline_auto\" id=\"style-css-av-lfmvyy88-c4b35ebc89586427e18a8cb0159b5c14\">\n.avia-image-container.av-lfmvyy88-c4b35ebc89586427e18a8cb0159b5c14 img.avia_image{\nbox-shadow:none;\n}\n.avia-image-container.av-lfmvyy88-c4b35ebc89586427e18a8cb0159b5c14 .av-image-caption-overlay-center{\ncolor:#ffffff;\n}\n<\/style>\n<div  class='avia-image-container av-lfmvyy88-c4b35ebc89586427e18a8cb0159b5c14 av-styling- avia-align-center  avia-builder-el-5  el_before_av_textblock  avia-builder-el-first '   itemprop=\"image\" itemscope=\"itemscope\" itemtype=\"https:\/\/schema.org\/ImageObject\" ><div class=\"avia-image-container-inner\"><div class=\"avia-image-overlay-wrap\"><img decoding=\"async\" fetchpriority=\"high\" class='wp-image-107970 avia-img-lazy-loading-not-107970 avia_image ' src=\"https:\/\/www.star-ts.com\/wp-content\/uploads\/RedRocket.jpg\" alt='Red Rocket' title='Red Rocket'  height=\"182\" width=\"177\"  itemprop=\"thumbnailUrl\" srcset=\"https:\/\/www.star-ts.com\/wp-content\/uploads\/RedRocket.jpg 177w, https:\/\/www.star-ts.com\/wp-content\/uploads\/RedRocket-78x80.jpg 78w, https:\/\/www.star-ts.com\/wp-content\/uploads\/RedRocket-36x36.jpg 36w\" sizes=\"(max-width: 177px) 100vw, 177px\" \/><\/div><\/div><\/div><br \/>\n<section  class='av_textblock_section av-lfmw510w-e0299363a1da9009dacb632844520b47 '   itemscope=\"itemscope\" itemtype=\"https:\/\/schema.org\/CreativeWork\" ><div class='avia_textblock'  itemprop=\"text\" ><h3><span style=\"color: #800000;\"><strong>Vi v\u00e4xer snabbt!<\/strong><\/span><\/h3>\n<p>Vi \u00e4r ett m\u00e5ngsidigt team av innovat\u00f6rer, lingvister och tillv\u00e4xtentusiaster, f\u00f6renade av en gemensam passion f\u00f6r att koppla samman m\u00e4nniskor \u00f6ver hela v\u00e4rlden. V\u00e5r snabba expansion till internationella marknader \u00e4r ett bevis p\u00e5 v\u00e5rt engagemang f\u00f6r excellens och kontinuerlig tillv\u00e4xt. G\u00e5 med oss och bli en del av v\u00e5r sp\u00e4nnande resa n\u00e4r vi forts\u00e4tter att bryta spr\u00e5kbarri\u00e4rer och bygga broar mellan kulturer. Din globala karri\u00e4r b\u00f6rjar h\u00e4r!<\/p>\n<\/div><\/section><\/p><\/div><\/p>\n\n<style type=\"text\/css\" data-created_by=\"avia_inline_auto\" id=\"style-css-av-im3lz1-61d8743d9585702ce6d6eacef62faf8f\">\n.flex_column.av-im3lz1-61d8743d9585702ce6d6eacef62faf8f{\nborder-radius:0px 0px 0px 0px;\npadding:0px 0px 0px 0px;\n}\n<\/style>\n<div  class='flex_column av-im3lz1-61d8743d9585702ce6d6eacef62faf8f av_three_fifth  avia-builder-el-7  el_after_av_two_fifth  avia-builder-el-last  flex_column_div av-zero-column-padding  column-top-margin'     ><section  class='av_textblock_section av-lfmvtl5b-8b58dc5c18f1e0b54684ee3e35460f86 '   itemscope=\"itemscope\" itemtype=\"https:\/\/schema.org\/CreativeWork\" ><div class='avia_textblock'  itemprop=\"text\" ><h2 style=\"text-align: center;\">\u00d6vers\u00e4ttarregistrering<\/h2>\n<p style=\"text-align: center;\"><strong>Registrera dig som frilans\u00f6vers\u00e4ttare h\u00e4r:  <\/strong><\/p>\n<p style=\"text-align: center;\"><a href=\"https:\/\/www.star-ts.com\/about\/jobs\/freelance-translator-application-form\/\">Registrera dig h\u00e4r<\/a><\/p>\n<p style=\"text-align: center;\">\n<hr \/>\n<h2 style=\"text-align: center;\"><\/h2>\n<p style=\"text-align: center;\">\n<p style=\"text-align: center;\">\n<\/div><\/section><br \/>\n<section  class='av_textblock_section av-irvijh-1433f3e4ddbb1fa1108f368ae7cff639 '   itemscope=\"itemscope\" itemtype=\"https:\/\/schema.org\/CreativeWork\" ><div class='avia_textblock'  itemprop=\"text\" ><h3 style=\"text-align: center;\"><span style=\"color: #800000;\"><strong>\u00d6vers\u00e4ttningsjobb Dublin<\/strong><\/span><\/h3>\n<h3 style=\"text-align: center;\"><strong>Frilans\u00f6vers\u00e4ttare: engelska till irl\u00e4ndska jobb (irl\u00e4ndska jobb)<\/strong><\/h3>\n<p style=\"text-align: center;\"><a href=\"https:\/\/www.star-ts.com\/about\/jobs\/freelance-translator-irish\/\">Frilans\u00f6vers\u00e4ttare (irl\u00e4ndska)<\/a><\/p>\n<p style=\"text-align: center;\">Vi s\u00f6ker \u00e4ven irl\u00e4ndska korrekturl\u00e4sare och tyska till irl\u00e4ndska \u00f6vers\u00e4ttare f\u00f6r tekniska projekt.<\/p>\n<hr \/>\n<h2><\/h2>\n<p style=\"text-align: center;\">\n<p style=\"text-align: center;\">\n<\/div><\/section><\/p><\/div>\n","protected":false},"excerpt":{"rendered":"<p>Frilans\u00f6vers\u00e4ttningsjobb. STAR \u00e4r ett av v\u00e4rldens st\u00f6rsta \u00f6vers\u00e4ttningsf\u00f6retag. Bes\u00f6k v\u00e5r jobbsajt f\u00f6r att se de m\u00f6jligheter vi har tillg\u00e4ngliga f\u00f6r att arbeta med oss idag.  <\/p>\n","protected":false},"author":1,"featured_media":71922,"parent":63981,"menu_order":7,"comment_status":"closed","ping_status":"closed","template":"","meta":{"footnotes":""},"class_list":["post-120027","page","type-page","status-publish","has-post-thumbnail","hentry"],"_links":{"self":[{"href":"https:\/\/www.star-ts.com\/sv\/wp-json\/wp\/v2\/pages\/120027","targetHints":{"allow":["GET"]}}],"collection":[{"href":"https:\/\/www.star-ts.com\/sv\/wp-json\/wp\/v2\/pages"}],"about":[{"href":"https:\/\/www.star-ts.com\/sv\/wp-json\/wp\/v2\/types\/page"}],"author":[{"embeddable":true,"href":"https:\/\/www.star-ts.com\/sv\/wp-json\/wp\/v2\/users\/1"}],"replies":[{"embeddable":true,"href":"https:\/\/www.star-ts.com\/sv\/wp-json\/wp\/v2\/comments?post=120027"}],"version-history":[{"count":0,"href":"https:\/\/www.star-ts.com\/sv\/wp-json\/wp\/v2\/pages\/120027\/revisions"}],"up":[{"embeddable":true,"href":"https:\/\/www.star-ts.com\/sv\/wp-json\/wp\/v2\/pages\/63981"}],"wp:featuredmedia":[{"embeddable":true,"href":"https:\/\/www.star-ts.com\/sv\/wp-json\/wp\/v2\/media\/71922"}],"wp:attachment":[{"href":"https:\/\/www.star-ts.com\/sv\/wp-json\/wp\/v2\/media?parent=120027"}],"curies":[{"name":"wp","href":"https:\/\/api.w.org\/{rel}","templated":true}]}}