{"id":120023,"date":"2025-11-07T13:06:02","date_gmt":"2025-11-07T13:06:02","guid":{"rendered":"https:\/\/www.star-ts.com\/translation-faq\/how-world-monetary-values-are-displayed\/"},"modified":"2025-11-07T13:06:26","modified_gmt":"2025-11-07T13:06:26","slug":"how-world-monetary-values-are-displayed","status":"publish","type":"page","link":"https:\/\/www.star-ts.com\/sv\/translation-faq\/how-world-monetary-values-are-displayed\/","title":{"rendered":"Hur v\u00e4rldens monet\u00e4ra v\u00e4rden visas"},"content":{"rendered":"\n<style type=\"text\/css\" data-created_by=\"avia_inline_auto\" id=\"style-css-av-m09qpy-8ae7a1fbc24cc5206de4396e3df3344b\">\n.flex_column.av-m09qpy-8ae7a1fbc24cc5206de4396e3df3344b{\nborder-radius:0px 0px 0px 0px;\npadding:0px 0px 0px 0px;\n}\n<\/style>\n<div  class='flex_column av-m09qpy-8ae7a1fbc24cc5206de4396e3df3344b av_one_full  avia-builder-el-0  el_before_av_one_full  avia-builder-el-first  first flex_column_div av-zero-column-padding  '     ><section  class='av_textblock_section av-56fwb52-548ebfe1b404a1f8758c67efbdecd223 '   itemscope=\"itemscope\" itemtype=\"https:\/\/schema.org\/CreativeWork\" ><div class='avia_textblock'  itemprop=\"text\" ><div class=\"top_cap V3\">\n<h1>V\u00e4rldens monet\u00e4ra v\u00e4rden<\/h1>\n<p>En guide till layouten av de vanligaste monet\u00e4ra v\u00e4rdena i v\u00e4rlden.<\/p>\n<\/div>\n<\/div><\/section><\/div>\n<div  class='flex_column av-51e8yh2-093d20dafb8a04dfb52e8a33b72f1fa6 av_one_full  avia-builder-el-2  el_after_av_one_full  el_before_av_one_full  first flex_column_div  column-top-margin'     ><section  class='av_textblock_section av-4jf0mqu-6efac5bda8eaf246a460e7534efd1fc6 '   itemscope=\"itemscope\" itemtype=\"https:\/\/schema.org\/CreativeWork\" ><div class='avia_textblock'  itemprop=\"text\" ><div class=\"uxf Xpa\">\n<h2>Internationella monet\u00e4ra v\u00e4rden<\/h2>\n<p>Alla l\u00e4nder har sitt eget s\u00e4tt att visa monet\u00e4ra v\u00e4rden. De flesta europeiska l\u00e4nder visar valutasymbolen efter v\u00e4rdet eller beloppet. Sedan finns det decimalteckentypen; antingen ett komma eller en punkt representerar decimalplatsen.  <\/p>\n<\/div>\n<figure class=\"Xpl\"><img decoding=\"async\" src=\"https:\/\/www.star-ts.com\/wp-content\/uploads\/2014\/12\/monetary-values_v2.png\" alt=\"Hur v\u00e4rldens monet\u00e4ra v\u00e4rden visas\" width=\"400\" height=\"320\"\/><\/figure>\n<\/div><\/section><\/div>\n<div  class='flex_column av-3sxl2li-2f904b71f029c4f27865364ad3926dda av_one_full  avia-builder-el-4  el_after_av_one_full  el_before_av_one_full  first flex_column_div  column-top-margin'     ><section  class='av_textblock_section av-3ciwxc6-624914fa9b13a88c646eae374fee0a97 '   itemscope=\"itemscope\" itemtype=\"https:\/\/schema.org\/CreativeWork\" ><div class='avia_textblock'  itemprop=\"text\" ><div class=\"uxf\">\n<h3>Vanliga monet\u00e4ra v\u00e4rden i v\u00e4rlden \u2014 positioner och decimaltecken<\/h3>\n<table>\n<tbody>\n<tr>\n<th>Spr\u00e5k<\/th>\n<th>valuta<\/th>\n<th>symbol &amp; position<\/th>\n<th>typ av decimaltecken<\/th>\n<\/tr>\n<tr>\n<td>Amerikansk engelska<\/td>\n<td>Dollar<\/td>\n<td>$10<\/td>\n<td>$10.50<\/td>\n<\/tr>\n<tr>\n<td>Arabiska (<abbr title=\"F\u00f6renade Arabemiraten\">F\u00f6renade Arabemiraten<\/abbr>)<\/td>\n<td>dirham<\/td>\n<td>100\u0625.\u062f (<abbr title=\"F\u00f6renade Arabemiratens dirham\">AED<\/abbr>)<\/td>\n<td>100,50\u0625.\u062f (<abbr title=\"F\u00f6renade Arabemiratens dirham\">AED<\/abbr>)<\/td>\n<\/tr>\n<tr>\n<td>Brasiliansk portugisiska<\/td>\n<td>Real<\/td>\n<td>r$ 100<\/td>\n<td>r$ 100,50<\/td>\n<\/tr>\n<tr>\n<td>Brittisk engelska<\/td>\n<td>Brittiskt pund<\/td>\n<td>\u00a310<\/td>\n<td>\u00a310.50<\/td>\n<\/tr>\n<tr>\n<td>Bulgariska<\/td>\n<td>Lev<\/td>\n<td>100 \u043b\u0432<\/td>\n<td>100,50 \u043b\u0432<\/td>\n<\/tr>\n<tr>\n<td>Katalanska<\/td>\n<td>Euro<\/td>\n<td>10 \u20ac<\/td>\n<td>10,50 \u20ac<\/td>\n<\/tr>\n<tr>\n<td>Kroatiska<\/td>\n<td>Kuna<\/td>\n<td>100 kn \/ 100 EUR<\/td>\n<td>100,50 kn \/ 100,50 EUR<\/td>\n<\/tr>\n<tr>\n<td>Tjeckiska<\/td>\n<td>Koruna<\/td>\n<td>100 K\u010d \/ 100 eur<\/td>\n<td>100,50 K\u010d \/ 100 eur<\/td>\n<\/tr>\n<tr>\n<td>Danska<\/td>\n<td>Krona<\/td>\n<td>100 kr<\/td>\n<td>100,50 kr<\/td>\n<\/tr>\n<tr>\n<td>Nederl\u00e4ndska<\/td>\n<td>Euro<\/td>\n<td>\u20ac 10<\/td>\n<td>\u20ac 10,50<\/td>\n<\/tr>\n<tr>\n<td>Estniska<\/td>\n<td>Euro<\/td>\n<td>10 \u20ac<\/td>\n<td>10,50 \u20ac<\/td>\n<\/tr>\n<tr>\n<td>Finska<\/td>\n<td>Euro<\/td>\n<td>10 \u20ac<\/td>\n<td>10,50 \u20ac<\/td>\n<\/tr>\n<tr>\n<td>Franska<\/td>\n<td>Euro<\/td>\n<td>10 \u20ac<\/td>\n<td>10,50 \u20ac<\/td>\n<\/tr>\n<tr>\n<td>Tyska<\/td>\n<td>Euro<\/td>\n<td>10 \u20ac<\/td>\n<td>10,50 \u20ac<\/td>\n<\/tr>\n<tr>\n<td>Grekiska<\/td>\n<td>Euro<\/td>\n<td>10 \u20ac<\/td>\n<td>10,50 \u20ac<\/td>\n<\/tr>\n<tr>\n<td>Ungerska<\/td>\n<td>Forint<\/td>\n<td>100 Ft<\/td>\n<td>100,50 Ft<\/td>\n<\/tr>\n<tr>\n<td>Isl\u00e4ndska<\/td>\n<td>Krona<\/td>\n<td>100 kr<\/td>\n<td>100,50 kr<\/td>\n<\/tr>\n<tr>\n<td>Indonesiska<\/td>\n<td>Rupiah<\/td>\n<td>Rp100<\/td>\n<td>Rp100,50<\/td>\n<\/tr>\n<tr>\n<td>Irl\u00e4ndska<\/td>\n<td>Euro<\/td>\n<td>\u20ac10<\/td>\n<td>\u20ac10.50<\/td>\n<\/tr>\n<tr>\n<td>Italienska<\/td>\n<td>Euro<\/td>\n<td>10 \u20ac<\/td>\n<td>10,50 \u20ac<\/td>\n<\/tr>\n<tr>\n<td>Japanska<\/td>\n<td>Yen<\/td>\n<td>100\u00a5<\/td>\n<td>100.50\u00a5<\/td>\n<\/tr>\n<tr>\n<td>Koreanska<\/td>\n<td>Won<\/td>\n<td>\u20a9 100<\/td>\n<td>\u20a9 100.50<\/td>\n<\/tr>\n<tr>\n<td>Lettiska<\/td>\n<td>Euro<\/td>\n<td>10 \u20ac \/ 10 EUR<\/td>\n<td>10,50 \u20ac \/ 10,50 EUR<\/td>\n<\/tr>\n<tr>\n<td>Litauiska<\/td>\n<td>Euro<\/td>\n<td>10 \u20ac \/ 10 EUR<\/td>\n<td>10,50 \u20ac \/ 10,50 EUR<\/td>\n<\/tr>\n<tr>\n<td>Makedonska<\/td>\n<td>denar<\/td>\n<td>\u0434\u0435\u043d 100<\/td>\n<td>\u0434\u0435\u043d 100,50<\/td>\n<\/tr>\n<tr>\n<td>Malajiska<\/td>\n<td>Ringgit<\/td>\n<td>RM 100<\/td>\n<td>RM 100.50<\/td>\n<\/tr>\n<tr>\n<td>Norska<\/td>\n<td>krona<\/td>\n<td>kr 100<\/td>\n<td>kr 100,50<\/td>\n<\/tr>\n<tr>\n<td>Polska<\/td>\n<td>Zloty<\/td>\n<td>100 z\u0142<\/td>\n<td>100,50 z\u0142<\/td>\n<\/tr>\n<tr>\n<td>Portugisiska<\/td>\n<td>Euro<\/td>\n<td>10 \u20ac<\/td>\n<td>10,50 \u20ac<\/td>\n<\/tr>\n<tr>\n<td>Rum\u00e4nska<\/td>\n<td>Ny Leu<\/td>\n<td>100 lei<\/td>\n<td>100,50 lei<\/td>\n<\/tr>\n<tr>\n<td>Ryska<\/td>\n<td>Rubel<\/td>\n<td>100 \u0440\u0443\u0431<\/td>\n<td>100,50 \u0440\u0443\u0431<\/td>\n<\/tr>\n<tr>\n<td>Serbiska-kyrilliska<\/td>\n<td>Dinar<\/td>\n<td>100 ,\u0438\u043d.<\/td>\n<td>100,50 ,\u0438\u043d.<\/td>\n<\/tr>\n<tr>\n<td>F\u00f6renklad kinesiska<\/td>\n<td>yuan renminbi<\/td>\n<td>100\u00a5<\/td>\n<td>100.50\u00a5<\/td>\n<\/tr>\n<tr>\n<td>Spanska<\/td>\n<td>Euro<\/td>\n<td>10 \u20ac<\/td>\n<td>10,50 \u20ac<\/td>\n<\/tr>\n<tr>\n<td>Mexikansk spanska<\/td>\n<td>Mexikansk peso<\/td>\n<td>100 $<\/td>\n<td>100,50 $<\/td>\n<\/tr>\n<tr>\n<td>Svenska<\/td>\n<td>Krona<\/td>\n<td>100 kr<\/td>\n<td>100,50 kr<\/td>\n<\/tr>\n<tr>\n<td>Tagalog (filippinska)<\/td>\n<td>Filippinsk peso<\/td>\n<td>\u20b1100<\/td>\n<td>\u20b1100,50<\/td>\n<\/tr>\n<tr>\n<td>Thai<\/td>\n<td>Baht<\/td>\n<td>100 \u0e3f<\/td>\n<td>100,50 \u0e3f<\/td>\n<\/tr>\n<tr>\n<td>Traditionell kinesiska <small>(Hongkong)<\/small><\/td>\n<td>Hongkongdollar<\/td>\n<td>HK$100<\/td>\n<td>HK$100,50<\/td>\n<\/tr>\n<tr>\n<td>Traditionell kinesiska <small>(Taiwan)<\/small><\/td>\n<td>Taiwanesisk dollar<\/td>\n<td>NT$100<\/td>\n<td>NT$100,50<\/td>\n<\/tr>\n<tr>\n<td>Turkiska<\/td>\n<td>Lira<\/td>\n<td>100 \u20a4<\/td>\n<td>100,50 \u20a4<\/td>\n<\/tr>\n<tr>\n<td>Ukrainska<\/td>\n<td>Hryvnia<\/td>\n<td>100 \u20b4<\/td>\n<td>100,50 \u20b4<\/td>\n<\/tr>\n<tr>\n<td>Vietnamesiska<\/td>\n<td>Dong<\/td>\n<td>100 \u20ab<\/td>\n<td>100,50 \u20ab<\/td>\n<\/tr>\n<\/tbody>\n<\/table>\n<\/div>\n<\/div><\/section><\/div>\n<p><div  class='flex_column av-35u58au-41089cb42f36aef770d56a35a528855e av_one_full  avia-builder-el-6  el_after_av_one_full  el_before_av_one_full  first flex_column_div  column-top-margin'     ><section  class='av_textblock_section av-1rowsyu-17673cf5a58fa565127333b2985ce470 '   itemscope=\"itemscope\" itemtype=\"https:\/\/schema.org\/CreativeWork\" ><div class='avia_textblock'  itemprop=\"text\" ><p><strong>Relaterade artiklar:<\/strong><\/p>\n<p><a href=\"https:\/\/www.star-ts.com\/about\/international-info\/\">Internationella landskoder<\/a><\/p>\n<p><a href=\"https:\/\/www.star-ts.com\/sv\/translation-faq\/how-world-monetary-values-are-displayed\/\">Internationella valutav\u00e4rden<\/a><\/p>\n<p><a href=\"https:\/\/www.star-ts.com\/sv\/translation-faq\/bilingual-table\/\">Vad \u00e4r en tv\u00e5spr\u00e5kig tabell?<\/a><\/p>\n<p><a href=\"https:\/\/www.star-ts.com\/sv\/translation-faq\/vad-ar-skarmarken-och-utfall-och-varfor-ar-de-sa-viktiga\/\">Vad \u00e4r utfall och sk\u00e4rm\u00e4rken?<\/a><\/p>\n<\/div><\/section><\/div><div  class='flex_column av-j4510m-2897dcda492cbd939a40c850cd3b5ffb av_one_full  avia-builder-el-8  el_after_av_one_full  avia-builder-el-last  first flex_column_div  column-top-margin'     ><\/div><\/p>\n","protected":false},"excerpt":{"rendered":"<p>En guide till de vanligaste monet\u00e4ra v\u00e4rdena i v\u00e4rlden och hur de visas, inklusive symboler, positioner och typer av decimaltecken.<\/p>\n","protected":false},"author":1,"featured_media":0,"parent":119912,"menu_order":37,"comment_status":"closed","ping_status":"open","template":"","meta":{"footnotes":""},"class_list":["post-120023","page","type-page","status-publish","hentry"],"_links":{"self":[{"href":"https:\/\/www.star-ts.com\/sv\/wp-json\/wp\/v2\/pages\/120023","targetHints":{"allow":["GET"]}}],"collection":[{"href":"https:\/\/www.star-ts.com\/sv\/wp-json\/wp\/v2\/pages"}],"about":[{"href":"https:\/\/www.star-ts.com\/sv\/wp-json\/wp\/v2\/types\/page"}],"author":[{"embeddable":true,"href":"https:\/\/www.star-ts.com\/sv\/wp-json\/wp\/v2\/users\/1"}],"replies":[{"embeddable":true,"href":"https:\/\/www.star-ts.com\/sv\/wp-json\/wp\/v2\/comments?post=120023"}],"version-history":[{"count":0,"href":"https:\/\/www.star-ts.com\/sv\/wp-json\/wp\/v2\/pages\/120023\/revisions"}],"up":[{"embeddable":true,"href":"https:\/\/www.star-ts.com\/sv\/wp-json\/wp\/v2\/pages\/119912"}],"wp:attachment":[{"href":"https:\/\/www.star-ts.com\/sv\/wp-json\/wp\/v2\/media?parent=120023"}],"curies":[{"name":"wp","href":"https:\/\/api.w.org\/{rel}","templated":true}]}}