{"id":119976,"date":"2025-11-07T13:05:13","date_gmt":"2025-11-07T13:05:13","guid":{"rendered":"https:\/\/www.star-ts.com\/star-translation-cloud\/"},"modified":"2026-01-05T12:20:42","modified_gmt":"2026-01-05T12:20:42","slug":"star-translation-cloud","status":"publish","type":"page","link":"https:\/\/www.star-ts.com\/sv\/software\/star-translation-cloud\/","title":{"rendered":"STAR Translation Cloud"},"content":{"rendered":"\n<style type=\"text\/css\" data-created_by=\"avia_inline_auto\" id=\"style-css-av-2a1ixjx-b95c4b98c781f851d9668fd27e69c4fb\">\n.avia-section.av-2a1ixjx-b95c4b98c781f851d9668fd27e69c4fb{\nbackground-repeat:no-repeat;\nbackground-image:url(https:\/\/www.star-ts.com\/wp-content\/uploads\/2019\/09\/blue-mesh-1430107_1280-1-1210x423.png);\nbackground-position:50% 50%;\nbackground-attachment:scroll;\n}\n<\/style>\n<div id='cld_cap'  class='avia-section av-2a1ixjx-b95c4b98c781f851d9668fd27e69c4fb main_color avia-section-default avia-no-shadow  avia-builder-el-0  el_before_av_one_third  avia-builder-el-first  avia-full-stretch avia-bg-style-scroll container_wrap sidebar_right'  data-section-bg-repeat='stretch'><div class='container av-section-cont-open' ><main  role=\"main\" itemprop=\"mainContentOfPage\"  class='template-page content  av-content-small alpha units'><div class='post-entry post-entry-type-page post-entry-119976'><div class='entry-content-wrapper clearfix'>\n\n<style type=\"text\/css\" data-created_by=\"avia_inline_auto\" id=\"style-css-av-28wk3f1-3d20a86df14de9d3dbb6a661d8cd884a\">\n#top .av_textblock_section.av-28wk3f1-3d20a86df14de9d3dbb6a661d8cd884a .avia_textblock{\ncolor:#ffffff;\n}\n<\/style>\n<section  class='av_textblock_section av-28wk3f1-3d20a86df14de9d3dbb6a661d8cd884a '   itemscope=\"itemscope\" itemtype=\"https:\/\/schema.org\/CreativeWork\" ><div class='avia_textblock av_inherit_color'  itemprop=\"text\" ><h1>STAR Translation Cloud Services<\/h1>\n<h3>Hantera alla dina \u00f6vers\u00e4ttningsprojekt online<\/h3>\n<p>Det enkla steg-f\u00f6r-steg-s\u00e4ttet att anv\u00e4nda molnet f\u00f6r dina \u00f6vers\u00e4ttningsprojekt.<\/p>\n<p><a href=\"https:\/\/cloud.star-ts.com\/\">Skaffa ett kostnadsfritt konto<\/a><\/p>\n<\/div><\/section>\n<\/div><\/div><\/main><!-- close content main element --><\/div><\/div><div id='after_section_1'  class='main_color av_default_container_wrap container_wrap sidebar_right'  ><div class='container av-section-cont-open' ><div class='template-page content  av-content-small alpha units'><div class='post-entry post-entry-type-page post-entry-119976'><div class='entry-content-wrapper clearfix'>\n<div  class='flex_column av-7h99tp-e5a21c29e4e668f6d194ef8ff7f91fa9 av_one_third  avia-builder-el-2  el_after_av_section  el_before_av_two_third  avia-builder-el-first  first flex_column_div  '     ><section  class='av_textblock_section av-21uc03x-b2050ecc737e7aa2ce64912035affe01 '   itemscope=\"itemscope\" itemtype=\"https:\/\/schema.org\/CreativeWork\" ><div class='avia_textblock'  itemprop=\"text\" ><p><img decoding=\"async\" class=\"alignnone size-full wp-image-9352\" title=\"STAR Cloud-offerter\" src=\"https:\/\/www.star-ts.com\/wp-content\/uploads\/2014\/08\/quotes_icon.png\" alt=\"STAR Cloud-offerter\" width=\"400\" height=\"320\" srcset=\"https:\/\/www.star-ts.com\/wp-content\/uploads\/2014\/08\/quotes_icon.png 400w, https:\/\/www.star-ts.com\/wp-content\/uploads\/2014\/08\/quotes_icon-80x64.png 80w, https:\/\/www.star-ts.com\/wp-content\/uploads\/2014\/08\/quotes_icon-300x240.png 300w\" sizes=\"(max-width: 400px) 100vw, 400px\" \/><\/p>\n<\/div><\/section><\/div>\n\n<style type=\"text\/css\" data-created_by=\"avia_inline_auto\" id=\"style-css-av-1zho5vx-1dc215fb3786caf4c9d301d660e4c2d9\">\n.flex_column.av-1zho5vx-1dc215fb3786caf4c9d301d660e4c2d9{\nborder-radius:0px 0px 0px 0px;\npadding:0px 0px 0px 0px;\n}\n<\/style>\n<div  class='flex_column av-1zho5vx-1dc215fb3786caf4c9d301d660e4c2d9 av_two_third  avia-builder-el-4  el_after_av_one_third  el_before_av_two_third  flex_column_div av-zero-column-padding  '     ><section  class='av_textblock_section av-1xzkafh-137c054f32e46c48c18745e94cc9852e '   itemscope=\"itemscope\" itemtype=\"https:\/\/schema.org\/CreativeWork\" ><div class='avia_textblock'  itemprop=\"text\" ><h2>\u00d6vers\u00e4ttningsofferter<\/h2>\n<p>Allt b\u00f6rjar med en offert. Genom STAR Translation Cloud kan du beg\u00e4ra offerter f\u00f6r alla projekt. Via molnet kan du se dina offerter och projektstatus, m\u00e5lspr\u00e5k, ordantal och kostnad. Godk\u00e4nn eller avbryt ett projekt med n\u00e5gra enkla musklick. Du har alltid kontrollen.     <a href=\"https:\/\/www.star-ts.com\/sv\/star-translation-cloud\/how-to\/\">Titta p\u00e5 v\u00e5ra videokurser om Translation Cloud.<\/a><\/p>\n<\/div><\/section><\/div>\n<div  class='flex_column av-1to3snx-a90bdca0908c495efec814d4a5b49ea6 av_two_third  avia-builder-el-6  el_after_av_two_third  el_before_av_one_third  first flex_column_div  column-top-margin'     ><section  class='av_textblock_section av-1rq1pwt-98abc4244f3ef9108d62d3dc2d7002ad '   itemscope=\"itemscope\" itemtype=\"https:\/\/schema.org\/CreativeWork\" ><div class='avia_textblock'  itemprop=\"text\" ><h2>Status f\u00f6r \u00f6vers\u00e4ttningsprojekt<\/h2>\n<p>Som kund kan du \u00f6vervaka statusen f\u00f6r alla dina projekt, oavsett om de \u00e4r &#8221;under \u00f6vers\u00e4ttning&#8221; eller &#8221;slutf\u00f6rda&#8221;. \u00c4ven om du \u00e4r p\u00e5 resande fot kan du logga in med din smartphone f\u00f6r att kontrollera statusen f\u00f6r valfritt projekt. Du kan till och med ladda ner filerna eller l\u00e4gga till ett nytt projekt i din lista.<\/p>\n<\/div><\/section><\/div>\n\n<style type=\"text\/css\" data-created_by=\"avia_inline_auto\" id=\"style-css-av-1pibckt-d38528a5c9de4cf07dc9401c474a05f6\">\n.flex_column.av-1pibckt-d38528a5c9de4cf07dc9401c474a05f6{\nborder-radius:0px 0px 0px 0px;\npadding:0px 0px 0px 0px;\n}\n<\/style>\n<div  class='flex_column av-1pibckt-d38528a5c9de4cf07dc9401c474a05f6 av_one_third  avia-builder-el-8  el_after_av_two_third  el_before_av_one_third  flex_column_div av-zero-column-padding  column-top-margin'     ><section  class='av_textblock_section av-1owzdz1-2edf865a54a94d90b7acb5c95be2729d '   itemscope=\"itemscope\" itemtype=\"https:\/\/schema.org\/CreativeWork\" ><div class='avia_textblock'  itemprop=\"text\" ><p><img decoding=\"async\" class=\"alignnone size-full wp-image-9353\" title=\"STAR Cloud-projekt\" src=\"https:\/\/www.star-ts.com\/wp-content\/uploads\/2014\/08\/projects_icon.png\" alt=\"STAR Cloud-projekt\" width=\"400\" height=\"320\" srcset=\"https:\/\/www.star-ts.com\/wp-content\/uploads\/2014\/08\/projects_icon.png 400w, https:\/\/www.star-ts.com\/wp-content\/uploads\/2014\/08\/projects_icon-80x64.png 80w, https:\/\/www.star-ts.com\/wp-content\/uploads\/2014\/08\/projects_icon-300x240.png 300w\" sizes=\"(max-width: 400px) 100vw, 400px\" \/><\/p>\n<\/div><\/section><\/div>\n<div  class='flex_column av-1jb0q59-5bd0ca522c82f3bf4b18f21c070de3ca av_one_third  avia-builder-el-10  el_after_av_one_third  el_before_av_two_third  first flex_column_div  column-top-margin'     ><section  class='av_textblock_section av-1icm33h-18744623afa3cb2179accdcb69ba6e42 '   itemscope=\"itemscope\" itemtype=\"https:\/\/schema.org\/CreativeWork\" ><div class='avia_textblock'  itemprop=\"text\" ><p><img decoding=\"async\" class=\"alignnone size-full wp-image-9354\" title=\"STAR Cloud-granskning\" src=\"https:\/\/www.star-ts.com\/wp-content\/uploads\/2014\/08\/review_icon.png\" alt=\"STAR Cloud-granskning\" width=\"400\" height=\"320\" srcset=\"https:\/\/www.star-ts.com\/wp-content\/uploads\/2014\/08\/review_icon.png 400w, https:\/\/www.star-ts.com\/wp-content\/uploads\/2014\/08\/review_icon-80x64.png 80w, https:\/\/www.star-ts.com\/wp-content\/uploads\/2014\/08\/review_icon-300x240.png 300w\" sizes=\"(max-width: 400px) 100vw, 400px\" \/><\/p>\n<\/div><\/section><\/div>\n<p>\n<style type=\"text\/css\" data-created_by=\"avia_inline_auto\" id=\"style-css-av-5a26xp-72a01a3d382e2ee32948e3abadee99cb\">\n.flex_column.av-5a26xp-72a01a3d382e2ee32948e3abadee99cb{\nborder-radius:0px 0px 0px 0px;\npadding:0px 0px 0px 0px;\n}\n<\/style>\n<div  class='flex_column av-5a26xp-72a01a3d382e2ee32948e3abadee99cb av_two_third  avia-builder-el-12  el_after_av_one_third  el_before_av_two_third  flex_column_div av-zero-column-padding  column-top-margin'     ><section  class='av_textblock_section av-1en4p9p-bcb6ffc03f89460de6da6a8c7ab683fc '   itemscope=\"itemscope\" itemtype=\"https:\/\/schema.org\/CreativeWork\" ><div class='avia_textblock'  itemprop=\"text\" ><h2>Onlinegranskning (valfritt)<\/h2>\n<p><a href=\"https:\/\/www.star-ts.com\/sv\/webcheck-online-review-system\/\">Onlinegranskning<\/a> \u00e4r enkelt med STARs WebEdit-system. Du kan logga in, inspektera och \u00e4ndra dina \u00f6vers\u00e4ttningar i alla dina aktuella projekt. WebEdit fungerar tillsammans med Transit<sup><small>NXT<\/small><\/sup> s\u00e5 du kan uppdatera ditt \u00f6vers\u00e4ttningsminne direkt s\u00e5 att nya f\u00f6rb\u00e4ttringar \u00e4r omedelbart tillg\u00e4ngliga f\u00f6r det globala teamet. WebEdit g\u00f6r DTP mer kostnadseffektivt och snabbare.<\/p>\n<\/div><\/section><\/div><div  class='flex_column av-1a1bhal-c621e8cbd652023753ec575f334a9744 av_two_third  avia-builder-el-14  el_after_av_two_third  el_before_av_one_third  first flex_column_div  column-top-margin'     ><section  class='av_textblock_section av-17c2r25-89bd9b3dda6f867b7248ffd0cd20fc7c '   itemscope=\"itemscope\" itemtype=\"https:\/\/schema.org\/CreativeWork\" ><div class='avia_textblock'  itemprop=\"text\" ><h2>Rapportering<\/h2>\n<p>Ta kontroll \u00f6ver dina \u00f6vers\u00e4ttningskostnader med v\u00e5rt rapportsystem. Visa ordantal och kostnader per m\u00e5lspr\u00e5k. Anv\u00e4ndbart f\u00f6r lokaliserings- och \u00f6vers\u00e4ttningsansvariga f\u00f6r budgetplanering och kostnadskontroll.<\/p>\n<\/div><\/section><\/div><\/p>\n\n<style type=\"text\/css\" data-created_by=\"avia_inline_auto\" id=\"style-css-av-15r0kfx-b5dddfd1ca8a17be4f39fa8ab2be4628\">\n.flex_column.av-15r0kfx-b5dddfd1ca8a17be4f39fa8ab2be4628{\nborder-radius:0px 0px 0px 0px;\npadding:0px 0px 0px 0px;\n}\n<\/style>\n<div  class='flex_column av-15r0kfx-b5dddfd1ca8a17be4f39fa8ab2be4628 av_one_third  avia-builder-el-16  el_after_av_two_third  el_before_av_one_third  flex_column_div av-zero-column-padding  column-top-margin'     ><section  class='av_textblock_section av-144t0ml-ca9651f3060450af8c0ac6c1b2bb16cd '   itemscope=\"itemscope\" itemtype=\"https:\/\/schema.org\/CreativeWork\" ><div class='avia_textblock'  itemprop=\"text\" ><p><img decoding=\"async\" class=\"alignnone size-full wp-image-9355\" title=\"STAR Cloud-rapporter\" src=\"https:\/\/www.star-ts.com\/wp-content\/uploads\/2014\/08\/reports_icon.png\" alt=\"STAR Cloud-rapporter\" width=\"400\" height=\"320\" srcset=\"https:\/\/www.star-ts.com\/wp-content\/uploads\/2014\/08\/reports_icon.png 400w, https:\/\/www.star-ts.com\/wp-content\/uploads\/2014\/08\/reports_icon-80x64.png 80w, https:\/\/www.star-ts.com\/wp-content\/uploads\/2014\/08\/reports_icon-300x240.png 300w\" sizes=\"(max-width: 400px) 100vw, 400px\" \/><\/p>\n<\/div><\/section><\/div>\n<div  class='flex_column av-1049edp-847f9f003a1ca4a907ed4da4be6a0d31 av_one_third  avia-builder-el-18  el_after_av_one_third  el_before_av_two_third  first flex_column_div  column-top-margin'     ><section  class='av_textblock_section av-x9gp2l-47b76bea9e3984d4d7501729c2a0773a '   itemscope=\"itemscope\" itemtype=\"https:\/\/schema.org\/CreativeWork\" ><div class='avia_textblock'  itemprop=\"text\" ><p><img decoding=\"async\" class=\"alignnone size-full wp-image-9356\" title=\"STAR Cloud-inst\u00e4llningar\" src=\"https:\/\/www.star-ts.com\/wp-content\/uploads\/2014\/08\/settings_icon.png\" alt=\"STAR Cloud-inst\u00e4llningar\" width=\"400\" height=\"320\" srcset=\"https:\/\/www.star-ts.com\/wp-content\/uploads\/2014\/08\/settings_icon.png 400w, https:\/\/www.star-ts.com\/wp-content\/uploads\/2014\/08\/settings_icon-80x64.png 80w, https:\/\/www.star-ts.com\/wp-content\/uploads\/2014\/08\/settings_icon-300x240.png 300w\" sizes=\"(max-width: 400px) 100vw, 400px\" \/><\/p>\n<\/div><\/section><\/div>\n\n<style type=\"text\/css\" data-created_by=\"avia_inline_auto\" id=\"style-css-av-wyij99-fa782fc880b7d264c6336ead942137a5\">\n.flex_column.av-wyij99-fa782fc880b7d264c6336ead942137a5{\nborder-radius:0px 0px 0px 0px;\npadding:0px 0px 0px 0px;\n}\n<\/style>\n<div  class='flex_column av-wyij99-fa782fc880b7d264c6336ead942137a5 av_two_third  avia-builder-el-20  el_after_av_one_third  el_before_av_two_third  flex_column_div av-zero-column-padding  column-top-margin'     ><section  class='av_textblock_section av-u5c4pp-a7b53426c02551ab584de2654988aacf '   itemscope=\"itemscope\" itemtype=\"https:\/\/schema.org\/CreativeWork\" ><div class='avia_textblock'  itemprop=\"text\" ><h2>Konfiguration<\/h2>\n<p>Ange dina kontouppgifter och preferenser f\u00f6r molnet h\u00e4r. \u00c4ndra ditt namn, l\u00f6senord, tidszonsinformation, datumformat och kontrollera olika visuella inst\u00e4llningar f\u00f6r dig.<\/p>\n<\/div><\/section><\/div>\n<div  class='flex_column av-q76obh-e555d191284a42d2df5da5d5ef7f0664 av_two_third  avia-builder-el-22  el_after_av_two_third  el_before_av_one_third  first flex_column_div  column-top-margin'     ><section  class='av_textblock_section av-2ghff1-a3be35ca2b7930f4340e11c73f387573 '   itemscope=\"itemscope\" itemtype=\"https:\/\/schema.org\/CreativeWork\" ><div class='avia_textblock'  itemprop=\"text\" ><h2>\u00d6vers\u00e4ttningsfakturor och ekonomi<\/h2>\n<p>F\u00e5 tillg\u00e5ng till alla dina projekts fakturor efter ink\u00f6psorder, referensnummer, datum och beskrivning. V\u00e4rdena f\u00f6r varje faktura per projekt, eller flera projekt, visas exklusive moms.<\/p>\n<\/div><\/section><\/div>\n\n<style type=\"text\/css\" data-created_by=\"avia_inline_auto\" id=\"style-css-av-m0vkxp-ebfef828c19d0680e3affe0efb37b3ba\">\n.flex_column.av-m0vkxp-ebfef828c19d0680e3affe0efb37b3ba{\nborder-radius:0px 0px 0px 0px;\npadding:0px 0px 0px 0px;\n}\n<\/style>\n<div  class='flex_column av-m0vkxp-ebfef828c19d0680e3affe0efb37b3ba av_one_third  avia-builder-el-24  el_after_av_two_third  el_before_av_one_third  flex_column_div av-zero-column-padding  column-top-margin'     ><section  class='av_textblock_section av-ldmth9-de8c59a06d15df02ef4172a17859d55c '   itemscope=\"itemscope\" itemtype=\"https:\/\/schema.org\/CreativeWork\" ><div class='avia_textblock'  itemprop=\"text\" ><p><img decoding=\"async\" class=\"alignnone size-full wp-image-9358\" title=\"STAR Cloud-fakturor\" src=\"https:\/\/www.star-ts.com\/wp-content\/uploads\/2014\/08\/invoices_icon.png\" alt=\"STAR Cloud-fakturor\" width=\"400\" height=\"320\" srcset=\"https:\/\/www.star-ts.com\/wp-content\/uploads\/2014\/08\/invoices_icon.png 400w, https:\/\/www.star-ts.com\/wp-content\/uploads\/2014\/08\/invoices_icon-80x64.png 80w, https:\/\/www.star-ts.com\/wp-content\/uploads\/2014\/08\/invoices_icon-300x240.png 300w\" sizes=\"(max-width: 400px) 100vw, 400px\" \/><\/p>\n<\/div><\/section><\/div>\n<div  class='flex_column av-5jbf1-bdd4bbca327bf988b11286476b71e58b av_one_third  avia-builder-el-26  el_after_av_one_third  el_before_av_two_third  first flex_column_div  column-top-margin'     ><section  class='av_textblock_section av-donjfh-10e67b3e7930f2854e0beff5a8b9f0bf '   itemscope=\"itemscope\" itemtype=\"https:\/\/schema.org\/CreativeWork\" ><div class='avia_textblock'  itemprop=\"text\" ><p><img decoding=\"async\" class=\"alignnone size-full wp-image-9360\" title=\"STAR Cloud-nedladdning\" src=\"https:\/\/www.star-ts.com\/wp-content\/uploads\/2014\/08\/download_icon.png\" alt=\"STAR Cloud-nedladdning\" width=\"400\" height=\"320\" srcset=\"https:\/\/www.star-ts.com\/wp-content\/uploads\/2014\/08\/download_icon.png 400w, https:\/\/www.star-ts.com\/wp-content\/uploads\/2014\/08\/download_icon-80x64.png 80w, https:\/\/www.star-ts.com\/wp-content\/uploads\/2014\/08\/download_icon-300x240.png 300w\" sizes=\"(max-width: 400px) 100vw, 400px\" \/><\/p>\n<\/div><\/section><\/div>\n\n<style type=\"text\/css\" data-created_by=\"avia_inline_auto\" id=\"style-css-av-cqujp9-bcc8672111aa96167cbdc02751c8008b\">\n.flex_column.av-cqujp9-bcc8672111aa96167cbdc02751c8008b{\nborder-radius:0px 0px 0px 0px;\npadding:0px 0px 0px 0px;\n}\n<\/style>\n<div  class='flex_column av-cqujp9-bcc8672111aa96167cbdc02751c8008b av_two_third  avia-builder-el-28  el_after_av_one_third  el_before_av_section  avia-builder-el-last  flex_column_div av-zero-column-padding  column-top-margin'     ><section  class='av_textblock_section av-bbijx9-0ade43b37638321c69a3f8a97b4e8a3a '   itemscope=\"itemscope\" itemtype=\"https:\/\/schema.org\/CreativeWork\" ><div class='avia_textblock'  itemprop=\"text\" ><h2>Enkel nedladdning av \u00f6versatta filer<\/h2>\n<p>Du kan enkelt ladda ner dina slutf\u00f6rda projekt via Translation Cloud. Alla filtyper lagras h\u00e4r (.zip, .xml, .html, .docx, .pptx, etc). Du kommer att f\u00e5 ett meddelande via e-post med en l\u00e4nk f\u00f6r att ladda ner dina filer eller helt enkelt logga in och visa alla projektfiler f\u00f6r nedladdning n\u00e4r det passar dig.  <\/p>\n<p>Om filerna \u00e4r riktigt stora f\u00e5r du en l\u00e4nk f\u00f6r att ladda ner dem s\u00e4kert.<\/p>\n<p><a href=\"https:\/\/cloud.star-ts.com\/\">Skaffa ett kostnadsfritt konto<\/a><\/p>\n<\/div><\/section><\/div>\n<\/div><\/div><\/div><!-- close content main div --><\/div><\/div><div id='relxa'  class='avia-section av-90lxxp-e09db11362572eb90d4cd58179e3005b main_color avia-section-default avia-no-shadow  avia-builder-el-30  el_after_av_two_third  avia-builder-el-last  avia-bg-style-scroll container_wrap sidebar_right'  ><div class='container av-section-cont-open' ><div class='template-page content  av-content-small alpha units'><div class='post-entry post-entry-type-page post-entry-119976'><div class='entry-content-wrapper clearfix'>\n<section  class='av_textblock_section av-7z6f4t-8fa87050e84164b2ab318486470c9a27 '   itemscope=\"itemscope\" itemtype=\"https:\/\/schema.org\/CreativeWork\" ><div class='avia_textblock'  itemprop=\"text\" ><p><strong>Mer information<\/strong><\/p>\n<ul>\n<li><a href=\"https:\/\/www.star-ts.com\/sv\/software\/star-translation-cloud\/terminology-management\/\">Molnbaserad terminologihantering<\/a><a id=\"t101\" class=\"relv siz3\" href=\"https:\/\/www.star-ts.com\/sv\/star-translation-cloud\/language-services\/\"><\/a><\/li>\n<li><a href=\"https:\/\/www.star-ts.com\/sv\/star-translation-cloud\/language-services\/\">Molnbaserade spr\u00e5ktj\u00e4nster<\/a><\/li>\n<li><a href=\"https:\/\/www.star-ts.com\/sv\/software\/star-translation-cloud\/about\/\">Om Translation Cloud<\/a><\/li>\n<\/ul>\n<\/div><\/section>\n\n<style type=\"text\/css\" data-created_by=\"avia_inline_auto\" id=\"style-css-av-468xpp-535d4150bd5d0baa4bef9c9f0cf94a11\">\n.flex_column.av-468xpp-535d4150bd5d0baa4bef9c9f0cf94a11{\nborder-radius:0px 0px 0px 0px;\npadding:0px 0px 0px 0px;\n}\n<\/style>\n<div  class='flex_column av-468xpp-535d4150bd5d0baa4bef9c9f0cf94a11 av_one_full  avia-builder-el-32  el_after_av_textblock  avia-builder-el-last  first flex_column_div av-zero-column-padding  column-top-margin'     ><section  class='av_textblock_section av-2253gd-c8bbc83ec19fbc4b6885ce787ffae174 '   itemscope=\"itemscope\" itemtype=\"https:\/\/schema.org\/CreativeWork\" ><div class='avia_textblock'  itemprop=\"text\" ><h3>WebEdit<\/h3>\n<p>Onlinegranskningssystem. Slutf\u00f6r \u00f6vers\u00e4ttningsgranskningar snabbare. <\/p>\n<p><a href=\"https:\/\/www.star-ts.com\/sv\/webcheck-online-review-system\/\" target=\"_blank\" rel=\"noopener\">L\u00e4s mer om WebEdit<\/a><\/p>\n<\/div><\/section><\/div>\n<\/div><\/div><\/div><!-- close content main div --><\/div><\/div><div id='after_section_2'  class='main_color av_default_container_wrap container_wrap sidebar_right'  ><div class='container av-section-cont-open' ><div class='template-page content  av-content-small alpha units'><div class='post-entry post-entry-type-page post-entry-119976'><div class='entry-content-wrapper clearfix'>\n","protected":false},"excerpt":{"rendered":"<p>STAR Translation Cloud Services<br \/>\nHantera alla dina \u00f6vers\u00e4ttningsprojekt online<\/p>\n<p>Det enkla steg-f\u00f6r-steg-s\u00e4ttet att anv\u00e4nda molnet f\u00f6r dina \u00f6vers\u00e4ttningsprojekt.<\/p>\n","protected":false},"author":1,"featured_media":66903,"parent":120548,"menu_order":5,"comment_status":"closed","ping_status":"closed","template":"","meta":{"footnotes":""},"class_list":["post-119976","page","type-page","status-publish","has-post-thumbnail","hentry"],"_links":{"self":[{"href":"https:\/\/www.star-ts.com\/sv\/wp-json\/wp\/v2\/pages\/119976","targetHints":{"allow":["GET"]}}],"collection":[{"href":"https:\/\/www.star-ts.com\/sv\/wp-json\/wp\/v2\/pages"}],"about":[{"href":"https:\/\/www.star-ts.com\/sv\/wp-json\/wp\/v2\/types\/page"}],"author":[{"embeddable":true,"href":"https:\/\/www.star-ts.com\/sv\/wp-json\/wp\/v2\/users\/1"}],"replies":[{"embeddable":true,"href":"https:\/\/www.star-ts.com\/sv\/wp-json\/wp\/v2\/comments?post=119976"}],"version-history":[{"count":0,"href":"https:\/\/www.star-ts.com\/sv\/wp-json\/wp\/v2\/pages\/119976\/revisions"}],"up":[{"embeddable":true,"href":"https:\/\/www.star-ts.com\/sv\/wp-json\/wp\/v2\/pages\/120548"}],"wp:featuredmedia":[{"embeddable":true,"href":"https:\/\/www.star-ts.com\/sv\/wp-json\/wp\/v2\/media\/66903"}],"wp:attachment":[{"href":"https:\/\/www.star-ts.com\/sv\/wp-json\/wp\/v2\/media?parent=119976"}],"curies":[{"name":"wp","href":"https:\/\/api.w.org\/{rel}","templated":true}]}}