{"id":119967,"date":"2025-11-07T13:05:04","date_gmt":"2025-11-07T13:05:04","guid":{"rendered":"https:\/\/www.star-ts.com\/about\/privacy-policy\/"},"modified":"2025-11-07T13:05:29","modified_gmt":"2025-11-07T13:05:29","slug":"privacy-policy","status":"publish","type":"page","link":"https:\/\/www.star-ts.com\/sv\/about\/privacy-policy\/","title":{"rendered":"Integritetspolicy"},"content":{"rendered":"<div  class='flex_column av-ngpsjh-43bc8fcec1ae32032cbee19a756a2e37 av_one_full  avia-builder-el-0  el_before_av_one_third  avia-builder-el-first  first flex_column_div  '     ><section  class='av_textblock_section av-lt1ikt-6b651ccd84fdd4461bdf7f43fbbabccf '   itemscope=\"itemscope\" itemtype=\"https:\/\/schema.org\/CreativeWork\" ><div class='avia_textblock'  itemprop=\"text\" ><h1>Integritetspolicy<\/h1>\n<\/div><\/section><\/div>\n<div  class='flex_column av-k3isn1-95184dab25d0c6c48e8b42a6fd8e29e7 av_one_third  avia-builder-el-2  el_after_av_one_full  el_before_av_two_third  first flex_column_div  column-top-margin'     ><section  class='av_textblock_section av-jqg471-e07ac2a1cec31ec79cbb7bd44897117c '   itemscope=\"itemscope\" itemtype=\"https:\/\/schema.org\/CreativeWork\" ><div class='avia_textblock'  itemprop=\"text\" ><p><img decoding=\"async\" class=\"alignnone size-full wp-image-9296\" title=\"STARs integritetspolicy\" src=\"https:\/\/www.star-ts.com\/wp-content\/uploads\/2014\/08\/privacy-policy.png\" alt=\"STARs integritetspolicy\" width=\"400\" height=\"320\" srcset=\"https:\/\/www.star-ts.com\/wp-content\/uploads\/2014\/08\/privacy-policy.png 400w, https:\/\/www.star-ts.com\/wp-content\/uploads\/2014\/08\/privacy-policy-80x64.png 80w, https:\/\/www.star-ts.com\/wp-content\/uploads\/2014\/08\/privacy-policy-300x240.png 300w\" sizes=\"(max-width: 400px) 100vw, 400px\" \/><\/p>\n<\/div><\/section><\/div>\n<div  class='flex_column av-i1ltvx-25d571697abc53609f652496e816b2a8 av_two_third  avia-builder-el-4  el_after_av_one_third  el_before_av_one_full  flex_column_div  column-top-margin'     ><section  class='av_textblock_section av-fgacj1-8af8bc21990fc211dbe169ce97cd016a '   itemscope=\"itemscope\" itemtype=\"https:\/\/schema.org\/CreativeWork\" ><div class='avia_textblock'  itemprop=\"text\" ><p>Vi erk\u00e4nner vikten av din integritet. Det \u00e4r f\u00f6rst\u00e5eligt att du kan vara orolig \u00f6ver den information du tillhandah\u00e5ller oss eller som samlas in av oss och hur vi anv\u00e4nder den. Med dessa funderingar i \u00e5tanke har vi utvecklat integritetspolicyn som beskrivs nedan. Vi kan uppdatera denna policy fr\u00e5n tid till annan, s\u00e5 v\u00e4nligen kontrollera regelbundet.<br \/>\n Om du har n\u00e5gra fr\u00e5gor om v\u00e5r integritetspolicy kan du <a href=\"https:\/\/www.star-ts.com\/sv\/kontakt\/\">kontakta oss<\/a>.<\/p>\n<\/div><\/section><\/div>\n<div  class='flex_column av-e3c365-059b837341dafc5e03c9fb6f33c2af0e av_one_full  avia-builder-el-6  el_after_av_two_third  el_before_av_one_full  first flex_column_div  column-top-margin'     ><section  class='av_textblock_section av-cjfhgt-2c6101b0214e042ed7b5b788730ba451 '   itemscope=\"itemscope\" itemtype=\"https:\/\/schema.org\/CreativeWork\" ><div class='avia_textblock'  itemprop=\"text\" ><h3>Godk\u00e4nnande av integritetspolicy<\/h3>\n<p>Genom att anv\u00e4nda STARs webbplats och tj\u00e4nster godk\u00e4nner du detta integritetsutl\u00e5tande.<\/p>\n<p>Vi f\u00f6rbeh\u00e5ller oss r\u00e4tten att n\u00e4r som helst \u00e4ndra detta integritetsutl\u00e5tande. Din fortsatta anv\u00e4ndning av n\u00e5gon del av STARs webbplats efter meddelande eller publicering av s\u00e5dana \u00e4ndringar kommer att utg\u00f6ra ditt godk\u00e4nnande av dessa \u00e4ndringar. <\/p>\n<h3>Informationsanv\u00e4ndning<\/h3>\n<p>STAR kommer att g\u00f6ra rimliga anstr\u00e4ngningar f\u00f6r att f\u00f6rhindra avsl\u00f6jande eller anv\u00e4ndning av din personliga information. Vi kommer inte att s\u00e4lja, dela eller hyra ut din information p\u00e5 n\u00e5got s\u00e4tt som skiljer sig fr\u00e5n vad som anges i detta utl\u00e5tande. STAR kan samla in information fr\u00e5n dig p\u00e5 flera olika punkter p\u00e5 v\u00e5r webbplats.  <\/p>\n<h4>I. Registrering<\/h4>\n<p>Vid registrering m\u00e5ste du l\u00e4mna kontaktinformation (s\u00e5som ditt namn och\/eller e-postadress). Denna information anv\u00e4nds f\u00f6r att tillhandah\u00e5lla de tj\u00e4nster du har beg\u00e4rt, eller f\u00f6r att kontakta dig ang\u00e5ende den tj\u00e4nst p\u00e5 v\u00e5r webbplats som du har visat intresse f\u00f6r. Vi kan kontakta dig fr\u00e5n tid till annan med nyheter samt marknadsf\u00f6rings- och reklamrelaterad information. Vi kan ocks\u00e5 anv\u00e4nda informationen f\u00f6r att f\u00f6rse dig med information som vi tror kan vara anv\u00e4ndbar f\u00f6r dig.   <\/p>\n<h4>II. Cookies <\/h4>\n<p>Precis som de flesta webbplatser anv\u00e4nder vi cookie-teknik p\u00e5 v\u00e5r webbplats. En cookie \u00e4r en liten textfil som inneh\u00e5ller ett unikt identifikationsnummer som \u00f6verf\u00f6rs fr\u00e5n en webbplats till h\u00e5rddisken p\u00e5 din dator s\u00e5 att webbplatsadministrat\u00f6ren kan identifiera din dator och passivt sp\u00e5ra dess aktiviteter p\u00e5 webbplatsen. Detta unika nummer identifierar din webbl\u00e4sare f\u00f6r v\u00e5rt datorsystem varje g\u00e5ng du bes\u00f6ker v\u00e5r webbplats. Vi kan placera en cookie i webbl\u00e4sarfilen p\u00e5 din dator, men den inneh\u00e5ller ingen personligt identifierbar information om dig. Cookien sp\u00e5rar inte din personliga information eller ger oss n\u00e5got s\u00e4tt att kontakta dig, och extraherar inte n\u00e5gon information fr\u00e5n din dator. Vi anv\u00e4nder cookien f\u00f6r att tillhandah\u00e5lla funktionell information om din webbl\u00e4sare, vilket g\u00f6r att vi kan ge dig en b\u00e4ttre upplevelse. Vi anv\u00e4nder ocks\u00e5 cookies f\u00f6r att samla in bred demografisk information och allm\u00e4nna anv\u00e4ndningsm\u00f6nster om dig och andra anv\u00e4ndare av v\u00e5ra webbplatser.      <\/p>\n<p>Om din webbl\u00e4sare avvisar cookies kan du fortfarande anv\u00e4nda v\u00e5r webbplats. Den enda nackdelen med detta \u00e4r att du kan ha begr\u00e4nsad \u00e5tkomst till vissa omr\u00e5den p\u00e5 v\u00e5r webbplats. <\/p>\n<p>N\u00e5gra av v\u00e5ra aff\u00e4rspartners kan ocks\u00e5 anv\u00e4nda cookies p\u00e5 v\u00e5r webbplats.<\/p>\n<h4>III. Webbfyrar <\/h4>\n<p>\u00c4ven k\u00e4nda som clear GIFs eller enpixels-GIFs, \u00e4r webbfyrar sm\u00e5 bildfiler som STAR kan placera p\u00e5 webbsidor och inom webbaserade e-postnyhetsbrev som vi skickar. I samarbete med cookies g\u00f6r webbfyrar det m\u00f6jligt f\u00f6r STAR TS att noggrant r\u00e4kna antalet unika anv\u00e4ndare som har bes\u00f6kt en specifik sida p\u00e5 STAR-webbplatsen och antalet g\u00e5nger dessa sidor visas. Vi kan ocks\u00e5 anv\u00e4nda webbfyrar f\u00f6r att l\u00e5ta oss veta hur m\u00e5nga personer som \u00f6ppnade ett webbaserat e-postnyhetsbrev. Denna information samlas endast in i aggregerad form och kommer inte att kopplas till din personligt identifierbara information.   <\/p>\n<h4>IV. Loggfiler <\/h4>\n<p>Vi anv\u00e4nder serverloggdata f\u00f6r att hj\u00e4lpa till att administrera webbplatsen, f\u00f6r att b\u00e4ttre f\u00f6rst\u00e5 delarna av webbplatsen och vilka typer av inneh\u00e5ll som \u00e4r mest intressanta f\u00f6r v\u00e5ra webbplatsanv\u00e4ndare, och f\u00f6r att m\u00e4ta trafikvolymer. Varje g\u00e5ng en STAR-sida beg\u00e4rs fr\u00e5n din webbl\u00e4sare loggar vi din dators IP-adress i v\u00e5ra loggfiler.<\/p>\n<\/div><\/section><\/div>\n<p><div  class='flex_column av-at79bh-5d9a704d0b8a5200041ceb555c5a3f21 av_one_full  avia-builder-el-8  el_after_av_one_full  el_before_av_one_full  first flex_column_div  column-top-margin'     ><section  class='av_textblock_section av-8oghfx-76443a5c8f35c274105ec2d098e11538 '   itemscope=\"itemscope\" itemtype=\"https:\/\/schema.org\/CreativeWork\" ><div class='avia_textblock'  itemprop=\"text\" ><h3>Fr\u00e5gor eller kommentarer<\/h3>\n<p>Om du har n\u00e5gra fr\u00e5gor om detta integritetsutl\u00e5tande, rutinerna p\u00e5 denna webbplats eller dina kontakter med STAR, v\u00e4nligen  <a href=\"https:\/\/www.star-ts.com\/sv\/kontakt\/\">kontakta oss<\/a><\/p>\n<h4>STAR Translation Services<\/h4>\n<p>Riverdale house, main Street, clonee,<\/p>\n<p>Co. Meath, D15 YT3Y, <\/p>\n<p>Irland<\/p>\n<p>Telefon: +353-1-8365614<\/p>\n<\/div><\/section><\/div><div  class='flex_column av-7wclz1-b574ce85637f01d9bb038bfc1925ab18 av_one_full  avia-builder-el-10  el_after_av_one_full  el_before_av_section  avia-builder-el-last  first flex_column_div  column-top-margin'     ><section  class='av_textblock_section av-5fydsd-740f3e22e59807a446fb9979d50f0632 '   itemscope=\"itemscope\" itemtype=\"https:\/\/schema.org\/CreativeWork\" ><div class='avia_textblock'  itemprop=\"text\" ><p><a href=\"https:\/\/www.star-ts.com\/sv\/about\/terms-and-conditions\/\">Villkor<\/a><\/p>\n<p><a href=\"https:\/\/www.star-ts.com\/sv\/iso-kvalitetspolicy\/\">ISO kvalitetspolicy<\/a><\/p>\n<\/div><\/section><\/div><\/p>\n<\/div><\/div><\/div><!-- close content main div --><\/div><\/div>\n<style type=\"text\/css\" data-created_by=\"avia_inline_auto\" id=\"style-css-av-k0gx2157-307699bb8bdeb8c22c0065ee0c218e70\">\n.avia-section.av-k0gx2157-307699bb8bdeb8c22c0065ee0c218e70{\nbackground-color:#ff7f27;\nbackground-image:unset;\n}\n<\/style>\n<div id='av_section_1'  class='avia-section av-k0gx2157-307699bb8bdeb8c22c0065ee0c218e70 main_color avia-section-default avia-no-border-styling  avia-builder-el-12  el_after_av_one_full  avia-builder-el-last  avia-bg-style-scroll container_wrap sidebar_right'  ><div class='container av-section-cont-open' ><div class='template-page content  av-content-small alpha units'><div class='post-entry post-entry-type-page post-entry-119967'><div class='entry-content-wrapper clearfix'>\n<section  class='av_textblock_section av-zffpn-9b19d1d65eda350fe1fbef528189f03e '   itemscope=\"itemscope\" itemtype=\"https:\/\/schema.org\/CreativeWork\" ><div class='avia_textblock'  itemprop=\"text\" ><h2><span style=\"color: #ffffff;\">B\u00f6rja nu<\/span><\/h2>\n<div  class='avia-button-wrap av-aaau3-e3573e676ea05f5b4bf6cbae59781945-wrap avia-button-left  avia-builder-el-14  avia-builder-el-no-sibling '><a href='https:\/\/www.star-ts.com\/sv\/kontakt\/'  class='avia-button av-aaau3-e3573e676ea05f5b4bf6cbae59781945 av-link-btn avia-icon_select-no avia-size-x-large avia-position-left avia-color-light'   aria-label=\"Kontakta oss\"><span class='avia_iconbox_title' >Kontakta oss<\/span><\/a><\/div>\n<\/div><\/section>\n<\/div><\/div><\/div><!-- close content main div --><\/div><\/div><div id='after_section_1'  class='main_color av_default_container_wrap container_wrap sidebar_right'  ><div class='container av-section-cont-open' ><div class='template-page content  av-content-small alpha units'><div class='post-entry post-entry-type-page post-entry-119967'><div class='entry-content-wrapper clearfix'>\n","protected":false},"excerpt":{"rendered":"<p>Vi erk\u00e4nner vikten av din integritet. Det \u00e4r f\u00f6rst\u00e5eligt att du kan vara orolig \u00f6ver den information du tillhandah\u00e5ller oss eller som samlas in av oss och hur vi anv\u00e4nder den. Med dessa funderingar i \u00e5tanke har vi utvecklat integritetspolicyn som beskrivs nedan. Vi kan uppdatera denna policy fr\u00e5n tid till annan, s\u00e5 v\u00e4nligen kontrollera regelbundet.   <\/p>\n","protected":false},"author":1,"featured_media":106280,"parent":63981,"menu_order":9,"comment_status":"open","ping_status":"closed","template":"","meta":{"footnotes":""},"class_list":["post-119967","page","type-page","status-publish","has-post-thumbnail","hentry"],"_links":{"self":[{"href":"https:\/\/www.star-ts.com\/sv\/wp-json\/wp\/v2\/pages\/119967","targetHints":{"allow":["GET"]}}],"collection":[{"href":"https:\/\/www.star-ts.com\/sv\/wp-json\/wp\/v2\/pages"}],"about":[{"href":"https:\/\/www.star-ts.com\/sv\/wp-json\/wp\/v2\/types\/page"}],"author":[{"embeddable":true,"href":"https:\/\/www.star-ts.com\/sv\/wp-json\/wp\/v2\/users\/1"}],"replies":[{"embeddable":true,"href":"https:\/\/www.star-ts.com\/sv\/wp-json\/wp\/v2\/comments?post=119967"}],"version-history":[{"count":0,"href":"https:\/\/www.star-ts.com\/sv\/wp-json\/wp\/v2\/pages\/119967\/revisions"}],"up":[{"embeddable":true,"href":"https:\/\/www.star-ts.com\/sv\/wp-json\/wp\/v2\/pages\/63981"}],"wp:featuredmedia":[{"embeddable":true,"href":"https:\/\/www.star-ts.com\/sv\/wp-json\/wp\/v2\/media\/106280"}],"wp:attachment":[{"href":"https:\/\/www.star-ts.com\/sv\/wp-json\/wp\/v2\/media?parent=119967"}],"curies":[{"name":"wp","href":"https:\/\/api.w.org\/{rel}","templated":true}]}}