{"id":119962,"date":"2025-11-07T13:04:57","date_gmt":"2025-11-07T13:04:57","guid":{"rendered":"https:\/\/www.star-ts.com\/japanese-translation\/"},"modified":"2025-11-07T13:05:48","modified_gmt":"2025-11-07T13:05:48","slug":"japanese-translation","status":"publish","type":"page","link":"https:\/\/www.star-ts.com\/sv\/japanese-translation\/","title":{"rendered":"Japanska \u00f6vers\u00e4ttningstj\u00e4nster"},"content":{"rendered":"<div id='full_slider_1'  class='avia-fullwidth-slider main_color avia-shadow av-small-hide av-mini-hide  avia-builder-el-0  el_before_av_two_third  avia-builder-el-first   container_wrap sidebar_right'  ><div  class='avia-slideshow av-ky23rq-751aa0d019212a3129684f263b2a5d0a avia-slideshow-featured av_slideshow_full avia-slide-slider av-small-hide av-mini-hide av-slideshow-ui av-control-default av-slideshow-manual av-loop-once av-loop-manual-endless av-default-height-applied   avia-slideshow-1' data-slideshow-options=\"{&quot;animation&quot;:&quot;slide&quot;,&quot;autoplay&quot;:false,&quot;loop_autoplay&quot;:&quot;once&quot;,&quot;interval&quot;:5,&quot;loop_manual&quot;:&quot;manual-endless&quot;,&quot;autoplay_stopper&quot;:false,&quot;noNavigation&quot;:false,&quot;bg_slider&quot;:false,&quot;keep_padding&quot;:false,&quot;hoverpause&quot;:false,&quot;show_slide_delay&quot;:0}\"  itemprop=\"image\" itemscope=\"itemscope\" itemtype=\"https:\/\/schema.org\/ImageObject\" ><ul class='avia-slideshow-inner ' style='padding-bottom: 28.666666666667%;'><li  class='avia-slideshow-slide av-ky23rq-751aa0d019212a3129684f263b2a5d0a__0  av-single-slide slide-1 slide-odd'><div data-rel='slideshow-1' class='avia-slide-wrap '   ><div class='av-slideshow-caption av-ky23rq-751aa0d019212a3129684f263b2a5d0a__0 caption_fullwidth caption_center caption_center_framed caption_framed'><div class=\"container caption_container\"><div class=\"slideshow_caption\"><div class=\"slideshow_inner_caption\"><div class=\"slideshow_align_caption\"><h2 class='avia-caption-title '  itemprop=\"name\" >\u00d6vers\u00e4ttningstj\u00e4nster fr\u00e5n engelska till japanska<\/h2><div class='avia-caption-content '  itemprop=\"description\" ><p>Professionell \u00f6vers\u00e4ttning f\u00f6r webbplatser och manualer.<\/p>\n<\/div><\/div><\/div><\/div><\/div><\/div><img decoding=\"async\" fetchpriority=\"high\" class=\"wp-image-72277 avia-img-lazy-loading-not-72277\"  src=\"https:\/\/www.star-ts.com\/wp-content\/uploads\/2018\/07\/senso-ji-1447399_1920-1500x430.jpg\" width=\"1500\" height=\"430\" title='senso-ji-1447399_1920' alt=''  itemprop=\"thumbnailUrl\"   \/><\/div><\/li><\/ul><\/div><\/div><div id='after_full_slider_1'  class='main_color av_default_container_wrap container_wrap sidebar_right'  ><div class='container av-section-cont-open' ><div class='template-page content  av-content-small alpha units'><div class='post-entry post-entry-type-page post-entry-119962'><div class='entry-content-wrapper clearfix'>\n<p><div  class='flex_column av-buuheu-7e7d45dd1826599c4fb2b21f605bcbfd av_two_third  avia-builder-el-1  el_after_av_slideshow_full  el_before_av_one_third  avia-builder-el-first  first flex_column_div  '     ><section  class='av_textblock_section av-ar35mu-b4fb4429b7ed1817a40c17b0e60afb63 '   itemscope=\"itemscope\" itemtype=\"https:\/\/schema.org\/CreativeWork\" ><div class='avia_textblock'  itemprop=\"text\" ><h1>Japanska \u00f6vers\u00e4ttningstj\u00e4nster<\/h1>\n<p><em>Konnichiwa!<\/em> Japan \u00e4r k\u00e4nt f\u00f6r sin ledande, banbrytande teknik och kr\u00e4vande kvalitetsstandarder; Tokyo \u00e4r v\u00e4rldens mest teknologiskt utvecklade stad.<\/p>\n<p>Med n\u00e4rmare 50 personer som arbetar p\u00e5 v\u00e5rt kontor i Tokyo kan v\u00e5ra professionella \u00f6vers\u00e4ttningsteam hj\u00e4lpa dig att leverera din produkt till den japanska marknaden. Vi tillhandah\u00e5ller h\u00f6gkvalitativa japanska \u00f6vers\u00e4ttningstj\u00e4nster. Bland v\u00e5ra kunder finns Honda, BMW och Bosch.  <\/p>\n<p><strong>Orolig f\u00f6r dokumentlayout och arbete p\u00e5 japanska?<\/strong><\/p>\n<p>Vi arbetar direkt med InDesign och m\u00e5nga andra system s\u00e5 vi kan g\u00f6ra jobbet enklare f\u00f6r dig. Vi tillhandah\u00e5ller \u00f6vers\u00e4ttning, desktop publishing, voice-over, textning och webbplats\u00f6vers\u00e4ttning, allt till japanska. <\/p>\n<p>V\u00e5r process och v\u00e5ra system uppfyller kvalitetsstandarderna ISO 9001 och ISO 17100. L\u00e4s v\u00e5r <a href=\"https:\/\/www.star-ts.com\/sv\/kvalitetsprocess-for-oversattning\/\">kvalitetsprocess<\/a> f\u00f6r mer information. <\/p>\n<p><strong>Hur kan du g\u00f6ra dina dokument enklare och snabbare att \u00f6vers\u00e4tta?<\/strong><\/p>\n<p>Om du funderar p\u00e5 hur du b\u00e4st formaterar dina dokument f\u00f6r \u00f6vers\u00e4ttning b\u00f6r du ladda ner v\u00e5r <a href=\"https:\/\/www.star-ts.com\/sv\/faster-translation-whitepaper\/\">gratis e-bok<\/a>.<\/p>\n<\/div><\/section><\/div>\n<style type=\"text\/css\" data-created_by=\"avia_inline_auto\" id=\"style-css-av-9kbsyu-292a7bef1b416f4a1a09d5f613277bc6\">\n.flex_column.av-9kbsyu-292a7bef1b416f4a1a09d5f613277bc6{\nborder-radius:0px 0px 0px 0px;\npadding:0px 0px 0px 0px;\n}\n<\/style>\n<div  class='flex_column av-9kbsyu-292a7bef1b416f4a1a09d5f613277bc6 av_one_third  avia-builder-el-3  el_after_av_two_third  el_before_av_one_full  flex_column_div av-zero-column-padding  '     ><section  class='av_textblock_section av-7pd6k6-2b8ee639288f1d8973dfe2ef92632a2e '   itemscope=\"itemscope\" itemtype=\"https:\/\/schema.org\/CreativeWork\" ><div class='avia_textblock'  itemprop=\"text\" ><h4>\u00d6vers\u00e4ttningstj\u00e4nster<\/h4>\n<ul>\n<li><a href=\"https:\/\/www.star-ts.com\/sv\/documents\/health-and-safety\/\">H\u00e4lso- och s\u00e4kerhetsmanualer<\/a><\/li>\n<li><a href=\"https:\/\/www.star-ts.com\/sv\/translation-services\/documents\/employee-handbooks\/\">Personalhandb\u00f6cker<\/a><\/li>\n<li><a href=\"https:\/\/www.star-ts.com\/sv\/oversattningstjanster-for-fordonsindustrin-teknik\/\">Fordonsdokument<\/a><\/li>\n<li><a href=\"https:\/\/www.star-ts.com\/sv\/technical-translation\/\">Tekniska publikationer<\/a><\/li>\n<li><a href=\"https:\/\/www.star-ts.com\/sv\/translation-services\/government-translation-services\/\">Offentliga sektorns dokument<\/a><\/li>\n<li><a href=\"https:\/\/www.star-ts.com\/sv\/marketing-services\/marketing-campaigns\/e-commerce\/\">E-handelswebbplatser<\/a><\/li>\n<\/ul>\n<\/div><\/section><\/div><\/p>\n<p>\n<style type=\"text\/css\" data-created_by=\"avia_inline_auto\" id=\"style-css-av-2md6cm-db51f902e88150cbe8bc92f8ddd0c050\">\n.flex_column.av-2md6cm-db51f902e88150cbe8bc92f8ddd0c050{\nborder-radius:0px 0px 0px 0px;\npadding:0px 0px 0px 0px;\n}\n<\/style>\n<div  class='flex_column av-2md6cm-db51f902e88150cbe8bc92f8ddd0c050 av_one_full  avia-builder-el-5  el_after_av_one_third  el_before_av_one_fourth  first flex_column_div av-zero-column-padding  column-top-margin'     ><section  class='av_textblock_section av-klm7r9wr-056851a56345f65b2ec3ab00a940e987 '   itemscope=\"itemscope\" itemtype=\"https:\/\/schema.org\/CreativeWork\" ><div class='avia_textblock'  itemprop=\"text\" ><h3>Japanska kundreferenser<\/h3>\n<\/div><\/section><\/div><div  class='flex_column av-gijv3a-49a0318f57aba2ced80cc0ab6a4f522b av_one_fourth  avia-builder-el-7  el_after_av_one_full  el_before_av_one_fourth  first flex_column_div  column-top-margin'     ><style type=\"text\/css\" data-created_by=\"avia_inline_auto\" id=\"style-css-av-klm7pwdv-b807f74e14099bd7ba5bb129210b63fe\">\n.avia-image-container.av-klm7pwdv-b807f74e14099bd7ba5bb129210b63fe img.avia_image{\nbox-shadow:none;\n}\n.avia-image-container.av-klm7pwdv-b807f74e14099bd7ba5bb129210b63fe .av-image-caption-overlay-center{\ncolor:#ffffff;\n}\n<\/style>\n<div  class='avia-image-container av-klm7pwdv-b807f74e14099bd7ba5bb129210b63fe av-styling- avia-align-center  avia-builder-el-8  avia-builder-el-no-sibling '   itemprop=\"image\" itemscope=\"itemscope\" itemtype=\"https:\/\/schema.org\/ImageObject\" ><div class=\"avia-image-container-inner\"><div class=\"avia-image-overlay-wrap\"><img decoding=\"async\" loading=\"lazy\" class='wp-image-67158 avia-img-lazy-loading-67158 avia_image ' src=\"https:\/\/www.star-ts.com\/wp-content\/uploads\/2014\/06\/mazda.png\" alt='Mazda' title='Mazda'  height=\"100\" width=\"100\"  itemprop=\"thumbnailUrl\" srcset=\"https:\/\/www.star-ts.com\/wp-content\/uploads\/2014\/06\/mazda.png 100w, https:\/\/www.star-ts.com\/wp-content\/uploads\/2014\/06\/mazda-80x80.png 80w, https:\/\/www.star-ts.com\/wp-content\/uploads\/2014\/06\/mazda-36x36.png 36w\" sizes=\"auto, (max-width: 100px) 100vw, 100px\" \/><\/div><\/div><\/div><\/div><div  class='flex_column av-gijv3a-6-9c48f875927b803748f1231c80ad7bcf av_one_fourth  avia-builder-el-9  el_after_av_one_fourth  el_before_av_one_fourth  flex_column_div  column-top-margin'     ><style type=\"text\/css\" data-created_by=\"avia_inline_auto\" id=\"style-css-av-klm7pwdv-5-755161dca2e8b7ce10436f8a71181f37\">\n.avia-image-container.av-klm7pwdv-5-755161dca2e8b7ce10436f8a71181f37 img.avia_image{\nbox-shadow:none;\n}\n.avia-image-container.av-klm7pwdv-5-755161dca2e8b7ce10436f8a71181f37 .av-image-caption-overlay-center{\ncolor:#ffffff;\n}\n<\/style>\n<div  class='avia-image-container av-klm7pwdv-5-755161dca2e8b7ce10436f8a71181f37 av-styling- avia-align-center  avia-builder-el-10  avia-builder-el-no-sibling '   itemprop=\"image\" itemscope=\"itemscope\" itemtype=\"https:\/\/schema.org\/ImageObject\" ><div class=\"avia-image-container-inner\"><div class=\"avia-image-overlay-wrap\"><img decoding=\"async\" loading=\"lazy\" class='wp-image-67763 avia-img-lazy-loading-67763 avia_image ' src=\"https:\/\/www.star-ts.com\/wp-content\/uploads\/2014\/06\/mitsubishi.png\" alt='Mitsubishi' title='Mitsubishi'  height=\"100\" width=\"100\"  itemprop=\"thumbnailUrl\" srcset=\"https:\/\/www.star-ts.com\/wp-content\/uploads\/2014\/06\/mitsubishi.png 100w, https:\/\/www.star-ts.com\/wp-content\/uploads\/2014\/06\/mitsubishi-80x80.png 80w, https:\/\/www.star-ts.com\/wp-content\/uploads\/2014\/06\/mitsubishi-36x36.png 36w\" sizes=\"auto, (max-width: 100px) 100vw, 100px\" \/><\/div><\/div><\/div><\/div><div  class='flex_column av-gijv3a-4-af088a2a3a3dd6ac714c123dd50ef2f4 av_one_fourth  avia-builder-el-11  el_after_av_one_fourth  el_before_av_one_fourth  flex_column_div  column-top-margin'     ><style type=\"text\/css\" data-created_by=\"avia_inline_auto\" id=\"style-css-av-klm7pwdv-3-77f3d1455ae52083d1ed0f1241db70a6\">\n.avia-image-container.av-klm7pwdv-3-77f3d1455ae52083d1ed0f1241db70a6 img.avia_image{\nbox-shadow:none;\n}\n.avia-image-container.av-klm7pwdv-3-77f3d1455ae52083d1ed0f1241db70a6 .av-image-caption-overlay-center{\ncolor:#ffffff;\n}\n<\/style>\n<div  class='avia-image-container av-klm7pwdv-3-77f3d1455ae52083d1ed0f1241db70a6 av-styling- avia-align-center  avia-builder-el-12  avia-builder-el-no-sibling '   itemprop=\"image\" itemscope=\"itemscope\" itemtype=\"https:\/\/schema.org\/ImageObject\" ><div class=\"avia-image-container-inner\"><div class=\"avia-image-overlay-wrap\"><img decoding=\"async\" loading=\"lazy\" class='wp-image-67163 avia-img-lazy-loading-67163 avia_image ' src=\"https:\/\/www.star-ts.com\/wp-content\/uploads\/2014\/06\/nissan.png\" alt='Nissan' title='nissan'  height=\"100\" width=\"100\"  itemprop=\"thumbnailUrl\" srcset=\"https:\/\/www.star-ts.com\/wp-content\/uploads\/2014\/06\/nissan.png 100w, https:\/\/www.star-ts.com\/wp-content\/uploads\/2014\/06\/nissan-80x80.png 80w, https:\/\/www.star-ts.com\/wp-content\/uploads\/2014\/06\/nissan-36x36.png 36w\" sizes=\"auto, (max-width: 100px) 100vw, 100px\" \/><\/div><\/div><\/div><\/div><div  class='flex_column av-gijv3a-2-ca83fdf9c5298c17f4c561f927e77a67 av_one_fourth  avia-builder-el-13  el_after_av_one_fourth  el_before_av_one_full  flex_column_div  column-top-margin'     ><style type=\"text\/css\" data-created_by=\"avia_inline_auto\" id=\"style-css-av-klm7pwdv-1-89ebcac8f9bea0a8c9a19230d6cd27d0\">\n.avia-image-container.av-klm7pwdv-1-89ebcac8f9bea0a8c9a19230d6cd27d0 img.avia_image{\nbox-shadow:none;\n}\n.avia-image-container.av-klm7pwdv-1-89ebcac8f9bea0a8c9a19230d6cd27d0 .av-image-caption-overlay-center{\ncolor:#ffffff;\n}\n<\/style>\n<div  class='avia-image-container av-klm7pwdv-1-89ebcac8f9bea0a8c9a19230d6cd27d0 av-styling- avia-align-center  avia-builder-el-14  avia-builder-el-no-sibling '   itemprop=\"image\" itemscope=\"itemscope\" itemtype=\"https:\/\/schema.org\/ImageObject\" ><div class=\"avia-image-container-inner\"><div class=\"avia-image-overlay-wrap\"><img decoding=\"async\" loading=\"lazy\" class='wp-image-67218 avia-img-lazy-loading-67218 avia_image ' src=\"https:\/\/www.star-ts.com\/wp-content\/uploads\/2014\/06\/toyota.png\" alt='Toyota' title='Toyota'  height=\"100\" width=\"100\"  itemprop=\"thumbnailUrl\" srcset=\"https:\/\/www.star-ts.com\/wp-content\/uploads\/2014\/06\/toyota.png 100w, https:\/\/www.star-ts.com\/wp-content\/uploads\/2014\/06\/toyota-80x80.png 80w, https:\/\/www.star-ts.com\/wp-content\/uploads\/2014\/06\/toyota-36x36.png 36w\" sizes=\"auto, (max-width: 100px) 100vw, 100px\" \/><\/div><\/div><\/div><\/div><div  class='flex_column av-5x8d9y-73d3d69f5eb06f3932c007ec061df386 av_one_full  avia-builder-el-15  el_after_av_one_fourth  el_before_av_image  first flex_column_div  column-top-margin'     ><section  class='av_textblock_section av-3qrfqu-87cdf69b07fec8f4de02c73b4699b832 '   itemscope=\"itemscope\" itemtype=\"https:\/\/schema.org\/CreativeWork\" ><div class='avia_textblock'  itemprop=\"text\" ><h3>H\u00f6gkvalitativa japanska \u00f6vers\u00e4ttningstj\u00e4nster<\/h3>\n<p>N\u00e4r det g\u00e4ller <abbr title=\"Desktop publishing\">DTP<\/abbr>-arbete p\u00e5 japanska kan vi leverera \u00f6vers\u00e4ttningar i praktiskt taget alla filformat. Vi kan \u00f6vers\u00e4tta dina filer och till och med leverera tryckf\u00e4rdiga <abbr title=\"Portabla dokumentformat\">PDF:er<\/abbr> om s\u00e5 \u00f6nskas. <\/p>\n<p>Vi arbetar med QuarkXPress, Adobe InDesign, FrameMaker, <abbr title=\"Hypertext markup language\">HTML<\/abbr>, <abbr title=\"Extensible markup language\">XML<\/abbr>, AutoCAD <abbr title=\"Drawing exchange format\">DXF<\/abbr>, Microsoft PowerPoint, Excel och Word.<\/p>\n<h4>Fordon och teknik<\/h4>\n<p>Vi har arbetat med kunder som BMW, DaimlerChrysler, Mowag och Tag Heuer i mer \u00e4n 25 \u00e5r; vi har omfattande erfarenhet inom fordons- och tekniska ingenj\u00f6rsbranscher. V\u00e5rt \u00f6vers\u00e4ttningsteams expertis levererar solida tekniska \u00f6vers\u00e4ttningar f\u00f6r dina projekt. L\u00e4s mer om v\u00e5r tekniska \u00f6vers\u00e4ttning f\u00f6r <a href=\"https:\/\/www.star-ts.com\/sv\/oversattningstjanster-for-fordonsindustrin-teknik\/\">Fordonsindustrin<\/a> och <a href=\"https:\/\/www.star-ts.com\/sv\/teknikoversattningstjanster\/\">Teknikindustrin<\/a>.<\/p>\n<\/div><\/section><\/div>\n<style type=\"text\/css\" data-created_by=\"avia_inline_auto\" id=\"style-css-av-klm7u63u-d9b2a996a3545e5b8f147d6f846cef46\">\n.avia-image-container.av-klm7u63u-d9b2a996a3545e5b8f147d6f846cef46 img.avia_image{\nbox-shadow:none;\n}\n.avia-image-container.av-klm7u63u-d9b2a996a3545e5b8f147d6f846cef46 .av-image-caption-overlay-center{\ncolor:#ffffff;\n}\n<\/style>\n<div  class='avia-image-container av-klm7u63u-d9b2a996a3545e5b8f147d6f846cef46 av-styling- avia-align-center  avia-builder-el-17  el_after_av_one_full  el_before_av_section  avia-builder-el-last '   itemprop=\"image\" itemscope=\"itemscope\" itemtype=\"https:\/\/schema.org\/ImageObject\" ><div class=\"avia-image-container-inner\"><div class=\"avia-image-overlay-wrap\"><img decoding=\"async\" loading=\"lazy\" class='wp-image-66448 avia-img-lazy-loading-66448 avia_image ' src=\"https:\/\/www.star-ts.com\/wp-content\/uploads\/2014\/07\/japanese.png\" alt='Japanese Automotive Translation' title='Japanese Automotive Translation'  height=\"232\" width=\"567\"  itemprop=\"thumbnailUrl\" srcset=\"https:\/\/www.star-ts.com\/wp-content\/uploads\/2014\/07\/japanese.png 567w, https:\/\/www.star-ts.com\/wp-content\/uploads\/2014\/07\/japanese-80x32.png 80w, https:\/\/www.star-ts.com\/wp-content\/uploads\/2014\/07\/japanese-300x122.png 300w, https:\/\/www.star-ts.com\/wp-content\/uploads\/2014\/07\/japanese-450x184.png 450w\" sizes=\"auto, (max-width: 567px) 100vw, 567px\" \/><\/div><\/div><\/div><\/p>\n<\/div><\/div><\/div><!-- close content main div --><\/div><\/div>\n<style type=\"text\/css\" data-created_by=\"avia_inline_auto\" id=\"style-css-av-k0gx2157-307699bb8bdeb8c22c0065ee0c218e70\">\n.avia-section.av-k0gx2157-307699bb8bdeb8c22c0065ee0c218e70{\nbackground-color:#ff7f27;\nbackground-image:unset;\n}\n<\/style>\n<div id='av_section_1'  class='avia-section av-k0gx2157-307699bb8bdeb8c22c0065ee0c218e70 main_color avia-section-default avia-no-border-styling  avia-builder-el-18  el_after_av_image  avia-builder-el-last  avia-bg-style-scroll container_wrap sidebar_right'  ><div class='container av-section-cont-open' ><div class='template-page content  av-content-small alpha units'><div class='post-entry post-entry-type-page post-entry-119962'><div class='entry-content-wrapper clearfix'>\n<section  class='av_textblock_section av-zffpn-9b19d1d65eda350fe1fbef528189f03e '   itemscope=\"itemscope\" itemtype=\"https:\/\/schema.org\/CreativeWork\" ><div class='avia_textblock'  itemprop=\"text\" ><h2><span style=\"color: #ffffff;\">B\u00f6rja nu<\/span><\/h2>\n<div  class='avia-button-wrap av-aaau3-e3573e676ea05f5b4bf6cbae59781945-wrap avia-button-left  avia-builder-el-20  avia-builder-el-no-sibling '><a href='https:\/\/www.star-ts.com\/sv\/kontakt\/'  class='avia-button av-aaau3-e3573e676ea05f5b4bf6cbae59781945 av-link-btn avia-icon_select-no avia-size-x-large avia-position-left avia-color-light'   aria-label=\"Kontakta oss\"><span class='avia_iconbox_title' >Kontakta oss<\/span><\/a><\/div>\n<\/div><\/section>\n<\/div><\/div><\/div><!-- close content main div --><\/div><\/div><div id='after_section_1'  class='main_color av_default_container_wrap container_wrap sidebar_right'  ><div class='container av-section-cont-open' ><div class='template-page content  av-content-small alpha units'><div class='post-entry post-entry-type-page post-entry-119962'><div class='entry-content-wrapper clearfix'>\n","protected":false},"excerpt":{"rendered":"<p>Konnichiwa! Japan \u00e4r k\u00e4nt f\u00f6r sin ledande, banbrytande teknik och kr\u00e4vande kvalitetsstandarder; Tokyo \u00e4r v\u00e4rldens mest teknologiskt utvecklade stad. <\/p>\n<p>Med n\u00e4rmare 50 personer som arbetar p\u00e5 v\u00e5rt kontor i Tokyo kan v\u00e5ra professionella \u00f6vers\u00e4ttningsteam hj\u00e4lpa dig att leverera din produkt till den japanska marknaden. Vi tillhandah\u00e5ller h\u00f6gkvalitativa japanska \u00f6vers\u00e4ttningstj\u00e4nster. Bland v\u00e5ra kunder finns Honda, BMW och Bosch.  <\/p>\n","protected":false},"author":1,"featured_media":72277,"parent":0,"menu_order":15,"comment_status":"open","ping_status":"closed","template":"","meta":{"footnotes":""},"class_list":["post-119962","page","type-page","status-publish","has-post-thumbnail","hentry"],"_links":{"self":[{"href":"https:\/\/www.star-ts.com\/sv\/wp-json\/wp\/v2\/pages\/119962","targetHints":{"allow":["GET"]}}],"collection":[{"href":"https:\/\/www.star-ts.com\/sv\/wp-json\/wp\/v2\/pages"}],"about":[{"href":"https:\/\/www.star-ts.com\/sv\/wp-json\/wp\/v2\/types\/page"}],"author":[{"embeddable":true,"href":"https:\/\/www.star-ts.com\/sv\/wp-json\/wp\/v2\/users\/1"}],"replies":[{"embeddable":true,"href":"https:\/\/www.star-ts.com\/sv\/wp-json\/wp\/v2\/comments?post=119962"}],"version-history":[{"count":0,"href":"https:\/\/www.star-ts.com\/sv\/wp-json\/wp\/v2\/pages\/119962\/revisions"}],"wp:featuredmedia":[{"embeddable":true,"href":"https:\/\/www.star-ts.com\/sv\/wp-json\/wp\/v2\/media\/72277"}],"wp:attachment":[{"href":"https:\/\/www.star-ts.com\/sv\/wp-json\/wp\/v2\/media?parent=119962"}],"curies":[{"name":"wp","href":"https:\/\/api.w.org\/{rel}","templated":true}]}}