{"id":119912,"date":"2025-11-07T12:52:47","date_gmt":"2025-11-07T12:52:47","guid":{"rendered":"https:\/\/www.star-ts.com\/translation-faq\/"},"modified":"2026-01-05T12:20:46","modified_gmt":"2026-01-05T12:20:46","slug":"translation-faq","status":"publish","type":"page","link":"https:\/\/www.star-ts.com\/sv\/translation-faq\/","title":{"rendered":"\u00d6vers\u00e4ttnings-FAQ | Vanliga fr\u00e5gor"},"content":{"rendered":"<div id='full_slider_1'  class='avia-fullwidth-slider main_color avia-shadow av-medium-hide av-small-hide av-mini-hide  avia-builder-el-0  el_before_av_one_full  avia-builder-el-first   container_wrap sidebar_right'  ><div  class='avia-slideshow av-njjqvq-d5a889113d83c4f76fd82ffae68ffe45 avia-slideshow-featured av_slideshow_full avia-slide-slider av-medium-hide av-small-hide av-mini-hide av-slideshow-ui av-control-default av-slideshow-manual av-loop-once av-loop-manual-endless av-default-height-applied   avia-slideshow-1' data-slideshow-options=\"{&quot;animation&quot;:&quot;slide&quot;,&quot;autoplay&quot;:false,&quot;loop_autoplay&quot;:&quot;once&quot;,&quot;interval&quot;:5,&quot;loop_manual&quot;:&quot;manual-endless&quot;,&quot;autoplay_stopper&quot;:false,&quot;noNavigation&quot;:false,&quot;bg_slider&quot;:false,&quot;keep_padding&quot;:false,&quot;hoverpause&quot;:false,&quot;show_slide_delay&quot;:0}\"  itemprop=\"image\" itemscope=\"itemscope\" itemtype=\"https:\/\/schema.org\/ImageObject\" ><ul class='avia-slideshow-inner ' style='padding-bottom: 28.666666666667%;'><li  class='avia-slideshow-slide av-njjqvq-d5a889113d83c4f76fd82ffae68ffe45__0  av-single-slide slide-1 slide-odd'><div data-rel='slideshow-1' class='avia-slide-wrap '   ><div class='av-slideshow-caption av-njjqvq-d5a889113d83c4f76fd82ffae68ffe45__0 caption_fullwidth caption_center caption_center_framed caption_framed'><div class=\"container caption_container\"><div class=\"slideshow_caption\"><div class=\"slideshow_inner_caption\"><div class=\"slideshow_align_caption\"><h2 class='avia-caption-title '  itemprop=\"name\" >Vanliga fr\u00e5gor<\/h2><div class='avia-caption-content '  itemprop=\"description\" ><p>S\u00f6k bland de vanligaste fr\u00e5gorna vi f\u00e5r om v\u00e5ra tj\u00e4nster.<\/p>\n<\/div><\/div><\/div><\/div><\/div><\/div><img decoding=\"async\" fetchpriority=\"high\" class=\"wp-image-72452 avia-img-lazy-loading-not-72452\"  src=\"https:\/\/www.star-ts.com\/wp-content\/uploads\/2018\/07\/FAQ-3-1500x430.jpg\" width=\"1500\" height=\"430\" title='FAQ (3)' alt='FAQ-sida'  itemprop=\"thumbnailUrl\"   \/><\/div><\/li><\/ul><\/div><\/div><div id='after_full_slider_1'  class='main_color av_default_container_wrap container_wrap sidebar_right'  ><div class='container av-section-cont-open' ><div class='template-page content  av-content-small alpha units'><div class='post-entry post-entry-type-page post-entry-119912'><div class='entry-content-wrapper clearfix'>\n\n<style type=\"text\/css\" data-created_by=\"avia_inline_auto\" id=\"style-css-av-2wk9xi-60617ef0983ae8f4e91e0bacc477c677\">\n.flex_column.av-2wk9xi-60617ef0983ae8f4e91e0bacc477c677{\nborder-radius:0px 0px 0px 0px;\npadding:0px 0px 0px 0px;\n}\n<\/style>\n<div  class='flex_column av-2wk9xi-60617ef0983ae8f4e91e0bacc477c677 av_one_full  avia-builder-el-1  el_after_av_slideshow_full  el_before_av_one_half  avia-builder-el-first  first flex_column_div av-zero-column-padding  '     ><section  class='av_textblock_section av-kkffkdru-75ec6588fa9a19fc873698ea2b67ca3d '   itemscope=\"itemscope\" itemtype=\"https:\/\/schema.org\/CreativeWork\" ><div class='avia_textblock'  itemprop=\"text\" ><h1>Vanliga fr\u00e5gor<\/h1>\n<p>Vi har sammanst\u00e4llt de vanligaste fr\u00e5gorna vi f\u00e5r om v\u00e5ra tj\u00e4nster i v\u00e5r \u00f6vers\u00e4ttnings-faq. Vi f\u00e5r vanligtvis fr\u00e5gor om kostnader, v\u00e5r process och hur vi uppn\u00e5r kvalitet.<\/p>\n<\/div><\/section><\/div>\n<div  class='flex_column av-khcmiu-c01f20113ea704d905eac555f9089d79 av_one_half  avia-builder-el-3  el_after_av_one_full  el_before_av_one_half  first flex_column_div  column-top-margin'     ><section  class='av_textblock_section av-idpi46-d5fc85527339d52c9c0c89410c193c75 '   itemscope=\"itemscope\" itemtype=\"https:\/\/schema.org\/CreativeWork\" ><div class='avia_textblock'  itemprop=\"text\" ><h3>Kvalitet<\/h3>\n<ul>\n<li><a href=\"https:\/\/www.star-ts.com\/sv\/translation-faq\/vad-innebar-iso-9001-certifiering\/\">Vad \u00e4r ISO 9001-certifiering?<\/a><\/li>\n<li><a href=\"https:\/\/www.star-ts.com\/sv\/translation-faq\/what-is-iso17100-certification\/\">Vad \u00e4r ISO 17100-certifiering?<\/a><\/li>\n<li><a href=\"https:\/\/www.star-ts.com\/sv\/translation-faq\/why-do-you-proofread-with-a-second-translator\/\">Varf\u00f6r korrekturl\u00e4ser ni med en andra \u00f6vers\u00e4ttare?<\/a><\/li>\n<li><a href=\"https:\/\/www.star-ts.com\/sv\/translation-faq\/vad-ar-den-iriska-standarden-an-caighdean-oifigiuil\/\">Vad \u00e4r standarden <em>An Caighde\u00e1n Oifigi\u00fail<\/em> f\u00f6r irl\u00e4ndska?<\/a><\/li>\n<li><a href=\"https:\/\/www.star-ts.com\/sv\/translation-faq\/what-is-a-sanity-check\/\">Vad \u00e4r en rimlighetskontroll?<\/a><\/li>\n<li><a href=\"https:\/\/www.star-ts.com\/sv\/translation-faq\/what-is-an-in-context-review\/\">Vad \u00e4r en kontextuell granskning?<\/a><\/li>\n<li><a href=\"https:\/\/www.star-ts.com\/sv\/translation-faq\/vad-ar-internationell-engelska\/\">Vad \u00e4r internationell engelska?<\/a><\/li>\n<li><a href=\"https:\/\/www.star-ts.com\/sv\/translation-faq\/what-is-transcreation\/\">Vad \u00e4r transcreation?<\/a><\/li>\n<li><a href=\"https:\/\/www.star-ts.com\/sv\/translation-faq\/why-is-context-important-in-translation\/\">Varf\u00f6r \u00e4r kontext viktigt vid \u00f6vers\u00e4ttning?<\/a><\/li>\n<li><a href=\"https:\/\/www.star-ts.com\/translation-faq\/certified-translation\/\">Vad \u00e4r en auktoriserad \u00f6vers\u00e4ttning?<\/a><\/li>\n<\/ul>\n<\/div><\/section><\/div>\n\n<style type=\"text\/css\" data-created_by=\"avia_inline_auto\" id=\"style-css-av-grut9i-bd72b10f7ca02e37fe04c801854218c5\">\n.flex_column.av-grut9i-bd72b10f7ca02e37fe04c801854218c5{\nborder-radius:0px 0px 0px 0px;\npadding:0px 0px 0px 0px;\n}\n<\/style>\n<div  class='flex_column av-grut9i-bd72b10f7ca02e37fe04c801854218c5 av_one_half  avia-builder-el-5  el_after_av_one_half  el_before_av_one_half  flex_column_div av-zero-column-padding  column-top-margin'     ><section  class='av_textblock_section av-fowf5i-3aa5cc7ac171b3f924f396329e47db29 '   itemscope=\"itemscope\" itemtype=\"https:\/\/schema.org\/CreativeWork\" ><div class='avia_textblock'  itemprop=\"text\" ><h3>Tid och kostnad<\/h3>\n<ul>\n<li><a href=\"https:\/\/www.star-ts.com\/sv\/translation-faq\/how-long-does-it-take-to-translate-a-document\/\">Hur l\u00e5ng tid tar det att \u00f6vers\u00e4tta ett dokument?<\/a><\/li>\n<li><a href=\"https:\/\/www.star-ts.com\/sv\/translation-faq\/how-fast-can-you-translate-a-document\/\">Hur snabbt kan ni \u00f6vers\u00e4tta ett dokument?<\/a><\/li>\n<li><a href=\"https:\/\/www.star-ts.com\/sv\/translation-faq\/why-do-you-have-minimum-charges\/\">Varf\u00f6r har ni minimiavgifter?<\/a><\/li>\n<li><a href=\"https:\/\/www.star-ts.com\/sv\/translation-faq\/why-does-cheap-translation-cost-more\/\">Varf\u00f6r kostar billig \u00f6vers\u00e4ttning mer i l\u00e4ngden?<\/a><\/li>\n<li><a href=\"https:\/\/www.star-ts.com\/sv\/translation-faq\/what-is-a-rush-translation\/\">Vad \u00e4r en express\u00f6vers\u00e4ttning?<\/a><\/li>\n<li><a href=\"https:\/\/www.star-ts.com\/sv\/translation-faq\/varfor-ar-provoversattning-ett-daligt-matt-pa-kvalitet\/\">Varf\u00f6r \u00e4r en prov\u00f6vers\u00e4ttning en d\u00e5lig indikator p\u00e5 kvalitet?<\/a><\/li>\n<li><a href=\"https:\/\/www.star-ts.com\/sv\/translation-faq\/how-do-you-price-translation-projects\/\">Hur priss\u00e4tter ni \u00f6vers\u00e4ttningsprojekt?<\/a><\/li>\n<\/ul>\n<\/div><\/section><\/div>\n<p><div  class='flex_column av-et1ikm-feb0e3df5a8038437d166165afb195ea av_one_half  avia-builder-el-7  el_after_av_one_half  el_before_av_one_half  first flex_column_div  column-top-margin'     ><section  class='av_textblock_section av-d04erq-a7ecda0c064a3f4f3b460370f109541f '   itemscope=\"itemscope\" itemtype=\"https:\/\/schema.org\/CreativeWork\" ><div class='avia_textblock'  itemprop=\"text\" ><h3>Produkter och processer<\/h3>\n<ul>\n<li><a href=\"https:\/\/www.star-ts.com\/sv\/translation-faq\/what-is-back-translation\/\">Vad \u00e4r back-translation?<\/a><\/li>\n<li><a href=\"https:\/\/www.star-ts.com\/sv\/translation-faq\/why-do-you-need-the-source-files-for-translation\/\">Varf\u00f6r beh\u00f6ver ni k\u00e4llfilerna f\u00f6r \u00f6vers\u00e4ttning?<\/a><\/li>\n<li><a href=\"https:\/\/www.star-ts.com\/sv\/translation-faq\/why-is-the-length-of-a-translation-important\/\">Varf\u00f6r \u00e4r l\u00e4ngden p\u00e5 en \u00f6vers\u00e4ttning viktig?<\/a><\/li>\n<li><a href=\"https:\/\/www.star-ts.com\/sv\/translation-faq\/app-translation-for-android-and-ios\/\">App-\u00f6vers\u00e4ttning f\u00f6r Android och iOS<\/a><\/li>\n<li><a href=\"https:\/\/www.star-ts.com\/sv\/translation-faq\/what-is-a-pseudo-translation\/\">Vad \u00e4r en pseudo-\u00f6vers\u00e4ttning?<\/a><\/li>\n<li><a href=\"https:\/\/www.star-ts.com\/sv\/translation-faq\/how-should-i-get-a-translation-reviewed\/\">Hur b\u00f6r jag f\u00e5 en \u00f6vers\u00e4ttning granskad?<\/a><\/li>\n<li><a href=\"https:\/\/www.star-ts.com\/sv\/translation-faq\/how-to-review-your-translations\/\">Hur man granskar sina \u00f6vers\u00e4ttningar<\/a><\/li>\n<li><a href=\"https:\/\/www.star-ts.com\/sv\/translation-faq\/ui-translation\/\">Hur \u00f6vers\u00e4tter ni anv\u00e4ndargr\u00e4nssnitt (UI)?<\/a><\/li>\n<\/ul>\n<\/div><\/section><\/div>\n<style type=\"text\/css\" data-created_by=\"avia_inline_auto\" id=\"style-css-av-bdfhye-072be1e48ae97d4bda3345c50510ab18\">\n.flex_column.av-bdfhye-072be1e48ae97d4bda3345c50510ab18{\nborder-radius:0px 0px 0px 0px;\npadding:0px 0px 0px 0px;\n}\n<\/style>\n<div  class='flex_column av-bdfhye-072be1e48ae97d4bda3345c50510ab18 av_one_half  avia-builder-el-9  el_after_av_one_half  el_before_av_one_half  flex_column_div av-zero-column-padding  column-top-margin'     ><section  class='av_textblock_section av-8re2ye-3710b0e8270936abef461c30ba592aed '   itemscope=\"itemscope\" itemtype=\"https:\/\/schema.org\/CreativeWork\" ><div class='avia_textblock'  itemprop=\"text\" ><h3>Tekniska fr\u00e5gor<\/h3>\n<ul>\n<li><a href=\"https:\/\/www.star-ts.com\/sv\/translation-faq\/vad-ar-dtp\/\">Vad \u00e4r DTP?<\/a><\/li>\n<li><a href=\"https:\/\/www.star-ts.com\/sv\/translation-faq\/vad-ar-ocr\/\">Vad \u00e4r OCR?<\/a><\/li>\n<li><a href=\"https:\/\/www.star-ts.com\/sv\/translation-faq\/what-is-terminology\/\">Vad \u00e4r terminologi?<\/a><\/li>\n<li><a href=\"https:\/\/www.star-ts.com\/translation-faq\/what-is-segmentation\/\">Vad \u00e4r segmentering?<\/a><\/li>\n<li><a href=\"https:\/\/www.star-ts.com\/sv\/translation-faq\/bilingual-table\/\">Vad \u00e4r en tv\u00e5spr\u00e5kig tabell?<\/a><\/li>\n<li><a href=\"https:\/\/www.star-ts.com\/sv\/translation-faq\/what-is-cloud-translation\/\">Vad \u00e4r moln\u00f6vers\u00e4ttning?<\/a><\/li>\n<li><a href=\"https:\/\/www.star-ts.com\/sv\/translation-faq\/what-is-crowd-translation\/\">Vad \u00e4r crowdsourcad \u00f6vers\u00e4ttning?<\/a><\/li>\n<li><a href=\"https:\/\/www.star-ts.com\/sv\/translation-faq\/what-is-machine-translation\/\">Vad \u00e4r maskin\u00f6vers\u00e4ttning?<\/a><\/li>\n<li><a href=\"https:\/\/www.star-ts.com\/sv\/translation-faq\/what-is-translation-memory\/\">Vad \u00e4r \u00f6vers\u00e4ttningsminne?<\/a><\/li>\n<li><a href=\"https:\/\/www.star-ts.com\/sv\/translation-faq\/how-does-translation-memory-work\/\">Hur fungerar \u00f6vers\u00e4ttningsminne?<\/a><\/li>\n<li><a href=\"https:\/\/www.star-ts.com\/sv\/translation-faq\/how-to-translate-a-wordpress-site\/\">Hur man \u00f6vers\u00e4tter en WordPress-webbplats<\/a><\/li>\n<li><a href=\"https:\/\/www.star-ts.com\/sv\/translation-faq\/what-is-multilingual-search-engine-submission\/\">Vad \u00e4r flerspr\u00e5kig s\u00f6kmotorinl\u00e4mning?<\/a><\/li>\n<li><a href=\"https:\/\/www.star-ts.com\/sv\/translation-faq\/vad-ar-skillnaden-mellan-oversattning-och-lokalisering\/\">Vad \u00e4r skillnaden mellan \u00f6vers\u00e4ttning och lokalisering?<\/a><\/li>\n<li><a href=\"https:\/\/www.star-ts.com\/sv\/translation-faq\/vad-ar-skarmarken-och-utfall-och-varfor-ar-de-sa-viktiga\/\">Vad \u00e4r utfall och sk\u00e4rm\u00e4rken och varf\u00f6r \u00e4r de viktiga?<\/a><\/li>\n<li><a href=\"https:\/\/www.star-ts.com\/sv\/translation-faq\/what-is-a-file-format-definition-ffd-file\/\">Vad \u00e4r en filformatsdefinition (FFD)-fil?<\/a><\/li>\n<li><a href=\"https:\/\/www.star-ts.com\/sv\/translation-faq\/how-world-monetary-values-are-displayed\/\">Hur visas globala monet\u00e4ra v\u00e4rden?<\/a><\/li>\n<\/ul>\n<\/div><\/section><\/div><\/p>\n<div  class='flex_column av-et1ikm-4-646301b6cd088cc66a5cd6e3e768d566 av_one_half  avia-builder-el-11  el_after_av_one_half  el_before_av_one_half  first flex_column_div  column-top-margin'     ><section  class='av_textblock_section av-d04erq-3-21bef2224556c5e6cd1595a81ad39524 '   itemscope=\"itemscope\" itemtype=\"https:\/\/schema.org\/CreativeWork\" ><div class='avia_textblock'  itemprop=\"text\" ><h3>Hur man:<\/h3>\n<ul>\n<li><a href=\"https:\/\/www.star-ts.com\/sv\/sa-funkar-det-att-oversatta-indesign-filer\/\">Hur du \u00f6vers\u00e4tter InDesign-filer<\/a><\/li>\n<li><a href=\"https:\/\/www.star-ts.com\/sv\/translation-faq\/how-to-translate-a-wordpress-site\/\">Hur man \u00f6vers\u00e4tter en WordPress-webbplats<\/a><\/li>\n<li><a href=\"https:\/\/www.star-ts.com\/sv\/how-do-you-translate-a-wordpress-website-with-wpml\/\">Hur \u00f6vers\u00e4tter man en WordPress-webbplats med WPML?<\/a><\/li>\n<li><a href=\"https:\/\/www.star-ts.com\/sv\/alchemer-translation\/\">Alchemer (SurveyGizmo) \u00f6vers\u00e4ttningstj\u00e4nster | Hur man \u00f6vers\u00e4tter enk\u00e4ter<\/a><\/li>\n<li><a href=\"https:\/\/www.star-ts.com\/sv\/crowdin-localization-services\/\">Crowdin lokaliseringstj\u00e4nster<\/a><\/li>\n<li><a href=\"https:\/\/www.star-ts.com\/academy\/how-to-improve-google-rank-by-deleting-web-pages\/\">Hur man f\u00f6rb\u00e4ttrar Google-rankning genom att ta bort webbsidor<\/a><\/li>\n<li><a href=\"https:\/\/www.star-ts.com\/sv\/translation-faq\/ui-translation\/\">\u00d6vers\u00e4ttning av anv\u00e4ndargr\u00e4nssnitt (UI)<\/a><\/li>\n<li><a href=\"https:\/\/www.star-ts.com\/marketing-services\/marketing-campaigns\/ssi-web-translation\/\">SSI webbplats\u00f6vers\u00e4ttning<\/a><\/li>\n<li><a href=\"https:\/\/www.star-ts.com\/sv\/walkme-translation\/\">WalkMe-\u00f6vers\u00e4ttning<\/a><\/li>\n<li><a href=\"https:\/\/www.star-ts.com\/sv\/seo\/\">Seo<\/a><\/li>\n<\/ul>\n<\/div><\/section><\/div>\n<div  class='flex_column av-et1ikm-2-5b9403ca5e63aaa0fb0e758e7795aaae av_one_half  avia-builder-el-13  el_after_av_one_half  el_before_av_one_full  flex_column_div  column-top-margin'     ><section  class='av_textblock_section av-d04erq-1-7b0623745fdca9f85663cc80c45a61c4 '   itemscope=\"itemscope\" itemtype=\"https:\/\/schema.org\/CreativeWork\" ><div class='avia_textblock'  itemprop=\"text\" ><h3>\u00d6vrigt<\/h3>\n<ul>\n<li><a href=\"https:\/\/www.star-ts.com\/sv\/about\/glossary\/\">Ordlista \u00f6ver vanliga termer som anv\u00e4nds inom \u00f6vers\u00e4ttning.<\/a><\/li>\n<li><a href=\"https:\/\/www.star-ts.com\/better-english\/typewriter-fun-with-english\/\">Skrivmaskin, lek med engelska<\/a><\/li>\n<li><a href=\"https:\/\/www.star-ts.com\/translation\/calculator-spelling-in-different-languages\/\">Minir\u00e4knarstavning p\u00e5 olika spr\u00e5k<\/a><\/li>\n<li><a href=\"https:\/\/www.star-ts.com\/better-english\/7-funniest-english-grammar-mistakes-infographics\/\">7 roligaste engelska grammatiska misstagen<\/a><\/li>\n<li><a href=\"https:\/\/www.star-ts.com\/language\/free-welcome-poster-in-different-languages\/\">Gratis v\u00e4lkomstaffisch p\u00e5 16 olika spr\u00e5k<\/a><\/li>\n<\/ul>\n<\/div><\/section><\/div>\n\n<style type=\"text\/css\" data-created_by=\"avia_inline_auto\" id=\"style-css-av-7lyb92-36794f5a27b62ca8c02c5c136288dffc\">\n.flex_column.av-7lyb92-36794f5a27b62ca8c02c5c136288dffc{\nborder-radius:0px 0px 0px 0px;\npadding:0px 0px 0px 0px;\n}\n<\/style>\n<div  class='flex_column av-7lyb92-36794f5a27b62ca8c02c5c136288dffc av_one_full  avia-builder-el-15  el_after_av_one_half  el_before_av_one_full  first flex_column_div av-zero-column-padding  column-top-margin'     ><section  class='av_textblock_section av-5txcuu-1d26cfae1ac4e978f6df9b75e8409fbd '   itemscope=\"itemscope\" itemtype=\"https:\/\/schema.org\/CreativeWork\" ><div class='avia_textblock'  itemprop=\"text\" ><h3>Vad v\u00e5ra kunder s\u00e4ger<\/h3>\n<p>&#8221; <em>P\u00e5litliga, snabba, \u00f6ppna kommunikationer: kundsupport finns alltid d\u00e4r&#8230; snabba svar.<\/em>&#8221;<\/p>\n<p>&#8221;<em>Deras service och uppm\u00e4rksamhet p\u00e5 detaljer \u00e4r perfekt. Dessutom \u00e4r de alltid villiga att samarbeta med dig och f\u00f6rb\u00e4ttra. <\/em>&#8221;<\/p>\n<p>&#8221;<em>Deras stora databas med terminologi och nyckelord ger oss besparingar.<\/em>&#8221;<\/p>\n<\/div><\/section><\/div>\n<div  class='flex_column av-617pau-03f7d87942a31dd4b6e1824f912e42a0 av_one_full  avia-builder-el-17  el_after_av_one_full  avia-builder-el-last  first flex_column_div  column-top-margin'     ><section  class='av_textblock_section av-3wufja-252fabc8e4271840debb2c3dd52ea662 '   itemscope=\"itemscope\" itemtype=\"https:\/\/schema.org\/CreativeWork\" ><div class='avia_textblock'  itemprop=\"text\" ><div  class='avia-button-wrap avia-button-center  avia-builder-el-19  avia-builder-el-no-sibling '>\n<style type=\"text\/css\" data-created_by=\"avia_inline_auto\" id=\"style-css-av-1xtf2e-f7e4e73ea20459cfddaf6d071538c70a\">\n#top #wrap_all .avia-button.av-1xtf2e-f7e4e73ea20459cfddaf6d071538c70a:hover{\ncolor:white;\ntransition:all 0.4s ease-in-out;\n}\n#top #wrap_all .avia-button.av-1xtf2e-f7e4e73ea20459cfddaf6d071538c70a:hover .avia-svg-icon svg:first-child{\nfill:white;\nstroke:white;\n}\n<\/style>\n<a href='https:\/\/www.star-ts.com\/sv\/kontakt\/' class='avia-color-theme-color avia-font-color-theme-color avia-button avia-button-fullwidth av-1xtf2e-f7e4e73ea20459cfddaf6d071538c70a avia-icon_select-no avia-color-theme-color'  title=\"Contact Us\" aria-label=\"Contact Us\"><span class='avia_iconbox_title' >Kontakta oss<\/span><span class='avia_button_background avia-button avia-button-fullwidth avia-color-theme-color-highlight'><\/span><\/a><\/div>\n<\/div><\/section><\/div>\n","protected":false},"excerpt":{"rendered":"<p>De fr\u00e4msta fr\u00e5gorna och svaren om \u00f6vers\u00e4ttningstj\u00e4nster.<\/p>\n","protected":false},"author":1,"featured_media":72452,"parent":0,"menu_order":5,"comment_status":"closed","ping_status":"closed","template":"","meta":{"footnotes":""},"class_list":["post-119912","page","type-page","status-publish","has-post-thumbnail","hentry"],"_links":{"self":[{"href":"https:\/\/www.star-ts.com\/sv\/wp-json\/wp\/v2\/pages\/119912","targetHints":{"allow":["GET"]}}],"collection":[{"href":"https:\/\/www.star-ts.com\/sv\/wp-json\/wp\/v2\/pages"}],"about":[{"href":"https:\/\/www.star-ts.com\/sv\/wp-json\/wp\/v2\/types\/page"}],"author":[{"embeddable":true,"href":"https:\/\/www.star-ts.com\/sv\/wp-json\/wp\/v2\/users\/1"}],"replies":[{"embeddable":true,"href":"https:\/\/www.star-ts.com\/sv\/wp-json\/wp\/v2\/comments?post=119912"}],"version-history":[{"count":0,"href":"https:\/\/www.star-ts.com\/sv\/wp-json\/wp\/v2\/pages\/119912\/revisions"}],"wp:featuredmedia":[{"embeddable":true,"href":"https:\/\/www.star-ts.com\/sv\/wp-json\/wp\/v2\/media\/72452"}],"wp:attachment":[{"href":"https:\/\/www.star-ts.com\/sv\/wp-json\/wp\/v2\/media?parent=119912"}],"curies":[{"name":"wp","href":"https:\/\/api.w.org\/{rel}","templated":true}]}}