{"id":119902,"date":"2025-11-07T12:51:39","date_gmt":"2025-11-07T12:51:39","guid":{"rendered":"https:\/\/www.star-ts.com\/machine-translation\/"},"modified":"2025-11-07T12:51:46","modified_gmt":"2025-11-07T12:51:46","slug":"machine-translation","status":"publish","type":"page","link":"https:\/\/www.star-ts.com\/sv\/machine-translation\/","title":{"rendered":"Maskin\u00f6vers\u00e4ttning"},"content":{"rendered":"\n<style type=\"text\/css\" data-created_by=\"avia_inline_auto\" id=\"style-css-av-3i7fxyy-0aa0d02a7da5fb2556a9bbc306948b11\">\n.flex_column.av-3i7fxyy-0aa0d02a7da5fb2556a9bbc306948b11{\nborder-radius:0px 0px 0px 0px;\npadding:0px 0px 0px 0px;\n}\n<\/style>\n<div  class='flex_column av-3i7fxyy-0aa0d02a7da5fb2556a9bbc306948b11 av_two_third  avia-builder-el-0  el_before_av_one_third  avia-builder-el-first  first flex_column_div av-zero-column-padding  '     ><section  class='av_textblock_section av-kemxxvp1-72dca1714585b2d2b558eb525111c747 '   itemscope=\"itemscope\" itemtype=\"https:\/\/schema.org\/CreativeWork\" ><div class='avia_textblock'  itemprop=\"text\" ><h1>Tj\u00e4nster f\u00f6r maskin\u00f6vers\u00e4ttning<\/h1>\n<p>Vi erbjuder ett utbud av maskin- och datorst\u00f6dda \u00f6vers\u00e4ttningstj\u00e4nster. V\u00e5ra system \u00e4r utformade f\u00f6r att matcha varje enskild kund behov. <\/p>\n<p>Varje kunder krav \u00e4r olika n\u00e4r det g\u00e4ller kvalitet, budget och tidsram. Ibland beh\u00f6ver du bara en gist av ett dokument eller du kan beh\u00f6va en h\u00f6gre kvalitet dokument f\u00f6r internt bruk. <\/p>\n<p>Vi tillhandah\u00e5ller automatiserade tj\u00e4nster p\u00e5 ett antal spr\u00e5k \u00f6ver m\u00e5nga filformat.<\/p>\n<\/div><\/section><\/div>\n\n<style type=\"text\/css\" data-created_by=\"avia_inline_auto\" id=\"style-css-av-34a0oai-277086ef926bd5a6a70424048f21afce\">\n.flex_column.av-34a0oai-277086ef926bd5a6a70424048f21afce{\nborder-radius:0px 0px 0px 0px;\npadding:0px 0px 0px 0px;\n}\n<\/style>\n<div  class='flex_column av-34a0oai-277086ef926bd5a6a70424048f21afce av_one_third  avia-builder-el-2  el_after_av_two_third  el_before_av_one_full  flex_column_div av-zero-column-padding  '     ><style type=\"text\/css\" data-created_by=\"avia_inline_auto\" id=\"style-css-av-kemy0yhp-b568a86dee3649c7de0d3ab46dc8c3de\">\n.avia-image-container.av-kemy0yhp-b568a86dee3649c7de0d3ab46dc8c3de img.avia_image{\nbox-shadow:none;\n}\n.avia-image-container.av-kemy0yhp-b568a86dee3649c7de0d3ab46dc8c3de .av-image-caption-overlay-center{\ncolor:#ffffff;\n}\n<\/style>\n<div  class='avia-image-container av-kemy0yhp-b568a86dee3649c7de0d3ab46dc8c3de av-styling- avia_animated_image av-animated-when-visible-95 fade-in avia-align-center  avia-builder-el-3  avia-builder-el-no-sibling '   itemprop=\"image\" itemscope=\"itemscope\" itemtype=\"https:\/\/schema.org\/ImageObject\" ><div class=\"avia-image-container-inner\"><div class=\"avia-image-overlay-wrap\"><img decoding=\"async\" loading=\"lazy\" class='wp-image-71597 avia-img-lazy-loading-71597 avia_image ' src=\"https:\/\/www.star-ts.com\/wp-content\/uploads\/2012\/01\/cute-807306_640-495x400.png\" alt='S\u00f6t robot' title='Robotmaskin\u00f6vers\u00e4ttning'  height=\"400\" width=\"495\"  itemprop=\"thumbnailUrl\"  \/><\/div><\/div><\/div><\/div>\n\n<style type=\"text\/css\" data-created_by=\"avia_inline_auto\" id=\"style-css-av-2nfzjmi-7075fdf91cfe3af03ebb97c32e6ffc4b\">\n.flex_column.av-2nfzjmi-7075fdf91cfe3af03ebb97c32e6ffc4b{\nborder-radius:0px 0px 0px 0px;\npadding:0px 0px 0px 0px;\n}\n<\/style>\n<div  class='flex_column av-2nfzjmi-7075fdf91cfe3af03ebb97c32e6ffc4b av_one_full  avia-builder-el-4  el_after_av_one_third  el_before_av_one_full  first flex_column_div av-zero-column-padding  column-top-margin'     ><section  class='av_textblock_section av-kemy4is5-c689dc45f2f458388e858bd501dc6701 '   itemscope=\"itemscope\" itemtype=\"https:\/\/schema.org\/CreativeWork\" ><div class='avia_textblock'  itemprop=\"text\" ><p><strong>Mer om Maskin\u00f6vers\u00e4ttning (MT)<\/strong><\/p>\n<hr \/>\n<p><a href=\"https:\/\/www.star-ts.com\/sv\/translation-faq\/what-is-machine-translation\/\">Vad \u00e4r maskin\u00f6vers\u00e4ttning?<\/a><\/p>\n<p><a href=\"https:\/\/www.star-ts.com\/business\/hazards-of-machine-translation\/\">Riskerna med maskin\u00f6vers\u00e4ttning<\/a><\/p>\n<p><a href=\"https:\/\/www.star-ts.com\/translation\/working-with-machine-translation-engines\/\">Arbeta med maskin\u00f6vers\u00e4ttning motorer<\/a><\/p>\n<p><a href=\"https:\/\/www.star-ts.com\/translation\/localization\/corporate-machine-translation-star-mt\/\">F\u00f6retagsanpassad maskin\u00f6vers\u00e4ttning: STAR MT<\/a><\/p>\n<p><a href=\"https:\/\/www.star-ts.com\/language\/funny-machine-translation-errors\/\">Funny Maskin\u00f6vers\u00e4ttning Fel<\/a><\/p>\n<p><a href=\"https:\/\/www.star-ts.com\/translation\/why-machine-translation-is-dangerous\/\">Varf\u00f6r Maskin\u00f6vers\u00e4ttning \u00e4r farligt<\/a><\/p>\n<\/div><\/section><\/div>\n<div  class='flex_column av-1hkfure-505b609e48759e25286df7ea75b2c2a0 av_one_full  avia-builder-el-6  el_after_av_one_full  avia-builder-el-last  first flex_column_div  column-top-margin'     ><section  class='av_textblock_section av-12s21mi-e3675a9fa63d2a916716ab102b3ecbfc '   itemscope=\"itemscope\" itemtype=\"https:\/\/schema.org\/CreativeWork\" ><div class='avia_textblock'  itemprop=\"text\" ><div  class='avia-button-wrap avia-button-center  avia-builder-el-8  avia-builder-el-no-sibling '>\n<style type=\"text\/css\" data-created_by=\"avia_inline_auto\" id=\"style-css-av-num1ui-d6fe3ff1446a204bab261f2228ce5c44\">\n#top #wrap_all .avia-button.av-num1ui-d6fe3ff1446a204bab261f2228ce5c44:hover{\ncolor:white;\ntransition:all 0.4s ease-in-out;\n}\n#top #wrap_all .avia-button.av-num1ui-d6fe3ff1446a204bab261f2228ce5c44:hover .avia-svg-icon svg:first-child{\nfill:white;\nstroke:white;\n}\n<\/style>\n<a href='https:\/\/www.star-ts.com\/sv\/kontakt\/' class='avia-color-theme-color avia-font-color-theme-color avia-button avia-button-fullwidth av-num1ui-d6fe3ff1446a204bab261f2228ce5c44 avia-icon_select-no avia-color-theme-color'  title=\"Contact Us\" aria-label=\"Contact Us\"><span class='avia_iconbox_title' >Kontakta oss<\/span><span class='avia_button_background avia-button avia-button-fullwidth avia-color-theme-color-highlight'><\/span><\/a><\/div>\n<\/div><\/section><\/div>\n","protected":false},"excerpt":{"rendered":"<p>Vi erbjuder ett utbud av maskin- och datorst\u00f6dda \u00f6vers\u00e4ttningstj\u00e4nster. V\u00e5ra system \u00e4r utformade f\u00f6r att matcha varje enskild kund behov. <\/p>\n<p>Varje kunder krav \u00e4r olika n\u00e4r det g\u00e4ller kvalitet, budget och tidsram. Ibland beh\u00f6ver du bara en gist av ett dokument eller du kan beh\u00f6va en h\u00f6gre kvalitet dokument f\u00f6r internt bruk. <\/p>\n","protected":false},"author":1,"featured_media":70873,"parent":0,"menu_order":0,"comment_status":"closed","ping_status":"closed","template":"","meta":{"footnotes":""},"class_list":["post-119902","page","type-page","status-publish","has-post-thumbnail","hentry"],"_links":{"self":[{"href":"https:\/\/www.star-ts.com\/sv\/wp-json\/wp\/v2\/pages\/119902","targetHints":{"allow":["GET"]}}],"collection":[{"href":"https:\/\/www.star-ts.com\/sv\/wp-json\/wp\/v2\/pages"}],"about":[{"href":"https:\/\/www.star-ts.com\/sv\/wp-json\/wp\/v2\/types\/page"}],"author":[{"embeddable":true,"href":"https:\/\/www.star-ts.com\/sv\/wp-json\/wp\/v2\/users\/1"}],"replies":[{"embeddable":true,"href":"https:\/\/www.star-ts.com\/sv\/wp-json\/wp\/v2\/comments?post=119902"}],"version-history":[{"count":0,"href":"https:\/\/www.star-ts.com\/sv\/wp-json\/wp\/v2\/pages\/119902\/revisions"}],"wp:featuredmedia":[{"embeddable":true,"href":"https:\/\/www.star-ts.com\/sv\/wp-json\/wp\/v2\/media\/70873"}],"wp:attachment":[{"href":"https:\/\/www.star-ts.com\/sv\/wp-json\/wp\/v2\/media?parent=119902"}],"curies":[{"name":"wp","href":"https:\/\/api.w.org\/{rel}","templated":true}]}}