{"id":119895,"date":"2025-11-07T12:51:27","date_gmt":"2025-11-07T12:51:27","guid":{"rendered":"https:\/\/www.star-ts.com\/wpml-token-request\/"},"modified":"2025-11-07T12:51:46","modified_gmt":"2025-11-07T12:51:46","slug":"wpml-token-request","status":"publish","type":"page","link":"https:\/\/www.star-ts.com\/sv\/wpml-token-request\/","title":{"rendered":"WPML-tokenbeg\u00e4ran"},"content":{"rendered":"<p>\n<style type=\"text\/css\" data-created_by=\"avia_inline_auto\" id=\"style-css-av-z3acvn-205bbd8626b426c649cb8356bec5bd42\">\n.flex_column.av-z3acvn-205bbd8626b426c649cb8356bec5bd42{\nborder-radius:0px 0px 0px 0px;\npadding:0px 0px 0px 0px;\n}\n<\/style>\n<div  class='flex_column av-z3acvn-205bbd8626b426c649cb8356bec5bd42 av_three_fourth  avia-builder-el-0  el_before_av_one_fourth  avia-builder-el-first  first flex_column_div av-zero-column-padding  '     ><section  class='av_textblock_section av-k9wxqhdy-97cf8e013891f31fe556231d195ce747 '   itemscope=\"itemscope\" itemtype=\"https:\/\/schema.org\/CreativeWork\" ><div class='avia_textblock'  itemprop=\"text\" ><h1>H\u00e4mta en WPML-token (API-nyckel) f\u00f6r STAR-\u00f6vers\u00e4ttning<\/h1>\n<p>Fyll helt enkelt i formul\u00e4ret nedan f\u00f6r att beg\u00e4ra er API-nyckel. Vi skickar den direkt till er s\u00e5 att ni kan \u00f6vers\u00e4tta er webbplats p\u00e5 nolltid. API-tokens \u00e4r kostnadsfria.<\/p>\n<\/div><\/section><br \/>\n<section  class='av_textblock_section av-k9wxqhdy-1-b7221e82aa03ade12bb68adb77378980 '   itemscope=\"itemscope\" itemtype=\"https:\/\/schema.org\/CreativeWork\" ><div class='avia_textblock'  itemprop=\"text\" ><div class=\"pipedriveWebForms\" data-pd-webforms=\"https:\/\/webforms.pipedrive.com\/f\/1sVDxrpJg2C9h9OWngpS8Uxh7n5olcrLy9rsJkNUN8FT5GokbTl6Y8rq1LZieXZRx\"><script src=\"https:\/\/webforms.pipedrive.com\/f\/loader\"><\/script><\/div>\n<\/div><\/section><\/p><\/div>\n<style type=\"text\/css\" data-created_by=\"avia_inline_auto\" id=\"style-css-av-jd7ewj-a303919830baa831a1e5bd5ee3752aef\">\n.flex_column.av-jd7ewj-a303919830baa831a1e5bd5ee3752aef{\nborder-radius:0px 0px 0px 0px;\npadding:0px 0px 0px 0px;\n}\n<\/style>\n<div  class='flex_column av-jd7ewj-a303919830baa831a1e5bd5ee3752aef av_one_fourth  avia-builder-el-3  el_after_av_three_fourth  avia-builder-el-last  flex_column_div av-zero-column-padding  '     ><style type=\"text\/css\" data-created_by=\"avia_inline_auto\" id=\"style-css-av-k9wxyklx-315e5758f2b6c9003e25680729ad8b81\">\n.avia-image-container.av-k9wxyklx-315e5758f2b6c9003e25680729ad8b81 img.avia_image{\nbox-shadow:none;\n}\n.avia-image-container.av-k9wxyklx-315e5758f2b6c9003e25680729ad8b81 .av-image-caption-overlay-center{\ncolor:#ffffff;\n}\n<\/style>\n<div  class='avia-image-container av-k9wxyklx-315e5758f2b6c9003e25680729ad8b81 av-styling- avia_animated_image av-animated-when-visible-95 left-to-right avia-align-center  avia-builder-el-4  avia-builder-el-no-sibling '   itemprop=\"image\" itemscope=\"itemscope\" itemtype=\"https:\/\/schema.org\/ImageObject\" ><div class=\"avia-image-container-inner\"><div class=\"avia-image-overlay-wrap\"><img decoding=\"async\" fetchpriority=\"high\" class='wp-image-107010 avia-img-lazy-loading-not-107010 avia_image ' src=\"https:\/\/www.star-ts.com\/wp-content\/uploads\/2020\/04\/WPML-Logo.png\" alt='WPML-logotyp tokenbeg\u00e4ran' title='WPML-logotyp'  height=\"96\" width=\"300\"  itemprop=\"thumbnailUrl\" srcset=\"https:\/\/www.star-ts.com\/wp-content\/uploads\/2020\/04\/WPML-Logo.png 300w, https:\/\/www.star-ts.com\/wp-content\/uploads\/2020\/04\/WPML-Logo-80x26.png 80w\" sizes=\"(max-width: 300px) 100vw, 300px\" \/><\/div><\/div><\/div><\/div><\/p>\n","protected":false},"excerpt":{"rendered":"<p>Beg\u00e4r en kostnadsfri WPML API-token f\u00f6r att arbeta med STAR Translation. \u00d6vers\u00e4tt er webbplats enkelt med WPML och STAR. <\/p>\n","protected":false},"author":1,"featured_media":107010,"parent":0,"menu_order":0,"comment_status":"closed","ping_status":"closed","template":"","meta":{"footnotes":""},"class_list":["post-119895","page","type-page","status-publish","has-post-thumbnail","hentry"],"_links":{"self":[{"href":"https:\/\/www.star-ts.com\/sv\/wp-json\/wp\/v2\/pages\/119895","targetHints":{"allow":["GET"]}}],"collection":[{"href":"https:\/\/www.star-ts.com\/sv\/wp-json\/wp\/v2\/pages"}],"about":[{"href":"https:\/\/www.star-ts.com\/sv\/wp-json\/wp\/v2\/types\/page"}],"author":[{"embeddable":true,"href":"https:\/\/www.star-ts.com\/sv\/wp-json\/wp\/v2\/users\/1"}],"replies":[{"embeddable":true,"href":"https:\/\/www.star-ts.com\/sv\/wp-json\/wp\/v2\/comments?post=119895"}],"version-history":[{"count":0,"href":"https:\/\/www.star-ts.com\/sv\/wp-json\/wp\/v2\/pages\/119895\/revisions"}],"wp:featuredmedia":[{"embeddable":true,"href":"https:\/\/www.star-ts.com\/sv\/wp-json\/wp\/v2\/media\/107010"}],"wp:attachment":[{"href":"https:\/\/www.star-ts.com\/sv\/wp-json\/wp\/v2\/media?parent=119895"}],"curies":[{"name":"wp","href":"https:\/\/api.w.org\/{rel}","templated":true}]}}