{"id":119888,"date":"2025-11-07T12:48:45","date_gmt":"2025-11-07T12:48:45","guid":{"rendered":"https:\/\/www.star-ts.com\/italian-translation\/"},"modified":"2025-12-08T14:11:36","modified_gmt":"2025-12-08T14:11:36","slug":"italian-translation","status":"publish","type":"page","link":"https:\/\/www.star-ts.com\/sv\/italian-translation\/","title":{"rendered":"Italienska \u00f6vers\u00e4ttningstj\u00e4nster"},"content":{"rendered":"<div id='full_slider_1'  class='avia-fullwidth-slider main_color avia-shadow av-small-hide av-mini-hide  avia-builder-el-0  el_before_av_two_third  avia-builder-el-first   container_wrap sidebar_right'  ><div  class='avia-slideshow av-mggbciub-4906ccaab6f52a4016b7e35c1ab58fe5 avia-slideshow-featured av_slideshow_full avia-slide-slider av-small-hide av-mini-hide av-slideshow-ui av-control-default av-slideshow-manual av-loop-once av-loop-manual-endless av-default-height-applied   avia-slideshow-1' data-slideshow-options=\"{&quot;animation&quot;:&quot;slide&quot;,&quot;autoplay&quot;:false,&quot;loop_autoplay&quot;:&quot;once&quot;,&quot;interval&quot;:5,&quot;loop_manual&quot;:&quot;manual-endless&quot;,&quot;autoplay_stopper&quot;:false,&quot;noNavigation&quot;:false,&quot;bg_slider&quot;:false,&quot;keep_padding&quot;:false,&quot;hoverpause&quot;:false,&quot;show_slide_delay&quot;:0}\"  itemprop=\"image\" itemscope=\"itemscope\" itemtype=\"https:\/\/schema.org\/ImageObject\" ><ul class='avia-slideshow-inner ' style='padding-bottom: 28.666666666667%;'><li  class='avia-slideshow-slide av-mggbciub-4906ccaab6f52a4016b7e35c1ab58fe5__0  av-single-slide slide-1 slide-odd'><div data-rel='slideshow-1' class='avia-slide-wrap '   ><div class='av-slideshow-caption av-mggbciub-4906ccaab6f52a4016b7e35c1ab58fe5__0 caption_fullwidth caption_center caption_center_framed caption_framed'><div class=\"container caption_container\"><div class=\"slideshow_caption\"><div class=\"slideshow_inner_caption\"><div class=\"slideshow_align_caption\"><h2 class='avia-caption-title '  itemprop=\"name\" >Italiensk \u00f6vers\u00e4ttning<\/h2><div class='avia-caption-content '  itemprop=\"description\" ><p>Italienska \u00f6vers\u00e4ttare med specialiserad \u00f6vers\u00e4ttningsexpertis<\/p>\n<\/div><\/div><\/div><\/div><\/div><\/div><img decoding=\"async\" fetchpriority=\"high\" class=\"wp-image-106040 avia-img-lazy-loading-not-106040\"  src=\"https:\/\/www.star-ts.com\/wp-content\/uploads\/2019\/10\/colosseum-792202_1920-1500x430.jpg\" width=\"1500\" height=\"430\" title='colosseum-792202_1920' alt=''  itemprop=\"thumbnailUrl\"   \/><\/div><\/li><\/ul><\/div><\/div><div id='after_full_slider_1'  class='main_color av_default_container_wrap container_wrap sidebar_right'  ><div class='container av-section-cont-open' ><div class='template-page content  av-content-small alpha units'><div class='post-entry post-entry-type-page post-entry-119888'><div class='entry-content-wrapper clearfix'>\n<div  class='flex_column av-ilvt8h-88928bace25b60efea3c41b35e93dd00 av_two_third  avia-builder-el-1  el_after_av_slideshow_full  el_before_av_one_third  avia-builder-el-first  first flex_column_div  '     ><section  class='av_textblock_section av-gxnloh-4be6cd4544b286ef6b169302885a97ce '   itemscope=\"itemscope\" itemtype=\"https:\/\/schema.org\/CreativeWork\" ><div class='avia_textblock'  itemprop=\"text\" ><h1>Italiensk \u00f6vers\u00e4ttning f\u00f6r tekniska maskiner och mjukvarulokalisering<\/h1>\n<p><em><strong>Vill ni expandera till den italienska marknaden?<\/strong><\/em><\/p>\n<p>Vi specialiserar oss p\u00e5 italienska \u00f6vers\u00e4ttningstj\u00e4nster f\u00f6r tillverkare, mjukvaruutvecklare och ingenj\u00f6rsfirmor som beh\u00f6ver precision, snabbhet och branschexpertis.<\/p>\n<p>V\u00e5ra italienska modersm\u00e5ls\u00f6vers\u00e4ttare \u00e4r utbildade inom teknisk dokumentation och mjukvarulokalisering. Vi \u00f6vers\u00e4tter manualer, produktkataloger, UI-str\u00e4ngar, hj\u00e4lpfiler och webbplatser \u2013 och s\u00e4kerst\u00e4ller att ert inneh\u00e5ll \u00e4r korrekt, regelkonformt och redo f\u00f6r italiensktalande anv\u00e4ndare. <\/p>\n<p>Varje \u00f6vers\u00e4ttning uppfyller ISO 9001- och ISO 17100-standarder, vilket ger er f\u00f6rtroende f\u00f6r kvalitet och konsekvens. Oavsett om ni lanserar industriell utrustning eller lokaliserar komplex mjukvara hj\u00e4lper vi er att kommunicera tydligt och professionellt p\u00e5 italienska.<\/p>\n<\/div><\/section><\/div>\n\n<style type=\"text\/css\" data-created_by=\"avia_inline_auto\" id=\"style-css-av-g0u6td-5902bd3b44119ebc2d127ad175088249\">\n.flex_column.av-g0u6td-5902bd3b44119ebc2d127ad175088249{\nborder-radius:0px 0px 0px 0px;\npadding:0px 0px 0px 0px;\n}\n<\/style>\n<div  class='flex_column av-g0u6td-5902bd3b44119ebc2d127ad175088249 av_one_third  avia-builder-el-3  el_after_av_two_third  el_before_av_one_full  flex_column_div av-zero-column-padding  '     ><section  class='av_textblock_section av-e6ui4h-91d0cbb8c2c397969e0413ebf3970f08 '   itemscope=\"itemscope\" itemtype=\"https:\/\/schema.org\/CreativeWork\" ><div class='avia_textblock'  itemprop=\"text\" ><h4>\u00d6vers\u00e4ttningstj\u00e4nster<\/h4>\n<ul>\n<li><a href=\"https:\/\/www.star-ts.com\/sv\/documents\/health-and-safety\/\">H\u00e4lso- och s\u00e4kerhetsmanualer<\/a><\/li>\n<li><a href=\"https:\/\/www.star-ts.com\/sv\/documents\/employee-handbooks\/\">Personalhandb\u00f6cker<\/a><\/li>\n<li><a href=\"https:\/\/www.star-ts.com\/sv\/oversattningstjanster-for-fordonsindustrin-teknik\/\">Fordonsdokument<\/a><\/li>\n<li><a href=\"https:\/\/www.star-ts.com\/sv\/dokumentoversattning\/\">Tekniska publikationer<\/a><\/li>\n<li><a href=\"https:\/\/www.star-ts.com\/sv\/translation-services\/government-translation-services\/\">Offentliga sektorns dokument<\/a><\/li>\n<li><a href=\"https:\/\/www.star-ts.com\/sv\/marketing-services\/marketing-campaigns\/e-commerce\/\">E-handelswebbplatser<\/a><\/li>\n<\/ul>\n<\/div><\/section><\/div>\n<div  class='flex_column av-cpt7k1-f770121aaf86fd446cecdcd0d7b1c9b2 av_one_full  avia-builder-el-5  el_after_av_one_third  avia-builder-el-last  first flex_column_div  column-top-margin'     ><section  class='av_textblock_section av-13x9rl-85b2f2d7747e2e6e7022bd29c235976e '   itemscope=\"itemscope\" itemtype=\"https:\/\/schema.org\/CreativeWork\" ><div class='avia_textblock'  itemprop=\"text\" ><h2>Professionella italienska \u00f6vers\u00e4ttare med teknisk precision<\/h2>\n<p>N\u00e4r noggrannhet \u00e4r viktigt och budgetarna \u00e4r sn\u00e4va beh\u00f6ver ni en partner som f\u00f6rst\u00e5r b\u00e5de ert spr\u00e5k och er bransch. V\u00e5rt italienska \u00f6vers\u00e4ttningsteam bidrar med djup expertis inom tekniska sektorer och ingenj\u00f6rsomr\u00e5den \u2013 och s\u00e4kerst\u00e4ller att ert inneh\u00e5ll talar tydligt, sj\u00e4lvs\u00e4kert och korrekt. <\/p>\n<p>Vi prioriterar teknisk terminologi fr\u00e5n b\u00f6rjan, s\u00e5 att ert budskap f\u00f6rblir skarpt och konsekvent genom alla dokument. Oavsett om ni verkar inom fordon, tillverkning eller industridesign har vi hj\u00e4lpt varum\u00e4rken som Ferrari att leverera felfri kommunikation som ger resultat. <\/p>\n<h3>S\u00f6ml\u00f6s \u00f6vers\u00e4ttning f\u00f6r alla filformat<\/h3>\n<p>Era ingenj\u00f6rer och designers arbetar h\u00e5rt f\u00f6r att skapa fantastiskt inneh\u00e5ll \u2013 vi ser till att det \u00f6vers\u00e4tts perfekt. Vi samarbetar direkt med era team f\u00f6r att leverera precisa \u00f6vers\u00e4ttningar fr\u00e5n engelska till italienska som bevarar mening, layout och avsikt. <\/p>\n<p>Fr\u00e5n QuarkXPress till InDesign, FrameMaker till AutoCAD DXF och allt d\u00e4remellan \u2013 v\u00e5ra specialister hanterar praktiskt taget alla filformat med l\u00e4tthet, inklusive HTML, XML, PowerPoint, Excel och Word.<\/p>\n<\/div><\/section><br \/>\n<section  class='av_textblock_section av-9ngav5-681dead2643294b869269fba23ef3d90 '   itemscope=\"itemscope\" itemtype=\"https:\/\/schema.org\/CreativeWork\" ><div class='avia_textblock'  itemprop=\"text\" ><h2><strong>Italienska som nationalspr\u00e5k<\/strong><\/h2>\n<p>Trots \u00e5rhundraden av omfattande litter\u00e4r produktion fick italienarna v\u00e4nta till Italiens enande 1861 f\u00f6r att f\u00e5 ett officiellt gemensamt spr\u00e5k. Toskansk italienska valdes f\u00f6r denna roll, \u00e4ven om endast en liten minoritet av befolkningen talade denna dialekt vid den tiden. De flesta italienare talade sina egna regionala dialekter. I dag \u00e4r det italienska spr\u00e5ket rikt och uttrycksfullt, kr\u00e4ver komplexa verbb\u00f6jningar, och italienarna \u00e4r stolta \u00f6ver att anv\u00e4nda det.   <\/p>\n<p>Tekniken kan vara ansvarig f\u00f6r introduktionen av m\u00e5nga l\u00e5nade engelska ord, som nu anv\u00e4nds frikostigt i b\u00e5de formella och informella samtal. Ist\u00e4llet f\u00f6r att insistera p\u00e5 korrekta \u00f6vers\u00e4ttningar av engelsk terminologi anv\u00e4nder italienarna ofta engelska ord som de \u00e4r, och h\u00f6jer till och med deras status till &#8221;fashionabla&#8221;. <\/p>\n<h3><strong>Italienska spr\u00e5ket och musik<\/strong><\/h3>\n<p>Alla som har studerat eller spelat musik k\u00e4nner till ord som crescendo, forte och tempo. Italienska har alltid varit spr\u00e5ket f\u00f6r operalibretton och erk\u00e4nns fortfarande universellt som det klassiska musikens spr\u00e5k. Men varf\u00f6r kallas italienska &#8221;la bella lingua&#8221; (det vackra spr\u00e5ket)? Den sjungande effekten av italienska kommer fr\u00e5n dess uttal: de flesta ord har accent p\u00e5 n\u00e4st sista stavelsen och slutar med en vokal, vilket f\u00e5r spr\u00e5ket att l\u00e5ta s\u00f6tt och lyriskt f\u00f6r utl\u00e4ndska \u00f6ron.   <\/p>\n<h3><strong>Italienare: Ett folk av helgon, poeter, sj\u00f6m\u00e4n och&#8230;<\/strong><\/h3>\n<p>Detta ber\u00f6mda motto definierar italienarna v\u00e4l och \u00e5terspeglar de religi\u00f6sa och historiska r\u00f6tterna i Belpaese. F\u00f6r att parafrasera Winston Churchills uttalande om att italienarna f\u00f6rlorar krig som om de vore fotbollsmatcher och fotbollsmatcher som om de vore krig, skulle jag ocks\u00e5 till\u00e4gga att italienarna \u00e4r passionerade fotbollskommentatorer, lika h\u00e4ngivna och h\u00e5rdnackade som de \u00e4r experter p\u00e5 politik. Italiens position vid Medelhavet har l\u00e4mnat det \u00f6ppet f\u00f6r invasion genom \u00e5rhundradena, vilket gjort det skickligt p\u00e5 att ta emot andra kulturer.  <\/p>\n<p>Italienarna kan klaga p\u00e5 f\u00f6r\u00e4ndringar av sin kultur och sitt spr\u00e5k, men de \u00e4r en varm, v\u00e4lkomnande befolkning som har l\u00e4rt sig att berikas av m\u00e5ngfald snarare \u00e4n att bek\u00e4mpa den. Den italienske journalisten Beppe Severgnini skrev att ett r\u00f6tt ljus vid en trafikskorsning \u00e4r mer ett f\u00f6rslag \u00e4n ett kommando eftersom italienarna f\u00f6redrar att t\u00e4nka snarare \u00e4n att f\u00e5 veta vad de ska g\u00f6ra. Utl\u00e4nningar kan betrakta detta som ett hot mot s\u00e4kerheten, men italienarna man\u00f6vrerar i allm\u00e4nhet skickligt genom labyrinten av trafikljus, f\u00f6rordningar, lagar och traditionella s\u00e4tt att g\u00f6ra saker p\u00e5.  <\/p>\n<h3><strong>Italienska spr\u00e5ket och kommunikation<\/strong><\/h3>\n<p>Man skulle kunna h\u00e4vda att det universella spr\u00e5ket i Italien inte \u00e4r italienska utan gester. Denna &#8221;praktiska&#8221; kommunikationsmetod hj\u00e4lper italienarna att bli f\u00f6rst\u00e5dda utomlands, \u00e4ven n\u00e4r de inte talar spr\u00e5ket. Utl\u00e4nningar b\u00f6r ha detta i \u00e5tanke n\u00e4r de bes\u00f6ker Italien \u2013 italienarna drabbas inte av nerv\u00f6sa tics; snarare \u00e4r de mycket kommunikativa m\u00e4nniskor som inte \u00e4r r\u00e4dda f\u00f6r att komma fysiskt n\u00e4ra n\u00e4r de kommunicerar. Folkets v\u00e4rme k\u00e4nns omedelbart, s\u00e4rskilt n\u00e4r man delar en m\u00e5ltid eller ett glas vin, som allm\u00e4nt betraktas som bland de b\u00e4sta i v\u00e4rlden.<\/p>\n<\/div><\/section><br \/>\n<section  class='av_textblock_section av-67uxe9-ed20f529947e3450b57db5e7e8a710d6 '   itemscope=\"itemscope\" itemtype=\"https:\/\/schema.org\/CreativeWork\" ><div class='avia_textblock'  itemprop=\"text\" ><p><a href=\"https:\/\/www.star-ts.com\/languages\/free-translation-resources\/how-to-say-i-love-you\/\">Hur man s\u00e4ger jag \u00e4lskar dig p\u00e5 italienska<\/a><\/p>\n<p><a href=\"https:\/\/www.star-ts.com\/languages\/free-translation-resources\/\">Gratis \u00f6vers\u00e4ttningsresurser<\/a><\/p>\n<\/div><\/section><\/p><\/div>\n","protected":false},"excerpt":{"rendered":"<p>Vill ni expandera till den italienska marknaden?<\/p>\n<p>Vi specialiserar oss p\u00e5 italienska \u00f6vers\u00e4ttningstj\u00e4nster f\u00f6r tillverkare, mjukvaruutvecklare och ingenj\u00f6rsfirmor som beh\u00f6ver precision, snabbhet och branschexpertis.<\/p>\n","protected":false},"author":1,"featured_media":106040,"parent":0,"menu_order":14,"comment_status":"closed","ping_status":"closed","template":"","meta":{"footnotes":""},"class_list":["post-119888","page","type-page","status-publish","has-post-thumbnail","hentry"],"_links":{"self":[{"href":"https:\/\/www.star-ts.com\/sv\/wp-json\/wp\/v2\/pages\/119888","targetHints":{"allow":["GET"]}}],"collection":[{"href":"https:\/\/www.star-ts.com\/sv\/wp-json\/wp\/v2\/pages"}],"about":[{"href":"https:\/\/www.star-ts.com\/sv\/wp-json\/wp\/v2\/types\/page"}],"author":[{"embeddable":true,"href":"https:\/\/www.star-ts.com\/sv\/wp-json\/wp\/v2\/users\/1"}],"replies":[{"embeddable":true,"href":"https:\/\/www.star-ts.com\/sv\/wp-json\/wp\/v2\/comments?post=119888"}],"version-history":[{"count":0,"href":"https:\/\/www.star-ts.com\/sv\/wp-json\/wp\/v2\/pages\/119888\/revisions"}],"wp:featuredmedia":[{"embeddable":true,"href":"https:\/\/www.star-ts.com\/sv\/wp-json\/wp\/v2\/media\/106040"}],"wp:attachment":[{"href":"https:\/\/www.star-ts.com\/sv\/wp-json\/wp\/v2\/media?parent=119888"}],"curies":[{"name":"wp","href":"https:\/\/api.w.org\/{rel}","templated":true}]}}