{"id":119884,"date":"2025-11-07T12:48:08","date_gmt":"2025-11-07T12:48:08","guid":{"rendered":"https:\/\/www.star-ts.com\/how-to-review-your-translations\/"},"modified":"2026-01-05T12:16:07","modified_gmt":"2026-01-05T12:16:07","slug":"how-to-review-your-translations","status":"publish","type":"page","link":"https:\/\/www.star-ts.com\/sv\/translation-faq\/how-to-review-your-translations\/","title":{"rendered":"Hur man granskar sina \u00f6vers\u00e4ttningar"},"content":{"rendered":"<div id='full_slider_1'  class='avia-fullwidth-slider main_color avia-shadow av-small-hide av-mini-hide  avia-builder-el-0  el_before_av_one_full  avia-builder-el-first   container_wrap sidebar_right'  ><div  class='avia-slideshow av-8jfjbyo-cdb3f20ddfde4925e002224412ea6d06 avia-slideshow-featured av_slideshow_full avia-slide-slider av-small-hide av-mini-hide av-slideshow-ui av-control-default av-slideshow-manual av-loop-once av-loop-manual-endless av-default-height-applied   avia-slideshow-1' data-slideshow-options=\"{&quot;animation&quot;:&quot;slide&quot;,&quot;autoplay&quot;:false,&quot;loop_autoplay&quot;:&quot;once&quot;,&quot;interval&quot;:5,&quot;loop_manual&quot;:&quot;manual-endless&quot;,&quot;autoplay_stopper&quot;:false,&quot;noNavigation&quot;:false,&quot;bg_slider&quot;:false,&quot;keep_padding&quot;:false,&quot;hoverpause&quot;:false,&quot;show_slide_delay&quot;:0}\"  itemprop=\"image\" itemscope=\"itemscope\" itemtype=\"https:\/\/schema.org\/ImageObject\" ><ul class='avia-slideshow-inner ' style='padding-bottom: 28.666666666667%;'><li  class='avia-slideshow-slide av-8jfjbyo-cdb3f20ddfde4925e002224412ea6d06__0  av-single-slide slide-1 slide-odd'><div data-rel='slideshow-1' class='avia-slide-wrap '   ><div class='av-slideshow-caption av-8jfjbyo-cdb3f20ddfde4925e002224412ea6d06__0 caption_fullwidth caption_center caption_center_framed caption_framed'><div class=\"container caption_container\"><div class=\"slideshow_caption\"><div class=\"slideshow_inner_caption\"><div class=\"slideshow_align_caption\"><h2 class='avia-caption-title '  itemprop=\"name\" >Granska dina \u00f6vers\u00e4ttningar<\/h2><div class='avia-caption-content '  itemprop=\"description\" ><p>B\u00e4sta praxis f\u00f6r enast\u00e5ende \u00f6vers\u00e4ttning.<\/p>\n<\/div><\/div><\/div><\/div><\/div><\/div><img decoding=\"async\" fetchpriority=\"high\" class=\"wp-image-72427 avia-img-lazy-loading-not-72427\"  src=\"https:\/\/www.star-ts.com\/wp-content\/uploads\/2018\/07\/checking-reviews-1500x430.jpg\" width=\"1500\" height=\"430\" title='Kontroll av ett papper' alt='Kvalitetskontroll'  itemprop=\"thumbnailUrl\"   \/><\/div><\/li><\/ul><\/div><\/div><div id='after_full_slider_1'  class='main_color av_default_container_wrap container_wrap sidebar_right'  ><div class='container av-section-cont-open' ><div class='template-page content  av-content-small alpha units'><div class='post-entry post-entry-type-page post-entry-119884'><div class='entry-content-wrapper clearfix'>\n<div  class='flex_column av-qzf428-60f9928dcb0e43d6940f42f35f8fecf4 av_one_full  avia-builder-el-1  el_after_av_slideshow_full  el_before_av_image  avia-builder-el-first  first flex_column_div  '     ><section  class='av_textblock_section av-78r9si8-a385aabe7493ad23d434450b50507cdd '   itemscope=\"itemscope\" itemtype=\"https:\/\/schema.org\/CreativeWork\" ><div class='avia_textblock'  itemprop=\"text\" ><h1>Nu n\u00e4r du precis har avslutat din \u00f6vers\u00e4ttning, hur kontrollerar du den?<\/h1>\n<p>Det finns ett antal s\u00e4tt att granska och kontrollera din \u00f6vers\u00e4ttning f\u00f6r att s\u00e4kerst\u00e4lla att den \u00e4r perfekt. Var och en har sin egen process och sina egna f\u00f6rdelar. <\/p>\n<ul class=\"tik\">\n<li>STAR kan tillhandah\u00e5lla en komplett \u00f6vers\u00e4ttnings- och granskningsprocess<\/li>\n<li>Du kan l\u00e5ta din egen interna personal kontrollera \u00f6vers\u00e4ttningen<\/li>\n<li>Du kan l\u00e5ta dina lokala team kontrollera \u00f6vers\u00e4ttningen<\/li>\n<\/ul>\n<p>F\u00f6r att uppn\u00e5 b\u00e4sta resultat vid granskningar kan det vara f\u00f6rdelaktigt att l\u00e5ta en dom\u00e4nexpert granska \u00f6vers\u00e4ttningarna.<\/p>\n<p>Meddela oss om du best\u00e4mmer dig f\u00f6r att l\u00e5ta din \u00f6vers\u00e4ttning granskas internt av en person med spr\u00e5ket som modersm\u00e5l, s\u00e5 att vi kan erbjuda dig den b\u00e4sta granskningsprocessen f\u00f6r ditt projekt och inkludera detta steg i projektets livscykel och schema.<\/p>\n<h3>\u00d6vers\u00e4ttning \u00e4r till viss del en fr\u00e5ga om preferenser<\/h3>\n<p>Alla har sitt eget s\u00e4tt att kommunicera, med stilistiska preferenser och f\u00f6redragna formuleringar. En persons personliga preferenser \u00e4r inte n\u00f6dv\u00e4ndigtvis mer korrekta \u00e4n en annan persons, och det finns mer \u00e4n ett r\u00e4tt s\u00e4tt att uttrycka samma id\u00e9. \u00d6vers\u00e4ttaren kanske s\u00e4ger att en person sitter vid sitt \u201dskrivbord\u201d p\u00e5 \u201dkontoret\u201d, medan en granskare f\u00f6redrar att s\u00e4ga att denna person sitter vid sin \u201darbetsstation\u201d i \u201df\u00f6retagets lokaler\u201d. \u00c4nd\u00e5 betyder dessa tv\u00e5 uttalanden i grunden samma sak.<\/p>\n<\/div><\/section><\/div>\n\n<style type=\"text\/css\" data-created_by=\"avia_inline_auto\" id=\"style-css-av-klqu91kq-110a005cfe4d3d420c80c3a221ff9b33\">\n.avia-image-container.av-klqu91kq-110a005cfe4d3d420c80c3a221ff9b33 img.avia_image{\nbox-shadow:none;\n}\n.avia-image-container.av-klqu91kq-110a005cfe4d3d420c80c3a221ff9b33 .av-image-caption-overlay-center{\ncolor:#ffffff;\n}\n<\/style>\n<div  class='avia-image-container av-klqu91kq-110a005cfe4d3d420c80c3a221ff9b33 av-styling- avia-align-center  avia-builder-el-3  el_after_av_one_full  el_before_av_one_full '   itemprop=\"image\" itemscope=\"itemscope\" itemtype=\"https:\/\/schema.org\/ImageObject\" ><div class=\"avia-image-container-inner\"><div class=\"avia-image-overlay-wrap\"><img decoding=\"async\" loading=\"lazy\" class='wp-image-68873 avia-img-lazy-loading-68873 avia_image ' src=\"https:\/\/www.star-ts.com\/wp-content\/uploads\/2015\/04\/faq-review-translation-graphic.png\" alt='Checklista f\u00f6r \u00f6vers\u00e4ttningsgranskning' title='Checklista f\u00f6r \u00f6vers\u00e4ttningsgranskning'  height=\"400\" width=\"400\"  itemprop=\"thumbnailUrl\" srcset=\"https:\/\/www.star-ts.com\/wp-content\/uploads\/2015\/04\/faq-review-translation-graphic.png 400w, https:\/\/www.star-ts.com\/wp-content\/uploads\/2015\/04\/faq-review-translation-graphic-80x80.png 80w, https:\/\/www.star-ts.com\/wp-content\/uploads\/2015\/04\/faq-review-translation-graphic-300x300.png 300w, https:\/\/www.star-ts.com\/wp-content\/uploads\/2015\/04\/faq-review-translation-graphic-36x36.png 36w, https:\/\/www.star-ts.com\/wp-content\/uploads\/2015\/04\/faq-review-translation-graphic-180x180.png 180w, https:\/\/www.star-ts.com\/wp-content\/uploads\/2015\/04\/faq-review-translation-graphic-120x120.png 120w\" sizes=\"auto, (max-width: 400px) 100vw, 400px\" \/><\/div><\/div><\/div>\n<div  class='flex_column av-6quf774-58e48da22027bdf1bd6c465f6465cc6f av_one_full  avia-builder-el-4  el_after_av_image  el_before_av_one_full  first flex_column_div  '     ><section  class='av_textblock_section av-6elwkpc-e71e3de490e210529967f6988d0b15e0 '   itemscope=\"itemscope\" itemtype=\"https:\/\/schema.org\/CreativeWork\" ><div class='avia_textblock'  itemprop=\"text\" ><div class=\"uxf\">\n<h3>\u00d6vers\u00e4ttningar av god kvalitet: \u00f6vers\u00e4ttare och korrekturl\u00e4sare<\/h3>\n<p>Under sina 35 \u00e5rs erfarenhet har STAR utvecklat v\u00e4l bepr\u00f6vade processer f\u00f6r att leverera kvalitets\u00f6vers\u00e4ttningar. Professionella \u00f6vers\u00e4ttningsteam best\u00e5ende av \u00f6vers\u00e4ttare och oberoende granskare kommer att producera fantastiska \u00f6vers\u00e4ttningar med f\u00f6ljande egenskaper: <\/p>\n<ul class=\"tik\">\n<li>den \u00f6versatta texten \u00e4r <strong>grammatiskt korrekt<\/strong> och har inga stavfel eller felstavningar<\/li>\n<li>den \u00f6versatta texten \u00e4r en <strong>noggrann \u00f6vers\u00e4ttning<\/strong> av k\u00e4lltexten<\/li>\n<li>den \u00f6versatta texten <strong>flyter smidigt<\/strong> f\u00f6r m\u00e5lgruppen<\/li>\n<li>den \u00f6versatta texten <strong>tj\u00e4nar samma syfte som k\u00e4lltexten<\/strong> var avsedd att g\u00f6ra, men p\u00e5 ett s\u00e4tt som \u00f6vertygar m\u00e5lgruppen om att texten ursprungligen skrevs f\u00f6r dem<\/li>\n<\/ul>\n<p>Men \u00e4ven om \u00f6vers\u00e4ttningskvaliteten \u00e4r god, kanske den inte alltid passar 100 % med kundens preferenser.<\/p>\n<\/div>\n<\/div><\/section><\/div>\n<div  class='flex_column av-kv90k0-b21ec8c94aaa4839acd89911935843e2 av_one_full  avia-builder-el-6  el_after_av_one_full  el_before_av_one_full  first flex_column_div  column-top-margin'     ><section  class='av_textblock_section av-igi5ps-5deb6507b3f251b118fd77e978dda04c '   itemscope=\"itemscope\" itemtype=\"https:\/\/schema.org\/CreativeWork\" ><div class='avia_textblock'  itemprop=\"text\" ><div class=\"uxf\">\n<h3>Granskningar av icke-spr\u00e5kprofessionella<\/h3>\n<p>Icke-spr\u00e5kprofessionella eller dom\u00e4nexpertgranskare anv\u00e4nder ofta <a href=\"https:\/\/www.star-ts.com\/sv\/translation-faq\/what-is-terminology\/\">preferentiell terminologi<\/a> och preferentiell stil som \u00e5terspeglar hur kunder och anv\u00e4ndare vanligtvis kommunicerar. De kan ge en f\u00f6rs\u00e4kran om att \u00f6vers\u00e4ttningen flyter smidigt p\u00e5 deras spr\u00e5k, och att den anv\u00e4nder l\u00e4mpligt ordf\u00f6rr\u00e5d och terminologi f\u00f6r branschen. De kan ocks\u00e5 s\u00e4kerst\u00e4lla att \u00f6vers\u00e4ttningen tj\u00e4nar r\u00e4tt syfte.  <\/p>\n<p>Icke-spr\u00e5kprofessionella \u00e4r dock ben\u00e4gna att inf\u00f6ra grammatik- och stavfel i granskningarna. Dessutom \u00e4r deras granskningar ofta mindre trogna den ursprungliga k\u00e4llan och kan d\u00e4rf\u00f6r till viss del betraktas mer som <g id=\"gid_0\">lokaliseringar<\/g> eller <g id=\"gid_1\">transkreationer<\/g>. Att vara mindre trogen den ursprungliga k\u00e4llan kan vara bra ur ett f\u00f6rs\u00e4ljnings- och marknadsf\u00f6ringsperspektiv, men det kan \u00f6ppna upp f\u00f6retaget f\u00f6r oavsiktliga juridiska, garanti-, h\u00e4lso- och s\u00e4kerhets- eller avtalsm\u00e4ssiga skyldigheter.  <\/p>\n<\/div>\n<\/div><\/section><\/div>\n<div  class='flex_column av-4sj0dbk-259c5d6513f4f16d9210d9e0519dbe03 av_one_full  avia-builder-el-8  el_after_av_one_full  el_before_av_one_full  first flex_column_div  column-top-margin'     ><section  class='av_textblock_section av-4df96j4-5f03d32d0ca0ec24440b800d3e32fbda '   itemscope=\"itemscope\" itemtype=\"https:\/\/schema.org\/CreativeWork\" ><div class='avia_textblock'  itemprop=\"text\" ><h3>B\u00e4sta praxis<\/h3>\n<p>Om du best\u00e4mmer dig f\u00f6r att l\u00e5ta din k\u00e4nsliga marknadsf\u00f6rings- och f\u00f6rs\u00e4ljningsdokumentation granskas, b\u00f6r b\u00e4sta praxis f\u00f6ljas f\u00f6r att s\u00e4kerst\u00e4lla kvaliteten p\u00e5 den slutliga publikationen:<\/p>\n<ol>\n<li>L\u00e5t STARs professionella \u00f6vers\u00e4ttare och professionella granskare skapa \u00f6vers\u00e4ttningarna.<\/li>\n<li>L\u00e5t en lokal dom\u00e4nexpert granska och uppdatera \u00f6vers\u00e4ttningarna.<\/li>\n<li>L\u00e5t STARs professionella \u00f6vers\u00e4ttare kontrollera grammatiken och stavningen i korrigeringarna, samt kontrollera att granskningarna fortfarande \u00e4r trogna originaltexten och till\u00e4mpas konsekvent i hela materialet.<\/li>\n<\/ol>\n<blockquote>\n<p>Vi rekommenderar att granskningar endast genomf\u00f6rs n\u00e4r det \u00e4r n\u00f6dv\u00e4ndigt, eftersom dom\u00e4nexperterna kommer att l\u00e4gga ner extra tid och \u00f6vers\u00e4ttarna kan \u00e5dra sig ytterligare tid och kostnader f\u00f6r att kontrollera \u00e4ndringarna.<\/p>\n<\/blockquote>\n<\/div><\/section><\/div>\n<p><div  class='flex_column av-3pyu38w-7f04681147175b29b3731c6e30cbdfb5 av_one_full  avia-builder-el-10  el_after_av_one_full  el_before_av_one_full  first flex_column_div  column-top-margin'     ><section  class='av_textblock_section av-3k3cx68-b073e531571dc2d14ebf4b87660e8119 '   itemscope=\"itemscope\" itemtype=\"https:\/\/schema.org\/CreativeWork\" ><div class='avia_textblock'  itemprop=\"text\" ><h3>STARs onlinegranskningsportal \u2013 WebEdit<\/h3>\n<p><a href=\"https:\/\/www.star-ts.com\/sv\/webcheck-online-review-system\/\">WebEdit<\/a> \u00e4r ett effektivt verktyg som g\u00f6r att du kan granska dina \u00f6vers\u00e4ttningar via en dedikerad onlinegranskningsportal som hj\u00e4lper till att effektivisera inneh\u00e5llsgranskningen. Detta bidrar till att minska de extra kostnaderna och den tid som l\u00e4ggs ner p\u00e5 granskningsrundor och m\u00f6jligg\u00f6r en direkt integrering av \u00e4ndringarna. <\/p>\n<h4>Hur fungerar det?<\/h4>\n<p>STAR laddar upp de \u00f6versatta filerna online och ger dig tillg\u00e5ng till dem. Efter att ha loggat in p\u00e5 portalen kan din granskare se \u00f6vers\u00e4ttningarna sida vid sida med k\u00e4llinneh\u00e5llet i ett integrerat f\u00f6nster och arbeta direkt med de \u00f6versatta filerna f\u00f6r att utf\u00f6ra de \u00e4ndringar som kr\u00e4vs. Det anv\u00e4ndarv\u00e4nliga gr\u00e4nssnittet g\u00f6r det mycket enkelt och snabbt att granska dina \u00f6versatta dokument i WebEdit, och den synkroniserade tv\u00e5spr\u00e5kiga displayen s\u00e4kerst\u00e4ller en b\u00e4ttre noggrannhet i granskningen.  <\/p>\n<p>Dessutom tillhandah\u00e5ller WebEdit ett direkt gr\u00e4nssnitt till STARs arbetsformat, s\u00e5 n\u00e4r \u00e4ndringarna har infogats av din granskare och kontrollerats av v\u00e5ra \u00f6vers\u00e4ttningsteam, sparas och lagras de f\u00f6redragna \u00f6vers\u00e4ttningarna omedelbart f\u00f6r \u00e5teranv\u00e4ndning i dina framtida \u00f6vers\u00e4ttningar. Detta eliminerar ocks\u00e5 helt behovet av en tidskr\u00e4vande manuell implementering av \u00e4ndringar fr\u00e5n PDF-filer tillbaka till de \u00f6versatta filerna och h\u00e5ller d\u00e4rf\u00f6r ytterligare tid och kostnader till ett minimum. <\/p>\n<p>WebEdit kommer att f\u00f6renkla din <a href=\"https:\/\/www.star-ts.com\/sv\/webcheck-online-review-system\/\">granskningsprocess<\/a>: det undviker utbyte av filer under granskningsstadiet, sp\u00e5rar de \u00e4ndringar som lagts till automatiskt och centraliserar alla filer som beh\u00f6vs f\u00f6r granskningen p\u00e5 en enda plattform. Detta garanterar ett snabbare genomf\u00f6rande av granskningskomponenten och av de \u00f6vergripande projekten.<\/p>\n<\/div><\/section><br \/>\n\n<style type=\"text\/css\" data-created_by=\"avia_inline_auto\" id=\"style-css-av-m9vawuxb-a9b438ee36b9c984b035d948e6b96038\">\n.avia-image-container.av-m9vawuxb-a9b438ee36b9c984b035d948e6b96038 img.avia_image{\nbox-shadow:none;\n}\n.avia-image-container.av-m9vawuxb-a9b438ee36b9c984b035d948e6b96038 .av-image-caption-overlay-center{\ncolor:#ffffff;\n}\n<\/style>\n<div  class='avia-image-container av-m9vawuxb-a9b438ee36b9c984b035d948e6b96038 av-styling- avia-align-center  avia-builder-el-12  el_after_av_textblock  avia-builder-el-last '   itemprop=\"image\" itemscope=\"itemscope\" itemtype=\"https:\/\/schema.org\/ImageObject\" ><div class=\"avia-image-container-inner\"><div class=\"avia-image-overlay-wrap\"><img decoding=\"async\" fetchpriority=\"high\" class='wp-image-116599 avia-img-lazy-loading-not-116599 avia_image ' src=\"https:\/\/www.star-ts.com\/wp-content\/uploads\/WebEdit-Editor.png\" alt='CLM WebEdit-bild som visar en dokument\u00f6vers\u00e4ttning som redigeras.' title='WebEdit-redigerare'  height=\"649\" width=\"1808\"  itemprop=\"thumbnailUrl\" srcset=\"https:\/\/www.star-ts.com\/wp-content\/uploads\/WebEdit-Editor.png 1808w, https:\/\/www.star-ts.com\/wp-content\/uploads\/WebEdit-Editor-300x108.png 300w, https:\/\/www.star-ts.com\/wp-content\/uploads\/WebEdit-Editor-1030x370.png 1030w, https:\/\/www.star-ts.com\/wp-content\/uploads\/WebEdit-Editor-80x29.png 80w, https:\/\/www.star-ts.com\/wp-content\/uploads\/WebEdit-Editor-768x276.png 768w, https:\/\/www.star-ts.com\/wp-content\/uploads\/WebEdit-Editor-1536x551.png 1536w, https:\/\/www.star-ts.com\/wp-content\/uploads\/WebEdit-Editor-1500x538.png 1500w, https:\/\/www.star-ts.com\/wp-content\/uploads\/WebEdit-Editor-705x253.png 705w\" sizes=\"(max-width: 1808px) 100vw, 1808px\" \/><\/div><\/div><\/div><\/p><\/div><div  class='flex_column av-2v43t2o-56236c1114edc86542e6631e89893e66 av_one_full  avia-builder-el-13  el_after_av_one_full  avia-builder-el-last  first flex_column_div  column-top-margin'     ><section  class='av_textblock_section av-2cfxf3k-2c51ff6c85de38b3cac7497106ca7f69 '   itemscope=\"itemscope\" itemtype=\"https:\/\/schema.org\/CreativeWork\" ><div class='avia_textblock'  itemprop=\"text\" ><div class=\"uxf\">\n<h3>Granskningar i Word, PDF, Excel etc.<\/h3>\n<p>Ett mer <em>traditionellt<\/em> tillv\u00e4gag\u00e5ngss\u00e4tt \u00e4r att granska dina \u00f6vers\u00e4ttningar i det ursprungliga filformatet eller via PDF-filer, med hj\u00e4lp av <strong>sp\u00e5ra \u00e4ndringar<\/strong> eller kommenteringsverktyg.<\/p>\n<p>Det \u00e4r dock sv\u00e5rare att h\u00e5lla reda p\u00e5 \u00e4ndringar med vissa filtyper. Till exempel, i Excel och PowerPoint \u00e4r \u00e4ndringar inte lika l\u00e4tta att identifiera som i Word. Processen \u00e4r mer komplex n\u00e4r man hanterar designfiler (till exempel InDesign-filer), d\u00e4r \u00e4ndringarna markeras p\u00e5 PDF-filen och sedan m\u00e5ste implementeras tillbaka i InDesign-filerna av v\u00e5rt team.  <\/p>\n<p>Generellt sett kommer detta granskningss\u00e4tt att medf\u00f6ra vissa extra kostnader och kan bromsa ett projekt. Detta beror p\u00e5 att v\u00e5rt team m\u00e5ste hantera en mer komplex process. Vi m\u00e5ste implementera dina \u00e4ndringar, uppdatera v\u00e5rt \u00f6vers\u00e4ttningsminnessystem och sedan \u00e5terskapa nya filer f\u00f6r dig p\u00e5 de olika spr\u00e5ken igen.  <\/p>\n<p>N\u00e4r onlinegranskning inte \u00e4r m\u00f6jlig \u00e4r detta, \u00e4ven om det \u00e4r sv\u00e5rare, fortfarande den b\u00e4sta branschpraxis f\u00f6r granskning av \u00f6vers\u00e4ttning.<\/p>\n<\/div>\n<\/div><\/section><br \/>\n<section  class='av_textblock_section av-1l8f2nk-bbfa43956144674e1638417b4f7086ff '   itemscope=\"itemscope\" itemtype=\"https:\/\/schema.org\/CreativeWork\" ><div class='avia_textblock'  itemprop=\"text\" ><p><a href=\"https:\/\/www.star-ts.com\/sv\/translation-faq\/how-do-you-price-translation-projects\/\">Hur priss\u00e4tter man \u00f6vers\u00e4ttning?<\/a><\/p>\n<p><a href=\"https:\/\/www.star-ts.com\/translation-faq\/what-is-segmentation\/\">Vad \u00e4r segmentering?<\/a><\/p>\n<p><a href=\"https:\/\/www.star-ts.com\/sv\/translation-faq\/how-should-i-get-a-translation-reviewed\/\">Hur f\u00e5r man en \u00f6vers\u00e4ttning granskad?<\/a><\/p>\n<\/div><\/section><\/p><\/div><\/p>\n","protected":false},"excerpt":{"rendered":"","protected":false},"author":1,"featured_media":72427,"parent":119912,"menu_order":40,"comment_status":"closed","ping_status":"open","template":"","meta":{"footnotes":""},"class_list":["post-119884","page","type-page","status-publish","has-post-thumbnail","hentry"],"_links":{"self":[{"href":"https:\/\/www.star-ts.com\/sv\/wp-json\/wp\/v2\/pages\/119884","targetHints":{"allow":["GET"]}}],"collection":[{"href":"https:\/\/www.star-ts.com\/sv\/wp-json\/wp\/v2\/pages"}],"about":[{"href":"https:\/\/www.star-ts.com\/sv\/wp-json\/wp\/v2\/types\/page"}],"author":[{"embeddable":true,"href":"https:\/\/www.star-ts.com\/sv\/wp-json\/wp\/v2\/users\/1"}],"replies":[{"embeddable":true,"href":"https:\/\/www.star-ts.com\/sv\/wp-json\/wp\/v2\/comments?post=119884"}],"version-history":[{"count":0,"href":"https:\/\/www.star-ts.com\/sv\/wp-json\/wp\/v2\/pages\/119884\/revisions"}],"up":[{"embeddable":true,"href":"https:\/\/www.star-ts.com\/sv\/wp-json\/wp\/v2\/pages\/119912"}],"wp:featuredmedia":[{"embeddable":true,"href":"https:\/\/www.star-ts.com\/sv\/wp-json\/wp\/v2\/media\/72427"}],"wp:attachment":[{"href":"https:\/\/www.star-ts.com\/sv\/wp-json\/wp\/v2\/media?parent=119884"}],"curies":[{"name":"wp","href":"https:\/\/api.w.org\/{rel}","templated":true}]}}