{"id":119871,"date":"2025-11-07T12:47:47","date_gmt":"2025-11-07T12:47:47","guid":{"rendered":"https:\/\/www.star-ts.com\/portuguese-translation\/"},"modified":"2025-12-08T14:11:36","modified_gmt":"2025-12-08T14:11:36","slug":"portuguese-translation","status":"publish","type":"page","link":"https:\/\/www.star-ts.com\/sv\/portuguese-translation\/","title":{"rendered":"Portugisiska \u00f6vers\u00e4ttningstj\u00e4nster"},"content":{"rendered":"<div id='full_slider_1'  class='avia-fullwidth-slider main_color avia-shadow av-small-hide av-mini-hide  avia-builder-el-0  el_before_av_one_full  avia-builder-el-first   container_wrap sidebar_right'  ><div  class='avia-slideshow av-k1bz0k8y-d6a10d0fcf52edb7497ca81573baf273 avia-slideshow-featured av_slideshow_full avia-slide-slider av-small-hide av-mini-hide av-slideshow-ui av-control-default av-slideshow-manual av-loop-once av-loop-manual-endless av-default-height-applied   avia-slideshow-1' data-slideshow-options=\"{&quot;animation&quot;:&quot;slide&quot;,&quot;autoplay&quot;:false,&quot;loop_autoplay&quot;:&quot;once&quot;,&quot;interval&quot;:5,&quot;loop_manual&quot;:&quot;manual-endless&quot;,&quot;autoplay_stopper&quot;:false,&quot;noNavigation&quot;:false,&quot;bg_slider&quot;:false,&quot;keep_padding&quot;:false,&quot;hoverpause&quot;:false,&quot;show_slide_delay&quot;:0}\"  itemprop=\"image\" itemscope=\"itemscope\" itemtype=\"https:\/\/schema.org\/ImageObject\" ><ul class='avia-slideshow-inner ' style='padding-bottom: 28.666666666667%;'><li  class='avia-slideshow-slide av-k1bz0k8y-d6a10d0fcf52edb7497ca81573baf273__0  av-single-slide slide-1 slide-odd'><div data-rel='slideshow-1' class='avia-slide-wrap '   ><div class='av-slideshow-caption av-k1bz0k8y-d6a10d0fcf52edb7497ca81573baf273__0 caption_fullwidth caption_center caption_center_framed caption_framed'><div class=\"container caption_container\"><div class=\"slideshow_caption\"><div class=\"slideshow_inner_caption\"><div class=\"slideshow_align_caption\"><h2 class='avia-caption-title '  itemprop=\"name\" >Portugisisk \u00f6vers\u00e4ttning<\/h2><div class='avia-caption-content '  itemprop=\"description\" ><p>Engelska till portugisiska \u00f6vers\u00e4ttningstj\u00e4nster<\/p>\n<\/div><\/div><\/div><\/div><\/div><\/div><img decoding=\"async\" fetchpriority=\"high\" class=\"wp-image-105350 avia-img-lazy-loading-not-105350\"  src=\"https:\/\/www.star-ts.com\/wp-content\/uploads\/2019\/10\/lisbon-4379656_1920-1500x430.jpg\" width=\"1500\" height=\"430\" title='lisbon-4379656_1920' alt=''  itemprop=\"thumbnailUrl\"   \/><\/div><\/li><\/ul><\/div><\/div><div id='after_full_slider_1'  class='main_color av_default_container_wrap container_wrap sidebar_right'  ><div class='container av-section-cont-open' ><div class='template-page content  av-content-small alpha units'><div class='post-entry post-entry-type-page post-entry-119871'><div class='entry-content-wrapper clearfix'>\n\n<style type=\"text\/css\" data-created_by=\"avia_inline_auto\" id=\"style-css-av-wtlix-ca1b1ebab2de92ccaa8bbc7d1625a2f3\">\n.flex_column.av-wtlix-ca1b1ebab2de92ccaa8bbc7d1625a2f3{\nborder-radius:0px 0px 0px 0px;\npadding:0px 0px 0px 0px;\n}\n<\/style>\n<div  class='flex_column av-wtlix-ca1b1ebab2de92ccaa8bbc7d1625a2f3 av_one_full  avia-builder-el-1  el_after_av_slideshow_full  el_before_av_one_third  avia-builder-el-first  first flex_column_div av-zero-column-padding  '     ><section  class='av_textblock_section av-3r4q49-360bed6de8da72e6cc229de8efeda86c '   itemscope=\"itemscope\" itemtype=\"https:\/\/schema.org\/CreativeWork\" ><div class='avia_textblock'  itemprop=\"text\" ><h1>Portugisiska \u00f6vers\u00e4ttningstj\u00e4nster<\/h1>\n<p>Professionella engelska till portugisiska \u00f6vers\u00e4ttningstj\u00e4nster av h\u00f6g kvalitet f\u00f6r Brasilien och Portugal.<\/p>\n<p>\u00d6vers\u00e4ttningstj\u00e4nster f\u00f6r webbplatser och dokument<\/p>\n<\/div><\/section><\/div>\n<div  class='flex_column av-u2knx5-d5e04fb0e4de8d9d257ed1b15c4788e2 av_one_third  avia-builder-el-3  el_after_av_one_full  el_before_av_two_third  first flex_column_div  column-top-margin'     ><style type=\"text\/css\" data-created_by=\"avia_inline_auto\" id=\"style-css-av-kyn7fphz-18f728dec99a28ae2d5a5faa78dc3b59\">\n.avia-image-container.av-kyn7fphz-18f728dec99a28ae2d5a5faa78dc3b59 img.avia_image{\nbox-shadow:none;\n}\n.avia-image-container.av-kyn7fphz-18f728dec99a28ae2d5a5faa78dc3b59 .av-image-caption-overlay-center{\ncolor:#ffffff;\n}\n<\/style>\n<div  class='avia-image-container av-kyn7fphz-18f728dec99a28ae2d5a5faa78dc3b59 av-styling- avia-align-center  avia-builder-el-4  avia-builder-el-no-sibling '   itemprop=\"image\" itemscope=\"itemscope\" itemtype=\"https:\/\/schema.org\/ImageObject\" ><div class=\"avia-image-container-inner\"><div class=\"avia-image-overlay-wrap\"><img decoding=\"async\" fetchpriority=\"high\" class='wp-image-66463 avia-img-lazy-loading-not-66463 avia_image ' src=\"https:\/\/www.star-ts.com\/wp-content\/uploads\/2014\/07\/portugal.jpg\" alt='Portugal' title='Portugal'  height=\"300\" width=\"400\"  itemprop=\"thumbnailUrl\" srcset=\"https:\/\/www.star-ts.com\/wp-content\/uploads\/2014\/07\/portugal.jpg 400w, https:\/\/www.star-ts.com\/wp-content\/uploads\/2014\/07\/portugal-80x60.jpg 80w, https:\/\/www.star-ts.com\/wp-content\/uploads\/2014\/07\/portugal-300x225.jpg 300w\" sizes=\"(max-width: 400px) 100vw, 400px\" \/><\/div><\/div><\/div><\/div>\n<div  class='flex_column av-oacit5-023256199d356008d6380f8a5068e3d6 av_two_third  avia-builder-el-5  el_after_av_one_third  el_before_av_one_full  flex_column_div  column-top-margin'     ><section  class='av_textblock_section av-lz09jt-21ed3c532b5ea359e07eeb3625115422 '   itemscope=\"itemscope\" itemtype=\"https:\/\/schema.org\/CreativeWork\" ><div class='avia_textblock'  itemprop=\"text\" ><h3>Portugisisktalande v\u00e4rlden<\/h3>\n<p>Vi tillhandah\u00e5ller engelska till europeisk portugisiska \u00f6vers\u00e4ttning och engelska till brasiliansk portugisiska \u00f6vers\u00e4ttning. Vi \u00e4r <a href=\"https:\/\/www.star-ts.com\/sv\/vad-innebar-iso-9001-certifiering\/\">ISO 9001<\/a> och <a href=\"https:\/\/www.star-ts.com\/sv\/vad-innebar-iso-17100-certifiering\/\">ISO 17100<\/a> kvalitetscertifierade. <\/p>\n<h3>Europeiska och brasilianska portugisiska \u00f6vers\u00e4ttningstj\u00e4nster<\/h3>\n<p>Om ni beh\u00f6ver en portugisisk \u00f6vers\u00e4ttare kan vi hj\u00e4lpa er. Alla v\u00e5ra \u00f6vers\u00e4ttare \u00e4r modersm\u00e5lstalare som bor i landet. Genom att anst\u00e4lla portugisiska modersm\u00e5lstalare med specialiserad \u00f6vers\u00e4ttningsexpertis kan vi leverera en komplett l\u00f6sning f\u00f6r alla era flerspr\u00e5kiga behov.  <\/p>\n<p>Vi g\u00f6r de mest komplexa portugisiska \u00f6vers\u00e4ttningsuppdragen enklare f\u00f6r er. L\u00e4s om v\u00e5r <a href=\"https:\/\/www.star-ts.com\/sv\/kvalitetsprocess-for-oversattning\/\">kvalitetsprocess<\/a><\/p>\n<\/div><\/section><\/div>\n<p><div  class='flex_column av-hod4vt-4eae53b696f90c202b84a43805fdd1dc av_one_full  avia-builder-el-7  el_after_av_two_third  el_before_av_one_full  first flex_column_div  column-top-margin'     ><section  class='av_textblock_section av-gdp6hl-5311c7a381b9d6b4d779508796dd854b '   itemscope=\"itemscope\" itemtype=\"https:\/\/schema.org\/CreativeWork\" ><div class='avia_textblock'  itemprop=\"text\" ><h3>Portugisisk desktop publishing<\/h3>\n<h4>Filformat<\/h4>\n<p>STAR kan leverera portugisisk \u00f6vers\u00e4ttning i praktiskt taget vilket filformat som helst. V\u00e5ra team \u00e4r experter p\u00e5 QuarkXPress, Adobe InDesign och FrameMaker, <abbr title=\"Hypertext markup language\">HTML<\/abbr>, <abbr title=\"Extensible markup language\">XML<\/abbr>, AutoCAD <abbr title=\"Drawing exchange format\">DXF<\/abbr>, Microsoft PowerPoint, Excel, Word<abbr> och mer<\/abbr>. <\/p>\n<h4>Expertis inom fordon och teknik<\/h4>\n<p>Genom att arbeta med kunder som BMW, DaimlerChrysler, Mowag och Tag Heuer i \u00f6ver 20 \u00e5r har STAR omfattande erfarenhet inom fordons- och teknisk ingenj\u00f6rssektorn. V\u00e5ra \u00f6vers\u00e4ttningsteams expertis levererar de b\u00e4sta tekniska \u00f6vers\u00e4ttningarna f\u00f6r era projekt. Detta \u00e4r en nyckelfaktor f\u00f6r att leverera kvalitetstj\u00e4nster till era kunder.  <\/p>\n<p>L\u00e4s mer om v\u00e5r tekniska \u00f6vers\u00e4ttning f\u00f6r <a href=\"https:\/\/www.star-ts.com\/sv\/oversattningstjanster-for-fordonsindustrin-teknik\/\">fordonsindustrin<\/a> och <a href=\"https:\/\/www.star-ts.com\/sv\/teknikoversattningstjanster\/\">ingenj\u00f6rssektorerna<\/a>.<\/p>\n<\/div><\/section><\/div>\n<style type=\"text\/css\" data-created_by=\"avia_inline_auto\" id=\"style-css-av-kysw95-020b9a72006617c88478bf2fea5f6251\">\n.flex_column.av-kysw95-020b9a72006617c88478bf2fea5f6251{\nborder-radius:0px 0px 0px 0px;\npadding:0px 0px 0px 0px;\n}\n<\/style>\n<div  class='flex_column av-kysw95-020b9a72006617c88478bf2fea5f6251 av_one_full  avia-builder-el-9  el_after_av_one_full  el_before_av_one_full  first flex_column_div av-zero-column-padding  column-top-margin'     ><section  class='av_textblock_section av-jjbbux-29064c49f31dc292ab3f62360d22c284 '   itemscope=\"itemscope\" itemtype=\"https:\/\/schema.org\/CreativeWork\" ><div class='avia_textblock'  itemprop=\"text\" ><h3 style=\"text-align: center\"><strong>\u00d6vers\u00e4ttningstj\u00e4nster<\/strong><\/h3>\n<p style=\"text-align: center\"><a href=\"https:\/\/www.star-ts.com\/sv\/documents\/health-and-safety\/\">H\u00e4lso- och s\u00e4kerhetsmanualer<\/a><\/p>\n<p style=\"text-align: center\"><a href=\"https:\/\/www.star-ts.com\/sv\/documents\/employee-handbooks\/\">Personalhandb\u00f6cker<\/a><\/p>\n<p style=\"text-align: center\"><a href=\"https:\/\/www.star-ts.com\/sv\/oversattningstjanster-for-fordonsindustrin-teknik\/\">Fordonsdokument<\/a><\/p>\n<p style=\"text-align: center\"><a href=\"https:\/\/www.star-ts.com\/sv\/dokumentoversattning\/\">Tekniska publikationer och manualer<\/a><\/p>\n<p style=\"text-align: center\"><a href=\"https:\/\/www.star-ts.com\/sv\/translation-services\/government-translation-services\/\">Offentliga sektorns dokument<\/a><\/p>\n<p style=\"text-align: center\"><a href=\"https:\/\/www.star-ts.com\/sv\/marketing-services\/marketing-campaigns\/e-commerce\/\">E-handelswebbplatser<\/a><\/p>\n<\/div><\/section><\/div><\/p>\n<div  class='flex_column av-jmf1l-428b9533dc0e2e8e7c9d8810176c0342 av_one_full  avia-builder-el-11  el_after_av_one_full  avia-builder-el-last  first flex_column_div  column-top-margin'     ><section  class='av_textblock_section av-htosp-b5d3e9d832907d3ed5e88101924b3810 '   itemscope=\"itemscope\" itemtype=\"https:\/\/schema.org\/CreativeWork\" ><div class='avia_textblock'  itemprop=\"text\" ><div  class='avia-button-wrap avia-button-center  avia-builder-el-13  avia-builder-el-no-sibling '>\n<style type=\"text\/css\" data-created_by=\"avia_inline_auto\" id=\"style-css-av-355m6h-9b1d95b056d02c2d28f771c91a220eae\">\n#top #wrap_all .avia-button.av-355m6h-9b1d95b056d02c2d28f771c91a220eae:hover{\ncolor:white;\ntransition:all 0.4s ease-in-out;\n}\n#top #wrap_all .avia-button.av-355m6h-9b1d95b056d02c2d28f771c91a220eae:hover .avia-svg-icon svg:first-child{\nfill:white;\nstroke:white;\n}\n<\/style>\n<a href='https:\/\/www.star-ts.com\/sv\/kontakt\/' class='avia-color-theme-color avia-font-color-theme-color avia-button avia-button-fullwidth av-355m6h-9b1d95b056d02c2d28f771c91a220eae avia-icon_select-no avia-color-theme-color'  title=\"Contact Us\" aria-label=\"Contact Us\"><span class='avia_iconbox_title' >Kontakta oss<\/span><span class='avia_button_background avia-button avia-button-fullwidth avia-color-theme-color-highlight'><\/span><\/a><\/div>\n<\/div><\/section><\/div>\n","protected":false},"excerpt":{"rendered":"<p>Om ni beh\u00f6ver en portugisisk \u00f6vers\u00e4ttare kan vi hj\u00e4lpa er. Alla v\u00e5ra \u00f6vers\u00e4ttare \u00e4r modersm\u00e5lstalare som bor i landet. Genom att anst\u00e4lla portugisiska modersm\u00e5lstalare med specialiserad \u00f6vers\u00e4ttningsexpertis kan vi leverera en komplett l\u00f6sning f\u00f6r alla era flerspr\u00e5kiga behov.  <\/p>\n","protected":false},"author":1,"featured_media":66463,"parent":0,"menu_order":21,"comment_status":"closed","ping_status":"closed","template":"","meta":{"footnotes":""},"class_list":["post-119871","page","type-page","status-publish","has-post-thumbnail","hentry"],"_links":{"self":[{"href":"https:\/\/www.star-ts.com\/sv\/wp-json\/wp\/v2\/pages\/119871","targetHints":{"allow":["GET"]}}],"collection":[{"href":"https:\/\/www.star-ts.com\/sv\/wp-json\/wp\/v2\/pages"}],"about":[{"href":"https:\/\/www.star-ts.com\/sv\/wp-json\/wp\/v2\/types\/page"}],"author":[{"embeddable":true,"href":"https:\/\/www.star-ts.com\/sv\/wp-json\/wp\/v2\/users\/1"}],"replies":[{"embeddable":true,"href":"https:\/\/www.star-ts.com\/sv\/wp-json\/wp\/v2\/comments?post=119871"}],"version-history":[{"count":0,"href":"https:\/\/www.star-ts.com\/sv\/wp-json\/wp\/v2\/pages\/119871\/revisions"}],"wp:featuredmedia":[{"embeddable":true,"href":"https:\/\/www.star-ts.com\/sv\/wp-json\/wp\/v2\/media\/66463"}],"wp:attachment":[{"href":"https:\/\/www.star-ts.com\/sv\/wp-json\/wp\/v2\/media?parent=119871"}],"curies":[{"name":"wp","href":"https:\/\/api.w.org\/{rel}","templated":true}]}}