{"id":119867,"date":"2025-11-07T12:47:42","date_gmt":"2025-11-07T12:47:42","guid":{"rendered":"https:\/\/www.star-ts.com\/ui-translation\/"},"modified":"2025-11-07T12:53:21","modified_gmt":"2025-11-07T12:53:21","slug":"ui-translation","status":"publish","type":"page","link":"https:\/\/www.star-ts.com\/sv\/translation-faq\/ui-translation\/","title":{"rendered":"\u00d6vers\u00e4ttning av anv\u00e4ndargr\u00e4nssnitt (UI)"},"content":{"rendered":"<div id='full_slider_1'  class='avia-fullwidth-slider main_color avia-shadow av-small-hide av-mini-hide  avia-builder-el-0  el_before_av_one_full  avia-builder-el-first   container_wrap sidebar_right'  ><div  class='avia-slideshow av-488q6at-b11c067c21396f4778a105a2db8cb4c1 avia-slideshow-featured av_slideshow_full avia-slide-slider av-small-hide av-mini-hide av-slideshow-ui av-control-default av-slideshow-manual av-loop-once av-loop-manual-endless av-default-height-applied   avia-slideshow-1' data-slideshow-options=\"{&quot;animation&quot;:&quot;slide&quot;,&quot;autoplay&quot;:false,&quot;loop_autoplay&quot;:&quot;once&quot;,&quot;interval&quot;:5,&quot;loop_manual&quot;:&quot;manual-endless&quot;,&quot;autoplay_stopper&quot;:false,&quot;noNavigation&quot;:false,&quot;bg_slider&quot;:false,&quot;keep_padding&quot;:false,&quot;hoverpause&quot;:false,&quot;show_slide_delay&quot;:0}\"  itemprop=\"image\" itemscope=\"itemscope\" itemtype=\"https:\/\/schema.org\/ImageObject\" ><ul class='avia-slideshow-inner ' style='padding-bottom: 28.666666666667%;'><li  class='avia-slideshow-slide av-488q6at-b11c067c21396f4778a105a2db8cb4c1__0  av-single-slide slide-1 slide-odd'><div data-rel='slideshow-1' class='avia-slide-wrap '   ><div class='av-slideshow-caption av-488q6at-b11c067c21396f4778a105a2db8cb4c1__0 caption_fullwidth caption_center caption_center_framed caption_framed'><div class=\"container caption_container\"><div class=\"slideshow_caption\"><div class=\"slideshow_inner_caption\"><div class=\"slideshow_align_caption\"><h2 class='avia-caption-title '  itemprop=\"name\" >UI-\u00f6vers\u00e4ttning<\/h2><div class='avia-caption-content '  itemprop=\"description\" ><p>Hur man \u00f6vers\u00e4tter anv\u00e4ndargr\u00e4nssnitt (UI) med STAR.<br \/>\nR\u00e5d om b\u00e4sta praxis f\u00f6r \u00f6vers\u00e4ttning av programvaru- och webbgr\u00e4nssnitt.<\/p>\n<\/div><\/div><\/div><\/div><\/div><\/div><img decoding=\"async\" fetchpriority=\"high\" class=\"wp-image-72432 avia-img-lazy-loading-not-72432\"  src=\"https:\/\/www.star-ts.com\/wp-content\/uploads\/2018\/07\/coding-UI-1500x430.jpg\" width=\"1500\" height=\"430\" title='kodning-UI' alt='Datorkodningsgr\u00e4nssnitt'  itemprop=\"thumbnailUrl\"   \/><\/div><\/li><\/ul><\/div><\/div><div id='after_full_slider_1'  class='main_color av_default_container_wrap container_wrap sidebar_right'  ><div class='container av-section-cont-open' ><div class='template-page content  av-content-small alpha units'><div class='post-entry post-entry-type-page post-entry-119867'><div class='entry-content-wrapper clearfix'>\n\n<style type=\"text\/css\" data-created_by=\"avia_inline_auto\" id=\"style-css-av-3jgftz9-11fc9117ecd84b79d94779854bb7ffe8\">\n.flex_column.av-3jgftz9-11fc9117ecd84b79d94779854bb7ffe8{\nborder-radius:0px 0px 0px 0px;\npadding:0px 0px 0px 0px;\n}\n<\/style>\n<div  class='flex_column av-3jgftz9-11fc9117ecd84b79d94779854bb7ffe8 av_one_full  avia-builder-el-1  el_after_av_slideshow_full  el_before_av_image  avia-builder-el-first  first flex_column_div av-zero-column-padding  '     ><section  class='av_textblock_section av-34hdyv9-ee439fcb992a48cdb69b6c0b1e8b2cf3 '   itemscope=\"itemscope\" itemtype=\"https:\/\/schema.org\/CreativeWork\" ><div class='avia_textblock'  itemprop=\"text\" ><h1>\u00d6vers\u00e4ttning av anv\u00e4ndargr\u00e4nssnitt (UI)<\/h1>\n<p>Att \u00f6vers\u00e4tta UI-gr\u00e4nssnitt kan vara knepigt, men n\u00e4r man v\u00e4l har en definierad process kan det bli en relativt smidig process.<\/p>\n<p>Vi tittar p\u00e5 f\u00f6ljande omr\u00e5den innan vi p\u00e5b\u00f6rjar er UI-\u00f6vers\u00e4ttning &#8230;<br \/>\n\u2022 Begr\u00e4nsningar av teckenl\u00e4ngd<br \/>\n\u2022 FFD-filter.<br \/>\n\u2022 Pseudo\u00f6vers\u00e4ttning<\/p>\n<\/div><\/section><\/div>\n\n<style type=\"text\/css\" data-created_by=\"avia_inline_auto\" id=\"style-css-av-kn9axjwa-d668b2cd7bec473b999fa4de9a7bce7e\">\n.avia-image-container.av-kn9axjwa-d668b2cd7bec473b999fa4de9a7bce7e img.avia_image{\nbox-shadow:none;\n}\n.avia-image-container.av-kn9axjwa-d668b2cd7bec473b999fa4de9a7bce7e .av-image-caption-overlay-center{\ncolor:#ffffff;\n}\n<\/style>\n<div  class='avia-image-container av-kn9axjwa-d668b2cd7bec473b999fa4de9a7bce7e av-styling- avia-align-center  avia-builder-el-3  el_after_av_one_full  el_before_av_one_full '   itemprop=\"image\" itemscope=\"itemscope\" itemtype=\"https:\/\/schema.org\/ImageObject\" ><div class=\"avia-image-container-inner\"><div class=\"avia-image-overlay-wrap\"><img decoding=\"async\" loading=\"lazy\" class='wp-image-70558 avia-img-lazy-loading-70558 avia_image ' src=\"https:\/\/www.star-ts.com\/wp-content\/uploads\/2016\/03\/transit-resource-editor.jpg\" alt='Transit NXT GUI Image' title='Transit NXT GUI Image'  height=\"583\" width=\"822\"  itemprop=\"thumbnailUrl\" srcset=\"https:\/\/www.star-ts.com\/wp-content\/uploads\/2016\/03\/transit-resource-editor.jpg 822w, https:\/\/www.star-ts.com\/wp-content\/uploads\/2016\/03\/transit-resource-editor-80x57.jpg 80w, https:\/\/www.star-ts.com\/wp-content\/uploads\/2016\/03\/transit-resource-editor-300x213.jpg 300w, https:\/\/www.star-ts.com\/wp-content\/uploads\/2016\/03\/transit-resource-editor-768x545.jpg 768w, https:\/\/www.star-ts.com\/wp-content\/uploads\/2016\/03\/transit-resource-editor-260x185.jpg 260w, https:\/\/www.star-ts.com\/wp-content\/uploads\/2016\/03\/transit-resource-editor-705x500.jpg 705w, https:\/\/www.star-ts.com\/wp-content\/uploads\/2016\/03\/transit-resource-editor-450x319.jpg 450w\" sizes=\"auto, (max-width: 822px) 100vw, 822px\" \/><\/div><\/div><\/div>\n\n<style type=\"text\/css\" data-created_by=\"avia_inline_auto\" id=\"style-css-av-2k46ndx-b55814fb34775b13b42bc23d16dbf197\">\n.flex_column.av-2k46ndx-b55814fb34775b13b42bc23d16dbf197{\nborder-radius:0px 0px 0px 0px;\npadding:0px 0px 0px 0px;\n}\n<\/style>\n<div  class='flex_column av-2k46ndx-b55814fb34775b13b42bc23d16dbf197 av_one_full  avia-builder-el-4  el_after_av_image  el_before_av_image  first flex_column_div av-zero-column-padding  '     ><section  class='av_textblock_section av-257znz9-ff3dcd52a8a0ed3fd1902601b719e2d4 '   itemscope=\"itemscope\" itemtype=\"https:\/\/schema.org\/CreativeWork\" ><div class='avia_textblock'  itemprop=\"text\" ><h3>Begr\u00e4nsningar av teckenl\u00e4ngd och bredd<\/h3>\n<p>Ett av de f\u00f6rsta omr\u00e5dena att \u00f6verv\u00e4ga \u00e4r eventuella begr\u00e4nsningar av teckenantal eller bredd. Detta \u00e4r viktig information som m\u00e5ste definieras innan \u00f6vers\u00e4ttningen p\u00e5b\u00f6rjas eftersom det \u00e4r en v\u00e4sentlig del av projektet. \u00d6versatt text kan ofta vara upp till 30 % l\u00e4ngre \u00e4n engelska &#8211; s\u00e5 vi beh\u00f6ver veta om er programvara har n\u00e5gra begr\u00e4nsningar. Begr\u00e4nsningarna kan uttryckas i antal tecken ELLER antal pixlar som \u00e4r tillg\u00e4ngliga f\u00f6r visning. N\u00e4r begr\u00e4nsningen uttrycks i pixlar m\u00e5ste vi granska vissa bokst\u00e4ver vi anv\u00e4nder i \u00f6vers\u00e4ttningen. Till exempel \u00e4r tecken som &#8221;i&#8221; smalare \u00e4n bredare tecken som &#8221;w&#8221;. Varje bokstav har en annan pixelbredd. Ibland kan ni beh\u00f6va \u00e4ndra \u00f6vers\u00e4ttningen f\u00f6r att minska den totala pixelbredden.       <\/p>\n<p>N\u00e4r dessa detaljer har lyfts fram f\u00f6r oss i projektbeskrivningen kommer v\u00e5rt produktionsteam att st\u00e4lla in dessa specifikationer i v\u00e5r \u00f6vers\u00e4ttningsredigerare Transit NXT. Detta \u00e4r den redigerare som alla v\u00e5ra \u00f6vers\u00e4ttare anv\u00e4nder vid \u00f6vers\u00e4ttning. Den kan till\u00e4mpa ett antal regler f\u00f6r v\u00e5ra \u00f6vers\u00e4ttare, s\u00e5som str\u00e4ngl\u00e4ngd.  <\/p>\n<p><em><strong>Exempel p\u00e5 Transit-NXT, v\u00e5rt \u00f6vers\u00e4ttningsredigeringsverktyg. Bilden nedan visar ett projekt med l\u00e4ngdbegr\u00e4nsningar inkluderade: <\/strong><\/em><\/p>\n<\/div><\/section><\/div>\n\n<style type=\"text\/css\" data-created_by=\"avia_inline_auto\" id=\"style-css-av-kn9av53n-ba85d73f23bd8875c2253932482c720e\">\n.avia-image-container.av-kn9av53n-ba85d73f23bd8875c2253932482c720e img.avia_image{\nbox-shadow:none;\n}\n.avia-image-container.av-kn9av53n-ba85d73f23bd8875c2253932482c720e .av-image-caption-overlay-center{\ncolor:#ffffff;\n}\n<\/style>\n<div  class='avia-image-container av-kn9av53n-ba85d73f23bd8875c2253932482c720e av-styling- avia-align-center  avia-builder-el-6  el_after_av_one_full  el_before_av_one_full '   itemprop=\"image\" itemscope=\"itemscope\" itemtype=\"https:\/\/schema.org\/ImageObject\" ><div class=\"avia-image-container-inner\"><div class=\"avia-image-overlay-wrap\"><img decoding=\"async\" loading=\"lazy\" class='wp-image-70548 avia-img-lazy-loading-70548 avia_image ' src=\"https:\/\/www.star-ts.com\/wp-content\/uploads\/2016\/03\/Transit-character-length.png\" alt='Translation with length restrictions' title='Translation with length restrictions'  height=\"603\" width=\"1412\"  itemprop=\"thumbnailUrl\" srcset=\"https:\/\/www.star-ts.com\/wp-content\/uploads\/2016\/03\/Transit-character-length.png 1412w, https:\/\/www.star-ts.com\/wp-content\/uploads\/2016\/03\/Transit-character-length-80x34.png 80w, https:\/\/www.star-ts.com\/wp-content\/uploads\/2016\/03\/Transit-character-length-300x128.png 300w, https:\/\/www.star-ts.com\/wp-content\/uploads\/2016\/03\/Transit-character-length-768x328.png 768w, https:\/\/www.star-ts.com\/wp-content\/uploads\/2016\/03\/Transit-character-length-1030x440.png 1030w, https:\/\/www.star-ts.com\/wp-content\/uploads\/2016\/03\/Transit-character-length-705x301.png 705w, https:\/\/www.star-ts.com\/wp-content\/uploads\/2016\/03\/Transit-character-length-450x192.png 450w\" sizes=\"auto, (max-width: 1412px) 100vw, 1412px\" \/><\/div><\/div><\/div>\n\n<style type=\"text\/css\" data-created_by=\"avia_inline_auto\" id=\"style-css-av-pzkx1h-eaddd33af2395023fa8c54e348ffda0d\">\n.flex_column.av-pzkx1h-eaddd33af2395023fa8c54e348ffda0d{\nborder-radius:0px 0px 0px 0px;\npadding:0px 0px 0px 0px;\n}\n<\/style>\n<div  class='flex_column av-pzkx1h-eaddd33af2395023fa8c54e348ffda0d av_one_full  avia-builder-el-7  el_after_av_image  el_before_av_one_full  first flex_column_div av-zero-column-padding  '     ><section  class='av_textblock_section av-kn9awfaq-9f6a081ad5e9eea98be927236ca70d2b '   itemscope=\"itemscope\" itemtype=\"https:\/\/schema.org\/CreativeWork\" ><div class='avia_textblock'  itemprop=\"text\" ><p>Texten till v\u00e4nster \u00e4r k\u00e4llan och texten till h\u00f6ger \u00e4r m\u00e5let.<\/p>\n<p>I detta exempel har tv\u00e5 segment \u00f6verskridit teckenbegr\u00e4nsningen och \u00e4r markerade i r\u00f6tt. Detta inneb\u00e4r att \u00f6vers\u00e4ttaren kan se att de inte uppfyller den aktuella instruktionen och m\u00e5ste omformulera \u00f6vers\u00e4ttningen. <\/p>\n<p>Problem med str\u00e4ngl\u00e4ngd \u00e4r mycket vanliga i programvaru- och video\u00f6vers\u00e4ttningsprojekt.<\/p>\n<p>Det kan dock finnas enstaka tillf\u00e4llen d\u00e4r det helt enkelt inte \u00e4r m\u00f6jligt att f\u00e5 en l\u00e4mplig matchning f\u00f6r er text inom str\u00e4ngl\u00e4ngdbegr\u00e4nsningen. N\u00e4r detta h\u00e4nder kommer vi att ge er tv\u00e5 f\u00f6rslag p\u00e5 l\u00e4mpliga \u00f6vers\u00e4ttningar och be om er input, eller s\u00e5 kan vi l\u00e4mna inneh\u00e5llet p\u00e5 engelska eller anv\u00e4nda f\u00f6rkortningar.<\/p>\n<\/div><\/section><\/div>\n\n<style type=\"text\/css\" data-created_by=\"avia_inline_auto\" id=\"style-css-av-1h2kdad-c15808ddeb91942b9a1090df1cd18f69\">\n.flex_column.av-1h2kdad-c15808ddeb91942b9a1090df1cd18f69{\nborder-radius:0px 0px 0px 0px;\npadding:0px 0px 0px 0px;\n}\n<\/style>\n<div  class='flex_column av-1h2kdad-c15808ddeb91942b9a1090df1cd18f69 av_one_full  avia-builder-el-9  el_after_av_one_full  el_before_av_image  first flex_column_div av-zero-column-padding  column-top-margin'     ><section  class='av_textblock_section av-15pwfnp-b9d3252b61225bf799fc4efed47eda93 '   itemscope=\"itemscope\" itemtype=\"https:\/\/schema.org\/CreativeWork\" ><div class='avia_textblock'  itemprop=\"text\" ><h3>Filfilterdefintioner (FFD) och pseudo\u00f6vers\u00e4ttning:<\/h3>\n<p><strong>Filfilterdefintioner (FFD):<\/strong> Programvara och webbplatser anv\u00e4nder m\u00e5nga olika filformat. Vi st\u00f6ter ofta p\u00e5 anpassade filformat ocks\u00e5. F\u00f6r att kunna bearbeta s\u00e5dana filer kan STAR utveckla kundspecifika filfilter eller FFD:er f\u00f6r att korrekt analysera era filer; skydda er kod och taggar, samtidigt som v\u00e5ra \u00f6vers\u00e4ttare kan redigera endast den synliga texten. Vi utvecklar anpassade FFD:er p\u00e5 beg\u00e4ran. De hj\u00e4lper oss med er UI-\u00f6vers\u00e4ttning.    <\/p>\n<p>Vi rekommenderar att skapa ett FFD-filter och utf\u00f6ra en pseudo\u00f6vers\u00e4ttning f\u00f6r att s\u00e4kerst\u00e4lla att inneh\u00e5llet som kr\u00e4vs f\u00f6r \u00f6vers\u00e4ttning \u00e4r synligt f\u00f6r oss i sin helhet och att er produkt fungerar korrekt n\u00e4r \u00f6vers\u00e4ttningen \u00e5terimporteras.<\/p>\n<p>Vi skapar ett FFD-filter n\u00e4r vi f\u00e5r filerna som kr\u00e4vs f\u00f6r \u00f6vers\u00e4ttning\/lokalisering, dessa \u00e4r vanligtvis antingen XML, HTML, Xliff eller andra programvarufiler.<br \/>\nEnkelt uttryckt \u00e4r ett FFD-filter en upps\u00e4ttning regler vi skapar f\u00f6r att analysera (eller l\u00e4sa) era filer. De anv\u00e4nds f\u00f6r att hj\u00e4lpa oss att effektivt l\u00e4sa alla anpassade filformat och ge r\u00e5d till v\u00e5ra \u00f6vers\u00e4ttare om hur de ska \u00f6vers\u00e4tta er fil och skydda ert originaldokument\/kod under \u00f6vers\u00e4ttningsprocessen. <\/p>\n<p>Se v\u00e5r sida om <a href=\"https:\/\/www.star-ts.com\/translation-faq\/what-is-a-file-format-definition-ffd-file\/\">filfilterdefintioner<\/a> f\u00f6r mer information.<\/p>\n<p><strong>Pseudo\u00f6vers\u00e4ttning<\/strong> \u00e4r en dummy-\u00f6vers\u00e4ttning f\u00f6r att testa er \u00f6vers\u00e4ttningsprocess innan den riktiga \u00f6vers\u00e4ttningen b\u00f6rjar.<\/p>\n<p>Pseudo\u00f6vers\u00e4ttning \u00e4r processen att efterlikna processen att \u00f6vers\u00e4tta en fil till ett annat spr\u00e5k. Det \u00e4r en dummy-\u00f6vers\u00e4ttning som anv\u00e4nds f\u00f6r att testa om en applikation kommer att fungera korrekt p\u00e5 ett annat spr\u00e5k. <\/p>\n<p>N\u00e4r vi \u00f6vers\u00e4tter webbplats- och programvaruinneh\u00e5ll rekommenderar vi att vi g\u00f6r en pseudo\u00f6vers\u00e4ttning f\u00f6r att s\u00e4kerst\u00e4lla att er webbplats eller programvara fungerar korrekt p\u00e5 olika spr\u00e5k och att all text f\u00f6r \u00f6vers\u00e4ttning har inkluderats i exporten.<\/p>\n<p>S\u00e5, enkelt uttryckt, \u00e4r det en l\u00e5tsas\u00f6vers\u00e4ttning som anv\u00e4nds f\u00f6r att testa hela processen innan den riktiga \u00f6vers\u00e4ttningen b\u00f6rjar. Vanligtvis skulle pseudo\u00f6vers\u00e4ttning anv\u00e4ndas f\u00f6r programvaru- eller IT-relaterade applikationer. <\/p>\n<p>I en pseudo\u00f6vers\u00e4ttning ers\u00e4tter vi varje vokal i er produkt med en accentuerad vokal. S\u00e5 till exempel kan &#8221;e&#8221; bli &#8221;\u00e9\u00e9&#8221;. Vi l\u00e4gger till en accent och f\u00f6rdubblar tecknet f\u00f6r att testa str\u00e4ngexpansion. N\u00e4r ni laddar om pseudo\u00f6vers\u00e4ttningen i ert system b\u00f6r ni kunna se att varje enskild str\u00e4ng har p\u00e5verkats. Om ni ser en perfekt engelsk mening betyder det att den str\u00e4ngen inte var synlig f\u00f6r \u00f6vers\u00e4ttningsf\u00f6retaget. Str\u00e4ngen kan vara h\u00e5rdkodad i er applikation eller system. Detta skulle beh\u00f6va omkodas eller g\u00f6ras synligt f\u00f6r oss som en del av UI-\u00f6vers\u00e4ttningen.      <\/p>\n<p><strong>Exempel p\u00e5 pseudo\u00f6vers\u00e4ttning:<\/strong><br \/>\n<em><strong>Klicka h\u00e4r f\u00f6r att forts\u00e4tta &#8230;<\/strong><\/em><br \/>\nskulle bli<br \/>\n<em><strong>Cl\u00ed\u00edck h\u00e9\u00e9r\u00e9\u00e9 t\u00f3\u00f3 c\u00f3\u00f3nt\u00ed\u00edn\u00fa\u00fa\u00e9\u00e9.<\/strong><\/em><\/p>\n<p>Denna process \u00e4r valfri, men vi skulle rekommendera att detta alternativ inkluderas i ett webbplats\u00f6vers\u00e4ttningsprojekt som ni arbetar med.<\/p>\n<p>Se v\u00e5r sida om <a href=\"https:\/\/www.star-ts.com\/translation-faq\/what-is-a-pseudo-translation\/\">pseudo\u00f6vers\u00e4ttning<\/a> f\u00f6r mer information.<\/p>\n<\/div><\/section><\/div>\n\n<style type=\"text\/css\" data-created_by=\"avia_inline_auto\" id=\"style-css-av-kn9atb4z-03d79365d4d17f583fdea8ca6190941f\">\n.avia-image-container.av-kn9atb4z-03d79365d4d17f583fdea8ca6190941f img.avia_image{\nbox-shadow:none;\n}\n.avia-image-container.av-kn9atb4z-03d79365d4d17f583fdea8ca6190941f .av-image-caption-overlay-center{\ncolor:#ffffff;\n}\n<\/style>\n<div  class='avia-image-container av-kn9atb4z-03d79365d4d17f583fdea8ca6190941f av-styling- avia-align-center  avia-builder-el-11  el_after_av_one_full  avia-builder-el-last '   itemprop=\"image\" itemscope=\"itemscope\" itemtype=\"https:\/\/schema.org\/ImageObject\" ><div class=\"avia-image-container-inner\"><div class=\"avia-image-overlay-wrap\"><img decoding=\"async\" loading=\"lazy\" class='wp-image-70553 avia-img-lazy-loading-70553 avia_image ' src=\"https:\/\/www.star-ts.com\/wp-content\/uploads\/2016\/03\/pseudo-translation-process.png\" alt='Pseudo Translation Process' title='Pseudo Translation Process'  height=\"475\" width=\"588\"  itemprop=\"thumbnailUrl\" srcset=\"https:\/\/www.star-ts.com\/wp-content\/uploads\/2016\/03\/pseudo-translation-process.png 588w, https:\/\/www.star-ts.com\/wp-content\/uploads\/2016\/03\/pseudo-translation-process-80x65.png 80w, https:\/\/www.star-ts.com\/wp-content\/uploads\/2016\/03\/pseudo-translation-process-300x242.png 300w, https:\/\/www.star-ts.com\/wp-content\/uploads\/2016\/03\/pseudo-translation-process-495x400.png 495w, https:\/\/www.star-ts.com\/wp-content\/uploads\/2016\/03\/pseudo-translation-process-450x364.png 450w\" sizes=\"auto, (max-width: 588px) 100vw, 588px\" \/><\/div><\/div><\/div>\n","protected":false},"excerpt":{"rendered":"<p>\u00d6vers\u00e4ttning av anv\u00e4ndargr\u00e4nssnitt (UI).<br \/>\nAtt \u00f6vers\u00e4tta UI-gr\u00e4nssnitt kan vara knepigt, men n\u00e4r man v\u00e4l har en definierad process kan det bli en relativt smidig process.<\/p>\n","protected":false},"author":1,"featured_media":0,"parent":119912,"menu_order":0,"comment_status":"closed","ping_status":"open","template":"","meta":{"footnotes":""},"class_list":["post-119867","page","type-page","status-publish","hentry"],"_links":{"self":[{"href":"https:\/\/www.star-ts.com\/sv\/wp-json\/wp\/v2\/pages\/119867","targetHints":{"allow":["GET"]}}],"collection":[{"href":"https:\/\/www.star-ts.com\/sv\/wp-json\/wp\/v2\/pages"}],"about":[{"href":"https:\/\/www.star-ts.com\/sv\/wp-json\/wp\/v2\/types\/page"}],"author":[{"embeddable":true,"href":"https:\/\/www.star-ts.com\/sv\/wp-json\/wp\/v2\/users\/1"}],"replies":[{"embeddable":true,"href":"https:\/\/www.star-ts.com\/sv\/wp-json\/wp\/v2\/comments?post=119867"}],"version-history":[{"count":0,"href":"https:\/\/www.star-ts.com\/sv\/wp-json\/wp\/v2\/pages\/119867\/revisions"}],"up":[{"embeddable":true,"href":"https:\/\/www.star-ts.com\/sv\/wp-json\/wp\/v2\/pages\/119912"}],"wp:attachment":[{"href":"https:\/\/www.star-ts.com\/sv\/wp-json\/wp\/v2\/media?parent=119867"}],"curies":[{"name":"wp","href":"https:\/\/api.w.org\/{rel}","templated":true}]}}