{"id":119849,"date":"2025-11-07T12:46:56","date_gmt":"2025-11-07T12:46:56","guid":{"rendered":"https:\/\/www.star-ts.com\/expert-translation-toolbox\/"},"modified":"2025-11-07T12:46:56","modified_gmt":"2025-11-07T12:46:56","slug":"expert-translation-toolbox","status":"publish","type":"page","link":"https:\/\/www.star-ts.com\/sv\/expert-translation-toolbox\/","title":{"rendered":"Verktygsl\u00e5da f\u00f6r expert\u00f6vers\u00e4ttning"},"content":{"rendered":"","protected":false},"excerpt":{"rendered":"","protected":false},"author":165,"featured_media":0,"parent":0,"menu_order":0,"comment_status":"closed","ping_status":"closed","template":"","meta":{"footnotes":""},"class_list":["post-119849","page","type-page","status-publish","hentry"],"_links":{"self":[{"href":"https:\/\/www.star-ts.com\/sv\/wp-json\/wp\/v2\/pages\/119849","targetHints":{"allow":["GET"]}}],"collection":[{"href":"https:\/\/www.star-ts.com\/sv\/wp-json\/wp\/v2\/pages"}],"about":[{"href":"https:\/\/www.star-ts.com\/sv\/wp-json\/wp\/v2\/types\/page"}],"author":[{"embeddable":true,"href":"https:\/\/www.star-ts.com\/sv\/wp-json\/wp\/v2\/users\/165"}],"replies":[{"embeddable":true,"href":"https:\/\/www.star-ts.com\/sv\/wp-json\/wp\/v2\/comments?post=119849"}],"version-history":[{"count":0,"href":"https:\/\/www.star-ts.com\/sv\/wp-json\/wp\/v2\/pages\/119849\/revisions"}],"wp:attachment":[{"href":"https:\/\/www.star-ts.com\/sv\/wp-json\/wp\/v2\/media?parent=119849"}],"curies":[{"name":"wp","href":"https:\/\/api.w.org\/{rel}","templated":true}]}}