{"id":119845,"date":"2025-11-07T12:46:53","date_gmt":"2025-11-07T12:46:53","guid":{"rendered":"https:\/\/www.star-ts.com\/download-expert-translation-checklist\/"},"modified":"2025-11-07T12:47:08","modified_gmt":"2025-11-07T12:47:08","slug":"download-expert-translation-checklist","status":"publish","type":"page","link":"https:\/\/www.star-ts.com\/sv\/download-expert-translation-checklist\/","title":{"rendered":"Ladda ner expertchecklista f\u00f6r \u00f6vers\u00e4ttning"},"content":{"rendered":"<section  class='av_textblock_section av-s66u1r-37c693904e66d8002aa74b52b5fae7bb '   itemscope=\"itemscope\" itemtype=\"https:\/\/schema.org\/CreativeWork\" ><div class='avia_textblock'  itemprop=\"text\" ><p>Tack f\u00f6r att du har beg\u00e4rt expertchecklistan f\u00f6r \u00f6vers\u00e4ttning.<\/p>\n<p>Du hittar nedladdningsl\u00e4nken nedan:<\/p>\n<p><strong><a href=\"https:\/\/www.star-ts.com\/wp-content\/uploads\/Star_Translation_Checklist_User_Manuals.pdf\"><span style=\"text-decoration: underline;\">Klicka f\u00f6r att ladda ner expertchecklistan f\u00f6r \u00f6vers\u00e4ttning<\/span><\/a><\/strong><\/p>\n<\/div><\/section>\n","protected":false},"excerpt":{"rendered":"","protected":false},"author":165,"featured_media":107965,"parent":0,"menu_order":0,"comment_status":"closed","ping_status":"closed","template":"","meta":{"footnotes":""},"class_list":["post-119845","page","type-page","status-publish","has-post-thumbnail","hentry"],"_links":{"self":[{"href":"https:\/\/www.star-ts.com\/sv\/wp-json\/wp\/v2\/pages\/119845","targetHints":{"allow":["GET"]}}],"collection":[{"href":"https:\/\/www.star-ts.com\/sv\/wp-json\/wp\/v2\/pages"}],"about":[{"href":"https:\/\/www.star-ts.com\/sv\/wp-json\/wp\/v2\/types\/page"}],"author":[{"embeddable":true,"href":"https:\/\/www.star-ts.com\/sv\/wp-json\/wp\/v2\/users\/165"}],"replies":[{"embeddable":true,"href":"https:\/\/www.star-ts.com\/sv\/wp-json\/wp\/v2\/comments?post=119845"}],"version-history":[{"count":0,"href":"https:\/\/www.star-ts.com\/sv\/wp-json\/wp\/v2\/pages\/119845\/revisions"}],"wp:featuredmedia":[{"embeddable":true,"href":"https:\/\/www.star-ts.com\/sv\/wp-json\/wp\/v2\/media\/107965"}],"wp:attachment":[{"href":"https:\/\/www.star-ts.com\/sv\/wp-json\/wp\/v2\/media?parent=119845"}],"curies":[{"name":"wp","href":"https:\/\/api.w.org\/{rel}","templated":true}]}}