{"id":118576,"date":"2025-11-05T13:16:25","date_gmt":"2025-11-05T13:16:25","guid":{"rendered":"https:\/\/www.star-ts.com\/404-sidan-hittades-inte\/"},"modified":"2026-01-05T12:13:19","modified_gmt":"2026-01-05T12:13:19","slug":"404-sidan-hittades-inte","status":"publish","type":"page","link":"https:\/\/www.star-ts.com\/sv\/404-sidan-hittades-inte\/","title":{"rendered":"404 Sidan hittades inte"},"content":{"rendered":"<p>\n<style type=\"text\/css\" data-created_by=\"avia_inline_auto\" id=\"style-css-av-36uf6yk-b7ff538ba3d5a1084aaeadecfae7aa10\">\n.flex_column.av-36uf6yk-b7ff538ba3d5a1084aaeadecfae7aa10{\nborder-radius:0px 0px 0px 0px;\npadding:0px 0px 0px 0px;\n}\n<\/style>\n<div  class='flex_column av-36uf6yk-b7ff538ba3d5a1084aaeadecfae7aa10 av_two_fifth  avia-builder-el-0  el_before_av_three_fifth  avia-builder-el-first  first flex_column_div av-zero-column-padding  '     ><style type=\"text\/css\" data-created_by=\"avia_inline_auto\" id=\"style-css-av-kl0w7lvb-5bd507973818b9282fc31cd5b933d4fa\">\n.avia-image-container.av-kl0w7lvb-5bd507973818b9282fc31cd5b933d4fa img.avia_image{\nbox-shadow:none;\n}\n.avia-image-container.av-kl0w7lvb-5bd507973818b9282fc31cd5b933d4fa .av-image-caption-overlay-center{\ncolor:#ffffff;\n}\n<\/style>\n<div  class='avia-image-container av-kl0w7lvb-5bd507973818b9282fc31cd5b933d4fa av-styling- avia-align-center  avia-builder-el-1  avia-builder-el-no-sibling '   itemprop=\"image\" itemscope=\"itemscope\" itemtype=\"https:\/\/schema.org\/ImageObject\" ><div class=\"avia-image-container-inner\"><div class=\"avia-image-overlay-wrap\"><img decoding=\"async\" fetchpriority=\"high\" class='wp-image-70743 avia-img-lazy-loading-not-70743 avia_image ' src=\"https:\/\/www.star-ts.com\/wp-content\/uploads\/2017\/09\/Q20-thinking-2681494_640.jpg\" alt='Person looking lost and confused' title='Person looking lost and confused'  height=\"427\" width=\"640\"  itemprop=\"thumbnailUrl\" srcset=\"https:\/\/www.star-ts.com\/wp-content\/uploads\/2017\/09\/Q20-thinking-2681494_640.jpg 640w, https:\/\/www.star-ts.com\/wp-content\/uploads\/2017\/09\/Q20-thinking-2681494_640-80x53.jpg 80w, https:\/\/www.star-ts.com\/wp-content\/uploads\/2017\/09\/Q20-thinking-2681494_640-300x200.jpg 300w, https:\/\/www.star-ts.com\/wp-content\/uploads\/2017\/09\/Q20-thinking-2681494_640-450x300.jpg 450w\" sizes=\"(max-width: 640px) 100vw, 640px\" \/><\/div><\/div><\/div><\/div>\n<style type=\"text\/css\" data-created_by=\"avia_inline_auto\" id=\"style-css-av-2gf92ws-9e87b86b9ead58d67c82092f8708bed7\">\n.flex_column.av-2gf92ws-9e87b86b9ead58d67c82092f8708bed7{\nborder-radius:0px 0px 0px 0px;\npadding:0px 0px 0px 0px;\n}\n<\/style>\n<div  class='flex_column av-2gf92ws-9e87b86b9ead58d67c82092f8708bed7 av_three_fifth  avia-builder-el-2  el_after_av_two_fifth  el_before_av_one_full  flex_column_div av-zero-column-padding  '     ><section  class='av_textblock_section av-kl0wb8vs-fbd8a45f44f2bea0c0ba9a5908b873cd '   itemscope=\"itemscope\" itemtype=\"https:\/\/schema.org\/CreativeWork\" ><div class='avia_textblock'  itemprop=\"text\" ><h1>Ojd\u00e5!<\/h1>\n<p>Sidan du s\u00f6kte efter hittades inte.<\/p>\n<p>Vi uppdaterar v\u00e5r webbsida regelbundet och ibland byter vi ut sidor mot nytt inneh\u00e5ll.\u00a0H\u00e4r \u00e4r n\u00e5gra f\u00f6rslag p\u00e5 popul\u00e4rt inneh\u00e5ll f\u00f6r att f\u00e5 dig att komma ig\u00e5ng igen.<\/p>\n<ul>\n<li><a href=\"https:\/\/www.star-ts.com\/sv\/technical-translation\/\">Teknik\u00f6vers\u00e4ttning<\/a><\/li>\n<li><a href=\"https:\/\/www.star-ts.com\/sv\/indesign-oversattning\/\">InDesign-\u00f6vers\u00e4ttning<\/a><\/li>\n<li><a href=\"https:\/\/www.star-ts.com\/sv\/how-do-you-translate-a-wordpress-website-with-wpml\/\">WordPress-\u00f6vers\u00e4ttning<\/a><\/li>\n<li><a href=\"https:\/\/www.star-ts.com\/sv\/about\/jobs\/\">Jobb<\/a><\/li>\n<li><a href=\"https:\/\/cloud.star-ts.com\">Inloggning till STAR Translation Cloud<\/a><\/li>\n<li><a href=\"https:\/\/www.star-ts.com\/sv\/academy\/\">Training Academy (Moln, \u00f6vers\u00e4ttning, lokalisering)<\/a><\/li>\n<\/ul>\n<\/div><\/section><\/div><div  class='flex_column av-1i24h0c-2c52c862d28aed880054b134df0251a8 av_one_full  avia-builder-el-4  el_after_av_three_fifth  avia-builder-el-last  first flex_column_div  '     ><section  class='av_textblock_section av-150ywbg-43f494bcb3206b628cd80aeb78808903 '   itemscope=\"itemscope\" itemtype=\"https:\/\/schema.org\/CreativeWork\" ><div class='avia_textblock'  itemprop=\"text\" ><div  class='avia-button-wrap avia-button-center  avia-builder-el-6  avia-builder-el-no-sibling '>\n<style type=\"text\/css\" data-created_by=\"avia_inline_auto\" id=\"style-css-av-q5dcik-94f0e6972148e9774da959212307c139\">\n#top #wrap_all .avia-button.av-q5dcik-94f0e6972148e9774da959212307c139:hover{\ncolor:white;\ntransition:all 0.4s ease-in-out;\n}\n#top #wrap_all .avia-button.av-q5dcik-94f0e6972148e9774da959212307c139:hover .avia-svg-icon svg:first-child{\nfill:white;\nstroke:white;\n}\n<\/style>\n<a href='https:\/\/www.star-ts.com\/sv\/kontakt\/' class='avia-color-theme-color avia-font-color-theme-color avia-button avia-button-fullwidth av-q5dcik-94f0e6972148e9774da959212307c139 avia-icon_select-no avia-color-theme-color'  title=\"Contact Us\" aria-label=\"Contact Us\"><span class='avia_iconbox_title' >Kontakta oss<\/span><span class='avia_button_background avia-button avia-button-fullwidth avia-color-theme-color-highlight'><\/span><\/a><\/div>\n<\/div><\/section><\/div><\/p>\n","protected":false},"excerpt":{"rendered":"<p>Ojd\u00e5 \u2013 Sidan du s\u00f6kte efter hittades inte. Vi uppdaterar ofta v\u00e5r webbsida och ibland byter vi ut sidor mot nytt inneh\u00e5ll.\u00a0Det g\u00f6r att vi ibland missar n\u00e5got och att l\u00e4nken f\u00f6rsvinner.<\/p>\n","protected":false},"author":1,"featured_media":70743,"parent":0,"menu_order":0,"comment_status":"closed","ping_status":"closed","template":"","meta":{"footnotes":""},"class_list":["post-118576","page","type-page","status-publish","has-post-thumbnail","hentry"],"_links":{"self":[{"href":"https:\/\/www.star-ts.com\/sv\/wp-json\/wp\/v2\/pages\/118576","targetHints":{"allow":["GET"]}}],"collection":[{"href":"https:\/\/www.star-ts.com\/sv\/wp-json\/wp\/v2\/pages"}],"about":[{"href":"https:\/\/www.star-ts.com\/sv\/wp-json\/wp\/v2\/types\/page"}],"author":[{"embeddable":true,"href":"https:\/\/www.star-ts.com\/sv\/wp-json\/wp\/v2\/users\/1"}],"replies":[{"embeddable":true,"href":"https:\/\/www.star-ts.com\/sv\/wp-json\/wp\/v2\/comments?post=118576"}],"version-history":[{"count":0,"href":"https:\/\/www.star-ts.com\/sv\/wp-json\/wp\/v2\/pages\/118576\/revisions"}],"wp:featuredmedia":[{"embeddable":true,"href":"https:\/\/www.star-ts.com\/sv\/wp-json\/wp\/v2\/media\/70743"}],"wp:attachment":[{"href":"https:\/\/www.star-ts.com\/sv\/wp-json\/wp\/v2\/media?parent=118576"}],"curies":[{"name":"wp","href":"https:\/\/api.w.org\/{rel}","templated":true}]}}