{"id":117382,"date":"2025-06-20T14:42:22","date_gmt":"2025-06-20T13:42:22","guid":{"rendered":"https:\/\/www.star-ts.com\/kontakt\/"},"modified":"2025-11-05T13:16:02","modified_gmt":"2025-11-05T13:16:02","slug":"kontakt","status":"publish","type":"page","link":"https:\/\/www.star-ts.com\/sv\/kontakt\/","title":{"rendered":"Kontakt"},"content":{"rendered":"\n<style type=\"text\/css\" data-created_by=\"avia_inline_auto\" id=\"style-css-av-g5n4es-714e6f5461433d12af409ed6e6fea714\">\n.flex_column.av-g5n4es-714e6f5461433d12af409ed6e6fea714{\nborder-radius:0px 0px 0px 0px;\npadding:0px 0px 0px 0px;\n}\n<\/style>\n<div  class='flex_column av-g5n4es-714e6f5461433d12af409ed6e6fea714 av_one_half  avia-builder-el-0  el_before_av_one_half  avia-builder-el-first  first flex_column_div av-zero-column-padding  '     ><section  class='av_textblock_section av-dj0238-9dfc0a3b69269082266bc3e224176a65 '   itemscope=\"itemscope\" itemtype=\"https:\/\/schema.org\/CreativeWork\" ><div class='avia_textblock'  itemprop=\"text\" ><p><center><\/p>\n<div class=\"pipedriveWebForms\" data-pd-webforms=\"https:\/\/webforms.pipedrive.com\/f\/1rq6JcvC0LCximVxJVQUL6tBbpCe7kdneRPRutggRawnEnN91PuUIoQCf9D8pwyBB\"><script src=\"https:\/\/webforms.pipedrive.com\/f\/loader\"><\/script><\/div>\n<p><\/center><\/p>\n<\/div><\/section><\/div>\n\n<style type=\"text\/css\" data-created_by=\"avia_inline_auto\" id=\"style-css-av-2k4itw-dded8ae8647fef03bd845d7e6bdc38fc\">\n.flex_column.av-2k4itw-dded8ae8647fef03bd845d7e6bdc38fc{\nborder-radius:0px 0px 0px 0px;\npadding:0px 0px 0px 0px;\n}\n<\/style>\n<div  class='flex_column av-2k4itw-dded8ae8647fef03bd845d7e6bdc38fc av_one_half  avia-builder-el-2  el_after_av_one_half  avia-builder-el-last  flex_column_div av-zero-column-padding  '     ><section  class='av_textblock_section av-3jcqp0-66fd4cd76260496188e0c49f2e5ec722 '   itemscope=\"itemscope\" itemtype=\"https:\/\/schema.org\/CreativeWork\" ><div class='avia_textblock'  itemprop=\"text\" ><h2 style=\"text-align: center;\"><strong>Mejla v\u00e5rt service-team<br \/>\n<\/strong><\/h2>\n<p style=\"text-align: center;\"><strong>f\u00f6rfr\u00e5gningar p\u00e5: sales (at) star-ts.com<\/strong><\/p>\n<h2 style=\"text-align: center;\">Bes\u00f6k oss<\/h2>\n<p style=\"text-align: center;\"><strong>STAR Translation Services<\/strong><\/p>\n<p style=\"text-align: center;\">Riverdale House, Main Street, Clonee,<br \/>\nCo. Meath, D15 YT3Y, Irland<\/p>\n<\/div><\/section><br \/>\n<section  class='av_textblock_section av-kz8iasx6-e3cc599e3c4e3c88330ef993eefc98d0 '   itemscope=\"itemscope\" itemtype=\"https:\/\/schema.org\/CreativeWork\" ><div class='avia_textblock'  itemprop=\"text\" ><h2 style=\"text-align: center;\">Ring oss<\/h2>\n<p style=\"text-align: center;\"><strong>Irland:<\/strong> +353 1 8365614<\/p>\n<\/div><\/section><br \/>\n<section  class='av_textblock_section av-kz8i9vvr-10ea6f35d9357fea7fabb1538170c2f7 '   itemscope=\"itemscope\" itemtype=\"https:\/\/schema.org\/CreativeWork\" ><div class='avia_textblock'  itemprop=\"text\" ><h2 style=\"text-align: center;\">Anm\u00e4lan f\u00f6r \u00f6vers\u00e4ttare<\/h2>\n<p style=\"text-align: center;\"><strong>Anm\u00e4l dig som \u00f6vers\u00e4ttare h\u00e4r: <\/strong><\/p>\n<\/div><\/section><br \/>\n<div  class='avia-button-wrap av-203abo-619b65e2a39ef7af8a5774f97b6f341e-wrap avia-button-center  avia-builder-el-6  el_after_av_textblock  avia-builder-el-last '><a href='https:\/\/www.star-ts.com\/about\/jobs\/freelance-translator-application-form\/'  class='avia-button av-203abo-619b65e2a39ef7af8a5774f97b6f341e av-link-btn avia-icon_select-yes-left-icon avia-size-large avia-position-center avia-color-orange'   aria-label=\"Anm\u00e4lan\"><span class='avia_button_icon avia_button_icon_left avia-iconfont avia-font-entypo-fontello' data-av_icon='\ue80c' data-av_iconfont='entypo-fontello' ><\/span><span class='avia_iconbox_title' >Anm\u00e4lan<\/span><\/a><\/div><\/p><\/div>\n","protected":false},"excerpt":{"rendered":"<p>STAR \u00e4r ett av Dublins fr\u00e4msta \u00f6vers\u00e4ttningsf\u00f6retag, med st\u00f6d f\u00f6r 200 spr\u00e5k inklusive irl\u00e4ndska. Dokument\u00f6vers\u00e4ttning och webbplats\u00f6vers\u00e4ttning. B\u00f6rja verka globalt.<\/p>\n","protected":false},"author":1,"featured_media":106340,"parent":0,"menu_order":3,"comment_status":"closed","ping_status":"closed","template":"","meta":{"footnotes":""},"class_list":["post-117382","page","type-page","status-publish","has-post-thumbnail","hentry"],"_links":{"self":[{"href":"https:\/\/www.star-ts.com\/sv\/wp-json\/wp\/v2\/pages\/117382","targetHints":{"allow":["GET"]}}],"collection":[{"href":"https:\/\/www.star-ts.com\/sv\/wp-json\/wp\/v2\/pages"}],"about":[{"href":"https:\/\/www.star-ts.com\/sv\/wp-json\/wp\/v2\/types\/page"}],"author":[{"embeddable":true,"href":"https:\/\/www.star-ts.com\/sv\/wp-json\/wp\/v2\/users\/1"}],"replies":[{"embeddable":true,"href":"https:\/\/www.star-ts.com\/sv\/wp-json\/wp\/v2\/comments?post=117382"}],"version-history":[{"count":0,"href":"https:\/\/www.star-ts.com\/sv\/wp-json\/wp\/v2\/pages\/117382\/revisions"}],"wp:featuredmedia":[{"embeddable":true,"href":"https:\/\/www.star-ts.com\/sv\/wp-json\/wp\/v2\/media\/106340"}],"wp:attachment":[{"href":"https:\/\/www.star-ts.com\/sv\/wp-json\/wp\/v2\/media?parent=117382"}],"curies":[{"name":"wp","href":"https:\/\/api.w.org\/{rel}","templated":true}]}}