{"id":116200,"date":"2025-03-13T10:31:01","date_gmt":"2025-03-13T10:31:01","guid":{"rendered":"https:\/\/www.star-ts.com\/kvalitetsprocess-for-oversattning\/"},"modified":"2025-11-07T13:09:33","modified_gmt":"2025-11-07T13:09:33","slug":"kvalitetsprocess-for-oversattning","status":"publish","type":"page","link":"https:\/\/www.star-ts.com\/sv\/about\/terms-and-conditions\/kvalitetsprocess-for-oversattning\/","title":{"rendered":"Kvalitetsprocess f\u00f6r \u00f6vers\u00e4ttning"},"content":{"rendered":"<div  class='flex_column av-jq3fes-aefae5536da2cf7563fe37c581eb3d15 av_one_full  avia-builder-el-0  el_before_av_two_third  avia-builder-el-first  first flex_column_div  '     ><section  class='av_textblock_section av-gyklxg-f0b6b70fc10b4081d15377dff637c61a '   itemscope=\"itemscope\" itemtype=\"https:\/\/schema.org\/CreativeWork\" ><div class='avia_textblock'  itemprop=\"text\" ><h1>Kvalitetsprocess<\/h1>\n<\/div><\/section><br \/>\n<section  class='av_textblock_section av-fbs1xw-38ecb1de7de1f068c3d04cf1b31469f6 '   itemscope=\"itemscope\" itemtype=\"https:\/\/schema.org\/CreativeWork\" ><div class='avia_textblock'  itemprop=\"text\" ><p>\u00d6vers\u00e4ttningskvalitet enligt ISO 9001 och ISO 17100<\/p>\n<\/div><\/section><\/p><\/div>\n<div  class='flex_column av-1dccj8-fb98e59d2b947fd54733895aaf3950b1 av_two_third  avia-builder-el-3  el_after_av_one_full  el_before_av_one_third  first flex_column_div  column-top-margin'     ><section  class='av_textblock_section av-cebjk4-b2efd67f2941986a9402f48d4f1e8760 '   itemscope=\"itemscope\" itemtype=\"https:\/\/schema.org\/CreativeWork\" ><div class='avia_textblock'  itemprop=\"text\" ><p>En f\u00f6ruts\u00e4ttning f\u00f6r god \u00f6vers\u00e4ttningskvalitet \u00e4r specialiserade, modersm\u00e5lstalande \u00f6vers\u00e4ttare som \u00e4r verksamma i det land d\u00e4r spr\u00e5ket talas. V\u00e5r kvalitetsprocess inneb\u00e4r att dina \u00f6vers\u00e4ttningsdokument f\u00f6ljs upp i varje steg, fr\u00e5n de ursprungliga k\u00e4llfilerna till de f\u00e4rdiga filer p\u00e5 m\u00e5lspr\u00e5ket\/m\u00e5lspr\u00e5ken som skickas tillbaka till dig.<\/p>\n<p>ISO-kvalitet: V\u00e5r <a href=\"https:\/\/www.star-ts.com\/sv\/iso-kvalitetspolicy\/\">kvalitetspolicy<\/a> sammanfattar v\u00e5r m\u00e5ls\u00e4ttning att leverera kvalitet till alla f\u00f6retagets kunder.<\/p>\n<p>Vi \u00e4r certifierade enligt <a href=\"https:\/\/www.star-ts.com\/sv\/vad-innebar-iso-9001-certifiering\/\">ISO 9001<\/a> och <a href=\"https:\/\/www.star-ts.com\/sv\/vad-innebar-iso-17100-certifiering\/\">ISO 17100<\/a><\/p>\n<\/div><\/section><\/div>\n<style type=\"text\/css\" data-created_by=\"avia_inline_auto\" id=\"style-css-av-bhy7ec-48ed18e038f3ae077d206d052243f384\">\n.flex_column.av-bhy7ec-48ed18e038f3ae077d206d052243f384{\nborder-radius:0px 0px 0px 0px;\npadding:0px 0px 0px 0px;\n}\n<\/style>\n<div  class='flex_column av-bhy7ec-48ed18e038f3ae077d206d052243f384 av_one_third  avia-builder-el-5  el_after_av_two_third  el_before_av_one_full  flex_column_div av-zero-column-padding  column-top-margin'     ><section  class='av_textblock_section av-92wmr8-0145d7d714d433d3744b2ee7637c886b '   itemscope=\"itemscope\" itemtype=\"https:\/\/schema.org\/CreativeWork\" ><div class='avia_textblock'  itemprop=\"text\" ><p><img decoding=\"async\" class=\"alignnone size-full wp-image-9301\" title=\"Translation quality process\" src=\"https:\/\/www.star-ts.com\/wp-content\/uploads\/2014\/07\/translation-quality-process.png\" alt=\"Translation quality process\" width=\"400\" height=\"320\" srcset=\"https:\/\/www.star-ts.com\/wp-content\/uploads\/2014\/07\/translation-quality-process.png 400w, https:\/\/www.star-ts.com\/wp-content\/uploads\/2014\/07\/translation-quality-process-80x64.png 80w, https:\/\/www.star-ts.com\/wp-content\/uploads\/2014\/07\/translation-quality-process-300x240.png 300w\" sizes=\"(max-width: 400px) 100vw, 400px\" \/><\/p>\n<\/div><\/section><\/div><\/p>\n<div  class='flex_column av-7oyd3o-34f5d1c202ebf0bb4211fb6de219d2ee av_one_full  avia-builder-el-7  el_after_av_one_third  el_before_av_section  avia-builder-el-last  first flex_column_div  column-top-margin'     ><section  class='av_textblock_section av-n4uhg-84dc41450598c3d7757a61fd8f14aa6b '   itemscope=\"itemscope\" itemtype=\"https:\/\/schema.org\/CreativeWork\" ><div class='avia_textblock'  itemprop=\"text\" ><p><a href=\"https:\/\/www.star-ts.com\/sv\/iso-kvalitetspolicy\/\">V\u00e5r ISO-kvalitetspolicy<\/a><\/p>\n<p><a href=\"https:\/\/www.star-ts.com\/sv\/about\/terms-and-conditions\/\">Allm\u00e4nna villkor<\/a><\/p>\n<\/div><\/section><\/div>\n<\/div><\/div><\/div><!-- close content main div --><\/div><\/div>\n<style type=\"text\/css\" data-created_by=\"avia_inline_auto\" id=\"style-css-av-k0gx2157-307699bb8bdeb8c22c0065ee0c218e70\">\n.avia-section.av-k0gx2157-307699bb8bdeb8c22c0065ee0c218e70{\nbackground-color:#ff7f27;\nbackground-image:unset;\n}\n<\/style>\n<div id='av_section_1'  class='avia-section av-k0gx2157-307699bb8bdeb8c22c0065ee0c218e70 main_color avia-section-default avia-no-border-styling  avia-builder-el-9  el_after_av_one_full  avia-builder-el-last  avia-bg-style-scroll container_wrap sidebar_right'  ><div class='container av-section-cont-open' ><div class='template-page content  av-content-small alpha units'><div class='post-entry post-entry-type-page post-entry-116200'><div class='entry-content-wrapper clearfix'>\n<section  class='av_textblock_section av-zffpn-9b19d1d65eda350fe1fbef528189f03e '   itemscope=\"itemscope\" itemtype=\"https:\/\/schema.org\/CreativeWork\" ><div class='avia_textblock'  itemprop=\"text\" ><h2><span style=\"color: #ffffff;\">Kom ig\u00e5ng<\/span><\/h2>\n<div  class='avia-button-wrap av-aaau3-3fdc89fd4e9707e438a36acf544a5414-wrap avia-button-left  avia-builder-el-11  avia-builder-el-no-sibling '><a href='https:\/\/www.star-ts.com\/contact\/'  class='avia-button av-aaau3-3fdc89fd4e9707e438a36acf544a5414 av-link-btn avia-icon_select-no avia-size-x-large avia-position-left avia-color-light'   aria-label=\"Kontakta oss\"><span class='avia_iconbox_title' >Kontakta oss<\/span><\/a><\/div>\n<\/div><\/section>\n<\/div><\/div><\/div><!-- close content main div --><\/div><\/div><div id='after_section_1'  class='main_color av_default_container_wrap container_wrap sidebar_right'  ><div class='container av-section-cont-open' ><div class='template-page content  av-content-small alpha units'><div class='post-entry post-entry-type-page post-entry-116200'><div class='entry-content-wrapper clearfix'>\n","protected":false},"excerpt":{"rendered":"<p>V\u00e5r kvalitetsprocess inneb\u00e4r att dina \u00f6vers\u00e4ttningsdokument f\u00f6ljs upp i varje steg, fr\u00e5n de ursprungliga k\u00e4llfilerna till de f\u00e4rdiga filer p\u00e5 m\u00e5lspr\u00e5ket\/m\u00e5lspr\u00e5ken som skickas tillbaka till dig.<\/p>\n<p>ISO-kvalitet: V\u00e5r kvalitetspolicy sammanfattar v\u00e5r m\u00e5ls\u00e4ttning att leverera kvalitet till alla f\u00f6retagets kunder.<\/p>\n<p>Vi \u00e4r certifierade enligt ISO 9001 och ISO 17100<\/p>\n","protected":false},"author":1,"featured_media":66963,"parent":120224,"menu_order":3,"comment_status":"closed","ping_status":"closed","template":"","meta":{"footnotes":""},"class_list":["post-116200","page","type-page","status-publish","has-post-thumbnail","hentry"],"_links":{"self":[{"href":"https:\/\/www.star-ts.com\/sv\/wp-json\/wp\/v2\/pages\/116200","targetHints":{"allow":["GET"]}}],"collection":[{"href":"https:\/\/www.star-ts.com\/sv\/wp-json\/wp\/v2\/pages"}],"about":[{"href":"https:\/\/www.star-ts.com\/sv\/wp-json\/wp\/v2\/types\/page"}],"author":[{"embeddable":true,"href":"https:\/\/www.star-ts.com\/sv\/wp-json\/wp\/v2\/users\/1"}],"replies":[{"embeddable":true,"href":"https:\/\/www.star-ts.com\/sv\/wp-json\/wp\/v2\/comments?post=116200"}],"version-history":[{"count":0,"href":"https:\/\/www.star-ts.com\/sv\/wp-json\/wp\/v2\/pages\/116200\/revisions"}],"up":[{"embeddable":true,"href":"https:\/\/www.star-ts.com\/sv\/wp-json\/wp\/v2\/pages\/120224"}],"wp:featuredmedia":[{"embeddable":true,"href":"https:\/\/www.star-ts.com\/sv\/wp-json\/wp\/v2\/media\/66963"}],"wp:attachment":[{"href":"https:\/\/www.star-ts.com\/sv\/wp-json\/wp\/v2\/media?parent=116200"}],"curies":[{"name":"wp","href":"https:\/\/api.w.org\/{rel}","templated":true}]}}