{"id":116183,"date":"2025-03-13T10:30:59","date_gmt":"2025-03-13T10:30:59","guid":{"rendered":"https:\/\/www.star-ts.com\/vad-ar-internationell-engelska\/"},"modified":"2025-11-07T12:53:20","modified_gmt":"2025-11-07T12:53:20","slug":"vad-ar-internationell-engelska","status":"publish","type":"page","link":"https:\/\/www.star-ts.com\/sv\/translation-faq\/vad-ar-internationell-engelska\/","title":{"rendered":"Vad \u00e4r internationell engelska?"},"content":{"rendered":"<div id='full_slider_1'  class='avia-fullwidth-slider main_color avia-shadow   avia-builder-el-0  el_before_av_one_full  avia-builder-el-first   container_wrap sidebar_right'  ><div  class='avia-slideshow av-xym7vt-302751c0a3ed6b7f4b994d9cebdf8899 avia-slideshow-featured av_slideshow_full avia-slide-slider av-slideshow-ui av-control-default av-slideshow-manual av-loop-once av-loop-manual-endless av-default-height-applied   avia-slideshow-1' data-slideshow-options=\"{&quot;animation&quot;:&quot;slide&quot;,&quot;autoplay&quot;:false,&quot;loop_autoplay&quot;:&quot;once&quot;,&quot;interval&quot;:5,&quot;loop_manual&quot;:&quot;manual-endless&quot;,&quot;autoplay_stopper&quot;:false,&quot;noNavigation&quot;:false,&quot;bg_slider&quot;:false,&quot;keep_padding&quot;:false,&quot;hoverpause&quot;:false,&quot;show_slide_delay&quot;:0}\"  itemprop=\"image\" itemscope=\"itemscope\" itemtype=\"https:\/\/schema.org\/ImageObject\" ><ul class='avia-slideshow-inner ' style='padding-bottom: 28.666666666667%;'><li  class='avia-slideshow-slide av-xym7vt-302751c0a3ed6b7f4b994d9cebdf8899__0  av-single-slide slide-1 slide-odd'><div data-rel='slideshow-1' class='avia-slide-wrap '   ><div class='av-slideshow-caption av-xym7vt-302751c0a3ed6b7f4b994d9cebdf8899__0 caption_fullwidth caption_center caption_center_framed caption_framed'><div class=\"container caption_container\"><div class=\"slideshow_caption\"><div class=\"slideshow_inner_caption\"><div class=\"slideshow_align_caption\"><h2 class='avia-caption-title '  itemprop=\"name\" >Internationell engelska<\/h2><div class='avia-caption-content '  itemprop=\"description\" ><p>Engelska runt om i v\u00e4rlden.<\/p>\n<\/div><\/div><\/div><\/div><\/div><\/div><img decoding=\"async\" fetchpriority=\"high\" class=\"wp-image-72377 avia-img-lazy-loading-not-72377\"  src=\"https:\/\/www.star-ts.com\/wp-content\/uploads\/2018\/07\/international-engligh-2-1500x430.jpg\" width=\"1500\" height=\"430\" title='international-engligh (2)' alt=''  itemprop=\"thumbnailUrl\"   \/><\/div><\/li><\/ul><\/div><\/div><div id='after_full_slider_1'  class='main_color av_default_container_wrap container_wrap sidebar_right'  ><div class='container av-section-cont-open' ><div class='template-page content  av-content-small alpha units'><div class='post-entry post-entry-type-page post-entry-116183'><div class='entry-content-wrapper clearfix'>\n<div  class='flex_column av-ve5dx5-29aec8f6c9fca8d48df1e0d880424e0a av_one_full  avia-builder-el-1  el_after_av_slideshow_full  el_before_av_one_full  avia-builder-el-first  first flex_column_div  '     ><section  class='av_textblock_section av-sgvy61-98029bde7fed8b90e7ee09b951abd0bd '   itemscope=\"itemscope\" itemtype=\"https:\/\/schema.org\/CreativeWork\" ><div class='avia_textblock'  itemprop=\"text\" ><h1>Internationell engelska<\/h1>\n<p>Internationell engelska \u00e4r ett begrepp som ofta anv\u00e4nds f\u00f6r att beskriva den generiska version av engelska som ibland anv\u00e4nds i dokument och teknikinformation. F\u00f6r att f\u00f6rst\u00e5 vad som avses med begreppet \u201dinternationell engelska\u201d kan det vara bra att veta p\u00e5 vilka h\u00e5ll i v\u00e4rlden engelska talas.<\/p>\n<h2>Var talar man i f\u00f6rsta hand engelska?<\/h2>\n<p>Engelska talas som officiellt spr\u00e5k i &#8230;<\/p>\n<ul>\n<li>Australien, Storbritannien och USA.<\/li>\n<\/ul>\n<p>Engelska talas som ett av flera officiella spr\u00e5k i &#8230;<\/p>\n<ul>\n<li>Irland, Kanada, Nya Zeeland och Sydafrika.<\/li>\n<\/ul>\n<p>Stora l\u00e4nder d\u00e4r engelska \u00e4r officiellt spr\u00e5k men generellt inte talas som modersm\u00e5l:<\/p>\n<ul>\n<li>Indien, Nigeria, Pakistan och Filippinerna<\/li>\n<\/ul>\n<figure><img decoding=\"async\" src=\"https:\/\/www.star-ts.com\/wp-content\/uploads\/2014\/07\/international-english.png\" alt=\"What is International English?\" width=\"400\" height=\"320\" \/><\/figure>\n<\/div><\/section><\/div><div  class='flex_column av-qqgfo9-698b08e4a064bcd06c62d766eeeb957e av_one_full  avia-builder-el-3  el_after_av_one_full  el_before_av_one_full  first flex_column_div  column-top-margin'     ><section  class='av_textblock_section av-p7pevt-ce25bb4d1b8d03879c78daaeeb4137a1 '   itemscope=\"itemscope\" itemtype=\"https:\/\/schema.org\/CreativeWork\" ><div class='avia_textblock'  itemprop=\"text\" ><h3>Olika engelska dialekter<\/h3>\n<p>Trots att det ofta anv\u00e4nds i till exempel aff\u00e4rskretsar finns det ingen renodlad variant av internationell engelska som fungerar lika bra i alla engelsktalande l\u00e4nder. Varje variant har sina egenheter och s\u00e4rdrag, \u00e4ven om skillnaderna mellan brittisk och amerikansk engelska kanske \u00e4r de mest utm\u00e4rkande.<\/p>\n<\/div><\/section><\/div><\/p>\n<div  class='flex_column av-o560w9-b5ccc8a2094448a3b28ded073ad7e949 av_one_full  avia-builder-el-5  el_after_av_one_full  el_before_av_one_full  first flex_column_div  column-top-margin'     ><section  class='av_textblock_section av-n09jmx-2fbc61da37c0fc0bd2263614a477ad23 '   itemscope=\"itemscope\" itemtype=\"https:\/\/schema.org\/CreativeWork\" ><div class='avia_textblock'  itemprop=\"text\" ><h3>STAR \u2013 en samlad l\u00f6sning f\u00f6r alla dina engelskspr\u00e5kiga \u00f6vers\u00e4ttningar<\/h3>\n<p>Utifr\u00e5n v\u00e5ra kunskaper om de olika varianternas stavnings- och grammatikregler kan vi skilja mellan amerikansk engelska, \u00e5 ena sidan, och s\u00e5 kallad internationell engelska, \u00e5 den andra. Brittisk engelska tenderar att tas emot b\u00e4ttre runt om i v\u00e4rlden, framf\u00f6r allt i engelskspr\u00e5kiga l\u00e4nder; det \u00e4r d\u00e4rmed den vanligaste approachen f\u00f6r att n\u00e5 ut med amerikanskt material till en global publik.<\/p>\n<p>Vissa av STAR:s kunder kan ocks\u00e5 vilja f\u00e5 material \u00f6versatt fr\u00e5n n\u00e5got annat spr\u00e5k till en version av engelska som kan anv\u00e4ndas \u00f6ver hela v\u00e4rlden. I s\u00e5dana fall kan vi till exempel \u00f6vers\u00e4tta materialet till internationell engelska och sedan be en amerikansk granskare g\u00e5 igenom \u00f6vers\u00e4ttningen f\u00f6r att leta efter potentiella fallgropar.<\/p>\n<p>Om granskaren hittar s\u00e5dana problem kan \u00f6vers\u00e4ttaren i st\u00e4llet anv\u00e4nda ett annat ord eller uttryckss\u00e4tt. Arbetss\u00e4ttet p\u00e5minner om det vi kallar <em>internationalisering<\/em> (i18n). Tanken h\u00e4r \u00e4r att inneh\u00e5llet, vare sig det \u00e4r skrivet p\u00e5 engelska fr\u00e5n b\u00f6rjan eller \u00f6versatt, bearbetas f\u00f6r att undvika problem som kan uppst\u00e5 i m\u00f6tet med en internationell publik.<\/p>\n<p>Texten analyseras och lokala begrepp och termer undviks i mesta m\u00f6jliga m\u00e5n. L\u00e4mpliga och korrekta synonymer anv\u00e4nds ofta flitigt. I vissa fall kanske termer och uttryck helt m\u00e5ste formuleras om. Exempel p\u00e5 brittisk engelska:<\/p>\n<ul>\n<li>In the event of fire do not use the lift. Contact the fire brigade.<\/li>\n<\/ul>\n<p>Omformulering till amerikansk engelska:<\/p>\n<ul>\n<li>In the event of fire do not use the elevator. Contact the fire department.<\/li>\n<\/ul>\n<p>Internationalisering:<\/p>\n<ul>\n<li>In the event of fire use the stairs only. Contact the fire station.<\/li>\n<\/ul>\n<\/div><\/section><\/div>\n<div  class='flex_column av-keyhpl-2f4bf1a03ce642c0497f62341387628f av_one_full  avia-builder-el-7  el_after_av_one_full  el_before_av_one_full  first flex_column_div  column-top-margin'     ><section  class='av_textblock_section av-jd16h5-b78bf798fe4265db738111ae13c556ad '   itemscope=\"itemscope\" itemtype=\"https:\/\/schema.org\/CreativeWork\" ><div class='avia_textblock'  itemprop=\"text\" ><h3>Engelska varianter baserat p\u00e5 land<\/h3>\n<table>\n<tbody>\n<tr>\n<th>Land<\/th>\n<th>Variant<\/th>\n<\/tr>\n<tr>\n<td>Australien<\/td>\n<td>Brittisk engelska<\/td>\n<\/tr>\n<tr>\n<td>Storbritannien<\/td>\n<td>Brittisk engelska<\/td>\n<\/tr>\n<tr>\n<td>USA<\/td>\n<td>Engelska (USA)<\/td>\n<\/tr>\n<tr>\n<td>Kanada<\/td>\n<td>Engelska (USA)<\/td>\n<\/tr>\n<tr>\n<td>Nya Zeeland<\/td>\n<td>Brittisk engelska<\/td>\n<\/tr>\n<tr>\n<td>Irland<\/td>\n<td>Brittisk engelska<\/td>\n<\/tr>\n<tr>\n<td>Sydafrika<\/td>\n<td>Brittisk engelska<\/td>\n<\/tr>\n<tr>\n<td>Indien<\/td>\n<td>Brittisk engelska<\/td>\n<\/tr>\n<tr>\n<td>Nigeria<\/td>\n<td>Brittisk engelska<\/td>\n<\/tr>\n<tr>\n<td>Pakistan<\/td>\n<td>Brittisk engelska<\/td>\n<\/tr>\n<tr>\n<td>Filippinerna<\/td>\n<td>Engelska (USA)<\/td>\n<\/tr>\n<\/tbody>\n<\/table>\n<\/div><\/section><\/div>\n<div  class='flex_column av-1pv3gp-2e2e2bb9804dc9d6c463fae0d8ebd7fe av_one_full  avia-builder-el-9  el_after_av_one_full  el_before_av_one_full  first flex_column_div  column-top-margin'     ><section  class='av_textblock_section av-fk74ih-7f30ecfa7b896f24c547c5f23f70025a '   itemscope=\"itemscope\" itemtype=\"https:\/\/schema.org\/CreativeWork\" ><div class='avia_textblock'  itemprop=\"text\" ><h3>Brittiska och amerikanska stavningsskillnader<\/h3>\n<table>\n<tbody>\n<tr>\n<th>Stavningsskillnad<\/th>\n<th>Brittisk engelska<\/th>\n<th>Amerikansk engelska<\/th>\n<\/tr>\n<tr>\n<td>Substantiv\u00e4ndelse: -re vs -er<\/td>\n<td>Centre<\/td>\n<td>Center<\/td>\n<\/tr>\n<tr>\n<td>Substantiv\u00e4ndelse: -our vs -or<\/td>\n<td>Flavour<\/td>\n<td>Flavor<\/td>\n<\/tr>\n<tr>\n<td>Substantiv\u00e4ndelse: -ence vs -ense<\/td>\n<td>Licence<\/td>\n<td>License<\/td>\n<\/tr>\n<tr>\n<td>Verb\u00e4ndelse: -ize vs -ise<\/td>\n<td>Apologize \/ apologise*<\/td>\n<td>Apologize<\/td>\n<\/tr>\n<tr>\n<td colspan=\"3\">*I brittisk engelska anv\u00e4nds b\u00e5da<\/td>\n<\/tr>\n<tr>\n<td>Verb\u00e4ndelse: -yze vs -yse<\/td>\n<td>Paralyse<\/td>\n<td>Paralyze<\/td>\n<\/tr>\n<tr>\n<td>\u201dae\u201d eller \u201doe\u201d vs \u201de\u201d<\/td>\n<td>Paediatric<\/td>\n<td>Pediatric<\/td>\n<\/tr>\n<tr>\n<td>-ogue vs -og eller -ogue*<\/td>\n<td>Catalogue<\/td>\n<td>Catalog \/ catalogue*<\/td>\n<\/tr>\n<tr>\n<td colspan=\"3\">*I amerikansk engelska anv\u00e4nds b\u00e5da<\/td>\n<\/tr>\n<tr>\n<td>Ett extra \u201dl\u201d i slutet av b\u00f6jda verb<\/td>\n<td>Travelling<\/td>\n<td>Traveling<\/td>\n<\/tr>\n<\/tbody>\n<\/table>\n<\/div><\/section><\/div>\n<div  class='flex_column av-e79al5-3dc423d36b50be7260f7658462befcaa av_one_full  avia-builder-el-11  el_after_av_one_full  el_before_av_section  avia-builder-el-last  first flex_column_div  column-top-margin'     ><section  class='av_textblock_section av-cstnxl-4a40d8b7378be68a81da8032803f2500 '   itemscope=\"itemscope\" itemtype=\"https:\/\/schema.org\/CreativeWork\" ><div class='avia_textblock'  itemprop=\"text\" ><h3>Skillnader i terminologi<\/h3>\n<table>\n<tbody>\n<tr>\n<th>Brittisk engelska<\/th>\n<th>Amerikansk engelska<\/th>\n<\/tr>\n<tr>\n<td>Boot<\/td>\n<td>Trunk<\/td>\n<\/tr>\n<tr>\n<td>Bumper<\/td>\n<td>Fender<\/td>\n<\/tr>\n<tr>\n<td>Candy floss<\/td>\n<td>Cotton candy<\/td>\n<\/tr>\n<tr>\n<td>Chips<\/td>\n<td>French fries<\/td>\n<\/tr>\n<tr>\n<td>Crisps<\/td>\n<td>Chips<\/td>\n<\/tr>\n<tr>\n<td>Gear lever<\/td>\n<td>Gearshift<\/td>\n<\/tr>\n<tr>\n<td>Jumper<\/td>\n<td>Sweater<\/td>\n<\/tr>\n<tr>\n<td>Queue<\/td>\n<td>Line<\/td>\n<\/tr>\n<tr>\n<td>Timber<\/td>\n<td>Lumber<\/td>\n<\/tr>\n<tr>\n<td>Windscreen<\/td>\n<td>Windshield<\/td>\n<\/tr>\n<tr>\n<td>Tram<\/td>\n<td>Streetcar<\/td>\n<\/tr>\n<tr>\n<td>Underground<\/td>\n<td>Subway<\/td>\n<\/tr>\n<tr>\n<td>Railway<\/td>\n<td>Railroad<\/td>\n<\/tr>\n<tr>\n<td>Courgette<\/td>\n<td>Zucchini<\/td>\n<\/tr>\n<tr>\n<td>Aubergine<\/td>\n<td>Eggplant<\/td>\n<\/tr>\n<tr>\n<th>Brittisk engelska<\/th>\n<th>Sydafrikansk engelska<\/th>\n<\/tr>\n<tr>\n<td>Jerky<\/td>\n<td>Biltong<\/td>\n<\/tr>\n<tr>\n<td>Traffic light<\/td>\n<td>Robot<\/td>\n<\/tr>\n<tr>\n<td>Pickup truck<\/td>\n<td>Bakkie<\/td>\n<\/tr>\n<\/tbody>\n<\/table>\n<\/div><\/section><\/div>\n<\/div><\/div><\/div><!-- close content main div --><\/div><\/div><div id='relxa'  class='avia-section av-pvvdl-9bf82352e2d6f1354227985fe8a7cb3b main_color avia-section-default avia-no-shadow  avia-builder-el-13  el_after_av_one_full  el_before_av_one_half  avia-bg-style-scroll container_wrap sidebar_right'  ><div class='container av-section-cont-open' ><div class='template-page content  av-content-small alpha units'><div class='post-entry post-entry-type-page post-entry-116183'><div class='entry-content-wrapper clearfix'>\n<section  class='av_textblock_section av-5o9jxl-991ea9ed9148ed3efebce9a54421c5e0 '   itemscope=\"itemscope\" itemtype=\"https:\/\/schema.org\/CreativeWork\" ><div class='avia_textblock'  itemprop=\"text\" ><p>Mer:<\/p>\n<p><a href=\"https:\/\/www.star-ts.com\/sv\/engelska-oversattningstjanster\/\">Engelskspr\u00e5kiga \u00f6vers\u00e4ttningstj\u00e4nster<\/a><\/p>\n<p><a href=\"https:\/\/www.star-ts.com\/sv\/english-proofreading-services\/\">Spr\u00e5kgranskningstj\u00e4nster<\/a><\/p>\n<p><a href=\"https:\/\/www.star-ts.com\/sv\/vad-innebar-iso-17100-certifiering\/\">Vad inneb\u00e4r ISO 17100-certifiering?<\/a><\/p>\n<p><a href=\"https:\/\/www.star-ts.com\/sv\/vad-innebar-iso-9001-certifiering\/\">Vad inneb\u00e4r ISO 9001-certifiering?<\/a><\/p>\n<\/div><\/section>\n<\/div><\/div><\/div><!-- close content main div --><\/div><\/div><div id='after_section_1'  class='main_color av_default_container_wrap container_wrap sidebar_right'  ><div class='container av-section-cont-open' ><div class='template-page content  av-content-small alpha units'><div class='post-entry post-entry-type-page post-entry-116183'><div class='entry-content-wrapper clearfix'>\n\n<style type=\"text\/css\" data-created_by=\"avia_inline_auto\" id=\"style-css-av-6sjqq1-c5d16add9e048554f91def24f9c2ceda\">\n.flex_column.av-6sjqq1-c5d16add9e048554f91def24f9c2ceda{\nborder-radius:0px 0px 0px 0px;\npadding:0px 0px 0px 0px;\n}\n<\/style>\n<div  class='flex_column av-6sjqq1-c5d16add9e048554f91def24f9c2ceda av_one_half  avia-builder-el-15  el_after_av_section  el_before_av_one_half  avia-builder-el-first  first flex_column_div av-zero-column-padding  '     ><section  class='av_textblock_section av-kecpzm7g-10459406923501180c7f6f740a01db4f '   itemscope=\"itemscope\" itemtype=\"https:\/\/schema.org\/CreativeWork\" ><div class='avia_textblock'  itemprop=\"text\" ><div  class='avia-button-wrap avia-button-center  avia-builder-el-17  avia-builder-el-no-sibling '>\n<style type=\"text\/css\" data-created_by=\"avia_inline_auto\" id=\"style-css-av-5g4k3d-cd159d82a9eea105bae9f8b91cb2def6\">\n#top #wrap_all .avia-button.av-5g4k3d-cd159d82a9eea105bae9f8b91cb2def6:hover{\ncolor:#ffffff;\ntransition:all 0.4s ease-in-out;\n}\n#top #wrap_all .avia-button.av-5g4k3d-cd159d82a9eea105bae9f8b91cb2def6:hover .avia-svg-icon svg:first-child{\nfill:#ffffff;\nstroke:#ffffff;\n}\n<\/style>\n<a href='https:\/\/www.star-ts.com\/contact\/' class='avia-color-dark avia-font-color-black avia-button avia-button-fullwidth av-5g4k3d-cd159d82a9eea105bae9f8b91cb2def6 avia-icon_select-no avia-color-dark'   aria-label=\"Kontakta oss\"><span class='avia_iconbox_title' >Kontakta oss<\/span><span class='avia_button_background avia-button avia-button-fullwidth avia-color-theme-color-subtle'><\/span><\/a><\/div>\n<\/div><\/section><\/div>\n\n<style type=\"text\/css\" data-created_by=\"avia_inline_auto\" id=\"style-css-av-4rfxcp-3306aa61d6516968b49802c996f0aabb\">\n.flex_column.av-4rfxcp-3306aa61d6516968b49802c996f0aabb{\nborder-radius:0px 0px 0px 0px;\npadding:0px 0px 0px 0px;\n}\n<\/style>\n<div  class='flex_column av-4rfxcp-3306aa61d6516968b49802c996f0aabb av_one_half  avia-builder-el-18  el_after_av_one_half  avia-builder-el-last  flex_column_div av-zero-column-padding  '     ><section  class='av_textblock_section av-kecpvkh2-1fff26377e9754166b01c392c38510e9 '   itemscope=\"itemscope\" itemtype=\"https:\/\/schema.org\/CreativeWork\" ><div class='avia_textblock'  itemprop=\"text\" ><div  class='avia-button-wrap avia-button-center  avia-builder-el-20  avia-builder-el-no-sibling '>\n<style type=\"text\/css\" data-created_by=\"avia_inline_auto\" id=\"style-css-av-29oeh5-c0d9cc8cade44311b8e289ea04a466ca\">\n#top #wrap_all .avia-button.av-29oeh5-c0d9cc8cade44311b8e289ea04a466ca{\nbackground-color:#08a742;\nborder-color:#08a742;\ncolor:#ffffff;\ntransition:all 0.4s ease-in-out;\n}\n#top #wrap_all .avia-button.av-29oeh5-c0d9cc8cade44311b8e289ea04a466ca:hover{\nbackground-color:#07b207;\ncolor:#ffffff;\ntransition:all 0.4s ease-in-out;\n}\n#top #wrap_all .avia-button.av-29oeh5-c0d9cc8cade44311b8e289ea04a466ca .avia-svg-icon svg:first-child{\nfill:#ffffff;\nstroke:#ffffff;\n}\n#top #wrap_all .avia-button.av-29oeh5-c0d9cc8cade44311b8e289ea04a466ca:hover .avia-svg-icon svg:first-child{\nfill:#ffffff;\nstroke:#ffffff;\n}\n<\/style>\n<a href='https:\/\/www.star-ts.com\/translate-now\/' class='avia-button avia-button-fullwidth av-29oeh5-c0d9cc8cade44311b8e289ea04a466ca avia-icon_select-no avia-color-custom'   aria-label=\"Beg\u00e4r en offert\"><span class='avia_iconbox_title' >Beg\u00e4r en offert<\/span><\/a><\/div>\n<\/div><\/section><\/div>\n","protected":false},"excerpt":{"rendered":"<p>Internationell engelska \u2013 koncept som anv\u00e4nds f\u00f6r att beskriva engelska som globalt universalspr\u00e5k \u2013 en r\u00f6relse f\u00f6r att ta fram en internationell standard f\u00f6r engelska.<\/p>\n","protected":false},"author":1,"featured_media":0,"parent":119912,"menu_order":7,"comment_status":"closed","ping_status":"closed","template":"","meta":{"footnotes":""},"class_list":["post-116183","page","type-page","status-publish","hentry"],"_links":{"self":[{"href":"https:\/\/www.star-ts.com\/sv\/wp-json\/wp\/v2\/pages\/116183","targetHints":{"allow":["GET"]}}],"collection":[{"href":"https:\/\/www.star-ts.com\/sv\/wp-json\/wp\/v2\/pages"}],"about":[{"href":"https:\/\/www.star-ts.com\/sv\/wp-json\/wp\/v2\/types\/page"}],"author":[{"embeddable":true,"href":"https:\/\/www.star-ts.com\/sv\/wp-json\/wp\/v2\/users\/1"}],"replies":[{"embeddable":true,"href":"https:\/\/www.star-ts.com\/sv\/wp-json\/wp\/v2\/comments?post=116183"}],"version-history":[{"count":0,"href":"https:\/\/www.star-ts.com\/sv\/wp-json\/wp\/v2\/pages\/116183\/revisions"}],"up":[{"embeddable":true,"href":"https:\/\/www.star-ts.com\/sv\/wp-json\/wp\/v2\/pages\/119912"}],"wp:attachment":[{"href":"https:\/\/www.star-ts.com\/sv\/wp-json\/wp\/v2\/media?parent=116183"}],"curies":[{"name":"wp","href":"https:\/\/api.w.org\/{rel}","templated":true}]}}