{"id":116141,"date":"2025-03-13T10:30:55","date_gmt":"2025-03-13T10:30:55","guid":{"rendered":"https:\/\/www.star-ts.com\/vad-innebar-iso-9001-certifiering\/"},"modified":"2025-11-07T12:53:20","modified_gmt":"2025-11-07T12:53:20","slug":"vad-innebar-iso-9001-certifiering","status":"publish","type":"page","link":"https:\/\/www.star-ts.com\/sv\/translation-faq\/vad-innebar-iso-9001-certifiering\/","title":{"rendered":"Vad inneb\u00e4r ISO 9001-certifiering?"},"content":{"rendered":"<div id='full_slider_1'  class='avia-fullwidth-slider main_color avia-shadow   avia-builder-el-0  el_before_av_three_fourth  avia-builder-el-first   container_wrap sidebar_right'  ><div  class='avia-slideshow av-ka5plk-4f8ae953f2df5c4ce3f753d01b052258 avia-slideshow-featured av_slideshow_full avia-slide-slider av-slideshow-ui av-control-default av-slideshow-manual av-loop-once av-loop-manual-endless av-default-height-applied   avia-slideshow-1' data-slideshow-options=\"{&quot;animation&quot;:&quot;slide&quot;,&quot;autoplay&quot;:false,&quot;loop_autoplay&quot;:&quot;once&quot;,&quot;interval&quot;:5,&quot;loop_manual&quot;:&quot;manual-endless&quot;,&quot;autoplay_stopper&quot;:false,&quot;noNavigation&quot;:false,&quot;bg_slider&quot;:false,&quot;keep_padding&quot;:false,&quot;hoverpause&quot;:false,&quot;show_slide_delay&quot;:0}\"  itemprop=\"image\" itemscope=\"itemscope\" itemtype=\"https:\/\/schema.org\/ImageObject\" ><ul class='avia-slideshow-inner ' style='padding-bottom: 28.666666666667%;'><li  class='avia-slideshow-slide av-ka5plk-4f8ae953f2df5c4ce3f753d01b052258__0  av-single-slide slide-1 slide-odd'><div data-rel='slideshow-1' class='avia-slide-wrap '   ><div class='av-slideshow-caption av-ka5plk-4f8ae953f2df5c4ce3f753d01b052258__0 caption_fullwidth caption_center caption_center_framed caption_framed'><div class=\"container caption_container\"><div class=\"slideshow_caption\"><div class=\"slideshow_inner_caption\"><div class=\"slideshow_align_caption\"><h2 class='avia-caption-title '  itemprop=\"name\" >ISO 9001-certifiering<\/h2><div class='avia-caption-content '  itemprop=\"description\" ><p>Vi levererar \u00f6vers\u00e4ttningar som h\u00e5ller en konstant h\u00f6g kvalitetsniv\u00e5.<\/p>\n<\/div><\/div><\/div><\/div><\/div><\/div><img decoding=\"async\" fetchpriority=\"high\" class=\"wp-image-72382 avia-img-lazy-loading-not-72382\"  src=\"https:\/\/www.star-ts.com\/wp-content\/uploads\/2018\/07\/certification-1500x430.jpg\" width=\"1500\" height=\"430\" title='certification' alt=''  itemprop=\"thumbnailUrl\"   \/><\/div><\/li><\/ul><\/div><\/div><div id='after_full_slider_1'  class='main_color av_default_container_wrap container_wrap sidebar_right'  ><div class='container av-section-cont-open' ><div class='template-page content  av-content-small alpha units'><div class='post-entry post-entry-type-page post-entry-116141'><div class='entry-content-wrapper clearfix'>\n<div  class='flex_column av-gsebhk-7e6c32c20ecdd9c82d5a6faf1a700bb8 av_three_fourth  avia-builder-el-1  el_after_av_slideshow_full  el_before_av_one_fourth  avia-builder-el-first  first flex_column_div  '     ><section  class='av_textblock_section av-5j8y0-c64bac94802d713047c3e1cfdb721ea0 '   itemscope=\"itemscope\" itemtype=\"https:\/\/schema.org\/CreativeWork\" ><div class='avia_textblock'  itemprop=\"text\" ><h1>Vad inneb\u00e4r ISO 9001:2015-certifieringen?<\/h1>\n<p>ISO 9001 \u00e4r en internationell standard f\u00f6r kvalitetsledningssystem. Certifieringen betyder att vi har ett fungerande system f\u00f6r kvalitetsledning och att vi &#8230;<\/p>\n<ul>\n<li>levererar tj\u00e4nster som h\u00e5ller en j\u00e4mn kvalitetsniv\u00e5<\/li>\n<li>fokuserar p\u00e5 att f\u00f6rb\u00e4ttra kundernas upplevelse och n\u00f6jdhet<\/li>\n<li>har en process f\u00f6r att f\u00f6lja upp kvalitetsproblem och arbeta med f\u00f6rb\u00e4ttringar<\/li>\n<\/ul>\n<p><strong>ISO 9001-certifiering<\/strong><\/p>\n<p><a href=\"https:\/\/www.star-ts.com\/wp-content\/uploads\/STAR-Translation-ISO9001.pdf\">Ladda ner v\u00e5r senaste certifiering f\u00f6r ISO 9001:2015<\/a><\/p>\n<p><strong>IQNET ISO 9001-certifiering<\/strong><\/p>\n<p><a href=\"https:\/\/www.star-ts.com\/wp-content\/uploads\/STAR-Translation-Services-IQNet-Cert.pdf\">STAR-Translation-Services-IQNet-Cert<\/a><\/p>\n<h3>Kvalitetsledning<\/h3>\n<p>ISO 9001:2015 definierar aktuella krav p\u00e5 kvalitetsledningssystem och anger att organisationen ska kunna visa sin f\u00f6rm\u00e5ga att leverera produkter som uppfyller s\u00e5v\u00e4l kundernas f\u00f6rv\u00e4ntningar som till\u00e4mpliga lagstadgade krav och f\u00f6rordningar. Syftet \u00e4r att utveckla kundn\u00f6jdheten med hj\u00e4lp av system som omfattar l\u00f6pande f\u00f6rb\u00e4ttringsprocesser och kvalitetss\u00e4kring f\u00f6r att garantera regelefterlevnad och uppfyllande av kundernas f\u00f6rv\u00e4ntningar.<\/p>\n<p>Kvalitetsledning:<\/p>\n<ul>\n<li>Resultat som h\u00e5ller j\u00e4mn kvalitet<\/li>\n<li>Fokus p\u00e5 att f\u00f6rb\u00e4ttra tj\u00e4nster och service<\/li>\n<li>Uppf\u00f6ljning av kvalitetsproblem<\/li>\n<li>Styrning av kvalitetsf\u00f6rb\u00e4ttringar<\/li>\n<li>Utveckling av kvalitetsprocesser<\/li>\n<\/ul>\n<\/div><\/section><\/div><div  class='flex_column av-2rmt3s-3920f7ea76800c76fdf1408606986ee7 av_one_fourth  avia-builder-el-3  el_after_av_three_fourth  el_before_av_one_fourth  flex_column_div  '     ><style type=\"text\/css\" data-created_by=\"avia_inline_auto\" id=\"style-css-av-lguw8evl-ed0c3dca6fbedc274f17864028ce31e6\">\n.avia-image-container.av-lguw8evl-ed0c3dca6fbedc274f17864028ce31e6 img.avia_image{\nbox-shadow:none;\n}\n.avia-image-container.av-lguw8evl-ed0c3dca6fbedc274f17864028ce31e6 .av-image-caption-overlay-center{\ncolor:#ffffff;\n}\n<\/style>\n<div  class='avia-image-container av-lguw8evl-ed0c3dca6fbedc274f17864028ce31e6 av-styling- avia-align-center  avia-builder-el-4  avia-builder-el-no-sibling '   itemprop=\"image\" itemscope=\"itemscope\" itemtype=\"https:\/\/schema.org\/ImageObject\" ><div class=\"avia-image-container-inner\"><div class=\"avia-image-overlay-wrap\"><img decoding=\"async\" fetchpriority=\"high\" class='wp-image-115259 avia-img-lazy-loading-not-115259 avia_image ' src=\"https:\/\/www.star-ts.com\/wp-content\/uploads\/90012015Large.jpg\" alt='NSAI ISO9001:2015 Logo' title='NSAI ISO9001:2015 Logo'  height=\"285\" width=\"200\"  itemprop=\"thumbnailUrl\" srcset=\"https:\/\/www.star-ts.com\/wp-content\/uploads\/90012015Large.jpg 200w, https:\/\/www.star-ts.com\/wp-content\/uploads\/90012015Large-56x80.jpg 56w\" sizes=\"(max-width: 200px) 100vw, 200px\" \/><\/div><\/div><\/div><\/div><div  class='flex_column av-293src-e43e3d9bcf617801e986861c59f3fcbf av_one_fourth  avia-builder-el-5  el_after_av_one_fourth  el_before_av_three_fourth  first flex_column_div  column-top-margin'     ><style type=\"text\/css\" data-created_by=\"avia_inline_auto\" id=\"style-css-av-lyymfoca-829043583f66c683472b63e7b69fdb9f\">\n.avia-image-container.av-lyymfoca-829043583f66c683472b63e7b69fdb9f img.avia_image{\nbox-shadow:none;\n}\n.avia-image-container.av-lyymfoca-829043583f66c683472b63e7b69fdb9f .av-image-caption-overlay-center{\ncolor:#ffffff;\n}\n<\/style>\n<div  class='avia-image-container av-lyymfoca-829043583f66c683472b63e7b69fdb9f av-styling- avia-align-center  avia-builder-el-6  avia-builder-el-no-sibling '   itemprop=\"image\" itemscope=\"itemscope\" itemtype=\"https:\/\/schema.org\/ImageObject\" ><div class=\"avia-image-container-inner\"><div class=\"avia-image-overlay-wrap\"><img decoding=\"async\" fetchpriority=\"high\" class='wp-image-115249 avia-img-lazy-loading-not-115249 avia_image ' src=\"https:\/\/www.star-ts.com\/wp-content\/uploads\/IQNET-Client-mark-Blue-on-White-300x300.jpg\" alt='NSAI ISO9001:2015 Logo' title='NSAI ISO9001:2015 Logo'  height=\"300\" width=\"300\"  itemprop=\"thumbnailUrl\" srcset=\"https:\/\/www.star-ts.com\/wp-content\/uploads\/IQNET-Client-mark-Blue-on-White-300x300.jpg 300w, https:\/\/www.star-ts.com\/wp-content\/uploads\/IQNET-Client-mark-Blue-on-White-80x80.jpg 80w, https:\/\/www.star-ts.com\/wp-content\/uploads\/IQNET-Client-mark-Blue-on-White-768x768.jpg 768w, https:\/\/www.star-ts.com\/wp-content\/uploads\/IQNET-Client-mark-Blue-on-White-36x36.jpg 36w, https:\/\/www.star-ts.com\/wp-content\/uploads\/IQNET-Client-mark-Blue-on-White-180x180.jpg 180w, https:\/\/www.star-ts.com\/wp-content\/uploads\/IQNET-Client-mark-Blue-on-White-705x705.jpg 705w, https:\/\/www.star-ts.com\/wp-content\/uploads\/IQNET-Client-mark-Blue-on-White.jpg 841w\" sizes=\"(max-width: 300px) 100vw, 300px\" \/><\/div><\/div><\/div><\/div><\/p>\n<div  class='flex_column av-e8ohqw-d457f63fcf500051388637d1a4f142a3 av_three_fourth  avia-builder-el-7  el_after_av_one_fourth  el_before_av_one_full  flex_column_div  column-top-margin'     ><section  class='av_textblock_section av-c1r22w-cf7f264aacf4b124865f4891ab792759 '   itemscope=\"itemscope\" itemtype=\"https:\/\/schema.org\/CreativeWork\" ><div class='avia_textblock'  itemprop=\"text\" ><h3>Certifiering<\/h3>\n<p>Kraven i ISO 9001 \u00e4r formulerade f\u00f6r att kunna till\u00e4mpas p\u00e5 alla slags f\u00f6retag, oavsett bransch, storlek och produkttyp. F\u00f6r mer information om ISO-standarder, se <a href=\"http:\/\/www.nsai.ie\" target=\"_blank\" rel=\"noopener\">NSAI:s officiella webbplats<\/a>.<\/p>\n<p>Vi arbetar l\u00f6pande med att f\u00f6lja upp kvalitetsfr\u00e5gor och sp\u00e5ra problem enligt ett system som f\u00f6rkortas <abbr title=\"Corrective Actions &#038; Preventive Actions\">CAPA<\/abbr>. CAPA st\u00e5r f\u00f6r Corrective Actions and Preventive Actions, eller korrigerings\u00e5tg\u00e4rder och f\u00f6rebyggande \u00e5tg\u00e4rder.<\/p>\n<\/div><\/section><\/div>\n<div  class='flex_column av-bjxc88-e6a7bc7c03822802092e7a6a992a0db0 av_one_full  avia-builder-el-9  el_after_av_three_fourth  avia-builder-el-last  first flex_column_div  column-top-margin'     ><section  class='av_textblock_section av-8gnf9k-432793d80a1ee43cbef33f0dcfe6e5b1 '   itemscope=\"itemscope\" itemtype=\"https:\/\/schema.org\/CreativeWork\" ><div class='avia_textblock'  itemprop=\"text\" ><h3>Korrigerings\u00e5tg\u00e4rder och f\u00f6rebyggande \u00e5tg\u00e4rder (CAPA)<\/h3>\n<p>F\u00f6r varje kvalitetsfr\u00e5ga g\u00e4ller att man f\u00f6rst tar itu med och registrerar eventuella korrigerings\u00e5tg\u00e4rder: Vad m\u00e5ste omedelbart g\u00f6ras f\u00f6r att l\u00f6sa eller f\u00f6rb\u00e4ttra problemet? Sedan definieras f\u00f6rbyggande \u00e5tg\u00e4rder: Vad beh\u00f6ver vi g\u00f6ra f\u00f6r att detta ska uppm\u00e4rksammas vid framtida tillf\u00e4llen, det vill s\u00e4ga: hur kan vi se till att det aktuella kvalitetsproblemet inte uppst\u00e5r igen. Detta \u00e4r en p\u00e5g\u00e5ende <a href=\"https:\/\/www.star-ts.com\/sv\/kvalitetsprocess-for-oversattning\/\">f\u00f6rb\u00e4ttringscykel<\/a>.<\/p>\n<p>Vi registrerar och f\u00f6ljer upp alla CAPA-\u00e5tg\u00e4rder inom ramen f\u00f6r v\u00e5r interna granskningsprocess. Det \u00e4r en del av arbetet som leder till fortsatt kvalitetsf\u00f6rb\u00e4ttring.<\/p>\n<p>Vi \u00e4r \u00e4ven certifierade enligt kvalitetsstandarden <a href=\"https:\/\/www.star-ts.com\/sv\/translation-faq\/what-is-iso17100-certification\/\">ISO 17100<\/a> f\u00f6r \u00f6vers\u00e4ttningstj\u00e4nster.<\/p>\n<\/div><\/section><\/div>\n","protected":false},"excerpt":{"rendered":"<p>STAR:s kvalitetsledningssystem \u00e4r certifierat enligt ISO9001:2015. Se v\u00e5ra senaste certifieringar och l\u00e4s mer om vad denna kvalitetsst\u00e4mpel inneb\u00e4r f\u00f6r ditt f\u00f6retags projekt.<\/p>\n","protected":false},"author":1,"featured_media":72382,"parent":119912,"menu_order":0,"comment_status":"open","ping_status":"closed","template":"","meta":{"footnotes":""},"class_list":["post-116141","page","type-page","status-publish","has-post-thumbnail","hentry"],"_links":{"self":[{"href":"https:\/\/www.star-ts.com\/sv\/wp-json\/wp\/v2\/pages\/116141","targetHints":{"allow":["GET"]}}],"collection":[{"href":"https:\/\/www.star-ts.com\/sv\/wp-json\/wp\/v2\/pages"}],"about":[{"href":"https:\/\/www.star-ts.com\/sv\/wp-json\/wp\/v2\/types\/page"}],"author":[{"embeddable":true,"href":"https:\/\/www.star-ts.com\/sv\/wp-json\/wp\/v2\/users\/1"}],"replies":[{"embeddable":true,"href":"https:\/\/www.star-ts.com\/sv\/wp-json\/wp\/v2\/comments?post=116141"}],"version-history":[{"count":0,"href":"https:\/\/www.star-ts.com\/sv\/wp-json\/wp\/v2\/pages\/116141\/revisions"}],"up":[{"embeddable":true,"href":"https:\/\/www.star-ts.com\/sv\/wp-json\/wp\/v2\/pages\/119912"}],"wp:featuredmedia":[{"embeddable":true,"href":"https:\/\/www.star-ts.com\/sv\/wp-json\/wp\/v2\/media\/72382"}],"wp:attachment":[{"href":"https:\/\/www.star-ts.com\/sv\/wp-json\/wp\/v2\/media?parent=116141"}],"curies":[{"name":"wp","href":"https:\/\/api.w.org\/{rel}","templated":true}]}}