{"id":116131,"date":"2025-03-13T10:30:52","date_gmt":"2025-03-13T10:30:52","guid":{"rendered":"https:\/\/www.star-ts.com\/iso-kvalitetspolicy\/"},"modified":"2025-11-07T13:10:22","modified_gmt":"2025-11-07T13:10:22","slug":"iso-kvalitetspolicy","status":"publish","type":"page","link":"https:\/\/www.star-ts.com\/sv\/about\/terms-and-conditions\/iso-kvalitetspolicy\/","title":{"rendered":"ISO-kvalitetspolicy"},"content":{"rendered":"<div  class='flex_column av-qx9uh4-8700eaaae946d6b732d4d7b2b3dac9e0 av_one_full  avia-builder-el-0  el_before_av_three_fifth  avia-builder-el-first  first flex_column_div  '     ><section  class='av_textblock_section av-px7enc-f5c8327946594e53a0549dd3de9e1360 '   itemscope=\"itemscope\" itemtype=\"https:\/\/schema.org\/CreativeWork\" ><div class='avia_textblock'  itemprop=\"text\" ><h1>STAR Translation Services ISO-kvalitetspolicy<\/h1>\n<\/div><\/section><\/div>\n<div  class='flex_column av-nqgtw8-1702e4910cf55bc23ca9143a79cbf4a3 av_three_fifth  avia-builder-el-2  el_after_av_one_full  el_before_av_one_fifth  first flex_column_div  column-top-margin'     ><section  class='av_textblock_section av-286dyg-430ad0c53af228e165a905c8a3a85020 '   itemscope=\"itemscope\" itemtype=\"https:\/\/schema.org\/CreativeWork\" ><div class='avia_textblock'  itemprop=\"text\" ><p>V\u00e5r m\u00e5ls\u00e4ttning som f\u00f6retag \u00e4r att leverera h\u00f6gsta m\u00f6jliga kvalitet till v\u00e5ra kunder.<\/p>\n<p>STAR \u00e4r en ISO-certifierad tj\u00e4nsteleverant\u00f6r p\u00e5 \u00f6vers\u00e4ttningsomr\u00e5det. Vi arbetar st\u00e4ndigt med att vara lyh\u00f6rda och utvecklas s\u00e5 att vi kan f\u00f6rb\u00e4ttra processerna f\u00f6r v\u00e5ra kunder.<\/p>\n<p>Du hittar de senaste versionerna av v\u00e5ra kvalitetscertifieringar <a href=\"https:\/\/www.star-ts.com\/sv\/vad-innebar-iso-9001-certifiering\/\">h\u00e4r<\/a>.<\/p>\n<\/div><\/section><\/div>\n<style type=\"text\/css\" data-created_by=\"avia_inline_auto\" id=\"style-css-av-k6fzoo-91660f4f5fed6ee32420561752ba7bc3\">\n.flex_column.av-k6fzoo-91660f4f5fed6ee32420561752ba7bc3{\nborder-radius:0px 0px 0px 0px;\npadding:0px 0px 0px 0px;\n}\n<\/style>\n<div  class='flex_column av-k6fzoo-91660f4f5fed6ee32420561752ba7bc3 av_one_fifth  avia-builder-el-4  el_after_av_three_fifth  el_before_av_one_fifth  flex_column_div av-zero-column-padding  column-top-margin'     ><style type=\"text\/css\" data-created_by=\"avia_inline_auto\" id=\"style-css-av-lyzrrcce-d9de1b251f41dd69932e5882b59b8b9a\">\n.avia-image-container.av-lyzrrcce-d9de1b251f41dd69932e5882b59b8b9a img.avia_image{\nbox-shadow:none;\n}\n.avia-image-container.av-lyzrrcce-d9de1b251f41dd69932e5882b59b8b9a .av-image-caption-overlay-center{\ncolor:#ffffff;\n}\n<\/style>\n<div  class='avia-image-container av-lyzrrcce-d9de1b251f41dd69932e5882b59b8b9a av-styling- avia-align-center  avia-builder-el-5  avia-builder-el-no-sibling '   itemprop=\"image\" itemscope=\"itemscope\" itemtype=\"https:\/\/schema.org\/ImageObject\" ><div class=\"avia-image-container-inner\"><div class=\"avia-image-overlay-wrap\"><img decoding=\"async\" fetchpriority=\"high\" class='wp-image-115259 avia-img-lazy-loading-not-115259 avia_image ' src=\"https:\/\/www.star-ts.com\/wp-content\/uploads\/90012015Large.jpg\" alt='' title='ISO 9001:2015 Logo'  height=\"285\" width=\"200\"  itemprop=\"thumbnailUrl\" srcset=\"https:\/\/www.star-ts.com\/wp-content\/uploads\/90012015Large.jpg 200w, https:\/\/www.star-ts.com\/wp-content\/uploads\/90012015Large-56x80.jpg 56w\" sizes=\"(max-width: 200px) 100vw, 200px\" \/><\/div><\/div><\/div><\/div>\n<style type=\"text\/css\" data-created_by=\"avia_inline_auto\" id=\"style-css-av-29gomg-3b80088486c457a63d9c28c51cb720f0\">\n.flex_column.av-29gomg-3b80088486c457a63d9c28c51cb720f0{\nborder-radius:0px 0px 0px 0px;\npadding:0px 0px 0px 0px;\n}\n<\/style>\n<div  class='flex_column av-29gomg-3b80088486c457a63d9c28c51cb720f0 av_one_fifth  avia-builder-el-6  el_after_av_one_fifth  el_before_av_one_full  flex_column_div av-zero-column-padding  column-top-margin'     ><style type=\"text\/css\" data-created_by=\"avia_inline_auto\" id=\"style-css-av-lyzrro2f-198f6cb5e7c599c5769c94a23573dccd\">\n.avia-image-container.av-lyzrro2f-198f6cb5e7c599c5769c94a23573dccd img.avia_image{\nbox-shadow:none;\n}\n.avia-image-container.av-lyzrro2f-198f6cb5e7c599c5769c94a23573dccd .av-image-caption-overlay-center{\ncolor:#ffffff;\n}\n<\/style>\n<div  class='avia-image-container av-lyzrro2f-198f6cb5e7c599c5769c94a23573dccd av-styling- avia-align-center  avia-builder-el-7  avia-builder-el-no-sibling '   itemprop=\"image\" itemscope=\"itemscope\" itemtype=\"https:\/\/schema.org\/ImageObject\" ><div class=\"avia-image-container-inner\"><div class=\"avia-image-overlay-wrap\"><img decoding=\"async\" fetchpriority=\"high\" class='wp-image-115249 avia-img-lazy-loading-not-115249 avia_image ' src=\"https:\/\/www.star-ts.com\/wp-content\/uploads\/IQNET-Client-mark-Blue-on-White-300x300.jpg\" alt='' title='IQNET Client mark Blue on White'  height=\"300\" width=\"300\"  itemprop=\"thumbnailUrl\" srcset=\"https:\/\/www.star-ts.com\/wp-content\/uploads\/IQNET-Client-mark-Blue-on-White-300x300.jpg 300w, https:\/\/www.star-ts.com\/wp-content\/uploads\/IQNET-Client-mark-Blue-on-White-80x80.jpg 80w, https:\/\/www.star-ts.com\/wp-content\/uploads\/IQNET-Client-mark-Blue-on-White-768x768.jpg 768w, https:\/\/www.star-ts.com\/wp-content\/uploads\/IQNET-Client-mark-Blue-on-White-36x36.jpg 36w, https:\/\/www.star-ts.com\/wp-content\/uploads\/IQNET-Client-mark-Blue-on-White-180x180.jpg 180w, https:\/\/www.star-ts.com\/wp-content\/uploads\/IQNET-Client-mark-Blue-on-White-705x705.jpg 705w, https:\/\/www.star-ts.com\/wp-content\/uploads\/IQNET-Client-mark-Blue-on-White.jpg 841w\" sizes=\"(max-width: 300px) 100vw, 300px\" \/><\/div><\/div><\/div><\/div><div  class='flex_column av-heilig-f6f020a77b3bd63f195a4a782cdc535d av_one_full  avia-builder-el-8  el_after_av_one_fifth  el_before_av_one_full  first flex_column_div  column-top-margin'     ><section  class='av_textblock_section av-fizm2w-b0a40087490dcc9e5e1885ad166b0f90 '   itemscope=\"itemscope\" itemtype=\"https:\/\/schema.org\/CreativeWork\" ><div class='avia_textblock'  itemprop=\"text\" ><h3>Kvalitetspolicy, revision 07<\/h3>\n<p>STAR Translation Services levererar h\u00f6gkvalitativa \u00f6vers\u00e4ttnings-, r\u00f6stp\u00e5l\u00e4ggnings- och undertextningstj\u00e4nster f\u00f6r den operativt viktiga information som v\u00e5ra kunder beh\u00f6ver f\u00f6r att kunna bedriva sina verksamheter internationellt och p\u00e5 hemmaplan. Vi skyddar v\u00e5ra kunders informationsintegritet och varum\u00e4rken oavsett spr\u00e5k.<\/p>\n<p>Vi g\u00f6r detta med hj\u00e4lp av ett kvalitetsledningssystem som uppfyller kraven i <a href=\"https:\/\/www.star-ts.com\/sv\/vad-innebar-iso-9001-certifiering\/\">ISO 9001:2015<\/a> och ISO 17100:2015.<\/p>\n<h4>F\u00f6retagsledningen arbetar f\u00f6r att:<\/h4>\n<ul>\n<li>Uppfylla till\u00e4mpliga krav genom att s\u00e4kerst\u00e4lla att s\u00e5v\u00e4l kundernas f\u00f6rv\u00e4ntningar som lagstadgade krav och f\u00f6rordningar definieras, f\u00f6rklaras och uppfylls.<\/li>\n<li>L\u00f6pande f\u00f6rb\u00e4ttra kvalitetsledningssystemet genom att identifiera och adressera eventuella risker och utmaningar som kan p\u00e5verka produktkvaliteten och kundn\u00f6jdheten, samt se till att detta kundfokus bibeh\u00e5lls.<\/li>\n<\/ul>\n<h4>F\u00f6retagsledningen ska:<\/h4>\n<ul>\n<li>\u00c5ta sig ansvaret f\u00f6r att kvalitetsledningssystemet \u00e4r effektivt.<\/li>\n<li>Etablera en kvalitetspolicy och kvalitetsm\u00e5l f\u00f6r kvalitetsledningssystemet, och se till att dessa \u00e4r kompatibla med f\u00f6retagets situation och strategiska ledning. Kvalitetsm\u00e5len formuleras och f\u00f6ljs upp som ett led i kvalitetsledningssystemets processer f\u00f6r intern revision, \u00f6vervakning och granskning, i syfte att f\u00f6rb\u00e4ttra kundn\u00f6jdheten.<\/li>\n<li>Arbeta f\u00f6r implementeringen av ett process- och riskbaserat t\u00e4nkande.<\/li>\n<li>Tillg\u00e4ngligg\u00f6ra resurser f\u00f6r arbetet med kvalitetsledningssystemet i form av till exempel utbildning, support och uppmuntran.<\/li>\n<li>Kommunicera vikten av effektiv kvalitetsledning och att systemets regler f\u00f6ljs.<\/li>\n<li>S\u00e4kerst\u00e4lla att kvalitetsledningssystemet anv\u00e4nds med avsett resultat.<\/li>\n<li>Hj\u00e4lpa och st\u00f6tta alla inblandade att bidra till att kvalitetsledningssystemet anv\u00e4nds effektivt.<\/li>\n<li>Verka f\u00f6r f\u00f6rb\u00e4ttringar.<\/li>\n<li>Uppmuntra andra p\u00e5 relevanta chefspositioner att ta en ledande roll inom ramen f\u00f6r det egna omr\u00e5det.<\/li>\n<li>Etablera samarbeten med leverant\u00f6rer och andra parter i syfte att leverera en b\u00e4ttre produkt.<\/li>\n<\/ul>\n<p>Policyn f\u00f6rmedlas till samtliga anst\u00e4llda och andra som arbetar \u00e5 f\u00f6retagets v\u00e4gnar. Medarbetare och andra f\u00f6rv\u00e4ntas bidra till implementeringen av policyn och samtidigt s\u00e4kerst\u00e4lla, i m\u00f6jligaste m\u00e5n, att det egna arbetet utf\u00f6rs utan risk f\u00f6r dem sj\u00e4lva, andra eller milj\u00f6n.<\/p>\n<p>F\u00f6retagsledningen utf\u00f6r varje \u00e5r en granskning av policyn. Vid behov kan \u00e4ndringar eller till\u00e4gg g\u00f6ras och en ny version skickas ut.<\/p>\n<p>__<em>Paul Quigley<\/em>____________\u00a0\u00a0\u00a0\u00a0\u00a0\u00a0\u00a0\u00a0\u00a0\u00a0\u00a0\u00a0\u00a0\u00a0\u00a0\u00a0\u00a0\u00a0\u00a0\u00a0\u00a0\u00a0\u00a0\u00a0\u00a0\u00a0\u00a0\u00a0\u00a0\u00a0\u00a0\u00a0\u00a0\u00a0\u00a0\u00a0\u00a0\u00a0\u00a0\u00a0\u00a0\u00a0\u00a0\u00a0\u00a0\u00a0\u00a0\u00a0\u00a0\u00a0\u00a0\u00a0\u00a0\u00a0\u00a0\u00a0\u00a0\u00a0\u00a0\u00a0\u00a0\u00a0\u00a0 __<em>_Damian Scattergood<\/em>_______<\/p>\n<p>Paul Quigley\u00a0\u00a0\u00a0\u00a0\u00a0\u00a0\u00a0\u00a0\u00a0\u00a0\u00a0\u00a0\u00a0\u00a0\u00a0\u00a0\u00a0\u00a0\u00a0\u00a0\u00a0\u00a0\u00a0\u00a0\u00a0\u00a0\u00a0\u00a0\u00a0\u00a0\u00a0\u00a0\u00a0\u00a0\u00a0\u00a0\u00a0\u00a0\u00a0\u00a0\u00a0\u00a0\u00a0\u00a0\u00a0\u00a0\u00a0\u00a0\u00a0\u00a0\u00a0\u00a0\u00a0\u00a0\u00a0\u00a0\u00a0\u00a0\u00a0\u00a0\u00a0\u00a0\u00a0\u00a0\u00a0\u00a0\u00a0\u00a0\u00a0\u00a0\u00a0\u00a0\u00a0\u00a0\u00a0\u00a0\u00a0\u00a0\u00a0\u00a0\u00a0\u00a0\u00a0\u00a0\u00a0\u00a0\u00a0\u00a0\u00a0\u00a0\u00a0\u00a0\u00a0\u00a0\u00a0\u00a0\u00a0\u00a0\u00a0\u00a0 Damian Scattergood<\/p>\n<p>Director\u00a0\u00a0\u00a0\u00a0\u00a0\u00a0\u00a0\u00a0\u00a0\u00a0\u00a0\u00a0\u00a0\u00a0\u00a0\u00a0\u00a0\u00a0\u00a0\u00a0\u00a0\u00a0\u00a0\u00a0\u00a0\u00a0\u00a0\u00a0\u00a0\u00a0\u00a0\u00a0\u00a0\u00a0\u00a0\u00a0\u00a0\u00a0\u00a0\u00a0\u00a0\u00a0\u00a0\u00a0\u00a0\u00a0\u00a0\u00a0\u00a0\u00a0\u00a0\u00a0\u00a0\u00a0\u00a0\u00a0\u00a0\u00a0\u00a0\u00a0\u00a0\u00a0\u00a0\u00a0\u00a0\u00a0\u00a0\u00a0\u00a0\u00a0\u00a0\u00a0\u00a0\u00a0\u00a0\u00a0\u00a0\u00a0\u00a0\u00a0\u00a0\u00a0\u00a0\u00a0\u00a0\u00a0\u00a0\u00a0\u00a0\u00a0\u00a0\u00a0\u00a0\u00a0\u00a0\u00a0\u00a0\u00a0\u00a0\u00a0\u00a0\u00a0\u00a0\u00a0\u00a0\u00a0\u00a0\u00a0 Managing Director<\/p>\n<\/div><\/section><\/div><div  class='flex_column av-6uzty0-c4b239c9d1dbbfe4c71e185de425e346 av_one_full  avia-builder-el-10  el_after_av_one_full  el_before_av_one_full  first flex_column_div  column-top-margin'     ><section  class='av_textblock_section av-5a6foo-4c5d5451eaaf627035a881e18e8b2000 '   itemscope=\"itemscope\" itemtype=\"https:\/\/schema.org\/CreativeWork\" ><div class='avia_textblock'  itemprop=\"text\" ><p><a href=\"https:\/\/www.star-ts.com\/sv\/about\/terms-and-conditions\/\">Allm\u00e4nna villkor<\/a><\/p>\n<p><a href=\"https:\/\/www.star-ts.com\/sv\/kvalitetsprocess-for-oversattning\/\">Kvalitetsprocess f\u00f6r \u00f6vers\u00e4ttning<\/a><\/p>\n<\/div><\/section><\/div><\/p>\n<div  class='flex_column av-54xe4o-45cb480d4293e5f246798140070f4efc av_one_full  avia-builder-el-12  el_after_av_one_full  avia-builder-el-last  first flex_column_div  column-top-margin'     ><section  class='av_textblock_section av-4i7294-58bf09079e8b481b0a4374719acedbe2 '   itemscope=\"itemscope\" itemtype=\"https:\/\/schema.org\/CreativeWork\" ><div class='avia_textblock'  itemprop=\"text\" ><div  class='avia-button-wrap avia-button-center  avia-builder-el-14  avia-builder-el-no-sibling '>\n<style type=\"text\/css\" data-created_by=\"avia_inline_auto\" id=\"style-css-av-2phgig-037c543f2664f5e4cb545cb22b951929\">\n#top #wrap_all .avia-button.av-2phgig-037c543f2664f5e4cb545cb22b951929:hover{\ncolor:white;\ntransition:all 0.4s ease-in-out;\n}\n#top #wrap_all .avia-button.av-2phgig-037c543f2664f5e4cb545cb22b951929:hover .avia-svg-icon svg:first-child{\nfill:white;\nstroke:white;\n}\n<\/style>\n<a href='https:\/\/www.star-ts.com\/contact\/' class='avia-color-theme-color avia-font-color-theme-color avia-button avia-button-fullwidth av-2phgig-037c543f2664f5e4cb545cb22b951929 avia-icon_select-no avia-color-theme-color'  title=\"Contact Us\" aria-label=\"Contact Us\"><span class='avia_iconbox_title' >Kontakta oss<\/span><span class='avia_button_background avia-button avia-button-fullwidth avia-color-theme-color-highlight'><\/span><\/a><\/div>\n<\/div><\/section><\/div>\n","protected":false},"excerpt":{"rendered":"<p>L\u00e4s mer om hur vi arbetar f\u00f6r att s\u00e4kerst\u00e4lla kvalitet och kundn\u00f6jdhet. Uppt\u00e4ck hur STAR Translation Services levererar \u00f6vers\u00e4ttningstj\u00e4nster av h\u00f6gsta kvalitet.<\/p>\n","protected":false},"author":1,"featured_media":70533,"parent":120224,"menu_order":2,"comment_status":"closed","ping_status":"closed","template":"","meta":{"footnotes":""},"class_list":["post-116131","page","type-page","status-publish","has-post-thumbnail","hentry"],"_links":{"self":[{"href":"https:\/\/www.star-ts.com\/sv\/wp-json\/wp\/v2\/pages\/116131","targetHints":{"allow":["GET"]}}],"collection":[{"href":"https:\/\/www.star-ts.com\/sv\/wp-json\/wp\/v2\/pages"}],"about":[{"href":"https:\/\/www.star-ts.com\/sv\/wp-json\/wp\/v2\/types\/page"}],"author":[{"embeddable":true,"href":"https:\/\/www.star-ts.com\/sv\/wp-json\/wp\/v2\/users\/1"}],"replies":[{"embeddable":true,"href":"https:\/\/www.star-ts.com\/sv\/wp-json\/wp\/v2\/comments?post=116131"}],"version-history":[{"count":0,"href":"https:\/\/www.star-ts.com\/sv\/wp-json\/wp\/v2\/pages\/116131\/revisions"}],"up":[{"embeddable":true,"href":"https:\/\/www.star-ts.com\/sv\/wp-json\/wp\/v2\/pages\/120224"}],"wp:featuredmedia":[{"embeddable":true,"href":"https:\/\/www.star-ts.com\/sv\/wp-json\/wp\/v2\/media\/70533"}],"wp:attachment":[{"href":"https:\/\/www.star-ts.com\/sv\/wp-json\/wp\/v2\/media?parent=116131"}],"curies":[{"name":"wp","href":"https:\/\/api.w.org\/{rel}","templated":true}]}}