{"id":116043,"date":"2025-03-13T10:15:48","date_gmt":"2025-03-13T10:15:48","guid":{"rendered":"https:\/\/www.star-ts.com\/oversattning-av-handbocker-och-bruksanvisningar\/"},"modified":"2025-03-13T10:15:58","modified_gmt":"2025-03-13T10:15:58","slug":"oversattning-av-handbocker-och-bruksanvisningar","status":"publish","type":"page","link":"https:\/\/www.star-ts.com\/sv\/translation-services\/documents\/oversattning-av-handbocker-och-bruksanvisningar\/","title":{"rendered":"\u00d6vers\u00e4ttning av handb\u00f6cker och bruksanvisningar"},"content":{"rendered":"\n<p><\/p>\n\n\n\n<style type=\"text\/css\" data-created_by=\"avia_inline_auto\" id=\"style-css-av-73twj-c3981691f4c33ef52818645504feabb3\">\n.flex_column.av-73twj-c3981691f4c33ef52818645504feabb3{\nborder-radius:0px 0px 0px 0px;\npadding:0px 0px 0px 0px;\n}\n<\/style>\n<div  class='flex_column av-73twj-c3981691f4c33ef52818645504feabb3 av_one_full  avia-builder-el-0  el_before_av_one_third  avia-builder-el-first  first flex_column_div av-zero-column-padding  '     ><section  class='av_textblock_section av-t90ng3-cd005463c9a3788aaa5519f65309e9b1 '   itemscope=\"itemscope\" itemtype=\"https:\/\/schema.org\/CreativeWork\" ><div class='avia_textblock'  itemprop=\"text\" ><h1>\u00d6vers\u00e4ttningstj\u00e4nster \u2013 handb\u00f6cker och bruksanvisningar<\/h1>\n<\/div><\/section><br \/>\n<section  class='av_textblock_section av-pbxznn-a2b245afc50b2ccdff88d495f8c5fc7f '   itemscope=\"itemscope\" itemtype=\"https:\/\/schema.org\/CreativeWork\" ><div class='avia_textblock'  itemprop=\"text\" ><h3>Kvalitetsmedveten \u00f6vers\u00e4ttning av handb\u00f6cker och bruksanvisningar<\/h3>\n<p>Hj\u00e4lp dina kunder att f\u00e5 ut s\u00e5 mycket som m\u00f6jligt av produkterna.<\/p>\n<\/div><\/section><\/p><\/div><div  class='flex_column av-o6m2ub-8eba5180539f976dd8a617446d2a152f av_one_third  avia-builder-el-3  el_after_av_one_full  el_before_av_two_third  first flex_column_div  column-top-margin'     ><section  class='av_textblock_section av-m7ohtv-3f3a0a304db542c5f1f94bb944e282e8 '   itemscope=\"itemscope\" itemtype=\"https:\/\/schema.org\/CreativeWork\" ><div class='avia_textblock'  itemprop=\"text\" ><p><img decoding=\"async\" class=\"alignnone size-full wp-image-9366\" title=\"User Manual Translation\" src=\"https:\/\/www.star-ts.com\/wp-content\/uploads\/2014\/03\/user-manuals_v2.png\" alt=\"User manual translation\" width=\"400\" height=\"320\" srcset=\"https:\/\/www.star-ts.com\/wp-content\/uploads\/2014\/03\/user-manuals_v2.png 400w, https:\/\/www.star-ts.com\/wp-content\/uploads\/2014\/03\/user-manuals_v2-80x64.png 80w, https:\/\/www.star-ts.com\/wp-content\/uploads\/2014\/03\/user-manuals_v2-300x240.png 300w\" sizes=\"(max-width: 400px) 100vw, 400px\" \/><\/p>\n<\/div><\/section><\/div><\/p>\n\n<style type=\"text\/css\" data-created_by=\"avia_inline_auto\" id=\"style-css-av-lhdclv-02a2bfbc71896b131570085627188bbd\">\n.flex_column.av-lhdclv-02a2bfbc71896b131570085627188bbd{\nborder-radius:0px 0px 0px 0px;\npadding:0px 0px 0px 0px;\n}\n<\/style>\n<div  class='flex_column av-lhdclv-02a2bfbc71896b131570085627188bbd av_two_third  avia-builder-el-5  el_after_av_one_third  el_before_av_two_third  flex_column_div av-zero-column-padding  column-top-margin'     ><section  class='av_textblock_section av-iipjkz-e726187ea2e927a91453df36bbba0ffa '   itemscope=\"itemscope\" itemtype=\"https:\/\/schema.org\/CreativeWork\" ><div class='avia_textblock'  itemprop=\"text\" ><p>P\u00e5 dagens globala marknad f\u00f6rv\u00e4ntar sig kunden en anv\u00e4ndarv\u00e4nlig bruksanvisning som \u00e4r \u00f6versatt till det egna spr\u00e5ket. Konsumenter uppskattar manualer som \u00e4r tekniskt korrekta och samtidigt l\u00e4tta att f\u00f6rst\u00e5.<\/p>\n<p>STAR har \u00f6ver 30 \u00e5rs \u00f6vers\u00e4ttningserfarenhet och fler \u00e4n 50 kontor v\u00e4rlden \u00f6ver. F\u00f6r att du ska kunna kommunicera effektivt med ditt f\u00f6retags nya kunder arbetar v\u00e5ra \u00f6vers\u00e4ttare i de l\u00e4nder d\u00e4r m\u00e5lspr\u00e5ket talas, vilket \u00e4r en av de viktigaste faktorerna bakom l\u00e4ttl\u00e4sta \u00f6vers\u00e4ttningar som l\u00e5ter naturliga.<\/p>\n<\/div><\/section><\/div>\n<div  class='flex_column av-1sel5v-9be154b9d26a8cb674edf015fc1d6123 av_two_third  avia-builder-el-7  el_after_av_two_third  el_before_av_one_third  first flex_column_div  column-top-margin'     ><section  class='av_textblock_section av-fjyb3n-bfe13fd3f22a42535d061515a4ead773 '   itemscope=\"itemscope\" itemtype=\"https:\/\/schema.org\/CreativeWork\" ><div class='avia_textblock'  itemprop=\"text\" ><h3>Allt p\u00e5 ett st\u00e4lle<\/h3>\n<p>Som en del av v\u00e5rt utbud erbjuder vi \u00e4ven layout- och DTP-tj\u00e4nster (desktop publishing). Vi arbetar med ledande program som InDesign, QuarkXpress, FrameMaker och m\u00e5nga fler. Vi kan arbeta med dina k\u00e4llfiler och leverera tryckf\u00e4rdiga PDF-filer direkt till dig.<\/p>\n<p>Med flera kontor runt om i v\u00e4rlden har vi m\u00f6jlighet att arbeta med alla inblandade spr\u00e5k samtidigt, vilket g\u00f6r att du f\u00e5r hj\u00e4lp med <a href=\"https:\/\/www.star-ts.com\/sv\/om\/\">allt p\u00e5 ett st\u00e4lle<\/a> \u00e4ven n\u00e4r det g\u00e4ller projekt med flera spr\u00e5k.<\/p>\n<p><a href=\"https:\/\/www.star-ts.com\/sv\/kontakt\/\">Kontakta oss<\/a> f\u00f6r att f\u00e5 hj\u00e4lp med alla typer av \u00f6vers\u00e4ttningar!<\/p>\n<\/div><\/section><\/div>\n\n<style type=\"text\/css\" data-created_by=\"avia_inline_auto\" id=\"style-css-av-ebe0gz-60653a9516a964a0cefb23ebb02c0d4a\">\n.flex_column.av-ebe0gz-60653a9516a964a0cefb23ebb02c0d4a{\nborder-radius:0px 0px 0px 0px;\npadding:0px 0px 0px 0px;\n}\n<\/style>\n<div  class='flex_column av-ebe0gz-60653a9516a964a0cefb23ebb02c0d4a av_one_third  avia-builder-el-9  el_after_av_two_third  el_before_av_one_full  flex_column_div av-zero-column-padding  column-top-margin'     ><section  class='av_textblock_section av-ctbfb7-0d2541d81848be6ac264a82f1a4d9d7c '   itemscope=\"itemscope\" itemtype=\"https:\/\/schema.org\/CreativeWork\" ><div class='avia_textblock'  itemprop=\"text\" ><h4>\u00d6vers\u00e4ttningstj\u00e4nster:<\/h4>\n<ul>\n<li>Kunddokumentation<\/li>\n<li><a href=\"https:\/\/www.star-ts.com\/sv\/documents\/health-and-safety\/\">Manualer f\u00f6r arbetsmilj\u00f6, h\u00e4lsa och s\u00e4kerhet<\/a><\/li>\n<li><a href=\"https:\/\/www.star-ts.com\/sv\/translation-services\/documents\/employee-handbooks\/\">\u00d6vers\u00e4ttning av medarbetarhandb\u00f6cker<\/a><\/li>\n<li><a href=\"https:\/\/www.star-ts.com\/sv\/oversattningstjanster-for-fordonsindustrin-teknik\/\">\u00d6vers\u00e4ttning f\u00f6r bilindustrin<\/a><\/li>\n<li><a href=\"https:\/\/www.star-ts.com\/sv\/dokumentoversattning\/\">Dokument\u00f6vers\u00e4ttning<\/a><\/li>\n<li><a href=\"https:\/\/www.star-ts.com\/sv\/marketing-services\/marketing-campaigns\/e-commerce\/\">E-handels\u00f6vers\u00e4ttning<\/a><\/li>\n<\/ul>\n<\/div><\/section><\/div>\n<div  class='flex_column av-b1m1kz-7c13b296d0f83fb0afc120127b8126f9 av_one_full  avia-builder-el-11  el_after_av_one_third  avia-builder-el-last  first flex_column_div  column-top-margin'     ><section  class='av_textblock_section av-9a0b0z-eff18a9303f7b4191bb18e6aa354ffa7 '   itemscope=\"itemscope\" itemtype=\"https:\/\/schema.org\/CreativeWork\" ><div class='avia_textblock'  itemprop=\"text\" ><h3>Kvalitetsstandarder<\/h3>\n<p>V\u00e5rt arbete uppfyller certifieringskraven i internationella kvalitetsstandarder. Vi \u00e4r certifierade enligt <a href=\"https:\/\/www.star-ts.com\/sv\/vad-innebar-iso-9001-certifiering\/\">ISO 9001<\/a> och <a href=\"https:\/\/www.star-ts.com\/sv\/vad-innebar-iso-17100-certifiering\/\">ISO 17100<\/a>. ISO 9001 \u00e4r standarden f\u00f6r kvalitetsledningssystem och ISO 17100 \u00e4r en specifik standard f\u00f6r \u00f6vers\u00e4ttningsbranschen.<\/p>\n<\/div><\/section><\/div>\n","protected":false},"excerpt":{"rendered":"","protected":false},"author":1,"featured_media":0,"parent":116059,"menu_order":5,"comment_status":"closed","ping_status":"closed","template":"","meta":{"footnotes":""},"class_list":["post-116043","page","type-page","status-publish","hentry"],"_links":{"self":[{"href":"https:\/\/www.star-ts.com\/sv\/wp-json\/wp\/v2\/pages\/116043","targetHints":{"allow":["GET"]}}],"collection":[{"href":"https:\/\/www.star-ts.com\/sv\/wp-json\/wp\/v2\/pages"}],"about":[{"href":"https:\/\/www.star-ts.com\/sv\/wp-json\/wp\/v2\/types\/page"}],"author":[{"embeddable":true,"href":"https:\/\/www.star-ts.com\/sv\/wp-json\/wp\/v2\/users\/1"}],"replies":[{"embeddable":true,"href":"https:\/\/www.star-ts.com\/sv\/wp-json\/wp\/v2\/comments?post=116043"}],"version-history":[{"count":0,"href":"https:\/\/www.star-ts.com\/sv\/wp-json\/wp\/v2\/pages\/116043\/revisions"}],"up":[{"embeddable":true,"href":"https:\/\/www.star-ts.com\/sv\/wp-json\/wp\/v2\/pages\/116059"}],"wp:attachment":[{"href":"https:\/\/www.star-ts.com\/sv\/wp-json\/wp\/v2\/media?parent=116043"}],"curies":[{"name":"wp","href":"https:\/\/api.w.org\/{rel}","templated":true}]}}