{"id":121568,"date":"2026-01-16T10:33:06","date_gmt":"2026-01-16T10:33:06","guid":{"rendered":"https:\/\/www.star-ts.com\/translation-faq\/"},"modified":"2026-01-16T10:35:26","modified_gmt":"2026-01-16T10:35:26","slug":"translation-faq","status":"publish","type":"page","link":"https:\/\/www.star-ts.com\/no\/translation-faq\/","title":{"rendered":"Vanlige sp\u00f8rsm\u00e5l om oversettelse | Ofte stilte sp\u00f8rsm\u00e5l"},"content":{"rendered":"<div id='full_slider_1'  class='avia-fullwidth-slider main_color avia-shadow av-medium-hide av-small-hide av-mini-hide  avia-builder-el-0  el_before_av_one_full  avia-builder-el-first   container_wrap sidebar_right'  ><div  class='avia-slideshow av-njjqvq-d5a889113d83c4f76fd82ffae68ffe45 avia-slideshow-featured av_slideshow_full avia-slide-slider av-medium-hide av-small-hide av-mini-hide av-slideshow-ui av-control-default av-slideshow-manual av-loop-once av-loop-manual-endless av-default-height-applied   avia-slideshow-1' data-slideshow-options=\"{&quot;animation&quot;:&quot;slide&quot;,&quot;autoplay&quot;:false,&quot;loop_autoplay&quot;:&quot;once&quot;,&quot;interval&quot;:5,&quot;loop_manual&quot;:&quot;manual-endless&quot;,&quot;autoplay_stopper&quot;:false,&quot;noNavigation&quot;:false,&quot;bg_slider&quot;:false,&quot;keep_padding&quot;:false,&quot;hoverpause&quot;:false,&quot;show_slide_delay&quot;:0}\"  itemprop=\"image\" itemscope=\"itemscope\" itemtype=\"https:\/\/schema.org\/ImageObject\" ><ul class='avia-slideshow-inner ' style='padding-bottom: 28.666666666667%;'><li  class='avia-slideshow-slide av-njjqvq-d5a889113d83c4f76fd82ffae68ffe45__0  av-single-slide slide-1 slide-odd'><div data-rel='slideshow-1' class='avia-slide-wrap '   ><div class='av-slideshow-caption av-njjqvq-d5a889113d83c4f76fd82ffae68ffe45__0 caption_fullwidth caption_center caption_center_framed caption_framed'><div class=\"container caption_container\"><div class=\"slideshow_caption\"><div class=\"slideshow_inner_caption\"><div class=\"slideshow_align_caption\"><h2 class='avia-caption-title '  itemprop=\"name\" >Ofte stilte sp\u00f8rsm\u00e5l<\/h2><div class='avia-caption-content '  itemprop=\"description\" ><p>S\u00f8k i de vanligste sp\u00f8rsm\u00e5lene vi f\u00e5r om v\u00e5re tjenester.<\/p>\n<\/div><\/div><\/div><\/div><\/div><\/div><img decoding=\"async\" fetchpriority=\"high\" class=\"wp-image-72451 avia-img-lazy-loading-not-72451\"  src=\"https:\/\/www.star-ts.com\/wp-content\/uploads\/2018\/07\/FAQ-3-1500x430.jpg\" width=\"1500\" height=\"430\" title='FAQ (3)' alt='FAQ-side'  itemprop=\"thumbnailUrl\"   \/><\/div><\/li><\/ul><\/div><\/div><div id='after_full_slider_1'  class='main_color av_default_container_wrap container_wrap sidebar_right'  ><div class='container av-section-cont-open' ><div class='template-page content  av-content-small alpha units'><div class='post-entry post-entry-type-page post-entry-121568'><div class='entry-content-wrapper clearfix'>\n\n<style type=\"text\/css\" data-created_by=\"avia_inline_auto\" id=\"style-css-av-2wk9xi-60617ef0983ae8f4e91e0bacc477c677\">\n.flex_column.av-2wk9xi-60617ef0983ae8f4e91e0bacc477c677{\nborder-radius:0px 0px 0px 0px;\npadding:0px 0px 0px 0px;\n}\n<\/style>\n<div  class='flex_column av-2wk9xi-60617ef0983ae8f4e91e0bacc477c677 av_one_full  avia-builder-el-1  el_after_av_slideshow_full  el_before_av_one_half  avia-builder-el-first  first flex_column_div av-zero-column-padding  '     ><section  class='av_textblock_section av-kkffkdru-75ec6588fa9a19fc873698ea2b67ca3d '   itemscope=\"itemscope\" itemtype=\"https:\/\/schema.org\/CreativeWork\" ><div class='avia_textblock'  itemprop=\"text\" ><h1>Ofte stilte sp\u00f8rsm\u00e5l<\/h1>\n<p>Vi har samlet de vanligste sp\u00f8rsm\u00e5lene vi f\u00e5r om v\u00e5re tjenester for deg i v\u00e5re vanlige sp\u00f8rsm\u00e5l om oversettelse. Vi blir vanligvis spurt om kostnader, prosessen v\u00e5r og hvordan vi oppn\u00e5r kvalitet.<\/p>\n<\/div><\/section><\/div>\n<div  class='flex_column av-khcmiu-c01f20113ea704d905eac555f9089d79 av_one_half  avia-builder-el-3  el_after_av_one_full  el_before_av_one_half  first flex_column_div  column-top-margin'     ><section  class='av_textblock_section av-idpi46-d5fc85527339d52c9c0c89410c193c75 '   itemscope=\"itemscope\" itemtype=\"https:\/\/schema.org\/CreativeWork\" ><div class='avia_textblock'  itemprop=\"text\" ><h3>Kvalitet<\/h3>\n<ul>\n<li><a href=\"https:\/\/www.star-ts.com\/translation-faq\/what-is-iso-9001-certification\/\">Hva er ISO 9001-sertifisering?<\/a><\/li>\n<li><a href=\"https:\/\/www.star-ts.com\/translation-faq\/what-is-iso17100-certification\/\">Hva er ISO 17100-sertifisering?<\/a><\/li>\n<li><a href=\"https:\/\/www.star-ts.com\/translation-faq\/why-do-you-proofread-with-a-second-translator\/\">Hvorfor korrekturleser dere med en annen oversetter?<\/a><\/li>\n<li><a href=\"https:\/\/www.star-ts.com\/translation-faq\/what-is-the-an-caighdean-oifigiuil-standard-for-irish\/\">Hva er <em>An Caighde\u00e1n Oifigi\u00fail<\/em>-standarden for irsk?<\/a><\/li>\n<li><a href=\"https:\/\/www.star-ts.com\/translation-faq\/what-is-a-sanity-check\/\">Hva er en sanity check?<\/a><\/li>\n<li><a href=\"https:\/\/www.star-ts.com\/translation-faq\/what-is-an-in-context-review\/\">Hva er en kontekstuell gjennomgang?<\/a><\/li>\n<li><a href=\"https:\/\/www.star-ts.com\/translation-faq\/what-is-international-english\/\">Hva er internasjonal engelsk?<\/a><\/li>\n<li><a href=\"https:\/\/www.star-ts.com\/translation-faq\/what-is-transcreation\/\">Hva er transcreation?<\/a><\/li>\n<li><a href=\"https:\/\/www.star-ts.com\/translation-faq\/why-is-context-important-in-translation\/\">Hvorfor er kontekst viktig i oversettelse?<\/a><\/li>\n<li><a href=\"https:\/\/www.star-ts.com\/translation-faq\/certified-translation\/\">Hva er en sertifisert oversettelse?<\/a><\/li>\n<\/ul>\n<\/div><\/section><\/div>\n\n<style type=\"text\/css\" data-created_by=\"avia_inline_auto\" id=\"style-css-av-grut9i-bd72b10f7ca02e37fe04c801854218c5\">\n.flex_column.av-grut9i-bd72b10f7ca02e37fe04c801854218c5{\nborder-radius:0px 0px 0px 0px;\npadding:0px 0px 0px 0px;\n}\n<\/style>\n<div  class='flex_column av-grut9i-bd72b10f7ca02e37fe04c801854218c5 av_one_half  avia-builder-el-5  el_after_av_one_half  el_before_av_one_half  flex_column_div av-zero-column-padding  column-top-margin'     ><section  class='av_textblock_section av-fowf5i-3aa5cc7ac171b3f924f396329e47db29 '   itemscope=\"itemscope\" itemtype=\"https:\/\/schema.org\/CreativeWork\" ><div class='avia_textblock'  itemprop=\"text\" ><h3>Tid og kostnad<\/h3>\n<ul>\n<li><a href=\"https:\/\/www.star-ts.com\/translation-faq\/how-long-does-it-take-to-translate-a-document\/\">Hvor lang tid tar det \u00e5 oversette et dokument?<\/a><\/li>\n<li><a href=\"https:\/\/www.star-ts.com\/translation-faq\/how-fast-can-you-translate-a-document\/\">Hvor raskt kan dere oversette et dokument?<\/a><\/li>\n<li><a href=\"https:\/\/www.star-ts.com\/translation-faq\/why-do-you-have-minimum-charges\/\">Hvorfor har dere minimumspriser?<\/a><\/li>\n<li><a href=\"https:\/\/www.star-ts.com\/translation-faq\/why-does-cheap-translation-cost-more\/\">Hvorfor koster billig oversettelse mer?<\/a><\/li>\n<li><a href=\"https:\/\/www.star-ts.com\/translation-faq\/what-is-a-rush-translation\/\">Hva er en hasteoversettelse?<\/a><\/li>\n<li><a href=\"https:\/\/www.star-ts.com\/translation-faq\/why-is-test-translation-a-poor-indicator-of-quality\/\">Hvorfor er en testoversettelse en d\u00e5rlig indikator p\u00e5 kvalitet?<\/a><\/li>\n<li><a href=\"https:\/\/www.star-ts.com\/translation-faq\/how-do-you-price-translation-projects\/\">Hvordan priser dere oversettelsesprosjekter?<\/a><\/li>\n<\/ul>\n<\/div><\/section><\/div>\n<p><div  class='flex_column av-et1ikm-feb0e3df5a8038437d166165afb195ea av_one_half  avia-builder-el-7  el_after_av_one_half  el_before_av_one_half  first flex_column_div  column-top-margin'     ><section  class='av_textblock_section av-d04erq-a7ecda0c064a3f4f3b460370f109541f '   itemscope=\"itemscope\" itemtype=\"https:\/\/schema.org\/CreativeWork\" ><div class='avia_textblock'  itemprop=\"text\" ><h3>Produkter og prosesser<\/h3>\n<ul>\n<li><a href=\"https:\/\/www.star-ts.com\/translation-faq\/what-is-back-translation\/\">Hva er tilbakeoversettelse?<\/a><\/li>\n<li><a href=\"https:\/\/www.star-ts.com\/translation-faq\/why-do-you-need-the-source-files-for-translation\/\">Hvorfor trenger dere kildefilene for oversettelse?<\/a><\/li>\n<li><a href=\"https:\/\/www.star-ts.com\/translation-faq\/why-is-the-length-of-a-translation-important\/\">Hvorfor er lengden p\u00e5 en oversettelse viktig?<\/a><\/li>\n<li><a href=\"https:\/\/www.star-ts.com\/translation-faq\/app-translation-for-android-and-ios\/\">Appoversettelse for Android og iOS<\/a><\/li>\n<li><a href=\"https:\/\/www.star-ts.com\/translation-faq\/what-is-a-pseudo-translation\/\">Hva er en pseudooversettelse?<\/a><\/li>\n<li><a href=\"https:\/\/www.star-ts.com\/translation-faq\/how-should-i-get-a-translation-reviewed\/\">Hvordan b\u00f8r jeg f\u00e5 en oversettelse vurdert?<\/a><\/li>\n<li><a href=\"https:\/\/www.star-ts.com\/no\/translation-faq\/how-to-review-your-translations\/\">Hvordan du g\u00e5r gjennom oversettelsene dine<\/a><\/li>\n<li><a href=\"https:\/\/www.star-ts.com\/no\/translation-faq\/ui-translation\/\">Hvordan oversetter dere brukergrensesnitt (UI)?<\/a><\/li>\n<\/ul>\n<\/div><\/section><\/div>\n<style type=\"text\/css\" data-created_by=\"avia_inline_auto\" id=\"style-css-av-bdfhye-072be1e48ae97d4bda3345c50510ab18\">\n.flex_column.av-bdfhye-072be1e48ae97d4bda3345c50510ab18{\nborder-radius:0px 0px 0px 0px;\npadding:0px 0px 0px 0px;\n}\n<\/style>\n<div  class='flex_column av-bdfhye-072be1e48ae97d4bda3345c50510ab18 av_one_half  avia-builder-el-9  el_after_av_one_half  el_before_av_one_half  flex_column_div av-zero-column-padding  column-top-margin'     ><section  class='av_textblock_section av-8re2ye-3710b0e8270936abef461c30ba592aed '   itemscope=\"itemscope\" itemtype=\"https:\/\/schema.org\/CreativeWork\" ><div class='avia_textblock'  itemprop=\"text\" ><h3>Tekniske sp\u00f8rsm\u00e5l<\/h3>\n<ul>\n<li><a href=\"https:\/\/www.star-ts.com\/translation-faq\/what-is-dtp\/\">Hva er DTP?<\/a><\/li>\n<li><a href=\"https:\/\/www.star-ts.com\/translation-faq\/what-is-ocr\/\">Hva er OCR?<\/a><\/li>\n<li><a href=\"https:\/\/www.star-ts.com\/translation-faq\/what-is-terminology\/\">Hva er terminologi?<\/a><\/li>\n<li><a href=\"https:\/\/www.star-ts.com\/translation-faq\/what-is-segmentation\/\">Hva er segmentering?<\/a><\/li>\n<li><a href=\"https:\/\/www.star-ts.com\/no\/translation-faq\/bilingual-table\/\">Hva er en tospr\u00e5klig tabell?<\/a><\/li>\n<li><a href=\"https:\/\/www.star-ts.com\/translation-faq\/what-is-cloud-translation\/\">Hva er skyoversettelse?<\/a><\/li>\n<li><a href=\"https:\/\/www.star-ts.com\/translation-faq\/what-is-crowd-translation\/\">Hva er folkemengdeoversettelse?<\/a><\/li>\n<li><a href=\"https:\/\/www.star-ts.com\/translation-faq\/what-is-machine-translation\/\">Hva er maskinoversettelse?<\/a><\/li>\n<li><a href=\"https:\/\/www.star-ts.com\/translation-faq\/what-is-translation-memory\/\">Hva er oversettelsesminne?<\/a><\/li>\n<li><a href=\"https:\/\/www.star-ts.com\/translation-faq\/how-does-translation-memory-work\/\">Hvordan fungerer oversettelsesminne?<\/a><\/li>\n<li><a href=\"https:\/\/www.star-ts.com\/translation-faq\/how-to-translate-a-wordpress-site\/\">Hvordan oversette et WordPress-nettsted<\/a><\/li>\n<li><a href=\"https:\/\/www.star-ts.com\/translation-faq\/what-is-multilingual-search-engine-submission\/\">Hva er flerspr\u00e5klig s\u00f8kemotorinnlevering?<\/a><\/li>\n<li><a href=\"https:\/\/www.star-ts.com\/translation-faq\/difference-between-translation-and-localization\/\">Hva er forskjellen mellom oversettelse og lokalisering?<\/a><\/li>\n<li><a href=\"https:\/\/www.star-ts.com\/translation-faq\/what-are-crops-and-bleeds\/\">Hva er beskj\u00e6ringsmerker og utfall, og hvorfor er de viktige?<\/a><\/li>\n<li><a href=\"https:\/\/www.star-ts.com\/translation-faq\/what-is-a-file-format-definition-ffd-file\/\">Hva er en filformatdefinisjonsfil (FFD)?<\/a><\/li>\n<li><a href=\"https:\/\/www.star-ts.com\/translation-faq\/how-world-monetary-values-are-displayed\/\">Hvordan vises verdens pengeverdier?<\/a><\/li>\n<\/ul>\n<\/div><\/section><\/div><\/p>\n<div  class='flex_column av-et1ikm-4-646301b6cd088cc66a5cd6e3e768d566 av_one_half  avia-builder-el-11  el_after_av_one_half  el_before_av_one_half  first flex_column_div  column-top-margin'     ><section  class='av_textblock_section av-d04erq-3-21bef2224556c5e6cd1595a81ad39524 '   itemscope=\"itemscope\" itemtype=\"https:\/\/schema.org\/CreativeWork\" ><div class='avia_textblock'  itemprop=\"text\" ><h3>Slik gj\u00f8r du:<\/h3>\n<ul>\n<li><a href=\"https:\/\/www.star-ts.com\/no\/oversette-indesign-filer\/\">Slik oversetter du InDesign-filer<\/a><\/li>\n<li><a href=\"https:\/\/www.star-ts.com\/translation-faq\/how-to-translate-a-wordpress-site\/\">Slik oversetter du et WordPress-nettsted<\/a><\/li>\n<li><a href=\"https:\/\/www.star-ts.com\/how-do-you-translate-a-wordpress-website-with-wpml\/\">Hvordan oversetter du et WordPress-nettsted med WPML?<\/a><\/li>\n<li><a href=\"https:\/\/www.star-ts.com\/alchemer-translation\/\">Alchemer (SurveyGizmo) oversettelsestjenester | Slik oversetter du unders\u00f8kelser<\/a><\/li>\n<li><a href=\"https:\/\/www.star-ts.com\/no\/crowdin-localization-services\/\">Crowdin lokaliseringstjenester<\/a><\/li>\n<li><a href=\"https:\/\/www.star-ts.com\/academy\/how-to-improve-google-rank-by-deleting-web-pages\/\">Slik forbedrer du Google-rangeringen ved \u00e5 slette nettsider<\/a><\/li>\n<li><a href=\"https:\/\/www.star-ts.com\/no\/translation-faq\/ui-translation\/\">Oversetting av brukergrensesnitt (UI)<\/a><\/li>\n<li><a href=\"https:\/\/www.star-ts.com\/marketing-services\/marketing-campaigns\/ssi-web-translation\/\">SSI-nettoversettelse<\/a><\/li>\n<li><a href=\"https:\/\/www.star-ts.com\/walkme-translation\/\">WalkMe-oversettelse<\/a><\/li>\n<li><a href=\"https:\/\/www.star-ts.com\/no\/seo\/\">SEO<\/a><\/li>\n<\/ul>\n<\/div><\/section><\/div>\n<div  class='flex_column av-et1ikm-2-5b9403ca5e63aaa0fb0e758e7795aaae av_one_half  avia-builder-el-13  el_after_av_one_half  el_before_av_one_full  flex_column_div  column-top-margin'     ><section  class='av_textblock_section av-d04erq-1-7b0623745fdca9f85663cc80c45a61c4 '   itemscope=\"itemscope\" itemtype=\"https:\/\/schema.org\/CreativeWork\" ><div class='avia_textblock'  itemprop=\"text\" ><h3>Annet<\/h3>\n<ul>\n<li><a href=\"https:\/\/www.star-ts.com\/no\/about\/glossary\/\">Ordliste over vanlige termer som brukes i oversettelse.<\/a><\/li>\n<li><a href=\"https:\/\/www.star-ts.com\/better-english\/typewriter-fun-with-english\/\">Skrivemaskin, moro med engelsk<\/a><\/li>\n<li><a href=\"https:\/\/www.star-ts.com\/translation\/calculator-spelling-in-different-languages\/\">Kalkulatorskrift i forskjellige spr\u00e5k<\/a><\/li>\n<li><a href=\"https:\/\/www.star-ts.com\/better-english\/7-funniest-english-grammar-mistakes-infographics\/\">7 morsomste engelske grammatikkfeil<\/a><\/li>\n<li><a href=\"https:\/\/www.star-ts.com\/language\/free-welcome-poster-in-different-languages\/\">Gratis velkomstplakat p\u00e5 16 forskjellige spr\u00e5k<\/a><\/li>\n<\/ul>\n<\/div><\/section><\/div>\n\n<style type=\"text\/css\" data-created_by=\"avia_inline_auto\" id=\"style-css-av-7lyb92-36794f5a27b62ca8c02c5c136288dffc\">\n.flex_column.av-7lyb92-36794f5a27b62ca8c02c5c136288dffc{\nborder-radius:0px 0px 0px 0px;\npadding:0px 0px 0px 0px;\n}\n<\/style>\n<div  class='flex_column av-7lyb92-36794f5a27b62ca8c02c5c136288dffc av_one_full  avia-builder-el-15  el_after_av_one_half  el_before_av_one_full  first flex_column_div av-zero-column-padding  column-top-margin'     ><section  class='av_textblock_section av-5txcuu-1d26cfae1ac4e978f6df9b75e8409fbd '   itemscope=\"itemscope\" itemtype=\"https:\/\/schema.org\/CreativeWork\" ><div class='avia_textblock'  itemprop=\"text\" ><h3>Hva v\u00e5re kunder sier<\/h3>\n<p>\u00ab<em>P\u00e5litelig, rask, \u00e5pen kommunikasjon: kundest\u00f8tte er alltid tilgjengelig &#8230; raske svar.<\/em>\u00bb<\/p>\n<p>\u00ab<em>Deres service og oppmerksomhet p\u00e5 detaljer er perfekt. I tillegg er de alltid villige til \u00e5 samarbeide med deg og forbedre seg. <\/em>\u00bb<\/p>\n<p>\u00ab<em>Deres store database med terminologi og n\u00f8kkelord gir oss besparelser.<\/em>\u00bb<\/p>\n<\/div><\/section><\/div>\n<div  class='flex_column av-617pau-03f7d87942a31dd4b6e1824f912e42a0 av_one_full  avia-builder-el-17  el_after_av_one_full  avia-builder-el-last  first flex_column_div  column-top-margin'     ><section  class='av_textblock_section av-3wufja-252fabc8e4271840debb2c3dd52ea662 '   itemscope=\"itemscope\" itemtype=\"https:\/\/schema.org\/CreativeWork\" ><div class='avia_textblock'  itemprop=\"text\" ><div  class='avia-button-wrap avia-button-center  avia-builder-el-19  avia-builder-el-no-sibling '>\n<style type=\"text\/css\" data-created_by=\"avia_inline_auto\" id=\"style-css-av-1xtf2e-2476d030848ff8d4e5b70ff98ff0d6c6\">\n#top #wrap_all .avia-button.av-1xtf2e-2476d030848ff8d4e5b70ff98ff0d6c6:hover{\ncolor:white;\ntransition:all 0.4s ease-in-out;\n}\n#top #wrap_all .avia-button.av-1xtf2e-2476d030848ff8d4e5b70ff98ff0d6c6:hover .avia-svg-icon svg:first-child{\nfill:white;\nstroke:white;\n}\n<\/style>\n<a href='https:\/\/www.star-ts.com\/no\/kontakt\/' class='avia-color-theme-color avia-font-color-theme-color avia-button avia-button-fullwidth av-1xtf2e-2476d030848ff8d4e5b70ff98ff0d6c6 avia-icon_select-no avia-color-theme-color'  title=\"Contact Us\" aria-label=\"Contact Us\"><span class='avia_iconbox_title' >Kontakt oss<\/span><span class='avia_button_background avia-button avia-button-fullwidth avia-color-theme-color-highlight'><\/span><\/a><\/div>\n<\/div><\/section><\/div>\n","protected":false},"excerpt":{"rendered":"<p>De viktigste sp\u00f8rsm\u00e5lene og svarene om oversettelsestjenester.<\/p>\n","protected":false},"author":1,"featured_media":72451,"parent":0,"menu_order":5,"comment_status":"closed","ping_status":"closed","template":"","meta":{"footnotes":""},"class_list":["post-121568","page","type-page","status-publish","has-post-thumbnail","hentry"],"_links":{"self":[{"href":"https:\/\/www.star-ts.com\/no\/wp-json\/wp\/v2\/pages\/121568","targetHints":{"allow":["GET"]}}],"collection":[{"href":"https:\/\/www.star-ts.com\/no\/wp-json\/wp\/v2\/pages"}],"about":[{"href":"https:\/\/www.star-ts.com\/no\/wp-json\/wp\/v2\/types\/page"}],"author":[{"embeddable":true,"href":"https:\/\/www.star-ts.com\/no\/wp-json\/wp\/v2\/users\/1"}],"replies":[{"embeddable":true,"href":"https:\/\/www.star-ts.com\/no\/wp-json\/wp\/v2\/comments?post=121568"}],"version-history":[{"count":0,"href":"https:\/\/www.star-ts.com\/no\/wp-json\/wp\/v2\/pages\/121568\/revisions"}],"wp:featuredmedia":[{"embeddable":true,"href":"https:\/\/www.star-ts.com\/no\/wp-json\/wp\/v2\/media\/72451"}],"wp:attachment":[{"href":"https:\/\/www.star-ts.com\/no\/wp-json\/wp\/v2\/media?parent=121568"}],"curies":[{"name":"wp","href":"https:\/\/api.w.org\/{rel}","templated":true}]}}