{"id":121488,"date":"2026-01-16T10:30:36","date_gmt":"2026-01-16T10:30:36","guid":{"rendered":"https:\/\/www.star-ts.com\/about\/key-performance-solutions-limited\/"},"modified":"2026-01-16T10:30:54","modified_gmt":"2026-01-16T10:30:54","slug":"key-performance-solutions-limited","status":"publish","type":"page","link":"https:\/\/www.star-ts.com\/no\/about\/key-performance-solutions-limited\/","title":{"rendered":"Key Performance Solutions Limited"},"content":{"rendered":"<p>\n<style type=\"text\/css\" data-created_by=\"avia_inline_auto\" id=\"style-css-av-7kvaaj-8d91a9c2430cffd72d91dcfb0a2ea4ba\">\n.flex_column.av-7kvaaj-8d91a9c2430cffd72d91dcfb0a2ea4ba{\nborder-radius:0px 0px 0px 0px;\npadding:0px 0px 0px 0px;\n}\n<\/style>\n<div  class='flex_column av-7kvaaj-8d91a9c2430cffd72d91dcfb0a2ea4ba av_one_full  avia-builder-el-0  el_before_av_one_full  avia-builder-el-first  first flex_column_div av-zero-column-padding  '     ><section  class='av_textblock_section av-3dh5gcb-0730aefb1dbce7c687c00b9a9b977315 '   itemscope=\"itemscope\" itemtype=\"https:\/\/schema.org\/CreativeWork\" ><div class='avia_textblock'  itemprop=\"text\" ><div class=\"posit\">\n<h1>Key Performance Solutions<br \/>\nT\/A STAR Translation Services<\/h1>\n<\/div>\n<\/div><\/section><br \/>\n<section  class='av_textblock_section av-1mmo4ez-a0e787cfe341df559a98ce1dadf7bceb '   itemscope=\"itemscope\" itemtype=\"https:\/\/schema.org\/CreativeWork\" ><div class='avia_textblock'  itemprop=\"text\" ><h2><strong>Firma informasjon<\/strong><\/h2>\n<p><strong>Key Performance Solutions Limited<\/strong>, selskapsreg. nr: 358439, tilbyr oversettelses- og flerspr\u00e5klige informasjonstjenester til selskaper over hele verden.<\/p>\n<p>Key Performance Solutions Ltd er et aksjeselskap grunnlagt i Dublin, Irland og registrert i Irland.<\/p>\n<p>Det opererer under f\u00f8lgende varemerker &#8230;<\/p>\n<p><strong>STAR Translation Services<\/strong> selskapsregistreringsnummer 498394 og <strong>STAR Technology Solutions <\/strong>selskapsregistreringsnummer 227710.<\/p>\n<p>Selskapet st\u00f8ttes av <a href=\"https:\/\/directory.enterprise-ireland.com\/vendor\/key-performance-solutions-ltd\" target=\"_blank\" rel=\"noopener\">Enterprise Ireland<\/a> og er medlem av <a href=\"https:\/\/www.star-group.net\" target=\"_blank\" rel=\"noopener\">STAR Group (STAR AG)<\/a> i Sveits<\/p>\n<p>Direkt\u00f8rer: <a href=\"https:\/\/www.linkedin.com\/in\/damianscattergood\/\" target=\"_blank\" rel=\"noopener\">Damian Scattergood<\/a> og Paul Quigley<\/p>\n<p><strong>Grunnleggelse:<\/strong><\/p>\n<p>Key Performance Solutions ble grunnlagt i 2002. Oppstarten var knyttet til Enterprise Ireland fra dag \u00e9n. <\/p>\n<p>Selskapet slo seg sammen med STAR AG det \u00e5ret og begynte \u00e5 operere som STAR Translation Services kort tid etter. Siden den gang har selskapet vokst til \u00e5 bli en ledende leverand\u00f8r av oversettelsestjenester i Irland. <\/p>\n<p>Selskapet oversetter til over 200 spr\u00e5k. Det tilbyr f\u00f8lgende medietjenester: <\/p>\n<ul>\n<li>Webdesign<\/li>\n<li>Nettsideoverssettelse<\/li>\n<li>Flerspr\u00e5klige SEO-tjenester<\/li>\n<li>Dokumentoversettelse<\/li>\n<li>Flerspr\u00e5klige Desktop Publishing-tjenester<\/li>\n<li>Videooversettelse og voice-overs<\/li>\n<li>Programvarelokalisering<\/li>\n<\/ul>\n<p><strong>Sertifiseringer:<\/strong><\/p>\n<p><a href=\"https:\/\/directory.enterprise-ireland.com\/vendor\/key-performance-solutions-ltd\" target=\"_blank\" rel=\"noopener\">Key Performance Solutions Ltd<\/a> er sertifisert i henhold til <a href=\"https:\/\/www.star-ts.com\/translation-faq\/what-is-iso-9001-certification\/\">ISO 9001<\/a> og <a href=\"https:\/\/www.star-ts.com\/translation-faq\/what-is-iso17100-certification\/\">ISO 17100<\/a> kvalitetsstandarder<\/p>\n<\/div><\/section><\/p><\/div><div  class='flex_column av-1kjj7vf-028537725fc0ae383d82bbc87a674ba5 av_one_full  avia-builder-el-3  el_after_av_one_full  avia-builder-el-last  first flex_column_div  column-top-margin'     ><section  class='av_textblock_section av-1252723-9d0f0c717eeebd02b26d428033f7c32a '   itemscope=\"itemscope\" itemtype=\"https:\/\/schema.org\/CreativeWork\" ><div class='avia_textblock'  itemprop=\"text\" ><div  class='avia-button-wrap avia-button-center  avia-builder-el-5  avia-builder-el-no-sibling '>\n<style type=\"text\/css\" data-created_by=\"avia_inline_auto\" id=\"style-css-av-mb87yz-fe945486ba4ec0fb719814212c194f82\">\n#top #wrap_all .avia-button.av-mb87yz-fe945486ba4ec0fb719814212c194f82:hover{\ncolor:white;\ntransition:all 0.4s ease-in-out;\n}\n#top #wrap_all .avia-button.av-mb87yz-fe945486ba4ec0fb719814212c194f82:hover .avia-svg-icon svg:first-child{\nfill:white;\nstroke:white;\n}\n<\/style>\n<a href=\"https:\/\/www.star-ts.com\/no\/kontakt\/\" class=\"avia-color-theme-color avia-font-color-theme-color avia-button avia-button-fullwidth av-mb87yz-fe945486ba4ec0fb719814212c194f82 avia-icon_select-no avia-color-theme-color\" title=\"Contact Us\" aria-label=\"Contact Us\"><span class='avia_iconbox_title' >Kontakt oss<\/span><span class='avia_button_background avia-button avia-button-fullwidth avia-color-theme-color-highlight'><\/span><\/a><\/div>\n<\/div><\/section><\/div><\/p>\n","protected":false},"excerpt":{"rendered":"<p>Key Performance Solutions Limited tilbyr oversettelses- og flerspr\u00e5klige informasjonstjenester til selskaper over hele verden.<\/p>\n","protected":false},"author":1,"featured_media":64707,"parent":121104,"menu_order":16,"comment_status":"closed","ping_status":"open","template":"","meta":{"footnotes":""},"class_list":["post-121488","page","type-page","status-publish","has-post-thumbnail","hentry"],"_links":{"self":[{"href":"https:\/\/www.star-ts.com\/no\/wp-json\/wp\/v2\/pages\/121488","targetHints":{"allow":["GET"]}}],"collection":[{"href":"https:\/\/www.star-ts.com\/no\/wp-json\/wp\/v2\/pages"}],"about":[{"href":"https:\/\/www.star-ts.com\/no\/wp-json\/wp\/v2\/types\/page"}],"author":[{"embeddable":true,"href":"https:\/\/www.star-ts.com\/no\/wp-json\/wp\/v2\/users\/1"}],"replies":[{"embeddable":true,"href":"https:\/\/www.star-ts.com\/no\/wp-json\/wp\/v2\/comments?post=121488"}],"version-history":[{"count":0,"href":"https:\/\/www.star-ts.com\/no\/wp-json\/wp\/v2\/pages\/121488\/revisions"}],"up":[{"embeddable":true,"href":"https:\/\/www.star-ts.com\/no\/wp-json\/wp\/v2\/pages\/121104"}],"wp:featuredmedia":[{"embeddable":true,"href":"https:\/\/www.star-ts.com\/no\/wp-json\/wp\/v2\/media\/64707"}],"wp:attachment":[{"href":"https:\/\/www.star-ts.com\/no\/wp-json\/wp\/v2\/media?parent=121488"}],"curies":[{"name":"wp","href":"https:\/\/api.w.org\/{rel}","templated":true}]}}