{"id":121463,"date":"2026-01-16T10:29:30","date_gmt":"2026-01-16T10:29:30","guid":{"rendered":"https:\/\/www.star-ts.com\/chinese-translation\/"},"modified":"2026-01-16T10:29:54","modified_gmt":"2026-01-16T10:29:54","slug":"chinese-translation","status":"publish","type":"page","link":"https:\/\/www.star-ts.com\/no\/chinese-translation\/","title":{"rendered":"Kinesiske oversettelsestjenester"},"content":{"rendered":"<div id='full_slider_1'  class='avia-fullwidth-slider main_color avia-shadow av-small-hide av-mini-hide  avia-builder-el-0  el_before_av_one_full  avia-builder-el-first   container_wrap sidebar_right'  ><div  class='avia-slideshow av-rwpzv1-82e281e97c25d7a532516b2b1adb0033 avia-slideshow-featured av_slideshow_full avia-slide-slider av-small-hide av-mini-hide av-slideshow-ui av-control-default av-slideshow-manual av-loop-once av-loop-manual-endless av-default-height-applied   avia-slideshow-1' data-slideshow-options=\"{&quot;animation&quot;:&quot;slide&quot;,&quot;autoplay&quot;:false,&quot;loop_autoplay&quot;:&quot;once&quot;,&quot;interval&quot;:5,&quot;loop_manual&quot;:&quot;manual-endless&quot;,&quot;autoplay_stopper&quot;:false,&quot;noNavigation&quot;:false,&quot;bg_slider&quot;:false,&quot;keep_padding&quot;:false,&quot;hoverpause&quot;:false,&quot;show_slide_delay&quot;:0}\"  itemprop=\"image\" itemscope=\"itemscope\" itemtype=\"https:\/\/schema.org\/ImageObject\" ><ul class='avia-slideshow-inner ' style='padding-bottom: 33.59375%;'><li  class='avia-slideshow-slide av-rwpzv1-82e281e97c25d7a532516b2b1adb0033__0  av-single-slide slide-1 slide-odd'><div data-rel='slideshow-1' class='avia-slide-wrap '   ><div class='av-slideshow-caption av-rwpzv1-82e281e97c25d7a532516b2b1adb0033__0 caption_fullwidth caption_center caption_center_framed caption_framed'><div class=\"container caption_container\"><div class=\"slideshow_caption\"><div class=\"slideshow_inner_caption\"><div class=\"slideshow_align_caption\"><h2 class='avia-caption-title '  itemprop=\"name\" >Kinesisk oversettelse<\/h2><div class='avia-caption-content '  itemprop=\"description\" ><p>Oversettelse til b\u00e5de tradisjonell kinesisk og forenklet kinesisk<\/p>\n<\/div><\/div><\/div><\/div><\/div><\/div><img decoding=\"async\" fetchpriority=\"high\" class=\"wp-image-72281 avia-img-lazy-loading-not-72281\"  src=\"https:\/\/www.star-ts.com\/wp-content\/uploads\/2018\/07\/byodo-in-temple-314555_1280-1280x430.jpg\" width=\"1280\" height=\"430\" title='byodo-in-temple-314555_1280' alt=''  itemprop=\"thumbnailUrl\"   \/><\/div><\/li><\/ul><\/div><\/div><div id='after_full_slider_1'  class='main_color av_default_container_wrap container_wrap sidebar_right'  ><div class='container av-section-cont-open' ><div class='template-page content  av-content-small alpha units'><div class='post-entry post-entry-type-page post-entry-121463'><div class='entry-content-wrapper clearfix'>\n<div  class='flex_column av-laaj8d-0cd48a6fe1a7464398ed74cf7145a3da av_one_full  avia-builder-el-1  el_after_av_slideshow_full  el_before_av_two_third  avia-builder-el-first  first flex_column_div  '     ><section  class='av_textblock_section av-il5g65-82e5c9c24e566ec55ffa7d2090571033 '   itemscope=\"itemscope\" itemtype=\"https:\/\/schema.org\/CreativeWork\" ><div class='avia_textblock'  itemprop=\"text\" ><h1>Kinesiske oversettelsestjenester<\/h1>\n<h3>Kinesiske varianter<\/h3>\n<table>\n<tbody>\n<tr>\n<th>Land | Region<\/th>\n<th>Talespr\u00e5k<\/th>\n<th>Oversatt spr\u00e5k<\/th>\n<\/tr>\n<tr>\n<td>Fastlands-Kina<\/td>\n<td>Mandarin<\/td>\n<td>Forenklet kinesisk<\/td>\n<\/tr>\n<tr>\n<td>Taiwan<\/td>\n<td>Mandarin<\/td>\n<td>Tradisjonell kinesisk<\/td>\n<\/tr>\n<tr>\n<td>Hong Kong<\/td>\n<td>Kantonesisk<\/td>\n<td>Tradisjonell kinesisk<\/td>\n<\/tr>\n<tr>\n<td>Singapore<\/td>\n<td>Mandarin<\/td>\n<td>Forenklet kinesisk<\/td>\n<\/tr>\n<\/tbody>\n<\/table>\n<\/div><\/section><\/div>\n<p><div  class='flex_column av-hzvf0d-40028465099509570f05831af325f2d9 av_two_third  avia-builder-el-3  el_after_av_one_full  el_before_av_one_third  first flex_column_div  column-top-margin'     ><section  class='av_textblock_section av-ftpmpp-35de4113e9ebb8d319adc981071fa552 '   itemscope=\"itemscope\" itemtype=\"https:\/\/schema.org\/CreativeWork\" ><div class='avia_textblock'  itemprop=\"text\" ><h3>Kinesiske oversettere<\/h3>\n<p>STAR har omfattende erfaring innen kinesisk oversettelse. Vi har kontorer i Shanghai, Beijing og Taipei. V\u00e5re team oversetter manualer, nettsteder og markedsf\u00f8ringsmateriell for \u00e5 bist\u00e5 internasjonalt salg i Kina og Taiwan. Vi er <a href=\"https:\/\/www.star-ts.com\/translation-faq\/what-is-iso-9001-certification\/\">ISO 9001<\/a> og <a href=\"https:\/\/www.star-ts.com\/translation-faq\/what-is-iso17100-certification\/\">ISO 17100<\/a> kvalitetssertifisert.   <\/p>\n<p>Hvis du s\u00f8ker <strong>profesjonelle kinesiske oversettelsestjenester<\/strong>, tilbyr vi <strong>kinesiske oversettelser av h\u00f8y kvalitet<\/strong> skreddersydd dine behov. V\u00e5rt team av ekspertoversettere leverer kinesiske oversettelser i praktisk talt alle filformater, og sikrer at innholdet ditt kommuniseres n\u00f8yaktig og effektivt. <\/p>\n<p>Vi spesialiserer oss p\u00e5 \u00e5 oversette dokumenter ved hjelp av bransjeledende programvare som <strong>QuarkXPress<\/strong>, <strong>Adobe InDesign<\/strong>, <strong>FrameMaker<\/strong>, <strong>HTML<\/strong>, <strong>XML<\/strong>, <strong>AutoCAD DXF<\/strong>, <strong>Microsoft PowerPoint<\/strong>, <strong>Excel<\/strong> og <strong>Word<\/strong>. V\u00e5re oversettere er dyktige i \u00e5 h\u00e5ndtere komplekse tekniske dokumenter, markedsf\u00f8ringsmateriell og forretningskommunikasjon, og sikrer at budskapet ditt formidles med presisjon og kulturell relevans. <\/p>\n<p>V\u00e5re tjenester strekker seg utover enkel oversettelse. Vi tilbyr omfattende <strong>lokaliseringstjenester<\/strong> for \u00e5 tilpasse innholdet ditt for det kinesiske markedet, og tar hensyn til spr\u00e5klige nyanser og kulturelle forskjeller. Dette sikrer at materialene dine resonerer med m\u00e5lgruppen din og oppn\u00e5r \u00f8nsket effekt.  <\/p>\n<p>I tillegg er teamet v\u00e5rt utstyrt for \u00e5 h\u00e5ndtere store prosjekter med stramme tidsfrister, og gir effektiv og p\u00e5litelig service uten \u00e5 g\u00e5 p\u00e5 kompromiss med kvaliteten. Vi forst\u00e5r viktigheten av klar og n\u00f8yaktig kommunikasjon i virksomheten, og vi er forpliktet til \u00e5 hjelpe deg med \u00e5 lykkes i det kinesisktalende markedet. <\/p>\n<p>Enten du trenger oversettelser for <strong>tekniske manualer<\/strong>, <strong>markedsf\u00f8ringsbrosjyrer<\/strong>, <strong>nettsteder<\/strong> eller <strong>forretningspresentasjoner<\/strong>, har vi ekspertisen til \u00e5 levere eksepsjonelle resultater. Stol p\u00e5 at vi leverer <strong>profesjonelle kinesiske oversettelsestjenester<\/strong> som oppfyller dine spesifikke krav og hjelper deg med \u00e5 n\u00e5 dine m\u00e5l.<\/p>\n<\/div><\/section><\/div>\n<style type=\"text\/css\" data-created_by=\"avia_inline_auto\" id=\"style-css-av-e8p5tp-1b5f7101e3deaeb4ff68ed270f1f88ee\">\n.flex_column.av-e8p5tp-1b5f7101e3deaeb4ff68ed270f1f88ee{\nborder-radius:0px 0px 0px 0px;\npadding:0px 0px 0px 0px;\n}\n<\/style>\n<div  class='flex_column av-e8p5tp-1b5f7101e3deaeb4ff68ed270f1f88ee av_one_third  avia-builder-el-5  el_after_av_two_third  el_before_av_one_full  flex_column_div av-zero-column-padding  column-top-margin'     ><section  class='av_textblock_section av-cndz4t-4182919ebf4c871530c7c75a2f3f3f32 '   itemscope=\"itemscope\" itemtype=\"https:\/\/schema.org\/CreativeWork\" ><div class='avia_textblock'  itemprop=\"text\" ><h4>Oversettelsestjenester<\/h4>\n<ul>\n<li><a href=\"https:\/\/www.star-ts.com\/translation-services\/documents\/health-and-safety\/\">Helse- og sikkerhetsh\u00e5ndb\u00f8ker<\/a><\/li>\n<li><a href=\"https:\/\/www.star-ts.com\/translation-services\/documents\/employee-handbooks\/\">Ansatth\u00e5ndb\u00f8ker<\/a><\/li>\n<li><a href=\"https:\/\/www.star-ts.com\/translation-services\/automotive-industry\/\">Automotive dokumenter<\/a><\/li>\n<li><a href=\"https:\/\/www.star-ts.com\/no\/documents\/\">Bruksanvisninger og brukermanualer<\/a><\/li>\n<li><a href=\"https:\/\/www.star-ts.com\/translation-services\/government-translation-services\/\">\u00c5rsrapporter<\/a><\/li>\n<li><a href=\"https:\/\/www.star-ts.com\/marketing-services\/\">Nettstedsmarkedsf\u00f8ring<\/a><\/li>\n<\/ul>\n<\/div><\/section><\/div><\/p>\n<div  class='flex_column av-bjxkvh-8b98ce13fbf40d4d2900a26165209f6f av_one_full  avia-builder-el-7  el_after_av_one_third  el_before_av_section  avia-builder-el-last  first flex_column_div  column-top-margin'     ><section  class='av_textblock_section av-8sawi5-d176b14aa96ca6de3499a95863db8464 '   itemscope=\"itemscope\" itemtype=\"https:\/\/schema.org\/CreativeWork\" ><div class='avia_textblock'  itemprop=\"text\" ><h3>Forenklet kinesisk eller tradisjonell kinesisk?<\/h3>\n<p>Visste du at det finnes mer enn \u00e9n kinesisk dialekt? Hvilken trenger du for din virksomhet? <\/p>\n<p>Vi blir ofte spurt om <strong>mandarin oversettelse<\/strong> eller <strong>kantonesisk oversettelse<\/strong>; Imidlertid refereres de offisielle talespr\u00e5kene i Republikken Kina (Taiwan, hovedstad: Taipei) og Folkerepublikken Kina (Fastlands-Kina) til som mandarin kinesisk.<\/p>\n<p>Hvilken versjon av kinesisk trenger du?<\/p>\n<p>Begrepet mandarin refererer bare til standard talespr\u00e5k kinesisk, som i utgangspunktet er det samme og gjensidig forst\u00e5elig i Taiwan og Fastlands-Kina. Selv om det er forskjellige skrifter som brukes i forskjellige omr\u00e5der av <em>Greater China<\/em>. <\/p>\n<p><strong>Tradisjonell kinesisk<\/strong> er skriften som brukes i Taiwan og Hong Kong, mens Fastlands-Kina og Singapore bruker <strong>Forenklet kinesisk<\/strong>.<\/p>\n<h4>Kinesiske fonter<\/h4>\n<p>Kinesiske spr\u00e5k er skrevet med Han-ideogrammer. Hvis du utvikler et produkt for det kinesiske markedet, m\u00e5 du bestemme deg for den beste fonten \u00e5 bruke i dokumentene dine. Som en generell regel anbefaler vi \u00e5 bruke <em>SimSun<\/em>. Dette er en variant av Arial-fonten og er unicode-kompatibel.   <\/p>\n<figure><a href=\"http:\/\/www.star-ts.com\/download\/cta\/star-chinese-web.pdf\"><img decoding=\"async\" src=\"https:\/\/www.star-ts.com\/wp-content\/uploads\/2014\/07\/china-cta-land.png\" alt=\"Kinesisk webdesign, kinesiske oversettelsestjenester\" width=\"194\" height=\"198\"\/><\/a><\/figure>\n<h4>Hva er den beste kinesiske fonten \u00e5 bruke p\u00e5 nettstedet ditt?<\/h4>\n<p>Last ned v\u00e5r gratis e-bok om <a href=\"http:\/\/www.star-ts.com\/download\/cta\/star-chinese-web.pdf\">Topp 10 tips for kinesisk webdesign<\/a> for svaret og andre interessante tips. Skrevet av teamet v\u00e5rt, vil denne e-boken hjelpe deg med \u00e5 gj\u00f8re ditt neste kinesiske nettstedprosjekt til en suksess. <\/p>\n<p>Vi blir ofte spurt av kunder om vi kan gi dem r\u00e5d om innkj\u00f8p av produkter fra Kina; vi har skrevet en artikkel om emnet innkj\u00f8p fra Kina p\u00e5 bloggen v\u00e5r.<\/p>\n<\/div><\/section><br \/>\n<section  class='av_textblock_section av-8sawi5-2-5028b60957f11a11a4cde1935587e727 '   itemscope=\"itemscope\" itemtype=\"https:\/\/schema.org\/CreativeWork\" ><div class='avia_textblock'  itemprop=\"text\" ><h3>Hva er forenklet kinesisk?<\/h3>\n<p>Forenklet kinesisk er den skriftlige formen for kinesisk som brukes i Fastlands-Kina og Singapore.<\/p>\n<p>Det forenklede tegnsettet har blitt brukt av Folkerepublikken Kina siden ca. 1950. Settet ble avledet fra de vanskeligere tradisjonelle kinesiske tegnene, og det reduserte kompleksiteten og antall streker for \u00e5 forbedre leseferdigheten i landet. <\/p>\n<p>Det er over 50 000 tegn i det kinesiske alfabetet. Gjennomsnittspersonen trenger \u00e5 forst\u00e5 mellom 2000 og 3000 symboler for \u00e5 kunne lese den daglige avisen. <\/p>\n<h3>Hva er tradisjonell kinesisk?<\/h3>\n<p>Tradisjonell kinesisk er den skriftlige formen for kinesisk som brukes i Hong Kong og Taiwan. De tradisjonelle kinesiske tegnene dateres tilbake mer enn 3000 \u00e5r \u2013 i sin tidlige form ble de brukt 1200 f.Kr. og utviklet seg gjennom \u00e5rhundrene til sine moderne representasjoner som har blitt brukt, mer eller mindre uendret, i 2000 \u00e5r. <\/p>\n<h3>Hva er Unicode?<\/h3>\n<p>Unicode ble utviklet for \u00e5 gj\u00f8re det mulig for datasystemer \u00e5 vise internasjonale tegnsett som kinesisk. Unicode er det beste kodingssystemet for \u00e5 vise internasjonale tegnsett p\u00e5 de fleste spr\u00e5k. Systemer som Adobe InDesign har for eksempel tatt i bruk dette for \u00e5 muliggj\u00f8re produksjon av flerspr\u00e5klige dokumenter.<\/p>\n<\/div><\/section><br \/>\n<section  class='av_textblock_section av-8sawi5-1-67e5a3909cdae81eaac8c7ae7334934e '   itemscope=\"itemscope\" itemtype=\"https:\/\/schema.org\/CreativeWork\" ><div class='avia_textblock'  itemprop=\"text\" ><h3>Kinesisk reklame juridisk overholdelse<\/h3>\n<p>Visste du at kinesisk reklamelov forbyr bruk av visse ord? Det forbyr en rekke superlativer generelt. <\/p>\n<p>V\u00e5re team kan gjennomg\u00e5 markedsf\u00f8rings- og salgsmateriellet ditt for \u00e5 gi r\u00e5d om hvordan du best kan oppfylle de juridiske standardene.<\/p>\n<\/div><\/section><\/p><\/div>\n<\/div><\/div><\/div><!-- close content main div --><\/div><\/div>\n<style type=\"text\/css\" data-created_by=\"avia_inline_auto\" id=\"style-css-av-k0gx2157-307699bb8bdeb8c22c0065ee0c218e70\">\n.avia-section.av-k0gx2157-307699bb8bdeb8c22c0065ee0c218e70{\nbackground-color:#ff7f27;\nbackground-image:unset;\n}\n<\/style>\n<div id='av_section_1'  class='avia-section av-k0gx2157-307699bb8bdeb8c22c0065ee0c218e70 main_color avia-section-default avia-no-border-styling  avia-builder-el-11  el_after_av_one_full  avia-builder-el-last  avia-bg-style-scroll container_wrap sidebar_right'  ><div class='container av-section-cont-open' ><div class='template-page content  av-content-small alpha units'><div class='post-entry post-entry-type-page post-entry-121463'><div class='entry-content-wrapper clearfix'>\n<section  class='av_textblock_section av-zffpn-9b19d1d65eda350fe1fbef528189f03e '   itemscope=\"itemscope\" itemtype=\"https:\/\/schema.org\/CreativeWork\" ><div class='avia_textblock'  itemprop=\"text\" ><h2><span style=\"color: #ffffff;\">Start n\u00e5<\/span><\/h2>\n<div  class='avia-button-wrap av-aaau3-ef63d2177d98fe868bc77aac7bc380de-wrap avia-button-left  avia-builder-el-13  avia-builder-el-no-sibling '><a href='https:\/\/www.star-ts.com\/no\/kontakt\/'  class='avia-button av-aaau3-ef63d2177d98fe868bc77aac7bc380de av-link-btn avia-icon_select-no avia-size-x-large avia-position-left avia-color-light'   aria-label=\"Kontakt oss\"><span class='avia_iconbox_title' >Kontakt oss<\/span><\/a><\/div>\n<\/div><\/section>\n<\/div><\/div><\/div><!-- close content main div --><\/div><\/div><div id='after_section_1'  class='main_color av_default_container_wrap container_wrap sidebar_right'  ><div class='container av-section-cont-open' ><div class='template-page content  av-content-small alpha units'><div class='post-entry post-entry-type-page post-entry-121463'><div class='entry-content-wrapper clearfix'>\n","protected":false},"excerpt":{"rendered":"<p>STAR har omfattende erfaring innen kinesisk oversettelse. Vi har kontorer i Shanghai, Beijing, Taipei og Taiwan. V\u00e5re team vil oversette dine manualer, nettsteder og markedsf\u00f8ringsmateriell for \u00e5 bist\u00e5 din internasjonale salgsstyrke i Kina og Taiwan. Vi er ISO 9001 og ISO 17100 kvalitetssertifisert.   <\/p>\n","protected":false},"author":1,"featured_media":72281,"parent":0,"menu_order":2,"comment_status":"closed","ping_status":"closed","template":"","meta":{"footnotes":""},"class_list":["post-121463","page","type-page","status-publish","has-post-thumbnail","hentry"],"_links":{"self":[{"href":"https:\/\/www.star-ts.com\/no\/wp-json\/wp\/v2\/pages\/121463","targetHints":{"allow":["GET"]}}],"collection":[{"href":"https:\/\/www.star-ts.com\/no\/wp-json\/wp\/v2\/pages"}],"about":[{"href":"https:\/\/www.star-ts.com\/no\/wp-json\/wp\/v2\/types\/page"}],"author":[{"embeddable":true,"href":"https:\/\/www.star-ts.com\/no\/wp-json\/wp\/v2\/users\/1"}],"replies":[{"embeddable":true,"href":"https:\/\/www.star-ts.com\/no\/wp-json\/wp\/v2\/comments?post=121463"}],"version-history":[{"count":0,"href":"https:\/\/www.star-ts.com\/no\/wp-json\/wp\/v2\/pages\/121463\/revisions"}],"wp:featuredmedia":[{"embeddable":true,"href":"https:\/\/www.star-ts.com\/no\/wp-json\/wp\/v2\/media\/72281"}],"wp:attachment":[{"href":"https:\/\/www.star-ts.com\/no\/wp-json\/wp\/v2\/media?parent=121463"}],"curies":[{"name":"wp","href":"https:\/\/api.w.org\/{rel}","templated":true}]}}