{"id":121340,"date":"2026-01-05T12:36:20","date_gmt":"2026-01-05T12:36:20","guid":{"rendered":"https:\/\/www.star-ts.com\/italian-translation\/"},"modified":"2026-01-05T12:36:26","modified_gmt":"2026-01-05T12:36:26","slug":"italian-translation","status":"publish","type":"page","link":"https:\/\/www.star-ts.com\/no\/italian-translation\/","title":{"rendered":"Italienske oversettelsestjenester"},"content":{"rendered":"<div id='full_slider_1'  class='avia-fullwidth-slider main_color avia-shadow av-small-hide av-mini-hide  avia-builder-el-0  el_before_av_two_third  avia-builder-el-first   container_wrap sidebar_right'  ><div  class='avia-slideshow av-mggbciub-4906ccaab6f52a4016b7e35c1ab58fe5 avia-slideshow-featured av_slideshow_full avia-slide-slider av-small-hide av-mini-hide av-slideshow-ui av-control-default av-slideshow-manual av-loop-once av-loop-manual-endless av-default-height-applied   avia-slideshow-1' data-slideshow-options=\"{&quot;animation&quot;:&quot;slide&quot;,&quot;autoplay&quot;:false,&quot;loop_autoplay&quot;:&quot;once&quot;,&quot;interval&quot;:5,&quot;loop_manual&quot;:&quot;manual-endless&quot;,&quot;autoplay_stopper&quot;:false,&quot;noNavigation&quot;:false,&quot;bg_slider&quot;:false,&quot;keep_padding&quot;:false,&quot;hoverpause&quot;:false,&quot;show_slide_delay&quot;:0}\"  itemprop=\"image\" itemscope=\"itemscope\" itemtype=\"https:\/\/schema.org\/ImageObject\" ><ul class='avia-slideshow-inner ' style='padding-bottom: 28.666666666667%;'><li  class='avia-slideshow-slide av-mggbciub-4906ccaab6f52a4016b7e35c1ab58fe5__0  av-single-slide slide-1 slide-odd'><div data-rel='slideshow-1' class='avia-slide-wrap '   ><div class='av-slideshow-caption av-mggbciub-4906ccaab6f52a4016b7e35c1ab58fe5__0 caption_fullwidth caption_center caption_center_framed caption_framed'><div class=\"container caption_container\"><div class=\"slideshow_caption\"><div class=\"slideshow_inner_caption\"><div class=\"slideshow_align_caption\"><h2 class='avia-caption-title '  itemprop=\"name\" >Italiensk oversettelse<\/h2><div class='avia-caption-content '  itemprop=\"description\" ><p>Italienske oversettere med spesialisert oversettelsesekspertise<\/p>\n<\/div><\/div><\/div><\/div><\/div><\/div><img decoding=\"async\" fetchpriority=\"high\" class=\"wp-image-106039 avia-img-lazy-loading-not-106039\"  src=\"https:\/\/www.star-ts.com\/wp-content\/uploads\/2019\/10\/colosseum-792202_1920-1500x430.jpg\" width=\"1500\" height=\"430\" title='colosseum-792202_1920' alt=''  itemprop=\"thumbnailUrl\"   \/><\/div><\/li><\/ul><\/div><\/div><div id='after_full_slider_1'  class='main_color av_default_container_wrap container_wrap sidebar_right'  ><div class='container av-section-cont-open' ><div class='template-page content  av-content-small alpha units'><div class='post-entry post-entry-type-page post-entry-121340'><div class='entry-content-wrapper clearfix'>\n<div  class='flex_column av-ilvt8h-88928bace25b60efea3c41b35e93dd00 av_two_third  avia-builder-el-1  el_after_av_slideshow_full  el_before_av_one_third  avia-builder-el-first  first flex_column_div  '     ><section  class='av_textblock_section av-gxnloh-4be6cd4544b286ef6b169302885a97ce '   itemscope=\"itemscope\" itemtype=\"https:\/\/schema.org\/CreativeWork\" ><div class='avia_textblock'  itemprop=\"text\" ><h1>Italiensk oversettelse for tekniske maskiner og programvarelokalisering<\/h1>\n<p><em><strong>\u00d8nsker du \u00e5 ekspandere til det italienske markedet?<\/strong><\/em><\/p>\n<p>Vi spesialiserer oss p\u00e5 italienske oversettelsestjenester for produsenter, programvareutviklere og ingeni\u00f8rfirmaer som trenger presisjon, hastighet og bransjeekspertise.<\/p>\n<p>V\u00e5re italienske oversettere er oppl\u00e6rt i teknisk dokumentasjon og programvarelokalisering. Vi oversetter manualer, produktkataloger, UI-strenger, hjelpefiler og nettsteder \u2013 og sikrer at innholdet ditt er n\u00f8yaktig, kompatibelt og klart for italiensktalende brukere. <\/p>\n<p>Hver oversettelse oppfyller ISO 9001- og ISO 17100-standarder, noe som gir deg tillit til kvalitet og konsistens. Enten du lanserer industrielt utstyr eller lokaliserer kompleks programvare, hjelper vi deg med \u00e5 kommunisere tydelig og profesjonelt p\u00e5 italiensk.<\/p>\n<\/div><\/section><\/div>\n\n<style type=\"text\/css\" data-created_by=\"avia_inline_auto\" id=\"style-css-av-g0u6td-5902bd3b44119ebc2d127ad175088249\">\n.flex_column.av-g0u6td-5902bd3b44119ebc2d127ad175088249{\nborder-radius:0px 0px 0px 0px;\npadding:0px 0px 0px 0px;\n}\n<\/style>\n<div  class='flex_column av-g0u6td-5902bd3b44119ebc2d127ad175088249 av_one_third  avia-builder-el-3  el_after_av_two_third  el_before_av_one_full  flex_column_div av-zero-column-padding  '     ><section  class='av_textblock_section av-e6ui4h-91d0cbb8c2c397969e0413ebf3970f08 '   itemscope=\"itemscope\" itemtype=\"https:\/\/schema.org\/CreativeWork\" ><div class='avia_textblock'  itemprop=\"text\" ><h4>Oversettelsestjenester<\/h4>\n<ul>\n<li><a href=\"https:\/\/www.star-ts.com\/translation-services\/documents\/health-and-safety\/\">Helse- og sikkerhetsmanualer<\/a><\/li>\n<li><a href=\"https:\/\/www.star-ts.com\/translation-services\/documents\/employee-handbooks\/\">Ansatth\u00e5ndb\u00f8ker<\/a><\/li>\n<li><a href=\"https:\/\/www.star-ts.com\/translation-services\/automotive-industry\/\">Automotive dokumenter<\/a><\/li>\n<li><a href=\"https:\/\/www.star-ts.com\/no\/documents\/\">Tekniske publikasjoner<\/a><\/li>\n<li><a href=\"https:\/\/www.star-ts.com\/translation-services\/government-translation-services\/\">Dokumenter fra offentlig sektor<\/a><\/li>\n<li><a href=\"https:\/\/www.star-ts.com\/marketing-services\/marketing-campaigns\/e-commerce\/\">E-handelsnettsteder<\/a><\/li>\n<\/ul>\n<\/div><\/section><\/div>\n<div  class='flex_column av-cpt7k1-f770121aaf86fd446cecdcd0d7b1c9b2 av_one_full  avia-builder-el-5  el_after_av_one_third  avia-builder-el-last  first flex_column_div  column-top-margin'     ><section  class='av_textblock_section av-13x9rl-85b2f2d7747e2e6e7022bd29c235976e '   itemscope=\"itemscope\" itemtype=\"https:\/\/schema.org\/CreativeWork\" ><div class='avia_textblock'  itemprop=\"text\" ><h2>Profesjonelle italienske oversettere med teknisk presisjon<\/h2>\n<p>N\u00e5r n\u00f8yaktighet er viktig og budsjettene er stramme, trenger du en partner som forst\u00e5r b\u00e5de spr\u00e5ket ditt og bransjen din. V\u00e5rt italienske oversettelsesteam har dyp ekspertise innen tekniske og ingeni\u00f8rmessige sektorer \u2013 og sikrer at innholdet ditt snakker tydelig, trygt og korrekt. <\/p>\n<p>Vi prioriterer teknisk terminologi fra starten, slik at budskapet ditt holder seg skarpt og konsistent p\u00e5 tvers av hvert dokument. Enten du er i bilindustrien, produksjon eller industriell design, har vi hjulpet merkevarer som Ferrari med \u00e5 levere feilfri kommunikasjon som gir resultater. <\/p>\n<h3>S\u00f8ml\u00f8s oversettelse p\u00e5 tvers av alle filformater<\/h3>\n<p>Dine ingeni\u00f8rer og designere jobber hardt for \u00e5 bygge flott innhold \u2013 vi s\u00f8rger for at det oversettes perfekt. Vi samarbeider direkte med teamene dine for \u00e5 levere presise engelsk-til-italienske oversettelser som bevarer mening, layout og hensikt. <\/p>\n<p>Fra QuarkXPress til InDesign, FrameMaker til AutoCAD DXF, og alt i mellom \u2013 v\u00e5re spesialister h\u00e5ndterer praktisk talt alle filformater med letthet, inkludert HTML, XML, PowerPoint, Excel og Word.<\/p>\n<\/div><\/section><br \/>\n<section  class='av_textblock_section av-9ngav5-681dead2643294b869269fba23ef3d90 '   itemscope=\"itemscope\" itemtype=\"https:\/\/schema.org\/CreativeWork\" ><div class='avia_textblock'  itemprop=\"text\" ><h2><strong>Italiensk som nasjonalspr\u00e5k<\/strong><\/h2>\n<p>Til tross for \u00e5rhundrer med enorm litter\u00e6r produksjon, m\u00e5tte italienerne vente til Italias samling i 1861 for \u00e5 f\u00e5 et offisielt felles spr\u00e5k. Toskansk italiensk ble valgt for denne rollen, selv om bare et lite mindretall av befolkningen snakket denne dialekten p\u00e5 den tiden. De fleste italienere snakket sine egne regionale dialekter. I dag er det italienske spr\u00e5ket rikt og uttrykksfullt, og krever komplekse verbkonjugasjoner, og italienerne er stolte av \u00e5 bruke det.   <\/p>\n<p>Teknologi kan v\u00e6re ansvarlig for introduksjonen av mange l\u00e5nte engelske ord, som n\u00e5 brukes liberalt i b\u00e5de formelle og uformelle samtaler. I stedet for \u00e5 insistere p\u00e5 riktige oversettelser av engelsk terminologi, bruker italienere ofte engelske ord som de er, og til og med hever statusen deres til \u00abmoteriktig\u00bb. <\/p>\n<h3><strong>Italiensk spr\u00e5k og musikk<\/strong><\/h3>\n<p>Alle som har studert eller spilt musikk er kjent med ord som crescendo, forte og tempo. Italiensk har alltid v\u00e6rt spr\u00e5ket for opera librettoer og er fortsatt universelt anerkjent som spr\u00e5ket for klassisk musikk. Men hvorfor kalles italiensk \u00abla bella lingua\u00bb (det vakre spr\u00e5ket)? Den syngende effekten av italiensk kommer fra uttalen: de fleste ord har en aksent p\u00e5 den nest siste stavelsen og slutter med en vokal, noe som f\u00e5r spr\u00e5ket til \u00e5 h\u00f8res s\u00f8tt og lyrisk ut for utenlandske \u00f8rer.   <\/p>\n<h3><strong>Italienere: Et folk av helgener, poeter, sj\u00f8menn og&#8230;<\/strong><\/h3>\n<p>Dette ber\u00f8mte mottoet definerer italienere godt, og gjenspeiler de religi\u00f8se og historiske r\u00f8ttene til Belpaese. Jeg vil ogs\u00e5 legge til, ved \u00e5 omskrive Winston Churchills uttalelse om at italienere taper kriger som om de var fotballkamper, og fotballkamper som om de var kriger, at italienere er lidenskapelige fotballkommentatorer, like harde og die-hard som de er eksperter i politikk. Italias posisjon ved Middelhavet har latt det v\u00e6re \u00e5pent for invasjon gjennom \u00e5rhundrene, noe som gj\u00f8r det dyktig til \u00e5 im\u00f8tekomme andre kulturer.  <\/p>\n<p>Italienere kan klage over endringer i deres kultur og spr\u00e5k, men de er en varm, im\u00f8tekommende befolkning som har l\u00e6rt \u00e5 bli beriket av mangfold i stedet for \u00e5 bekjempe det. Den italienske journalisten Beppe Severgnini skrev at et r\u00f8dt lys i et trafikkryss er mer et forslag enn en kommando fordi italienere foretrekker \u00e5 tenke fremfor \u00e5 bli fortalt hva de skal gj\u00f8re. Utlendinger kan betrakte dette som en trussel mot sikkerheten, men italienere man\u00f8vrerer generelt dyktig gjennom labyrinten av trafikklys, forskrifter, lover og tradisjonelle m\u00e5ter \u00e5 gj\u00f8re ting p\u00e5.  <\/p>\n<h3><strong>Italiensk spr\u00e5k og kommunikasjon<\/strong><\/h3>\n<p>Man kan hevde at det universelle spr\u00e5ket i Italia ikke er italiensk, men gester. Denne \u00abhendige\u00bb kommunikasjonsmetoden hjelper italienere til \u00e5 bli forst\u00e5tt i utlandet, selv n\u00e5r de ikke snakker spr\u00e5ket. Utlendinger b\u00f8r huske dette n\u00e5r de bes\u00f8ker Italia \u2013 italienere er ikke p\u00e5virket av nerv\u00f8se tics; snarere er de sv\u00e6rt kommunikative mennesker som ikke er redde for \u00e5 komme fysisk n\u00e6r n\u00e5r de kommuniserer. Varmen fra folket kjennes umiddelbart, spesielt n\u00e5r man deler et m\u00e5ltid eller et glass vin, som er allment ansett som blant de beste i verden.<\/p>\n<\/div><\/section><br \/>\n<section  class='av_textblock_section av-67uxe9-ed20f529947e3450b57db5e7e8a710d6 '   itemscope=\"itemscope\" itemtype=\"https:\/\/schema.org\/CreativeWork\" ><div class='avia_textblock'  itemprop=\"text\" ><p><a href=\"https:\/\/www.star-ts.com\/languages\/free-translation-resources\/how-to-say-i-love-you\/\">Hvordan si jeg elsker deg p\u00e5 italiensk<\/a><\/p>\n<p><a href=\"https:\/\/www.star-ts.com\/languages\/free-translation-resources\/\">Gratis oversettelsesressurser<\/a><\/p>\n<\/div><\/section><\/p><\/div>\n","protected":false},"excerpt":{"rendered":"<p>\u00d8nsker du \u00e5 ekspandere til det italienske markedet?<\/p>\n<p>Vi spesialiserer oss p\u00e5 italienske oversettelsestjenester for produsenter, programvareutviklere og ingeni\u00f8rfirmaer som trenger presisjon, hastighet og bransjeekspertise.<\/p>\n","protected":false},"author":1,"featured_media":106039,"parent":0,"menu_order":14,"comment_status":"closed","ping_status":"closed","template":"","meta":{"footnotes":""},"class_list":["post-121340","page","type-page","status-publish","has-post-thumbnail","hentry"],"_links":{"self":[{"href":"https:\/\/www.star-ts.com\/no\/wp-json\/wp\/v2\/pages\/121340","targetHints":{"allow":["GET"]}}],"collection":[{"href":"https:\/\/www.star-ts.com\/no\/wp-json\/wp\/v2\/pages"}],"about":[{"href":"https:\/\/www.star-ts.com\/no\/wp-json\/wp\/v2\/types\/page"}],"author":[{"embeddable":true,"href":"https:\/\/www.star-ts.com\/no\/wp-json\/wp\/v2\/users\/1"}],"replies":[{"embeddable":true,"href":"https:\/\/www.star-ts.com\/no\/wp-json\/wp\/v2\/comments?post=121340"}],"version-history":[{"count":0,"href":"https:\/\/www.star-ts.com\/no\/wp-json\/wp\/v2\/pages\/121340\/revisions"}],"wp:featuredmedia":[{"embeddable":true,"href":"https:\/\/www.star-ts.com\/no\/wp-json\/wp\/v2\/media\/106039"}],"wp:attachment":[{"href":"https:\/\/www.star-ts.com\/no\/wp-json\/wp\/v2\/media?parent=121340"}],"curies":[{"name":"wp","href":"https:\/\/api.w.org\/{rel}","templated":true}]}}