{"id":121335,"date":"2026-01-05T12:36:15","date_gmt":"2026-01-05T12:36:15","guid":{"rendered":"https:\/\/www.star-ts.com\/agriculture\/"},"modified":"2026-01-05T12:37:10","modified_gmt":"2026-01-05T12:37:10","slug":"agriculture","status":"publish","type":"page","link":"https:\/\/www.star-ts.com\/no\/agriculture\/","title":{"rendered":"Oversettelsestjenester for landbruk"},"content":{"rendered":"<div id='full_slider_1'  class='avia-fullwidth-slider main_color avia-shadow av-small-hide av-mini-hide  avia-builder-el-0  el_before_av_one_fourth  avia-builder-el-first   container_wrap sidebar_right'  ><div  class='avia-slideshow av-jrhph4ih-747547f69cfa624501df8afdd49fe3e4 avia-slideshow-featured av_slideshow_full avia-slide-slider av-small-hide av-mini-hide av-slideshow-ui av-control-default av-slideshow-manual av-loop-once av-loop-manual-endless av-default-height-applied   avia-slideshow-1' data-slideshow-options=\"{&quot;animation&quot;:&quot;slide&quot;,&quot;autoplay&quot;:false,&quot;loop_autoplay&quot;:&quot;once&quot;,&quot;interval&quot;:5,&quot;loop_manual&quot;:&quot;manual-endless&quot;,&quot;autoplay_stopper&quot;:false,&quot;noNavigation&quot;:false,&quot;bg_slider&quot;:false,&quot;keep_padding&quot;:false,&quot;hoverpause&quot;:false,&quot;show_slide_delay&quot;:0}\"  itemprop=\"image\" itemscope=\"itemscope\" itemtype=\"https:\/\/schema.org\/ImageObject\" ><ul class='avia-slideshow-inner ' style='padding-bottom: 28.666666666667%;'><li  class='avia-slideshow-slide av-jrhph4ih-747547f69cfa624501df8afdd49fe3e4__0  av-single-slide slide-1 slide-odd'><div data-rel='slideshow-1' class='avia-slide-wrap '   ><div class='av-slideshow-caption av-jrhph4ih-747547f69cfa624501df8afdd49fe3e4__0 caption_fullwidth caption_center caption_center_framed caption_framed'><div class=\"container caption_container\"><div class=\"slideshow_caption\"><div class=\"slideshow_inner_caption\"><div class=\"slideshow_align_caption\"><h2 class='avia-caption-title '  itemprop=\"name\" >Tjenester for landbruk og agriteknologi<\/h2><div class='avia-caption-content '  itemprop=\"description\" ><p>Tekniske manualer og bruksanvisninger<\/p>\n<\/div><\/div><\/div><\/div><\/div><\/div><img decoding=\"async\" fetchpriority=\"high\" class=\"wp-image-72516 avia-img-lazy-loading-not-72516\"  src=\"https:\/\/www.star-ts.com\/wp-content\/uploads\/2019\/01\/red-tractor-wide2-1500x430.jpg\" width=\"1500\" height=\"430\" title='Bonde med traktor som s\u00e5r avlinger p\u00e5 et jorde' alt='Traktor, landbruk'  itemprop=\"thumbnailUrl\"   \/><\/div><\/li><\/ul><\/div><\/div><div id='after_full_slider_1'  class='main_color av_default_container_wrap container_wrap sidebar_right'  ><div class='container av-section-cont-open' ><div class='template-page content  av-content-small alpha units'><div class='post-entry post-entry-type-page post-entry-121335'><div class='entry-content-wrapper clearfix'>\n\n<style type=\"text\/css\" data-created_by=\"avia_inline_auto\" id=\"style-css-av-1mmhy96-657b5ee606618087a5e92cc3dcf83847\">\n.flex_column.av-1mmhy96-657b5ee606618087a5e92cc3dcf83847{\nborder-radius:0px 0px 0px 0px;\npadding:0px 0px 0px 0px;\n}\n<\/style>\n<div  class='flex_column av-1mmhy96-657b5ee606618087a5e92cc3dcf83847 av_one_fourth  avia-builder-el-1  el_after_av_slideshow_full  el_before_av_three_fourth  avia-builder-el-first  first flex_column_div av-zero-column-padding  '     ><style type=\"text\/css\" data-created_by=\"avia_inline_auto\" id=\"style-css-av-k0qpwytm-626c26a7e7dd62735018ad85053d3322\">\n.avia-image-container.av-k0qpwytm-626c26a7e7dd62735018ad85053d3322 img.avia_image{\nbox-shadow:none;\n}\n.avia-image-container.av-k0qpwytm-626c26a7e7dd62735018ad85053d3322 .av-image-caption-overlay-center{\ncolor:#ffffff;\n}\n<\/style>\n<div  class='avia-image-container av-k0qpwytm-626c26a7e7dd62735018ad85053d3322 av-styling- avia-align-center  avia-builder-el-2  avia-builder-el-no-sibling '   itemprop=\"image\" itemscope=\"itemscope\" itemtype=\"https:\/\/schema.org\/ImageObject\" ><div class=\"avia-image-container-inner\"><div class=\"avia-image-overlay-wrap\"><img decoding=\"async\" fetchpriority=\"high\" class='wp-image-65307 avia-img-lazy-loading-not-65307 avia_image ' src=\"https:\/\/www.star-ts.com\/wp-content\/uploads\/2012\/09\/farm-animals.jpg\" alt='Landbruk \u2013 kyr' title='kyr-g\u00e5rdsdyr-landbruk'  height=\"347\" width=\"520\"  itemprop=\"thumbnailUrl\" srcset=\"https:\/\/www.star-ts.com\/wp-content\/uploads\/2012\/09\/farm-animals.jpg 520w, https:\/\/www.star-ts.com\/wp-content\/uploads\/2012\/09\/farm-animals-300x200.jpg 300w\" sizes=\"(max-width: 520px) 100vw, 520px\" \/><\/div><\/div><\/div><\/div>\n\n<style type=\"text\/css\" data-created_by=\"avia_inline_auto\" id=\"style-css-av-45ko8a-55d48c9f04ee93c2c9410b45ebb1dedd\">\n.flex_column.av-45ko8a-55d48c9f04ee93c2c9410b45ebb1dedd{\nborder-radius:0px 0px 0px 0px;\npadding:0px 0px 0px 0px;\n}\n<\/style>\n<div  class='flex_column av-45ko8a-55d48c9f04ee93c2c9410b45ebb1dedd av_three_fourth  avia-builder-el-3  el_after_av_one_fourth  el_before_av_one_full  flex_column_div av-zero-column-padding  '     ><section  class='av_textblock_section av-k0qq73hi-0dfc59f5444c7bc05677446ac0ec1297 '   itemscope=\"itemscope\" itemtype=\"https:\/\/schema.org\/CreativeWork\" ><div class='avia_textblock'  itemprop=\"text\" ><h1>Oversettelse av landbruk og agriteknologiske l\u00f8sninger<\/h1>\n<p>Som et irsk selskap forst\u00e5r vi viktigheten av landbruk. Vi samarbeider med selskaper i USA, Storbritannia og Irland som produserer maskiner, matvarer og agriteknologiske systemer. Vi hjelper dem med \u00e5 vokse internasjonalt.  <\/p>\n<p>Vi tilbyr en komplett ende-til-ende-oversettelsesprosess for landbruksindustrien med fokus p\u00e5 kvalitetsleveranser for produsenter, forhandlere og sluttkunder. Vi oversetter manualer, nettsteder og brosjyrer, s\u00e5 vi samarbeider med b\u00e5de utviklings- og markedsf\u00f8ringsteamene dine. <\/p>\n<p>V\u00e5re spr\u00e5ktjenester hjelper deg med \u00e5 <a href=\"https:\/\/www.star-ts.com\/translation-faq\/what-is-terminology\/\" target=\"_blank\" rel=\"noopener\">opprettholde terminologi<\/a>, <a href=\"https:\/\/www.star-ts.com\/no\/documents\/\" target=\"_blank\" rel=\"noopener\">lage manualer<\/a> og levere innholdet ditt over hele verden. Med <a href=\"https:\/\/www.star-ts.com\/translation-services\/website-translation\/\" target=\"_blank\" rel=\"noopener\">nettstedoversettelse<\/a> vil vi ogs\u00e5 f\u00e5 budskapet ditt ut p\u00e5 nettet. <\/p>\n<p>Vi kan til og med tilby voice-overs og teksting med videooversettelsestjenester for \u00e5 demonstrere produktene dine for et globalt publikum.<\/p>\n<h2>Oversettelsestjenester for landbruk<\/h2>\n<p><strong>Hvilke landbruksomr\u00e5der oversetter vi?<\/strong><\/p>\n<ul>\n<li>Landbruksmaskiner<\/li>\n<li>Programvaresystemer for landbruk<\/li>\n<li>Industriell automatisering og robotikk<\/li>\n<li>F\u00f4r og matvarer<\/li>\n<li>Systemer for storfe (besetning og melk)<\/li>\n<li>Plantevitenskap<\/li>\n<li>Landbruksprodukter<\/li>\n<\/ul>\n<p>For manualer kan vi oversette innholdet ditt og levere trykkeklare PDF-filer til deg om n\u00f8dvendig, slik at du kan bruke oss som en one-stop-shop for alle dine kommunikasjonsbehov.<\/p>\n<p>V\u00e5rt nettstedoversettelsesteam kan jobbe direkte med dine webmastere\/webdesignere for \u00e5 sikre at nettstedet ditt er klart for oversettelse p\u00e5 forh\u00e5nd. Vi kan tilby SEO-tjenester for \u00e5 sikre at nettstedet ditt rangerer i m\u00e5lrettede land og at du \u00f8ker nettrafikken til produktene dine. <\/p>\n<p>Hvis du vil l\u00e6re mer om europeiske standarder for landbruksmaskiner og traktorer, kan du bes\u00f8ke Europakommisjonens nettsted: <a href=\"https:\/\/ec.europa.eu\/growth\/sectors\/automotive\/legislation\/tractors_en\" target=\"_blank\" rel=\"noopener\">EU-standarder og lovgivning<\/a><\/p>\n<\/div><\/section><\/div>\n\n<style type=\"text\/css\" data-created_by=\"avia_inline_auto\" id=\"style-css-av-vxmh1m-14b20a94ae93457f355670d76dfb6dfc\">\n.flex_column.av-vxmh1m-14b20a94ae93457f355670d76dfb6dfc{\nborder-radius:0px 0px 0px 0px;\npadding:0px 0px 0px 0px;\n}\n<\/style>\n<div  class='flex_column av-vxmh1m-14b20a94ae93457f355670d76dfb6dfc av_one_full  avia-builder-el-5  el_after_av_three_fourth  el_before_av_one_full  first flex_column_div av-zero-column-padding  column-top-margin'     ><section  class='av_textblock_section av-k0qq73hi-0dfc59f5444c7bc05677446ac0ec1297 '   itemscope=\"itemscope\" itemtype=\"https:\/\/schema.org\/CreativeWork\" ><div class='avia_textblock'  itemprop=\"text\" ><h2>Oversettelsestjenester for landbruk | Globale landbrukskunder<\/h2>\n<p>Vi samarbeider med mange av de ledende produsentene av landbruksmaskiner. V\u00e5rt arbeid spenner over hele landbrukssektoren, inkludert b\u00e5de agriteknologi og landbruk. Vi oversetter manualer, brosjyrer, nettsteder, maskindokumentasjon, brukergrensesnitt og mer. Hvis du trenger agriteknologiske oversettelsestjenester, hjelper vi deg med \u00e5 levere innhold til kundene dine p\u00e5 deres spr\u00e5k.   <\/p>\n<p><img decoding=\"async\" class=\"aligncenter size-entry_without_sidebar wp-image-36474\" src=\"https:\/\/www.star-ts.com\/wp-content\/uploads\/2019\/09\/agriculture-references-1210x165.png\" alt=\"\" width=\"1210\" height=\"165\" srcset=\"https:\/\/www.star-ts.com\/wp-content\/uploads\/2019\/09\/agriculture-references-1210x165.png 1210w, https:\/\/www.star-ts.com\/wp-content\/uploads\/2019\/09\/agriculture-references-80x10.png 80w\" sizes=\"(max-width: 1210px) 100vw, 1210px\" \/><\/p>\n<\/div><\/section><\/div>\n<div  class='flex_column av-1o4utsa-355d00da8adc176140de4239b17f79cd av_one_full  avia-builder-el-7  el_after_av_one_full  avia-builder-el-last  first flex_column_div  column-top-margin'     ><section  class='av_textblock_section av-10k7k3u-557686bf9cbab27e6266a4474b74d504 '   itemscope=\"itemscope\" itemtype=\"https:\/\/schema.org\/CreativeWork\" ><div class='avia_textblock'  itemprop=\"text\" ><div  class='avia-button-wrap avia-button-center  avia-builder-el-9  avia-builder-el-no-sibling '>\n<style type=\"text\/css\" data-created_by=\"avia_inline_auto\" id=\"style-css-av-ur44ga-63f7fa7ef1513410c577c094b221f595\">\n#top #wrap_all .avia-button.av-ur44ga-63f7fa7ef1513410c577c094b221f595:hover{\ncolor:white;\ntransition:all 0.4s ease-in-out;\n}\n#top #wrap_all .avia-button.av-ur44ga-63f7fa7ef1513410c577c094b221f595:hover .avia-svg-icon svg:first-child{\nfill:white;\nstroke:white;\n}\n<\/style>\n<a href=\"https:\/\/www.star-ts.com\/no\/kontakt\/\" class=\"avia-color-theme-color avia-font-color-theme-color avia-button avia-button-fullwidth av-ur44ga-63f7fa7ef1513410c577c094b221f595 avia-icon_select-no avia-color-theme-color\" title=\"Contact Us\" aria-label=\"Contact Us\"><span class='avia_iconbox_title' >Kontakt oss<\/span><span class='avia_button_background avia-button avia-button-fullwidth avia-color-theme-color-highlight'><\/span><\/a><\/div>\n<\/div><\/section><\/div>\n","protected":false},"excerpt":{"rendered":"<p>Oversettelse for landbruk og agriteknologi. Vi oversetter tekniske manualer, bruksanvisninger, brosjyrer og IT-systemer for \u00e5 hjelpe deg med \u00e5 komme raskt i gang internasjonalt. Bli global med STAR.  <\/p>\n","protected":false},"author":1,"featured_media":72516,"parent":0,"menu_order":0,"comment_status":"closed","ping_status":"closed","template":"","meta":{"footnotes":""},"class_list":["post-121335","page","type-page","status-publish","has-post-thumbnail","hentry"],"_links":{"self":[{"href":"https:\/\/www.star-ts.com\/no\/wp-json\/wp\/v2\/pages\/121335","targetHints":{"allow":["GET"]}}],"collection":[{"href":"https:\/\/www.star-ts.com\/no\/wp-json\/wp\/v2\/pages"}],"about":[{"href":"https:\/\/www.star-ts.com\/no\/wp-json\/wp\/v2\/types\/page"}],"author":[{"embeddable":true,"href":"https:\/\/www.star-ts.com\/no\/wp-json\/wp\/v2\/users\/1"}],"replies":[{"embeddable":true,"href":"https:\/\/www.star-ts.com\/no\/wp-json\/wp\/v2\/comments?post=121335"}],"version-history":[{"count":0,"href":"https:\/\/www.star-ts.com\/no\/wp-json\/wp\/v2\/pages\/121335\/revisions"}],"wp:featuredmedia":[{"embeddable":true,"href":"https:\/\/www.star-ts.com\/no\/wp-json\/wp\/v2\/media\/72516"}],"wp:attachment":[{"href":"https:\/\/www.star-ts.com\/no\/wp-json\/wp\/v2\/media?parent=121335"}],"curies":[{"name":"wp","href":"https:\/\/api.w.org\/{rel}","templated":true}]}}