{"id":121164,"date":"2026-01-05T12:32:05","date_gmt":"2026-01-05T12:32:05","guid":{"rendered":"https:\/\/www.star-ts.com\/seo\/"},"modified":"2026-01-05T12:32:48","modified_gmt":"2026-01-05T12:32:48","slug":"seo","status":"publish","type":"page","link":"https:\/\/www.star-ts.com\/no\/seo\/","title":{"rendered":"SEO"},"content":{"rendered":"<div id='full_slider_1'  class='avia-fullwidth-slider main_color avia-shadow av-small-hide av-mini-hide  avia-builder-el-0  el_before_av_one_fourth  avia-builder-el-first   container_wrap sidebar_right'  ><div  class='avia-slideshow av-k0wcised-052563a3c23308dbd9d640e519120c1b avia-slideshow-featured av_slideshow_full avia-slide-slider av-small-hide av-mini-hide av-slideshow-ui av-control-default av-slideshow-manual av-loop-once av-loop-manual-endless av-default-height-applied   avia-slideshow-1' data-slideshow-options=\"{&quot;animation&quot;:&quot;slide&quot;,&quot;autoplay&quot;:false,&quot;loop_autoplay&quot;:&quot;once&quot;,&quot;interval&quot;:5,&quot;loop_manual&quot;:&quot;manual-endless&quot;,&quot;autoplay_stopper&quot;:false,&quot;noNavigation&quot;:false,&quot;bg_slider&quot;:false,&quot;keep_padding&quot;:false,&quot;hoverpause&quot;:false,&quot;show_slide_delay&quot;:0}\"  itemprop=\"image\" itemscope=\"itemscope\" itemtype=\"https:\/\/schema.org\/ImageObject\" ><ul class='avia-slideshow-inner ' style='padding-bottom: 33.59375%;'><li  class='avia-slideshow-slide av-k0wcised-052563a3c23308dbd9d640e519120c1b__0  av-single-slide slide-1 slide-odd'><div data-rel='slideshow-1' class='avia-slide-wrap '   ><div class='av-slideshow-caption av-k0wcised-052563a3c23308dbd9d640e519120c1b__0 caption_fullwidth caption_center caption_center_framed caption_framed'><div class=\"container caption_container\"><div class=\"slideshow_caption\"><div class=\"slideshow_inner_caption\"><div class=\"slideshow_align_caption\"><h2 class='avia-caption-title '  itemprop=\"name\" >S\u00f8kemotoroptimalisering (SEO)<\/h2><div class='avia-caption-content '  itemprop=\"description\" ><p>Bli funnet p\u00e5 alle spr\u00e5k. Flerspr\u00e5klig SEO (MSEO)<\/p>\n<\/div><\/div><\/div><\/div><\/div><\/div><img decoding=\"async\" fetchpriority=\"high\" class=\"wp-image-104869 avia-img-lazy-loading-not-104869\"  src=\"https:\/\/www.star-ts.com\/wp-content\/uploads\/2019\/09\/seo-1910521_1280-1280x430.jpg\" width=\"1280\" height=\"430\" title='SEO-tjenester' alt='SEO-tjenester'  itemprop=\"thumbnailUrl\"   \/><\/div><\/li><\/ul><\/div><\/div><div id='after_full_slider_1'  class='main_color av_default_container_wrap container_wrap sidebar_right'  ><div class='container av-section-cont-open' ><div class='template-page content  av-content-small alpha units'><div class='post-entry post-entry-type-page post-entry-121164'><div class='entry-content-wrapper clearfix'>\n\n<style type=\"text\/css\" data-created_by=\"avia_inline_auto\" id=\"style-css-av-290gmzu-4487e22ecdf818998fe40bb50a8d573b\">\n.flex_column.av-290gmzu-4487e22ecdf818998fe40bb50a8d573b{\nborder-radius:0px 0px 0px 0px;\npadding:0px 0px 0px 0px;\n}\n<\/style>\n<div  class='flex_column av-290gmzu-4487e22ecdf818998fe40bb50a8d573b av_one_fourth  avia-builder-el-1  el_after_av_slideshow_full  el_before_av_three_fourth  avia-builder-el-first  first flex_column_div av-zero-column-padding  '     ><style type=\"text\/css\" data-created_by=\"avia_inline_auto\" id=\"style-css-av-k0wcj2oc-430af9ccb22c183da73dc03eb6d71a8a\">\n.avia-image-container.av-k0wcj2oc-430af9ccb22c183da73dc03eb6d71a8a img.avia_image{\nbox-shadow:none;\n}\n.avia-image-container.av-k0wcj2oc-430af9ccb22c183da73dc03eb6d71a8a .av-image-caption-overlay-center{\ncolor:#ffffff;\n}\n<\/style>\n<div  class='avia-image-container av-k0wcj2oc-430af9ccb22c183da73dc03eb6d71a8a av-styling- avia-align-center  avia-builder-el-2  avia-builder-el-no-sibling '   itemprop=\"image\" itemscope=\"itemscope\" itemtype=\"https:\/\/schema.org\/ImageObject\" ><div class=\"avia-image-container-inner\"><div class=\"avia-image-overlay-wrap\"><img decoding=\"async\" fetchpriority=\"high\" class='wp-image-104839 avia-img-lazy-loading-not-104839 avia_image ' src=\"https:\/\/www.star-ts.com\/wp-content\/uploads\/2019\/09\/seo-1327870_1280-1210x423.png\" alt='SEO-tjenester' title='SEO-tjenester'  height=\"423\" width=\"1210\"  itemprop=\"thumbnailUrl\"  \/><\/div><\/div><\/div><\/div>\n\n<style type=\"text\/css\" data-created_by=\"avia_inline_auto\" id=\"style-css-av-1l61uzu-61fcd1cc76782345ba70e8f45714727f\">\n.flex_column.av-1l61uzu-61fcd1cc76782345ba70e8f45714727f{\nborder-radius:0px 0px 0px 0px;\npadding:0px 0px 0px 0px;\n}\n<\/style>\n<div  class='flex_column av-1l61uzu-61fcd1cc76782345ba70e8f45714727f av_three_fourth  avia-builder-el-3  el_after_av_one_fourth  el_before_av_one_full  flex_column_div av-zero-column-padding  '     ><section  class='av_textblock_section av-k0wcn1b1-af9de80755ae13db6e013c0b3e8caeea '   itemscope=\"itemscope\" itemtype=\"https:\/\/schema.org\/CreativeWork\" ><div class='avia_textblock'  itemprop=\"text\" ><h1>Internasjonal SEO<\/h1>\n<p>F\u00f8r du starter et SEO-prosjekt, b\u00f8r du gj\u00f8re en SEO-revisjon av ditt n\u00e5v\u00e6rende nettsted. Dette gir deg raskt en status over hvor du er, og hvor du trenger \u00e5 g\u00e5. <\/p>\n<p>Hvis det er noen feil p\u00e5 nettstedet ditt, er det best \u00e5 fikse dem f\u00f8r du starter SEO-prosjektet. Hos STAR kan vi tilby SEO-revisjoner, nettstedrevisjoner og flerspr\u00e5klig SEO for \u00e5 hjelpe deg med \u00e5 \u00f8ke din globale trafikk. Ny innen SEO? L\u00e6r de to viktigste aspektene ved SEO du trenger \u00e5 vite om i v\u00e5r <a href=\"https:\/\/www.star-ts.com\/business\/seo\/worlds-shortest-seo-training-course\/\">korte video om SEO<\/a>.<\/p>\n<\/div><\/section><\/div>\n\n<style type=\"text\/css\" data-created_by=\"avia_inline_auto\" id=\"style-css-av-17aw1ey-2cd62ee41f4b7e42cf8c9a9d58a7182e\">\n.flex_column.av-17aw1ey-2cd62ee41f4b7e42cf8c9a9d58a7182e{\nborder-radius:0px 0px 0px 0px;\npadding:0px 0px 0px 0px;\n}\n<\/style>\n<div  class='flex_column av-17aw1ey-2cd62ee41f4b7e42cf8c9a9d58a7182e av_one_full  avia-builder-el-5  el_after_av_three_fourth  el_before_av_one_full  first flex_column_div av-zero-column-padding  column-top-margin'     ><section  class='av_textblock_section av-k0wcr59r-2b72d98d5fe7cf272ffaf552fa42ccd8 '   itemscope=\"itemscope\" itemtype=\"https:\/\/schema.org\/CreativeWork\" ><div class='avia_textblock'  itemprop=\"text\" ><h2>Flerspr\u00e5klig SEO (SEO)<\/h2>\n<p>Flerspr\u00e5klig SEO har en rekke viktige trinn for \u00e5 lykkes. Det f\u00f8rste er et rent nettsted, etterfulgt av s\u00f8keordunders\u00f8kelser og deretter profesjonelle oversettelsestjenester. <\/p>\n<p>Prosessen blir deretter en kontinuerlig prosess n\u00e5r du overv\u00e5ker nettstedet ditt mot konkurrentene dine. Du m\u00e5 gj\u00f8re endringer fortl\u00f8pende for \u00e5 rangere h\u00f8yt og ligge i forkant i Googles rangeringsspill. <\/p>\n<p>Det er en rekke omr\u00e5der du kan forbedre nettstedet ditt, inkludert hvordan du h\u00e5ndterer Du b\u00f8r lese <a href=\"https:\/\/www.star-ts.com\/business\/seo\/international-seo-and-impact-of-stock-images\/\">bilder som flagg.<\/a><\/p>\n<p><a href=\"https:\/\/www.star-ts.com\/translation-faq\/what-is-multilingual-search-engine-submission\/\">Hva er flerspr\u00e5klig SEO?<\/a><\/p>\n<h3>V\u00e6r synlig med flerspr\u00e5klig s\u00f8kemotoroptimalisering<\/h3>\n<p>Avhengig av hvilket land du retter deg mot, m\u00e5 du sjekke hvilken som er den beste s\u00f8kemotoren \u00e5 registrere deg hos. <a href=\"http:\/\/www.baidu.com\" target=\"_blank\" rel=\"noopener\">Baidu<\/a> er den st\u00f8rste s\u00f8kemotoren i Kina, for eksempel. S\u00e5 du m\u00e5 s\u00f8rge for at du er p\u00e5 denne for \u00e5 v\u00e6re synlig.  <\/p>\n<p>Det finnes hundrevis av s\u00f8kemotorer rundt om i verden; etter at ditt nye nettsted er lansert, m\u00e5 du s\u00f8rge for at spr\u00e5kversjonene dine sendes inn riktig.<\/p>\n<p>V\u00e5rt webteam kan sende inn nettstedet ditt riktig i hvert land for \u00e5 sikre maksimal synlighet. Uansett hvilket m\u00e5lrettet land og s\u00f8kemotorpreferanse du har, enten det er Google, Baidu eller Bing, la oss hjelpe deg med \u00e5 \u00f8ke din flerspr\u00e5klige tilstedev\u00e6relse p\u00e5 nettet. <\/p>\n<h3>Relaterte artikler<\/h3>\n<p><a href=\"https:\/\/www.star-ts.com\/business\/seo\/how-to-develop-an-seo-strategy\/\">Hvordan utvikle en SEO-strategi<\/a><\/p>\n<p><a href=\"https:\/\/www.star-ts.com\/business\/seo\/worlds-shortest-seo-training-course\/\">Verdens korteste SEO-treningskurs<\/a><\/p>\n<p><a href=\"https:\/\/www.star-ts.com\/translation\/is-there-a-limit-to-how-many-301-redirects-you-can-use-seo\/\">Er det en grense for hvor mange 301-omdirigeringer du kan bruke? | SEO <\/a><\/p>\n<p><a href=\"https:\/\/www.star-ts.com\/business\/seo\/international-seo-and-impact-of-stock-images\/\">Internasjonal SEO og virkningen av arkivbilder<\/a><\/p>\n<p><a href=\"https:\/\/www.star-ts.com\/business\/google-to-penalize-seo-experts-for-over-optimization\/\">Google advarer SEO-eksperter for overoptimalisering<\/a><\/p>\n<p><a href=\"https:\/\/www.star-ts.com\/business\/seo\/killer-landing-pages-by-google\/\">Killer landingssider av Google<\/a><\/p>\n<\/div><\/section><\/div>\n\n<style type=\"text\/css\" data-created_by=\"avia_inline_auto\" id=\"style-css-av-t2qyui-1e59587698cb99310f1839fced11ee83\">\n.flex_column.av-t2qyui-1e59587698cb99310f1839fced11ee83{\nborder-radius:0px 0px 0px 0px;\npadding:0px 0px 0px 0px;\n}\n<\/style>\n<div  class='flex_column av-t2qyui-1e59587698cb99310f1839fced11ee83 av_one_full  avia-builder-el-7  el_after_av_one_full  el_before_av_one_full  first flex_column_div av-zero-column-padding  column-top-margin'     ><section  class='av_textblock_section av-k0wcurin-b969aeeef44df7bfd4d41a6a9e8b8b80 '   itemscope=\"itemscope\" itemtype=\"https:\/\/schema.org\/CreativeWork\" ><div class='avia_textblock'  itemprop=\"text\" ><h2>Hvordan rangerer nettstedet ditt?<\/h2>\n<p>Vil du se hvor bra nettstedet ditt gj\u00f8r det? Ta v\u00e5r gratis nettstedrevisjon, s\u00e5 sender vi deg en gratis rapport for \u00e5 komme i gang. <\/p>\n<p>Vi tilbyr m\u00e5nedlige SEO-tjenester til kunder for \u00e5 overv\u00e5ke nettstedet ditt, og sender deg regelmessige forbedringer for \u00e5 hjelpe deg med \u00e5 klatre oppover de viktige Google-rangeringene.<\/p>\n<\/div><\/section><\/div>\n<div  class='flex_column av-1smdxca-7ef54c8c0f2a1990e904664a5da40932 av_one_full  avia-builder-el-9  el_after_av_one_full  avia-builder-el-last  first flex_column_div  column-top-margin'     ><section  class='av_textblock_section av-13f1bey-a31d5cfed7d0ec9c28b0beba5486cbc4 '   itemscope=\"itemscope\" itemtype=\"https:\/\/schema.org\/CreativeWork\" ><div class='avia_textblock'  itemprop=\"text\" ><div  class='avia-button-wrap avia-button-center  avia-builder-el-11  avia-builder-el-no-sibling '>\n<style type=\"text\/css\" data-created_by=\"avia_inline_auto\" id=\"style-css-av-1xmctm-460ba08c682aa337dad667e950562101\">\n#top #wrap_all .avia-button.av-1xmctm-460ba08c682aa337dad667e950562101:hover{\ncolor:white;\ntransition:all 0.4s ease-in-out;\n}\n#top #wrap_all .avia-button.av-1xmctm-460ba08c682aa337dad667e950562101:hover .avia-svg-icon svg:first-child{\nfill:white;\nstroke:white;\n}\n<\/style>\n<a href=\"https:\/\/www.star-ts.com\/no\/kontakt\/\" class=\"avia-color-theme-color avia-font-color-theme-color avia-button avia-button-fullwidth av-1xmctm-460ba08c682aa337dad667e950562101 avia-icon_select-no avia-color-theme-color\" title=\"Contact Us\" aria-label=\"Contact Us\"><span class='avia_iconbox_title' >Kontakt oss<\/span><span class='avia_button_background avia-button avia-button-fullwidth avia-color-theme-color-highlight'><\/span><\/a><\/div>\n<\/div><\/section><\/div>\n","protected":false},"excerpt":{"rendered":"<p>F\u00f8r du starter et SEO-prosjekt, b\u00f8r du gj\u00f8re en revisjon av ditt n\u00e5v\u00e6rende nettsted. Dette gir deg raskt en status over hvor du er, og hvor du trenger \u00e5 g\u00e5. <\/p>\n<p>Hvis det er noen feil p\u00e5 nettstedet ditt, er det best \u00e5 fikse dem f\u00f8r du starter SEO-prosjektet. Hos STAR kan vi tilby SEO-revisjoner, nettstedrevisjoner og flerspr\u00e5klig SEO for \u00e5 hjelpe deg med \u00e5 \u00f8ke din globale trafikk. <\/p>\n","protected":false},"author":1,"featured_media":104869,"parent":0,"menu_order":0,"comment_status":"closed","ping_status":"closed","template":"","meta":{"footnotes":""},"class_list":["post-121164","page","type-page","status-publish","has-post-thumbnail","hentry"],"_links":{"self":[{"href":"https:\/\/www.star-ts.com\/no\/wp-json\/wp\/v2\/pages\/121164","targetHints":{"allow":["GET"]}}],"collection":[{"href":"https:\/\/www.star-ts.com\/no\/wp-json\/wp\/v2\/pages"}],"about":[{"href":"https:\/\/www.star-ts.com\/no\/wp-json\/wp\/v2\/types\/page"}],"author":[{"embeddable":true,"href":"https:\/\/www.star-ts.com\/no\/wp-json\/wp\/v2\/users\/1"}],"replies":[{"embeddable":true,"href":"https:\/\/www.star-ts.com\/no\/wp-json\/wp\/v2\/comments?post=121164"}],"version-history":[{"count":0,"href":"https:\/\/www.star-ts.com\/no\/wp-json\/wp\/v2\/pages\/121164\/revisions"}],"wp:featuredmedia":[{"embeddable":true,"href":"https:\/\/www.star-ts.com\/no\/wp-json\/wp\/v2\/media\/104869"}],"wp:attachment":[{"href":"https:\/\/www.star-ts.com\/no\/wp-json\/wp\/v2\/media?parent=121164"}],"curies":[{"name":"wp","href":"https:\/\/api.w.org\/{rel}","templated":true}]}}