{"id":121152,"date":"2026-01-05T12:31:46","date_gmt":"2026-01-05T12:31:46","guid":{"rendered":"https:\/\/www.star-ts.com\/why-star\/"},"modified":"2026-01-05T12:32:47","modified_gmt":"2026-01-05T12:32:47","slug":"why-star","status":"publish","type":"page","link":"https:\/\/www.star-ts.com\/no\/why-star\/","title":{"rendered":"Hvorfor velge STAR?"},"content":{"rendered":"<div id='full_slider_1'  class='avia-fullwidth-slider main_color avia-shadow av-small-hide av-mini-hide  avia-builder-el-0  el_before_av_one_full  avia-builder-el-first   container_wrap sidebar_right'  ><div  class='avia-slideshow av-klcao0se-fac136216d0ea1526c04dc90703d8579 avia-slideshow-featured av_slideshow_full avia-slide-slider av-small-hide av-mini-hide av-slideshow-ui av-control-default av-slideshow-manual av-loop-once av-loop-manual-endless av-default-height-applied   avia-slideshow-1' data-slideshow-options=\"{&quot;animation&quot;:&quot;slide&quot;,&quot;autoplay&quot;:false,&quot;loop_autoplay&quot;:&quot;once&quot;,&quot;interval&quot;:5,&quot;loop_manual&quot;:&quot;manual-endless&quot;,&quot;autoplay_stopper&quot;:false,&quot;noNavigation&quot;:false,&quot;bg_slider&quot;:false,&quot;keep_padding&quot;:false,&quot;hoverpause&quot;:false,&quot;show_slide_delay&quot;:0}\"  itemprop=\"image\" itemscope=\"itemscope\" itemtype=\"https:\/\/schema.org\/ImageObject\" ><ul class='avia-slideshow-inner ' style='padding-bottom: 28.666666666667%;'><li  class='avia-slideshow-slide av-klcao0se-fac136216d0ea1526c04dc90703d8579__0  av-single-slide slide-1 slide-odd'><div data-rel='slideshow-1' class='avia-slide-wrap '   ><img decoding=\"async\" fetchpriority=\"high\" class=\"wp-image-71931 avia-img-lazy-loading-not-71931\"  src=\"https:\/\/www.star-ts.com\/wp-content\/uploads\/2018\/04\/people-photos-1500x430.jpg\" width=\"1500\" height=\"430\" title='Alt handler om mennesker.' alt='Mennesker'  itemprop=\"thumbnailUrl\"   \/><\/div><\/li><\/ul><\/div><\/div><div id='after_full_slider_1'  class='main_color av_default_container_wrap container_wrap sidebar_right'  ><div class='container av-section-cont-open' ><div class='template-page content  av-content-small alpha units'><div class='post-entry post-entry-type-page post-entry-121152'><div class='entry-content-wrapper clearfix'>\n\n<style type=\"text\/css\" data-created_by=\"avia_inline_auto\" id=\"style-css-av-3ve02e2-d4cf126e183294843c387446abad501c\">\n.flex_column.av-3ve02e2-d4cf126e183294843c387446abad501c{\nborder-radius:0px 0px 0px 0px;\npadding:0px 0px 0px 0px;\n}\n<\/style>\n<div  class='flex_column av-3ve02e2-d4cf126e183294843c387446abad501c av_one_full  avia-builder-el-1  el_after_av_slideshow_full  el_before_av_one_full  avia-builder-el-first  first flex_column_div av-zero-column-padding  '     ><section  class='av_textblock_section av-fsevq2-0206f48b5518bb3f8458cbc26244d696 '   itemscope=\"itemscope\" itemtype=\"https:\/\/schema.org\/CreativeWork\" ><div class='avia_textblock'  itemprop=\"text\" ><h1>Hvorfor velge STAR Translation?<\/h1>\n<p>Vi samarbeider med selskaper over hele verden og oversetter innholdet deres for \u00e5 hjelpe dem med \u00e5 \u00f8ke det internasjonale salget. Her er hva kundene v\u00e5re sier om oss.<\/p>\n<\/div><\/section><\/div>\n\n<style type=\"text\/css\" data-created_by=\"avia_inline_auto\" id=\"style-css-av-3dayke2-4c423a56193509261098345985f9c15a\">\n.flex_column.av-3dayke2-4c423a56193509261098345985f9c15a{\nborder-radius:0px 0px 0px 0px;\npadding:0px 0px 0px 0px;\n}\n<\/style>\n<div  class='flex_column av-3dayke2-4c423a56193509261098345985f9c15a av_one_full  avia-builder-el-3  el_after_av_one_full  el_before_av_one_full  first flex_column_div av-zero-column-padding  column-top-margin'     ><section  class='av_textblock_section av-3ghe2uy-4a1551541daaf496a1d20848feb579b6 '   itemscope=\"itemscope\" itemtype=\"https:\/\/schema.org\/CreativeWork\" ><div class='avia_textblock'  itemprop=\"text\" ><h2>Komplett leverand\u00f8r<\/h2>\n<p>\u00abKommunikasjonen er enkel med STAR. De tilbyr oversettelse, flerspr\u00e5klig desktop publishing, voice-over, teksting og til og med webdesign under ett tak. De er raske og p\u00e5litelige, en komplett leverand\u00f8r for oss; teknisk dyktige med den relevante sektorekspertisen vi krever p\u00e5 tvers av linjen.\u00bb<\/p>\n<\/div><\/section><\/div>\n\n<style type=\"text\/css\" data-created_by=\"avia_inline_auto\" id=\"style-css-av-2sz8tx6-168ec6f62b238013309eec7e95663be8\">\n.flex_column.av-2sz8tx6-168ec6f62b238013309eec7e95663be8{\nborder-radius:0px 0px 0px 0px;\npadding:0px 0px 0px 0px;\n}\n<\/style>\n<div  class='flex_column av-2sz8tx6-168ec6f62b238013309eec7e95663be8 av_one_full  avia-builder-el-5  el_after_av_one_full  el_before_av_one_full  first flex_column_div av-zero-column-padding  column-top-margin'     ><section  class='av_textblock_section av-2nneyt6-06ce277d1a68b2bd9519078b6129992f '   itemscope=\"itemscope\" itemtype=\"https:\/\/schema.org\/CreativeWork\" ><div class='avia_textblock'  itemprop=\"text\" ><h2>Sertifisert kvalitet<\/h2>\n<p>\u00abSTAR gir oss jevn oversettelseskvalitet og konkurransedyktige priser med verdensomspennende kontorer for \u00e5 im\u00f8tekomme v\u00e5re behov.\u00bb \u00abSTARs evne til langt, dyptg\u00e5ende innhold er flott: de oversatte 1000 sider for oss uten omarbeiding\u00bb. Det er det ISO 9001- og ISO 17100-sertifiseringer betyr for oss.<\/p>\n<\/div><\/section><\/div>\n\n<style type=\"text\/css\" data-created_by=\"avia_inline_auto\" id=\"style-css-av-2k9yjei-ca8470171b913f7bf4a8450d1dc5d62b\">\n.flex_column.av-2k9yjei-ca8470171b913f7bf4a8450d1dc5d62b{\nborder-radius:0px 0px 0px 0px;\npadding:0px 0px 0px 0px;\n}\n<\/style>\n<div  class='flex_column av-2k9yjei-ca8470171b913f7bf4a8450d1dc5d62b av_one_full  avia-builder-el-7  el_after_av_one_full  el_before_av_one_full  first flex_column_div av-zero-column-padding  column-top-margin'     ><section  class='av_textblock_section av-1sj7w4a-fbb2ca74a76f73eb719fc477c638598c '   itemscope=\"itemscope\" itemtype=\"https:\/\/schema.org\/CreativeWork\" ><div class='avia_textblock'  itemprop=\"text\" ><h2>Utmerket prosjektledelse<\/h2>\n<p>\u00abDe tilbyr utmerket prosjektledelse. Prosjektinformasjonen er n\u00f8yaktig og detaljert, og prosjektlederen v\u00e5r er kundefokusert, \u00e6rlig, praktisk og tilgjengelig. De er i den andre enden av telefonen n\u00e5r vi trenger dem.\u00bb<\/p>\n<\/div><\/section><\/div>\n\n<style type=\"text\/css\" data-created_by=\"avia_inline_auto\" id=\"style-css-av-q5anwa-b2f9ddf1094e55f21880189a99002e68\">\n.flex_column.av-q5anwa-b2f9ddf1094e55f21880189a99002e68{\nborder-radius:0px 0px 0px 0px;\npadding:0px 0px 0px 0px;\n}\n<\/style>\n<div  class='flex_column av-q5anwa-b2f9ddf1094e55f21880189a99002e68 av_one_full  avia-builder-el-9  el_after_av_one_full  el_before_av_one_full  first flex_column_div av-zero-column-padding  column-top-margin'     ><section  class='av_textblock_section av-km0lpklc-d5b9cd49b88aa5edb10b90bd13f5ae9b '   itemscope=\"itemscope\" itemtype=\"https:\/\/schema.org\/CreativeWork\" ><div class='avia_textblock'  itemprop=\"text\" ><h2>Kundeanmeldelser<\/h2>\n<p>Les hva kundene v\u00e5re synes om oss p\u00e5 <a href=\"https:\/\/www.star-ts.com\/no\/customer-reviews\/\">Google Review<\/a>.<\/p>\n<\/div><\/section><\/div>\n<div  class='flex_column av-1qkfgai-9d45e6ffbf26484e88de04c9d8477737 av_one_full  avia-builder-el-11  el_after_av_one_full  avia-builder-el-last  first flex_column_div  column-top-margin'     ><section  class='av_textblock_section av-1388jei-d0e115fde34c2d3ccf1e9d36c6c2c7f8 '   itemscope=\"itemscope\" itemtype=\"https:\/\/schema.org\/CreativeWork\" ><div class='avia_textblock'  itemprop=\"text\" ><div  class='avia-button-wrap avia-button-center  avia-builder-el-13  avia-builder-el-no-sibling '>\n<style type=\"text\/css\" data-created_by=\"avia_inline_auto\" id=\"style-css-av-miyvkq-2f7ba6f775203ff910145c5cae7effaa\">\n#top #wrap_all .avia-button.av-miyvkq-2f7ba6f775203ff910145c5cae7effaa:hover{\ncolor:white;\ntransition:all 0.4s ease-in-out;\n}\n#top #wrap_all .avia-button.av-miyvkq-2f7ba6f775203ff910145c5cae7effaa:hover .avia-svg-icon svg:first-child{\nfill:white;\nstroke:white;\n}\n<\/style>\n<a href='https:\/\/www.star-ts.com\/no\/kontakt\/' class='avia-color-theme-color avia-font-color-theme-color avia-button avia-button-fullwidth av-miyvkq-2f7ba6f775203ff910145c5cae7effaa avia-icon_select-no avia-color-theme-color'  title=\"Contact Us\" aria-label=\"Contact Us\"><span class='avia_iconbox_title' >Kontakt oss<\/span><span class='avia_button_background avia-button avia-button-fullwidth avia-color-theme-color-highlight'><\/span><\/a><\/div>\n<\/div><\/section><\/div>\n","protected":false},"excerpt":{"rendered":"<p>Vi samarbeider med selskaper over hele verden og oversetter innholdet deres for \u00e5 hjelpe dem med \u00e5 \u00f8ke det internasjonale salget. Her er hva kundene v\u00e5re sier om oss.<\/p>\n","protected":false},"author":1,"featured_media":71886,"parent":0,"menu_order":7,"comment_status":"closed","ping_status":"closed","template":"","meta":{"footnotes":""},"class_list":["post-121152","page","type-page","status-publish","has-post-thumbnail","hentry"],"_links":{"self":[{"href":"https:\/\/www.star-ts.com\/no\/wp-json\/wp\/v2\/pages\/121152","targetHints":{"allow":["GET"]}}],"collection":[{"href":"https:\/\/www.star-ts.com\/no\/wp-json\/wp\/v2\/pages"}],"about":[{"href":"https:\/\/www.star-ts.com\/no\/wp-json\/wp\/v2\/types\/page"}],"author":[{"embeddable":true,"href":"https:\/\/www.star-ts.com\/no\/wp-json\/wp\/v2\/users\/1"}],"replies":[{"embeddable":true,"href":"https:\/\/www.star-ts.com\/no\/wp-json\/wp\/v2\/comments?post=121152"}],"version-history":[{"count":0,"href":"https:\/\/www.star-ts.com\/no\/wp-json\/wp\/v2\/pages\/121152\/revisions"}],"wp:featuredmedia":[{"embeddable":true,"href":"https:\/\/www.star-ts.com\/no\/wp-json\/wp\/v2\/media\/71886"}],"wp:attachment":[{"href":"https:\/\/www.star-ts.com\/no\/wp-json\/wp\/v2\/media?parent=121152"}],"curies":[{"name":"wp","href":"https:\/\/api.w.org\/{rel}","templated":true}]}}