{"id":121104,"date":"2026-01-05T12:30:54","date_gmt":"2026-01-05T12:30:54","guid":{"rendered":"https:\/\/www.star-ts.com\/about\/"},"modified":"2026-01-16T10:30:59","modified_gmt":"2026-01-16T10:30:59","slug":"about","status":"publish","type":"page","link":"https:\/\/www.star-ts.com\/no\/about\/","title":{"rendered":"Om"},"content":{"rendered":"<div id='full_slider_1'  class='avia-fullwidth-slider main_color avia-shadow av-small-hide av-mini-hide  avia-builder-el-0  el_before_av_one_fifth  avia-builder-el-first   container_wrap sidebar_right'  ><div  class='avia-slideshow av-k1j1h7r4-17fad0c04e97232114a4dbde8c055e8e avia-slideshow-featured av_slideshow_full avia-slide-slider av-small-hide av-mini-hide av-slideshow-ui av-control-default av-slideshow-manual av-loop-once av-loop-manual-endless av-default-height-applied   avia-slideshow-1' data-slideshow-options=\"{&quot;animation&quot;:&quot;slide&quot;,&quot;autoplay&quot;:false,&quot;loop_autoplay&quot;:&quot;once&quot;,&quot;interval&quot;:5,&quot;loop_manual&quot;:&quot;manual-endless&quot;,&quot;autoplay_stopper&quot;:false,&quot;noNavigation&quot;:false,&quot;bg_slider&quot;:false,&quot;keep_padding&quot;:false,&quot;hoverpause&quot;:false,&quot;show_slide_delay&quot;:0}\"  itemprop=\"image\" itemscope=\"itemscope\" itemtype=\"https:\/\/schema.org\/ImageObject\" ><ul class='avia-slideshow-inner ' style='padding-bottom: 28.666666666667%;'><li  class='avia-slideshow-slide av-k1j1h7r4-17fad0c04e97232114a4dbde8c055e8e__0  av-single-slide slide-1 slide-odd'><div data-rel='slideshow-1' class='avia-slide-wrap '   ><div class='av-slideshow-caption av-k1j1h7r4-17fad0c04e97232114a4dbde8c055e8e__0 caption_fullwidth caption_center caption_center_framed caption_framed'><div class=\"container caption_container\"><div class=\"slideshow_caption\"><div class=\"slideshow_inner_caption\"><div class=\"slideshow_align_caption\"><h2 class='avia-caption-title '  itemprop=\"name\" >Fyr opp det globale salget<\/h2><div class='avia-caption-content '  itemprop=\"description\" ><p>Utvid virksomheten din internasjonalt<\/p>\n<\/div><\/div><\/div><\/div><\/div><\/div><img decoding=\"async\" fetchpriority=\"high\" class=\"wp-image-106339 avia-img-lazy-loading-not-106339\"  src=\"https:\/\/www.star-ts.com\/wp-content\/uploads\/2019\/10\/businessman-2682712_1920-1500x430.jpg\" width=\"1500\" height=\"430\" title='forretningsmann-oversettelse-verden' alt='Oversettelse | Oversetter | Verdensomspennende'  itemprop=\"thumbnailUrl\"   \/><\/div><\/li><\/ul><\/div><\/div><div id='after_full_slider_1'  class='main_color av_default_container_wrap container_wrap sidebar_right'  ><div class='container av-section-cont-open' ><div class='template-page content  av-content-small alpha units'><div class='post-entry post-entry-type-page post-entry-121104'><div class='entry-content-wrapper clearfix'>\n<div  class='flex_column av-g7jxfb-6e6ec50eeb5e70e42272fb416bac5cd4 av_one_fifth  avia-builder-el-1  el_after_av_slideshow_full  el_before_av_one_fifth  avia-builder-el-first  first flex_column_div  '     ><p>\n<style type=\"text\/css\" data-created_by=\"avia_inline_auto\" id=\"style-css-av-kwxgdpfw-d648501cdc0c171d2c81c87e80436bb9\">\n.avia-image-container.av-kwxgdpfw-d648501cdc0c171d2c81c87e80436bb9 img.avia_image{\nbox-shadow:none;\n}\n.avia-image-container.av-kwxgdpfw-d648501cdc0c171d2c81c87e80436bb9 .av-image-caption-overlay-center{\ncolor:#ffffff;\n}\n<\/style>\n<div  class='avia-image-container av-kwxgdpfw-d648501cdc0c171d2c81c87e80436bb9 av-styling- avia-align-center  avia-builder-el-2  el_before_av_textblock  avia-builder-el-first '   itemprop=\"image\" itemscope=\"itemscope\" itemtype=\"https:\/\/schema.org\/ImageObject\" ><div class=\"avia-image-container-inner\"><div class=\"avia-image-overlay-wrap\"><img decoding=\"async\" fetchpriority=\"high\" class='wp-image-107824 avia-img-lazy-loading-not-107824 avia_image ' src=\"https:\/\/www.star-ts.com\/wp-content\/uploads\/software-localization-icon.png\" alt='World Icon' title='World Icon'  height=\"59\" width=\"59\"  itemprop=\"thumbnailUrl\" srcset=\"https:\/\/www.star-ts.com\/wp-content\/uploads\/software-localization-icon.png 59w, https:\/\/www.star-ts.com\/wp-content\/uploads\/software-localization-icon-36x36.png 36w\" sizes=\"(max-width: 59px) 100vw, 59px\" \/><\/div><\/div><\/div><br \/>\n<section  class='av_textblock_section av-kwxgd5ps-a747ca99b1bcb708a8278b9e19a052d5 '   itemscope=\"itemscope\" itemtype=\"https:\/\/schema.org\/CreativeWork\" ><div class='avia_textblock'  itemprop=\"text\" ><p style=\"text-align: center;\"><strong><a href=\"https:\/\/www.star-ts.com\/about\/customer-references\/\">Kunderelasjoner<\/a><\/strong><\/p>\n<\/div><\/section><\/p><\/div>\n<div  class='flex_column av-dq21rr-5ae656272341adcd095d03d9dc0c39f5 av_one_fifth  avia-builder-el-4  el_after_av_one_fifth  el_before_av_one_fifth  flex_column_div  '     ><p>\n<style type=\"text\/css\" data-created_by=\"avia_inline_auto\" id=\"style-css-av-bv6n3r-4916d65bdac632fbcb4ca6e23b7a1eea\">\n.avia-image-container.av-bv6n3r-4916d65bdac632fbcb4ca6e23b7a1eea img.avia_image{\nbox-shadow:none;\n}\n.avia-image-container.av-bv6n3r-4916d65bdac632fbcb4ca6e23b7a1eea .av-image-caption-overlay-center{\ncolor:#ffffff;\n}\n<\/style>\n<div  class='avia-image-container av-bv6n3r-4916d65bdac632fbcb4ca6e23b7a1eea av-styling- avia-align-center  avia-builder-el-5  el_before_av_textblock  avia-builder-el-first '   itemprop=\"image\" itemscope=\"itemscope\" itemtype=\"https:\/\/schema.org\/ImageObject\" ><div class=\"avia-image-container-inner\"><div class=\"avia-image-overlay-wrap\"><img decoding=\"async\" fetchpriority=\"high\" class='wp-image-107824 avia-img-lazy-loading-not-107824 avia_image ' src=\"https:\/\/www.star-ts.com\/wp-content\/uploads\/software-localization-icon.png\" alt='World Icon' title='World Icon'  height=\"59\" width=\"59\"  itemprop=\"thumbnailUrl\" srcset=\"https:\/\/www.star-ts.com\/wp-content\/uploads\/software-localization-icon.png 59w, https:\/\/www.star-ts.com\/wp-content\/uploads\/software-localization-icon-36x36.png 36w\" sizes=\"(max-width: 59px) 100vw, 59px\" \/><\/div><\/div><\/div><br \/>\n<section  class='av_textblock_section av-kwxgetif-bf7dd112043e0737bd068b82e9917f8d '   itemscope=\"itemscope\" itemtype=\"https:\/\/schema.org\/CreativeWork\" ><div class='avia_textblock'  itemprop=\"text\" ><p style=\"text-align: center;\"><strong><a href=\"https:\/\/www.star-ts.com\/no\/why-star\/\">Hvorfor STAR?<\/a><\/strong><\/p>\n<\/div><\/section><\/p><\/div>\n<div  class='flex_column av-aopd3b-97b851b1e22c52b7e739a5f4e33e8cb6 av_one_fifth  avia-builder-el-7  el_after_av_one_fifth  el_before_av_one_fifth  flex_column_div  '     ><p>\n<style type=\"text\/css\" data-created_by=\"avia_inline_auto\" id=\"style-css-av-9jmgcn-5560a9d7e997caa6375feecf3c3cf285\">\n.avia-image-container.av-9jmgcn-5560a9d7e997caa6375feecf3c3cf285 img.avia_image{\nbox-shadow:none;\n}\n.avia-image-container.av-9jmgcn-5560a9d7e997caa6375feecf3c3cf285 .av-image-caption-overlay-center{\ncolor:#ffffff;\n}\n<\/style>\n<div  class='avia-image-container av-9jmgcn-5560a9d7e997caa6375feecf3c3cf285 av-styling- avia-align-center  avia-builder-el-8  el_before_av_textblock  avia-builder-el-first '   itemprop=\"image\" itemscope=\"itemscope\" itemtype=\"https:\/\/schema.org\/ImageObject\" ><div class=\"avia-image-container-inner\"><div class=\"avia-image-overlay-wrap\"><img decoding=\"async\" fetchpriority=\"high\" class='wp-image-107824 avia-img-lazy-loading-not-107824 avia_image ' src=\"https:\/\/www.star-ts.com\/wp-content\/uploads\/software-localization-icon.png\" alt='World Icon' title='World Icon'  height=\"59\" width=\"59\"  itemprop=\"thumbnailUrl\" srcset=\"https:\/\/www.star-ts.com\/wp-content\/uploads\/software-localization-icon.png 59w, https:\/\/www.star-ts.com\/wp-content\/uploads\/software-localization-icon-36x36.png 36w\" sizes=\"(max-width: 59px) 100vw, 59px\" \/><\/div><\/div><\/div><br \/>\n<section  class='av_textblock_section av-kwxgfger-8474580a4abc3f25c90c24fef0c2d304 '   itemscope=\"itemscope\" itemtype=\"https:\/\/schema.org\/CreativeWork\" ><div class='avia_textblock'  itemprop=\"text\" ><p style=\"text-align: center;\"><strong><a href=\"https:\/\/www.star-ts.com\/about\/blog\/\">Oversettelsesblogg<\/a><\/strong><\/p>\n<\/div><\/section><\/p><\/div>\n<div  class='flex_column av-7gvhcn-21c39b8ce51f459a56797afcc52264d9 av_one_fifth  avia-builder-el-10  el_after_av_one_fifth  el_before_av_one_fifth  flex_column_div  '     ><p>\n<style type=\"text\/css\" data-created_by=\"avia_inline_auto\" id=\"style-css-av-59hbtz-c4632c0240e7a3650cfa26b4aa15d681\">\n.avia-image-container.av-59hbtz-c4632c0240e7a3650cfa26b4aa15d681 img.avia_image{\nbox-shadow:none;\n}\n.avia-image-container.av-59hbtz-c4632c0240e7a3650cfa26b4aa15d681 .av-image-caption-overlay-center{\ncolor:#ffffff;\n}\n<\/style>\n<div  class='avia-image-container av-59hbtz-c4632c0240e7a3650cfa26b4aa15d681 av-styling- avia-align-center  avia-builder-el-11  el_before_av_textblock  avia-builder-el-first '   itemprop=\"image\" itemscope=\"itemscope\" itemtype=\"https:\/\/schema.org\/ImageObject\" ><div class=\"avia-image-container-inner\"><div class=\"avia-image-overlay-wrap\"><img decoding=\"async\" fetchpriority=\"high\" class='wp-image-107824 avia-img-lazy-loading-not-107824 avia_image ' src=\"https:\/\/www.star-ts.com\/wp-content\/uploads\/software-localization-icon.png\" alt='World Icon' title='World Icon'  height=\"59\" width=\"59\"  itemprop=\"thumbnailUrl\" srcset=\"https:\/\/www.star-ts.com\/wp-content\/uploads\/software-localization-icon.png 59w, https:\/\/www.star-ts.com\/wp-content\/uploads\/software-localization-icon-36x36.png 36w\" sizes=\"(max-width: 59px) 100vw, 59px\" \/><\/div><\/div><\/div><br \/>\n<section  class='av_textblock_section av-kwxgfz18-65154d89f89456e53c6b01af6609dbed '   itemscope=\"itemscope\" itemtype=\"https:\/\/schema.org\/CreativeWork\" ><div class='avia_textblock'  itemprop=\"text\" ><p style=\"text-align: center;\"><strong><a href=\"https:\/\/www.star-ts.com\/about\/jobs\/\">Jobber<\/a><\/strong><\/p>\n<\/div><\/section><\/p><\/div>\n<div  class='flex_column av-3hfauv-8df89ba850ba27673666b6f5a34f4d7a av_one_fifth  avia-builder-el-13  el_after_av_one_fifth  el_before_av_one_full  flex_column_div  '     ><p>\n<style type=\"text\/css\" data-created_by=\"avia_inline_auto\" id=\"style-css-av-9kcjb-676ba0a5837d6e64b8bc180071e7b649\">\n.avia-image-container.av-9kcjb-676ba0a5837d6e64b8bc180071e7b649 img.avia_image{\nbox-shadow:none;\n}\n.avia-image-container.av-9kcjb-676ba0a5837d6e64b8bc180071e7b649 .av-image-caption-overlay-center{\ncolor:#ffffff;\n}\n<\/style>\n<div  class='avia-image-container av-9kcjb-676ba0a5837d6e64b8bc180071e7b649 av-styling- avia-align-center  avia-builder-el-14  el_before_av_textblock  avia-builder-el-first '   itemprop=\"image\" itemscope=\"itemscope\" itemtype=\"https:\/\/schema.org\/ImageObject\" ><div class=\"avia-image-container-inner\"><div class=\"avia-image-overlay-wrap\"><img decoding=\"async\" fetchpriority=\"high\" class='wp-image-107824 avia-img-lazy-loading-not-107824 avia_image ' src=\"https:\/\/www.star-ts.com\/wp-content\/uploads\/software-localization-icon.png\" alt='World Icon' title='World Icon'  height=\"59\" width=\"59\"  itemprop=\"thumbnailUrl\" srcset=\"https:\/\/www.star-ts.com\/wp-content\/uploads\/software-localization-icon.png 59w, https:\/\/www.star-ts.com\/wp-content\/uploads\/software-localization-icon-36x36.png 36w\" sizes=\"(max-width: 59px) 100vw, 59px\" \/><\/div><\/div><\/div><br \/>\n<section  class='av_textblock_section av-kwxggrw6-2a65de680b1b998c2371dadc671a6613 '   itemscope=\"itemscope\" itemtype=\"https:\/\/schema.org\/CreativeWork\" ><div class='avia_textblock'  itemprop=\"text\" ><p style=\"text-align: center;\"><strong><a href=\"https:\/\/www.star-ts.com\/about\/payment\/\">Utf\u00f8r en betaling<\/a><\/strong><\/p>\n<\/div><\/section><\/p><\/div>\n<p>\n<style type=\"text\/css\" data-created_by=\"avia_inline_auto\" id=\"style-css-av-ahgaxz-8c8ce2147b87757624d0a0ab1bd4bb5a\">\n.flex_column.av-ahgaxz-8c8ce2147b87757624d0a0ab1bd4bb5a{\nborder-radius:0px 0px 0px 0px;\npadding:0px 0px 0px 0px;\n}\n<\/style>\n<div  class='flex_column av-ahgaxz-8c8ce2147b87757624d0a0ab1bd4bb5a av_one_full  avia-builder-el-16  el_after_av_one_fifth  el_before_av_one_half  first flex_column_div av-zero-column-padding  column-top-margin'     ><section  class='av_textblock_section av-19qrtiv-910241feb0257e42c4d374023846b3df '   itemscope=\"itemscope\" itemtype=\"https:\/\/schema.org\/CreativeWork\" ><div class='avia_textblock'  itemprop=\"text\" ><h1>Tjenester og markeder<\/h1>\n<p>Med mer enn 50 kontorer i over 30 land, oversetter vi innholdet ditt for \u00e5 hjelpe deg med \u00e5 n\u00e5 nye kunder.<\/p>\n<p>I over fire ti\u00e5r har STAR levert spr\u00e5kinnhold til v\u00e5re kunder i Australia, Canada, Danmark, Finland, Irland, Nederland, New Zealand, Norge, Sverige, Sveits og USA.<\/p>\n<\/div><\/section><br \/>\n\n<style type=\"text\/css\" data-created_by=\"avia_inline_auto\" id=\"style-css-av-m0xn1n85-a839b404183734b5a7b32e4f111d5f27\">\n.avia-video.av-m0xn1n85-a839b404183734b5a7b32e4f111d5f27{\nbackground-image:url(https:\/\/www.star-ts.com\/wp-content\/uploads\/dynamic_avia\/avia_video_thumbnails\/youtube\/PLGqWTR_EhE\/PLGqWTR_EhE-300x169.jpg);\n}\n<\/style>\n<div  class='avia-video av-m0xn1n85-a839b404183734b5a7b32e4f111d5f27 avia-video-16-9 av-small-hide av-mini-hide av-preview-image avia-video-load-always avia-video-html5'  itemprop=\"video\" itemtype=\"https:\/\/schema.org\/VideoObject\"  data-original_url='https:\/\/www.star-ts.com\/wp-content\/uploads\/STAR-Future-Translation.mp4'><video class='avia_video' poster=\"https:\/\/www.star-ts.com\/wp-content\/uploads\/dynamic_avia\/avia_video_thumbnails\/youtube\/PLGqWTR_EhE\/PLGqWTR_EhE-300x169.jpg\" autoplay playsinline  preload=\"auto\" muted controls id='player_121104_1811785336_2125512798'><source src='https:\/\/www.star-ts.com\/wp-content\/uploads\/STAR-Future-Translation.mp4' type='video\/mp4' \/><\/video><\/div><\/p><\/div>\n<style type=\"text\/css\" data-created_by=\"avia_inline_auto\" id=\"style-css-av-17f827b-d880bef81056a72227febc38001653d8\">\n.flex_column.av-17f827b-d880bef81056a72227febc38001653d8{\nborder-radius:0px 0px 0px 0px;\npadding:0px 0px 0px 0px;\n}\n<\/style>\n<div  class='flex_column av-17f827b-d880bef81056a72227febc38001653d8 av_one_half  avia-builder-el-19  el_after_av_one_full  el_before_av_one_half  first flex_column_div av-zero-column-padding  column-top-margin'     ><section  class='av_textblock_section av-16dfw5j-90c7e7ef725fe6aa8d99d2a8ce123a52 '   itemscope=\"itemscope\" itemtype=\"https:\/\/schema.org\/CreativeWork\" ><div class='avia_textblock'  itemprop=\"text\" ><h3>Tjenester og systemer<\/h3>\n<p><strong>Dokumenter og nettsteder<br \/>\n<\/strong><\/p>\n<ul>\n<li>Profesjonell oversettelse for dokumenter og nettsteder p\u00e5 over 200 spr\u00e5k. Vi jobber med myndigheter og kommersielle virksomheter. <\/li>\n<\/ul>\n<p><strong>Salg og markedsf\u00f8ring <\/strong><\/p>\n<ul>\n<li>Oversett dine brosjyrer, annonser og nettsteder for \u00e5 n\u00e5 flere internasjonale kunder.<\/li>\n<\/ul>\n<p><strong>Teknisk dokumentasjon <\/strong><\/p>\n<ul>\n<li>Vi oversetter manualer, tekniske datablad og dokumenter for \u00e5 hjelpe kundene med \u00e5 f\u00e5 mest mulig ut av produktene dine.<\/li>\n<\/ul>\n<p><strong>Programvaresystemer <\/strong><\/p>\n<ul>\n<li>Ved \u00e5 jobbe med forskjellige innholdsstyringssystemer, programvareutviklings- og lokaliseringsteam, kan vi bringe systemet ditt til live over hele verden.<\/li>\n<\/ul>\n<p><strong>Flerfaglig Desktop Publishing <\/strong><\/p>\n<ul>\n<li>Vi kan hjelpe deg med \u00e5 levere dine tekniske dokumenter og layout p\u00e5 alle spr\u00e5k. Vi jobber med verdens ledende systemer, inkludert Adobe Creative Cloud, QuarkXpress, FrameMaker og mange flere. <\/li>\n<\/ul>\n<\/div><\/section><\/div><\/p>\n\n<style type=\"text\/css\" data-created_by=\"avia_inline_auto\" id=\"style-css-av-14k82jr-10d24a8d539c4526ea1dcbf93cf39c51\">\n.flex_column.av-14k82jr-10d24a8d539c4526ea1dcbf93cf39c51{\nborder-radius:0px 0px 0px 0px;\npadding:0px 0px 0px 0px;\n}\n<\/style>\n<div  class='flex_column av-14k82jr-10d24a8d539c4526ea1dcbf93cf39c51 av_one_half  avia-builder-el-21  el_after_av_one_half  el_before_av_one_full  flex_column_div av-zero-column-padding  column-top-margin'     ><section  class='av_textblock_section av-13e0v6v-b17e867d1a0dd1dc104186208d969720 '   itemscope=\"itemscope\" itemtype=\"https:\/\/schema.org\/CreativeWork\" ><div class='avia_textblock'  itemprop=\"text\" ><h3>Hvorfor STAR?<\/h3>\n<p><strong>One-Stop Shop <\/strong><\/p>\n<ul>\n<li>Kommunikasjonen er enkel med STAR. Vi er raske og p\u00e5litelige, teknisk dyktige, med den relevante sektorekspertisen du trenger. <\/li>\n<\/ul>\n<p><strong>Sertifisert kvalitet <\/strong><\/p>\n<ul>\n<li>Vi leverer jevn oversettelseskvalitet og konkurransedyktige priser. Vi bruker morsm\u00e5lsoversettere for h\u00f8yest mulig oversettelseskvalitet. <\/li>\n<\/ul>\n<p><strong>Utmerket prosjektledelse <\/strong><\/p>\n<ul>\n<li>Du f\u00e5r en dedikert prosjektleder; som er kundefokusert, \u00e6rlig og tilgjengelig n\u00e5r du trenger dem. S\u00e5 du vil alltid v\u00e6re p\u00e5 rett spor. <\/li>\n<\/ul>\n<\/div><\/section><\/div>\n\n<style type=\"text\/css\" data-created_by=\"avia_inline_auto\" id=\"style-css-av-11szr5j-c8aaf4f42e6a2a60217fc689ee3ac23b\">\n.flex_column.av-11szr5j-c8aaf4f42e6a2a60217fc689ee3ac23b{\nborder-radius:0px 0px 0px 0px;\npadding:0px 0px 0px 0px;\n}\n<\/style>\n<div  class='flex_column av-11szr5j-c8aaf4f42e6a2a60217fc689ee3ac23b av_one_full  avia-builder-el-23  el_after_av_one_half  el_before_av_one_full  first flex_column_div av-zero-column-padding  column-top-margin'     ><section  class='av_textblock_section av-cug2v-bd6352501c20ef8ea669b5bfd921d3fe '   itemscope=\"itemscope\" itemtype=\"https:\/\/schema.org\/CreativeWork\" ><div class='avia_textblock'  itemprop=\"text\" ><h3>V\u00e5re kunder<\/h3>\n<p>Vi jobber med kunder innen digital markedsf\u00f8ring, ag-tech, teknisk ingeni\u00f8rfag, maskiner og programvarepublisering. Kunder inkluderer <strong>BMW<\/strong>, <strong>CRH<\/strong>, <strong>Hilti<\/strong>, <strong>APC<\/strong>, <strong>Schneider Electric<\/strong>, <strong>Cummins<\/strong>, <strong>FG Wilson<\/strong>, <strong>IDA Ireland<\/strong>, <strong>International Dairy Queen<\/strong>, <strong>Kingspan<\/strong>, <strong>Tomra<\/strong>, <strong>TRW<\/strong> og mange flere.<\/p>\n<\/div><\/section><\/div>\n\n<style type=\"text\/css\" data-created_by=\"avia_inline_auto\" id=\"style-css-av-xaamo7-d0464085e2cb199c3d8132d9bed4146b\">\n.flex_column.av-xaamo7-d0464085e2cb199c3d8132d9bed4146b{\nborder-radius:0px 0px 0px 0px;\npadding:0px 0px 0px 0px;\n}\n<\/style>\n<div  class='flex_column av-xaamo7-d0464085e2cb199c3d8132d9bed4146b av_one_full  avia-builder-el-25  el_after_av_one_full  el_before_av_one_full  first flex_column_div av-zero-column-padding  column-top-margin'     ><section  class='av_textblock_section av-kke622ts-7e15d354c96490f5cf76a88605e081d1 '   itemscope=\"itemscope\" itemtype=\"https:\/\/schema.org\/CreativeWork\" ><div class='avia_textblock'  itemprop=\"text\" ><h3>Oversettelsestjenester<\/h3>\n<p>Vi spesialiserer oss p\u00e5 teknisk oversettelse og hjelper kundene v\u00e5re med \u00e5 levere str\u00e5lende tekniske publikasjoner over hele verden.<\/p>\n<p>Oversettelsestjenester for:<\/p>\n<ul>\n<li>WordPress, DNN Evoq, Joomla, Adobe AEM osv.<\/li>\n<li>Adobe InDesign og FrameMaker; Microsoft Word, Excel og PowerPoint; QuarkXpress<\/li>\n<li>XML; XLIFF; ASP; HTML og mye mer<\/li>\n<\/ul>\n<\/div><\/section><br \/>\n<section  class='av_textblock_section av-ky8ydld7-8e779c11c128747cd35e54381f406fd8 '   itemscope=\"itemscope\" itemtype=\"https:\/\/schema.org\/CreativeWork\" ><div class='avia_textblock'  itemprop=\"text\" ><h3>Handelsnavn<\/h3>\n<p>Selskapet handler under f\u00f8lgende navn.<\/p>\n<p>Den offisielle selskapsregistreringen er under <strong><a href=\"https:\/\/www.star-ts.com\/no\/about\/key-performance-solutions-limited\/\">Key Performance Solutions Limited<\/a><\/strong>.<\/p>\n<p>Vi handler under handelsnavnene <strong>STAR Translation Services<\/strong> og <strong>STAR Technology Solution<\/strong>s.<\/p>\n<\/div><\/section><\/p><\/div>\n<div  class='flex_column av-29cxz-dd98d4a63592beefb9f457a198be344c av_one_full  avia-builder-el-28  el_after_av_one_full  avia-builder-el-last  first flex_column_div  column-top-margin'     ><section  class='av_textblock_section av-43ohg7-dbfff5385f47723fe978891c8db1db1a '   itemscope=\"itemscope\" itemtype=\"https:\/\/schema.org\/CreativeWork\" ><div class='avia_textblock'  itemprop=\"text\" ><div  class='avia-button-wrap avia-button-center  avia-builder-el-30  avia-builder-el-no-sibling '>\n<style type=\"text\/css\" data-created_by=\"avia_inline_auto\" id=\"style-css-av-29tasn-d7a20c6d7318aabb208f4cbd524dd36c\">\n#top #wrap_all .avia-button.av-29tasn-d7a20c6d7318aabb208f4cbd524dd36c:hover{\ncolor:white;\ntransition:all 0.4s ease-in-out;\n}\n#top #wrap_all .avia-button.av-29tasn-d7a20c6d7318aabb208f4cbd524dd36c:hover .avia-svg-icon svg:first-child{\nfill:white;\nstroke:white;\n}\n<\/style>\n<a href='https:\/\/www.star-ts.com\/no\/kontakt\/' class='avia-color-theme-color avia-font-color-theme-color avia-button avia-button-fullwidth av-29tasn-d7a20c6d7318aabb208f4cbd524dd36c avia-icon_select-no avia-color-theme-color'  title=\"Contact Us\" aria-label=\"Contact Us\"><span class='avia_iconbox_title' >Kontakt oss<\/span><span class='avia_button_background avia-button avia-button-fullwidth avia-color-theme-color-highlight'><\/span><\/a><\/div>\n<\/div><\/section><\/div>\n","protected":false},"excerpt":{"rendered":"<p>Om STAR: Vi oversetter dokumenter, nettsteder og brosjyrer til over 200 spr\u00e5k \u2013 Fyr opp det globale salget i dag.<\/p>\n","protected":false},"author":1,"featured_media":106339,"parent":0,"menu_order":5,"comment_status":"closed","ping_status":"closed","template":"","meta":{"footnotes":""},"class_list":["post-121104","page","type-page","status-publish","has-post-thumbnail","hentry"],"_links":{"self":[{"href":"https:\/\/www.star-ts.com\/no\/wp-json\/wp\/v2\/pages\/121104","targetHints":{"allow":["GET"]}}],"collection":[{"href":"https:\/\/www.star-ts.com\/no\/wp-json\/wp\/v2\/pages"}],"about":[{"href":"https:\/\/www.star-ts.com\/no\/wp-json\/wp\/v2\/types\/page"}],"author":[{"embeddable":true,"href":"https:\/\/www.star-ts.com\/no\/wp-json\/wp\/v2\/users\/1"}],"replies":[{"embeddable":true,"href":"https:\/\/www.star-ts.com\/no\/wp-json\/wp\/v2\/comments?post=121104"}],"version-history":[{"count":0,"href":"https:\/\/www.star-ts.com\/no\/wp-json\/wp\/v2\/pages\/121104\/revisions"}],"wp:featuredmedia":[{"embeddable":true,"href":"https:\/\/www.star-ts.com\/no\/wp-json\/wp\/v2\/media\/106339"}],"wp:attachment":[{"href":"https:\/\/www.star-ts.com\/no\/wp-json\/wp\/v2\/media?parent=121104"}],"curies":[{"name":"wp","href":"https:\/\/api.w.org\/{rel}","templated":true}]}}