{"id":121023,"date":"2026-01-05T12:25:52","date_gmt":"2026-01-05T12:25:52","guid":{"rendered":"https:\/\/www.star-ts.com\/portuguese-translation\/"},"modified":"2026-01-05T12:36:04","modified_gmt":"2026-01-05T12:36:04","slug":"portuguese-translation","status":"publish","type":"page","link":"https:\/\/www.star-ts.com\/no\/portuguese-translation\/","title":{"rendered":"Portugisiske oversettelsestjenester"},"content":{"rendered":"<div id='full_slider_1'  class='avia-fullwidth-slider main_color avia-shadow av-small-hide av-mini-hide  avia-builder-el-0  el_before_av_one_full  avia-builder-el-first   container_wrap sidebar_right'  ><div  class='avia-slideshow av-k1bz0k8y-d6a10d0fcf52edb7497ca81573baf273 avia-slideshow-featured av_slideshow_full avia-slide-slider av-small-hide av-mini-hide av-slideshow-ui av-control-default av-slideshow-manual av-loop-once av-loop-manual-endless av-default-height-applied   avia-slideshow-1' data-slideshow-options=\"{&quot;animation&quot;:&quot;slide&quot;,&quot;autoplay&quot;:false,&quot;loop_autoplay&quot;:&quot;once&quot;,&quot;interval&quot;:5,&quot;loop_manual&quot;:&quot;manual-endless&quot;,&quot;autoplay_stopper&quot;:false,&quot;noNavigation&quot;:false,&quot;bg_slider&quot;:false,&quot;keep_padding&quot;:false,&quot;hoverpause&quot;:false,&quot;show_slide_delay&quot;:0}\"  itemprop=\"image\" itemscope=\"itemscope\" itemtype=\"https:\/\/schema.org\/ImageObject\" ><ul class='avia-slideshow-inner ' style='padding-bottom: 28.666666666667%;'><li  class='avia-slideshow-slide av-k1bz0k8y-d6a10d0fcf52edb7497ca81573baf273__0  av-single-slide slide-1 slide-odd'><div data-rel='slideshow-1' class='avia-slide-wrap '   ><div class='av-slideshow-caption av-k1bz0k8y-d6a10d0fcf52edb7497ca81573baf273__0 caption_fullwidth caption_center caption_center_framed caption_framed'><div class=\"container caption_container\"><div class=\"slideshow_caption\"><div class=\"slideshow_inner_caption\"><div class=\"slideshow_align_caption\"><h2 class='avia-caption-title '  itemprop=\"name\" >Portugisisk oversettelse<\/h2><div class='avia-caption-content '  itemprop=\"description\" ><p>Engelsk til portugisiske oversettelsestjenester<\/p>\n<\/div><\/div><\/div><\/div><\/div><\/div><img decoding=\"async\" fetchpriority=\"high\" class=\"wp-image-105349 avia-img-lazy-loading-not-105349\"  src=\"https:\/\/www.star-ts.com\/wp-content\/uploads\/2019\/10\/lisbon-4379656_1920-1500x430.jpg\" width=\"1500\" height=\"430\" title='lisbon-4379656_1920' alt=''  itemprop=\"thumbnailUrl\"   \/><\/div><\/li><\/ul><\/div><\/div><div id='after_full_slider_1'  class='main_color av_default_container_wrap container_wrap sidebar_right'  ><div class='container av-section-cont-open' ><div class='template-page content  av-content-small alpha units'><div class='post-entry post-entry-type-page post-entry-121023'><div class='entry-content-wrapper clearfix'>\n\n<style type=\"text\/css\" data-created_by=\"avia_inline_auto\" id=\"style-css-av-wtlix-ca1b1ebab2de92ccaa8bbc7d1625a2f3\">\n.flex_column.av-wtlix-ca1b1ebab2de92ccaa8bbc7d1625a2f3{\nborder-radius:0px 0px 0px 0px;\npadding:0px 0px 0px 0px;\n}\n<\/style>\n<div  class='flex_column av-wtlix-ca1b1ebab2de92ccaa8bbc7d1625a2f3 av_one_full  avia-builder-el-1  el_after_av_slideshow_full  el_before_av_one_third  avia-builder-el-first  first flex_column_div av-zero-column-padding  '     ><section  class='av_textblock_section av-3r4q49-360bed6de8da72e6cc229de8efeda86c '   itemscope=\"itemscope\" itemtype=\"https:\/\/schema.org\/CreativeWork\" ><div class='avia_textblock'  itemprop=\"text\" ><h1>Portugisiske oversettelsestjenester<\/h1>\n<p>Profesjonell kvalitet engelsk til portugisiske oversettelsestjenester for Brasil og Portugal.<\/p>\n<p>Oversettelsestjenester for nettsteder og dokumenter<\/p>\n<\/div><\/section><\/div>\n<div  class='flex_column av-u2knx5-d5e04fb0e4de8d9d257ed1b15c4788e2 av_one_third  avia-builder-el-3  el_after_av_one_full  el_before_av_two_third  first flex_column_div  column-top-margin'     ><style type=\"text\/css\" data-created_by=\"avia_inline_auto\" id=\"style-css-av-kyn7fphz-efd3f892ff589a2f2d6162819788432c\">\n.avia-image-container.av-kyn7fphz-efd3f892ff589a2f2d6162819788432c img.avia_image{\nbox-shadow:none;\n}\n.avia-image-container.av-kyn7fphz-efd3f892ff589a2f2d6162819788432c .av-image-caption-overlay-center{\ncolor:#ffffff;\n}\n<\/style>\n<div  class='avia-image-container av-kyn7fphz-efd3f892ff589a2f2d6162819788432c av-styling- avia-align-center  avia-builder-el-4  avia-builder-el-no-sibling '   itemprop=\"image\" itemscope=\"itemscope\" itemtype=\"https:\/\/schema.org\/ImageObject\" ><div class=\"avia-image-container-inner\"><div class=\"avia-image-overlay-wrap\"><img decoding=\"async\" fetchpriority=\"high\" class='wp-image-66462 avia-img-lazy-loading-not-66462 avia_image ' src=\"https:\/\/www.star-ts.com\/wp-content\/uploads\/2014\/07\/portugal.jpg\" alt='Portugal' title='Portugal'  height=\"300\" width=\"400\"  itemprop=\"thumbnailUrl\" srcset=\"https:\/\/www.star-ts.com\/wp-content\/uploads\/2014\/07\/portugal.jpg 400w, https:\/\/www.star-ts.com\/wp-content\/uploads\/2014\/07\/portugal-80x60.jpg 80w, https:\/\/www.star-ts.com\/wp-content\/uploads\/2014\/07\/portugal-300x225.jpg 300w\" sizes=\"(max-width: 400px) 100vw, 400px\" \/><\/div><\/div><\/div><\/div>\n<div  class='flex_column av-oacit5-023256199d356008d6380f8a5068e3d6 av_two_third  avia-builder-el-5  el_after_av_one_third  el_before_av_one_full  flex_column_div  column-top-margin'     ><section  class='av_textblock_section av-lz09jt-21ed3c532b5ea359e07eeb3625115422 '   itemscope=\"itemscope\" itemtype=\"https:\/\/schema.org\/CreativeWork\" ><div class='avia_textblock'  itemprop=\"text\" ><h3>Portugisisktalende verden<\/h3>\n<p>Tilbyr engelsk til europeisk portugisisk oversettelse og engelsk til brasiliansk portugisisk oversettelse. Vi er <a href=\"https:\/\/www.star-ts.com\/translation-faq\/what-is-iso-9001-certification\/\">ISO 9001<\/a> og <a href=\"https:\/\/www.star-ts.com\/translation-faq\/what-is-iso17100-certification\/\">ISO 17100<\/a> kvalitetssertifisert. <\/p>\n<h3>Europeiske og brasilianske portugisiske oversettelsestjenester<\/h3>\n<p>Hvis du trenger en portugisisk oversetter, kan vi hjelpe. Alle v\u00e5re oversettere er morsm\u00e5lsbrukere som bor i landet. Ved \u00e5 ansette portugisiske morsm\u00e5lsbrukere med spesialisert oversettelsesekspertise kan vi levere en komplett l\u00f8sning for alle dine flerspr\u00e5klige behov.  <\/p>\n<p>Vi gj\u00f8r de mest komplekse portugisiske oversettelsesjobbene enklere for deg. Les v\u00e5r <a href=\"https:\/\/www.star-ts.com\/about\/terms-and-conditions\/quality-process\/\">kvalitetsprosess<\/a><\/p>\n<\/div><\/section><\/div>\n<p><div  class='flex_column av-hod4vt-4eae53b696f90c202b84a43805fdd1dc av_one_full  avia-builder-el-7  el_after_av_two_third  el_before_av_one_full  first flex_column_div  column-top-margin'     ><section  class='av_textblock_section av-gdp6hl-5311c7a381b9d6b4d779508796dd854b '   itemscope=\"itemscope\" itemtype=\"https:\/\/schema.org\/CreativeWork\" ><div class='avia_textblock'  itemprop=\"text\" ><h3>Portugisisk desktop publishing<\/h3>\n<h4>Filformater<\/h4>\n<p>STAR kan levere portugisisk oversettelse i nesten alle filformater. V\u00e5re team er eksperter p\u00e5 QuarkXPress, Adobe InDesign og FrameMaker, <abbr title=\"Hypertext Markup Language\">HTML<\/abbr>, <abbr title=\"Extensible Markup Language\">XML<\/abbr>, AutoCAD <abbr title=\"Drawing Exchange Format\">DXF<\/abbr>, Microsoft PowerPoint, Excel, Word<abbr>, og mer<\/abbr>. <\/p>\n<h4>Bil- og teknisk ekspertise<\/h4>\n<p>STAR har jobbet med kunder som BMW, DaimlerChrysler, Mowag og Tag Heuer i over 20 \u00e5r, og har omfattende erfaring innen bil- og teknisk ingeni\u00f8rsektor. V\u00e5re oversettelsesteams ekspertise leverer de beste tekniske oversettelsene for dine prosjekter. Dette er en n\u00f8kkelfaktor for \u00e5 levere kvalitetstjenester til dine kunder.  <\/p>\n<p>Les mer om v\u00e5r tekniske oversettelse for <a href=\"https:\/\/www.star-ts.com\/translation-services\/automotive-industry\/\">bilindustrien<\/a> og <a href=\"https:\/\/www.star-ts.com\/no\/oversettelser-innen-bygg-og-anlegg\/\">ingeni\u00f8rsektoren<\/a>.<\/p>\n<\/div><\/section><\/div>\n<style type=\"text\/css\" data-created_by=\"avia_inline_auto\" id=\"style-css-av-kysw95-020b9a72006617c88478bf2fea5f6251\">\n.flex_column.av-kysw95-020b9a72006617c88478bf2fea5f6251{\nborder-radius:0px 0px 0px 0px;\npadding:0px 0px 0px 0px;\n}\n<\/style>\n<div  class='flex_column av-kysw95-020b9a72006617c88478bf2fea5f6251 av_one_full  avia-builder-el-9  el_after_av_one_full  el_before_av_one_full  first flex_column_div av-zero-column-padding  column-top-margin'     ><section  class='av_textblock_section av-jjbbux-29064c49f31dc292ab3f62360d22c284 '   itemscope=\"itemscope\" itemtype=\"https:\/\/schema.org\/CreativeWork\" ><div class='avia_textblock'  itemprop=\"text\" ><h3 style=\"text-align: center;\"><strong>Oversettelsestjenester<\/strong><\/h3>\n<p style=\"text-align: center;\"><a href=\"https:\/\/www.star-ts.com\/translation-services\/documents\/health-and-safety\/\">Helse- og sikkerhetsh\u00e5ndb\u00f8ker<\/a><\/p>\n<p style=\"text-align: center;\"><a href=\"https:\/\/www.star-ts.com\/translation-services\/documents\/employee-handbooks\/\">Ansatth\u00e5ndb\u00f8ker<\/a><\/p>\n<p style=\"text-align: center;\"><a href=\"https:\/\/www.star-ts.com\/translation-services\/automotive-industry\/\">Bildokumenter<\/a><\/p>\n<p style=\"text-align: center;\"><a href=\"https:\/\/www.star-ts.com\/no\/documents\/\">Tekniske publikasjoner og manualer<\/a><\/p>\n<p style=\"text-align: center;\"><a href=\"https:\/\/www.star-ts.com\/translation-services\/government-translation-services\/\">Dokumenter for offentlig sektor<\/a><\/p>\n<p style=\"text-align: center;\"><a href=\"https:\/\/www.star-ts.com\/marketing-services\/marketing-campaigns\/e-commerce\/\">E-handelsnettsteder<\/a><\/p>\n<\/div><\/section><\/div><\/p>\n<div  class='flex_column av-jmf1l-428b9533dc0e2e8e7c9d8810176c0342 av_one_full  avia-builder-el-11  el_after_av_one_full  avia-builder-el-last  first flex_column_div  column-top-margin'     ><section  class='av_textblock_section av-htosp-b5d3e9d832907d3ed5e88101924b3810 '   itemscope=\"itemscope\" itemtype=\"https:\/\/schema.org\/CreativeWork\" ><div class='avia_textblock'  itemprop=\"text\" ><div  class='avia-button-wrap avia-button-center  avia-builder-el-13  avia-builder-el-no-sibling '>\n<style type=\"text\/css\" data-created_by=\"avia_inline_auto\" id=\"style-css-av-355m6h-5d7b37b833d08b8f730773db5541044d\">\n#top #wrap_all .avia-button.av-355m6h-5d7b37b833d08b8f730773db5541044d:hover{\ncolor:white;\ntransition:all 0.4s ease-in-out;\n}\n#top #wrap_all .avia-button.av-355m6h-5d7b37b833d08b8f730773db5541044d:hover .avia-svg-icon svg:first-child{\nfill:white;\nstroke:white;\n}\n<\/style>\n<a href='https:\/\/www.star-ts.com\/no\/kontakt\/' class='avia-color-theme-color avia-font-color-theme-color avia-button avia-button-fullwidth av-355m6h-5d7b37b833d08b8f730773db5541044d avia-icon_select-no avia-color-theme-color'  title=\"Contact Us\" aria-label=\"Contact Us\"><span class='avia_iconbox_title' >Kontakt oss<\/span><span class='avia_button_background avia-button avia-button-fullwidth avia-color-theme-color-highlight'><\/span><\/a><\/div>\n<\/div><\/section><\/div>\n","protected":false},"excerpt":{"rendered":"<p>Hvis du trenger en portugisisk oversetter, kan vi hjelpe. Alle v\u00e5re oversettere er morsm\u00e5lsbrukere som bor i landet. Ved \u00e5 ansette portugisiske morsm\u00e5lsbrukere med spesialisert oversettelsesekspertise kan vi levere en komplett l\u00f8sning for alle dine flerspr\u00e5klige behov.  <\/p>\n","protected":false},"author":1,"featured_media":66462,"parent":0,"menu_order":21,"comment_status":"closed","ping_status":"closed","template":"","meta":{"footnotes":""},"class_list":["post-121023","page","type-page","status-publish","has-post-thumbnail","hentry"],"_links":{"self":[{"href":"https:\/\/www.star-ts.com\/no\/wp-json\/wp\/v2\/pages\/121023","targetHints":{"allow":["GET"]}}],"collection":[{"href":"https:\/\/www.star-ts.com\/no\/wp-json\/wp\/v2\/pages"}],"about":[{"href":"https:\/\/www.star-ts.com\/no\/wp-json\/wp\/v2\/types\/page"}],"author":[{"embeddable":true,"href":"https:\/\/www.star-ts.com\/no\/wp-json\/wp\/v2\/users\/1"}],"replies":[{"embeddable":true,"href":"https:\/\/www.star-ts.com\/no\/wp-json\/wp\/v2\/comments?post=121023"}],"version-history":[{"count":0,"href":"https:\/\/www.star-ts.com\/no\/wp-json\/wp\/v2\/pages\/121023\/revisions"}],"wp:featuredmedia":[{"embeddable":true,"href":"https:\/\/www.star-ts.com\/no\/wp-json\/wp\/v2\/media\/66462"}],"wp:attachment":[{"href":"https:\/\/www.star-ts.com\/no\/wp-json\/wp\/v2\/media?parent=121023"}],"curies":[{"name":"wp","href":"https:\/\/api.w.org\/{rel}","templated":true}]}}