{"id":119815,"date":"2025-11-07T10:30:42","date_gmt":"2025-11-07T10:30:42","guid":{"rendered":"https:\/\/www.star-ts.com\/software\/"},"modified":"2025-11-07T10:31:10","modified_gmt":"2025-11-07T10:31:10","slug":"software","status":"publish","type":"page","link":"https:\/\/www.star-ts.com\/nl\/software\/","title":{"rendered":"Vertaaltools en softwaresystemen"},"content":{"rendered":"<div id='full_slider_1'  class='avia-fullwidth-slider main_color avia-shadow av-medium-hide av-small-hide av-mini-hide  avia-builder-el-0  el_before_av_three_fifth  avia-builder-el-first   container_wrap sidebar_right'  ><div  class='avia-slideshow av-12blz2k-b529564c382afb5383a36e013214d948 avia-slideshow-featured av_slideshow_full avia-slide-slider av-medium-hide av-small-hide av-mini-hide av-slideshow-ui av-control-default av-slideshow-manual av-loop-once av-loop-manual-endless av-default-height-applied   avia-slideshow-1' data-slideshow-options=\"{&quot;animation&quot;:&quot;slide&quot;,&quot;autoplay&quot;:false,&quot;loop_autoplay&quot;:&quot;once&quot;,&quot;interval&quot;:5,&quot;loop_manual&quot;:&quot;manual-endless&quot;,&quot;autoplay_stopper&quot;:false,&quot;noNavigation&quot;:false,&quot;bg_slider&quot;:false,&quot;keep_padding&quot;:false,&quot;hoverpause&quot;:false,&quot;show_slide_delay&quot;:0}\"  itemprop=\"image\" itemscope=\"itemscope\" itemtype=\"https:\/\/schema.org\/ImageObject\" ><ul class='avia-slideshow-inner ' style='padding-bottom: 28.666666666667%;'><li  class='avia-slideshow-slide av-12blz2k-b529564c382afb5383a36e013214d948__0  av-single-slide slide-1 slide-odd'><div data-rel='slideshow-1' class='avia-slide-wrap '   ><div class='av-slideshow-caption av-12blz2k-b529564c382afb5383a36e013214d948__0 caption_fullwidth caption_center caption_center_framed caption_framed'><div class=\"container caption_container\"><div class=\"slideshow_caption\"><div class=\"slideshow_inner_caption\"><div class=\"slideshow_align_caption\"><h2 class='avia-caption-title '  itemprop=\"name\" >Vertaaltools en -systemen<\/h2><div class='avia-caption-content '  itemprop=\"description\" ><p>Cre\u00eber, beheer en controleer uw taalkundige middelen<\/p>\n<\/div><\/div><\/div><\/div><\/div><\/div><img decoding=\"async\" fetchpriority=\"high\" class=\"wp-image-106337 avia-img-lazy-loading-not-106337\"  src=\"https:\/\/www.star-ts.com\/wp-content\/uploads\/2019\/10\/businessman-2682712_1920-1500x430.jpg\" width=\"1500\" height=\"430\" title='businessman-translation-world' alt='Vertaling | Vertaler | Wereldwijd'  itemprop=\"thumbnailUrl\"   \/><\/div><\/li><\/ul><\/div><\/div><div id='after_full_slider_1'  class='main_color av_default_container_wrap container_wrap sidebar_right'  ><div class='container av-section-cont-open' ><div class='template-page content  av-content-small alpha units'><div class='post-entry post-entry-type-page post-entry-119815'><div class='entry-content-wrapper clearfix'>\n<div  class='flex_column av-36phss-bcd0e15e4d9ec91a19c25e80b6484ac8 av_three_fifth  avia-builder-el-1  el_after_av_slideshow_full  el_before_av_two_fifth  avia-builder-el-first  first flex_column_div  '     ><section  class='av_textblock_section av-uwra0s-13-f2fe0fc8e93d0d9f60bd3e4668574264 '   itemscope=\"itemscope\" itemtype=\"https:\/\/schema.org\/CreativeWork\" ><div class='avia_textblock'  itemprop=\"text\" ><h2>Transit NXT: het vertaaltool voor vertalers<\/h2>\n<p>Vertaalgeheugentechnologie helpt <strong>echte menselijke vertalers<\/strong> consistente, nauwkeurige inhoud te cre\u00ebren. Door het gebruik van vertaaltools en terminologiebeheersystemen hoeft u inhoud slechts \u00e9\u00e9n keer te vertalen. Dit zorgt ervoor dat u het meeste uit uw vertaalbudgetten haalt. STAR ontwikkelt al meer dan 20 jaar vertaaltechnologie, dus uw taalkundige middelen zijn in veilige handen.   <\/p>\n<p><a href=\"https:\/\/www.star-ts.com\/nl\/software\/translation-memory-transit-nxt\/\">Meer over Transit NXT<\/a><\/p>\n<\/div><\/section><\/div>\n\n<style type=\"text\/css\" data-created_by=\"avia_inline_auto\" id=\"style-css-av-29pngc-a038bb46b724905cc5f491411883b7ef\">\n.flex_column.av-29pngc-a038bb46b724905cc5f491411883b7ef{\nborder-radius:0px 0px 0px 0px;\npadding:0px 0px 0px 0px;\n}\n<\/style>\n<div  class='flex_column av-29pngc-a038bb46b724905cc5f491411883b7ef av_two_fifth  avia-builder-el-3  el_after_av_three_fifth  el_before_av_one_full  flex_column_div av-zero-column-padding  '     ><style type=\"text\/css\" data-created_by=\"avia_inline_auto\" id=\"style-css-av-m3fp23ey-e49c8626cc03ed8c2d2f9bd0a859415f\">\n@keyframes av_boxShadowEffect_av-m3fp23ey-e49c8626cc03ed8c2d2f9bd0a859415f {\n0%   { box-shadow:  0 0 0 0 ; opacity: 1; }\n100% { box-shadow:  0 0 10px 0 ; opacity: 1; }\n}\n.avia-image-container.av-m3fp23ey-e49c8626cc03ed8c2d2f9bd0a859415f img.avia_image{\nbox-shadow: 0 0 10px 0 ;\n}\n.avia-image-container.av-m3fp23ey-e49c8626cc03ed8c2d2f9bd0a859415f .av-image-caption-overlay-center{\ncolor:#ffffff;\n}\n<\/style>\n<div  class='avia-image-container av-m3fp23ey-e49c8626cc03ed8c2d2f9bd0a859415f av-styling- avia-align-center  avia-builder-el-4  avia-builder-el-no-sibling  av-img-box-shadow av-box-shadow-not-animated'   itemprop=\"image\" itemscope=\"itemscope\" itemtype=\"https:\/\/schema.org\/ImageObject\" ><div class=\"avia-image-container-inner\"><div class=\"avia-image-overlay-wrap\"><img decoding=\"async\" fetchpriority=\"high\" class='wp-image-98083 avia-img-lazy-loading-not-98083 avia_image shadow-not-animated' src=\"https:\/\/www.star-ts.com\/wp-content\/uploads\/2018\/02\/3.jpg\" alt='STAR Transit NXT Software Screenshot' title='STAR Transit NXT Software Screenshot'  height=\"570\" width=\"861\"  itemprop=\"thumbnailUrl\" srcset=\"https:\/\/www.star-ts.com\/wp-content\/uploads\/2018\/02\/3.jpg 861w, https:\/\/www.star-ts.com\/wp-content\/uploads\/2018\/02\/3-80x53.jpg 80w, https:\/\/www.star-ts.com\/wp-content\/uploads\/2018\/02\/3-300x199.jpg 300w, https:\/\/www.star-ts.com\/wp-content\/uploads\/2018\/02\/3-768x508.jpg 768w, https:\/\/www.star-ts.com\/wp-content\/uploads\/2018\/02\/3-705x467.jpg 705w, https:\/\/www.star-ts.com\/wp-content\/uploads\/2018\/02\/3-450x298.jpg 450w\" sizes=\"(max-width: 861px) 100vw, 861px\" \/><\/div><\/div><\/div><\/div>\n<div  class='flex_column av-sfq47w-12-e87ca26a75772d4f33fdb3b142a5d754 av_one_full  avia-builder-el-5  el_after_av_two_fifth  el_before_av_one_half  first flex_column_div  '     ><section  class='av_textblock_section av-qph8x8-11-e892cc62ed8320fc5ce0072667498d44 '   itemscope=\"itemscope\" itemtype=\"https:\/\/schema.org\/CreativeWork\" ><div class='avia_textblock'  itemprop=\"text\" ><h2>STAR translation cloud<\/h2>\n<p>De Translation Cloud van STAR stelt onze klanten in staat om in te loggen, offertes te krijgen en te ontvangen en hun projecten online te volgen, waar ook ter wereld. Aangedreven door STAR&#8217;s CLM-technologie kunt u eenvoudig en gemakkelijk uw mondiale vertaalprojecten beheren. <\/p>\n<p><a href=\"https:\/\/www.star-ts.com\/nl\/software\/star-translation-cloud\/\">Meer informatie over translation cloud<\/a><\/p>\n<\/div><\/section><\/div>\n<div  class='flex_column av-pv7s8s-10-ad66d4092ceb9d9e0b63fbd9066ac9d0 av_one_half  avia-builder-el-7  el_after_av_one_full  el_before_av_one_half  first flex_column_div  column-top-margin'     ><section  class='av_textblock_section av-nkvqzw-9-567bbaf85409634ec2738d8117b346b8 '   itemscope=\"itemscope\" itemtype=\"https:\/\/schema.org\/CreativeWork\" ><div class='avia_textblock'  itemprop=\"text\" ><h2>WebEdit online beoordelingssysteem<\/h2>\n<p>WebEdit Online Review System helpt u vertalingen eenvoudig te beheren.<\/p>\n<ul>\n<li>Beoordeel, bewerk en keur vertalingen direct goed in uw browser.<\/li>\n<li>Voer bewerkingen uit en voeg moeiteloos opmerkingen toe.<\/li>\n<li>Deel updates direct met ons vertaalteam.<\/li>\n<li>Versnel uw projectlevering door het beoordelingsproces te integreren met ons vertaalsysteem.<\/li>\n<\/ul>\n<p>Vereenvoudig uw workflow en bespaar tijd met <a href=\"https:\/\/www.star-ts.com\/nl\/software\/webcheck-online-review-system\/\">WebEdit<\/a><\/p>\n<\/div><\/section><\/div>\n<p><div  class='flex_column av-pv7s8s-d17e06a1f72f0545087e7d1d4ba15f27 av_one_half  avia-builder-el-9  el_after_av_one_half  el_before_av_one_full  flex_column_div  column-top-margin'     ><style type=\"text\/css\" data-created_by=\"avia_inline_auto\" id=\"style-css-av-m3fp8msg-3642e178a016b6e4e50dd7f6b387d86b\">\n@keyframes av_boxShadowEffect_av-m3fp8msg-3642e178a016b6e4e50dd7f6b387d86b {\n0%   { box-shadow:  0 0 0 0 #707070; opacity: 1; }\n100% { box-shadow:  0 0 10px 0 #707070; opacity: 1; }\n}\n.avia-image-container.av-m3fp8msg-3642e178a016b6e4e50dd7f6b387d86b img.avia_image{\nbox-shadow: 0 0 10px 0 #707070;\n}\n.avia-image-container.av-m3fp8msg-3642e178a016b6e4e50dd7f6b387d86b .av-image-caption-overlay-center{\ncolor:#ffffff;\n}\n<\/style>\n<div  class='avia-image-container av-m3fp8msg-3642e178a016b6e4e50dd7f6b387d86b av-styling- avia-align-center  avia-builder-el-10  avia-builder-el-no-sibling  av-img-box-shadow av-box-shadow-not-animated'   itemprop=\"image\" itemscope=\"itemscope\" itemtype=\"https:\/\/schema.org\/ImageObject\" ><div class=\"avia-image-container-inner\"><div class=\"avia-image-overlay-wrap\"><img decoding=\"async\" loading=\"lazy\" class='wp-image-116576 avia-img-lazy-loading-116576 avia_image shadow-not-animated' src=\"https:\/\/www.star-ts.com\/wp-content\/uploads\/WebEdit-Screen-1030x373.png\" alt='Online Language Review' title='Online Translation Review System'  height=\"373\" width=\"1030\"  itemprop=\"thumbnailUrl\" srcset=\"https:\/\/www.star-ts.com\/wp-content\/uploads\/WebEdit-Screen-1030x373.png 1030w, https:\/\/www.star-ts.com\/wp-content\/uploads\/WebEdit-Screen-300x109.png 300w, https:\/\/www.star-ts.com\/wp-content\/uploads\/WebEdit-Screen-80x29.png 80w, https:\/\/www.star-ts.com\/wp-content\/uploads\/WebEdit-Screen-768x278.png 768w, https:\/\/www.star-ts.com\/wp-content\/uploads\/WebEdit-Screen-1536x557.png 1536w, https:\/\/www.star-ts.com\/wp-content\/uploads\/WebEdit-Screen-1500x543.png 1500w, https:\/\/www.star-ts.com\/wp-content\/uploads\/WebEdit-Screen-705x255.png 705w, https:\/\/www.star-ts.com\/wp-content\/uploads\/WebEdit-Screen.png 1863w\" sizes=\"auto, (max-width: 1030px) 100vw, 1030px\" \/><\/div><\/div><\/div><\/div><div  class='flex_column av-jsx7ak-6-b3b15a642df75c85da82bac49169ceb9 av_one_full  avia-builder-el-11  el_after_av_one_half  el_before_av_one_full  first flex_column_div  column-top-margin'     ><section  class='av_textblock_section av-h3srdo-5-0d3052a8ecdfdb13d45505acf4adc82d '   itemscope=\"itemscope\" itemtype=\"https:\/\/schema.org\/CreativeWork\" ><div class='avia_textblock'  itemprop=\"text\" ><h2>WebTerm en TermStar: terminologiebeheer<\/h2>\n<p>Beheer eenvoudig de mondiale vertaalterminologie van uw bedrijf met WebTerm en TermStar.<\/p>\n<ul>\n<li>Organiseer en beheer terminologie in elke taal.<\/li>\n<li>Stel mondiale teams in staat naadloos samen te werken en terminologie bij te werken.<\/li>\n<li>Maak terminologie direct toegankelijk voor uw vertaalteams.<\/li>\n<li>Integreer direct met de vertaaltools van STAR voor gestroomlijnde workflows<\/li>\n<\/ul>\n<p><a href=\"https:\/\/www.star-ts.com\/nl\/software\/terminology-management-webterm\/\">Meer over WebTerm<\/a><\/p>\n<\/div><\/section><\/div><\/p>\n<div  class='flex_column av-fc05ws-4-9cb70380a0a71a3b8e509a161df2769e av_one_full  avia-builder-el-13  el_after_av_one_full  el_before_av_one_full  first flex_column_div  column-top-margin'     ><section  class='av_textblock_section av-eamkjw-3-74913983e04cbb002908e42b45b51ed0 '   itemscope=\"itemscope\" itemtype=\"https:\/\/schema.org\/CreativeWork\" ><div class='avia_textblock'  itemprop=\"text\" ><h2>CMS-contextmanagementsystemen:<\/h2>\n<p>STAR kan u helpen bij het integreren en vertalen met &#8217;s werelds toonaangevende contentmanagementsystemen. We werken met WordPress, Joomla, DNN Evoq, Adobe AEM en vele andere. Praat vandaag nog met onze teams over hoe u het werk van ons vertaalteam het beste kunt integreren in uw systeem voor het cre\u00ebren en beheren van content.  <\/p>\n<p><a href=\"https:\/\/www.star-ts.com\/nl\/software\/content-management-systems-cms\/\"><abbr title=\"Content management systeem\">CMS<\/abbr>-vertaling<\/a><\/p>\n<\/div><\/section><\/div>\n\n<style type=\"text\/css\" data-created_by=\"avia_inline_auto\" id=\"style-css-av-c515a4-2-f0adb7a347c9709d20bd6f525123d606\">\n.flex_column.av-c515a4-2-f0adb7a347c9709d20bd6f525123d606{\nborder-radius:0px 0px 0px 0px;\npadding:0px 0px 0px 0px;\n}\n<\/style>\n<div  class='flex_column av-c515a4-2-f0adb7a347c9709d20bd6f525123d606 av_one_full  avia-builder-el-15  el_after_av_one_full  el_before_av_one_full  first flex_column_div av-zero-column-padding  column-top-margin'     ><section  class='av_textblock_section av-acltws-1-3fb77a37a73e7335b08bee109d87218a '   itemscope=\"itemscope\" itemtype=\"https:\/\/schema.org\/CreativeWork\" ><div class='avia_textblock'  itemprop=\"text\" ><h2>STAR CLM: bedrijfstaalbeheer<\/h2>\n<p>Krachtige workflow- en planningstechnologie van STAR. Als u de controle wilt krijgen over de volledige vertaalworkflow van uw organisatie, kan ons <a href=\"https:\/\/www.star-ts.com\/nl\/software\/corporate-language-management-clm\/\">CLM-platform<\/a> de vereiste taken automatiseren, waardoor het gemakkelijker en effici\u00ebnter wordt om vertalingen op industrieel niveau te beheren.<\/p>\n<\/div><\/section><\/div>\n<div  class='flex_column av-5m5uuk-b42627934a213a8f722b062ef83da54a av_one_full  avia-builder-el-17  el_after_av_one_full  avia-builder-el-last  first flex_column_div  column-top-margin'     ><section  class='av_textblock_section av-4qqljg-751a041789ef4ac7ec694e6d3999f27a '   itemscope=\"itemscope\" itemtype=\"https:\/\/schema.org\/CreativeWork\" ><div class='avia_textblock'  itemprop=\"text\" ><div  class='avia-button-wrap avia-button-center  avia-builder-el-19  avia-builder-el-no-sibling '>\n<style type=\"text\/css\" data-created_by=\"avia_inline_auto\" id=\"style-css-av-2gv2fg-5db11e5ee9c83284ad6780c7f8fe44a4\">\n#top #wrap_all .avia-button.av-2gv2fg-5db11e5ee9c83284ad6780c7f8fe44a4:hover{\ncolor:white;\ntransition:all 0.4s ease-in-out;\n}\n#top #wrap_all .avia-button.av-2gv2fg-5db11e5ee9c83284ad6780c7f8fe44a4:hover .avia-svg-icon svg:first-child{\nfill:white;\nstroke:white;\n}\n<\/style>\n<a href='https:\/\/www.star-ts.com\/nl\/neem-contact-met-ons-op\/' class='avia-color-theme-color avia-font-color-theme-color avia-button avia-button-fullwidth av-2gv2fg-5db11e5ee9c83284ad6780c7f8fe44a4 avia-icon_select-no avia-color-theme-color'  title=\"Contact Us\" aria-label=\"Contact Us\"><span class='avia_iconbox_title' >Contact<\/span><span class='avia_button_background avia-button avia-button-fullwidth avia-color-theme-color-highlight'><\/span><\/a><\/div>\n<\/div><\/section><\/div>\n","protected":false},"excerpt":{"rendered":"<p>Vertaalgeheugentechnologie helpt echte menselijke vertalers consistente, nauwkeurige inhoud te cre\u00ebren. Door het gebruik van vertaaltools en terminologiebeheersystemen hoeft u inhoud slechts \u00e9\u00e9n keer te vertalen. Dit zorgt ervoor dat u het meeste uit uw vertaalbudgetten haalt. STAR ontwikkelt al meer dan 20 jaar vertaaltechnologie, dus uw taalkundige middelen zijn in veilige handen.   <\/p>\n","protected":false},"author":1,"featured_media":106337,"parent":0,"menu_order":4,"comment_status":"closed","ping_status":"closed","template":"","meta":{"footnotes":""},"class_list":["post-119815","page","type-page","status-publish","has-post-thumbnail","hentry"],"_links":{"self":[{"href":"https:\/\/www.star-ts.com\/nl\/wp-json\/wp\/v2\/pages\/119815","targetHints":{"allow":["GET"]}}],"collection":[{"href":"https:\/\/www.star-ts.com\/nl\/wp-json\/wp\/v2\/pages"}],"about":[{"href":"https:\/\/www.star-ts.com\/nl\/wp-json\/wp\/v2\/types\/page"}],"author":[{"embeddable":true,"href":"https:\/\/www.star-ts.com\/nl\/wp-json\/wp\/v2\/users\/1"}],"replies":[{"embeddable":true,"href":"https:\/\/www.star-ts.com\/nl\/wp-json\/wp\/v2\/comments?post=119815"}],"version-history":[{"count":0,"href":"https:\/\/www.star-ts.com\/nl\/wp-json\/wp\/v2\/pages\/119815\/revisions"}],"wp:featuredmedia":[{"embeddable":true,"href":"https:\/\/www.star-ts.com\/nl\/wp-json\/wp\/v2\/media\/106337"}],"wp:attachment":[{"href":"https:\/\/www.star-ts.com\/nl\/wp-json\/wp\/v2\/media?parent=119815"}],"curies":[{"name":"wp","href":"https:\/\/api.w.org\/{rel}","templated":true}]}}