{"id":119727,"date":"2025-11-07T10:26:35","date_gmt":"2025-11-07T10:26:35","guid":{"rendered":"https:\/\/www.star-ts.com\/languages\/free-translation-resources\/"},"modified":"2025-11-07T10:26:44","modified_gmt":"2025-11-07T10:26:44","slug":"free-translation-resources","status":"publish","type":"page","link":"https:\/\/www.star-ts.com\/nl\/languages\/free-translation-resources\/","title":{"rendered":"Gratis vertaalbronnen"},"content":{"rendered":"\n<style type=\"text\/css\" data-created_by=\"avia_inline_auto\" id=\"style-css-av-33foh4-9ce282aed606e6e44a93808934120de1\">\n.flex_column.av-33foh4-9ce282aed606e6e44a93808934120de1{\nborder-radius:0px 0px 0px 0px;\npadding:0px 0px 0px 0px;\n}\n<\/style>\n<div  class='flex_column av-33foh4-9ce282aed606e6e44a93808934120de1 av_one_full  avia-builder-el-0  el_before_av_one_third  avia-builder-el-first  first flex_column_div av-zero-column-padding  '     ><section  class='av_textblock_section av-13nzxwo-65ca20e86ce5ac29edaa98a753839a42 '   itemscope=\"itemscope\" itemtype=\"https:\/\/schema.org\/CreativeWork\" ><div class='avia_textblock'  itemprop=\"text\" ><h1>Is gratis vertaling echt gratis?<\/h1>\n<\/div><\/section><\/div>\n<div  class='flex_column av-10wcu3s-a3f688dc277205749307f635e489364e av_one_third  avia-builder-el-2  el_after_av_one_full  el_before_av_two_third  first flex_column_div  column-top-margin'     ><section  class='av_textblock_section av-zid2fs-070268f17d00dde127c5a69dac418c33 '   itemscope=\"itemscope\" itemtype=\"https:\/\/schema.org\/CreativeWork\" ><div class='avia_textblock'  itemprop=\"text\" ><p><img decoding=\"async\" class=\"alignnone size-full wp-image-8938\" title=\"Gratis vertaalbronnen\" src=\"https:\/\/www.star-ts.com\/wp-content\/uploads\/2014\/08\/STAR-resources-folder1.png\" alt=\"Gratis vertaalbronnen\" width=\"400\" height=\"320\" srcset=\"https:\/\/www.star-ts.com\/wp-content\/uploads\/2014\/08\/STAR-resources-folder1.png 400w, https:\/\/www.star-ts.com\/wp-content\/uploads\/2014\/08\/STAR-resources-folder1-80x64.png 80w, https:\/\/www.star-ts.com\/wp-content\/uploads\/2014\/08\/STAR-resources-folder1-300x240.png 300w\" sizes=\"(max-width: 400px) 100vw, 400px\" \/><\/p>\n<\/div><\/section><\/div>\n<div  class='flex_column av-uujtvc-eff992a35ceec2c582f5c5d5d44aa923 av_two_third  avia-builder-el-4  el_after_av_one_third  el_before_av_one_full  flex_column_div  column-top-margin'     ><section  class='av_textblock_section av-tdy6ko-2a4a645d1b8118643909625b67ad7658 '   itemscope=\"itemscope\" itemtype=\"https:\/\/schema.org\/CreativeWork\" ><div class='avia_textblock'  itemprop=\"text\" ><h3>Wat is er gratis beschikbaar?<\/h3>\n<p>Voordat wij dat beantwoorden, laten wij bij het begin beginnen. STAR is een professioneel vertaalbureau. Wij hebben echte mensen in dienst om de documenten en bestanden van onze klanten te vertalen. Deze echte mensen werken in hun moedertaal, in het land zelf, en vertalen documenten, websites en softwaretoepassingen voor onze klanten. Al deze professionele mensen worden betaald om een hoogwaardige service te leveren. Waarom praten wij dan over gratis vertaling?     <\/p>\n<p>Wel, voornamelijk om mensen het verschil te laten begrijpen tussen het gebruik van een professioneel bedrijf om een document te vertalen in plaats van gratis online vertalers zoals <a href=\"https:\/\/translate.google.com\" target=\"_blank\" rel=\"noopener\">Google Translate<\/a>. Er zijn grote verschillen tussen hen. De resultaten zijn aanzienlijk anders.  <\/p>\n<h4>Hoe wordt gratis vertaling gedaan?<\/h4>\n<p>Het merendeel van de gratis vertaling wordt eigenlijk gedaan door computers die gebruikmaken van wat machinale vertaling wordt genoemd. In eenvoudige bewoordingen probeert het computerprogramma uit te zoeken aan de hand van overeenkomende woorden die het in een woordenboek heeft wat u zegt. Het neemt dan de vertaalde woorden die het kent en zet ze samen in een nieuwe &#8220;vertaalde zin&#8221; die het vervolgens aan u presenteert.  <\/p>\n<p>Het hoofdprobleem met deze benadering is dat de meeste talen geen \u00e9\u00e9n-op-\u00e9\u00e9n relatie hebben in betekenis.<\/p>\n<p>Er is het beroemde gezegde dat er in IJsland meer dan 50 manieren zijn om &#8216;sneeuw&#8217; te zeggen, afhankelijk van welk type het is. Wij kennen het echter gewoon als sneeuw. In taaltermen is de zinsstructuur anders in veel talen. Machinale vertaling probeert de beste pasvorm voor allemaal te krijgen. Natuurlijk zal het in sommige gevallen fout zijn.    <\/p>\n<p>Andere online machinale vertaaldiensten zijn <a href=\"http:\/\/www.systransoft.com\/lp\/free-online-translation\" target=\"_blank\" rel=\"noopener\">Systran<\/a> en <a href=\"https:\/\/www.bing.com\/translator\" target=\"_blank\" rel=\"noopener\">Bing Translator<\/a>.<\/p>\n<\/div><\/section><\/div>\n\n<style type=\"text\/css\" data-created_by=\"avia_inline_auto\" id=\"style-css-av-3h05co-a71051020882032adad1c431927e8653\">\n.flex_column.av-3h05co-a71051020882032adad1c431927e8653{\nborder-radius:0px 0px 0px 0px;\npadding:0px 0px 0px 0px;\n}\n<\/style>\n<div  class='flex_column av-3h05co-a71051020882032adad1c431927e8653 av_one_full  avia-builder-el-6  el_after_av_two_third  el_before_av_one_full  first flex_column_div av-zero-column-padding  column-top-margin'     ><section  class='av_textblock_section av-39qnrs-049cac1485e15c12b1c8a1632bb22399 '   itemscope=\"itemscope\" itemtype=\"https:\/\/schema.org\/CreativeWork\" ><div class='avia_textblock'  itemprop=\"text\" ><p><strong>Opmerking:<\/strong> Wij bieden links naar externe sites alleen ter referentie. Wij zijn niet verantwoordelijk voor externe inhoud of implicaties van het gebruik ervan. Ze worden aangeboden zoals ze zijn, te goeder trouw, vanuit onze eigen ervaringen op het web. U moet belangrijke vertalingen altijd professioneel laten doen, <a href=\"https:\/\/www.star-ts.com\/language\/lost-in-translation-welsh-translation-error\/\" target=\"_blank\" rel=\"noopener\">hier is waarom<\/a>.<\/p>\n<\/div><\/section><\/div>\n<div  class='flex_column av-o7pku0-e70969be11b42adf3f4c11f7aa24e8b0 av_one_full  avia-builder-el-8  el_after_av_one_full  el_before_av_one_full  first flex_column_div  column-top-margin'     ><section  class='av_textblock_section av-lxloso-55a232158b931795f066383c7128ba16 '   itemscope=\"itemscope\" itemtype=\"https:\/\/schema.org\/CreativeWork\" ><div class='avia_textblock'  itemprop=\"text\" ><div class=\"uxf\">\n<h3><a name=\"notuse\"><\/a>Waarom u het niet moet gebruiken<\/h3>\n<p>Machinale vertaling levert een one-size-fits-all oplossing. Het kan niet vertellen of uw document juridisch is, een gezondheids- en veiligheidshandleiding, een brief aan een vriend of een willekeurige set woorden, dus resultaten zijn onvoorspelbaar. <\/p>\n<p>Een ander belangrijk falen van machinale vertaling is dat het context mist voor enige terminologie. Laten wij dit uitleggen. <\/p>\n<p>Wij willen een document vertalen over audioapparatuur, een specificatie voor een Hi-Fi. De term &#8216;Hi-Fi&#8217; is zeer specifiek; wij weten vanwege de context (audioapparatuur) waar wij naar verwijzen. <\/p>\n<p>Machinale vertaling ziet echter alleen de woorden &#8216;Hi&#8217; en &#8216;Fi&#8217;. Hi betekent duidelijk hallo en zal in deze context worden vertaald. Fi moet een referentienummer zijn en wij zullen dit zo laten.  <\/p>\n<p>Als u &#8216;Hi-Fi&#8217; in het Italiaans vertaalt met behulp van machinale vertaling krijgt u &#8216;Ciao-Fi&#8217;! Ciao is het Italiaanse woord voor hi. <\/p>\n<p>U kunt voorbeelden hiervan op internet zien door uw favoriete zoekmachine te laden en te zoeken naar &#8220;Ciao-Fi&#8221;.<\/p>\n<h4>Wanneer een home geen home is<\/h4>\n<p>Een van de oudste voorvallen van slechte machinale vertaling was toen mensen dit begonnen te gebruiken om hun websites te vertalen. In het Frans is de machinale vertaling van het woord &#8216;Home&#8217; &#8216;Maison&#8217;. In dit geval betekent &#8216;Maison&#8217; &#8216;een thuis&#8217; of &#8216;een huis&#8217;. De juiste Franse vertaling voor homepage had vertaald moeten worden naar &#8216;Accueil&#8217; of top\/indexpagina.   <\/p>\n<p>Hoewel dit eenvoudige voorbeelden zijn van slechte vertaling door een gebrek aan context, denk aan de impact op uw eigen documenten.<\/p>\n<ul>\n<li>Welke termen heeft u in uw gezondheids- en veiligheidshandleiding?<\/li>\n<li>Hebben uw contracten specifieke juridische termen?<\/li>\n<\/ul>\n<p>Voor technische vertaling, wat zou machinale vertaling doen voor &#8220;common rail dieselmotor&#8221;? Wij vertalen ook voor de olie- en gasindustrie. Het bovenste deel van een booreiland wordt een &#8220;kerstboom&#8221; genoemd. Wij vragen ons af wat machinale vertaling hiervoor zou opleveren.   <\/p>\n<p>Google webmasters benadrukken dat slechte vertaling uw Google-ranking zal schaden. Op het Google webmaster forum bespreken zij machinale vertaling: &#8220;Automatische vertaling is handig en helpt mensen een snelle <em>indruk<\/em> van de pagina te krijgen. Het is echter geen perfecte vervanging voor de kunst van professionele vertaling.&#8221; Zie <a href=\"https:\/\/developers.google.com\/search\/blog\/2009\/09\/translate-your-website-with-google\" target=\"_blank\" rel=\"noopener\">Google Webmaster Forum: Vertaling en SEO-ranking<\/a>. <\/p>\n<\/div>\n<\/div><\/section><\/div>\n<div  class='flex_column av-kkf2ig-4c43ca01543802a1cc802d1e51cb1c41 av_one_full  avia-builder-el-10  el_after_av_one_full  el_before_av_one_half  first flex_column_div  column-top-margin'     ><section  class='av_textblock_section av-1wbgug-447fdd43d1aa8614524037a06aeb4ad9 '   itemscope=\"itemscope\" itemtype=\"https:\/\/schema.org\/CreativeWork\" ><div class='avia_textblock'  itemprop=\"text\" ><div class=\"uxf\">\n<h3><a name=\"use\"><\/a>Waarom u het wel moet gebruiken<\/h3>\n<p>Laten wij eerlijk zijn. Machinale vertaling moet toch ergens goed voor zijn, nietwaar? Ja, dat is zo!  <\/p>\n<p>Machinale vertaling is in feite een <a href=\"https:\/\/www.star-ts.com\/nl\/about\/glossary\/#g\" target=\"_blank\" rel=\"noopener\">samenvattings<\/a>machine. Het zal u zeker helpen de &#8220;essentie&#8221; of het idee van een document in een andere taal snel en gratis te krijgen. <\/p>\n<p>U kunt het gebruiken om te communiceren met vrienden. De meeste tijd hoeft u alleen maar ruwweg te weten waar mensen over praten om hen te begrijpen; het is geweldig hiervoor. U kunt berichten naar mensen sturen en redelijk begrepen worden, zolang de andere persoon weet dat er fouten in de vertaling zullen zijn is dat ok\u00e9.  <\/p>\n<h4>Kan ik het voor zaken gebruiken?<\/h4>\n<p>U heeft mogelijk een website die in een aantal talen is vertaald. Wat gebeurt er wanneer iemand een e-mail stuurt in een taal die u niet begrijpt? Zij zoeken mogelijk naar een offerte voor uw product.  <\/p>\n<p>Het machinaal vertalen van hun e-mail geeft u een onmiddellijk idee of het een offerte is en ruwweg wat zij vragen. Daarom kan uw inkomende communicatie zeer snel worden afgehandeld. <\/p>\n<p>De beste praktijk is om een aantal standaardantwoorden professioneel te laten vertalen. Deze kunnen dan naar de klant worden gemaild zodat uw verkoopteams snel kunnen reageren op potenti\u00eble nieuwe klanten. Zodra de klant dichter bij het kopen is, kunt u uw vertaalbureau inschakelen om u te helpen de verkoop af te ronden. Dit proces betekent dat u geen meertalige ondersteuning hoeft te hebben voor elke taal. Naarmate u uw exportverkoop begint uit te breiden, kunt u vervolgens meer mensen met de taalvaardigheden intern aannemen.    <\/p>\n<\/div>\n<\/div><\/section><\/div>\n<div  class='flex_column av-h9ey48-d3aa92adb38019ec944087cdcf6730c1 av_one_half  avia-builder-el-12  el_after_av_one_full  el_before_av_one_half  first flex_column_div  column-top-margin'     ><section  class='av_textblock_section av-fxs9q0-ff8a0e423a21ae952a429c31c3e8ce66 '   itemscope=\"itemscope\" itemtype=\"https:\/\/schema.org\/CreativeWork\" ><div class='avia_textblock'  itemprop=\"text\" ><h3><a name=\"resources\"><\/a>Gratis vertaalbronnen<\/h3>\n<p>Bij STAR wordt ons vaak gevraagd om basisvertalingen. Hier zijn er enkele die wij hebben samengesteld om u op weg te helpen. <\/p>\n<ul>\n<li><a href=\"https:\/\/www.star-ts.com\/languages\/free-translation-resources\/free-english-to-irish-phrases\/\">Engels naar Iers<\/a><\/li>\n<li><a href=\"https:\/\/www.star-ts.com\/languages\/free-translation-resources\/free-english-to-italian-phrases\/\">Engels naar Italiaans<\/a><\/li>\n<li><a href=\"https:\/\/www.star-ts.com\/languages\/free-translation-resources\/free-english-to-german-phrases\/\">Engels naar Duits<\/a><\/li>\n<li><a href=\"https:\/\/www.star-ts.com\/languages\/free-translation-resources\/free-english-to-spanish-phrases\/\">Engels naar Spaans<\/a><\/li>\n<li><a href=\"https:\/\/www.star-ts.com\/languages\/free-translation-resources\/free-english-to-slovak-phrases\/\">Engels naar Slowaaks<\/a><\/li>\n<\/ul>\n<ul>\n<li><a href=\"https:\/\/www.star-ts.com\/nl\/languages\/free-translation-resources\/how-to-say-i-love-you\/\">Leer <em>Ik hou van je<\/em> te zeggen in 27 talen<\/a><\/li>\n<li><a href=\"https:\/\/www.star-ts.com\/languages\/free-translation-resources\/merry-christmas\/\">Leer Vrolijk Kerstfeest te zeggen in 20 talen<\/a><\/li>\n<li><a href=\"https:\/\/www.star-ts.com\/languages\/free-translation-resources\/football-phrases\/\">Gratis Voetbalzinnen in 14 talen<\/a><\/li>\n<\/ul>\n<\/div><\/section><\/div>\n\n<style type=\"text\/css\" data-created_by=\"avia_inline_auto\" id=\"style-css-av-dzbma0-4985b8ad094dc6bffa9c979586f869b5\">\n.flex_column.av-dzbma0-4985b8ad094dc6bffa9c979586f869b5{\nborder-radius:0px 0px 0px 0px;\npadding:0px 0px 0px 0px;\n}\n<\/style>\n<div  class='flex_column av-dzbma0-4985b8ad094dc6bffa9c979586f869b5 av_one_half  avia-builder-el-14  el_after_av_one_half  el_before_av_one_full  flex_column_div av-zero-column-padding  column-top-margin'     ><section  class='av_textblock_section av-c4qxew-d3118c1314eca227d9245f8bbd5160e1 '   itemscope=\"itemscope\" itemtype=\"https:\/\/schema.org\/CreativeWork\" ><div class='avia_textblock'  itemprop=\"text\" ><h3><a name=\"quote\"><\/a>Vraag een gratis offerte aan<\/h3>\n<p>Wij zijn een van &#8217;s werelds grootste aanbieders van professionele vertaaldiensten. Wij hebben meer dan 50 kantoren in meer dan 30 landen en hebben meer dan 950 specialisten in dienst; wij leveren uw documenten in bijna elke taal. <\/p>\n<p>Bel ons op +353 (0)1 836 5614 of <a href=\"https:\/\/www.star-ts.com\/nl\/translate-now\/\">upload uw bestanden<\/a> eenvoudig voor een gratis vertaalofferte voor een <strong>professionele menselijke vertaling<\/strong> van uw documenten.<\/p>\n<\/div><\/section><\/div>\n<p><div  class='flex_column av-a7qkoo-3a7597f0739b6397d831c858c7968c8c av_one_full  avia-builder-el-16  el_after_av_one_half  el_before_av_one_full  first flex_column_div  column-top-margin'     ><section  class='av_textblock_section av-9dxefc-edca3011811bc3e86bc49472114abf33 '   itemscope=\"itemscope\" itemtype=\"https:\/\/schema.org\/CreativeWork\" ><div class='avia_textblock'  itemprop=\"text\" ><h3><a name=\"other\"><\/a>Andere nuttige bronnen<\/h3>\n<p>Enkele uitstekende online bronnen die wij aanbevelen omvatten het volgende.<\/p>\n<h4>CIA world factbook<\/h4>\n<p>Het World Factbook wordt voorbereid door de Central Intelligence Agency voor gebruik door Amerikaanse regeringsfunctionarissen; de stijl, opmaak, dekking en inhoud zijn ontworpen om aan hun specifieke vereisten te voldoen.<\/p>\n<p>Het geeft achtergrondinformatie over vrijwel elk land ter wereld van bevolking, vlaggen en talen tot lokale informatie over economie enzovoort. Bezoek het <a href=\"https:\/\/www.cia.gov\/the-world-factbook\/\" target=\"_blank\" rel=\"noopener\">CIA World Factbook<\/a>. <\/p>\n<h4>EUR-LEX<\/h4>\n<p>De <a href=\"https:\/\/eur-lex.europa.eu\" target=\"_blank\" rel=\"noopener\">EUR-LEX<\/a> site biedt directe, gratis toegang tot het recht van de Europese Unie. Het is de grootste documentenrepository over het recht van de Europese Unie. Het heeft uitgebreide zoekfaciliteiten en is beschikbaar in alle offici\u00eble talen van de <abbr title=\"Europese Unie\">EU<\/abbr>.  <\/p>\n<h4>Microsoft terminologiewoordenboeken en taalondersteuning<\/h4>\n<p>Microsoft stelt een groot aantal van zijn terminologiewoordenboeken beschikbaar aan zijn klanten en vertalers. Als u een term in een taal moet controleren voor een Microsoft-product, bezoek dan eenvoudig <a href=\"https:\/\/docs.microsoft.com\/en-us\/previous-versions\/bb688105(v=msdn.10)\" target=\"_blank\" rel=\"noopener\">hun online taalsite, Microsoft Terminologiewoordenboeken<\/a>. <\/p>\n<p>Zie ook:<a href=\"https:\/\/docs.microsoft.com\/en-us\/windows\/win32\/intl\/nls-terminology\" target=\"_blank\" rel=\"noopener\">Microsoft NLS taalterminologie<\/a><\/p>\n<\/div><\/section><br \/>\n<section  class='av_textblock_section av-6kzkiw-eba685ba67bdc224726303656207ebc9 '   itemscope=\"itemscope\" itemtype=\"https:\/\/schema.org\/CreativeWork\" ><div class='avia_textblock'  itemprop=\"text\" ><p><a href=\"https:\/\/www.star-ts.com\/nl\/about\/glossary\/\" name=\"glossary\">Vertaalwoordenlijst<\/a><\/p>\n<hr \/>\n<p><a href=\"https:\/\/www.star-ts.com\/nl\/translation-faq\/\">Veelgestelde vragen<\/a><\/p>\n<\/div><\/section><\/p><\/div><div  class='flex_column av-5k9jxk-a9912107aff69b37d46a22c7f56869e9 av_one_full  avia-builder-el-19  el_after_av_one_full  avia-builder-el-last  first flex_column_div  column-top-margin'     ><p><section  class='av_textblock_section av-44bheg-8b2fd770ca96a0a16c0b33b398fe4605 '   itemscope=\"itemscope\" itemtype=\"https:\/\/schema.org\/CreativeWork\" ><div class='avia_textblock'  itemprop=\"text\" ><div  class='avia-button-wrap avia-button-center  avia-builder-el-21  avia-builder-el-no-sibling '>\n<style type=\"text\/css\" data-created_by=\"avia_inline_auto\" id=\"style-css-av-376a5k-4b5ebd459398e278e611746e725ad611\">\n#top #wrap_all .avia-button.av-376a5k-4b5ebd459398e278e611746e725ad611:hover{\ncolor:white;\ntransition:all 0.4s ease-in-out;\n}\n#top #wrap_all .avia-button.av-376a5k-4b5ebd459398e278e611746e725ad611:hover .avia-svg-icon svg:first-child{\nfill:white;\nstroke:white;\n}\n<\/style>\n<a href=\"https:\/\/www.star-ts.com\/nl\/neem-contact-met-ons-op\/\" class=\"avia-color-theme-color avia-font-color-theme-color avia-button avia-button-fullwidth av-376a5k-4b5ebd459398e278e611746e725ad611 avia-icon_select-no avia-color-theme-color\" title=\"Contact Us\" aria-label=\"Contact Us\"><span class='avia_iconbox_title' >Contact<\/span><span class='avia_button_background avia-button avia-button-fullwidth avia-color-theme-color-highlight'><\/span><\/a><\/div>\n<\/div><\/section><br \/>\n<section  class='av_textblock_section av-lkjkbs6g-aeb0d7d6f309e943045307e9bfa2fd7e '   itemscope=\"itemscope\" itemtype=\"https:\/\/schema.org\/CreativeWork\" ><div class='avia_textblock'  itemprop=\"text\" ><h5>Advertentie<\/h5>\n<\/div><\/section><br \/>\n<\/p><\/div><\/p>\n","protected":false},"excerpt":{"rendered":"","protected":false},"author":1,"featured_media":66925,"parent":119025,"menu_order":50,"comment_status":"open","ping_status":"closed","template":"","meta":{"footnotes":""},"class_list":["post-119727","page","type-page","status-publish","has-post-thumbnail","hentry"],"_links":{"self":[{"href":"https:\/\/www.star-ts.com\/nl\/wp-json\/wp\/v2\/pages\/119727","targetHints":{"allow":["GET"]}}],"collection":[{"href":"https:\/\/www.star-ts.com\/nl\/wp-json\/wp\/v2\/pages"}],"about":[{"href":"https:\/\/www.star-ts.com\/nl\/wp-json\/wp\/v2\/types\/page"}],"author":[{"embeddable":true,"href":"https:\/\/www.star-ts.com\/nl\/wp-json\/wp\/v2\/users\/1"}],"replies":[{"embeddable":true,"href":"https:\/\/www.star-ts.com\/nl\/wp-json\/wp\/v2\/comments?post=119727"}],"version-history":[{"count":0,"href":"https:\/\/www.star-ts.com\/nl\/wp-json\/wp\/v2\/pages\/119727\/revisions"}],"up":[{"embeddable":true,"href":"https:\/\/www.star-ts.com\/nl\/wp-json\/wp\/v2\/pages\/119025"}],"wp:featuredmedia":[{"embeddable":true,"href":"https:\/\/www.star-ts.com\/nl\/wp-json\/wp\/v2\/media\/66925"}],"wp:attachment":[{"href":"https:\/\/www.star-ts.com\/nl\/wp-json\/wp\/v2\/media?parent=119727"}],"curies":[{"name":"wp","href":"https:\/\/api.w.org\/{rel}","templated":true}]}}