{"id":119312,"date":"2025-11-07T09:39:12","date_gmt":"2025-11-07T09:39:12","guid":{"rendered":"https:\/\/www.star-ts.com\/financial-translation-services\/"},"modified":"2025-11-07T10:32:39","modified_gmt":"2025-11-07T10:32:39","slug":"financial-translation-services","status":"publish","type":"page","link":"https:\/\/www.star-ts.com\/nl\/translation-services\/financial-translation-services\/","title":{"rendered":"Financi\u00eble vertaling"},"content":{"rendered":"<p>\n<style type=\"text\/css\" data-created_by=\"avia_inline_auto\" id=\"style-css-av-98zq7-64deef35871fbe9420c09bbf5a1f7cca\">\n.flex_column.av-98zq7-64deef35871fbe9420c09bbf5a1f7cca{\nborder-radius:0px 0px 0px 0px;\npadding:0px 0px 0px 0px;\n}\n<\/style>\n<div  class='flex_column av-98zq7-64deef35871fbe9420c09bbf5a1f7cca av_one_full  avia-builder-el-0  el_before_av_two_third  avia-builder-el-first  first flex_column_div av-zero-column-padding  '     ><section  class='av_textblock_section av-vxg0mn-96f6344a12d3e4cf408665c066f49f4d '   itemscope=\"itemscope\" itemtype=\"https:\/\/schema.org\/CreativeWork\" ><div class='avia_textblock'  itemprop=\"text\" ><h1>Financi\u00eble vertaaldiensten<\/h1>\n<\/div><\/section><br \/>\n<section  class='av_textblock_section av-tq409r-733560a932b0e949a3c1313c23d086cb '   itemscope=\"itemscope\" itemtype=\"https:\/\/schema.org\/CreativeWork\" ><div class='avia_textblock'  itemprop=\"text\" ><h2>Vertaaldiensten voor de financi\u00eble sector<\/h2>\n<p>Meertalige, zakelijke en financi\u00eble vertaling.<\/p>\n<\/div><\/section><\/p><\/div><div  class='flex_column av-rwmyvj-3e2eeffbf11c43a817e4c2a18c4111bf av_two_third  avia-builder-el-3  el_after_av_one_full  el_before_av_one_third  first flex_column_div  column-top-margin'     ><section  class='av_textblock_section av-pcozxb-e719a7b17d445e862702b0158dec7204 '   itemscope=\"itemscope\" itemtype=\"https:\/\/schema.org\/CreativeWork\" ><div class='avia_textblock'  itemprop=\"text\" ><p>Financi\u00eble vertaaldiensten zijn nodig om wereldwijde financi\u00eble informatie te communiceren. Of u nu actief bent in commerci\u00eble financiering, investeringen of consumentenbankieren, wij kunnen uw documenten voor u vertalen. Wij vertalen financi\u00eble instrumenten, rekeningen, jaarverslagen en documenten in meer dan 70 talen; ook <a href=\"https:\/\/www.star-ts.com\/translation-faq\/what-is-iso-9001-certification\/\">ISO 9001<\/a> en <a href=\"https:\/\/www.star-ts.com\/nl\/translation-faq\/what-is-iso17100-certification\/\">ISO 17100<\/a> gecertificeerd.<\/p>\n<\/div><\/section><\/div><\/p>\n\n<style type=\"text\/css\" data-created_by=\"avia_inline_auto\" id=\"style-css-av-o2kbz3-579d307771d5013b21130afd56a97394\">\n.flex_column.av-o2kbz3-579d307771d5013b21130afd56a97394{\nborder-radius:0px 0px 0px 0px;\npadding:0px 0px 0px 0px;\n}\n<\/style>\n<div  class='flex_column av-o2kbz3-579d307771d5013b21130afd56a97394 av_one_third  avia-builder-el-5  el_after_av_two_third  el_before_av_one_third  flex_column_div av-zero-column-padding  column-top-margin'     ><style type=\"text\/css\" data-created_by=\"avia_inline_auto\" id=\"style-css-av-klsiq56l-78a59c99212b9502d5049be6aa095aa3\">\n.avia-image-container.av-klsiq56l-78a59c99212b9502d5049be6aa095aa3 img.avia_image{\nbox-shadow:none;\n}\n.avia-image-container.av-klsiq56l-78a59c99212b9502d5049be6aa095aa3 .av-image-caption-overlay-center{\ncolor:#ffffff;\n}\n<\/style>\n<div  class='avia-image-container av-klsiq56l-78a59c99212b9502d5049be6aa095aa3 av-styling- avia-align-center  avia-builder-el-6  avia-builder-el-no-sibling '   itemprop=\"image\" itemscope=\"itemscope\" itemtype=\"https:\/\/schema.org\/ImageObject\" ><div class=\"avia-image-container-inner\"><div class=\"avia-image-overlay-wrap\"><img decoding=\"async\" loading=\"lazy\" class='wp-image-66645 avia-img-lazy-loading-66645 avia_image ' src=\"https:\/\/www.star-ts.com\/wp-content\/uploads\/2014\/03\/pen-paper1.jpg\" alt='Audit, Pen, checkbox' title='Audit, Pen, checkbox'  height=\"320\" width=\"400\"  itemprop=\"thumbnailUrl\" srcset=\"https:\/\/www.star-ts.com\/wp-content\/uploads\/2014\/03\/pen-paper1.jpg 400w, https:\/\/www.star-ts.com\/wp-content\/uploads\/2014\/03\/pen-paper1-80x64.jpg 80w, https:\/\/www.star-ts.com\/wp-content\/uploads\/2014\/03\/pen-paper1-300x240.jpg 300w\" sizes=\"auto, (max-width: 400px) 100vw, 400px\" \/><\/div><\/div><\/div><\/div>\n<div  class='flex_column av-kbki9r-6d44a04528ad57b317df8266aa7d7ade av_one_third  avia-builder-el-7  el_after_av_one_third  el_before_av_two_third  first flex_column_div  column-top-margin'     ><section  class='av_textblock_section av-ikrhnz-d619ab6f0b4d37a3cb5a914d038cc539 '   itemscope=\"itemscope\" itemtype=\"https:\/\/schema.org\/CreativeWork\" ><div class='avia_textblock'  itemprop=\"text\" ><h4>Vertalingsdiensten:<\/h4>\n<ul>\n<li>Jaarverslagen<\/li>\n<li>Contracten<\/li>\n<li>Overeenkomsten<\/li>\n<li>Regelgevende documenten<\/li>\n<li>Taalglossaria<\/li>\n<\/ul>\n<\/div><\/section><\/div>\n\n<style type=\"text\/css\" data-created_by=\"avia_inline_auto\" id=\"style-css-av-hp6g0v-f0d2f26e7a2045b58cbe9b5f16f91bb1\">\n.flex_column.av-hp6g0v-f0d2f26e7a2045b58cbe9b5f16f91bb1{\nborder-radius:0px 0px 0px 0px;\npadding:0px 0px 0px 0px;\n}\n<\/style>\n<div  class='flex_column av-hp6g0v-f0d2f26e7a2045b58cbe9b5f16f91bb1 av_two_third  avia-builder-el-9  el_after_av_one_third  el_before_av_one_full  flex_column_div av-zero-column-padding  column-top-margin'     ><section  class='av_textblock_section av-gbu94f-1922bb1a0da57672fcef13ea9d63f96f '   itemscope=\"itemscope\" itemtype=\"https:\/\/schema.org\/CreativeWork\" ><div class='avia_textblock'  itemprop=\"text\" ><h3>Bespaar tijd en geld<\/h3>\n<p>Het besparen van tijd en geld voor uw bedrijf is belangrijk voor ons. Wij willen dat uw vertaling nauwkeurig, consistent en kosteneffectief is. Wij slaan al uw vertalingen op zodat we ze kunnen vergelijken bij nieuwe projecten. Op deze manier zijn uw documenten consistent en vertaalt u alleen wat nodig is. Dit levert de meest kosteneffectieve vertaling op van de hoogste kwaliteit.<\/p>\n<\/div><\/section><\/div>\n<div  class='flex_column av-es8d7z-1c1b4bf60d9c3e3971569bc097af313b av_one_full  avia-builder-el-11  el_after_av_two_third  el_before_av_one_full  first flex_column_div  column-top-margin'     ><section  class='av_textblock_section av-cwst8v-f06f18f526baef6e6283fdeee3ecd892 '   itemscope=\"itemscope\" itemtype=\"https:\/\/schema.org\/CreativeWork\" ><div class='avia_textblock'  itemprop=\"text\" ><h3>Financi\u00eble vertaling voor bedrijven<\/h3>\n<p><strong>Bent u een startend bedrijf, een MKB-er of iets dergelijks?<\/strong><\/p>\n<p>Vertaling helpt bedrijven groeien in nieuwe markten. Wij helpen bij het vertalen van uw contracten en financi\u00eble documenten om u te helpen uit te breiden in nieuwe landen. We kunnen zelfs uw verkoopbrochures verzorgen. De wereld van vandaag is kleiner dan een decennium geleden. Nieuwe technologie\u00ebn en industrie\u00ebn komen op en zij hebben behoefte aan de vertaling van hun succesvolle campagnes voor de internationale consument. Wij staan u bij in elk land.     <\/p>\n<p><strong>Bent u een multinationaal bedrijf? <\/strong><\/p>\n<p>Met kantoren in meer dan 30 landen, en vertalingen in meer dan 70 talen, helpen wij u wereldwijd te communiceren. Wij werken samen met vele bedrijven en ondersteunen hun wereldwijde financi\u00eble en inkoopteams; we vertalen documenten voor hen om hen te helpen meer zaken te doen. Neem vandaag nog contact met ons op om te bespreken hoe we uw bedrijf kunnen laten groeien.<\/p>\n<\/div><\/section><\/div>\n<div  class='flex_column av-aocxpb-6b4ac86b2cf082ef87789735effda98a av_one_full  avia-builder-el-13  el_after_av_one_full  el_before_av_one_full  first flex_column_div  column-top-margin'     ><section  class='av_textblock_section av-8xkcj3-369004ca15957427c43ec1af9e59e2cd '   itemscope=\"itemscope\" itemtype=\"https:\/\/schema.org\/CreativeWork\" ><div class='avia_textblock'  itemprop=\"text\" ><table class=\"ref\">\n<tbody>\n<tr>\n<th colspan=\"4\">Klanten in de financi\u00eble sector<\/th>\n<\/tr>\n<tr>\n<td><img decoding=\"async\" class=\"alignnone size-full wp-image-9794\" src=\"https:\/\/www.star-ts.com\/wp-content\/uploads\/2014\/06\/aflac.png\" alt=\"Aflac\" width=\"100\" height=\"100\" srcset=\"https:\/\/www.star-ts.com\/wp-content\/uploads\/2014\/06\/aflac.png 100w, https:\/\/www.star-ts.com\/wp-content\/uploads\/2014\/06\/aflac-80x80.png 80w, https:\/\/www.star-ts.com\/wp-content\/uploads\/2014\/06\/aflac-36x36.png 36w\" sizes=\"(max-width: 100px) 100vw, 100px\" \/>Aflac<\/td>\n<td><img decoding=\"async\" class=\"alignnone size-full wp-image-9796\" src=\"https:\/\/www.star-ts.com\/wp-content\/uploads\/2014\/06\/Credit-Suisse.png\" alt=\"Credit Suisse\" width=\"100\" height=\"100\" srcset=\"https:\/\/www.star-ts.com\/wp-content\/uploads\/2014\/06\/Credit-Suisse.png 100w, https:\/\/www.star-ts.com\/wp-content\/uploads\/2014\/06\/Credit-Suisse-80x80.png 80w, https:\/\/www.star-ts.com\/wp-content\/uploads\/2014\/06\/Credit-Suisse-36x36.png 36w\" sizes=\"(max-width: 100px) 100vw, 100px\" \/>Credit Suisse<\/td>\n<td><img decoding=\"async\" class=\"alignnone size-full wp-image-9801\" src=\"https:\/\/www.star-ts.com\/wp-content\/uploads\/2014\/06\/Ministry-of-Finance-of-the-Czech-Republic.png\" alt=\"Ministerie van Financi\u00ebn van de Tsjechische Republiek\" width=\"100\" height=\"100\" srcset=\"https:\/\/www.star-ts.com\/wp-content\/uploads\/2014\/06\/Ministry-of-Finance-of-the-Czech-Republic.png 100w, https:\/\/www.star-ts.com\/wp-content\/uploads\/2014\/06\/Ministry-of-Finance-of-the-Czech-Republic-80x80.png 80w, https:\/\/www.star-ts.com\/wp-content\/uploads\/2014\/06\/Ministry-of-Finance-of-the-Czech-Republic-36x36.png 36w\" sizes=\"(max-width: 100px) 100vw, 100px\" \/>Ministerie van Financi\u00ebn van de Tsjechische Republiek<\/td>\n<td><img decoding=\"async\" class=\"alignnone size-full wp-image-9795\" src=\"https:\/\/www.star-ts.com\/wp-content\/uploads\/2014\/06\/Groupe-Mutuel.png\" alt=\"Groupe Mutuel\" width=\"100\" height=\"100\"\/>Groupe Mutuel<\/td>\n<\/tr>\n<tr>\n<td><img decoding=\"async\" class=\"alignnone size-full wp-image-9800\" src=\"https:\/\/www.star-ts.com\/wp-content\/uploads\/2014\/06\/I-Flex-Solutions.png\" alt=\"i-flex Solutions\" width=\"100\" height=\"100\" srcset=\"https:\/\/www.star-ts.com\/wp-content\/uploads\/2014\/06\/I-Flex-Solutions.png 100w, https:\/\/www.star-ts.com\/wp-content\/uploads\/2014\/06\/I-Flex-Solutions-80x80.png 80w, https:\/\/www.star-ts.com\/wp-content\/uploads\/2014\/06\/I-Flex-Solutions-36x36.png 36w\" sizes=\"(max-width: 100px) 100vw, 100px\" \/>i-flex Solutions<\/td>\n<td><img decoding=\"async\" class=\"alignnone size-full wp-image-9795\" src=\"https:\/\/www.star-ts.com\/wp-content\/uploads\/2014\/06\/Rothschild-Bank-AG.png\" alt=\"Rothschild Bank AG\" width=\"100\" height=\"100\" srcset=\"https:\/\/www.star-ts.com\/wp-content\/uploads\/2014\/06\/Rothschild-Bank-AG.png 100w, https:\/\/www.star-ts.com\/wp-content\/uploads\/2014\/06\/Rothschild-Bank-AG-80x80.png 80w, https:\/\/www.star-ts.com\/wp-content\/uploads\/2014\/06\/Rothschild-Bank-AG-36x36.png 36w\" sizes=\"(max-width: 100px) 100vw, 100px\" \/>Rothschild Bank AG<\/td>\n<td><img decoding=\"async\" class=\"alignnone size-full wp-image-9797\" src=\"https:\/\/www.star-ts.com\/wp-content\/uploads\/2014\/06\/Suva.png\" alt=\"Suva\" width=\"100\" height=\"100\" srcset=\"https:\/\/www.star-ts.com\/wp-content\/uploads\/2014\/06\/Suva.png 100w, https:\/\/www.star-ts.com\/wp-content\/uploads\/2014\/06\/Suva-80x80.png 80w, https:\/\/www.star-ts.com\/wp-content\/uploads\/2014\/06\/Suva-36x36.png 36w\" sizes=\"(max-width: 100px) 100vw, 100px\" \/>Suva<\/td>\n<td><img decoding=\"async\" class=\"alignnone size-full wp-image-9799\" src=\"https:\/\/www.star-ts.com\/wp-content\/uploads\/2014\/06\/UNESCO.png\" alt=\"UNESCO\" width=\"100\" height=\"100\" srcset=\"https:\/\/www.star-ts.com\/wp-content\/uploads\/2014\/06\/UNESCO.png 100w, https:\/\/www.star-ts.com\/wp-content\/uploads\/2014\/06\/UNESCO-80x80.png 80w, https:\/\/www.star-ts.com\/wp-content\/uploads\/2014\/06\/UNESCO-36x36.png 36w\" sizes=\"(max-width: 100px) 100vw, 100px\" \/>UNESCO<\/td>\n<\/tr>\n<tr>\n<td><img decoding=\"async\" class=\"alignnone size-full wp-image-9802\" src=\"https:\/\/www.star-ts.com\/wp-content\/uploads\/2014\/06\/World-Bank.png\" alt=\"Wereldbank\" width=\"100\" height=\"100\" srcset=\"https:\/\/www.star-ts.com\/wp-content\/uploads\/2014\/06\/World-Bank.png 100w, https:\/\/www.star-ts.com\/wp-content\/uploads\/2014\/06\/World-Bank-80x80.png 80w, https:\/\/www.star-ts.com\/wp-content\/uploads\/2014\/06\/World-Bank-36x36.png 36w\" sizes=\"(max-width: 100px) 100vw, 100px\" \/>Wereldbank<\/td>\n<td><img decoding=\"async\" class=\"alignnone size-full wp-image-9803\" src=\"https:\/\/www.star-ts.com\/wp-content\/uploads\/2014\/06\/WTO.png\" alt=\"Wereldhandelsorganisatie\" width=\"100\" height=\"100\" srcset=\"https:\/\/www.star-ts.com\/wp-content\/uploads\/2014\/06\/WTO.png 100w, https:\/\/www.star-ts.com\/wp-content\/uploads\/2014\/06\/WTO-80x80.png 80w, https:\/\/www.star-ts.com\/wp-content\/uploads\/2014\/06\/WTO-36x36.png 36w\" sizes=\"(max-width: 100px) 100vw, 100px\" \/>WTO<\/td>\n<\/tr>\n<\/tbody>\n<\/table>\n<\/div><\/section><\/div>\n<div  class='flex_column av-6y6wj3-cb0f014906aaebf5e284dd69bdd9d07c av_one_full  avia-builder-el-15  el_after_av_one_full  avia-builder-el-last  first flex_column_div  column-top-margin'     ><section  class='av_textblock_section av-59y1tr-eba1dbaad58c4dd119a68cf3212908a6 '   itemscope=\"itemscope\" itemtype=\"https:\/\/schema.org\/CreativeWork\" ><div class='avia_textblock'  itemprop=\"text\" ><p><a class=\"button\" href=\"https:\/\/www.star-ts.com\/translation-services\/government-translation-services\/\">Vertaling voor de publieke sector<\/a><\/p>\n<p><a class=\"button\" href=\"https:\/\/www.star-ts.com\/nl\/languages\/\">kies een taal<\/a><\/p>\n<\/div><\/section><\/div>\n","protected":false},"excerpt":{"rendered":"<p>Financi\u00eble vertaalspecialisten voor de financi\u00eble sector voor jaarverslagen, financi\u00eble documenten en verklaringen door professionele vertalers.<\/p>\n","protected":false},"author":1,"featured_media":0,"parent":119819,"menu_order":7,"comment_status":"closed","ping_status":"closed","template":"","meta":{"footnotes":""},"class_list":["post-119312","page","type-page","status-publish","hentry"],"_links":{"self":[{"href":"https:\/\/www.star-ts.com\/nl\/wp-json\/wp\/v2\/pages\/119312","targetHints":{"allow":["GET"]}}],"collection":[{"href":"https:\/\/www.star-ts.com\/nl\/wp-json\/wp\/v2\/pages"}],"about":[{"href":"https:\/\/www.star-ts.com\/nl\/wp-json\/wp\/v2\/types\/page"}],"author":[{"embeddable":true,"href":"https:\/\/www.star-ts.com\/nl\/wp-json\/wp\/v2\/users\/1"}],"replies":[{"embeddable":true,"href":"https:\/\/www.star-ts.com\/nl\/wp-json\/wp\/v2\/comments?post=119312"}],"version-history":[{"count":0,"href":"https:\/\/www.star-ts.com\/nl\/wp-json\/wp\/v2\/pages\/119312\/revisions"}],"up":[{"embeddable":true,"href":"https:\/\/www.star-ts.com\/nl\/wp-json\/wp\/v2\/pages\/119819"}],"wp:attachment":[{"href":"https:\/\/www.star-ts.com\/nl\/wp-json\/wp\/v2\/media?parent=119312"}],"curies":[{"name":"wp","href":"https:\/\/api.w.org\/{rel}","templated":true}]}}