{"id":119235,"date":"2025-11-07T09:37:20","date_gmt":"2025-11-07T09:37:20","guid":{"rendered":"https:\/\/www.star-ts.com\/translation-faq\/how-long-does-it-take-to-translate-a-document\/"},"modified":"2025-11-07T10:26:56","modified_gmt":"2025-11-07T10:26:56","slug":"how-long-does-it-take-to-translate-a-document","status":"publish","type":"page","link":"https:\/\/www.star-ts.com\/nl\/translation-faq\/how-long-does-it-take-to-translate-a-document\/","title":{"rendered":"Hoe lang duurt het om een document te vertalen?"},"content":{"rendered":"<div id='full_slider_1'  class='avia-fullwidth-slider main_color avia-shadow av-medium-hide av-small-hide av-mini-hide  avia-builder-el-0  el_before_av_one_full  avia-builder-el-first   container_wrap sidebar_right'  ><div  class='avia-slideshow av-k1n0ww-04c106fa6267403c64a7528248e33e67 avia-slideshow-featured av_slideshow_full avia-slide-slider av-medium-hide av-small-hide av-mini-hide av-slideshow-ui av-control-default av-slideshow-manual av-loop-once av-loop-manual-endless av-default-height-applied   avia-slideshow-1' data-slideshow-options=\"{&quot;animation&quot;:&quot;slide&quot;,&quot;autoplay&quot;:false,&quot;loop_autoplay&quot;:&quot;once&quot;,&quot;interval&quot;:5,&quot;loop_manual&quot;:&quot;manual-endless&quot;,&quot;autoplay_stopper&quot;:false,&quot;noNavigation&quot;:false,&quot;bg_slider&quot;:false,&quot;keep_padding&quot;:false,&quot;hoverpause&quot;:false,&quot;show_slide_delay&quot;:0}\"  itemprop=\"image\" itemscope=\"itemscope\" itemtype=\"https:\/\/schema.org\/ImageObject\" ><ul class='avia-slideshow-inner ' style='padding-bottom: 28.666666666667%;'><li  class='avia-slideshow-slide av-k1n0ww-04c106fa6267403c64a7528248e33e67__0  av-single-slide slide-1 slide-odd'><div data-rel='slideshow-1' class='avia-slide-wrap '   ><div class='av-slideshow-caption av-k1n0ww-04c106fa6267403c64a7528248e33e67__0 caption_fullwidth caption_center caption_center_framed caption_framed'><div class=\"container caption_container\"><div class=\"slideshow_caption\"><div class=\"slideshow_inner_caption\"><div class=\"slideshow_align_caption\"><h2 class='avia-caption-title '  itemprop=\"name\" >Hoe lang duurt het om een document te vertalen?<\/h2><div class='avia-caption-content '  itemprop=\"description\" ><p>Het antwoord hangt echt af van de inhoud, taal en het doel van de vertaling.<\/p>\n<\/div><\/div><\/div><\/div><\/div><\/div><img decoding=\"async\" fetchpriority=\"high\" class=\"wp-image-72339 avia-img-lazy-loading-not-72339\"  src=\"https:\/\/www.star-ts.com\/wp-content\/uploads\/2018\/07\/money-with-clock-smaller-2696229_1920-1-Copy-1500x430.jpg\" width=\"1500\" height=\"430\" title='geld met klok kleiner-2696229_1920 (1) - kopie' alt='Klok en contant geld'  itemprop=\"thumbnailUrl\"   \/><\/div><\/li><\/ul><\/div><\/div><div id='after_full_slider_1'  class='main_color av_default_container_wrap container_wrap sidebar_right'  ><div class='container av-section-cont-open' ><div class='template-page content  av-content-small alpha units'><div class='post-entry post-entry-type-page post-entry-119235'><div class='entry-content-wrapper clearfix'>\n<p>\n<style type=\"text\/css\" data-created_by=\"avia_inline_auto\" id=\"style-css-av-9iq4ds-974c67024490105a11c32acc2c09798e\">\n.flex_column.av-9iq4ds-974c67024490105a11c32acc2c09798e{\nborder-radius:0px 0px 0px 0px;\npadding:0px 0px 0px 0px;\n}\n<\/style>\n<div  class='flex_column av-9iq4ds-974c67024490105a11c32acc2c09798e av_one_full  avia-builder-el-1  el_after_av_slideshow_full  el_before_av_one_half  avia-builder-el-first  first flex_column_div av-zero-column-padding  '     ><section  class='av_textblock_section av-kelc4e60-b2ab3de559afd3034323c93115fdb357 '   itemscope=\"itemscope\" itemtype=\"https:\/\/schema.org\/CreativeWork\" ><div class='avia_textblock'  itemprop=\"text\" ><h1>Hoe lang duurt het om een document te vertalen?<\/h1>\n<p>Doorgaans vertaalt een menselijke vertaler tussen de 1.200 en 1.400 nieuwe woorden per dag. Dat komt neer op ongeveer 4-5 pagina&#8217;s.<\/p>\n<p>Een standaard A4-pagina bevat ongeveer 300 woorden. Dit is met een standaard lettergrootte &#8211; vergelijkbaar met Times New Roman 12 pt of Arial 12pt en enkele regelafstand. <\/p>\n<p>U moet voorzichtig zijn aangezien sommige contracten tot wel 800 woorden in de kleine letters kunnen bevatten. We moeten dus kijken naar de tekst, het formaat en de inhoud. Juridische vertalingen gaan bijvoorbeeld langzamer dan algemene zakelijke teksten.  <\/p>\n<p><strong>Vertaling:<\/strong><\/p>\n<p>Uitgaande van \u00e9\u00e9n vertaler die aan een project werkt, kan de doorlooptijd als volgt worden geschat: <strong>T=(totaal aantal woorden \/ 1.200)<\/strong>. Vertaling gaat normaal gesproken sneller dan dit, maar dit is een zeer goede algemene richtlijn voor de planning. <\/p>\n<p><strong>Proeflezen:<\/strong><\/p>\n<p>Een professionele proeflezer leest gemiddeld ongeveer 4.000 woorden per dag. De tijd om de vertaling te controleren is dus <\/p>\n<p><strong>P=(totaal aantal woorden \/ 4.000) dagen.<\/strong><\/p>\n<p><strong>Vragen en projectmanagement.<\/strong><\/p>\n<p>Vaak zijn er tijdens een project vragen over de tekst of bestanden die u heeft gestuurd. Het is verstandig om 1 of 2 dagen aan uw planning toe te voegen om hier rekening mee te houden. <\/p>\n<p><strong>Q = 2 dagen.<\/strong><\/p>\n<p><strong>Opmaakwerk (desktop publishing)<\/strong><\/p>\n<p>Als uw document opmaakwerk na vertaling vereist, wordt dit per pagina berekend. Als algemene regel kunt u uitgaan van ongeveer 25 pagina&#8217;s per dag voor DTP. <\/p>\n<p><strong>DTP = (Totaal aantal pagina&#8217;s \/ 25) dagen.<\/strong><\/p>\n<p><strong>Totale doorlooptijd:<\/strong><\/p>\n<p>Tel ten slotte al deze variabelen bij elkaar op om uw geschatte tijd voor vertaling te krijgen.<\/p>\n<p><strong>Doorlooptijd voor vertaling = T+P+Q+DTP dagen<\/strong><\/p>\n<\/div><\/section><\/div>\n<style type=\"text\/css\" data-created_by=\"avia_inline_auto\" id=\"style-css-av-6yqv4w-bbe72b0c4ae364a28abba21102cfbff1\">\n.flex_column.av-6yqv4w-bbe72b0c4ae364a28abba21102cfbff1{\nborder-radius:0px 0px 0px 0px;\npadding:0px 0px 0px 0px;\n}\n<\/style>\n<div  class='flex_column av-6yqv4w-bbe72b0c4ae364a28abba21102cfbff1 av_one_half  avia-builder-el-3  el_after_av_one_full  el_before_av_one_half  first flex_column_div av-zero-column-padding  column-top-margin'     ><section  class='av_textblock_section av-kecpvkh2-1fff26377e9754166b01c392c38510e9 '   itemscope=\"itemscope\" itemtype=\"https:\/\/schema.org\/CreativeWork\" ><div class='avia_textblock'  itemprop=\"text\" ><div  class='avia-button-wrap avia-button-center  avia-builder-el-5  avia-builder-el-no-sibling '>\n<style type=\"text\/css\" data-created_by=\"avia_inline_auto\" id=\"style-css-av-67tfg0-64c7b74b6a56a803cc6ac8b73434c547\">\n#top #wrap_all .avia-button.av-67tfg0-64c7b74b6a56a803cc6ac8b73434c547{\nbackground-color:#08a742;\nborder-color:#08a742;\ncolor:#ffffff;\ntransition:all 0.4s ease-in-out;\n}\n#top #wrap_all .avia-button.av-67tfg0-64c7b74b6a56a803cc6ac8b73434c547:hover{\nbackground-color:#07b207;\ncolor:#ffffff;\ntransition:all 0.4s ease-in-out;\n}\n#top #wrap_all .avia-button.av-67tfg0-64c7b74b6a56a803cc6ac8b73434c547 .avia-svg-icon svg:first-child{\nfill:#ffffff;\nstroke:#ffffff;\n}\n#top #wrap_all .avia-button.av-67tfg0-64c7b74b6a56a803cc6ac8b73434c547:hover .avia-svg-icon svg:first-child{\nfill:#ffffff;\nstroke:#ffffff;\n}\n<\/style>\n<a href='https:\/\/www.star-ts.com\/nl\/translate-now\/' class='avia-button avia-button-fullwidth av-67tfg0-64c7b74b6a56a803cc6ac8b73434c547 avia-icon_select-no avia-color-custom'   aria-label=\"Vraag een offerte aan\"><span class='avia_iconbox_title' >Vraag een offerte aan<\/span><\/a><\/div>\n<\/div><\/section><\/div><\/p>\n\n<style type=\"text\/css\" data-created_by=\"avia_inline_auto\" id=\"style-css-av-495280-cd102efbc26b872b78d547567986d872\">\n.flex_column.av-495280-cd102efbc26b872b78d547567986d872{\nborder-radius:0px 0px 0px 0px;\npadding:0px 0px 0px 0px;\n}\n<\/style>\n<div  class='flex_column av-495280-cd102efbc26b872b78d547567986d872 av_one_half  avia-builder-el-6  el_after_av_one_half  el_before_av_one_full  flex_column_div av-zero-column-padding  column-top-margin'     ><section  class='av_textblock_section av-kecpzm7g-10459406923501180c7f6f740a01db4f '   itemscope=\"itemscope\" itemtype=\"https:\/\/schema.org\/CreativeWork\" ><div class='avia_textblock'  itemprop=\"text\" ><div  class='avia-button-wrap avia-button-center  avia-builder-el-8  avia-builder-el-no-sibling '>\n<style type=\"text\/css\" data-created_by=\"avia_inline_auto\" id=\"style-css-av-33ofnk-6fbb2a33996c9fbc89b416a92ac281ad\">\n#top #wrap_all .avia-button.av-33ofnk-6fbb2a33996c9fbc89b416a92ac281ad:hover{\ncolor:#ffffff;\ntransition:all 0.4s ease-in-out;\n}\n#top #wrap_all .avia-button.av-33ofnk-6fbb2a33996c9fbc89b416a92ac281ad:hover .avia-svg-icon svg:first-child{\nfill:#ffffff;\nstroke:#ffffff;\n}\n<\/style>\n<a href='https:\/\/www.star-ts.com\/nl\/neem-contact-met-ons-op\/' class='avia-color-dark avia-font-color-black avia-button avia-button-fullwidth av-33ofnk-6fbb2a33996c9fbc89b416a92ac281ad avia-icon_select-no avia-color-dark'   aria-label=\"Contact\"><span class='avia_iconbox_title' >Contact<\/span><span class='avia_button_background avia-button avia-button-fullwidth avia-color-theme-color-subtle'><\/span><\/a><\/div>\n<\/div><\/section><\/div>\n<div  class='flex_column av-hcfkz4-e5e0a069363b7f49b5e024580536525f av_one_full  avia-builder-el-9  el_after_av_one_half  el_before_av_one_third  first flex_column_div  column-top-margin'     ><section  class='av_textblock_section av-ffzszk-0700bc9a2ef9bbde0a02f61c90ed8b3f '   itemscope=\"itemscope\" itemtype=\"https:\/\/schema.org\/CreativeWork\" ><div class='avia_textblock'  itemprop=\"text\" ><h2 class=\"uxf Xpa\">Hoe krijgt u een woordentelling in Microsoft Word<\/h2>\n<p>De meeste tekstverwerkers bieden de mogelijkheid om een woordentelling te krijgen. In Microsoft Word vindt u dit onder het menu &#8216;Controleren&#8217;. <\/p>\n<p><img decoding=\"async\" class=\"aligncenter size-full wp-image-37368\" src=\"https:\/\/www.star-ts.com\/wp-content\/uploads\/2020\/01\/microsft-word-count.png\" alt=\"\" width=\"544\" height=\"159\" srcset=\"https:\/\/www.star-ts.com\/wp-content\/uploads\/2020\/01\/microsft-word-count.png 544w, https:\/\/www.star-ts.com\/wp-content\/uploads\/2020\/01\/microsft-word-count-300x88.png 300w, https:\/\/www.star-ts.com\/wp-content\/uploads\/2020\/01\/microsft-word-count-80x23.png 80w\" sizes=\"(max-width: 544px) 100vw, 544px\" \/><\/p>\n<p>Door op de knop woordentelling te klikken worden de statistieken weergegeven voor het document waaraan u werkt.<\/p>\n<p><img decoding=\"async\" class=\"aligncenter size-entry_without_sidebar wp-image-37374\" src=\"https:\/\/www.star-ts.com\/wp-content\/uploads\/2020\/01\/microsft-word-count-statistics.png\" alt=\"\" width=\"265\" height=\"235\" srcset=\"https:\/\/www.star-ts.com\/wp-content\/uploads\/2020\/01\/microsft-word-count-statistics.png 265w, https:\/\/www.star-ts.com\/wp-content\/uploads\/2020\/01\/microsft-word-count-statistics-80x71.png 80w\" sizes=\"(max-width: 265px) 100vw, 265px\" \/><\/p>\n<h3>Taalverschillen<\/h3>\n<p>Voor meer complexe talen zoals Chinees, <a href=\"https:\/\/www.star-ts.com\/nl\/japanese-translation\/\">Japans<\/a>, Urdu, Turks, etc., is de gemiddelde output van vertalers iets lager. U moet bij de planning van uw vertaalproject ook rekening houden met de communicatie-overhead die gepaard gaat met het werken in verschillende tijdzones. <\/p>\n<p>Met meer dan 50 wereldwijde kantoren <a href=\"https:\/\/www.star-ts.com\/nl\/languages\/\">vertalen wij alle talen<\/a> parallel. Dus zelfs als een opdracht vertalingen in meer dan \u00e9\u00e9n taal betreft, duurt het even lang als een opdracht die naar slechts \u00e9\u00e9n taal gaat. <\/p>\n<figure class=\"Xpl\"><\/figure>\n<\/div><\/section><\/div>\n\n<style type=\"text\/css\" data-created_by=\"avia_inline_auto\" id=\"style-css-av-4a0crk-d47e28c923a893f67fe6964ab6e94140\">\n.flex_column.av-4a0crk-d47e28c923a893f67fe6964ab6e94140{\nborder-radius:0px 0px 0px 0px;\npadding:0px 0px 0px 0px;\n}\n<\/style>\n<div  class='flex_column av-4a0crk-d47e28c923a893f67fe6964ab6e94140 av_one_third  avia-builder-el-11  el_after_av_one_full  el_before_av_two_third  first flex_column_div av-zero-column-padding  column-top-margin'     ><section  class='av_textblock_section av-ffzszk-1-5b223000b7d61c15b8ec660af2d70ffc '   itemscope=\"itemscope\" itemtype=\"https:\/\/schema.org\/CreativeWork\" ><div class='avia_textblock'  itemprop=\"text\" ><div class=\"uxf Xpa\">\n<\/div>\n<figure class=\"Xpl\"><img decoding=\"async\" src=\"https:\/\/www.star-ts.com\/wp-content\/uploads\/2014\/07\/how-long-does-it-take-to-translate.png\" alt=\"Tijd om een document te vertalen\" width=\"400\" height=\"320\"\/><\/figure>\n<\/div><\/section><\/div>\n\n<style type=\"text\/css\" data-created_by=\"avia_inline_auto\" id=\"style-css-av-3a5ufk-930165182f3c3e13b9dc0d8918501f31\">\n.flex_column.av-3a5ufk-930165182f3c3e13b9dc0d8918501f31{\nborder-radius:0px 0px 0px 0px;\npadding:0px 0px 0px 0px;\n}\n<\/style>\n<div  class='flex_column av-3a5ufk-930165182f3c3e13b9dc0d8918501f31 av_two_third  avia-builder-el-13  el_after_av_one_third  el_before_av_one_full  flex_column_div av-zero-column-padding  column-top-margin'     ><section  class='av_textblock_section av-k4153lsm-d8f12b3c97a4bbb35a55ce864941769d '   itemscope=\"itemscope\" itemtype=\"https:\/\/schema.org\/CreativeWork\" ><div class='avia_textblock'  itemprop=\"text\" ><h4>Veelgestelde vragen<\/h4>\n<p><a href=\"https:\/\/www.star-ts.com\/nl\/translation-faq\/how-fast-can-you-translate-a-document\/\">Hoe snel kunt u een document vertalen?<\/a><\/p>\n<p><a href=\"https:\/\/www.star-ts.com\/nl\/translation-faq\/what-is-a-rush-translation\/\">Wat is een spoedvertaling?<\/a><\/p>\n<p><a href=\"https:\/\/www.star-ts.com\/nl\/translation-faq\/why-do-you-have-minimum-charges\/\">Waarom hanteert u minimumtarieven?<\/a><\/p>\n<p><a href=\"https:\/\/www.star-ts.com\/nl\/translation-faq\/what-is-dtp\/\">Wat is DTP?<\/a><\/p>\n<p><a href=\"https:\/\/www.star-ts.com\/nl\/translation-faq\/\">Lees al onze vertaal FAQ&#8217;s<\/a><\/p>\n<\/div><\/section><\/div>\n<div  class='flex_column av-e256i8-404b09fe736b54848e866c4b5092dd6f av_one_full  avia-builder-el-15  el_after_av_two_third  el_before_av_one_full  first flex_column_div  column-top-margin'     ><section  class='av_textblock_section av-d0nq9c-d32b6720da876cd7deecac7d15b1bde9 '   itemscope=\"itemscope\" itemtype=\"https:\/\/schema.org\/CreativeWork\" ><div class='avia_textblock'  itemprop=\"text\" ><h3>Resultaten leveren<\/h3>\n<p>Indien u de vertaling sneller geleverd wilt hebben, kunnen wij onze teams daarop aanpassen. Wij verstrekken deze basisberekeningen altijd aan onze klanten zodat zij de omvang van hun projecten kunnen inschatten voordat de vertaling begint. Onze proeflezers verwerken gemiddeld ongeveer 6.000 woorden per dag, afhankelijk van de complexiteit van de tekst.   <\/p>\n<p>De doorlooptijd kan vari\u00ebren afhankelijk van feedback van de klant en eventuele problemen die zich van tijd tot tijd voordoen tijdens het vertaal- en correctieproces. Een voorbeeld hiervan is wanneer het team tijdens het vertalen een term tegenkomt die verdere verduidelijking van de klant vereist om ervoor te zorgen dat deze accuraat wordt ge\u00efnterpreteerd en correct wordt vertaald in de doeltaal. Ons doel met betrekking tot levertijden is om te doen wat het beste is voor de klant en om de hoogste kwaliteit vertaling te leveren. We bereiken dit door \u00e9\u00e9n hoofdvertaler aan te stellen voor elk document of project.   <\/p>\n<p>De inhoud speelt ook een rol bij de vertaallevering. Medische en juridische teksten zouden uiteraard langzamer gaan dan algemene zakelijke teksten. <\/p>\n<p>Wij zullen tijdens de offerte-fase altijd vragen welk type vertaling u wenst. We krijgen vaak vragen over verschillende soorten vertalingen. <\/p>\n<ul>\n<li>Intern gebruik<br \/>\nDit kan zijn wanneer u alleen wilt controleren wat er in een document staat. Voor aanbestedingen bijvoorbeeld hebben klanten soms snel een ruwe vertaling nodig om te kunnen reageren. In dit geval kunnen we onze proefleesfases verminderen om sneller voor u te vertalen. De vertaling kan enkele inconsistenties bevatten maar is 100% geschikt voor het doel.   <\/li>\n<li>Alleen ter referentie<br \/>\nWe hebben vaak klanten die documenten nodig hebben voor een klein publiek, alleen ter referentie. Dit kan een groep ingenieurs zijn die wordt opgeleid voor een product. Voor dit type project moeten de documenten technisch accuraat zijn, maar hoeft de opmaak niet perfect te zijn. Het hangt af van het publiek.   <\/li>\n<li>Printkwaliteit<br \/>\nHet merendeel van ons werk gaat naar druk, dus moeten we elk woord en elke zin dubbel controleren. Dit is het niveau dat we standaard leveren <\/li>\n<\/ul>\n<\/div><\/section><\/div>\n<div  class='flex_column av-6ma8w-01ee8c2816103182c98102e8892545c7 av_one_full  avia-builder-el-17  el_after_av_one_full  el_before_av_section  avia-builder-el-last  first flex_column_div  column-top-margin'     ><section  class='av_textblock_section av-kngfwpfr-a450537d4f6e3c9a22031d902374f308 '   itemscope=\"itemscope\" itemtype=\"https:\/\/schema.org\/CreativeWork\" ><div class='avia_textblock'  itemprop=\"text\" ><h3>Documentvragen<\/h3>\n<p>Hier zijn enkele van de meest gestelde vragen over documenten.<\/p>\n<ul>\n<li><strong>Hoe groot is een document van 300 woorden?<\/strong><\/li>\n<\/ul>\n<p>300 woorden is ongeveer \u00e9\u00e9n A4-pagina met normale regelafstand en lettergrootte Arial 10. Het is de omvang van een standaard document. <\/p>\n<ul>\n<li><strong>Hoeveel pagina&#8217;s is een document van 1200 woorden?<\/strong><\/li>\n<\/ul>\n<p>Meestal is 1200 Engelse woorden ongeveer 4 pagina&#8217;s lang. Het zou dus ongeveer een dag kosten om te vertalen. <\/p>\n<ul>\n<li><strong>Hoeveel kost het om een document te vertalen?<\/strong><\/li>\n<\/ul>\n<p>U kunt onze pagina over <a href=\"https:\/\/www.star-ts.com\/nl\/translation-faq\/how-do-you-price-translation-projects\/\">vertaaltarieven<\/a> lezen.<\/p>\n<ul>\n<li><strong>Hoe snel kunt u een document vertalen?<\/strong><\/li>\n<\/ul>\n<p>Dit hangt af van de kwaliteit die u nodig heeft en het aantal vertalers op het project. Zie meer over <a href=\"https:\/\/www.star-ts.com\/nl\/translation-faq\/how-fast-can-you-translate-a-document\/\">snelvertaling<\/a>. <\/p>\n<ul>\n<li><strong>Hoe maak ik documenten sneller te vertalen?<\/strong><\/li>\n<\/ul>\n<p>Er staan een aantal ontwerptips in ons gratis e-book die u helpen bij het <a href=\"https:\/\/www.star-ts.com\/nl\/faster-translation-whitepaper\/\">schrijven van documenten die gemakkelijker te vertalen zijn<\/a>.<\/p>\n<ul>\n<li><strong>Hoeveel woorden staan er in algemene voorwaarden?<\/strong><\/li>\n<\/ul>\n<p>Hoe zit het met de kleine letters? Dit is iets om op te letten. Sommige algemene voorwaarden of juridische overeenkomsten kunnen 800 woorden of meer op \u00e9\u00e9n pagina bevatten. Kijk maar eens op de achterkant van uw bankafschrift of hypotheek. De kleine letters kunnen zeer uitgebreid en duur zijn om te vertalen. We adviseren klanten vaak om het gedeelte met kleine letters als een apart document te hebben &#8211; zodat u het maar \u00e9\u00e9n keer hoeft te vertalen. Het helpt bij documentbeheer en houdt de kosten voor u laag.<\/p>\n<\/div><\/section><\/div>\n<\/div><\/div><\/div><!-- close content main div --><\/div><\/div><div id='relxa'  class='avia-section av-73a6rk-8f5ecdc58956f456a33668a055bae4f7 main_color avia-section-default avia-no-shadow  avia-builder-el-19  el_after_av_one_full  avia-builder-el-last  avia-bg-style-scroll container_wrap sidebar_right'  ><div class='container av-section-cont-open' ><div class='template-page content  av-content-small alpha units'><div class='post-entry post-entry-type-page post-entry-119235'><div class='entry-content-wrapper clearfix'>\n<section  class='av_textblock_section av-jur0w-70108c3a670b90e00258b09a6428c1f1 '   itemscope=\"itemscope\" itemtype=\"https:\/\/schema.org\/CreativeWork\" ><div class='avia_textblock'  itemprop=\"text\" ><p>U wilt misschien ook lezen&#8230;<\/p>\n<p><a href=\"https:\/\/www.star-ts.com\/nl\/translation-faq\/what-is-a-rush-translation\/\">Wat is een spoedvertaling?<\/a><\/p>\n<p><a href=\"https:\/\/www.star-ts.com\/nl\/translation-faq\/how-fast-can-you-translate-a-document\/\">Hoe snel kunt u vertalen?<\/a><\/p>\n<\/div><\/section>\n<\/div><\/div><\/div><!-- close content main div --><\/div><\/div><div id='after_section_1'  class='main_color av_default_container_wrap container_wrap sidebar_right'  ><div class='container av-section-cont-open' ><div class='template-page content  av-content-small alpha units'><div class='post-entry post-entry-type-page post-entry-119235'><div class='entry-content-wrapper clearfix'>\n","protected":false},"excerpt":{"rendered":"<p>Doorgaans vertalen onze vertalers tussen de 1.200 en 1.400 nieuwe woorden per dag. Dat komt neer op ongeveer 4-5 pagina&#8217;s.<\/p>\n<p>Een standaard A4-pagina bevat ongeveer 300 woorden. Dit is met een standaard lettergrootte &#8211; vergelijkbaar met Times New Roman 12 pt of Arial 12pt en enkele regelafstand. <\/p>\n","protected":false},"author":1,"featured_media":72339,"parent":118824,"menu_order":10,"comment_status":"open","ping_status":"closed","template":"","meta":{"footnotes":""},"class_list":["post-119235","page","type-page","status-publish","has-post-thumbnail","hentry"],"_links":{"self":[{"href":"https:\/\/www.star-ts.com\/nl\/wp-json\/wp\/v2\/pages\/119235","targetHints":{"allow":["GET"]}}],"collection":[{"href":"https:\/\/www.star-ts.com\/nl\/wp-json\/wp\/v2\/pages"}],"about":[{"href":"https:\/\/www.star-ts.com\/nl\/wp-json\/wp\/v2\/types\/page"}],"author":[{"embeddable":true,"href":"https:\/\/www.star-ts.com\/nl\/wp-json\/wp\/v2\/users\/1"}],"replies":[{"embeddable":true,"href":"https:\/\/www.star-ts.com\/nl\/wp-json\/wp\/v2\/comments?post=119235"}],"version-history":[{"count":0,"href":"https:\/\/www.star-ts.com\/nl\/wp-json\/wp\/v2\/pages\/119235\/revisions"}],"up":[{"embeddable":true,"href":"https:\/\/www.star-ts.com\/nl\/wp-json\/wp\/v2\/pages\/118824"}],"wp:featuredmedia":[{"embeddable":true,"href":"https:\/\/www.star-ts.com\/nl\/wp-json\/wp\/v2\/media\/72339"}],"wp:attachment":[{"href":"https:\/\/www.star-ts.com\/nl\/wp-json\/wp\/v2\/media?parent=119235"}],"curies":[{"name":"wp","href":"https:\/\/api.w.org\/{rel}","templated":true}]}}