{"id":119102,"date":"2025-11-07T09:33:35","date_gmt":"2025-11-07T09:33:35","guid":{"rendered":"https:\/\/www.star-ts.com\/korean-translation\/"},"modified":"2026-01-05T12:16:07","modified_gmt":"2026-01-05T12:16:07","slug":"korean-translation","status":"publish","type":"page","link":"https:\/\/www.star-ts.com\/nl\/korean-translation\/","title":{"rendered":"Koreaanse vertaaldiensten"},"content":{"rendered":"<div id='full_slider_1'  class='avia-fullwidth-slider main_color avia-shadow av-small-hide av-mini-hide  avia-builder-el-0  el_before_av_one_third  avia-builder-el-first   container_wrap sidebar_right'  ><div  class='avia-slideshow av-k1g6t2ur-ca81a54bf6897ec9d39bd696e9052b4f avia-slideshow-featured av_slideshow_full avia-slide-slider av-small-hide av-mini-hide av-slideshow-ui av-control-default av-slideshow-manual av-loop-once av-loop-manual-endless av-default-height-applied   avia-slideshow-1' data-slideshow-options=\"{&quot;animation&quot;:&quot;slide&quot;,&quot;autoplay&quot;:false,&quot;loop_autoplay&quot;:&quot;once&quot;,&quot;interval&quot;:5,&quot;loop_manual&quot;:&quot;manual-endless&quot;,&quot;autoplay_stopper&quot;:false,&quot;noNavigation&quot;:false,&quot;bg_slider&quot;:false,&quot;keep_padding&quot;:false,&quot;hoverpause&quot;:false,&quot;show_slide_delay&quot;:0}\"  itemprop=\"image\" itemscope=\"itemscope\" itemtype=\"https:\/\/schema.org\/ImageObject\" ><ul class='avia-slideshow-inner ' style='padding-bottom: 28.666666666667%;'><li  class='avia-slideshow-slide av-k1g6t2ur-ca81a54bf6897ec9d39bd696e9052b4f__0  av-single-slide slide-1 slide-odd'><div data-rel='slideshow-1' class='avia-slide-wrap '   ><div class='av-slideshow-caption av-k1g6t2ur-ca81a54bf6897ec9d39bd696e9052b4f__0 caption_fullwidth caption_center caption_center_framed caption_framed'><div class=\"container caption_container\"><div class=\"slideshow_caption\"><div class=\"slideshow_inner_caption\"><div class=\"slideshow_align_caption\"><h2 class='avia-caption-title '  itemprop=\"name\" >Koreaanse vertaling<\/h2><div class='avia-caption-content '  itemprop=\"description\" ><p>Engels naar Koreaans vertaaldiensten<\/p>\n<\/div><\/div><\/div><\/div><\/div><\/div><img decoding=\"async\" fetchpriority=\"high\" class=\"wp-image-105797 avia-img-lazy-loading-not-105797\"  src=\"https:\/\/www.star-ts.com\/wp-content\/uploads\/2019\/10\/lotte-world-tower-1791802_1920-1500x430.jpg\" width=\"1500\" height=\"430\" title='lotte-world-tower-1791802_1920' alt=''  itemprop=\"thumbnailUrl\"   \/><\/div><\/li><\/ul><\/div><\/div><div id='after_full_slider_1'  class='main_color av_default_container_wrap container_wrap sidebar_right'  ><div class='container av-section-cont-open' ><div class='template-page content  av-content-small alpha units'><div class='post-entry post-entry-type-page post-entry-119102'><div class='entry-content-wrapper clearfix'>\n<p><div  class='flex_column av-or1ax7-aa857fcc6f677ed37689301bd09f3c05 av_one_third  avia-builder-el-1  el_after_av_slideshow_full  el_before_av_two_third  avia-builder-el-first  first flex_column_div  '     ><style type=\"text\/css\" data-created_by=\"avia_inline_auto\" id=\"style-css-av-mix93krn-8277a3d150c60f27d755fecf76b22dfc\">\n@keyframes av_boxShadowEffect_av-mix93krn-8277a3d150c60f27d755fecf76b22dfc {\n0%   { box-shadow:  0 0 0 0 ; opacity: 1; }\n100% { box-shadow:  0 0 10px 0 ; opacity: 1; }\n}\n.avia-image-container.av-mix93krn-8277a3d150c60f27d755fecf76b22dfc img.avia_image{\nbox-shadow: 0 0 10px 0 ;\n}\n.avia-image-container.av-mix93krn-8277a3d150c60f27d755fecf76b22dfc .av-image-caption-overlay-center{\ncolor:#ffffff;\n}\n<\/style>\n<div  class='avia-image-container av-mix93krn-8277a3d150c60f27d755fecf76b22dfc av-styling- avia-align-center  avia-builder-el-2  avia-builder-el-no-sibling  av-img-box-shadow av-box-shadow-not-animated'   itemprop=\"image\" itemscope=\"itemscope\" itemtype=\"https:\/\/schema.org\/ImageObject\" ><div class=\"avia-image-container-inner\"><div class=\"avia-image-overlay-wrap\"><img decoding=\"async\" fetchpriority=\"high\" class='wp-image-113651 avia-img-lazy-loading-not-113651 avia_image shadow-not-animated' src=\"https:\/\/www.star-ts.com\/wp-content\/uploads\/2012\/01\/iStock_000000242435XSmall_KOREA.webp\" alt='Afbeelding van een Koreaanse tempel, die Koreaanse vertaaldiensten vertegenwoordigt' title='iStock_000000242435XSmall_KOREA'  height=\"300\" width=\"400\"  itemprop=\"thumbnailUrl\" srcset=\"https:\/\/www.star-ts.com\/wp-content\/uploads\/2012\/01\/iStock_000000242435XSmall_KOREA.webp 400w, https:\/\/www.star-ts.com\/wp-content\/uploads\/2012\/01\/iStock_000000242435XSmall_KOREA-300x225.webp 300w, https:\/\/www.star-ts.com\/wp-content\/uploads\/2012\/01\/iStock_000000242435XSmall_KOREA-80x60.webp 80w\" sizes=\"(max-width: 400px) 100vw, 400px\" \/><\/div><\/div><\/div><\/div>\n<style type=\"text\/css\" data-created_by=\"avia_inline_auto\" id=\"style-css-av-lhkh9n-2235f817c9a269e913c2bcaf8ef8c97f\">\n.flex_column.av-lhkh9n-2235f817c9a269e913c2bcaf8ef8c97f{\nborder-radius:0px 0px 0px 0px;\npadding:0px 0px 0px 0px;\n}\n<\/style>\n<div  class='flex_column av-lhkh9n-2235f817c9a269e913c2bcaf8ef8c97f av_two_third  avia-builder-el-3  el_after_av_one_third  el_before_av_two_third  flex_column_div av-zero-column-padding  '     ><section  class='av_textblock_section av-ik4tqz-9ee2a18dc665901fd8b460143575186c '   itemscope=\"itemscope\" itemtype=\"https:\/\/schema.org\/CreativeWork\" ><div class='avia_textblock'  itemprop=\"text\" ><h1>Koreaanse vertaaldiensten<\/h1>\n<p>Engels naar Koreaans <a href=\"https:\/\/www.star-ts.com\/home\/\">vertaaldiensten<\/a> door vertalers met Koreaans als moedertaal.<\/p>\n<p>Vanuit ons kantoor in Seoul, Korea vertalen wij websites en documenten voor onze klanten. STAR is gespecialiseerd in technische documentatie en werkt met enkele van &#8217;s werelds grootste bedrijven voor vertalingen naar het Koreaans. <\/p>\n<ul>\n<li>Culturele nuances aanpassen: De Koreaanse cultuur heeft grote invloed op de taal, dus zorg ervoor dat de vertaling tradities en waarden respecteert.<\/li>\n<li>Omgaan met weggelaten onderwerpen: In het Koreaans worden onderwerpen en objecten vaak weggelaten, waardoor context nodig is om de betekenis nauwkeurig te interpreteren.<\/li>\n<li>Navigeren door zinstructuurverschillen: Koreaans gebruikt de volgorde onderwerp-object-werkwoord, anders dan de Engels volgorde onderwerp-werkwoord-object.<\/li>\n<li>Interpreteren van beleefdheidsniveaus: Koreaans kent complexe beleefdheidsniveaus die moeten aansluiten bij de sociale context van het publiek.<\/li>\n<li>Idiomatische uitdrukkingen vertalen: Koreaanse idiomen hebben vaak geen directe equivalenten, wat creatieve lokalisatie vereist.<\/li>\n<li>Rekening houden met agglutinerende aard: Koreaans combineert woorden en partikels, wat de vertaling kan compliceren.<\/li>\n<li>Valkuilen van letterlijke vertaling vermijden: Focus op het overbrengen van betekenis in plaats van woord-voor-woord vertalen.<\/li>\n<\/ul>\n<\/div><\/section><\/div><\/p>\n<p><div  class='flex_column av-gssip7-f6b53a7b87982f11b316a484bd2ffbc8 av_two_third  avia-builder-el-5  el_after_av_two_third  el_before_av_one_third  first flex_column_div  column-top-margin'     ><section  class='av_textblock_section av-fld5u3-40d69221b3b819e961974e2b9a6ccae4 '   itemscope=\"itemscope\" itemtype=\"https:\/\/schema.org\/CreativeWork\" ><div class='avia_textblock'  itemprop=\"text\" ><h2>Kwalitatieve Koreaanse vertaaldiensten<\/h2>\n<p>Bij STAR betekent kwaliteit het u gemakkelijker maken. Wij werken uitsluitend met moedertaalsprekers Koreaans die niet alleen vloeiend taalkundigen zijn, maar ook specialisten op hun eigen gebied &#8211; van techniek en engineering tot software, marketing en overheidsdocumentatie. Dat betekent dat uw content niet alleen wordt vertaald; het wordt begrepen, aangepast en geleverd in duidelijk, natuurlijk Koreaans dat uw klanten en partners kunnen vertrouwen.  <\/p>\n<p>Wij weten dat het beheren van meertalige projecten complex en tijdrovend kan aanvoelen. Onze rol is om die druk van u af te nemen. Van de eerste offerte tot de uiteindelijke levering bieden wij een complete Koreaanse vertaaloplossing &#8211; vertaling, review, terminologiebeheer, DTP\/layout en bestandsengineering &#8211; zodat u \u00e9\u00e9n partner, \u00e9\u00e9n workflow en \u00e9\u00e9n duidelijk aanspreekpunt hebt.  <\/p>\n<p>Of u nu technische handleidingen, websites, aanbestedingen, software of bedrijfscommunicatie in het Koreaans nodig hebt, wij richten ons op consistentie, nauwkeurigheid en merktoon. Wij werken met uw voorkeursformaten en -tools, houden uw terminologie op \u00e9\u00e9n lijn en communiceren duidelijk in elke fase. Kortom, wij maken zelfs de meest complexe Koreaanse vertaalprojecten eenvoudig, voorspelbaar en zorgeloos voor u en uw team.<\/p>\n<\/div><\/section><\/div>\n<style type=\"text\/css\" data-created_by=\"avia_inline_auto\" id=\"style-css-av-dui7sb-eaf88d680a959825704ac7230c2f7886\">\n.flex_column.av-dui7sb-eaf88d680a959825704ac7230c2f7886{\nborder-radius:0px 0px 0px 0px;\npadding:0px 0px 0px 0px;\n}\n<\/style>\n<div  class='flex_column av-dui7sb-eaf88d680a959825704ac7230c2f7886 av_one_third  avia-builder-el-7  el_after_av_two_third  el_before_av_one_third  flex_column_div av-zero-column-padding  column-top-margin'     ><p>\n<style type=\"text\/css\" data-created_by=\"avia_inline_auto\" id=\"style-css-av-mix9wy4w-722015245f1a847353e0804249cca3aa\">\n.avia-image-container.av-mix9wy4w-722015245f1a847353e0804249cca3aa img.avia_image{\nbox-shadow:none;\n}\n.avia-image-container.av-mix9wy4w-722015245f1a847353e0804249cca3aa .av-image-caption-overlay-center{\ncolor:#ffffff;\n}\n<\/style>\n<div  class='avia-image-container av-mix9wy4w-722015245f1a847353e0804249cca3aa av-styling- avia-align-center  avia-builder-el-8  el_before_av_textblock  avia-builder-el-first '   itemprop=\"image\" itemscope=\"itemscope\" itemtype=\"https:\/\/schema.org\/ImageObject\" ><div class=\"avia-image-container-inner\"><div class=\"avia-image-overlay-wrap\"><img decoding=\"async\" fetchpriority=\"high\" class='wp-image-112076 avia-img-lazy-loading-not-112076 avia_image ' src=\"https:\/\/www.star-ts.com\/wp-content\/uploads\/2014\/07\/engineering.webp\" alt='Motor' title='Motor'  height=\"320\" width=\"400\"  itemprop=\"thumbnailUrl\" srcset=\"https:\/\/www.star-ts.com\/wp-content\/uploads\/2014\/07\/engineering.webp 400w, https:\/\/www.star-ts.com\/wp-content\/uploads\/2014\/07\/engineering-300x240.webp 300w, https:\/\/www.star-ts.com\/wp-content\/uploads\/2014\/07\/engineering-80x64.webp 80w\" sizes=\"(max-width: 400px) 100vw, 400px\" \/><\/div><\/div><\/div><br \/>\n<section  class='av_textblock_section av-czy90r-39e99e5a3353c418c205531aabe55d21 '   itemscope=\"itemscope\" itemtype=\"https:\/\/schema.org\/CreativeWork\" ><div class='avia_textblock'  itemprop=\"text\" ><h4>Vertalingsdiensten:<\/h4>\n<ul>\n<li><a href=\"https:\/\/www.star-ts.com\/nl\/translation-services\/documents\/health-and-safety\/\">Gezondheids- en veiligheidshandleidingen<\/a><\/li>\n<li><a href=\"https:\/\/www.star-ts.com\/nl\/translation-services\/documents\/employee-handbooks\/\">Personeelshandboeken<\/a><\/li>\n<li><a href=\"https:\/\/www.star-ts.com\/nl\/translation-services\/automotive-industry\/\">Automotive documenten<\/a><\/li>\n<li><a href=\"https:\/\/www.star-ts.com\/nl\/translation-services\/documents\/\">Technische publicaties &amp; handleidingen<\/a><\/li>\n<li><a href=\"https:\/\/www.star-ts.com\/nl\/translation-services\/government-translation-services\/\">Openbare en overheidsdocumenten<\/a><\/li>\n<li><a href=\"https:\/\/www.star-ts.com\/nl\/marketing-services\/marketing-campaigns\/e-commerce\/\">E-commerce websites<\/a><\/li>\n<\/ul>\n<\/div><\/section><\/p><\/div>\n<style type=\"text\/css\" data-created_by=\"avia_inline_auto\" id=\"style-css-av-76bix7-f44c9be0513f7a1fbaccb46c7926fd57\">\n.flex_column.av-76bix7-f44c9be0513f7a1fbaccb46c7926fd57{\nborder-radius:0px 0px 0px 0px;\npadding:0px 0px 0px 0px;\n}\n<\/style>\n<div  class='flex_column av-76bix7-f44c9be0513f7a1fbaccb46c7926fd57 av_one_third  avia-builder-el-10  el_after_av_one_third  el_before_av_two_third  first flex_column_div av-zero-column-padding  column-top-margin'     ><style type=\"text\/css\" data-created_by=\"avia_inline_auto\" id=\"style-css-av-mix9uz6p-451951bca3c8165a47e7f4652d8c4851\">\n@keyframes av_boxShadowEffect_av-mix9uz6p-451951bca3c8165a47e7f4652d8c4851 {\n0%   { box-shadow:  0 0 0 0 ; opacity: 1; }\n100% { box-shadow:  0 0 10px 0 ; opacity: 1; }\n}\n.avia-image-container.av-mix9uz6p-451951bca3c8165a47e7f4652d8c4851 img.avia_image{\nbox-shadow: 0 0 10px 0 ;\n}\n.avia-image-container.av-mix9uz6p-451951bca3c8165a47e7f4652d8c4851 .av-image-caption-overlay-center{\ncolor:#ffffff;\n}\n<\/style>\n<div  class='avia-image-container av-mix9uz6p-451951bca3c8165a47e7f4652d8c4851 av-styling- avia-align-center  avia-builder-el-11  avia-builder-el-no-sibling  av-img-box-shadow av-box-shadow-not-animated'   itemprop=\"image\" itemscope=\"itemscope\" itemtype=\"https:\/\/schema.org\/ImageObject\" ><div class=\"avia-image-container-inner\"><div class=\"avia-image-overlay-wrap\"><img decoding=\"async\" fetchpriority=\"high\" class='wp-image-102912 avia-img-lazy-loading-not-102912 avia_image shadow-not-animated' src=\"https:\/\/www.star-ts.com\/wp-content\/uploads\/2018\/07\/checking-reviews-1030x625.jpg\" alt='Kwaliteitscontrole' title='Kwaliteitscontrole'  height=\"625\" width=\"1030\"  itemprop=\"thumbnailUrl\" srcset=\"https:\/\/www.star-ts.com\/wp-content\/uploads\/2018\/07\/checking-reviews-1030x625.jpg 1030w, https:\/\/www.star-ts.com\/wp-content\/uploads\/2018\/07\/checking-reviews-80x49.jpg 80w, https:\/\/www.star-ts.com\/wp-content\/uploads\/2018\/07\/checking-reviews-300x182.jpg 300w, https:\/\/www.star-ts.com\/wp-content\/uploads\/2018\/07\/checking-reviews-768x466.jpg 768w, https:\/\/www.star-ts.com\/wp-content\/uploads\/2018\/07\/checking-reviews-1500x910.jpg 1500w, https:\/\/www.star-ts.com\/wp-content\/uploads\/2018\/07\/checking-reviews-705x428.jpg 705w, https:\/\/www.star-ts.com\/wp-content\/uploads\/2018\/07\/checking-reviews-450x273.jpg 450w, https:\/\/www.star-ts.com\/wp-content\/uploads\/2018\/07\/checking-reviews.jpg 1920w\" sizes=\"(max-width: 1030px) 100vw, 1030px\" \/><\/div><\/div><\/div><\/div><div  class='flex_column av-b15lh7-bcbbe1bd380b01ed7c1c86bdbbaf1eaa av_two_third  avia-builder-el-12  el_after_av_one_third  el_before_av_one_full  flex_column_div  column-top-margin'     ><section  class='av_textblock_section av-8n3tez-439589e392b880675d3e84b1fa55a296 '   itemscope=\"itemscope\" itemtype=\"https:\/\/schema.org\/CreativeWork\" ><div class='avia_textblock'  itemprop=\"text\" ><h2>Documenten &#8211; Koreaanse documentvertaling &amp; DTP<\/h2>\n<p>Als het gaat om DTP-werk in de Koreaanse taal, kunnen wij uw vertaling in vrijwel elk bestandsformaat leveren. Onze teams zijn experts in QuarkXPress, Adobe InDesign en FrameMaker, HTML, XML, AutoCAD DXF, Microsoft PowerPoint, Excel, Word en meer. <\/p>\n<p>Wij verzorgen Engels naar Koreaans en Koreaans naar Engels vertalingen voor:<\/p>\n<ul>\n<li>Technische handleidingen en gebruikershandleidingen<\/li>\n<li>Veiligheidsdocumentatie en nalevingsdocumenten<\/li>\n<li>Aanbestedingen, RFP&#8217;s en overheidsvoorstellen<\/li>\n<li>Trainingsmateriaal en productbrochures<\/li>\n<\/ul>\n<p>Onze Koreaanse DTP-specialisten behandelen lettertypen, regeleinden en lay-outkwesties die specifiek zijn voor Hangul, zodat uw Koreaanse PDF&#8217;s en drukklare bestanden er net zo professioneel uitzien als uw originelen. Voor grotere projecten combineren we vertaalgeheugen en terminologiebeheer om uw Koreaanse documentatie consistent te houden over alle versies.<\/p>\n<\/div><\/section><\/div><div  class='flex_column av-6775y3-53e6c432cf6fe8ae04c607037761766d av_one_full  avia-builder-el-14  el_after_av_two_third  el_before_av_one_full  first flex_column_div  column-top-margin'     ><section  class='av_textblock_section av-4chjm3-aa3b32f15988af96998550aa1bbbcd59 '   itemscope=\"itemscope\" itemtype=\"https:\/\/schema.org\/CreativeWork\" ><div class='avia_textblock'  itemprop=\"text\" ><h2>Websites &#8211; Koreaanse websitevertaling &amp; SEO<\/h2>\n<p>Wij werken met vele contentmanagementsystemen waaronder Joomla, WordPress en DNN. Neem daarom vandaag nog contact met ons op over uw volgende websitevertaling. <\/p>\n<p>Als u zich richt op Korea of Koreaans sprekende klanten wereldwijd, bieden wij:<\/p>\n<ul>\n<li>Koreaanse websitevertaling en Koreaanse lokalisatie voor WordPress, Joomla, DNN en aangepaste CMS<\/li>\n<li>Optimalisatie van menu&#8217;s, knoppen en call-to-actions voor Koreaanse gebruikers<\/li>\n<li>Ondersteuning voor meertalige SEO (Koreaanse zoekwoorden, metatitels en beschrijvingen)<\/li>\n<li>Integratie met uw CMS om regelmatige content-updates te vereenvoudigen<\/li>\n<\/ul>\n<p>Of u nu een enkele Koreaanse landingspagina nodig hebt of een volledige Koreaanse versie van uw website, wij helpen u om te ranken in de doelmarkt.<\/p>\n<\/div><\/section><br \/>\n<section  class='av_textblock_section av-260tsr-37eb1d93aef2b72277491cf6edc29132 '   itemscope=\"itemscope\" itemtype=\"https:\/\/schema.org\/CreativeWork\" ><div class='avia_textblock'  itemprop=\"text\" ><h2>Automotive &amp; technische expertise &#8211; Koreaanse technische vertaling<\/h2>\n<p>Door al meer dan 20 jaar samen te werken met klanten zoals BMW, DaimlerChrysler, Mowag en Tag Heuer, hebben wij uitgebreide ervaring in de automotive en technische engineering sectoren. De expertise van ons vertaalteam levert de beste technische vertalingen voor uw projecten.  Dit is een belangrijke factor in het leveren van kwaliteitsdiensten aan uw klanten.<\/p>\n<p>Voor het Koreaans combineren wij deze technische expertise met moedertaalsprekers Koreaans die begrijpen:<\/p>\n<ul>\n<li>Automotive en engineering terminologie in zowel Koreaans als Engels<\/li>\n<li>Servicehandleidingen, diagnostische gidsen en reparatie-instructies<\/li>\n<li>CAD-tekeningen, onderdelenlijsten en productiedocumentatie<\/li>\n<li>Software-interfaces, HMI, boordssystemen en technische gebruikersinterfaces<\/li>\n<\/ul>\n<p>Dit maakt ons een sterke partner als u op zoek bent naar Koreaanse technische vertaling, Koreaanse automotive vertaling, of Koreaanse engineering vertaaldiensten &#8211; vooral voor grote meertalige projecten.<\/p>\n<p>Lees meer over onze technische en automotive vertaaldiensten:<\/p>\n<ul>\n<li><a href=\"https:\/\/www.star-ts.com\/nl\/translation-services\/technical-translation\/\">Technische vertaaldiensten<\/a><\/li>\n<li><a href=\"https:\/\/www.star-ts.com\/nl\/translation-services\/automotive-industry\/\">Vertaling voor de auto-industrie<\/a><\/li>\n<\/ul>\n<p>Als uw bedrijf betrouwbare Koreaanse vertaling en lokalisatie nodig heeft voor complexe, technische of omvangrijke content, kunnen wij u helpen van het eerste concept tot de uiteindelijke drukklare of webklare bestanden.<\/p>\n<\/div><\/section><\/p><\/div><div  class='flex_column av-7idrmz-b526393fdb9dc2c8dacfdd1e9eb5c28c av_one_full  avia-builder-el-17  el_after_av_one_full  el_before_av_section  avia-builder-el-last  first flex_column_div  column-top-margin'     ><section  class='av_textblock_section av-mhihn-598cfc53984254fa29d1cca04617db6f '   itemscope=\"itemscope\" itemtype=\"https:\/\/schema.org\/CreativeWork\" ><div class='avia_textblock'  itemprop=\"text\" ><p><a class=\"button\" href=\"https:\/\/www.star-ts.com\/nl\/languages\/\">Talen die wij vertalen<\/a><\/p>\n<\/div><\/section><\/div><\/p>\n<\/div><\/div><\/div><!-- close content main div --><\/div><\/div>\n<style type=\"text\/css\" data-created_by=\"avia_inline_auto\" id=\"style-css-av-k0gx2157-307699bb8bdeb8c22c0065ee0c218e70\">\n.avia-section.av-k0gx2157-307699bb8bdeb8c22c0065ee0c218e70{\nbackground-color:#ff7f27;\nbackground-image:unset;\n}\n<\/style>\n<div id='av_section_1'  class='avia-section av-k0gx2157-307699bb8bdeb8c22c0065ee0c218e70 main_color avia-section-default avia-no-border-styling  avia-builder-el-19  el_after_av_one_full  avia-builder-el-last  avia-bg-style-scroll container_wrap sidebar_right'  ><div class='container av-section-cont-open' ><div class='template-page content  av-content-small alpha units'><div class='post-entry post-entry-type-page post-entry-119102'><div class='entry-content-wrapper clearfix'>\n<section  class='av_textblock_section av-zffpn-9b19d1d65eda350fe1fbef528189f03e '   itemscope=\"itemscope\" itemtype=\"https:\/\/schema.org\/CreativeWork\" ><div class='avia_textblock'  itemprop=\"text\" ><h2><span style=\"color: #ffffff;\">Start nu<\/span><\/h2>\n<div  class='avia-button-wrap av-aaau3-6686b64e74972480a664d8e1afbcbfdd-wrap avia-button-left  avia-builder-el-21  avia-builder-el-no-sibling '><a href='https:\/\/www.star-ts.com\/nl\/neem-contact-met-ons-op\/'  class='avia-button av-aaau3-6686b64e74972480a664d8e1afbcbfdd av-link-btn avia-icon_select-no avia-size-x-large avia-position-left avia-color-light'   aria-label=\"Contact\"><span class='avia_iconbox_title' >Contact<\/span><\/a><\/div>\n<\/div><\/section>\n<\/div><\/div><\/div><!-- close content main div --><\/div><\/div><div id='after_section_1'  class='main_color av_default_container_wrap container_wrap sidebar_right'  ><div class='container av-section-cont-open' ><div class='template-page content  av-content-small alpha units'><div class='post-entry post-entry-type-page post-entry-119102'><div class='entry-content-wrapper clearfix'>\n","protected":false},"excerpt":{"rendered":"<p>Vertaaldiensten van Engels naar Koreaans.<\/p>\n<p>Vanuit ons Koreaanse kantoor in Seoul vertalen wij websites en documenten voor onze klanten. STAR is gespecialiseerd in technische documentatie en werkt met enkele van &#8217;s werelds grootste bedrijven voor vertalingen naar het Koreaans. <\/p>\n","protected":false},"author":1,"featured_media":105797,"parent":0,"menu_order":16,"comment_status":"closed","ping_status":"closed","template":"","meta":{"footnotes":""},"class_list":["post-119102","page","type-page","status-publish","has-post-thumbnail","hentry"],"_links":{"self":[{"href":"https:\/\/www.star-ts.com\/nl\/wp-json\/wp\/v2\/pages\/119102","targetHints":{"allow":["GET"]}}],"collection":[{"href":"https:\/\/www.star-ts.com\/nl\/wp-json\/wp\/v2\/pages"}],"about":[{"href":"https:\/\/www.star-ts.com\/nl\/wp-json\/wp\/v2\/types\/page"}],"author":[{"embeddable":true,"href":"https:\/\/www.star-ts.com\/nl\/wp-json\/wp\/v2\/users\/1"}],"replies":[{"embeddable":true,"href":"https:\/\/www.star-ts.com\/nl\/wp-json\/wp\/v2\/comments?post=119102"}],"version-history":[{"count":0,"href":"https:\/\/www.star-ts.com\/nl\/wp-json\/wp\/v2\/pages\/119102\/revisions"}],"wp:featuredmedia":[{"embeddable":true,"href":"https:\/\/www.star-ts.com\/nl\/wp-json\/wp\/v2\/media\/105797"}],"wp:attachment":[{"href":"https:\/\/www.star-ts.com\/nl\/wp-json\/wp\/v2\/media?parent=119102"}],"curies":[{"name":"wp","href":"https:\/\/api.w.org\/{rel}","templated":true}]}}