{"id":119056,"date":"2025-11-07T09:32:22","date_gmt":"2025-11-07T09:32:22","guid":{"rendered":"https:\/\/www.star-ts.com\/translation-faq\/certified-translation\/"},"modified":"2025-11-07T09:32:45","modified_gmt":"2025-11-07T09:32:45","slug":"certified-translation","status":"publish","type":"page","link":"https:\/\/www.star-ts.com\/nl\/translation-faq\/certified-translation\/","title":{"rendered":"Wat is een gecertificeerde vertaling?"},"content":{"rendered":"<div id='full_slider_1'  class='avia-fullwidth-slider main_color avia-shadow av-small-hide av-mini-hide  avia-builder-el-0  el_before_av_one_full  avia-builder-el-first   container_wrap sidebar_right'  ><div  class='avia-slideshow av-qucxfl-7904297e88104c6be1bc7128ee1f6786 avia-slideshow-featured av_slideshow_full avia-slide-slider av-small-hide av-mini-hide av-slideshow-ui av-control-default av-slideshow-manual av-loop-once av-loop-manual-endless av-default-height-applied   avia-slideshow-1' data-slideshow-options=\"{&quot;animation&quot;:&quot;slide&quot;,&quot;autoplay&quot;:false,&quot;loop_autoplay&quot;:&quot;once&quot;,&quot;interval&quot;:5,&quot;loop_manual&quot;:&quot;manual-endless&quot;,&quot;autoplay_stopper&quot;:false,&quot;noNavigation&quot;:false,&quot;bg_slider&quot;:false,&quot;keep_padding&quot;:false,&quot;hoverpause&quot;:false,&quot;show_slide_delay&quot;:0}\"  itemprop=\"image\" itemscope=\"itemscope\" itemtype=\"https:\/\/schema.org\/ImageObject\" ><ul class='avia-slideshow-inner ' style='padding-bottom: 28.666666666667%;'><li  class='avia-slideshow-slide av-qucxfl-7904297e88104c6be1bc7128ee1f6786__0  av-single-slide slide-1 slide-odd'><div data-rel='slideshow-1' class='avia-slide-wrap '   ><div class='av-slideshow-caption av-qucxfl-7904297e88104c6be1bc7128ee1f6786__0 caption_fullwidth caption_center caption_center_framed caption_framed'><div class=\"container caption_container\"><div class=\"slideshow_caption\"><div class=\"slideshow_inner_caption\"><div class=\"slideshow_align_caption\"><h2 class='avia-caption-title '  itemprop=\"name\" >Be\u00ebdigde vertaling<\/h2><div class='avia-caption-content '  itemprop=\"description\" ><p>Het is een vertaald document dat als officieel document kan worden gebruikt in een specifieke regio of land.<\/p>\n<\/div><\/div><\/div><\/div><\/div><\/div><img decoding=\"async\" fetchpriority=\"high\" class=\"wp-image-72384 avia-img-lazy-loading-not-72384\"  src=\"https:\/\/www.star-ts.com\/wp-content\/uploads\/2018\/07\/certification-2-1500x430.jpg\" width=\"1500\" height=\"430\" title='certificering (2)' alt=''  itemprop=\"thumbnailUrl\"   \/><\/div><\/li><\/ul><\/div><\/div><div id='after_full_slider_1'  class='main_color av_default_container_wrap container_wrap sidebar_right'  ><div class='container av-section-cont-open' ><div class='template-page content  av-content-small alpha units'><div class='post-entry post-entry-type-page post-entry-119056'><div class='entry-content-wrapper clearfix'>\n<p><div  class='flex_column av-6t3e5hd-231eb2a79e227d175a697647ee109103 av_one_full  avia-builder-el-1  el_after_av_slideshow_full  el_before_av_one_full  avia-builder-el-first  first flex_column_div  '     ><section  class='av_textblock_section av-6b7dkf5-c32807f59ad4b74615bddb70fc995348 '   itemscope=\"itemscope\" itemtype=\"https:\/\/schema.org\/CreativeWork\" ><div class='avia_textblock'  itemprop=\"text\" ><h1>Be\u00ebdigde vertaling<\/h1>\n<p>Doorgaans is een be\u00ebdigde vertaling een vertaling die vergezeld gaat van een ondertekende verklaring waarin wordt bevestigd dat <strong>de vertaling een waarheidsgetrouwe en nauwkeurige kopie is van het originele document, naar beste weten en kunnen van de vertaler uitgevoerd<\/strong>, of iets soortgelijks.<\/p>\n<p>Het informeert de lezer ook dat het document is vertaald door een professioneel vertaalbureau.<\/p>\n<h3>Hoe laat ik mijn document be\u00ebdigen?<\/h3>\n<p>Wanneer u om een be\u00ebdigde vertaling vraagt, dient u het antwoord te weten op een aantal vragen die wij u zullen stellen.<\/p>\n<p><em>Voor welk land heeft u de be\u00ebdiging nodig?<\/em><\/p>\n<p>Als u bijvoorbeeld uw <a href=\"https:\/\/www.star-ts.com\/nl\/french-translation\/\">document in het Frans wilt laten vertalen<\/a>, gaat u dit dan voorleggen aan iemand in Frankrijk, de Franse ambassade in het VK of de Franse ambassade in Ierland?<\/p>\n<p><em>Waar is de vertaling voor nodig?<\/em><\/p>\n<p>Is het om u als burger of bedrijf te registreren? Gaat u naar de rechtbank? Als wij dit weten, kunnen wij het juiste be\u00ebdigingsproces voor u kiezen.  <\/p>\n<h4>Soorten vertalingen volgens common law:<\/h4>\n<ul>\n<li>Be\u00ebdigde vertaling<\/li>\n<li>Gezworen be\u00ebdigde vertaling<\/li>\n<li>Notarieel gewaarmerkte vertaling (Notarisatie)<\/li>\n<li>Geapostilleerde of gelegaliseerde vertaling<\/li>\n<\/ul>\n<\/div><\/section><\/div><div  class='flex_column av-5qja0kh-2624383bc865a98498997b293f79c38a av_one_full  avia-builder-el-3  el_after_av_one_full  el_before_av_one_full  first flex_column_div  column-top-margin'     ><section  class='av_textblock_section av-594pfj5-11cbc5ea59c84305a613f5d426db97db '   itemscope=\"itemscope\" itemtype=\"https:\/\/schema.org\/CreativeWork\" ><div class='avia_textblock'  itemprop=\"text\" ><h3>Welk proces is voor mij het juiste?<\/h3>\n<p>Het proces hangt af van het rechtssysteem dat wordt gehanteerd in het land waar de vertaling nodig is. Er zijn twee hoofdsystemen die be\u00ebdigde vertalingen in Europa reguleren. <\/p>\n<h4>Het civielrechtelijke systeem<\/h4>\n<p>Landen die het civielrechtelijke systeem volgen zijn bijvoorbeeld: Frankrijk, Itali\u00eb, Duitsland, Denemarken, Griekenland, Spanje, Polen, Bulgarije, Tsjechi\u00eb etc.<\/p>\n<p>Het civielrechtelijke systeem heeft specifieke regels voor elk land die we later zullen uitleggen.<\/p>\n<h4>Het common law rechtssysteem<\/h4>\n<p>Landen die het common law rechtssysteem volgen (Ierland, Engeland).<\/p>\n<p>Er zijn 4 soorten vertalingen waaruit u kunt kiezen onder common law die we u in detail zullen uitleggen:<\/p>\n<ol>\n<li>Be\u00ebdigde vertaling<\/li>\n<li>Gezworen be\u00ebdigde vertaling<\/li>\n<li>Notarieel gewaarmerkte vertaling (Notarisatie)<\/li>\n<li>Geapostilleerde of gelegaliseerde vertaling<\/li>\n<\/ol>\n<\/div><\/section><\/div><\/p>\n<div  class='flex_column av-4v3y4v5-38934e46f21b2194e71a07ec03fcf1f6 av_one_full  avia-builder-el-5  el_after_av_one_full  el_before_av_one_full  first flex_column_div  column-top-margin'     ><section  class='av_textblock_section av-4cfy6dd-fde52aeeda83921131c133c421d6be47 '   itemscope=\"itemscope\" itemtype=\"https:\/\/schema.org\/CreativeWork\" ><div class='avia_textblock'  itemprop=\"text\" ><h3>Hoe het werkt in verschillende landen<\/h3>\n<h4>Civielrechtelijke landen<\/h4>\n<p>In deze landen kunnen alleen offici\u00eble <em>be\u00ebdigde vertalers<\/em> of vertaalbureaus die met be\u00ebdigde vertalers werken vertalingen certificeren. Elk land heeft precieze wetgeving die de criteria regelt om be\u00ebdigd vertaler te worden. Alleen be\u00ebdigde vertalers kunnen gecertificeerde vertalingen afgeven. In de meeste gevallen moeten zij slagen voor een officieel nationaal staatsexamen, geregistreerd zijn bij het nationale Ministerie van Justitie, of geregistreerd zijn bij een rechtbank om be\u00ebdigd vertaler te zijn.   <\/p>\n<p>U kunt be\u00ebdigde vertalers herkennen aan hun functietitels. Voorbeelden: Traducteur asserment\u00e9\/traducteur expert judiciaire (Frankrijk)\/traduttore giurato (Itali\u00eb) \/ int\u00e9rprete Jurado (Spanje), wat een be\u00ebdigd tolk en vertaler is die bevoegd is om zowel offici\u00eble vertalingen als tolkdiensten uit te voeren. <\/p>\n<p>Certificering in civielrechtelijke landen kan langer duren omdat de vertaler zijn documenten moet stempelen. Vaak betekent dit dat originele documenten naar de vertaler moeten worden gestuurd om te worden ondertekend. <\/p>\n<h4>Common law landen VK en Ierland:<\/h4>\n<p>Be\u00ebdigde vertaling is een ongereguleerd beroep in common law landen en is daarom eenvoudiger en sneller.<\/p>\n<p>Een be\u00ebdigde vertaling in het VK en Ierland is de vertaling van een document of certificaat (zoals geboorte-, huwelijks-, echtscheidings-, diploma&#8217;s), die nodig is voor officieel gebruik. Het wordt vertaald door een geaccrediteerde vertaalprofessional of door een vertaalbureau dat samenwerkt met een geaccrediteerde vertaler die verklaart dat de vertaling volledig en nauwkeurig is en de vertaling ondertekent en stempelt. <\/p>\n<p>Het belangrijkste verschil met de civielrechtelijke landen is dat er in common law landen geen offici\u00eble manier of proces is dat de status van een <em>be\u00ebdigd vertaler<\/em> reguleert. De be\u00ebdigd vertaler kan bijvoorbeeld een professional zijn met een diploma van het English Chartered Institute of Linguists, of gewoon een professionele taalkundige die geregistreerd is bij de ITIA (Irish Translators&#8217; and Interpreters&#8217; Association) in Ierland. <\/p>\n<p>Ze moeten echter kunnen aantonen dat ze een moedertaalspreker zijn van de doeltaal met een diepgaande kennis van de brontaal en vertaling hebben gestudeerd. In dit geval omvat het certificeringsproces een nauwkeurigheidsverklaring met de naam van de vertaler die wordt gehecht aan de gestempelde be\u00ebdigde vertaling en een kopie van het originele document (het originele document of gewaarmerkte kopie van het originele document wordt ook gestempeld en bijgevoegd). Een vertaalbureau kan de vertaling ook ondertekenen en zegelen\/stempelen namens de vertaler die de vertaling heeft uitgevoerd.  <\/p>\n<p>Wij zullen uw be\u00ebdigde vertaling ondertekenen en stempelen namens de vertaler, omdat wij vooraf de relevante taalkundige vaardigheden en academische kwalificaties van al onze taalkundige professionals nauwkeurig hebben geverifieerd.<\/p>\n<\/div><\/section><\/div>\n<p><div  class='flex_column av-3xtr9xd-cf8d83ff4ff3e61935380ad26e9f2c3a av_one_full  avia-builder-el-7  el_after_av_one_full  el_before_av_section  avia-builder-el-last  first flex_column_div  column-top-margin'     ><section  class='av_textblock_section av-3globdt-0d328d587c045ffcb781e508315704d0 '   itemscope=\"itemscope\" itemtype=\"https:\/\/schema.org\/CreativeWork\" ><div class='avia_textblock'  itemprop=\"text\" ><h3>Vier niveaus van certificering<\/h3>\n<p>Vertaalcertificering heeft meestal vier certificeringsniveaus, afhankelijk van hoe het zal worden gebruikt en aan wie het zal worden voorgelegd:<\/p>\n<ol>\n<li>Gecertificeerd door de vertaalprofessional of het vertaalbureau dat namens hen optreedt<\/li>\n<li>Be\u00ebdigd voor een juridisch bevoegd persoon (meestal een advocaat)<\/li>\n<li>Notarieel gewaarmerkt (door een notaris)<\/li>\n<li>Gelegaliseerd (geapostilleerd) bij het Foreign and Commonwealth Office (FCO) in het VK of bij het Ministerie van Buitenlandse Zaken in Ierland<\/li>\n<\/ol>\n<p>Voordat u uw verzoek om een be\u00ebdigde vertaling bij STAR-TS indient, dient u bij de organisatie waar u de vertaling indient te controleren welk certificeringsniveau vereist is. U dient deze informatie aan STAR-TS te verstrekken.<x id=\"gid_0\"><\/x>De kosten van uw vertaling zijn afhankelijk van het vereiste certificeringsniveau omdat STAR-TS voor sommige certificeringsniveaus zal samenwerken met een advocaat of notaris om dit te leveren. Op basis van de informatie die u ons geeft, zullen wij u een offerte geven voordat we met uw vertaling beginnen.  <\/p>\n<h4>1. Be\u00ebdigde Vertaling \u2014 Common Law Landen<\/h4>\n<p>Dit type vertaalcertificering is meestal vereist voor documenten die uit een vreemde taal in het Engels moeten worden vertaald voor indiening bij offici\u00eble Britse of Ierse organisaties zoals de UK Border Agency (Home Office), Passport Office, Motor Office, Universities, General Register Office etc.<\/p>\n<p>De vertaler zal een kopie van het originele document bij de be\u00ebdigde vertaling voegen. In sommige gevallen kan u, wanneer de vertaling aan het bestemmingskantoor wordt voorgelegd, worden gevraagd om het originele document samen met de be\u00ebdigde vertaling in te dienen. Een &#8220;Certificeringsbrief&#8221; met de gegevens van de vertaler of STAR-TS referenties die bevestigen dat het een nauwkeurige en volledige vertaling van het originele document is, moet bij de be\u00ebdigde vertaling worden gevoegd. Deze certificeringsbrief is ook gedateerd en ondertekend.   <\/p>\n<h4>2. Gezworen Be\u00ebdigde Vertaling \u2013 Common Law Landen<\/h4>\n<p>Dit type vertaalcertificering is meestal vereist voor offici\u00eble documenten die in het VK\/Ierland of sommige andere landen zijn afgegeven en die in een vreemde taal moeten worden vertaald voor indiening in het buitenland of voor indiening bij de rechtbanken. Sommige overheidsinstanties vereisen een offici\u00ebler niveau van nauwkeurigheid en sommige consulaten. Het originele document is meestal vereist voor een gezworen certificering van vertaling samen met de vertaling ervan. Een gewaarmerkte kopie van het originele document* dat Gezworen Be\u00ebdigd zal worden voor een advocaat zal ook worden geaccepteerd. In sommige gevallen wordt een Gezworen Be\u00ebdigde Vertaalverklaring bijgevoegd met de gegevens van de vertaalprofessional of STAR-TS die onder ede verklaart dat het een nauwkeurige vertaling van het originele document is. Deze Gezworen Be\u00ebdigde Vertaalverklaring is ook gedateerd en bevat de handtekening van de professionele vertaler of STAR-TS Directeur en wordt ondertekend en gestempeld door de Advocaat.     <\/p>\n<p>*Een Gewaarmerkte Kopie van het Originele Document betekent dat het Originele Document wordt gekopieerd, ondertekend &amp; gestempeld als een Waarheidsgetrouwe Kopie door een Juridisch persoon (meestal een Advocaat of Notaris). U kunt zelf een Gewaarmerkte Kopie laten maken bij elke advocaat, of de Directeur van STAR-TS kan dit voor u doen als onderdeel van het Gezworen Be\u00ebdigde Vertaalproces. Gewaarmerkte Kopie\u00ebn zijn niet van toepassing op UK Crown Copyright certificaten zoals General Register Office (GRO) Geboorte-, Huwelijks-, Geen Belemmering om te Trouwen, Overlijdensakten, etc. STAR-TS kan alleen originelen of uittreksels van originelen stempelen die door de GRO zijn afgegeven. U kunt uittreksels rechtstreeks aanvragen via de GRO website.    <\/p>\n<h4>3. Notarieel Gewaarmerkte Vertaling (Notarisatie) \u2013 Common Law Landen<\/h4>\n<p>Dit type vertaalcertificering is meestal vereist voor offici\u00eble documenten die zijn afgegeven in het VK, Ierland of in sommige andere landen voor gebruik in een hogere offici\u00eble hoedanigheid zoals volmacht; paspoort voor werk in het buitenland; academische kwalificaties; verklaring van ongehuwde staat voor huwelijk in het buitenland; documenten voor het kopen van onroerend goed in het buitenland; elke andere transactie in het buitenland met commerci\u00eble activiteit of voor procedures bij het Hooggerechtshof en sommige consulaten. Het originele document is meestal vereist voor een notarieel gewaarmerkte vertaling omdat de vertaling en het originele document voor een notaris worden ondertekend, gestempeld en verzegeld. Bij deze notarieel gewaarmerkte vertaling wordt ook een notarieel gewaarmerkte vertaalverklaring gevoegd met de gegevens van de vertaalprofessional die onder ede verklaart dat het een nauwkeurige vertaling van het originele document is, of de STAR-TS gegevens die namens de vertaler optreden. Deze Notarieel Gewaarmerkte Vertaalverklaring is ook gedateerd en bevat de handtekening van de professionele vertaler, of STAR-TS directeur, en wordt ondertekend en gestempeld door de Notaris.   <\/p>\n<p>Meestal, wanneer een Notarieel Gewaarmerkte Vertaling vereist is, moet het Originele document ook Notarieel worden gewaarmerkt. In beide gevallen moet u STAR-TS of de vertaler voorzien van het originele document om het te laten waarmerken tijdens de Vertaling Notarisatie fase. <\/p>\n<h4>4. Geapostilleerde of Gelegaliseerde Vertaling \u2013 Common Law Landen<\/h4>\n<p>Zodra de vertaling notarieel is gewaarmerkt, kan het Ministerie van Buitenlandse Zaken in Ierland, of het Foreign and Commonwealth Office (FCO) in het VK uw Notarieel gewaarmerkte vertaling Apostilleren indien vereist door de organisatie waar u de be\u00ebdigde vertaling zult indienen.<\/p>\n<\/div><\/section><br \/>\n<section  class='av_textblock_section av-1nb0orl-c2ca967151863b1704ba99a4ed969370 '   itemscope=\"itemscope\" itemtype=\"https:\/\/schema.org\/CreativeWork\" ><div class='avia_textblock'  itemprop=\"text\" ><p><a href=\"https:\/\/www.star-ts.com\/nl\/translation-faq\/how-to-review-your-translations\/\">Hoe vertalingen te beoordelen?<\/a><\/p>\n<p><a href=\"https:\/\/www.star-ts.com\/nl\/translation-faq\/how-should-i-get-a-translation-reviewed\/\">Hoe laat ik een vertaling beoordelen?<\/a><\/p>\n<\/div><\/section><\/p><\/div><\/div><\/div><\/div><!-- close content main div --><\/div><\/div>\n<style type=\"text\/css\" data-created_by=\"avia_inline_auto\" id=\"style-css-av-k0gx2157-307699bb8bdeb8c22c0065ee0c218e70\">\n.avia-section.av-k0gx2157-307699bb8bdeb8c22c0065ee0c218e70{\nbackground-color:#ff7f27;\nbackground-image:unset;\n}\n<\/style>\n<div id='av_section_1'  class='avia-section av-k0gx2157-307699bb8bdeb8c22c0065ee0c218e70 main_color avia-section-default avia-no-border-styling  avia-builder-el-10  el_after_av_one_full  avia-builder-el-last  avia-bg-style-scroll container_wrap sidebar_right'  ><div class='container av-section-cont-open' ><div class='template-page content  av-content-small alpha units'><div class='post-entry post-entry-type-page post-entry-119056'><div class='entry-content-wrapper clearfix'>\n<section  class='av_textblock_section av-zffpn-9b19d1d65eda350fe1fbef528189f03e '   itemscope=\"itemscope\" itemtype=\"https:\/\/schema.org\/CreativeWork\" ><div class='avia_textblock'  itemprop=\"text\" ><h2><span style=\"color: #ffffff;\">Start nu<\/span><\/h2>\n<div  class='avia-button-wrap av-aaau3-6686b64e74972480a664d8e1afbcbfdd-wrap avia-button-left  avia-builder-el-12  avia-builder-el-no-sibling '><a href='https:\/\/www.star-ts.com\/nl\/neem-contact-met-ons-op\/'  class='avia-button av-aaau3-6686b64e74972480a664d8e1afbcbfdd av-link-btn avia-icon_select-no avia-size-x-large avia-position-left avia-color-light'   aria-label=\"Contact\"><span class='avia_iconbox_title' >Contact<\/span><\/a><\/div>\n<\/div><\/section>\n<\/div><\/div><\/div><!-- close content main div --><\/div><\/div><div id='after_section_1'  class='main_color av_default_container_wrap container_wrap sidebar_right'  ><div class='container av-section-cont-open' ><div class='template-page content  av-content-small alpha units'><div class='post-entry post-entry-type-page post-entry-119056'><div class='entry-content-wrapper clearfix'><\/p>\n","protected":false},"excerpt":{"rendered":"<p>Doorgaans is een be\u00ebdigde vertaling een vertaling die vergezeld gaat van een ondertekende verklaring waarin wordt bevestigd dat de vertaling een waarheidsgetrouwe en nauwkeurige kopie is van het originele document, naar beste weten en kunnen van de vertaler uitgevoerd, of iets soortgelijks.<\/p>\n","protected":false},"author":170,"featured_media":72384,"parent":118824,"menu_order":39,"comment_status":"closed","ping_status":"closed","template":"","meta":{"footnotes":""},"class_list":["post-119056","page","type-page","status-publish","has-post-thumbnail","hentry"],"_links":{"self":[{"href":"https:\/\/www.star-ts.com\/nl\/wp-json\/wp\/v2\/pages\/119056","targetHints":{"allow":["GET"]}}],"collection":[{"href":"https:\/\/www.star-ts.com\/nl\/wp-json\/wp\/v2\/pages"}],"about":[{"href":"https:\/\/www.star-ts.com\/nl\/wp-json\/wp\/v2\/types\/page"}],"author":[{"embeddable":true,"href":"https:\/\/www.star-ts.com\/nl\/wp-json\/wp\/v2\/users\/170"}],"replies":[{"embeddable":true,"href":"https:\/\/www.star-ts.com\/nl\/wp-json\/wp\/v2\/comments?post=119056"}],"version-history":[{"count":0,"href":"https:\/\/www.star-ts.com\/nl\/wp-json\/wp\/v2\/pages\/119056\/revisions"}],"up":[{"embeddable":true,"href":"https:\/\/www.star-ts.com\/nl\/wp-json\/wp\/v2\/pages\/118824"}],"wp:featuredmedia":[{"embeddable":true,"href":"https:\/\/www.star-ts.com\/nl\/wp-json\/wp\/v2\/media\/72384"}],"wp:attachment":[{"href":"https:\/\/www.star-ts.com\/nl\/wp-json\/wp\/v2\/media?parent=119056"}],"curies":[{"name":"wp","href":"https:\/\/api.w.org\/{rel}","templated":true}]}}