{"id":119005,"date":"2025-11-07T09:30:42","date_gmt":"2025-11-07T09:30:42","guid":{"rendered":"https:\/\/www.star-ts.com\/translation-faq\/bilingual-table\/"},"modified":"2025-11-07T09:30:48","modified_gmt":"2025-11-07T09:30:48","slug":"bilingual-table","status":"publish","type":"page","link":"https:\/\/www.star-ts.com\/nl\/translation-faq\/bilingual-table\/","title":{"rendered":"Wat is een tweetalige tabel?"},"content":{"rendered":"<p>\n<style type=\"text\/css\" data-created_by=\"avia_inline_auto\" id=\"style-css-av-1bm383s-eabd7b91f63c94d6d870017b03004085\">\n.flex_column.av-1bm383s-eabd7b91f63c94d6d870017b03004085{\nborder-radius:0px 0px 0px 0px;\npadding:0px 0px 0px 0px;\n}\n<\/style>\n<div  class='flex_column av-1bm383s-eabd7b91f63c94d6d870017b03004085 av_one_full  avia-builder-el-0  el_before_av_one_full  avia-builder-el-first  first flex_column_div av-zero-column-padding  '     ><section  class='av_textblock_section av-4qgnbwo-94b7c2c4dfb51cd131fff3855d8f9eba '   itemscope=\"itemscope\" itemtype=\"https:\/\/schema.org\/CreativeWork\" ><div class='avia_textblock'  itemprop=\"text\" ><h1>Tweetalige tabellen<\/h1>\n<p>Maken het eenvoudig om bron- en doeltaalteksten nauwkeurig te matchen voor bewerking.<\/p>\n<\/div><\/section><br \/>\n<section  class='av_textblock_section av-4kmhbd4-7267b3517f15adeffa7fe981084571e4 '   itemscope=\"itemscope\" itemtype=\"https:\/\/schema.org\/CreativeWork\" ><div class='avia_textblock'  itemprop=\"text\" ><p>Soms vragen klanten ons om vertalingen in tekstformaat aan te leveren zodat deze kunnen worden geknipt en geplakt in een ander systeem. In deze gevallen adviseren wij meestal een tweetalig tabelformaat voor uw bestand(en) of document(en).<\/p>\n<\/div><\/section><\/p><\/div><div  class='flex_column av-3wds4ug-42eca99709e98828904bac17f6e9fc88 av_one_full  avia-builder-el-3  el_after_av_one_full  el_before_av_one_full  first flex_column_div  column-top-margin'     ><section  class='av_textblock_section av-3gx1p2g-beca9bb709e51f14ce6354ce8ed7215e '   itemscope=\"itemscope\" itemtype=\"https:\/\/schema.org\/CreativeWork\" ><div class='avia_textblock'  itemprop=\"text\" ><h3>Tweetalige tabellen in MS Word of Excel formaten<\/h3>\n<p>Vertalingen kunnen worden aangeleverd in een tweetalige tabel in MS Word of Excel formaat, met de brontekst in de linkerkolom en de corresponderende doeltaaltekst in de rechterkolom. Door de vertaling in dit formaat aan te leveren kan de doeltaaltekst eenvoudig worden gekoppeld aan de corresponderende brontekst. <\/p>\n<h4>Tekst invoegen in een ander document of bewerkingssysteem<\/h4>\n<p>Deze oplossing is vooral handig wanneer u ons een bestand met alleen tekst aanlevert waarvan u de inhoud na vertaling in een ander document wilt invoegen, bijvoorbeeld:<\/p>\n<ul>\n<li><strong>Website-inhoud:<\/strong> de vertaalde tekst wordt in een contentmanagementsysteem (CMS) geplakt<\/li>\n<li><strong>Ontwerpbestanden:<\/strong> de vertaalde tekst wordt in een origineel ontwerpbestand geplakt om een vertaalde versie en drukklaar bestand te produceren<\/li>\n<li><strong>Niet-bewerkbare inhoud<\/strong> (afbeeldingen, diagrammen, bedradings- en mechanische schema&#8217;s, gescande documenten): de vertaalde tekst wordt gebruikt om bestanden te recre\u00ebren die overeenkomen met de bronbestanden<\/li>\n<li><strong>Vertaling van alleen geselecteerde delen:<\/strong> de vertaalde inhoud wordt waar nodig gekopieerd en geplakt<\/li>\n<\/ul>\n<p>Het kopi\u00ebren en plakken van inhoud in een taal die u niet spreekt kan verwarrend zijn en tot fouten leiden. Door de tekst duidelijk op te splitsen in een tweetalig formaat is het eenvoudig om de bron- en vertaalde inhoud te matchen. Wanneer er meerdere talen nodig zijn, leveren wij een apart bestand, d.w.z. een aparte tabel, voor elk van de gevraagde talen om te voorkomen dat de vertaalde inhoud verkeerd wordt geplakt.  <\/p>\n<figure class=\"Xpl\"><img decoding=\"async\" class=\"aligncenter\" src=\"https:\/\/www.star-ts.com\/wp-content\/uploads\/2015\/05\/bilingual-table_400x320.png\" alt=\"Tweetalige tabel icoon\" width=\"400\" height=\"320\"\/><\/figure>\n<\/div><\/section><\/div><div  class='flex_column av-35aqjfs-a9f2e2e50a82d0e01d0b0fd729d83ac9 av_one_full  avia-builder-el-5  el_after_av_one_full  el_before_av_one_full  first flex_column_div  column-top-margin'     ><section  class='av_textblock_section av-2qsnj2g-18acc33d9ed2b5c31ce6523daea97170 '   itemscope=\"itemscope\" itemtype=\"https:\/\/schema.org\/CreativeWork\" ><div class='avia_textblock'  itemprop=\"text\" ><h3>Voorbeeld van een tweetalige tabel<\/h3>\n<table>\n<tbody>\n<tr>\n<th>ENGELS<\/th>\n<th>POOLS<\/th>\n<\/tr>\n<tr>\n<td>Professional, certified quality translation services<\/td>\n<td>Profesjonalne us\u0142ugi t\u0142umaczeniowe poparte certyfikatami jako\u015bci<\/td>\n<\/tr>\n<tr>\n<td>Request a Quote<\/td>\n<td>Popro\u015b o wycen\u0119<\/td>\n<\/tr>\n<tr>\n<td>Waarom voor STAR kiezen!<\/td>\n<td>Dlaczego warto wybra\u0107 STAR?<\/td>\n<\/tr>\n<tr>\n<td>Met meer dan 40 kantoren wereldwijd waar meer dan 800 medewerkers werkzaam zijn, kunnen wij u helpen effectief te communiceren in vrijwel elke taal. Onze kwaliteit is ook gecertificeerd volgens ISO 9001- en ISO17100-kwaliteitsnormen. Bedrijven zoals &#8220;BMW&#8221;, &#8220;Ferrari&#8221; evenals overheidsdepartementen vertrouwen dagelijks op ons, dus u weet dat u in veilige handen bent.  <\/td>\n<td>Mamy ponad 40 biur na ca\u0142ym \u015bwiecie i zatrudniamy ponad 800 pracownik\u00f3w, dlatego mo\u017cemy pom\u00f3c Ci skutecznie komunikowa\u0107 si\u0119 w praktycznie ka\u017cdym j\u0119zyku. Wysok\u0105 jako\u015b\u0107 naszych us\u0142ug potwierdzaj\u0105 posiadane przez nas certyfikaty ISO 9001 oraz ISO17100. Zaufa\u0142y nam takie firmy jak BMW i Ferrari, a tak\u017ce instytucje rz\u0105dowe, wi\u0119c masz pewno\u015b\u0107, \u017ce trafisz w dobre r\u0119ce.  <\/td>\n<\/tr>\n<\/tbody>\n<\/table>\n<\/div><\/section><\/div>\n<style type=\"text\/css\" data-created_by=\"avia_inline_auto\" id=\"style-css-av-prwbs8-e7d328c7db8d4f1745048d8676357172\">\n.flex_column.av-prwbs8-e7d328c7db8d4f1745048d8676357172{\nborder-radius:0px 0px 0px 0px;\npadding:0px 0px 0px 0px;\n}\n<\/style>\n<div  class='flex_column av-prwbs8-e7d328c7db8d4f1745048d8676357172 av_one_full  avia-builder-el-7  el_after_av_one_full  avia-builder-el-last  first flex_column_div av-zero-column-padding  column-top-margin'     ><section  class='av_textblock_section av-1h3ozs8-b1f4fe975b47245080fbf0b635e946ab '   itemscope=\"itemscope\" itemtype=\"https:\/\/schema.org\/CreativeWork\" ><div class='avia_textblock'  itemprop=\"text\" ><p><a href=\"https:\/\/www.star-ts.com\/translation-faq\/what-are-crops-and-bleeds\/\">Wat zijn afsnijdingen en aflopers?<\/a><\/p>\n<p><a href=\"https:\/\/www.star-ts.com\/translation-faq\/certified-translation\/\">Wat is een gecertificeerde vertaling?<\/a><\/p>\n<\/div><\/section><\/div><\/p>\n","protected":false},"excerpt":{"rendered":"","protected":false},"author":170,"featured_media":0,"parent":118824,"menu_order":41,"comment_status":"open","ping_status":"closed","template":"","meta":{"footnotes":""},"class_list":["post-119005","page","type-page","status-publish","hentry"],"_links":{"self":[{"href":"https:\/\/www.star-ts.com\/nl\/wp-json\/wp\/v2\/pages\/119005","targetHints":{"allow":["GET"]}}],"collection":[{"href":"https:\/\/www.star-ts.com\/nl\/wp-json\/wp\/v2\/pages"}],"about":[{"href":"https:\/\/www.star-ts.com\/nl\/wp-json\/wp\/v2\/types\/page"}],"author":[{"embeddable":true,"href":"https:\/\/www.star-ts.com\/nl\/wp-json\/wp\/v2\/users\/170"}],"replies":[{"embeddable":true,"href":"https:\/\/www.star-ts.com\/nl\/wp-json\/wp\/v2\/comments?post=119005"}],"version-history":[{"count":0,"href":"https:\/\/www.star-ts.com\/nl\/wp-json\/wp\/v2\/pages\/119005\/revisions"}],"up":[{"embeddable":true,"href":"https:\/\/www.star-ts.com\/nl\/wp-json\/wp\/v2\/pages\/118824"}],"wp:attachment":[{"href":"https:\/\/www.star-ts.com\/nl\/wp-json\/wp\/v2\/media?parent=119005"}],"curies":[{"name":"wp","href":"https:\/\/api.w.org\/{rel}","templated":true}]}}