{"id":118767,"date":"2025-11-07T08:49:48","date_gmt":"2025-11-07T08:49:48","guid":{"rendered":"https:\/\/www.star-ts.com\/how-to-review-your-translations\/"},"modified":"2025-11-07T10:28:34","modified_gmt":"2025-11-07T10:28:34","slug":"how-to-review-your-translations","status":"publish","type":"page","link":"https:\/\/www.star-ts.com\/nl\/translation-faq\/how-to-review-your-translations\/","title":{"rendered":"Hoe uw vertalingen te beoordelen"},"content":{"rendered":"<div id='full_slider_1'  class='avia-fullwidth-slider main_color avia-shadow av-small-hide av-mini-hide  avia-builder-el-0  el_before_av_one_full  avia-builder-el-first   container_wrap sidebar_right'  ><div  class='avia-slideshow av-8jfjbyo-cdb3f20ddfde4925e002224412ea6d06 avia-slideshow-featured av_slideshow_full avia-slide-slider av-small-hide av-mini-hide av-slideshow-ui av-control-default av-slideshow-manual av-loop-once av-loop-manual-endless av-default-height-applied   avia-slideshow-1' data-slideshow-options=\"{&quot;animation&quot;:&quot;slide&quot;,&quot;autoplay&quot;:false,&quot;loop_autoplay&quot;:&quot;once&quot;,&quot;interval&quot;:5,&quot;loop_manual&quot;:&quot;manual-endless&quot;,&quot;autoplay_stopper&quot;:false,&quot;noNavigation&quot;:false,&quot;bg_slider&quot;:false,&quot;keep_padding&quot;:false,&quot;hoverpause&quot;:false,&quot;show_slide_delay&quot;:0}\"  itemprop=\"image\" itemscope=\"itemscope\" itemtype=\"https:\/\/schema.org\/ImageObject\" ><ul class='avia-slideshow-inner ' style='padding-bottom: 28.666666666667%;'><li  class='avia-slideshow-slide av-8jfjbyo-cdb3f20ddfde4925e002224412ea6d06__0  av-single-slide slide-1 slide-odd'><div data-rel='slideshow-1' class='avia-slide-wrap '   ><div class='av-slideshow-caption av-8jfjbyo-cdb3f20ddfde4925e002224412ea6d06__0 caption_fullwidth caption_center caption_center_framed caption_framed'><div class=\"container caption_container\"><div class=\"slideshow_caption\"><div class=\"slideshow_inner_caption\"><div class=\"slideshow_align_caption\"><h2 class='avia-caption-title '  itemprop=\"name\" >Beoordeel uw vertalingen<\/h2><div class='avia-caption-content '  itemprop=\"description\" ><p>Best practice voor briljante vertalingen.<\/p>\n<\/div><\/div><\/div><\/div><\/div><\/div><img decoding=\"async\" fetchpriority=\"high\" class=\"wp-image-72424 avia-img-lazy-loading-not-72424\"  src=\"https:\/\/www.star-ts.com\/wp-content\/uploads\/2018\/07\/checking-reviews-1500x430.jpg\" width=\"1500\" height=\"430\" title='Een document controleren' alt='Kwaliteitscontrole'  itemprop=\"thumbnailUrl\"   \/><\/div><\/li><\/ul><\/div><\/div><div id='after_full_slider_1'  class='main_color av_default_container_wrap container_wrap sidebar_right'  ><div class='container av-section-cont-open' ><div class='template-page content  av-content-small alpha units'><div class='post-entry post-entry-type-page post-entry-118767'><div class='entry-content-wrapper clearfix'>\n<div  class='flex_column av-qzf428-60f9928dcb0e43d6940f42f35f8fecf4 av_one_full  avia-builder-el-1  el_after_av_slideshow_full  el_before_av_image  avia-builder-el-first  first flex_column_div  '     ><section  class='av_textblock_section av-78r9si8-a385aabe7493ad23d434450b50507cdd '   itemscope=\"itemscope\" itemtype=\"https:\/\/schema.org\/CreativeWork\" ><div class='avia_textblock'  itemprop=\"text\" ><h1>Nu u uw vertaling net heeft afgerond, hoe controleert u deze?<\/h1>\n<p>Er zijn verschillende manieren om uw vertaling te beoordelen en te controleren om ervoor te zorgen dat deze perfect is. Elk heeft zijn eigen proces en voordelen. <\/p>\n<ul class=\"tik\">\n<li>STAR kan het complete vertaal- en beoordelingsproces verzorgen<\/li>\n<li>U kunt uw eigen interne medewerkers de vertaling laten controleren<\/li>\n<li>U kunt uw teams in het land zelf de vertaling laten controleren<\/li>\n<\/ul>\n<p>Om het beste resultaat te bereiken bij het uitvoeren van beoordelingen, kan het nuttig zijn om een domeinexpert de vertalingen te laten beoordelen.<\/p>\n<p>Laat het ons weten als u besluit om uw vertaling intern te laten beoordelen door een moedertaalspreker, zodat wij u het beste beoordelingsproces voor uw project kunnen aanbieden en deze stap kunnen opnemen in de projectlevenscyclus en planning.<\/p>\n<h3>Vertaling is tot op zekere hoogte een kwestie van voorkeur<\/h3>\n<p>Iedereen heeft zijn eigen manier van communiceren, met stilistische voorkeuren en favoriete formuleringen. Iemands persoonlijke voorkeuren zijn niet noodzakelijkerwijs correcter dan die van een ander en er is meer dan \u00e9\u00e9n juiste manier om hetzelfde idee uit te drukken. De vertaler zegt misschien dat iemand aan zijn &#8220;bureau&#8221; op &#8220;kantoor&#8221; zit, terwijl een beoordelaar er de voorkeur aan geeft te zeggen dat deze persoon aan zijn &#8220;werkstation&#8221; op het &#8220;bedrijfsterrein&#8221; zit. Toch betekenen deze twee uitspraken in wezen hetzelfde.<\/p>\n<\/div><\/section><\/div>\n\n<style type=\"text\/css\" data-created_by=\"avia_inline_auto\" id=\"style-css-av-klqu91kq-da6fc43d88d99991082c772964cff1f1\">\n.avia-image-container.av-klqu91kq-da6fc43d88d99991082c772964cff1f1 img.avia_image{\nbox-shadow:none;\n}\n.avia-image-container.av-klqu91kq-da6fc43d88d99991082c772964cff1f1 .av-image-caption-overlay-center{\ncolor:#ffffff;\n}\n<\/style>\n<div  class='avia-image-container av-klqu91kq-da6fc43d88d99991082c772964cff1f1 av-styling- avia-align-center  avia-builder-el-3  el_after_av_one_full  el_before_av_one_full '   itemprop=\"image\" itemscope=\"itemscope\" itemtype=\"https:\/\/schema.org\/ImageObject\" ><div class=\"avia-image-container-inner\"><div class=\"avia-image-overlay-wrap\"><img decoding=\"async\" loading=\"lazy\" class='wp-image-68870 avia-img-lazy-loading-68870 avia_image ' src=\"https:\/\/www.star-ts.com\/wp-content\/uploads\/2015\/04\/faq-review-translation-graphic.png\" alt='Checklist voor vertaalbeoordeling' title='Checklist voor vertaalbeoordeling'  height=\"400\" width=\"400\"  itemprop=\"thumbnailUrl\" srcset=\"https:\/\/www.star-ts.com\/wp-content\/uploads\/2015\/04\/faq-review-translation-graphic.png 400w, https:\/\/www.star-ts.com\/wp-content\/uploads\/2015\/04\/faq-review-translation-graphic-80x80.png 80w, https:\/\/www.star-ts.com\/wp-content\/uploads\/2015\/04\/faq-review-translation-graphic-300x300.png 300w, https:\/\/www.star-ts.com\/wp-content\/uploads\/2015\/04\/faq-review-translation-graphic-36x36.png 36w, https:\/\/www.star-ts.com\/wp-content\/uploads\/2015\/04\/faq-review-translation-graphic-180x180.png 180w, https:\/\/www.star-ts.com\/wp-content\/uploads\/2015\/04\/faq-review-translation-graphic-120x120.png 120w\" sizes=\"auto, (max-width: 400px) 100vw, 400px\" \/><\/div><\/div><\/div>\n<div  class='flex_column av-6quf774-58e48da22027bdf1bd6c465f6465cc6f av_one_full  avia-builder-el-4  el_after_av_image  el_before_av_one_full  first flex_column_div  '     ><section  class='av_textblock_section av-6elwkpc-e71e3de490e210529967f6988d0b15e0 '   itemscope=\"itemscope\" itemtype=\"https:\/\/schema.org\/CreativeWork\" ><div class='avia_textblock'  itemprop=\"text\" ><div class=\"uxf\">\n<h3>Vertalingen van goede kwaliteit: vertalers en proeflezers<\/h3>\n<p>In zijn 35-jarige ervaring heeft STAR goed geteste processen ontwikkeld om kwaliteitsvertalingen te leveren. Professionele vertaalteams bestaande uit vertalers en onafhankelijke beoordelaars produceren uitstekende vertalingen met de volgende kenmerken: <\/p>\n<ul class=\"tik\">\n<li>de vertaalde tekst is <strong>grammaticaal correct<\/strong> en bevat geen typefouten of spelfouten<\/li>\n<li>de vertaalde tekst is een <strong>nauwkeurige vertaling<\/strong> van de brontekst<\/li>\n<li>de vertaalde tekst <strong>leest vloeiend<\/strong> voor het doelpubliek<\/li>\n<li>de vertaalde tekst <strong>dient hetzelfde doel als de brontekst<\/strong> beoogde, maar op een manier die het doelpubliek ervan overtuigt dat de tekst oorspronkelijk voor hen geschreven is<\/li>\n<\/ul>\n<p>Soms past de vertaling echter, ook al is de kwaliteit goed, niet altijd 100% bij de voorkeuren van de klant.<\/p>\n<\/div>\n<\/div><\/section><\/div>\n<div  class='flex_column av-kv90k0-b21ec8c94aaa4839acd89911935843e2 av_one_full  avia-builder-el-6  el_after_av_one_full  el_before_av_one_full  first flex_column_div  column-top-margin'     ><section  class='av_textblock_section av-igi5ps-5deb6507b3f251b118fd77e978dda04c '   itemscope=\"itemscope\" itemtype=\"https:\/\/schema.org\/CreativeWork\" ><div class='avia_textblock'  itemprop=\"text\" ><div class=\"uxf\">\n<h3>Beoordelingen door niet-taalprofessionals<\/h3>\n<p>Niet-taalprofessionals of domeinexpert-beoordelaars gebruiken vaak <a href=\"https:\/\/www.star-ts.com\/nl\/translation-faq\/what-is-terminology\/\">voorkeursterminologie<\/a> en een voorkeursstijl die de manier weerspiegelt waarop klanten en gebruikers doorgaans communiceren. Zij kunnen de zekerheid bieden dat de vertaling vloeiend leest in hun taal en dat de juiste woordenschat en terminologie voor de branche wordt gebruikt. Ze kunnen ook zorgen dat de vertaling het juiste doel dient.  <\/p>\n<p>Niet-taalprofessionals zijn echter geneigd om grammatica- en spelfouten in de beoordelingen te introduceren. Ook zijn hun beoordelingen vaak minder trouw aan het origineel en kunnen ze tot op zekere hoogte meer worden beschouwd als <a href=\"https:\/\/www.star-ts.com\/nl\/translation-faq\/difference-between-translation-and-localization\/\">lokalisaties<\/a> of <a href=\"https:\/\/www.star-ts.com\/nl\/translation-faq\/what-is-transcreation\/\">transcreaties<\/a>. Minder trouw zijn aan het origineel kan geweldig zijn vanuit een verkoop- en marketingperspectief; het kan het bedrijf echter blootstellen aan onbedoelde juridische, garantie-, gezondheids- en veiligheids- of contractuele aansprakelijkheden.  <\/p>\n<\/div>\n<\/div><\/section><\/div>\n<div  class='flex_column av-4sj0dbk-259c5d6513f4f16d9210d9e0519dbe03 av_one_full  avia-builder-el-8  el_after_av_one_full  el_before_av_one_full  first flex_column_div  column-top-margin'     ><section  class='av_textblock_section av-4df96j4-5f03d32d0ca0ec24440b800d3e32fbda '   itemscope=\"itemscope\" itemtype=\"https:\/\/schema.org\/CreativeWork\" ><div class='avia_textblock'  itemprop=\"text\" ><h3>Best practices<\/h3>\n<p>Als u besluit om uw gevoelige marketing- en verkoopdocumentatie te laten beoordelen, moeten best practices worden gevolgd om de kwaliteit van de uiteindelijke publicatie te waarborgen:<\/p>\n<ol>\n<li>Laat professionele vertalers en professionele beoordelaars van STAR de vertalingen maken.<\/li>\n<li>Laat een native domeinexpert de vertalingen beoordelen en bijwerken.<\/li>\n<li>Laat professionele vertalers van STAR de grammatica en spelling van de correcties controleren, en ook nagaan of de beoordelingen nog steeds trouw zijn aan de originele tekst en consistent zijn toegepast in het hele materiaal.<\/li>\n<\/ol>\n<blockquote>\n<p>Wij raden aan om beoordelingen alleen uit te voeren wanneer dat noodzakelijk is, aangezien de domeinexperts extra tijd zullen besteden en er mogelijk extra tijd en kosten worden gemaakt door de vertalers die de wijzigingen controleren.<\/p>\n<\/blockquote>\n<\/div><\/section><\/div>\n<p><div  class='flex_column av-3pyu38w-7f04681147175b29b3731c6e30cbdfb5 av_one_full  avia-builder-el-10  el_after_av_one_full  el_before_av_one_full  first flex_column_div  column-top-margin'     ><section  class='av_textblock_section av-3k3cx68-b073e531571dc2d14ebf4b87660e8119 '   itemscope=\"itemscope\" itemtype=\"https:\/\/schema.org\/CreativeWork\" ><div class='avia_textblock'  itemprop=\"text\" ><h3>STAR online beoordelingsportaal \u2013 WebEdit<\/h3>\n<p><a href=\"https:\/\/www.star-ts.com\/nl\/webcheck-online-review-system\/\">WebEdit<\/a> is een effici\u00ebnt hulpmiddel waarmee u uw vertalingen kunt beoordelen via een speciaal online beoordelingsportaal dat helpt bij het stroomlijnen van de inhoudsbeoordeling. Dit helpt de extra kosten en tijd die aan beoordelingsrondes worden besteed te verminderen en maakt een directe integratie van de wijzigingen mogelijk. <\/p>\n<h4>Hoe werkt het?<\/h4>\n<p>STAR laadt de vertaalde bestanden online en verleent u toegang tot deze bestanden. Na inloggen op het portaal kan uw beoordelaar de vertalingen naast de broninhoud in \u00e9\u00e9n ge\u00efntegreerd venster zien en direct in de vertaalde bestanden werken om de nodige bewerkingen uit te voeren. De gebruiksvriendelijke interface maakt het beoordelen van uw vertaalde documenten in WebEdit zeer eenvoudig en snel, en de gesynchroniseerde tweetalige weergave zorgt voor een betere nauwkeurigheid van de beoordeling.  <\/p>\n<p>Bovendien biedt WebEdit een directe interface naar het werkformaat van STAR, zodat zodra de wijzigingen door uw beoordelaar zijn ingevoerd en door onze vertaalteams zijn gecontroleerd, de voorkeursvertalingen onmiddellijk worden opgeslagen en bewaard voor hergebruik in uw toekomstige vertalingen. Dit maakt ook de tijdrovende handmatige implementatie van wijzigingen van PDF&#8217;s terug naar de vertaalde bestanden overbodig en houdt daardoor extra tijd en kosten tot een minimum beperkt. <\/p>\n<p>WebEdit zal uw <a href=\"https:\/\/www.star-ts.com\/nl\/webcheck-online-review-system\/\">beoordelingsproces<\/a> vereenvoudigen: het vermijdt de uitwisseling van bestanden tijdens de beoordelingsfase, houdt de aangebrachte wijzigingen automatisch bij en centraliseert alle bestanden die nodig zijn voor de beoordeling op \u00e9\u00e9n platform. Dit garandeert een snellere uitvoering van de beoordelingscomponent en van de algehele projecten.<\/p>\n<\/div><\/section><br \/>\n\n<style type=\"text\/css\" data-created_by=\"avia_inline_auto\" id=\"style-css-av-m9vawuxb-6a583dd23eb51a5582ebd64e848b3e0f\">\n.avia-image-container.av-m9vawuxb-6a583dd23eb51a5582ebd64e848b3e0f img.avia_image{\nbox-shadow:none;\n}\n.avia-image-container.av-m9vawuxb-6a583dd23eb51a5582ebd64e848b3e0f .av-image-caption-overlay-center{\ncolor:#ffffff;\n}\n<\/style>\n<div  class='avia-image-container av-m9vawuxb-6a583dd23eb51a5582ebd64e848b3e0f av-styling- avia-align-center  avia-builder-el-12  el_after_av_textblock  avia-builder-el-last '   itemprop=\"image\" itemscope=\"itemscope\" itemtype=\"https:\/\/schema.org\/ImageObject\" ><div class=\"avia-image-container-inner\"><div class=\"avia-image-overlay-wrap\"><img decoding=\"async\" fetchpriority=\"high\" class='wp-image-116595 avia-img-lazy-loading-not-116595 avia_image ' src=\"https:\/\/www.star-ts.com\/wp-content\/uploads\/WebEdit-Editor.png\" alt='CLM WebEdit-afbeelding die laat zien hoe een documentvertaling wordt bewerkt.' title='WebEdit-editor'  height=\"649\" width=\"1808\"  itemprop=\"thumbnailUrl\" srcset=\"https:\/\/www.star-ts.com\/wp-content\/uploads\/WebEdit-Editor.png 1808w, https:\/\/www.star-ts.com\/wp-content\/uploads\/WebEdit-Editor-300x108.png 300w, https:\/\/www.star-ts.com\/wp-content\/uploads\/WebEdit-Editor-1030x370.png 1030w, https:\/\/www.star-ts.com\/wp-content\/uploads\/WebEdit-Editor-80x29.png 80w, https:\/\/www.star-ts.com\/wp-content\/uploads\/WebEdit-Editor-768x276.png 768w, https:\/\/www.star-ts.com\/wp-content\/uploads\/WebEdit-Editor-1536x551.png 1536w, https:\/\/www.star-ts.com\/wp-content\/uploads\/WebEdit-Editor-1500x538.png 1500w, https:\/\/www.star-ts.com\/wp-content\/uploads\/WebEdit-Editor-705x253.png 705w\" sizes=\"(max-width: 1808px) 100vw, 1808px\" \/><\/div><\/div><\/div><\/p><\/div><div  class='flex_column av-2v43t2o-56236c1114edc86542e6631e89893e66 av_one_full  avia-builder-el-13  el_after_av_one_full  avia-builder-el-last  first flex_column_div  column-top-margin'     ><section  class='av_textblock_section av-2cfxf3k-2c51ff6c85de38b3cac7497106ca7f69 '   itemscope=\"itemscope\" itemtype=\"https:\/\/schema.org\/CreativeWork\" ><div class='avia_textblock'  itemprop=\"text\" ><div class=\"uxf\">\n<h3>Beoordelingen in Word, PDF, Excel enz.<\/h3>\n<p>Een meer <em>traditionele<\/em> aanpak is om uw vertalingen te beoordelen in het originele bestandsformaat of via PDF&#8217;s, met behulp van <strong>wijzigingen bijhouden<\/strong> of commentaartools.<\/p>\n<p>Het is echter moeilijker om wijzigingen bij te houden bij sommige bestandstypen. In Excel en PowerPoint bijvoorbeeld zijn wijzigingen niet zo gemakkelijk te identificeren als in Word. Het proces is complexer bij het werken met ontwerpbestanden (bijvoorbeeld InDesign-bestanden), waarbij de wijzigingen worden gemarkeerd op de PDF en vervolgens door ons team moeten worden ge\u00efmplementeerd in de InDesign-bestanden.  <\/p>\n<p>Over het algemeen zal deze beoordelingsaanpak wat extra kosten met zich meebrengen en kan het een project vertragen. Dit komt omdat ons team te maken krijgt met een complexer proces. We moeten uw wijzigingen implementeren, ons vertaalgeheugensysteem bijwerken en vervolgens opnieuw bestanden voor u produceren in de verschillende talen.  <\/p>\n<p>Wanneer online beoordeling niet mogelijk is, is dit, hoewel moeilijker, nog steeds de beste praktijk in de branche voor het beoordelen van vertalingen.<\/p>\n<\/div>\n<\/div><\/section><br \/>\n<section  class='av_textblock_section av-1l8f2nk-bbfa43956144674e1638417b4f7086ff '   itemscope=\"itemscope\" itemtype=\"https:\/\/schema.org\/CreativeWork\" ><div class='avia_textblock'  itemprop=\"text\" ><p><a href=\"https:\/\/www.star-ts.com\/nl\/translation-faq\/how-do-you-price-translation-projects\/\">Hoe prijst u vertalingen?<\/a><\/p>\n<p><a href=\"https:\/\/www.star-ts.com\/nl\/translation-faq\/what-is-segmentation\/\">Wat is segmentatie?<\/a><\/p>\n<p><a href=\"https:\/\/www.star-ts.com\/nl\/translation-faq\/how-should-i-get-a-translation-reviewed\/\">Hoe laat u een vertaling beoordelen?<\/a><\/p>\n<\/div><\/section><\/p><\/div><\/p>\n","protected":false},"excerpt":{"rendered":"","protected":false},"author":1,"featured_media":72424,"parent":118824,"menu_order":40,"comment_status":"closed","ping_status":"open","template":"","meta":{"footnotes":""},"class_list":["post-118767","page","type-page","status-publish","has-post-thumbnail","hentry"],"_links":{"self":[{"href":"https:\/\/www.star-ts.com\/nl\/wp-json\/wp\/v2\/pages\/118767","targetHints":{"allow":["GET"]}}],"collection":[{"href":"https:\/\/www.star-ts.com\/nl\/wp-json\/wp\/v2\/pages"}],"about":[{"href":"https:\/\/www.star-ts.com\/nl\/wp-json\/wp\/v2\/types\/page"}],"author":[{"embeddable":true,"href":"https:\/\/www.star-ts.com\/nl\/wp-json\/wp\/v2\/users\/1"}],"replies":[{"embeddable":true,"href":"https:\/\/www.star-ts.com\/nl\/wp-json\/wp\/v2\/comments?post=118767"}],"version-history":[{"count":0,"href":"https:\/\/www.star-ts.com\/nl\/wp-json\/wp\/v2\/pages\/118767\/revisions"}],"up":[{"embeddable":true,"href":"https:\/\/www.star-ts.com\/nl\/wp-json\/wp\/v2\/pages\/118824"}],"wp:featuredmedia":[{"embeddable":true,"href":"https:\/\/www.star-ts.com\/nl\/wp-json\/wp\/v2\/media\/72424"}],"wp:attachment":[{"href":"https:\/\/www.star-ts.com\/nl\/wp-json\/wp\/v2\/media?parent=118767"}],"curies":[{"name":"wp","href":"https:\/\/api.w.org\/{rel}","templated":true}]}}