{"id":118723,"date":"2025-11-07T08:48:28","date_gmt":"2025-11-07T08:48:28","guid":{"rendered":"https:\/\/www.star-ts.com\/german-to-irish-translation-services\/"},"modified":"2025-11-07T09:43:21","modified_gmt":"2025-11-07T09:43:21","slug":"german-to-irish-translation-services","status":"publish","type":"page","link":"https:\/\/www.star-ts.com\/nl\/german-to-irish-translation-services\/","title":{"rendered":"Vertaaldiensten van Duits naar Iers"},"content":{"rendered":"<div id='full_slider_1'  class='avia-fullwidth-slider main_color avia-shadow av-small-hide av-mini-hide  avia-builder-el-0  el_before_av_one_third  avia-builder-el-first   container_wrap sidebar_right'  ><div  class='avia-slideshow av-maqlyud6-368381e77cf48d877f931da155713328 avia-slideshow-featured av_slideshow_full avia-slide-slider av-small-hide av-mini-hide av-slideshow-ui av-control-default av-slideshow-manual av-loop-once av-loop-manual-endless av-default-height-applied   avia-slideshow-1' data-slideshow-options=\"{&quot;animation&quot;:&quot;slide&quot;,&quot;autoplay&quot;:false,&quot;loop_autoplay&quot;:&quot;once&quot;,&quot;interval&quot;:5,&quot;loop_manual&quot;:&quot;manual-endless&quot;,&quot;autoplay_stopper&quot;:false,&quot;noNavigation&quot;:false,&quot;bg_slider&quot;:false,&quot;keep_padding&quot;:false,&quot;hoverpause&quot;:false,&quot;show_slide_delay&quot;:0}\"  itemprop=\"image\" itemscope=\"itemscope\" itemtype=\"https:\/\/schema.org\/ImageObject\" ><ul class='avia-slideshow-inner ' style='padding-bottom: 28.666666666667%;'><li  class='avia-slideshow-slide av-maqlyud6-368381e77cf48d877f931da155713328__0  av-single-slide slide-1 slide-odd'><div data-rel='slideshow-1' class='avia-slide-wrap '   ><div class='av-slideshow-caption av-maqlyud6-368381e77cf48d877f931da155713328__0 caption_fullwidth caption_center caption_center_framed caption_framed'><div class=\"container caption_container\"><div class=\"slideshow_caption\"><div class=\"slideshow_inner_caption\"><div class=\"slideshow_align_caption\"><h2 class='avia-caption-title '  itemprop=\"name\" >Technische vertaling<\/h2><div class='avia-caption-content '  itemprop=\"description\" ><p>Duits naar Iers<\/p>\n<\/div><\/div><\/div><\/div><\/div><\/div><img decoding=\"async\" fetchpriority=\"high\" class=\"wp-image-108892 avia-img-lazy-loading-not-108892\"  src=\"https:\/\/www.star-ts.com\/wp-content\/uploads\/2018\/04\/sports-car-automotive-2-1500x430.webp\" width=\"1500\" height=\"430\" title='sports-car-automotive-2' alt=''  itemprop=\"thumbnailUrl\"   \/><\/div><\/li><\/ul><\/div><\/div><div id='after_full_slider_1'  class='main_color av_default_container_wrap container_wrap sidebar_right'  ><div class='container av-section-cont-open' ><div class='template-page content  av-content-small alpha units'><div class='post-entry post-entry-type-page post-entry-118723'><div class='entry-content-wrapper clearfix'>\n\n<style type=\"text\/css\" data-created_by=\"avia_inline_auto\" id=\"style-css-av-dhts4pi-481c4647ccd23729a523a79a55d14a12\">\n.flex_column.av-dhts4pi-481c4647ccd23729a523a79a55d14a12{\nborder-radius:0px 0px 0px 0px;\npadding:0px 0px 0px 0px;\n}\n<\/style>\n<div  class='flex_column av-dhts4pi-481c4647ccd23729a523a79a55d14a12 av_one_third  avia-builder-el-1  el_after_av_slideshow_full  el_before_av_two_third  avia-builder-el-first  first flex_column_div av-zero-column-padding  '     ><style type=\"text\/css\" data-created_by=\"avia_inline_auto\" id=\"style-css-av-maqm0fdu-c8943051d425b87c1b0fe9aa5b24e89f\">\n.avia-image-container.av-maqm0fdu-c8943051d425b87c1b0fe9aa5b24e89f img.avia_image{\nbox-shadow:none;\n}\n.avia-image-container.av-maqm0fdu-c8943051d425b87c1b0fe9aa5b24e89f .av-image-caption-overlay-center{\ncolor:#ffffff;\n}\n<\/style>\n<div  class='avia-image-container av-maqm0fdu-c8943051d425b87c1b0fe9aa5b24e89f av-styling- avia-align-center  avia-builder-el-2  avia-builder-el-no-sibling '   itemprop=\"image\" itemscope=\"itemscope\" itemtype=\"https:\/\/schema.org\/ImageObject\" ><div class=\"avia-image-container-inner\"><div class=\"avia-image-overlay-wrap\"><img decoding=\"async\" fetchpriority=\"high\" class='wp-image-107367 avia-img-lazy-loading-not-107367 avia_image ' src=\"https:\/\/www.star-ts.com\/wp-content\/uploads\/2020\/05\/biz-woman-small-lr-300x242.jpg\" alt='Zakenvrouw Talen' title='Zakenvrouw'  height=\"242\" width=\"300\"  itemprop=\"thumbnailUrl\" srcset=\"https:\/\/www.star-ts.com\/wp-content\/uploads\/2020\/05\/biz-woman-small-lr-300x242.jpg 300w, https:\/\/www.star-ts.com\/wp-content\/uploads\/2020\/05\/biz-woman-small-lr-80x65.jpg 80w, https:\/\/www.star-ts.com\/wp-content\/uploads\/2020\/05\/biz-woman-small-lr.jpg 495w\" sizes=\"(max-width: 300px) 100vw, 300px\" \/><\/div><\/div><\/div><\/div>\n\n<style type=\"text\/css\" data-created_by=\"avia_inline_auto\" id=\"style-css-av-8c0r386-b933528552993b56c196f6c51469933e\">\n.flex_column.av-8c0r386-b933528552993b56c196f6c51469933e{\nborder-radius:0px 0px 0px 0px;\npadding:0px 0px 0px 0px;\n}\n<\/style>\n<div  class='flex_column av-8c0r386-b933528552993b56c196f6c51469933e av_two_third  avia-builder-el-3  el_after_av_one_third  avia-builder-el-last  flex_column_div av-zero-column-padding  '     ><section  class='av_textblock_section av-maqm166t-8693ae17f52303e7d578af7a48f4f09a '   itemscope=\"itemscope\" itemtype=\"https:\/\/schema.org\/CreativeWork\" ><div class='avia_textblock'  itemprop=\"text\" ><h1>Vertaling van Duits naar Iers<\/h1>\n<p>Voor Duitse bedrijven die actief zijn in Ierland of zich richten op Ierstalige doelgroepen, is precisie in vertaling essentieel. Samenwerken met een ISO-gecertificeerd vertaalbedrijf met diepgaande expertise in de <a href=\"https:\/\/www.star-ts.com\/translation-services\/automotive-industry\/\">automotive<\/a> en industri\u00eble sectoren zorgt voor nauwkeurigheid, consistentie en technische vloeiendheid.<\/p>\n<\/div><\/section><br \/>\n<section  class='av_textblock_section av-maqm8mq2-1ffaac08a4ab26f608f6dd9800a98980 '   itemscope=\"itemscope\" itemtype=\"https:\/\/schema.org\/CreativeWork\" ><div class='avia_textblock'  itemprop=\"text\" ><h2>Technische documenten<\/h2>\n<p>Gevestigd in Ierland, zijn wij gespecialiseerd in het vertalen naar het Iers. Onze klanten zijn onder andere toonaangevende Duitse automotive OEM&#8217;s en industri\u00eble machinebedrijven.<\/p>\n<p>Wij vertalen servicehandleidingen, gebruikershandleidingen en meer, en kunnen werken met vele bestandsformaten, waaronder PowerPoint, InDesign en meer.<\/p>\n<h2>Sectorspecifieke expertise<\/h2>\n<p>Wij zijn gespecialiseerd in vertalingen voor de automotive en industri\u00eble machinesector, waarbij we technisch correcte en contextueel relevante inhoud garanderen.<\/p>\n<p>Onze ervaring met OEM&#8217;s en industri\u00eble fabrikanten garandeert begrip van complexe terminologie en regelgevende normen.<\/p>\n<h2>ISO-gecertificeerde kwaliteit<\/h2>\n<p>Onze ISO-certificering weerspiegelt onze toewijding aan hoogwaardige, conforme vertalingen.<\/p>\n<p>Strenge kwaliteitscontroleprocessen zorgen voor nauwkeurigheid, consistentie en naleving van industrienormen.<\/p>\n<h2>Precisie in Duits-naar-Ierse vertaling<\/h2>\n<p>Directe vertalingen kunnen culturele nuances missen &#8211; onze taalkundigen zorgen ervoor dat de inhoud effectief wordt aangepast voor Ierse doelgroepen.<\/p>\n<p>We behouden technische terminologie terwijl we de taal duidelijk, professioneel en gelokaliseerd maken.<\/p>\n<h2>Naleving van regelgeving &amp; nauwkeurigheid<\/h2>\n<p>De automotive-industrie vereist nauwkeurige documentatie &#8211; onze vertalingen voldoen aan de compliance-behoeften.<\/p>\n<p>Of het nu gaat om technische handleidingen, veiligheidsdocumentatie of marketingmateriaal, wij leveren betrouwbare vertalingen op maat voor de industrie.<\/p>\n<h2>Expertise<\/h2>\n<p>Wij zijn er trots op samen te werken met Ierse overheidsdepartementen. STAR is een goedgekeurd lid van het <a href=\"https:\/\/www.star-ts.com\/nl\/irish-translation\/\">Government Framework for Irish Translation<\/a>.<\/p>\n<p>Wij hebben moedertaalsprekers van het Iers in dienst met gespecialiseerde vertaalexpertise om uitgebreide oplossingen te bieden voor uw Ierse vertaalbehoeften. Onze vertalers houden zich aan An Caighde\u00e1n Oifigi\u00fail, de offici\u00eble taalstandaard.<\/p>\n<h2>Naadloze integratie &amp; effici\u00ebntie<\/h2>\n<p>Ons proces minimaliseert verstoringen, zorgt voor snelle doorlooptijden en naadloze samenwerking.<\/p>\n<p>We werken samen met bedrijven aan meertalige projecten, waarbij we de communicatie voor internationale markten stroomlijnen.<\/p>\n<p>Voor elk Duits automotive en <a href=\"https:\/\/www.star-ts.com\/nl\/industries\/\">industrieel bedrijf<\/a> dat zich uitbreidt naar Ierse markten, betekent samenwerken met een gespecialiseerde vertaalpartner meer dan alleen taalomzetting &#8211; het gaat om duidelijkheid, naleving en geloofwaardigheid.<\/p>\n<p>Laten we contact opnemen en bespreken hoe we uw lokalisatie-inspanningen kunnen ondersteunen. Precisie is belangrijk. Werk samen met ons.<\/p>\n<\/div><\/section><\/p><\/div>\n","protected":false},"excerpt":{"rendered":"<p>Gevestigd in Ierland, zijn wij gespecialiseerd in het vertalen naar het Iers. Onze klanten zijn onder andere toonaangevende Duitse automotive OEM&#8217;s en industri\u00eble machinebedrijven.<\/p>\n<p>Wij vertalen servicehandleidingen, gebruikershandleidingen en meer, en kunnen werken met vele bestandsformaten, waaronder PowerPoint, InDesign en meer.<\/p>\n","protected":false},"author":1,"featured_media":108897,"parent":0,"menu_order":0,"comment_status":"closed","ping_status":"closed","template":"","meta":{"footnotes":""},"class_list":["post-118723","page","type-page","status-publish","has-post-thumbnail","hentry"],"_links":{"self":[{"href":"https:\/\/www.star-ts.com\/nl\/wp-json\/wp\/v2\/pages\/118723","targetHints":{"allow":["GET"]}}],"collection":[{"href":"https:\/\/www.star-ts.com\/nl\/wp-json\/wp\/v2\/pages"}],"about":[{"href":"https:\/\/www.star-ts.com\/nl\/wp-json\/wp\/v2\/types\/page"}],"author":[{"embeddable":true,"href":"https:\/\/www.star-ts.com\/nl\/wp-json\/wp\/v2\/users\/1"}],"replies":[{"embeddable":true,"href":"https:\/\/www.star-ts.com\/nl\/wp-json\/wp\/v2\/comments?post=118723"}],"version-history":[{"count":0,"href":"https:\/\/www.star-ts.com\/nl\/wp-json\/wp\/v2\/pages\/118723\/revisions"}],"wp:featuredmedia":[{"embeddable":true,"href":"https:\/\/www.star-ts.com\/nl\/wp-json\/wp\/v2\/media\/108897"}],"wp:attachment":[{"href":"https:\/\/www.star-ts.com\/nl\/wp-json\/wp\/v2\/media?parent=118723"}],"curies":[{"name":"wp","href":"https:\/\/api.w.org\/{rel}","templated":true}]}}