{"id":64414,"date":"2025-02-20T12:32:06","date_gmt":"2025-02-20T12:32:06","guid":{"rendered":"https:\/\/www.star-ts.com\/seirbhisi-aistriuchain\/seirbhisi-aistriuchain-innealtoireachta\/"},"modified":"2025-11-05T13:16:09","modified_gmt":"2025-11-05T13:16:09","slug":"seirbhisi-aistriuchain-innealtoireachta","status":"publish","type":"page","link":"https:\/\/www.star-ts.com\/ga\/seirbhisi-aistriuchain\/seirbhisi-aistriuchain-innealtoireachta\/","title":{"rendered":"Seirbh\u00eds\u00ed Aistri\u00fach\u00e1in Innealt\u00f3ireachta"},"content":{"rendered":"<div id='full_slider_1'  class='avia-fullwidth-slider main_color avia-shadow   avia-builder-el-0  el_before_av_one_full  avia-builder-el-first   container_wrap sidebar_right'  ><div  class='avia-slideshow av-kna8dtog-854dd1fcaeaff948e42a2d9f92a7cf7c avia-slideshow-featured av_slideshow_full avia-slide-slider av-slideshow-ui av-control-default av-slideshow-manual av-loop-once av-loop-manual-endless av-default-height-applied   avia-slideshow-1' data-slideshow-options=\"{&quot;animation&quot;:&quot;slide&quot;,&quot;autoplay&quot;:false,&quot;loop_autoplay&quot;:&quot;once&quot;,&quot;interval&quot;:5,&quot;loop_manual&quot;:&quot;manual-endless&quot;,&quot;autoplay_stopper&quot;:false,&quot;noNavigation&quot;:false,&quot;bg_slider&quot;:false,&quot;keep_padding&quot;:false,&quot;hoverpause&quot;:false,&quot;show_slide_delay&quot;:0}\"  itemprop=\"image\" itemscope=\"itemscope\" itemtype=\"https:\/\/schema.org\/ImageObject\" ><ul class='avia-slideshow-inner ' style='padding-bottom: 28.666666666667%;'><li  class='avia-slideshow-slide av-kna8dtog-854dd1fcaeaff948e42a2d9f92a7cf7c__0  av-single-slide slide-1 slide-odd'><div data-rel='slideshow-1' class='avia-slide-wrap '   ><div class='av-slideshow-caption av-kna8dtog-854dd1fcaeaff948e42a2d9f92a7cf7c__0 caption_fullwidth caption_center caption_center_framed caption_framed'><div class=\"container caption_container\"><div class=\"slideshow_caption\"><div class=\"slideshow_inner_caption\"><div class=\"slideshow_align_caption\"><h2 class='avia-caption-title '  itemprop=\"name\" >Seirbh\u00eds\u00ed Aistri\u00fach\u00e1in Innealt\u00f3ireachta<\/h2><div class='avia-caption-content '  itemprop=\"description\" ><p>Aistri\u00fach\u00e1n Teicni\u00fail<\/p>\n<\/div><\/div><\/div><\/div><\/div><\/div><img decoding=\"async\" fetchpriority=\"high\" class=\"wp-image-54318 avia-img-lazy-loading-not-54318\"  src=\"https:\/\/www.star-ts.com\/wp-content\/uploads\/2018\/04\/engineering-hp-1500x430.jpg\" width=\"1500\" height=\"430\" title='Laistigh Den Mhonarcha Tionscail Throm, Oibr\u00edonn Innealt\u00f3ir Tionscla\u00edoch Baineann Ar R\u00edomhaire Pearsanta, Dearann s\u00ed Samhail Tuirb\u00edn 3T, Labhra\u00edonn A Comhghleaca\u00ed Fireann L\u00e9i Agus \u00das\u00e1ideann s\u00e9 R\u00edomhaire T\u00e1ibl\u00e9id.' alt='Innealt\u00f3ireacht'  itemprop=\"thumbnailUrl\"   \/><\/div><\/li><\/ul><\/div><\/div><div id='after_full_slider_1'  class='main_color av_default_container_wrap container_wrap sidebar_right'  ><div class='container av-section-cont-open' ><div class='template-page content  av-content-small alpha units'><div class='post-entry post-entry-type-page post-entry-64414'><div class='entry-content-wrapper clearfix'>\n\n<style type=\"text\/css\" data-created_by=\"avia_inline_auto\" id=\"style-css-av-2luaqpp-8befd5bb5ad5546af01fd388b9100ef7\">\n.flex_column.av-2luaqpp-8befd5bb5ad5546af01fd388b9100ef7{\nborder-radius:0px 0px 0px 0px;\npadding:0px 0px 0px 0px;\n}\n<\/style>\n<div  class='flex_column av-2luaqpp-8befd5bb5ad5546af01fd388b9100ef7 av_one_full  avia-builder-el-1  el_after_av_slideshow_full  el_before_av_one_full  avia-builder-el-first  first flex_column_div av-zero-column-padding  '     ><section  class='av_textblock_section av-kna87eax-77535d5dd37d07e54ed7f0ef45f04b29 '   itemscope=\"itemscope\" itemtype=\"https:\/\/schema.org\/CreativeWork\" ><div class='avia_textblock'  itemprop=\"text\" ><h1>SEIRBH\u00cdS\u00cd AISTRI\u00daCH\u00c1IN INNEALT\u00d3IREACHTA<\/h1>\n<p>T\u00e1imid ag obair sa tionscal innealt\u00f3ireachta \u00f3 1984 i leith, ag sol\u00e1thar aistri\u00fach\u00e1in do chustaim\u00e9ir\u00ed Fortune 500 ar fud an domhain lena n-\u00e1ir\u00edtear Siemens agus Bosch. T\u00e1 saineolas suntasach teicni\u00fail againn ag obair do go leor cuideachta\u00ed m\u00f3r le r\u00e1.<\/p>\n<p>T\u00e1 aistri\u00fach\u00e1n teicni\u00fail ar cheann de na tionscail is deacra: is f\u00e9idir leis an t\u00e9arma\u00edocht a bheith casta agus caithfidh an t-aistri\u00fach\u00e1n a bheith cruinn. N\u00ed m\u00f3r d\u2019aistritheoir\u00ed an tionscal a thuiscint go hioml\u00e1n le go mbeidh siad in ann coincheapa innealt\u00f3ireachta a chur in i\u00fal go soil\u00e9ir.<\/p>\n<p>Tuigimid an g\u00e1 at\u00e1 le scileanna teicni\u00fala sa phr\u00f3iseas aistri\u00fach\u00e1in. T\u00e1 \u00e1r n-aistritheoir\u00ed oilte ar chaighde\u00e1in ch\u00e1il\u00edochta ISO agus t\u00e1 taith\u00ed acu ar fhaisn\u00e9is theicni\u00fail a fhorbairt. T\u00e1imid in ann cabhr\u00fa leat do chuid c\u00e1ip\u00e9is\u00ed teicni\u00fala agus gluaiseanna a chruth\u00fa, a chur le ch\u00e9ile, a aistri\u00fa agus a choime\u00e1d.<\/p>\n<\/div><\/section><\/div>\n<div  class='flex_column av-1rhyr4t-a7ec5762ac37165fbaec7069d717e78a av_one_full  avia-builder-el-3  el_after_av_one_full  avia-builder-el-last  first flex_column_div  column-top-margin'     ><section  class='av_textblock_section av-17b9259-3f39d8f1583a21bcadeb47328adf089f '   itemscope=\"itemscope\" itemtype=\"https:\/\/schema.org\/CreativeWork\" ><div class='avia_textblock'  itemprop=\"text\" ><div  class='avia-button-wrap avia-button-center  avia-builder-el-5  avia-builder-el-no-sibling '>\n<style type=\"text\/css\" data-created_by=\"avia_inline_auto\" id=\"style-css-av-llgrp9-4c71b094db000c0fae5b7710e9c1eb1f\">\n#top #wrap_all .avia-button.av-llgrp9-4c71b094db000c0fae5b7710e9c1eb1f:hover{\ncolor:white;\ntransition:all 0.4s ease-in-out;\n}\n#top #wrap_all .avia-button.av-llgrp9-4c71b094db000c0fae5b7710e9c1eb1f:hover .avia-svg-icon svg:first-child{\nfill:white;\nstroke:white;\n}\n<\/style>\n<a href='https:\/\/www.star-ts.com\/ga\/dean-teagmhail\/' class='avia-color-theme-color avia-font-color-theme-color avia-button avia-button-fullwidth av-llgrp9-4c71b094db000c0fae5b7710e9c1eb1f avia-icon_select-no avia-color-theme-color'  title=\"Contact Us\" aria-label=\"Contact Us\"><span class='avia_iconbox_title' >D\u00e9an teagmh\u00e1il Linn<\/span><span class='avia_button_background avia-button avia-button-fullwidth avia-color-theme-color-highlight'><\/span><\/a><\/div>\n<\/div><\/section><\/div>\n","protected":false},"excerpt":{"rendered":"","protected":false},"author":1,"featured_media":54318,"parent":52811,"menu_order":0,"comment_status":"closed","ping_status":"closed","template":"","meta":{"footnotes":""},"class_list":["post-64414","page","type-page","status-publish","has-post-thumbnail","hentry"],"_links":{"self":[{"href":"https:\/\/www.star-ts.com\/ga\/wp-json\/wp\/v2\/pages\/64414","targetHints":{"allow":["GET"]}}],"collection":[{"href":"https:\/\/www.star-ts.com\/ga\/wp-json\/wp\/v2\/pages"}],"about":[{"href":"https:\/\/www.star-ts.com\/ga\/wp-json\/wp\/v2\/types\/page"}],"author":[{"embeddable":true,"href":"https:\/\/www.star-ts.com\/ga\/wp-json\/wp\/v2\/users\/1"}],"replies":[{"embeddable":true,"href":"https:\/\/www.star-ts.com\/ga\/wp-json\/wp\/v2\/comments?post=64414"}],"version-history":[{"count":0,"href":"https:\/\/www.star-ts.com\/ga\/wp-json\/wp\/v2\/pages\/64414\/revisions"}],"up":[{"embeddable":true,"href":"https:\/\/www.star-ts.com\/ga\/wp-json\/wp\/v2\/pages\/52811"}],"wp:featuredmedia":[{"embeddable":true,"href":"https:\/\/www.star-ts.com\/ga\/wp-json\/wp\/v2\/media\/54318"}],"wp:attachment":[{"href":"https:\/\/www.star-ts.com\/ga\/wp-json\/wp\/v2\/media?parent=64414"}],"curies":[{"name":"wp","href":"https:\/\/api.w.org\/{rel}","templated":true}]}}