{"id":64324,"date":"2025-02-07T14:38:29","date_gmt":"2025-02-07T14:38:29","guid":{"rendered":"https:\/\/www.star-ts.com\/seirbhisi-aistriuchain-na-fraincise-suiomhanna-greasain-doicimeid\/"},"modified":"2025-04-08T12:21:18","modified_gmt":"2025-04-08T11:21:18","slug":"seirbhisi-aistriuchain-na-fraincise-suiomhanna-greasain-doicimeid","status":"publish","type":"page","link":"https:\/\/www.star-ts.com\/ga\/seirbhisi-aistriuchain-na-fraincise-suiomhanna-greasain-doicimeid\/","title":{"rendered":"Seirbh\u00eds\u00ed Aistri\u00fach\u00e1in na Fraincise | Su\u00edomhanna Gr\u00e9as\u00e1in | Doicim\u00e9id"},"content":{"rendered":"<div id='full_slider_1'  class='avia-fullwidth-slider main_color avia-shadow av-small-hide av-mini-hide  avia-builder-el-0  el_before_av_one_full  avia-builder-el-first   container_wrap sidebar_right'  ><div  class='avia-slideshow av-6jwlp8w-1d8d887739563fac5f91dc55cd00bf57 avia-slideshow-featured av_slideshow_full avia-slide-slider av-small-hide av-mini-hide av-slideshow-ui av-control-default av-slideshow-manual av-loop-once av-loop-manual-endless av-default-height-applied   avia-slideshow-1' data-slideshow-options=\"{&quot;animation&quot;:&quot;slide&quot;,&quot;autoplay&quot;:false,&quot;loop_autoplay&quot;:&quot;once&quot;,&quot;interval&quot;:5,&quot;loop_manual&quot;:&quot;manual-endless&quot;,&quot;autoplay_stopper&quot;:false,&quot;noNavigation&quot;:false,&quot;bg_slider&quot;:false,&quot;keep_padding&quot;:false,&quot;hoverpause&quot;:false,&quot;show_slide_delay&quot;:0}\"  itemprop=\"image\" itemscope=\"itemscope\" itemtype=\"https:\/\/schema.org\/ImageObject\" ><ul class='avia-slideshow-inner ' style='padding-bottom: 33.59375%;'><li  class='avia-slideshow-slide av-6jwlp8w-1d8d887739563fac5f91dc55cd00bf57__0  av-single-slide slide-1 slide-odd'><div data-rel='slideshow-1' class='avia-slide-wrap '   ><div class='av-slideshow-caption av-6jwlp8w-1d8d887739563fac5f91dc55cd00bf57__0 caption_fullwidth caption_center caption_center_framed caption_framed'><div class=\"container caption_container\"><div class=\"slideshow_caption\"><div class=\"slideshow_inner_caption\"><div class=\"slideshow_align_caption\"><h2 class='avia-caption-title '  itemprop=\"name\" >French Translation Services<\/h2><div class='avia-caption-content '  itemprop=\"description\" ><p>Enterprise Level Document and Website Translation<\/p>\n<\/div><\/div><\/div><\/div><\/div><\/div><img decoding=\"async\" fetchpriority=\"high\" class=\"wp-image-58978 avia-img-lazy-loading-not-58978\"  src=\"https:\/\/www.star-ts.com\/wp-content\/uploads\/2017\/12\/paris-1836415_1280-1280x430.jpg\" width=\"1280\" height=\"430\" title='paris-1836415_1280' alt=''  itemprop=\"thumbnailUrl\"   \/><\/div><\/li><\/ul><\/div><\/div><div id='after_full_slider_1'  class='main_color av_default_container_wrap container_wrap sidebar_right'  ><div class='container av-section-cont-open' ><div class='template-page content  av-content-small alpha units'><div class='post-entry post-entry-type-page post-entry-64324'><div class='entry-content-wrapper clearfix'>\n<div  class='flex_column av-4zllb2o-05e66b8334b9b5cd4e5432dbbc2b1daa av_one_full  avia-builder-el-1  el_after_av_slideshow_full  el_before_av_one_full  avia-builder-el-first  first flex_column_div  '     ><section  class='av_textblock_section av-4gf2ro0-6cdafd909a60829bcf5ceff9109bf0b8 '   itemscope=\"itemscope\" itemtype=\"https:\/\/schema.org\/CreativeWork\" ><div class='avia_textblock'  itemprop=\"text\" ><h1>English to French Translation Services<\/h1>\n<p>STAR has been providing English to French translation services since 1984. We assist our clients in expanding their business in France and Canada by translating the critical business information they need. Our main office is conveniently located in central Paris.<\/p>\n<p><strong>Documents:<\/strong><\/p>\n<p>We can translate and fully publish your files in French for various formats, including Adobe InDesign, FrameMaker, QuarkXPress, and Microsoft Word. For example, we offer comprehensive guidance on <a href=\"https:\/\/www.star-ts.com\/ga\/conas-comhaid-indesign-a-aistriu\/\">how to translate an InDesign file.<\/a><\/p>\n<p><strong>Websites:<\/strong><\/p>\n<p>For content management providers, we can work directly with HTML, XML, CSV, and database formats to provide seamless website localization. Our technical translation services cover a wide range of formats, including AutoCAD DXF, Microsoft PowerPoint, Excel, Word, PDF, paper, and even fax translations.<\/p>\n<p><strong>WordPress<\/strong>:<\/p>\n<p>We are partners with WPML, enabling us to help you implement a smooth and efficient <a href=\"https:\/\/www.star-ts.com\/how-do-you-translate-a-wordpress-website-with-wpml\/\">translation process for your WordPress site<\/a>.<\/p>\n<p>With dedicated teams based in Paris, France, and Quebec, Canada, we deliver the highest quality French translations. Our native French speakers can help you generate more business by ensuring your content resonates with French-speaking audiences. For customers exporting specifically to Canada, we also provide native French Canadian translation services.<\/p>\n<\/div><\/section><\/div>\n\n<style type=\"text\/css\" data-created_by=\"avia_inline_auto\" id=\"style-css-av-t68w1c-da5e0055daf2e43780c3679ad6dceb75\">\n.flex_column.av-t68w1c-da5e0055daf2e43780c3679ad6dceb75{\nborder-radius:0px 0px 0px 0px;\npadding:0px 0px 0px 0px;\n}\n<\/style>\n<div  class='flex_column av-t68w1c-da5e0055daf2e43780c3679ad6dceb75 av_one_full  avia-builder-el-3  el_after_av_one_full  el_before_av_one_full  first flex_column_div av-zero-column-padding  column-top-margin'     ><p>\n<style type=\"text\/css\" data-created_by=\"avia_inline_auto\" id=\"style-css-av-kye87e4u-231d24e55c1e8902dc96a2acfc34e1fb\">\n.avia-image-container.av-kye87e4u-231d24e55c1e8902dc96a2acfc34e1fb img.avia_image{\nbox-shadow:none;\n}\n.avia-image-container.av-kye87e4u-231d24e55c1e8902dc96a2acfc34e1fb .av-image-caption-overlay-center{\ncolor:#ffffff;\n}\n<\/style>\n<div  class='avia-image-container av-kye87e4u-231d24e55c1e8902dc96a2acfc34e1fb av-styling- avia-align-center  avia-builder-el-4  el_before_av_textblock  avia-builder-el-first '   itemprop=\"image\" itemscope=\"itemscope\" itemtype=\"https:\/\/schema.org\/ImageObject\" ><div class=\"avia-image-container-inner\"><div class=\"avia-image-overlay-wrap\"><img decoding=\"async\" fetchpriority=\"high\" class='wp-image-56540 avia-img-lazy-loading-not-56540 avia_image ' src=\"https:\/\/www.star-ts.com\/wp-content\/uploads\/2015\/01\/lovre-paris-by-alvesgaspar-1030x260.jpg\" alt='The Louvre Paris France' title='The Louvre Paris France'  height=\"260\" width=\"1030\"  itemprop=\"thumbnailUrl\" srcset=\"https:\/\/www.star-ts.com\/wp-content\/uploads\/2015\/01\/lovre-paris-by-alvesgaspar-1030x260.jpg 1030w, https:\/\/www.star-ts.com\/wp-content\/uploads\/2015\/01\/lovre-paris-by-alvesgaspar-80x20.jpg 80w, https:\/\/www.star-ts.com\/wp-content\/uploads\/2015\/01\/lovre-paris-by-alvesgaspar-300x76.jpg 300w, https:\/\/www.star-ts.com\/wp-content\/uploads\/2015\/01\/lovre-paris-by-alvesgaspar-705x178.jpg 705w, https:\/\/www.star-ts.com\/wp-content\/uploads\/2015\/01\/lovre-paris-by-alvesgaspar-450x114.jpg 450w, https:\/\/www.star-ts.com\/wp-content\/uploads\/2015\/01\/lovre-paris-by-alvesgaspar.jpg 1500w\" sizes=\"(max-width: 1030px) 100vw, 1030px\" \/><\/div><\/div><\/div><br \/>\n<section  class='av_textblock_section av-ke1cojbs-e60fd2b27a657dbb7beee059203a35dd '   itemscope=\"itemscope\" itemtype=\"https:\/\/schema.org\/CreativeWork\" ><div class='avia_textblock'  itemprop=\"text\" ><h2>Native English to French Translators<\/h2>\n<p>It is crucial that French translators work and live in their native country to ensure the highest quality translations. French spoken in Quebec differs significantly from French spoken in France.<\/p>\n<p>There are notable grammatical differences between these dialects, as well as variations in local vocabulary. Phrasing can also change from region to region. This is why we have teams of native-speaking translators based in both France and Canada. This approach ensures the most accurate and culturally appropriate translations for each locale.<\/p>\n<p>For website translation, it is essential to ensure your site is encoded for the correct French language and locale. We can assist you in optimizing your site to attract and engage your target audience effectively.<\/p>\n<p>Our native French translators are well-versed in the nuances of their respective dialects, providing you with translations that resonate with local audiences. Whether you need translations for business documents, marketing materials, or technical content, our team is equipped to deliver high-quality results.<\/p>\n<p>By choosing our services, you can be confident that your content will be accurately translated and culturally relevant, helping you to drive traffic and achieve your business goals in French-speaking markets.<\/p>\n<\/div><\/section><br \/>\n\n<style type=\"text\/css\" data-created_by=\"avia_inline_auto\" id=\"style-css-av-m6rvpdfs-a4ec6dce6bfe2ef0b0772739c84b0211\">\n.avia-image-container.av-m6rvpdfs-a4ec6dce6bfe2ef0b0772739c84b0211 img.avia_image{\nbox-shadow:none;\n}\n.avia-image-container.av-m6rvpdfs-a4ec6dce6bfe2ef0b0772739c84b0211 .av-image-caption-overlay-center{\ncolor:#ffffff;\n}\n<\/style>\n<div  class='avia-image-container av-m6rvpdfs-a4ec6dce6bfe2ef0b0772739c84b0211 av-styling- avia-align-center  avia-builder-el-6  el_after_av_textblock  el_before_av_textblock '   itemprop=\"image\" itemscope=\"itemscope\" itemtype=\"https:\/\/schema.org\/ImageObject\" ><div class=\"avia-image-container-inner\"><div class=\"avia-image-overlay-wrap\"><img decoding=\"async\" fetchpriority=\"high\" class='wp-image-59963 avia-img-lazy-loading-not-59963 avia_image ' src=\"https:\/\/www.star-ts.com\/wp-content\/uploads\/2018\/04\/websites-brochures-documents-1030x261.jpg\" alt='' title='websites-brochures-documents'  height=\"261\" width=\"1030\"  itemprop=\"thumbnailUrl\" srcset=\"https:\/\/www.star-ts.com\/wp-content\/uploads\/2018\/04\/websites-brochures-documents-1030x261.jpg 1030w, https:\/\/www.star-ts.com\/wp-content\/uploads\/2018\/04\/websites-brochures-documents-80x20.jpg 80w, https:\/\/www.star-ts.com\/wp-content\/uploads\/2018\/04\/websites-brochures-documents-300x76.jpg 300w, https:\/\/www.star-ts.com\/wp-content\/uploads\/2018\/04\/websites-brochures-documents-768x195.jpg 768w, https:\/\/www.star-ts.com\/wp-content\/uploads\/2018\/04\/websites-brochures-documents.jpg 1500w, https:\/\/www.star-ts.com\/wp-content\/uploads\/2018\/04\/websites-brochures-documents-705x179.jpg 705w, https:\/\/www.star-ts.com\/wp-content\/uploads\/2018\/04\/websites-brochures-documents-450x114.jpg 450w\" sizes=\"(max-width: 1030px) 100vw, 1030px\" \/><\/div><\/div><\/div><br \/>\n<section  class='av_textblock_section av-kye980lc-8e36c1912439e8954798aaddcd75f5b1 '   itemscope=\"itemscope\" itemtype=\"https:\/\/schema.org\/CreativeWork\" ><div class='avia_textblock'  itemprop=\"text\" ><h2>Can you translate my website in French?<\/h2>\n<p>We work with many different website systems.<\/p>\n<p><strong>WordPress:<\/strong> We use the <a href=\"https:\/\/www.star-ts.com\/how-do-you-translate-a-wordpress-website-with-wpml\/\">WPML Plugin<\/a> to manage the tranlation process for WordPress. As WPML Partners we can hep you through the process of implementing the system and getting your translation completed and published. WPML supports hundreds of languages.<\/p>\n<p><strong>DNN: <\/strong>For enterprise clients using systems like DNN Evoq we can assist with the implementation of a translation system for your content.<\/p>\n<p>We&#8217;ve experience with many other systems including Joomla, Drupal and more. We can even work with custom systems providing <a href=\"https:\/\/www.star-ts.com\/translation-services\/website-translation\/\">website translation and localization services<\/a>.<\/p>\n<\/div><\/section><\/p><\/div>\n<style type=\"text\/css\" data-created_by=\"avia_inline_auto\" id=\"style-css-av-2a8x6ls-600b94c8acaf18a811edc3a089c466b5\">\n.flex_column.av-2a8x6ls-600b94c8acaf18a811edc3a089c466b5{\nborder-radius:0px 0px 0px 0px;\npadding:0px 0px 0px 0px;\n}\n<\/style>\n<div  class='flex_column av-2a8x6ls-600b94c8acaf18a811edc3a089c466b5 av_one_full  avia-builder-el-8  el_after_av_one_full  el_before_av_one_full  first flex_column_div av-zero-column-padding  column-top-margin'     ><section  class='av_textblock_section av-ksesz5p7-eee43f712a5ecb19a6a50c1e767337b2 '   itemscope=\"itemscope\" itemtype=\"https:\/\/schema.org\/CreativeWork\" ><div class='avia_textblock'  itemprop=\"text\" ><h2>English to French Translation Prices<\/h2>\n<p>We <a href=\"https:\/\/www.star-ts.com\/translation-faq\/how-do-you-price-translation-projects\/\">price translation<\/a> on a per word basis. The average translation and profreading (TEP) price is around euro .15-16c per word. This delivers the hirghest quality. There are discounts for volume and repeat text. We recommend you send us a file for an accurate and economical quote.<\/p>\n<p>We offer layout work and professional french profreading. This means the documents we deliver are ready to go once completed.<\/p>\n<h2>Voice Overs and Subtitling<\/h2>\n<p>Voice over and subtitling services help you deliver your content in a wide variety of media. We translate audio and video content into French. We\u2019ve compiled some samples of our <a href=\"https:\/\/www.star-ts.com\/translation-services\/video-voice-overs-and-subtitling\/samples\/french-voice-overs\/\">French voice artists<\/a> here for you to listen to.<\/p>\n<p>Need <a href=\"https:\/\/www.star-ts.com\/ga\/seirbhisi-aistriuchain-bearla\/\">French to English Translation<\/a>? Our English teams can help.<\/p>\n<\/div><\/section><\/div><\/p>\n\n<style type=\"text\/css\" data-created_by=\"avia_inline_auto\" id=\"style-css-av-jnui1c-3fd360fa2179fc092eacba4d0e8ed98d\">\n.flex_column.av-jnui1c-3fd360fa2179fc092eacba4d0e8ed98d{\nborder-radius:0px 0px 0px 0px;\npadding:0px 0px 0px 0px;\n}\n<\/style>\n<div  class='flex_column av-jnui1c-3fd360fa2179fc092eacba4d0e8ed98d av_one_full  avia-builder-el-10  el_after_av_one_full  el_before_av_one_full  first flex_column_div av-zero-column-padding  column-top-margin'     ><section  class='av_textblock_section av-ltecayej-85c0cbccdea36de605683cd776e0524a '   itemscope=\"itemscope\" itemtype=\"https:\/\/schema.org\/CreativeWork\" ><div class='avia_textblock'  itemprop=\"text\" ><h2>French Language Challenges<\/h2>\n<p><strong>Variations in French<\/strong>:<\/p>\n<ul>\n<li>Similar to English, French exhibits regional differences.<\/li>\n<li>Pronunciation, grammar, and even terminology for food, clothing, and everyday items vary across regions.<\/li>\n<li>Tip: Choose the appropriate French variant based on your target audience.<\/li>\n<\/ul>\n<p><strong>Text Expansion<\/strong>:<\/p>\n<ul>\n<li>French tends to be more verbose than English.<\/li>\n<li>Translated text often expands due to longer sentences and additional articles.<\/li>\n<li>Tip: Allocate extra space in designs to accommodate expanded French content.<\/li>\n<\/ul>\n<p><strong>Grammar Differences<\/strong>:<\/p>\n<ul>\n<li>French and English have distinct grammatical structures.<\/li>\n<li>Challenges include word order, verb conjugations, and gender agreement.<\/li>\n<li>Tip: Understand French grammar rules thoroughly.<\/li>\n<\/ul>\n<p><strong>Cultural Markers<\/strong>:<\/p>\n<ul>\n<li>French language includes unique cultural references.<\/li>\n<li>Handle names of holidays, idiomatic expressions, and historical context with care.<\/li>\n<li>Tip: Research cultural markers and adapt content accordingly.<\/li>\n<\/ul>\n<p><strong>Deceptive Similarity<\/strong>:<\/p>\n<ul>\n<li>English and French share some vocabulary.<\/li>\n<li>Beware of false friends\u2014words that look similar but have different meanings.<\/li>\n<li>Example: \u201cactuellement\u201d means \u201ccurrently\u201d in French, not \u201cactually.\u201d<\/li>\n<li>Tip: Verify word meanings to avoid misunderstandings.<\/li>\n<\/ul>\n<\/div><\/section><\/div>\n\n<style type=\"text\/css\" data-created_by=\"avia_inline_auto\" id=\"style-css-av-t68w1c-3-25abe7c80356e6aab40b8e8eb450ac55\">\n.flex_column.av-t68w1c-3-25abe7c80356e6aab40b8e8eb450ac55{\nborder-radius:0px 0px 0px 0px;\npadding:0px 0px 0px 0px;\n}\n<\/style>\n<div  class='flex_column av-t68w1c-3-25abe7c80356e6aab40b8e8eb450ac55 av_one_full  avia-builder-el-12  el_after_av_one_full  el_before_av_one_full  first flex_column_div av-zero-column-padding  column-top-margin'     ><section  class='av_textblock_section av-ke1cojbs-2-37fbf65bde0ab3ba2c28a6b50bb84610 '   itemscope=\"itemscope\" itemtype=\"https:\/\/schema.org\/CreativeWork\" ><div class='avia_textblock'  itemprop=\"text\" ><h3>French related articles you might be interested in&#8230;<\/h3>\n<p><a href=\"https:\/\/www.star-ts.com\/language\/french-idioms-and-their-english-meanings\/\">French Idioms and their English meanings<\/a><\/p>\n<p><a href=\"https:\/\/www.star-ts.com\/language\/english-words-in-the-french-language\/\">English words in the French language<\/a><\/p>\n<p><a href=\"https:\/\/www.star-ts.com\/language\/french-words-in-english\/\">French words you already now<\/a><\/p>\n<\/div><\/section><\/div>\n<div  class='flex_column av-1pqljbk-d65842cb02966d247daaf8f53ea9b1c5 av_one_full  avia-builder-el-14  el_after_av_one_full  avia-builder-el-last  first flex_column_div  column-top-margin'     ><section  class='av_textblock_section av-171afao-ce0f3cbef6a2043591e729035f90a8bf '   itemscope=\"itemscope\" itemtype=\"https:\/\/schema.org\/CreativeWork\" ><div class='avia_textblock'  itemprop=\"text\" ><div  class='avia-button-wrap avia-button-center  avia-builder-el-16  avia-builder-el-no-sibling '>\n<style type=\"text\/css\" data-created_by=\"avia_inline_auto\" id=\"style-css-av-s1ejxs-0e1077d374ef058c982d20ad7dc94d82\">\n#top #wrap_all .avia-button.av-s1ejxs-0e1077d374ef058c982d20ad7dc94d82:hover{\ncolor:white;\ntransition:all 0.4s ease-in-out;\n}\n#top #wrap_all .avia-button.av-s1ejxs-0e1077d374ef058c982d20ad7dc94d82:hover .avia-svg-icon svg:first-child{\nfill:white;\nstroke:white;\n}\n<\/style>\n<a href='https:\/\/www.star-ts.com\/contact\/' class='avia-color-theme-color avia-font-color-theme-color avia-button avia-button-fullwidth av-s1ejxs-0e1077d374ef058c982d20ad7dc94d82 avia-icon_select-no avia-color-theme-color'  title=\"Contact Us\" aria-label=\"Contact Us\"><span class='avia_iconbox_title' >Contact Us<\/span><span class='avia_button_background avia-button avia-button-fullwidth avia-color-theme-color-highlight'><\/span><\/a><\/div>\n<\/div><\/section><\/div>\n","protected":false},"excerpt":{"rendered":"<p>T\u00e1 STAR ag sol\u00e1thar seirbh\u00eds\u00ed aistri\u00fach\u00e1in Fraincise \u00f3 1984 i leith. Cabhra\u00edmid len\u00e1r gcliaint tuilleadh gn\u00f3 a dh\u00e9anamh sa Fhrainc agus i gCeanada tr\u00edd an fhaisn\u00e9is gn\u00f3 r\u00edth\u00e1bhachtach at\u00e1 riachtanach d\u00f3ibh a aistri\u00fa.<\/p>\n","protected":false},"author":1,"featured_media":58977,"parent":0,"menu_order":8,"comment_status":"closed","ping_status":"closed","template":"","meta":{"footnotes":""},"class_list":["post-64324","page","type-page","status-publish","has-post-thumbnail","hentry"],"_links":{"self":[{"href":"https:\/\/www.star-ts.com\/ga\/wp-json\/wp\/v2\/pages\/64324","targetHints":{"allow":["GET"]}}],"collection":[{"href":"https:\/\/www.star-ts.com\/ga\/wp-json\/wp\/v2\/pages"}],"about":[{"href":"https:\/\/www.star-ts.com\/ga\/wp-json\/wp\/v2\/types\/page"}],"author":[{"embeddable":true,"href":"https:\/\/www.star-ts.com\/ga\/wp-json\/wp\/v2\/users\/1"}],"replies":[{"embeddable":true,"href":"https:\/\/www.star-ts.com\/ga\/wp-json\/wp\/v2\/comments?post=64324"}],"version-history":[{"count":0,"href":"https:\/\/www.star-ts.com\/ga\/wp-json\/wp\/v2\/pages\/64324\/revisions"}],"wp:featuredmedia":[{"embeddable":true,"href":"https:\/\/www.star-ts.com\/ga\/wp-json\/wp\/v2\/media\/58977"}],"wp:attachment":[{"href":"https:\/\/www.star-ts.com\/ga\/wp-json\/wp\/v2\/media?parent=64324"}],"curies":[{"name":"wp","href":"https:\/\/api.w.org\/{rel}","templated":true}]}}