{"id":64293,"date":"2025-02-07T14:38:21","date_gmt":"2025-02-07T14:38:21","guid":{"rendered":"https:\/\/www.star-ts.com\/seirbhisi-aistriuchain-spainnise-aistritheoiri-daonna\/"},"modified":"2026-01-16T10:33:32","modified_gmt":"2026-01-16T10:33:32","slug":"seirbhisi-aistriuchain-spainnise-aistritheoiri-daonna","status":"publish","type":"page","link":"https:\/\/www.star-ts.com\/ga\/seirbhisi-aistriuchain-spainnise-aistritheoiri-daonna\/","title":{"rendered":"Seirbh\u00eds\u00ed Aistri\u00fach\u00e1in Sp\u00e1innise | Aistritheoir\u00ed Daonna"},"content":{"rendered":"<div id='full_slider_1'  class='avia-fullwidth-slider main_color avia-shadow av-small-hide av-mini-hide  avia-builder-el-0  el_before_av_one_third  avia-builder-el-first   container_wrap sidebar_right'  ><div  class='avia-slideshow av-nzd1p7-f7a02f2bf1b1f2aa8ee76a2895234351 avia-slideshow-featured av_slideshow_full avia-slide-slider av-small-hide av-mini-hide av-slideshow-ui av-control-default av-slideshow-manual av-loop-once av-loop-manual-endless av-default-height-applied   avia-slideshow-1' data-slideshow-options=\"{&quot;animation&quot;:&quot;slide&quot;,&quot;autoplay&quot;:false,&quot;loop_autoplay&quot;:&quot;once&quot;,&quot;interval&quot;:5,&quot;loop_manual&quot;:&quot;manual-endless&quot;,&quot;autoplay_stopper&quot;:false,&quot;noNavigation&quot;:false,&quot;bg_slider&quot;:false,&quot;keep_padding&quot;:false,&quot;hoverpause&quot;:false,&quot;show_slide_delay&quot;:0}\"  itemprop=\"image\" itemscope=\"itemscope\" itemtype=\"https:\/\/schema.org\/ImageObject\" ><ul class='avia-slideshow-inner ' style='padding-bottom: 28.666666666667%;'><li  class='avia-slideshow-slide av-nzd1p7-f7a02f2bf1b1f2aa8ee76a2895234351__0  av-single-slide slide-1 slide-odd'><div data-rel='slideshow-1' class='avia-slide-wrap '   ><div class='av-slideshow-caption av-nzd1p7-f7a02f2bf1b1f2aa8ee76a2895234351__0 caption_fullwidth caption_center caption_center_framed caption_framed'><div class=\"container caption_container\"><div class=\"slideshow_caption\"><div class=\"slideshow_inner_caption\"><div class=\"slideshow_align_caption\"><h2 class='avia-caption-title '  itemprop=\"name\" >Aistri\u00fach\u00e1n B\u00e9arla go Sp\u00e1innis<\/h2><div class='avia-caption-content '  itemprop=\"description\" ><p>Seirbh\u00eds\u00ed Aistri\u00fach\u00e1in Sp\u00e1innise (Sp\u00e1innis Eorpach agus Sp\u00e1innis Mheirice\u00e1 Laidineach)<\/p>\n<\/div><\/div><\/div><\/div><\/div><\/div><img decoding=\"async\" fetchpriority=\"high\" class=\"wp-image-54408 avia-img-lazy-loading-not-54408\"  src=\"https:\/\/www.star-ts.com\/wp-content\/uploads\/2018\/07\/spanish-1500x430.jpg\" width=\"1500\" height=\"430\" title='Spanish' alt=''  itemprop=\"thumbnailUrl\"   \/><\/div><\/li><\/ul><\/div><\/div><div id='after_full_slider_1'  class='main_color av_default_container_wrap container_wrap sidebar_right'  ><div class='container av-section-cont-open' ><div class='template-page content  av-content-small alpha units'><div class='post-entry post-entry-type-page post-entry-64293'><div class='entry-content-wrapper clearfix'>\n<p>\n<style type=\"text\/css\" data-created_by=\"avia_inline_auto\" id=\"style-css-av-2mqv5n-a1b6994c4ab372faf06d37e2cd42e62d\">\n.flex_column.av-2mqv5n-a1b6994c4ab372faf06d37e2cd42e62d{\nborder-radius:0px 0px 0px 0px;\npadding:0px 0px 0px 0px;\n}\n<\/style>\n<div  class='flex_column av-2mqv5n-a1b6994c4ab372faf06d37e2cd42e62d av_one_third  avia-builder-el-1  el_after_av_slideshow_full  el_before_av_two_third  avia-builder-el-first  first flex_column_div av-zero-column-padding  '     ><style type=\"text\/css\" data-created_by=\"avia_inline_auto\" id=\"style-css-av-kf6pllqy-141b5d6d0865fa3e9478be74ffe952ac\">\n.avia-image-container.av-kf6pllqy-141b5d6d0865fa3e9478be74ffe952ac img.avia_image{\nbox-shadow:none;\n}\n.avia-image-container.av-kf6pllqy-141b5d6d0865fa3e9478be74ffe952ac .av-image-caption-overlay-center{\ncolor:#ffffff;\n}\n<\/style>\n<div  class='avia-image-container av-kf6pllqy-141b5d6d0865fa3e9478be74ffe952ac av-styling- avia-align-center  avia-builder-el-2  avia-builder-el-no-sibling '   itemprop=\"image\" itemscope=\"itemscope\" itemtype=\"https:\/\/schema.org\/ImageObject\" ><div class=\"avia-image-container-inner\"><div class=\"avia-image-overlay-wrap\"><img decoding=\"async\" loading=\"lazy\" class='wp-image-54295 avia-img-lazy-loading-54295 avia_image ' src=\"https:\/\/www.star-ts.com\/wp-content\/uploads\/2018\/04\/document-working-495x400.jpg\" alt='Spanish Translator working at her desk Traductora de espa\u00f1ol' title='Spanish Translator working at her desk Traductora de espa\u00f1ol'  height=\"400\" width=\"495\"  itemprop=\"thumbnailUrl\" srcset=\"https:\/\/www.star-ts.com\/wp-content\/uploads\/2018\/04\/document-working-495x400.jpg 495w, https:\/\/www.star-ts.com\/wp-content\/uploads\/2018\/04\/document-working-845x684.jpg 845w\" sizes=\"auto, (max-width: 495px) 100vw, 495px\" \/><\/div><\/div><\/div><\/div><div  class='flex_column av-hdcswr-00dbb3068e60a6ef1935b4e753c04aac av_two_third  avia-builder-el-3  el_after_av_one_third  el_before_av_one_full  flex_column_div  '     ><section  class='av_textblock_section av-fmuxjf-b443a9f5c2154eb138298b2c47bcef19 '   itemscope=\"itemscope\" itemtype=\"https:\/\/schema.org\/CreativeWork\" ><div class='avia_textblock'  itemprop=\"text\" ><h1>Spanish Translation Services (Traductora de espa\u00f1ol)<\/h1>\n<p>STAR provides professional English to<strong> Spanish translation services<\/strong> at competitive rates. We&#8217;re here to help you grow your international business.<\/p>\n<p>We translate many variants of Spanish including:<\/p>\n<ul>\n<li>European Spanish<\/li>\n<li>Latin American Spanish<\/li>\n<\/ul>\n<p>With offices in Spain, the USA and Latin America, we employ native Spanish translators with specialist language expertise. This delivers the best local translation for your product documents and websites.<\/p>\n<p>Spanish Language Statistics: Approximately 580 million people in the world speak Spanish. That&#8217;s about 7.6% of the world&#8217;s population.<\/p>\n<\/div><\/section><\/div><div  class='flex_column av-15hut7-aad7f0b474fe8cf10f5b35d2f2818f75 av_one_full  avia-builder-el-5  el_after_av_two_third  el_before_av_one_full  first flex_column_div  column-top-margin'     ><section  class='av_textblock_section av-8z0123-56428212bb920826e257e145744cc2e6 '   itemscope=\"itemscope\" itemtype=\"https:\/\/schema.org\/CreativeWork\" ><div class='avia_textblock'  itemprop=\"text\" ><h3>Aistritheoir\u00ed Daonna na Sp\u00e1innise ar Ardchaighde\u00e1n<\/h3>\n<p>Oibr\u00edmid go dl\u00fath len\u00e1r gcustaim\u00e9ir\u00ed chun sainmh\u00edni\u00fa a thabhairt ar an bpr\u00f3iseas aistri\u00fach\u00e1in is fearr d\u00f3ibh. \u00c1ir\u00edtear leis sin pr\u00f3iseas l\u00e1imhse\u00e1la na gcomhad agus aon t\u00e9arma\u00edocht speisialta a d\u2019fh\u00e9adfadh a bheith ag teast\u00e1il uait. L\u00e9igh \u00e1r <a href=\"https:\/\/www.star-ts.com\/ga\/proiseas-cailiochta-aistriuchain\/\">bpr\u00f3iseas c\u00e1il\u00edochta<\/a> le haghaidh tuilleadh eolais.<\/p>\n<p>Is f\u00e9idir linn cabhr\u00fa leat cinneadh a dh\u00e9anamh ar g\u00e1 eochairfhocail n\u00f3 uas-cheannl\u00ednte a fh\u00e1g\u00e1il i mB\u00e9arla n\u00f3 a aistri\u00fa go Sp\u00e1innis.<\/p>\n<h4>Foilsitheoireacht Deisce i Sp\u00e1innis<\/h4>\n<p>Form\u00e1id\u00ed Comhaid: Is f\u00e9idir linn oibri\u00fa i bhform\u00e1id comhaid ar bith. N\u00edl le d\u00e9anamh ach ceist a chur ar \u00e1r bhfoireann maidir leis an bpr\u00f3iseas is fearr le haghaidh do chuid comhad.<\/p>\n<p>Aistr\u00edmid QuarkXpress, Adobe Creative Suite, InDesign agus FrameMaker, HTML, XML, AutoCAD DXF, Microsoft PowerPoint agus Excel, PDF agus fi\u00fa aistri\u00fach\u00e1in ar ph\u00e1ip\u00e9ar. T\u00e1 an tsaineola\u00edocht theicni\u00fail agus na scileanna teanga araon againn chun do th\u00e1irg\u00ed a thabhairt chun margaidh in aon t\u00edr ina labhra\u00edtear Sp\u00e1innis.<\/p>\n<h4>Saineolas Teicni\u00fail agus Saineolas na nGluaiste\u00e1n<\/h4>\n<p>Ag obair le custaim\u00e9ir\u00ed amhail BMW, DaimlerChrysler, Mowag agus Tag Heuer le n\u00edos m\u00f3 n\u00e1 agus 20 bliain, t\u00e1 taith\u00ed fhairsing ag STAR in earn\u00e1il na ngluaiste\u00e1n agus in earn\u00e1il na hinnealt\u00f3ireachta teicni\u00fala.<\/p>\n<p>L\u00e9igh tuilleadh maidir len\u00e1r seirbh\u00eds\u00ed aistri\u00fach\u00e1in teicni\u00fala le haghaidh earn\u00e1il thionscal na <a href=\"https:\/\/www.star-ts.com\/ga\/seirbhisi-aistriuchain\/seirbhisi-aistriuchain-i-dtionscal-na-ngluaistean-teicniuil\/\">nGluaiste\u00e1n<\/a> agus an earn\u00e1il <a href=\"https:\/\/www.star-ts.com\/ga\/seirbhisi-aistriuchain\/seirbhisi-aistriuchain-innealtoireachta\/\">Innealt\u00f3ireachta<\/a>.<\/p>\n<p>Faigh tuilleadh eolais faoin\u00e1r seirbh\u00eds\u00ed ar \u00e1r leathanach <a href=\"https:\/\/www.star-ts.com\/ga\/ceisteanna-coitianta\/\">ceisteanna coitianta<\/a>.<\/p>\n<\/div><\/section><\/div><\/p>\n<div  class='flex_column av-15hut7-3-e1a46624a579ecb1b9e313ccbcc06dde av_one_full  avia-builder-el-7  el_after_av_one_full  el_before_av_one_full  first flex_column_div  column-top-margin'     ><section  class='av_textblock_section av-8z0123-2-5d5352f603703d9064653472da537435 '   itemscope=\"itemscope\" itemtype=\"https:\/\/schema.org\/CreativeWork\" ><div class='avia_textblock'  itemprop=\"text\" ><h3>C\u00e1 bhfuil do th\u00e1irge \u00e1 dh\u00edol agat?<\/h3>\n<p>Ceann de na ch\u00e9ad cheisteanna a chuirfimid ort n\u00e1 c\u00e9n \u00e1it ina bhfuil t\u00fa i mbun gn\u00f3. T\u00e1 roinnt leaganacha ag Sp\u00e1innis, agus mar sin caithfimid a chinnti\u00fa go roghna\u00edonn t\u00fa an teanga cheart. An bhfuil t\u00fa ag obair i Meicsiceo n\u00f3 in Barcelona?<\/p>\n<p>An bhfuil seirbh\u00eds\u00ed aistri\u00fach\u00e1in um Sp\u00e1innis Mheicsiceo n\u00f3 Sp\u00e1innis Mheirice\u00e1 Laidineach ag teast\u00e1il uait? Mar a tharla\u00edonn s\u00e9 t\u00e1 an d\u00e1 cheann beagnach mar an gc\u00e9anna. \u00c9 sin r\u00e1ite, n\u00edl an Sp\u00e1innis a \u00fas\u00e1idtear sa Sp\u00e1inn mar an gc\u00e9anna. T\u00e1 rialacha difri\u00fala ag baint le ceannlitri\u00fa agus leis an ngramadach.<\/p>\n<p>Mar an gc\u00e9anna, t\u00e1 difr\u00edochta\u00ed idir <a href=\"https:\/\/www.star-ts.com\/better-english\/british-and-american-word-differences\/\">B\u00e9arla na Breataine agus B\u00e9arla Mheirice\u00e1<\/a>.<\/p>\n<p>M\u00e1 t\u00e1 t\u00fa ag d\u00edol ar fud an domhain t\u00e1 gach seans go mbeidh an d\u00e1 leagan teanga de dh\u00edth ort. Mar sin, n\u00ed m\u00f3r d\u00e1 aistri\u00fach\u00e1n a bheith chl\u00fadaithe i do bhuis\u00e9ad chun na tortha\u00ed is fearr a bhaint amach.<\/p>\n<p>Is f\u00e9idir linn Sp\u00e1innis Eorpach a thiont\u00fa go Sp\u00e1innis Mheirice\u00e1 Laidineach mar sin is f\u00e9idir linn c\u00fanamh a thabhairt duit costais an d\u00e1 aistri\u00fach\u00e1n a l\u00e1imhse\u00e1il.<\/p>\n<h3>Seirbh\u00eds\u00ed Aistri\u00fach\u00e1in le haghaidh Shu\u00edomhanna Gr\u00e9as\u00e1in na Sp\u00e1innise<\/h3>\n<p>Is f\u00e9idir linn cabhr\u00fa leat le do shu\u00edomh gr\u00e9as\u00e1in ar roinnt beala\u00ed. Ba cheart duit smaoineamh ar do chuid \u00e1bhar, \u00edomh\u00e1nna, f\u00edse\u00e1n, fuaimeanna agus fi\u00fa OIC (Optam\u00fa Innill Cuardaigh) a aistri\u00fa. Cabhr\u00f3imid leat rang\u00fa agus f\u00e1s a bhaint amach sa t\u00edr a roghna\u00edonn t\u00fa.<\/p>\n<p>Seans gur mhaith leat an m\u00e9id seo a leanas a l\u00e9amh&#8230;<\/p>\n<ul>\n<li><a href=\"https:\/\/www.star-ts.com\/translation-services\/video-voice-overs-and-subtitling\/samples\/spanish-voice-overs\/\">Guth\u00fa i Sp\u00e1innis<\/a><\/li>\n<li><a href=\"https:\/\/www.star-ts.com\/business\/seo\/how-to-develop-an-seo-strategy\/\">Conas do strait\u00e9is OIC a fhorbairt<\/a><\/li>\n<li><a href=\"https:\/\/www.star-ts.com\/how-do-you-translate-a-wordpress-website-with-wpml\/\">Conas is f\u00e9idir Su\u00edomh Gr\u00e9as\u00e1in WordPress a aistri\u00fa le WPML?<\/a><\/li>\n<\/ul>\n<h3>Faisn\u00e9is \u00das\u00e1ideach maidir le Sp\u00e1innis<\/h3>\n<ul>\n<li><a href=\"https:\/\/www.star-ts.com\/language\/america-speaks-more-than-300-languages\/\">Labhra\u00edtear n\u00edos m\u00f3 n\u00e1 300 teanga i Meirice\u00e1<\/a><\/li>\n<li><a href=\"https:\/\/www.star-ts.com\/language\/spanish-number-one-language-spoken-in-usa\/\">Is \u00ed an Sp\u00e1innis an teanga is m\u00f3 a labhra\u00edtear sna SAM<\/a><\/li>\n<li><a href=\"https:\/\/www.star-ts.com\/languages\/free-translation-resources\/free-english-to-spanish-phrases\/\">Fr\u00e1sa\u00ed B\u00e9arla go Sp\u00e1innis Saor in Aisce<\/a><\/li>\n<li><a href=\"https:\/\/www.star-ts.com\/about\/international-info\/\">Cad \u00e9 an c\u00f3d diailithe don Sp\u00e1inn, do Mheicsiceo n\u00f3 do SAM?\u00a0<\/a><\/li>\n<li><a href=\"https:\/\/www.star-ts.com\/ga\/aistriuchan\/an-bhri-ata-le-dath-timpeall-an-domhain\/\">An bhfuil tionchar ag rogha datha i Meicsiceo?<\/a><\/li>\n<\/ul>\n<h3>Aistri\u00fach\u00e1n is f\u00e9idir leat a bheith muin\u00edneach as<\/h3>\n<p>T\u00e1 \u00e1r n-aistri\u00fach\u00e1n teanga deimhnithe de r\u00e9ir chaighde\u00e1in ch\u00e1il\u00edochta ISO 9001 agus ISO 17100.<\/p>\n<\/div><\/section><br \/>\n<section  class='av_textblock_section av-8z0123-1-46b7cb72ac270d2aec63b06553384b7e '   itemscope=\"itemscope\" itemtype=\"https:\/\/schema.org\/CreativeWork\" ><div class='avia_textblock'  itemprop=\"text\" ><h3>Tionscail a dtaca\u00edmid leo<\/h3>\n<p>Fosta\u00edmid sainfhoirne a thaca\u00edonn le roinnt tionscal. Oibr\u00edmid sna tionscail seo a leanas: <a href=\"https:\/\/www.star-ts.com\/ga\/seirbhisi-aistriuchain\/an-talmhaiocht\/\">Teicneola\u00edocht Talmha\u00edochta<\/a>, <a href=\"https:\/\/www.star-ts.com\/ga\/seirbhisi-aistriuchain\/seirbhisi-aistriuchain-i-dtionscal-na-ngluaistean-teicniuil\/\">Tionscal na nGluaiste\u00e1n<\/a>, <a href=\"https:\/\/www.star-ts.com\/translation-services\/software-localization-translation\/\">TF<\/a>, <a href=\"https:\/\/www.star-ts.com\/ga\/seirbhisi-aistriuchain\/seirbhisi-aistriuchain-innealtoireachta\/\">Innealt\u00f3ireacht<\/a>, Meais\u00ednre, c\u00f3rais bhogearra\u00ed agus tuilleadh eile nach iad.<\/p>\n<\/div><\/section><br \/>\n<section  class='av_textblock_section av-kpzfe582-91a2da6c6319a5da0514c0f7c085c3e7 '   itemscope=\"itemscope\" itemtype=\"https:\/\/schema.org\/CreativeWork\" ><div class='avia_textblock'  itemprop=\"text\" ><h3>An bhfuil aip saor in aisce ann chun B\u00e9arla a aistri\u00fa go Sp\u00e1innis?<\/h3>\n<p>Is meais\u00ednaistri\u00fach\u00e1n de shaghas \u00e9igin a \u00fas\u00e1idtear i bhformh\u00f3r de na haipeanna a sheachadann aistri\u00fach\u00e1n saor in aisce. C\u00e9 nach bhfuil an t-aistri\u00fach\u00e1n chomh cruinn sin d\u2019fh\u00e9adfadh s\u00e9 cabhr\u00fa leat dul i ngleic leis an teanga. Is \u00e9 <a href=\"https:\/\/lens.google\/\" target=\"_blank\" rel=\"noopener\">Google Lens<\/a> an ceann a mholfaimis, mar ligfidh s\u00e9 duit comhartha\u00ed, biachl\u00e1ir, etc. a aistri\u00fa go tapa. Ar an mbealach seo is f\u00e9idir leat do ghn\u00f3 a dh\u00e9anamh le scileanna teanga teoranta.<\/p>\n<h3>An bhfuil <strong>c\u00f3ras meais\u00ednaistri\u00fach\u00e1in ghairmi\u00fail ar f\u00e1il i Sp\u00e1innis?<\/strong><\/h3>\n<p>Forbra\u00edonn STAR c\u00f3rais mheais\u00ednaistri\u00fach\u00e1in do chustaim\u00e9ir\u00ed bunaithe ar chorpais a dteanga. Is f\u00e9idir linn inneall meais\u00ednaistri\u00fach\u00e1in Sp\u00e1innise ar leith a th\u00f3g\u00e1il duit m\u00e1 t\u00e1 ceann ag teast\u00e1il uait. Leis sin, is f\u00e9idir tac\u00fa le seirbh\u00eds\u00ed meais\u00ednaistri\u00fach\u00e1in a bhfuil iar-eagarth\u00f3ireacht d\u00e9anta orthu (PEMT) chun r\u00e9iteach \u00e9ifeachtach \u00f3 thaobh costas de a chur ar f\u00e1il duit le haghaidh aistri\u00fach\u00e1in ar mh\u00f3rmh\u00e9id.<\/p>\n<h3>C\u00e9 mh\u00e9ad a chosna\u00edonn aistri\u00fach\u00e1n Sp\u00e1innise?<\/h3>\n<p>Cuirtear praghas ar thionscadail aistri\u00fach\u00e1in ar bhonn in aghaidh an fhocail. Tugaimid lascain\u00ed do chustaim\u00e9ir\u00ed a \u00fas\u00e1ideann \u00e1r seirbh\u00eds\u00ed go rialta. Chun tuilleadh eolais a fh\u00e1il ar an gcaoi a gcuirimid praghas ar aistri\u00fach\u00e1in f\u00e9ach ar \u00e1r <a href=\"https:\/\/www.star-ts.com\/translation-faq\/how-do-you-price-translation-projects\/\">leathanach praghs\u00e1la<\/a>. D\u2019fh\u00e9adfadh an praghas a bheith \u00e9ags\u00fail ag brath ar an gcine\u00e1l t\u00e9acs at\u00e1 i gceist, i.e. m\u00e1 bhaineann s\u00e9 le c\u00farsa\u00ed gn\u00f3, dl\u00ed, teicni\u00fala etc. Is facht\u00f3ir \u00e9 l\u00edon na bhfocal (m\u00e9id) freisin. De ghn\u00e1th, b\u00edonn costas idir \u20ac.13c agus \u20ac.19c in aghaidh an fhocail ar Aistri\u00fach\u00e1n, Eagarth\u00f3ireacht agus L\u00e9amh Profa\u00ed (TEP), ag brath ar an doicim\u00e9ad, an su\u00edomh agus na riachtanais teanga ar leith. Chun an praghas is fearr a fh\u00e1il, is fearr na comhaid a sheoladh chugainn agus is f\u00e9idir linn iad a mheas ar do shon.<\/p>\n<h3>C\u00e1 fhad a th\u00f3gann s\u00e9 le haistri\u00fa go Sp\u00e1innis<\/h3>\n<p>Aistreoidh formh\u00f3r na n-aistritheoir\u00ed gairmi\u00fala idir 1200 agus 2000 focal in aghaidh an lae. T\u00e1 thart ar 300 focal ar an me\u00e1n ar leathanach A4 &#8211; mar sin, meastach\u00e1n maith \u00e9 thart ar 4 leathanach in aghaidh an lae.<\/p>\n<p>Seice\u00e1lann l\u00e9itheoir\u00ed profa\u00ed thart ar 6000 focal in aghaidh an lae de ghn\u00e1th.<\/p>\n<h3>Conas a aistr\u00edtear su\u00edomh gr\u00e9as\u00e1in WordPress go Sp\u00e1innis?<\/h3>\n<p>Aistr\u00edmid su\u00edomhanna gr\u00e9as\u00e1in go Sp\u00e1innis ar bhonn rialta. Molaimid \u00fas\u00e1id a bhaint as <a href=\"https:\/\/www.star-ts.com\/how-do-you-translate-a-wordpress-website-with-wpml\/\">Breise\u00e1n WPML<\/a>.<\/p>\n<p>Cuireann an breise\u00e1n do shu\u00edomh gr\u00e9as\u00e1in in oiri\u00faint le haistri\u00fa go dt\u00ed go leor teangacha. F\u00e9adfaidh t\u00fa a roghn\u00fa meais\u00ednaistri\u00fach\u00e1n a dh\u00e9anamh ar an su\u00edomh, n\u00f3 \u00e9 a bheith aistrithe go gairmi\u00fail. Is f\u00e9idir linn cabhr\u00fa leat an c\u00f3ras a chur ar bun leis an aistri\u00fach\u00e1n ar do shu\u00edomh a dh\u00e9anamh linn.<\/p>\n<h3>Conas is f\u00e9idir leat comhaid Adobe InDesign a aistri\u00fa go Sp\u00e1innis?<\/h3>\n<p>T\u00e1 an-taith\u00ed againn aistri\u00fach\u00e1n a dh\u00e9anamh ar InDesign agus Creative Suite. Is f\u00e9idir linn obair go d\u00edreach le do chomhaid INDD agus IDML. Cialla\u00edonn s\u00e9 sin go bhfuil an pr\u00f3iseas furasta duit.<\/p>\n<p>N\u00edl le d\u00e9anamh agat ach na pac\u00e1ist\u00ed InDesign a sheoladh chugainn agus seolfaimid ar ais comhaid <a href=\"https:\/\/www.star-ts.com\/ga\/conas-comhaid-indesign-a-aistriu\/\">InDesign aistrithe<\/a>, agus PDFanna i Sp\u00e1innis r\u00e9idh le h\u00fas\u00e1id.<\/p>\n<p>Mar sin cuirimid an t-aistri\u00fach\u00e1n agus na seirbh\u00eds\u00ed foilsitheoireachta deisce at\u00e1 de dh\u00edth ort ar f\u00e1il. Is f\u00e9idir leat na seirbh\u00eds\u00ed ar fad at\u00e1 de dh\u00edth ort a fh\u00e1il \u00f3 shol\u00e1thra\u00ed amh\u00e1in.<\/p>\n<p>M\u00e1 t\u00e1 dearth\u00f3ir \u00e1 \u00fas\u00e1id agat cheana f\u00e9in \u2013 is f\u00e9idir linn obair go d\u00edreach leo. Leis sin, d\u00e9antar an sc\u00e9al n\u00edos \u00e9asca duit toisc gur f\u00e9idir linn comhaid a sheachadadh agus cabhr\u00fa le do dhearth\u00f3ir\u00ed le haon mhionathruithe ar an n\u00f3im\u00e9ad deiridh a d\u2019fh\u00e9adfadh a bheith uait.<\/p>\n<\/div><\/section><br \/>\n<section  class='av_textblock_section av-krgkpiqu-4a68bf422375e9f5f66420a681279f59 '   itemscope=\"itemscope\" itemtype=\"https:\/\/schema.org\/CreativeWork\" ><div class='avia_textblock'  itemprop=\"text\" ><h3>Leideanna Teanga na Sp\u00e1innise<\/h3>\n<ul>\n<li>B\u00ed c\u00faramach le ceannlitri\u00fa<br \/>\nD\u2019fh\u00e9adfa\u00ed go mbeadh \u00e9ags\u00falachta\u00ed ar na rialacha i gceist ag brath ar an r\u00e9igi\u00fan agus ar an gcan\u00faint. Mar sin, b\u00ed cinnte go roghna\u00edonn t\u00fa an modh ceart le haghaidh do theanga.<\/li>\n<li>N\u00edl Sp\u00e1innis mar an gc\u00e9anna i ngach r\u00e9igi\u00fan. D\u2019fh\u00e9adfadh go mbeadh br\u00edonna difri\u00fala ag focail at\u00e1 an-chos\u00fail lena ch\u00e9ile. B\u00edonn \u00e9ags\u00falacht maidir le ciall na bhfocal ag brath ar an r\u00e9igi\u00fan. Sa Sp\u00e1inn, tugtar \u201ccarro\u201d ar chairt a \u00fas\u00e1ideann t\u00fa chun ruda\u00ed a bhr\u00fa n\u00f3 a tharraingt chun iad a iompar, ach i Meirice\u00e1 Laidineach, is gluaiste\u00e1n \u00e9.<\/li>\n<li>Is annamh is f\u00e9idir nathanna cainte a aistri\u00fa. N\u00e1 h\u00fas\u00e1id iad i do dhoicim\u00e9id B\u00e9arla.<\/li>\n<li>B\u00ed c\u00faramach agus t\u00fa ag pl\u00e9 le l\u00e9itheoir\u00ed profa\u00ed. Nuair a fhosta\u00edonn t\u00fa l\u00e9itheoir profa\u00ed, d\u00e9an cinnte gur as d\u00f3ibh an r\u00e9igi\u00fan ina bhfuil do th\u00e1irge in \u00fas\u00e1id. Fiafraigh d\u00edobh cad as d\u00f3ibh. T\u00e1 t\u00e1irg\u00ed feicthe againn a aistr\u00edodh le haghaidh mhargadh Mheirice\u00e1 Laidineach ach a rinne cainteoir Sp\u00e1innis Eorpach leasuithe orthu. Is f\u00e9idir leo earr\u00e1id\u00ed a thabhairt isteach de bharr na n-earr\u00e1id\u00ed at\u00e1 luaite againn thuas.<\/li>\n<\/ul>\n<h3>OIC na Sp\u00e1innise<\/h3>\n<p>Agus OIC \u00e1 dh\u00e9anamh agat ar do shu\u00edomh d\u00e9an cinnte go smaoin\u00edonn t\u00fa ar strait\u00e9is don r\u00e9igi\u00fan a nd\u00edreoidh do shu\u00edomh air.<\/p>\n<p>D\u2019fh\u00e9adf\u00e1 go mbeadh dh\u00e1 shu\u00edomh Sp\u00e1innise ag teast\u00e1il, ceann amh\u00e1in don Sp\u00e1inn agus an ceann eile do Mheirice\u00e1 Laidineach.<\/p>\n<p>Is \u00ed an Sp\u00e1innis an tr\u00ed\u00fa teanga is coitianta a \u00fas\u00e1idtear ar an idirl\u00edon. Is cainteoir\u00ed Sp\u00e1innise iad thart ar 36.5% d\u2019\u00fas\u00e1ideoir\u00ed an idirl\u00edn. Ar nd\u00f3igh, cailleann t\u00fa amach ar acmhainneacht mh\u00f3r d\u00edolach\u00e1n i margadh na gcainteoir\u00ed Sp\u00e1innise nuair nach bhfuil in \u00e1bhar do shu\u00edmh ghr\u00e9as\u00e1in ach B\u00e9arla amh\u00e1in n\u00f3 teanga amh\u00e1in eile.<\/p>\n<p><strong>Naisc Isteach:<\/strong> Ba cheart go mbeadh s\u00e9 mar chuid de do <a href=\"https:\/\/www.star-ts.com\/business\/seo\/how-to-develop-an-seo-strategy\/\">strait\u00e9is OIC <\/a>naisc isteach a fh\u00e1il \u00f3 shu\u00edomhanna gr\u00e9as\u00e1in Sp\u00e1innise. Ba cheart duit dul i dteagmh\u00e1il le foireann a chabhr\u00f3dh leat l\u00e1ithreacht ar l\u00edne a fhorbairt i do spriocr\u00e9igi\u00fan. T\u00e1 go leor beala\u00ed ann chun \u00e9 sin a bhaint amach ag brath ar an tionscal ina bhfuil t\u00fa agus ar na t\u00e1irg\u00ed a dh\u00edolann t\u00fa.<\/p>\n<\/div><\/section><\/p><\/div>\n<div  class='flex_column av-5atsrf-326978fe0b2fea56beb7cbc52197d2a0 av_one_full  avia-builder-el-12  el_after_av_one_full  avia-builder-el-last  first flex_column_div  column-top-margin'     ><section  class='av_textblock_section av-4ccsu3-47798f0f61bf271de5ac88548f0f251a '   itemscope=\"itemscope\" itemtype=\"https:\/\/schema.org\/CreativeWork\" ><div class='avia_textblock'  itemprop=\"text\" ><div  class='avia-button-wrap avia-button-center  avia-builder-el-14  avia-builder-el-no-sibling '>\n<style type=\"text\/css\" data-created_by=\"avia_inline_auto\" id=\"style-css-av-1zm6az-aa699603795a96133837d0d4d38370ed\">\n#top #wrap_all .avia-button.av-1zm6az-aa699603795a96133837d0d4d38370ed:hover{\ncolor:white;\ntransition:all 0.4s ease-in-out;\n}\n#top #wrap_all .avia-button.av-1zm6az-aa699603795a96133837d0d4d38370ed:hover .avia-svg-icon svg:first-child{\nfill:white;\nstroke:white;\n}\n<\/style>\n<a href=\"https:\/\/www.star-ts.com\/ga\/dean-teagmhail\/\" class=\"avia-color-theme-color avia-font-color-theme-color avia-button avia-button-fullwidth av-1zm6az-aa699603795a96133837d0d4d38370ed avia-icon_select-no avia-color-theme-color\" title=\"Contact Us\" aria-label=\"Contact Us\"><span class='avia_iconbox_title' >D\u00e9an Teagmh\u00e1il Linn<\/span><span class='avia_button_background avia-button avia-button-fullwidth avia-color-theme-color-highlight'><\/span><\/a><\/div>\n<\/div><\/section><\/div>\n","protected":false},"excerpt":{"rendered":"<p>Aistr\u00edmid go Sp\u00e1innis (Sp\u00e1innis Eorpach agus Sp\u00e1innis Mheirice\u00e1 Laidineach).<\/p>\n<p>Agus oifig\u00ed againn sa Sp\u00e1inn agus sa Bhrasa\u00edl, fosta\u00edmid cainteoir\u00ed d\u00fachasacha Sp\u00e1innise agus saineolas speisialta aistri\u00fach\u00e1in acu. Mar gheall air sin, cuirimid an t-aistri\u00fach\u00e1n \u00e1iti\u00fail is fearr le haghaidh do th\u00e1irg\u00ed ar f\u00e1il.<\/p>\n","protected":false},"author":1,"featured_media":54408,"parent":0,"menu_order":27,"comment_status":"closed","ping_status":"closed","template":"","meta":{"footnotes":""},"class_list":["post-64293","page","type-page","status-publish","has-post-thumbnail","hentry"],"_links":{"self":[{"href":"https:\/\/www.star-ts.com\/ga\/wp-json\/wp\/v2\/pages\/64293","targetHints":{"allow":["GET"]}}],"collection":[{"href":"https:\/\/www.star-ts.com\/ga\/wp-json\/wp\/v2\/pages"}],"about":[{"href":"https:\/\/www.star-ts.com\/ga\/wp-json\/wp\/v2\/types\/page"}],"author":[{"embeddable":true,"href":"https:\/\/www.star-ts.com\/ga\/wp-json\/wp\/v2\/users\/1"}],"replies":[{"embeddable":true,"href":"https:\/\/www.star-ts.com\/ga\/wp-json\/wp\/v2\/comments?post=64293"}],"version-history":[{"count":0,"href":"https:\/\/www.star-ts.com\/ga\/wp-json\/wp\/v2\/pages\/64293\/revisions"}],"wp:featuredmedia":[{"embeddable":true,"href":"https:\/\/www.star-ts.com\/ga\/wp-json\/wp\/v2\/media\/54408"}],"wp:attachment":[{"href":"https:\/\/www.star-ts.com\/ga\/wp-json\/wp\/v2\/media?parent=64293"}],"curies":[{"name":"wp","href":"https:\/\/api.w.org\/{rel}","templated":true}]}}