{"id":52811,"date":"2024-07-16T15:12:55","date_gmt":"2024-07-16T14:12:55","guid":{"rendered":"https:\/\/www.star-ts.com\/seirbhisi-aistriuchain\/"},"modified":"2026-01-16T10:33:32","modified_gmt":"2026-01-16T10:33:32","slug":"seirbhisi-aistriuchain","status":"publish","type":"page","link":"https:\/\/www.star-ts.com\/ga\/seirbhisi-aistriuchain\/","title":{"rendered":"Seirbh\u00eds\u00ed Aistri\u00fach\u00e1in"},"content":{"rendered":"<div id='full_slider_1'  class='avia-fullwidth-slider main_color avia-shadow av-medium-hide av-small-hide av-mini-hide  avia-builder-el-0  el_before_av_one_third  avia-builder-el-first   container_wrap sidebar_right'  >\n<style type=\"text\/css\" data-created_by=\"avia_inline_auto\" id=\"style-css-av-mcx6fgxp-154e3a5c603603b2092159f89a46f9c8\">\n\n@media only screen and (max-width: 479px){ \n#top .avia-slideshow .av-slideshow-caption.av-mcx6fgxp-154e3a5c603603b2092159f89a46f9c8__0 .avia-caption-content{\ndisplay:none;\n}\n#top .avia-slideshow .av-slideshow-caption.av-mcx6fgxp-154e3a5c603603b2092159f89a46f9c8__0 .avia-caption-content p{\ndisplay:none;\n}\n}\n<\/style>\n<div  class='avia-slideshow av-mcx6fgxp-154e3a5c603603b2092159f89a46f9c8 avia-slideshow-featured av_slideshow_full avia-slide-slider av-medium-hide av-small-hide av-mini-hide av-slideshow-ui av-control-default av-slideshow-manual av-loop-once av-loop-manual-endless av-default-height-applied   avia-slideshow-1' data-slideshow-options=\"{&quot;animation&quot;:&quot;slide&quot;,&quot;autoplay&quot;:false,&quot;loop_autoplay&quot;:&quot;once&quot;,&quot;interval&quot;:5,&quot;loop_manual&quot;:&quot;manual-endless&quot;,&quot;autoplay_stopper&quot;:false,&quot;noNavigation&quot;:false,&quot;bg_slider&quot;:false,&quot;keep_padding&quot;:false,&quot;hoverpause&quot;:false,&quot;show_slide_delay&quot;:0}\"  itemprop=\"image\" itemscope=\"itemscope\" itemtype=\"https:\/\/schema.org\/ImageObject\" ><ul class='avia-slideshow-inner ' style='padding-bottom: 28.666666666667%;'><li  class='avia-slideshow-slide av-mcx6fgxp-154e3a5c603603b2092159f89a46f9c8__0  av-single-slide slide-1 slide-odd'><div data-rel='slideshow-1' class='avia-slide-wrap '   ><div class='av-slideshow-caption av-mcx6fgxp-154e3a5c603603b2092159f89a46f9c8__0 caption_fullwidth caption_center caption_center_framed caption_framed'><div class=\"container caption_container\"><div class=\"slideshow_caption\"><div class=\"slideshow_inner_caption\"><div class=\"slideshow_align_caption\"><h2 class='avia-caption-title '  itemprop=\"name\" >Professional Human Translation Services<\/h2><div class='avia-caption-content '  itemprop=\"description\" ><p>Seirbh\u00eds\u00ed aistri\u00fach\u00e1in ar ardchaighde\u00e1n ar bharra do mh\u00e9ar agat<\/p>\n<\/div><\/div><\/div><\/div><\/div><\/div><img decoding=\"async\" fetchpriority=\"high\" class=\"wp-image-61195 avia-img-lazy-loading-not-61195\"  src=\"https:\/\/www.star-ts.com\/wp-content\/uploads\/2019\/10\/businessman-2682712_1920-1500x430.jpg\" width=\"1500\" height=\"430\" title='fear-gn\u00f3-domhan-an-aistri\u00fach\u00e1in' alt='Aistri\u00fach\u00e1n | Aistritheoir | Ar fud an Domhain'  itemprop=\"thumbnailUrl\"   \/><\/div><\/li><\/ul><\/div><\/div><div id='after_full_slider_1'  class='main_color av_default_container_wrap container_wrap sidebar_right'  ><div class='container av-section-cont-open' ><div class='template-page content  av-content-small alpha units'><div class='post-entry post-entry-type-page post-entry-52811'><div class='entry-content-wrapper clearfix'>\n\n<style type=\"text\/css\" data-created_by=\"avia_inline_auto\" id=\"style-css-av-1cfz1kv-6bc8ac6f19731975e53956e57f3bf149\">\n.flex_column.av-1cfz1kv-6bc8ac6f19731975e53956e57f3bf149{\nborder-radius:0px 0px 0px 0px;\npadding:0px 0px 0px 0px;\n}\n<\/style>\n<div  class='flex_column av-1cfz1kv-6bc8ac6f19731975e53956e57f3bf149 av_one_third  avia-builder-el-1  el_after_av_slideshow_full  el_before_av_two_third  avia-builder-el-first  first flex_column_div av-zero-column-padding  '     ><style type=\"text\/css\" data-created_by=\"avia_inline_auto\" id=\"style-css-av-kls2lfop-4126498e8c18e365f84212b59bf4c507\">\n.avia-image-container.av-kls2lfop-4126498e8c18e365f84212b59bf4c507 img.avia_image{\nbox-shadow:none;\n}\n.avia-image-container.av-kls2lfop-4126498e8c18e365f84212b59bf4c507 .av-image-caption-overlay-center{\ncolor:#ffffff;\n}\n<\/style>\n<div  class='avia-image-container av-kls2lfop-4126498e8c18e365f84212b59bf4c507 av-styling- avia_animated_image av-animated-when-visible-95 pop-up avia-align-center  avia-builder-el-2  avia-builder-el-no-sibling '   itemprop=\"image\" itemscope=\"itemscope\" itemtype=\"https:\/\/schema.org\/ImageObject\" ><div class=\"avia-image-container-inner\"><div class=\"avia-image-overlay-wrap\"><img decoding=\"async\" loading=\"lazy\" class='wp-image-53868 avia-img-lazy-loading-53868 avia_image ' src=\"https:\/\/www.star-ts.com\/wp-content\/uploads\/2014\/02\/star-computer.png\" alt='' title='laptop with world on screen'  height=\"320\" width=\"400\"  itemprop=\"thumbnailUrl\" srcset=\"https:\/\/www.star-ts.com\/wp-content\/uploads\/2014\/02\/star-computer.png 400w, https:\/\/www.star-ts.com\/wp-content\/uploads\/2014\/02\/star-computer-80x64.png 80w, https:\/\/www.star-ts.com\/wp-content\/uploads\/2014\/02\/star-computer-300x240.png 300w\" sizes=\"auto, (max-width: 400px) 100vw, 400px\" \/><\/div><\/div><\/div><\/div>\n<p><div  class='flex_column av-1ftv49b-cae652297cb6a3c2e86a6d10c055068e av_two_third  avia-builder-el-3  el_after_av_one_third  el_before_av_two_third  flex_column_div  '     ><section  class='av_textblock_section av-533k27-3698d938a988e3f15d65b4954c026ed1 '   itemscope=\"itemscope\" itemtype=\"https:\/\/schema.org\/CreativeWork\" ><div class='avia_textblock'  itemprop=\"text\" ><h1>Unlocking Global Success: STAR Takes You There<\/h1>\n<p>Are you ready to conquer the world? Imagine your brand resonating seamlessly across borders, cultures, and languages. At STAR we transform your content into a powerful global force.<\/p>\n<ul>\n<li><strong>Precision:<\/strong> Our expert linguists meticulously craft translations that capture the essence of your message. Whether it\u2019s legal documents, marketing materials, or technical manuals, we ensure accuracy and clarity.<\/li>\n<li><strong>Brand Consistency:<\/strong> Your brand is your identity. We understand that. With STAR, your brand voice remains consistent across all languages. No more lost nuances or misaligned messaging.<\/li>\n<li><strong>Global Reach:<\/strong> We operate in over 200 languages. From Mandarin to Spanish, Arabic to Russian, we\u2019ve got you covered. Our extensive network of native speakers ensures cultural sensitivity and relevance.<\/li>\n<\/ul>\n<\/div><\/section><\/div>\n<style type=\"text\/css\" data-created_by=\"avia_inline_auto\" id=\"style-css-av-168z4y7-a6a2bdca7ede95a4f704cdfadd9fb6f6\">\n.flex_column.av-168z4y7-a6a2bdca7ede95a4f704cdfadd9fb6f6{\nborder-radius:0px 0px 0px 0px;\npadding:0px 0px 0px 0px;\n}\n<\/style>\n<div  class='flex_column av-168z4y7-a6a2bdca7ede95a4f704cdfadd9fb6f6 av_two_third  avia-builder-el-5  el_after_av_two_third  el_before_av_one_third  first flex_column_div av-zero-column-padding  column-top-margin'     ><section  class='av_textblock_section av-41pqzj-bc37a0fda9ce4e9b7d7c2d3fca9b6492 '   itemscope=\"itemscope\" itemtype=\"https:\/\/schema.org\/CreativeWork\" ><div class='avia_textblock'  itemprop=\"text\" ><h3>C\u00e9n f\u00e1th ar cheart duit gn\u00f3 a dh\u00e9anamh linn?<\/h3>\n<p>Le n\u00edos m\u00f3 n\u00e1 50 oifig ar fud an domhain ina n-oibr\u00edonn breis is 950 speisialt\u00f3ir, cabhr\u00f3imid leat cumars\u00e1id \u00e9ifeachtach a dh\u00e9anamh tr\u00ed do dhoicim\u00e9id, do chomhaid agus d&#8217;\u00e1bhar a aistri\u00fa go beagnach aon teanga. T\u00e1 \u00e1r seirbh\u00eds\u00ed aistri\u00fach\u00e1in deimhnithe de r\u00e9ir chaighde\u00e1in ch\u00e1il\u00edochta <a href=\"https:\/\/www.star-ts.com\/ga\/cad-e-deimhniu-iso-9001\/\">ISO 9001<\/a> agus <a href=\"https:\/\/www.star-ts.com\/ga\/cad-e-deimhniu-iso-17100\/\">ISO 17100<\/a> . B\u00edonn cuideachta\u00ed amhail BMW, Ferrari chomh maith le ranna rialtais ar fud na cruinne ag brath orainn gach l\u00e1 le seachadadh. Is f\u00e9idir leat brath ar STAR.<\/p>\n<h3>Teistim\u00e9ireachta\u00ed \u00f3 Chustaim\u00e9ir\u00ed:<\/h3>\n<p>L\u00e9igh an m\u00e9id  <a href=\"https:\/\/www.star-ts.com\/about\/customer-references\/\">a deir \u00e1r gcustaim\u00e9ir\u00ed f\u00fainn<\/a>.<\/p>\n<\/div><\/section><\/div><\/p>\n<div  class='flex_column av-193feq7-87165a96367a8d5535d0a6895069be35 av_one_third  avia-builder-el-7  el_after_av_two_third  el_before_av_one_third  flex_column_div  column-top-margin'     ><section  class='av_textblock_section av-1878i1r-02b57c86630e8e5cfe3404b003df5a95 '   itemscope=\"itemscope\" itemtype=\"https:\/\/schema.org\/CreativeWork\" ><div class='avia_textblock'  itemprop=\"text\" ><h4>Pr\u00edomhsheirbh\u00eds\u00ed aistri\u00fach\u00e1in<\/h4>\n<ul>\n<li><a href=\"https:\/\/www.star-ts.com\/translation-services\/website-translation\/\">Aistri\u00fach\u00e1n do shu\u00edomhanna gr\u00e9as\u00e1in<\/a><\/li>\n<li><a href=\"https:\/\/www.star-ts.com\/translation-services\/technical-translation\/\">Foilseach\u00e1n teicni\u00fail<\/a><\/li>\n<li><a href=\"https:\/\/www.star-ts.com\/ga\/seirbhisi-aistriuchain\/seirbhisi-aistriuchain-i-dtionscal-na-ngluaistean-teicniuil\/\">Aistri\u00fach\u00e1n do thionscal na ngluaiste\u00e1n<\/a><\/li>\n<li><a href=\"https:\/\/www.star-ts.com\/translation-services\/government-translation-services\/\">Aistri\u00fach\u00e1n don Earn\u00e1il Phoibl\u00ed<\/a><\/li>\n<li><a href=\"https:\/\/www.star-ts.com\/ga\/seirbhisi-aistriuchain\/aistriu-doicimead\/aistriuchan-do-lamhleabhair-usaideoiri\/\">Aistri\u00fach\u00e1n do L\u00e1mhleabhair \u00das\u00e1ideoir\u00ed<\/a><\/li>\n<\/ul>\n<\/div><\/section><\/div>\n\n<style type=\"text\/css\" data-created_by=\"avia_inline_auto\" id=\"style-css-av-d37n4f-0ea079f556f8cff5359eb176d0a83653\">\n.flex_column.av-d37n4f-0ea079f556f8cff5359eb176d0a83653{\nborder-radius:0px 0px 0px 0px;\npadding:0px 0px 0px 0px;\n}\n<\/style>\n<div  class='flex_column av-d37n4f-0ea079f556f8cff5359eb176d0a83653 av_one_third  avia-builder-el-9  el_after_av_one_third  el_before_av_two_third  first flex_column_div av-zero-column-padding  column-top-margin'     ><style type=\"text\/css\" data-created_by=\"avia_inline_auto\" id=\"style-css-av-kls2pnv2-7a0564265ab32ad1c5577a5aa6d79936\">\n.avia-image-container.av-kls2pnv2-7a0564265ab32ad1c5577a5aa6d79936 img.avia_image{\nbox-shadow:none;\n}\n.avia-image-container.av-kls2pnv2-7a0564265ab32ad1c5577a5aa6d79936 .av-image-caption-overlay-center{\ncolor:#ffffff;\n}\n<\/style>\n<div  class='avia-image-container av-kls2pnv2-7a0564265ab32ad1c5577a5aa6d79936 av-styling- avia_animated_image av-animated-when-visible-95 left-to-right avia-align-center  avia-builder-el-10  avia-builder-el-no-sibling '   itemprop=\"image\" itemscope=\"itemscope\" itemtype=\"https:\/\/schema.org\/ImageObject\" ><div class=\"avia-image-container-inner\"><div class=\"avia-image-overlay-wrap\"><img decoding=\"async\" loading=\"lazy\" class='wp-image-53267 avia-img-lazy-loading-53267 avia_image ' src=\"https:\/\/www.star-ts.com\/wp-content\/uploads\/2014\/03\/languages1.png\" alt='' title='World Earth Translation Files'  height=\"320\" width=\"400\"  itemprop=\"thumbnailUrl\" srcset=\"https:\/\/www.star-ts.com\/wp-content\/uploads\/2014\/03\/languages1.png 400w, https:\/\/www.star-ts.com\/wp-content\/uploads\/2014\/03\/languages1-80x64.png 80w, https:\/\/www.star-ts.com\/wp-content\/uploads\/2014\/03\/languages1-300x240.png 300w\" sizes=\"auto, (max-width: 400px) 100vw, 400px\" \/><\/div><\/div><\/div><\/div>\n<div  class='flex_column av-136ty1b-bd5c82257f8e0b03d339ea8849e633fa av_two_third  avia-builder-el-11  el_after_av_one_third  el_before_av_one_full  flex_column_div  column-top-margin'     ><section  class='av_textblock_section av-11ockgv-f7a58ac6adf3ab5683da8029c6827bac '   itemscope=\"itemscope\" itemtype=\"https:\/\/schema.org\/CreativeWork\" ><div class='avia_textblock'  itemprop=\"text\" ><h3>Rud Domhanda at\u00e1 sa Ghn\u00f3<\/h3>\n<p>T\u00e1 s\u00e9 an-t\u00e1bhachtach labhairt le do chustaim\u00e9ir\u00ed ina dteanga f\u00e9in. Ag STAR, cabhra\u00edmid leat \u00e1bhar a chur ar f\u00e1il sa teanga a theasta\u00edonn \u00f3 do chustaim\u00e9ir\u00ed. Cabhra\u00edonn seirbh\u00eds\u00ed aistri\u00fach\u00e1in le freastal ar do chustaim\u00e9ir\u00ed domhanda.<\/p>\n<h3>&#8220;D\u00fairt 72.4% de thomhalt\u00f3ir\u00ed gur mh\u00f3 an seans go gceann\u00f3id\u00eds t\u00e1irge d\u00e1 mbeadh eolas air ar f\u00e1il ina dteanga f\u00e9in.&#8221;<\/h3>\n<\/div><\/section><\/div>\n\n<style type=\"text\/css\" data-created_by=\"avia_inline_auto\" id=\"style-css-av-wngngf-6ef84785b2c1bc8f108ee3be0c977fd0\">\n.flex_column.av-wngngf-6ef84785b2c1bc8f108ee3be0c977fd0{\nborder-radius:0px 0px 0px 0px;\npadding:0px 0px 0px 0px;\n}\n<\/style>\n<div  class='flex_column av-wngngf-6ef84785b2c1bc8f108ee3be0c977fd0 av_one_full  avia-builder-el-13  el_after_av_two_third  el_before_av_one_full  first flex_column_div av-zero-column-padding  column-top-margin'     ><section  class='av_textblock_section av-ugnptr-1da3d32625dc2e231aec140cd5234bf3 '   itemscope=\"itemscope\" itemtype=\"https:\/\/schema.org\/CreativeWork\" ><div class='avia_textblock'  itemprop=\"text\" ><h3>Seirbh\u00eds\u00ed Aistri\u00fach\u00e1in do Shu\u00edomhanna Gr\u00e9as\u00e1in<\/h3>\n<p>Lig d\u00fainn do shu\u00edomh gr\u00e9as\u00e1in a aistri\u00fa agus d\u00edrigh ar chustaim\u00e9ir\u00ed nua i marga\u00ed nua n\u00f3 cuir seirbh\u00eds n\u00edos fearr ar f\u00e1il do na cinn at\u00e1 ann cheana f\u00e9in. Aistr\u00edmid go leor de na pr\u00edomhch\u00f3rais lena n-\u00e1ir\u00edtear WordPress, DNN, Joomla, Expression Engine, agus go leor eile. Oibr\u00edmid le c\u00f3rais CMS do chustaim\u00e9ir\u00ed, agus form\u00e1id\u00ed comhaid teicni\u00fala amhail XLIFF. Is f\u00e9idir linn comhairle a chur ar f\u00e1il maidir le nasc\u00f3ir\u00ed CMS do go leor de na pr\u00edomhch\u00f3rais bhainist\u00edochta inneachair.<\/p>\n<p><a href=\"https:\/\/www.star-ts.com\/translation-services\/website-translation\/\">Aistri\u00fach\u00e1n do Shu\u00edomhanna Gr\u00e9as\u00e1in<\/a><\/p>\n<\/div><\/section><\/div>\n\n<style type=\"text\/css\" data-created_by=\"avia_inline_auto\" id=\"style-css-av-penxmn-ad136c597849124732bf11481b96ef4d\">\n.flex_column.av-penxmn-ad136c597849124732bf11481b96ef4d{\nborder-radius:0px 0px 0px 0px;\npadding:0px 0px 0px 0px;\n}\n<\/style>\n<div  class='flex_column av-penxmn-ad136c597849124732bf11481b96ef4d av_one_full  avia-builder-el-15  el_after_av_one_full  el_before_av_one_full  first flex_column_div av-zero-column-padding  column-top-margin'     ><section  class='av_textblock_section av-oov09r-fdc5680d9170bfa5f85c25ac05429af0 '   itemscope=\"itemscope\" itemtype=\"https:\/\/schema.org\/CreativeWork\" ><div class='avia_textblock'  itemprop=\"text\" ><h3>Seirbh\u00eds\u00ed Aistri\u00fach\u00e1in do Dhoicim\u00e9id<\/h3>\n<p>B\u00edodh s\u00e9 ina l\u00e1mhleabhar teicni\u00fail n\u00f3 ina l\u00e1mhleabhar fosta\u00ed, d\u00e9anfaimid d&#8217;aistri\u00fach\u00e1n doicim\u00e9id a l\u00e1imhse\u00e1il duit \u00f3n doicim\u00e9ad bunaidh go dt\u00ed an leagan amach deiridh in PDF, m\u00e1s g\u00e1.<\/p>\n<p><a href=\"https:\/\/www.star-ts.com\/ga\/seirbhisi-aistriuchain\/aistriu-doicimead\/\">Aistri\u00fach\u00e1n Doicim\u00e9id<\/a><\/p>\n<\/div><\/section><\/div>\n\n<style type=\"text\/css\" data-created_by=\"avia_inline_auto\" id=\"style-css-av-j2d9pr-a6324b9d5f901ceef1f2295b1d59d9af\">\n.flex_column.av-j2d9pr-a6324b9d5f901ceef1f2295b1d59d9af{\nborder-radius:0px 0px 0px 0px;\npadding:0px 0px 0px 0px;\n}\n<\/style>\n<div  class='flex_column av-j2d9pr-a6324b9d5f901ceef1f2295b1d59d9af av_one_full  avia-builder-el-17  el_after_av_one_full  el_before_av_one_full  first flex_column_div av-zero-column-padding  column-top-margin'     ><section  class='av_textblock_section av-h7wfqn-50c9fe0aa9ced3245e4d4c779463f9ea '   itemscope=\"itemscope\" itemtype=\"https:\/\/schema.org\/CreativeWork\" ><div class='avia_textblock'  itemprop=\"text\" ><h3>Marga\u00edocht Dhigiteach agus Barr Feabhais san Optam\u00fa Innill Cuardaigh<\/h3>\n<p>I r\u00e9imse dinimici\u00fail na Marga\u00edochta Digit\u00ed agus SEO, n\u00ed leor focail amh\u00e1in. T\u00e1 cuideachta uait a tharch\u00e9imn\u00edonn teorainneacha, a labhra\u00edonn le luchtanna sp\u00e9ise \u00e9ags\u00fala, agus a chuireann le do thionchar branda. F\u00e1ilte chuig STAR Translations\u2014an droichead idir d&#8217;fh\u00eds agus rath domhanda.<\/p>\n<p><strong>Aistri\u00fach\u00e1n Marga\u00edochta Digit\u00ed: N\u00edl L\u00e9amh n\u00e1 Scr\u00edobh air<\/strong><\/p>\n<ul>\n<li><strong>Aistri\u00fach\u00e1n F\u00edse:<\/strong> T\u00e1 lucht f\u00e9achana domhanda tuillte ag do sc\u00e9al branda. Athra\u00edonn Aistri\u00fach\u00e1in STAR do chuid f\u00edse\u00e1n agus cinnt\u00edonn s\u00e9 cumars\u00e1id gan bhac tr\u00ed theangacha. \u00d3 thaispe\u00e1ntais t\u00e1irg\u00ed go teachtaireachta\u00ed corpar\u00e1ideacha, t\u00e1 t\u00fa sl\u00e1n s\u00e1bh\u00e1ilte linn.<\/li>\n<li><strong>Guth\u00fa:<\/strong> Feabhsaigh d&#8217;\u00e1bhar ilmhe\u00e1n le guth\u00fa gairmi\u00fail. Is cuma m\u00e1s f\u00edse\u00e1n m\u00edni\u00fach\u00e1in n\u00f3 m\u00e1s podchraoladh at\u00e1 i gceist, cuireann \u00e1r dteangeolaithe inchreidteacht agus soil\u00e9ireacht ann.<\/li>\n<li><strong>Comhthaobhacht Mharga\u00edochta:<\/strong> Br\u00f3isi\u00fair, f\u00f3gr\u00e1in, agus \u00e1bhair bholscaireachta\u2014d\u00e9anann STAR Translations \u00e1bhar l\u00e1idir a th\u00e9ann i bhfeidhm ar do spriocmharga\u00ed. N\u00ed chailltear ciall. Seachas sin, tugtar teachtaireachta\u00ed a bhfuil dul i bhfeidhm iontu.<\/li>\n<li><strong>Aistri\u00fach\u00e1n Fh\u00f3gra\u00ed Google:<\/strong> N\u00e1 caill amach ar chustaim\u00e9ir\u00ed idirn\u00e1isi\u00fanta. Cuireann \u00e1r saineolaithe f\u00f3gra\u00ed Google in oiri\u00faint go snasta agus cinnt\u00edonn siad an teagmh\u00e1il is leithne agus toradh ar infheist\u00edocht.<\/li>\n<\/ul>\n<p><strong>Seirbh\u00eds\u00ed Bainistithe SEO: Nasclean\u00faint ar an T\u00edrdhreach Digiteach<\/strong><\/p>\n<ul>\n<li><strong>Optam\u00fa Su\u00edomhanna Gr\u00e9as\u00e1in:<\/strong> Comhoibr\u00edonn STAR Translations len\u00e1r bhfoireann Seirbh\u00eds\u00ed Bainistithe SEO chun do shu\u00edomh gr\u00e9as\u00e1in a mhionchoigeart\u00fa le haghaidh infheictheachta domhanda. Eochairfhocail, meitichlib, agus \u00e1bhar \u2014go l\u00e9ir ail\u00ednithe le go n-\u00e9ireoidh leat tr\u00edd an inneall cuardaigh.<\/li>\n<li><strong>Log\u00e1n\u00fa \u00c1bhar:<\/strong> Taobh amuigh d&#8217;aistri\u00fach\u00e1n, d\u00e9anaimid d&#8217;\u00e1bhar gr\u00e9as\u00e1in a bharrfheabhs\u00fa d&#8217;innill chuardaigh \u00e1iti\u00fala. Baineann t\u00e1bhacht le comhth\u00e9acs cult\u00fartha, agus cinnt\u00edmid go gcluintear an teachtaireacht cheart.<\/li>\n<li><strong>Nasc Strait\u00e9is\u00ed T\u00f3g\u00e1la:<\/strong> T\u00f3gann \u00e1r ndraoithe SEO naisc thagartha \u00fadar\u00e1sacha, rud a fheabhsa\u00edonn creidi\u00fanacht agus r\u00e1t\u00e1lacha cuardaigh do shu\u00edmh.<\/li>\n<\/ul>\n<p>T\u00e9igh isteach sa Mhargadh Domhanda le STAR<\/p>\n<p>Tosa\u00edonn do thuras digiteach anseo. N\u00ed le teanga amh\u00e1in a bhaineann STAR Translations; baineann s\u00e9 le tionchar. Glacaimis seilbh ar na marga\u00ed, meallaimis an lucht sp\u00e9ise, agus tiom\u00e1inimis do bhranda chun airde nua.<\/p>\n<p><a href=\"https:\/\/www.star-ts.com\/marketing-services\/digital-marketing\/\">Aistri\u00fach\u00e1n don Mharga\u00edocht Dhigiteach<\/a><\/p>\n<\/div><\/section><\/div>\n<p>\n<style type=\"text\/css\" data-created_by=\"avia_inline_auto\" id=\"style-css-av-2ua6en-42d1d2a77b09e3723c3aed61f8ed035a\">\n.flex_column.av-2ua6en-42d1d2a77b09e3723c3aed61f8ed035a{\nborder-radius:0px 0px 0px 0px;\npadding:0px 0px 0px 0px;\n}\n<\/style>\n<div  class='flex_column av-2ua6en-42d1d2a77b09e3723c3aed61f8ed035a av_one_full  avia-builder-el-19  el_after_av_one_full  el_before_av_one_full  first flex_column_div av-zero-column-padding  column-top-margin'     ><section  class='av_textblock_section av-ltpo0bzb-60d7048c865c3d06eeefcc631533dfa0 '   itemscope=\"itemscope\" itemtype=\"https:\/\/schema.org\/CreativeWork\" ><div class='avia_textblock'  itemprop=\"text\" ><h3>Frequently Asked Questions (FAQ)<\/h3>\n<p><strong>What languages do you offer?<\/strong><\/p>\n<ul>\n<li>We provide Human Translation services in more than 200 languages. Whether you need documents translated into Spanish, Chinese, Arabic, or any other language, we\u2019ve got you covered\u2014with professional translators who bring human expertise to every project.<\/li>\n<\/ul>\n<p><strong>How long have you been in business?<\/strong><\/p>\n<ul>\n<li>STAR has been in the industry for 40 years, ensuring quality and reliability. Our extensive experience and deep human insight into language allow us to handle diverse projects across various domains.<\/li>\n<\/ul>\n<p><strong>What makes you different from other translation companies?<\/strong><\/p>\n<ul>\n<li>We stand out due to our <strong>global presence<\/strong> with <strong>50 offices worldwide<\/strong> and a team of <strong>over 950 specialists<\/strong>. Our services are <strong>ISO 9001 and ISO 17100 certified<\/strong>, guaranteeing quality deliverables<\/li>\n<\/ul>\n<p><strong>Do you offer website translation services?<\/strong><\/p>\n<ul>\n<li>Yes, we specialize in <strong>website translation<\/strong>. Whether you\u2019re targeting new markets or improving existing customer service, our team can translate content from platforms like <a href=\"https:\/\/wordpress.com\/\" target=\"_blank\" rel=\"noopener\">WordPress<\/a>, <a href=\"https:\/\/www.joomla.org\/\" target=\"_blank\" rel=\"noopener\">Joomla<\/a>, and more<\/li>\n<\/ul>\n<p><strong>Can you handle technical publications and user manuals?<\/strong><\/p>\n<ul>\n<li>Absolutely! We handle <strong>technical document translation<\/strong>, including manuals, handbooks, and guides. From the original document to the final layout in PDF, we\u2019ve got you covered<\/li>\n<\/ul>\n<p><strong>What about digital marketing and SEO?<\/strong><\/p>\n<ul>\n<li>Our services extend to digital marketing translation, video localization, voice-overs, and even Google ad translation. Our SEO Managed Services team combines technical strategy with the human touch to make sure your content connects with real audiences.<\/li>\n<\/ul>\n<p>Effective communication in multiple languages is crucial for global business success. STAR is here to help you bridge language gaps and expand your reach\u2014powered by Human Translation and human expertise you can trust.<\/p>\n<p>For more information on our services see our comprehensive <a href=\"https:\/\/www.star-ts.com\/ga\/ceisteanna-coitianta\/\">FAQ Section<\/a><\/p>\n<\/div><\/section><\/div><div  class='flex_column av-5qqgrz-ce66aabe620dd5d668413bc898f0f3c0 av_one_full  avia-builder-el-21  el_after_av_one_full  avia-builder-el-last  first flex_column_div  column-top-margin'     ><section  class='av_textblock_section av-46o2qn-b4cc681f143a87363df098395ba4613e '   itemscope=\"itemscope\" itemtype=\"https:\/\/schema.org\/CreativeWork\" ><div class='avia_textblock'  itemprop=\"text\" ><div  class='avia-button-wrap avia-button-center  avia-builder-el-23  avia-builder-el-no-sibling '>\n<style type=\"text\/css\" data-created_by=\"avia_inline_auto\" id=\"style-css-av-2mqm67-9c14d7658d27e1aca6b8ce50b29712ad\">\n#top #wrap_all .avia-button.av-2mqm67-9c14d7658d27e1aca6b8ce50b29712ad:hover{\ncolor:white;\ntransition:all 0.4s ease-in-out;\n}\n#top #wrap_all .avia-button.av-2mqm67-9c14d7658d27e1aca6b8ce50b29712ad:hover .avia-svg-icon svg:first-child{\nfill:white;\nstroke:white;\n}\n<\/style>\n<a href=\"https:\/\/www.star-ts.com\/ga\/dean-teagmhail\/\" class=\"avia-color-theme-color avia-font-color-theme-color avia-button avia-button-fullwidth av-2mqm67-9c14d7658d27e1aca6b8ce50b29712ad avia-icon_select-no avia-color-theme-color\" title=\"Contact Us\" aria-label=\"Contact Us\"><span class='avia_iconbox_title' >D\u00e9an Teagmh\u00e1il linn<\/span><span class='avia_button_background avia-button avia-button-fullwidth avia-color-theme-color-highlight'><\/span><\/a><\/div>\n<\/div><\/section><\/div><\/p>\n","protected":false},"excerpt":{"rendered":"<p>R\u00e9idh le bheith sa Mhargadh Domhanda?<br \/>\nM\u00e1s g\u00e1 duit do dhoicim\u00e9id, su\u00edomhanna gr\u00e9as\u00e1in n\u00f3 f\u00edse\u00e1in a aistri\u00fa don mhargadh idirn\u00e1isi\u00fanta, is f\u00e9idir linn cabhr\u00fa leat an fhaisn\u00e9is den chaighde\u00e1n is airde a sheachadadh do do chustaim\u00e9ir\u00ed. Mar cheann de na cuideachta\u00ed seirbh\u00edse aistri\u00fach\u00e1in is m\u00f3 ar domhan, tuigimid an t\u00e1bhacht a bhaineann le branda agus c\u00e1il\u00edocht agus conas a l\u00e9ir\u00edtear \u00e9 ar fud teangacha \u00e9ags\u00fala.<\/p>\n","protected":false},"author":1,"featured_media":61195,"parent":0,"menu_order":1,"comment_status":"closed","ping_status":"closed","template":"","meta":{"footnotes":""},"class_list":["post-52811","page","type-page","status-publish","has-post-thumbnail","hentry"],"_links":{"self":[{"href":"https:\/\/www.star-ts.com\/ga\/wp-json\/wp\/v2\/pages\/52811","targetHints":{"allow":["GET"]}}],"collection":[{"href":"https:\/\/www.star-ts.com\/ga\/wp-json\/wp\/v2\/pages"}],"about":[{"href":"https:\/\/www.star-ts.com\/ga\/wp-json\/wp\/v2\/types\/page"}],"author":[{"embeddable":true,"href":"https:\/\/www.star-ts.com\/ga\/wp-json\/wp\/v2\/users\/1"}],"replies":[{"embeddable":true,"href":"https:\/\/www.star-ts.com\/ga\/wp-json\/wp\/v2\/comments?post=52811"}],"version-history":[{"count":0,"href":"https:\/\/www.star-ts.com\/ga\/wp-json\/wp\/v2\/pages\/52811\/revisions"}],"wp:featuredmedia":[{"embeddable":true,"href":"https:\/\/www.star-ts.com\/ga\/wp-json\/wp\/v2\/media\/61195"}],"wp:attachment":[{"href":"https:\/\/www.star-ts.com\/ga\/wp-json\/wp\/v2\/media?parent=52811"}],"curies":[{"name":"wp","href":"https:\/\/api.w.org\/{rel}","templated":true}]}}