{"id":52765,"date":"2024-07-04T14:33:46","date_gmt":"2024-07-04T13:33:46","guid":{"rendered":"https:\/\/www.star-ts.com\/go-raibh-maith-agat-as-teagmhail-a-dheanamh-linn\/"},"modified":"2025-08-01T15:19:13","modified_gmt":"2025-08-01T14:19:13","slug":"go-raibh-maith-agat-as-teagmhail-a-dheanamh-linn","status":"publish","type":"page","link":"https:\/\/www.star-ts.com\/ga\/go-raibh-maith-agat-as-teagmhail-a-dheanamh-linn\/","title":{"rendered":"Go Raibh Maith Agat As Teagmh\u00e1il a Dh\u00e9anamh Linn"},"content":{"rendered":"<div  class='flex_column av-1ada31p-abfe509322eb57840d04b681d8dabb42 av_one_full  avia-builder-el-0  avia-builder-el-no-sibling  first flex_column_div  '     ><section  class='av_textblock_section av-l7636ukf-99ed5378b7267317f1dafe2311dfaec5 '   itemscope=\"itemscope\" itemtype=\"https:\/\/schema.org\/CreativeWork\" ><div class='avia_textblock'  itemprop=\"text\" ><div class=\"sc-gWHigU iVCmin\">\n<h1>Go raibh maith agat as teagmh\u00e1il a dh\u00e9anamh linn.<\/h1>\n<div><\/div>\n<div>Tabharfaimid freagra ar ais chugat go luath, de ghn\u00e1th laistigh de 24 uair an chloig.<\/div>\n<div><\/div>\n<div><\/div>\n<div><strong>STAR Translation &#8211; Baile \u00c1tha Cliath<\/strong><\/div>\n<\/div>\n<div><\/div>\n<div>M\u00e1 theasta\u00edonn freagra n\u00edos tap\u00fala uait is f\u00e9idir leat glaoch a chur orainn go d\u00edreach ar +353 1 8365614<\/div>\n<\/div><\/section><br \/>\n<\/p><\/div>\n","protected":false},"excerpt":{"rendered":"","protected":false},"author":1,"featured_media":0,"parent":0,"menu_order":0,"comment_status":"closed","ping_status":"closed","template":"","meta":{"footnotes":""},"class_list":["post-52765","page","type-page","status-publish","hentry"],"_links":{"self":[{"href":"https:\/\/www.star-ts.com\/ga\/wp-json\/wp\/v2\/pages\/52765","targetHints":{"allow":["GET"]}}],"collection":[{"href":"https:\/\/www.star-ts.com\/ga\/wp-json\/wp\/v2\/pages"}],"about":[{"href":"https:\/\/www.star-ts.com\/ga\/wp-json\/wp\/v2\/types\/page"}],"author":[{"embeddable":true,"href":"https:\/\/www.star-ts.com\/ga\/wp-json\/wp\/v2\/users\/1"}],"replies":[{"embeddable":true,"href":"https:\/\/www.star-ts.com\/ga\/wp-json\/wp\/v2\/comments?post=52765"}],"version-history":[{"count":0,"href":"https:\/\/www.star-ts.com\/ga\/wp-json\/wp\/v2\/pages\/52765\/revisions"}],"wp:attachment":[{"href":"https:\/\/www.star-ts.com\/ga\/wp-json\/wp\/v2\/media?parent=52765"}],"curies":[{"name":"wp","href":"https:\/\/api.w.org\/{rel}","templated":true}]}}