{"id":52764,"date":"2024-07-04T14:33:46","date_gmt":"2024-07-04T13:33:46","guid":{"rendered":"https:\/\/www.star-ts.com\/aistriu-doicimead\/"},"modified":"2025-03-13T10:16:01","modified_gmt":"2025-03-13T10:16:01","slug":"aistriu-doicimead","status":"publish","type":"page","link":"https:\/\/www.star-ts.com\/ga\/seirbhisi-aistriuchain\/aistriu-doicimead\/","title":{"rendered":"Aistri\u00fa Doicim\u00e9ad"},"content":{"rendered":"<div id='full_slider_1'  class='avia-fullwidth-slider main_color avia-shadow av-small-hide av-mini-hide  avia-builder-el-0  el_before_av_one_full  avia-builder-el-first   container_wrap sidebar_right'  ><div  class='avia-slideshow av-39qdq3-1ba0a3004deba53e109ebe4e904f1a11 avia-slideshow-featured av_slideshow_full avia-slide-slider av-small-hide av-mini-hide av-slideshow-ui av-control-default av-slideshow-manual av-loop-once av-loop-manual-endless av-default-height-applied   avia-slideshow-1' data-slideshow-options=\"{&quot;animation&quot;:&quot;slide&quot;,&quot;autoplay&quot;:false,&quot;loop_autoplay&quot;:&quot;once&quot;,&quot;interval&quot;:5,&quot;loop_manual&quot;:&quot;manual-endless&quot;,&quot;autoplay_stopper&quot;:false,&quot;noNavigation&quot;:false,&quot;bg_slider&quot;:false,&quot;keep_padding&quot;:false,&quot;hoverpause&quot;:false,&quot;show_slide_delay&quot;:0}\"  itemprop=\"image\" itemscope=\"itemscope\" itemtype=\"https:\/\/schema.org\/ImageObject\" ><ul class='avia-slideshow-inner ' style='padding-bottom: 28.666666666667%;'><li  class='avia-slideshow-slide av-39qdq3-1ba0a3004deba53e109ebe4e904f1a11__0  av-single-slide slide-1 slide-odd'><div data-rel='slideshow-1' class='avia-slide-wrap '   ><div class='av-slideshow-caption av-39qdq3-1ba0a3004deba53e109ebe4e904f1a11__0 caption_fullwidth caption_center caption_center_framed caption_framed'><div class=\"container caption_container\"><div class=\"slideshow_caption\"><div class=\"slideshow_inner_caption\"><div class=\"slideshow_align_caption\"><h2 class='avia-caption-title '  itemprop=\"name\" >Seirbh\u00eds\u00ed Aistri\u00fach\u00e1in do Dhoicim\u00e9id<\/h2><div class='avia-caption-content '  itemprop=\"description\" ><p>Cumars\u00e1id \u00e9ifeachtach a dh\u00e9anamh i ngach teanga<\/p>\n<\/div><\/div><\/div><\/div><\/div><\/div><img decoding=\"async\" fetchpriority=\"high\" class=\"wp-image-54296 avia-img-lazy-loading-not-54296\"  src=\"https:\/\/www.star-ts.com\/wp-content\/uploads\/2018\/04\/document-working-1-1500x430.jpg\" width=\"1500\" height=\"430\" title='Business person writing documents' alt=''  itemprop=\"thumbnailUrl\"   \/><\/div><\/li><\/ul><\/div><\/div><div id='after_full_slider_1'  class='main_color av_default_container_wrap container_wrap sidebar_right'  ><div class='container av-section-cont-open' ><div class='template-page content  av-content-small alpha units'><div class='post-entry post-entry-type-page post-entry-52764'><div class='entry-content-wrapper clearfix'>\n<div  class='flex_column av-thri8b-2d8dfc4356ef0925c9f4df15fa986245 av_one_full  avia-builder-el-1  el_after_av_slideshow_full  el_before_av_one_half  avia-builder-el-first  first flex_column_div  '     ><section  class='av_textblock_section av-rffysb-c156158f589e227c301bb29eea73b3d7 '   itemscope=\"itemscope\" itemtype=\"https:\/\/schema.org\/CreativeWork\" ><div class='avia_textblock'  itemprop=\"text\" ><h1>Aistri\u00fach\u00e1n Doicim\u00e9ad Gairmi\u00fail<\/h1>\n<p>T\u00e1imid ar cheann de na sol\u00e1thraithe seirbh\u00eds\u00ed aistri\u00fach\u00e1in doicim\u00e9ad is m\u00f3 ar domhan. T\u00e1 breis agus 50 oifig agus 950 fosta\u00ed againn ar fud an domhain, is f\u00e9idir linn doicim\u00e9id a shol\u00e1thar i dteanga ar bith, nach m\u00f3r.<\/p>\n<p>Is speisialt\u00f3ir\u00ed tionscail iad \u00e1r n-aistritheoir\u00ed go l\u00e9ir agus oibr\u00edonn siad ina dt\u00edr dh\u00fachais; rud a thugann muin\u00edn duit go mbeidh cuma n\u00e1d\u00fartha ar do dhoicim\u00e9id amhail is gur scr\u00edobhadh iad sa teanga aistrithe i dtosach.<\/p>\n<\/div><\/section><\/div>\n<div  class='flex_column av-pq7j7v-cc6d8e3a401a2ad9524093060d4d2afe av_one_half  avia-builder-el-3  el_after_av_one_full  el_before_av_one_half  first flex_column_div  column-top-margin'     ><style type=\"text\/css\" data-created_by=\"avia_inline_auto\" id=\"style-css-av-klm6nuoe-c77bf411d9c63bc230c22c5508295569\">\n.avia-image-container.av-klm6nuoe-c77bf411d9c63bc230c22c5508295569 img.avia_image{\nbox-shadow:none;\n}\n.avia-image-container.av-klm6nuoe-c77bf411d9c63bc230c22c5508295569 .av-image-caption-overlay-center{\ncolor:#ffffff;\n}\n<\/style>\n<div  class='avia-image-container av-klm6nuoe-c77bf411d9c63bc230c22c5508295569 av-styling- avia-align-center  avia-builder-el-4  avia-builder-el-no-sibling '   itemprop=\"image\" itemscope=\"itemscope\" itemtype=\"https:\/\/schema.org\/ImageObject\" ><div class=\"avia-image-container-inner\"><div class=\"avia-image-overlay-wrap\"><img decoding=\"async\" loading=\"lazy\" class='wp-image-53247 avia-img-lazy-loading-53247 avia_image ' src=\"https:\/\/www.star-ts.com\/wp-content\/uploads\/2014\/02\/employee-handbooks2.jpg\" alt='' title='Manuals'  height=\"320\" width=\"400\"  itemprop=\"thumbnailUrl\" srcset=\"https:\/\/www.star-ts.com\/wp-content\/uploads\/2014\/02\/employee-handbooks2.jpg 400w, https:\/\/www.star-ts.com\/wp-content\/uploads\/2014\/02\/employee-handbooks2-80x64.jpg 80w, https:\/\/www.star-ts.com\/wp-content\/uploads\/2014\/02\/employee-handbooks2-300x240.jpg 300w\" sizes=\"auto, (max-width: 400px) 100vw, 400px\" \/><\/div><\/div><\/div><\/div>\n<div  class='flex_column av-pq7j7v-5-b8c449099b950e1ab9cb86d91dca5564 av_one_half  avia-builder-el-5  el_after_av_one_half  el_before_av_one_half  flex_column_div  column-top-margin'     ><section  class='av_textblock_section av-oktwob-0aa7a473af3eb6dcfbbe4d52a118e52e '   itemscope=\"itemscope\" itemtype=\"https:\/\/schema.org\/CreativeWork\" ><div class='avia_textblock'  itemprop=\"text\" ><h3>Aistri\u00fach\u00e1n do L\u00e1mhleabhair Oibr\u00edochta<\/h3>\n<\/div><\/section><br \/>\n<section  class='av_textblock_section av-mdk1h7-9178c35d7cfc0b89ad25219064697a97 '   itemscope=\"itemscope\" itemtype=\"https:\/\/schema.org\/CreativeWork\" ><div class='avia_textblock'  itemprop=\"text\" ><p>Ba ch\u00f3ir go mbeadh na l\u00e1mhleabhair oibr\u00edochta cruinn agus beacht. Is pr\u00edomhfhacht\u00f3ir ratha \u00e9 go mbeadh do th\u00e9arma\u00edocht i gceart \u00f3n t\u00fas, ar mhaithe le doicim\u00e9id theicni\u00fala den ch\u00e9ad scoth. Bain gach aon tairbhe as do dhoicim\u00e9id theicni\u00fala ilteangacha agus beidh tortha\u00ed ardchaighde\u00e1n gairmi\u00fala \u00e1 seachadadh agat gach aon uair.<\/p>\n<p><a href=\"https:\/\/www.star-ts.com\/translation-services\/documents\/operator-manuals\/\">Aistri\u00fach\u00e1n do L\u00e1mhleabhair Oibr\u00edochta<\/a><\/p>\n<\/div><\/section><br \/>\n<section  class='av_textblock_section av-lpjqy6mn-8e1868e0936290f58287d80098e2e7c0 '   itemscope=\"itemscope\" itemtype=\"https:\/\/schema.org\/CreativeWork\" ><div class='avia_textblock'  itemprop=\"text\" ><div  class='avia-button-wrap avia-button-center  avia-builder-el-9  avia-builder-el-no-sibling '>\n<style type=\"text\/css\" data-created_by=\"avia_inline_auto\" id=\"style-css-av-2b3lgr-f750df45120ed7cccfe4180a8ae6efa7\">\n#top #wrap_all .avia-button.av-2b3lgr-f750df45120ed7cccfe4180a8ae6efa7:hover{\ncolor:white;\ntransition:all 0.4s ease-in-out;\n}\n#top #wrap_all .avia-button.av-2b3lgr-f750df45120ed7cccfe4180a8ae6efa7:hover .avia-svg-icon svg:first-child{\nfill:white;\nstroke:white;\n}\n<\/style>\n<a href='https:\/\/www.star-ts.com\/download-expert-translation-checklist\/' class='avia-color-theme-color avia-font-color-theme-color avia-button avia-button-fullwidth av-2b3lgr-f750df45120ed7cccfe4180a8ae6efa7 avia-icon_select-yes-left-icon avia-color-theme-color'   aria-label=\"\u00cdosl\u00f3d\u00e1il seicliosta an tsaineola\u00ed le haghaidh aistri\u00fach\u00e1in do l\u00e1mhleabhair theicni\u00fala\"><span class='avia_button_icon avia_button_icon_left avia-iconfont avia-font-entypo-fontello' data-av_icon='\ue812' data-av_iconfont='entypo-fontello' ><\/span><span class='avia_iconbox_title' >\u00cdosl\u00f3d\u00e1il seicliosta an tsaineola\u00ed le haghaidh aistri\u00fach\u00e1in do l\u00e1mhleabhair theicni\u00fala<\/span><span class='avia_button_background avia-button avia-button-fullwidth avia-color-theme-color-highlight'><\/span><\/a><\/div>\n<\/div><\/section><\/p><\/div><div  class='flex_column av-kxbwaj-39013d985dd4eb0ebcb9c54aa9575c10 av_one_half  avia-builder-el-10  el_after_av_one_half  el_before_av_one_half  first flex_column_div  column-top-margin'     ><style type=\"text\/css\" data-created_by=\"avia_inline_auto\" id=\"style-css-av-klm6ln17-875ac419a5cc04d49580f6970e9e942c\">\n.avia-image-container.av-klm6ln17-875ac419a5cc04d49580f6970e9e942c img.avia_image{\nbox-shadow:none;\n}\n.avia-image-container.av-klm6ln17-875ac419a5cc04d49580f6970e9e942c .av-image-caption-overlay-center{\ncolor:#ffffff;\n}\n<\/style>\n<div  class='avia-image-container av-klm6ln17-875ac419a5cc04d49580f6970e9e942c av-styling- avia-align-center  avia-builder-el-11  avia-builder-el-no-sibling '   itemprop=\"image\" itemscope=\"itemscope\" itemtype=\"https:\/\/schema.org\/ImageObject\" ><div class=\"avia-image-container-inner\"><div class=\"avia-image-overlay-wrap\"><img decoding=\"async\" loading=\"lazy\" class='wp-image-54291 avia-img-lazy-loading-54291 avia_image ' src=\"https:\/\/www.star-ts.com\/wp-content\/uploads\/2018\/03\/engine-lo-e1524817545935.jpg\" alt='Inneall' title='inneall-lo'  height=\"304\" width=\"380\"  itemprop=\"thumbnailUrl\"  \/><\/div><\/div><\/div><\/div><\/p>\n<div  class='flex_column av-kxbwaj-4-3863772fb4b722868985e7302138495e av_one_half  avia-builder-el-12  el_after_av_one_half  el_before_av_one_half  flex_column_div  column-top-margin'     ><section  class='av_textblock_section av-jj173v-12239c5902cb24cb1891f0ebbb20e23a '   itemscope=\"itemscope\" itemtype=\"https:\/\/schema.org\/CreativeWork\" ><div class='avia_textblock'  itemprop=\"text\" ><h3>Aistri\u00fach\u00e1n do L\u00e1mhleabhair \u00das\u00e1ideoir\u00ed<\/h3>\n<\/div><\/section><br \/>\n<section  class='av_textblock_section av-h89qaz-579e0d1b7e54a9ecd0f5413a6d7cfe82 '   itemscope=\"itemscope\" itemtype=\"https:\/\/schema.org\/CreativeWork\" ><div class='avia_textblock'  itemprop=\"text\" ><p>Caithfidh do l\u00e1mhleabhair \u00fas\u00e1ideoir\u00ed labhairt le do chustaim\u00e9ir\u00ed ina dteanga f\u00e9in, i dt\u00e9arma\u00ed at\u00e1 \u00e9asca le h\u00fas\u00e1id agus sonra\u00edochta\u00ed scr\u00edofa a choinne\u00e1il go beacht. Aistr\u00edmid l\u00e1mhleabhair do chuid de na branda\u00ed at\u00e1 chun tosaigh ar leibh\u00e9al domhanda, mar shampla Hilti, BMW, TAG Heuer agus go leor eile.<\/p>\n<p><a href=\"https:\/\/www.star-ts.com\/ga\/seirbhisi-aistriuchain\/aistriu-doicimead\/aistriuchan-do-lamhleabhair-usaideoiri\/\">Aistri\u00fach\u00e1n do L\u00e1mhleabhair \u00das\u00e1ideoir\u00ed<\/a><\/p>\n<\/div><\/section><\/p><\/div>\n<div  class='flex_column av-fuor1n-9759479305800be31df0101153321009 av_one_half  avia-builder-el-15  el_after_av_one_half  el_before_av_one_half  first flex_column_div  column-top-margin'     ><style type=\"text\/css\" data-created_by=\"avia_inline_auto\" id=\"style-css-av-klm6k2gk-4fd449f65013787af8ab5b532ca2eba7\">\n.avia-image-container.av-klm6k2gk-4fd449f65013787af8ab5b532ca2eba7 img.avia_image{\nbox-shadow:none;\n}\n.avia-image-container.av-klm6k2gk-4fd449f65013787af8ab5b532ca2eba7 .av-image-caption-overlay-center{\ncolor:#ffffff;\n}\n<\/style>\n<div  class='avia-image-container av-klm6k2gk-4fd449f65013787af8ab5b532ca2eba7 av-styling- avia-align-center  avia-builder-el-16  avia-builder-el-no-sibling '   itemprop=\"image\" itemscope=\"itemscope\" itemtype=\"https:\/\/schema.org\/ImageObject\" ><div class=\"avia-image-container-inner\"><div class=\"avia-image-overlay-wrap\"><img decoding=\"async\" loading=\"lazy\" class='wp-image-53248 avia-img-lazy-loading-53248 avia_image ' src=\"https:\/\/www.star-ts.com\/wp-content\/uploads\/2014\/02\/health-safety.jpg\" alt='' title='Health &amp; Safety'  height=\"320\" width=\"400\"  itemprop=\"thumbnailUrl\" srcset=\"https:\/\/www.star-ts.com\/wp-content\/uploads\/2014\/02\/health-safety.jpg 400w, https:\/\/www.star-ts.com\/wp-content\/uploads\/2014\/02\/health-safety-80x64.jpg 80w, https:\/\/www.star-ts.com\/wp-content\/uploads\/2014\/02\/health-safety-300x240.jpg 300w\" sizes=\"auto, (max-width: 400px) 100vw, 400px\" \/><\/div><\/div><\/div><\/div>\n<div  class='flex_column av-fuor1n-3-b3242c80f661c0adb413bf4a8f2d1aaa av_one_half  avia-builder-el-17  el_after_av_one_half  el_before_av_one_half  flex_column_div  column-top-margin'     ><section  class='av_textblock_section av-esu84b-cef74919fc87f2cac60569c0adabad49 '   itemscope=\"itemscope\" itemtype=\"https:\/\/schema.org\/CreativeWork\" ><div class='avia_textblock'  itemprop=\"text\" ><h3>Aistri\u00fach\u00e1n Sl\u00e1inte agus S\u00e1bh\u00e1ilteachta<\/h3>\n<\/div><\/section><br \/>\n<section  class='av_textblock_section av-19dsaj-5208e0c7ae768c9f783b49457031db2c '   itemscope=\"itemscope\" itemtype=\"https:\/\/schema.org\/CreativeWork\" ><div class='avia_textblock'  itemprop=\"text\" ><p>Cib\u00e9 \u00e1it a n-oibr\u00edonn t\u00fa, caithfidh do chuid fostaithe ar fad an reachta\u00edocht s\u00e1bh\u00e1ilteachta a thuiscint. Is f\u00e9idir len\u00e1r bhfoirne gairmi\u00fala na haistri\u00fach\u00e1in ar dhoicim\u00e9id a gceangla\u00edtear ort a shol\u00e1thar do sh\u00e1bh\u00e1ilteacht d\u2019oibrithe iln\u00e1isi\u00fanta go l\u00e9ir.<\/p>\n<p><a href=\"https:\/\/www.star-ts.com\/translation-services\/documents\/health-and-safety\/\">Aistri\u00fach\u00e1n Sl\u00e1inte agus S\u00e1bh\u00e1ilteachta<\/a><\/p>\n<\/div><\/section><\/p><\/div>\n<div  class='flex_column av-anxpq3-30d0fd27c5d9e4c445ca6ef1aec31a2c av_one_half  avia-builder-el-20  el_after_av_one_half  el_before_av_one_half  first flex_column_div  column-top-margin'     ><style type=\"text\/css\" data-created_by=\"avia_inline_auto\" id=\"style-css-av-klm6i17t-7935b79dfef29b1e2dc1896747d3d0e4\">\n.avia-image-container.av-klm6i17t-7935b79dfef29b1e2dc1896747d3d0e4 img.avia_image{\nbox-shadow:none;\n}\n.avia-image-container.av-klm6i17t-7935b79dfef29b1e2dc1896747d3d0e4 .av-image-caption-overlay-center{\ncolor:#ffffff;\n}\n<\/style>\n<div  class='avia-image-container av-klm6i17t-7935b79dfef29b1e2dc1896747d3d0e4 av-styling- avia-align-center  avia-builder-el-21  avia-builder-el-no-sibling '   itemprop=\"image\" itemscope=\"itemscope\" itemtype=\"https:\/\/schema.org\/ImageObject\" ><div class=\"avia-image-container-inner\"><div class=\"avia-image-overlay-wrap\"><img decoding=\"async\" loading=\"lazy\" class='wp-image-53270 avia-img-lazy-loading-53270 avia_image ' src=\"https:\/\/www.star-ts.com\/wp-content\/uploads\/2014\/08\/STAR-resources-folder1.png\" alt='' title='Book'  height=\"320\" width=\"400\"  itemprop=\"thumbnailUrl\" srcset=\"https:\/\/www.star-ts.com\/wp-content\/uploads\/2014\/08\/STAR-resources-folder1.png 400w, https:\/\/www.star-ts.com\/wp-content\/uploads\/2014\/08\/STAR-resources-folder1-80x64.png 80w, https:\/\/www.star-ts.com\/wp-content\/uploads\/2014\/08\/STAR-resources-folder1-300x240.png 300w\" sizes=\"auto, (max-width: 400px) 100vw, 400px\" \/><\/div><\/div><\/div><\/div>\n<div  class='flex_column av-anxpq3-2-278b05b650723c3cefd62d1ed0cd5a92 av_one_half  avia-builder-el-22  el_after_av_one_half  el_before_av_one_full  flex_column_div  column-top-margin'     ><section  class='av_textblock_section av-8ld67f-dccebab826ed40a79d06c3812ddbe858 '   itemscope=\"itemscope\" itemtype=\"https:\/\/schema.org\/CreativeWork\" ><div class='avia_textblock'  itemprop=\"text\" ><h3>Aistri\u00fach\u00e1n ar Dhoicim\u00e9id Ghn\u00f3<\/h3>\n<\/div><\/section><br \/>\n<section  class='av_textblock_section av-73mdff-0e986d859e6bb473d891d2cffb434bab '   itemscope=\"itemscope\" itemtype=\"https:\/\/schema.org\/CreativeWork\" ><div class='avia_textblock'  itemprop=\"text\" ><p>Is ioma\u00ed cine\u00e1l \u00e9ags\u00fala doicim\u00e9ad gn\u00f3 a n-aistr\u00edmid. C\u00e9 acu a bhfuil g\u00e1 le do thuarasc\u00e1il bhliant\u00fail is d\u00e9ana\u00ed n\u00f3 do l\u00e1mhleabhar AD d\u2019fhostaithe a aistri\u00fa, is f\u00e9idir linn cabhr\u00fa leat. Aistr\u00edmid doicim\u00e9id ghn\u00f3, l\u00e1mhleabhair d\u2019fhostaithe agus faisn\u00e9is AD le cur ar do chumas cumars\u00e1id \u00e9ifeachtach a dh\u00e9anamh le do chuid fostaithe go l\u00e9ir.<\/p>\n<p><a href=\"https:\/\/www.star-ts.com\/translation-services\/documents\/employee-handbooks\/\">Aistri\u00fach\u00e1n ar L\u00e1mhleabhar d\u2019Fhostaithe<\/a><\/p>\n<\/div><\/section><\/p><\/div>\n<div  class='flex_column av-6e6iqz-f520f7ebe148733de2d4cddae6a34219 av_one_full  avia-builder-el-25  el_after_av_one_half  avia-builder-el-last  first flex_column_div  column-top-margin'     ><section  class='av_textblock_section av-dht4r-2155c72e9ccac010cda578fb091e26da '   itemscope=\"itemscope\" itemtype=\"https:\/\/schema.org\/CreativeWork\" ><div class='avia_textblock'  itemprop=\"text\" ><div  class='avia-button-wrap avia-button-center  avia-builder-el-27  avia-builder-el-no-sibling '>\n<style type=\"text\/css\" data-created_by=\"avia_inline_auto\" id=\"style-css-av-35qzor-ceb2f32a3dd515b577d79687bfe94e71\">\n#top #wrap_all .avia-button.av-35qzor-ceb2f32a3dd515b577d79687bfe94e71:hover{\ncolor:white;\ntransition:all 0.4s ease-in-out;\n}\n#top #wrap_all .avia-button.av-35qzor-ceb2f32a3dd515b577d79687bfe94e71:hover .avia-svg-icon svg:first-child{\nfill:white;\nstroke:white;\n}\n<\/style>\n<a href='https:\/\/www.star-ts.com\/ga\/dean-teagmhail\/' class='avia-color-theme-color avia-font-color-theme-color avia-button avia-button-fullwidth av-35qzor-ceb2f32a3dd515b577d79687bfe94e71 avia-icon_select-no avia-color-theme-color'  title=\"Contact Us\" aria-label=\"Contact Us\"><span class='avia_iconbox_title' >D\u00e9an Teagmh\u00e1il Linn<\/span><span class='avia_button_background avia-button avia-button-fullwidth avia-color-theme-color-highlight'><\/span><\/a><\/div>\n<\/div><\/section><\/div>\n","protected":false},"excerpt":{"rendered":"<p>T\u00e1imid ar cheann de na sol\u00e1thraithe seirbh\u00eds\u00ed aistri\u00fach\u00e1in doicim\u00e9ad is m\u00f3 ar domhan. T\u00e1 breis agus 50 oifig agus 950 fosta\u00ed againn ar fud an domhain, is f\u00e9idir linn doicim\u00e9id a shol\u00e1thar i dteanga ar bith, nach m\u00f3r.<\/p>\n","protected":false},"author":1,"featured_media":0,"parent":52811,"menu_order":3,"comment_status":"open","ping_status":"closed","template":"","meta":{"footnotes":""},"class_list":["post-52764","page","type-page","status-publish","hentry"],"_links":{"self":[{"href":"https:\/\/www.star-ts.com\/ga\/wp-json\/wp\/v2\/pages\/52764","targetHints":{"allow":["GET"]}}],"collection":[{"href":"https:\/\/www.star-ts.com\/ga\/wp-json\/wp\/v2\/pages"}],"about":[{"href":"https:\/\/www.star-ts.com\/ga\/wp-json\/wp\/v2\/types\/page"}],"author":[{"embeddable":true,"href":"https:\/\/www.star-ts.com\/ga\/wp-json\/wp\/v2\/users\/1"}],"replies":[{"embeddable":true,"href":"https:\/\/www.star-ts.com\/ga\/wp-json\/wp\/v2\/comments?post=52764"}],"version-history":[{"count":0,"href":"https:\/\/www.star-ts.com\/ga\/wp-json\/wp\/v2\/pages\/52764\/revisions"}],"up":[{"embeddable":true,"href":"https:\/\/www.star-ts.com\/ga\/wp-json\/wp\/v2\/pages\/52811"}],"wp:attachment":[{"href":"https:\/\/www.star-ts.com\/ga\/wp-json\/wp\/v2\/media?parent=52764"}],"curies":[{"name":"wp","href":"https:\/\/api.w.org\/{rel}","templated":true}]}}