{"id":52754,"date":"2024-07-04T14:33:39","date_gmt":"2024-07-04T13:33:39","guid":{"rendered":"https:\/\/www.star-ts.com\/leirmheasanna-custaimeiri\/"},"modified":"2025-01-10T14:30:21","modified_gmt":"2025-01-10T14:30:21","slug":"leirmheasanna-custaimeiri","status":"publish","type":"page","link":"https:\/\/www.star-ts.com\/ga\/leirmheasanna-custaimeiri\/","title":{"rendered":"L\u00e9irmheasanna Custaim\u00e9ir\u00ed"},"content":{"rendered":"\n\n<style type=\"text\/css\" data-created_by=\"avia_inline_auto\" id=\"style-css-av-ia9rmr-3cdb3cc7a942eb948d4c44dfdcf92c7e\">\n.flex_column.av-ia9rmr-3cdb3cc7a942eb948d4c44dfdcf92c7e{\nborder-radius:0px 0px 0px 0px;\npadding:0px 0px 0px 0px;\n}\n<\/style>\n<div  class='flex_column av-ia9rmr-3cdb3cc7a942eb948d4c44dfdcf92c7e av_one_full  avia-builder-el-1  el_after_av_codeblock  el_before_av_one_full  first flex_column_div av-zero-column-padding  '     ><section  class='av_textblock_section av-klmc8pzr-3b0f8616c759a87cffafd8a2c8732d14 '   itemscope=\"itemscope\" itemtype=\"https:\/\/schema.org\/CreativeWork\" ><div class='avia_textblock'  itemprop=\"text\" ><h1>L\u00e9irmheasanna Custaim\u00e9ir\u00ed<\/h1>\n<p>Seo an m\u00e9id a deir \u00e1r gcustaim\u00e9ir\u00ed f\u00fainn.<\/p>\n<p><strong><a href=\"https:\/\/g.page\/startranslation\/review?rc\">Tabhair l\u00e9irmheas ar STAR Translation ar Google<\/a><\/strong><\/p>\n<p>Ba bhre\u00e1 linn d&#8217;aiseolas a chloiste\u00e1il. Cabhra\u00edonn s\u00e9 linn feabhs\u00fa agus cabhr\u00f3idh s\u00e9 le daoine eile at\u00e1 ag lorg seirbh\u00eds\u00ed aistri\u00fach\u00e1in ina bpr\u00f3iseas cinnteoireachta.<\/p>\n<\/div><\/section><\/div>\n\n<style type=\"text\/css\" data-created_by=\"avia_inline_auto\" id=\"style-css-av-n1uw6b-d3fa0957191b093b48994a91f31855cb\">\n.flex_column.av-n1uw6b-d3fa0957191b093b48994a91f31855cb{\nborder-radius:0px 0px 0px 0px;\npadding:0px 0px 0px 0px;\n}\n<\/style>\n<div  class='flex_column av-n1uw6b-d3fa0957191b093b48994a91f31855cb av_one_full  avia-builder-el-3  el_after_av_one_full  avia-builder-el-last  first flex_column_div av-zero-column-padding  column-top-margin'     ><section  class='av_textblock_section av-klmcwo81-4bf23f3074e11f241e7f25b10734b452 '   itemscope=\"itemscope\" itemtype=\"https:\/\/schema.org\/CreativeWork\" ><div class='avia_textblock'  itemprop=\"text\" ><h2><strong>L\u00e9irmheasanna Google:<\/strong><\/h2>\n<\/div><\/section><br \/>\n<br \/>\n<\/p><\/div>\n","protected":false},"excerpt":{"rendered":"<p>L\u00e9irmheasanna Custaim\u00e9ir\u00ed : Seo an m\u00e9id a deir \u00e1r gcustaim\u00e9ir\u00ed f\u00fainn. L\u00e9igh l\u00e9irmheasanna \u00e1r gcustaim\u00e9ir\u00ed ar Google.<\/p>\n","protected":false},"author":1,"featured_media":0,"parent":0,"menu_order":0,"comment_status":"closed","ping_status":"closed","template":"","meta":{"footnotes":""},"class_list":["post-52754","page","type-page","status-publish","hentry"],"_links":{"self":[{"href":"https:\/\/www.star-ts.com\/ga\/wp-json\/wp\/v2\/pages\/52754","targetHints":{"allow":["GET"]}}],"collection":[{"href":"https:\/\/www.star-ts.com\/ga\/wp-json\/wp\/v2\/pages"}],"about":[{"href":"https:\/\/www.star-ts.com\/ga\/wp-json\/wp\/v2\/types\/page"}],"author":[{"embeddable":true,"href":"https:\/\/www.star-ts.com\/ga\/wp-json\/wp\/v2\/users\/1"}],"replies":[{"embeddable":true,"href":"https:\/\/www.star-ts.com\/ga\/wp-json\/wp\/v2\/comments?post=52754"}],"version-history":[{"count":0,"href":"https:\/\/www.star-ts.com\/ga\/wp-json\/wp\/v2\/pages\/52754\/revisions"}],"wp:attachment":[{"href":"https:\/\/www.star-ts.com\/ga\/wp-json\/wp\/v2\/media?parent=52754"}],"curies":[{"name":"wp","href":"https:\/\/api.w.org\/{rel}","templated":true}]}}