{"id":52751,"date":"2024-07-04T14:33:38","date_gmt":"2024-07-04T13:33:38","guid":{"rendered":"https:\/\/www.star-ts.com\/maidir-le\/"},"modified":"2026-01-16T10:32:34","modified_gmt":"2026-01-16T10:32:34","slug":"maidir-le","status":"publish","type":"page","link":"https:\/\/www.star-ts.com\/ga\/maidir-le\/","title":{"rendered":"Maidir le"},"content":{"rendered":"<div id='full_slider_1'  class='avia-fullwidth-slider main_color avia-shadow av-small-hide av-mini-hide  avia-builder-el-0  el_before_av_one_fifth  avia-builder-el-first   container_wrap sidebar_right'  ><div  class='avia-slideshow av-k1j1h7r4-17fad0c04e97232114a4dbde8c055e8e avia-slideshow-featured av_slideshow_full avia-slide-slider av-small-hide av-mini-hide av-slideshow-ui av-control-default av-slideshow-manual av-loop-once av-loop-manual-endless av-default-height-applied   avia-slideshow-1' data-slideshow-options=\"{&quot;animation&quot;:&quot;slide&quot;,&quot;autoplay&quot;:false,&quot;loop_autoplay&quot;:&quot;once&quot;,&quot;interval&quot;:5,&quot;loop_manual&quot;:&quot;manual-endless&quot;,&quot;autoplay_stopper&quot;:false,&quot;noNavigation&quot;:false,&quot;bg_slider&quot;:false,&quot;keep_padding&quot;:false,&quot;hoverpause&quot;:false,&quot;show_slide_delay&quot;:0}\"  itemprop=\"image\" itemscope=\"itemscope\" itemtype=\"https:\/\/schema.org\/ImageObject\" ><ul class='avia-slideshow-inner ' style='padding-bottom: 28.666666666667%;'><li  class='avia-slideshow-slide av-k1j1h7r4-17fad0c04e97232114a4dbde8c055e8e__0  av-single-slide slide-1 slide-odd'><div data-rel='slideshow-1' class='avia-slide-wrap '   ><div class='av-slideshow-caption av-k1j1h7r4-17fad0c04e97232114a4dbde8c055e8e__0 caption_fullwidth caption_center caption_center_framed caption_framed'><div class=\"container caption_container\"><div class=\"slideshow_caption\"><div class=\"slideshow_inner_caption\"><div class=\"slideshow_align_caption\"><h2 class='avia-caption-title '  itemprop=\"name\" >Cur le do Dh\u00edolach\u00e1in Dhomhanda<\/h2><div class='avia-caption-content '  itemprop=\"description\" ><p>F\u00e1s do Ghn\u00f3 go hIdirn\u00e1isi\u00fanta<\/p>\n<\/div><\/div><\/div><\/div><\/div><\/div><img decoding=\"async\" fetchpriority=\"high\" class=\"wp-image-61195 avia-img-lazy-loading-not-61195\"  src=\"https:\/\/www.star-ts.com\/wp-content\/uploads\/2019\/10\/businessman-2682712_1920-1500x430.jpg\" width=\"1500\" height=\"430\" title='fear-gn\u00f3-domhan-an-aistri\u00fach\u00e1in' alt='Aistri\u00fach\u00e1n | Aistritheoir | Ar fud an Domhain'  itemprop=\"thumbnailUrl\"   \/><\/div><\/li><\/ul><\/div><\/div><div id='after_full_slider_1'  class='main_color av_default_container_wrap container_wrap sidebar_right'  ><div class='container av-section-cont-open' ><div class='template-page content  av-content-small alpha units'><div class='post-entry post-entry-type-page post-entry-52751'><div class='entry-content-wrapper clearfix'>\n<div  class='flex_column av-g7jxfb-6e6ec50eeb5e70e42272fb416bac5cd4 av_one_fifth  avia-builder-el-1  el_after_av_slideshow_full  el_before_av_one_fifth  avia-builder-el-first  first flex_column_div  '     ><p>\n<style type=\"text\/css\" data-created_by=\"avia_inline_auto\" id=\"style-css-av-kwxgdpfw-68176cdbb719205ea4b0852d938aedd0\">\n.avia-image-container.av-kwxgdpfw-68176cdbb719205ea4b0852d938aedd0 img.avia_image{\nbox-shadow:none;\n}\n.avia-image-container.av-kwxgdpfw-68176cdbb719205ea4b0852d938aedd0 .av-image-caption-overlay-center{\ncolor:#ffffff;\n}\n<\/style>\n<div  class='avia-image-container av-kwxgdpfw-68176cdbb719205ea4b0852d938aedd0 av-styling- avia-align-center  avia-builder-el-2  el_before_av_textblock  avia-builder-el-first '   itemprop=\"image\" itemscope=\"itemscope\" itemtype=\"https:\/\/schema.org\/ImageObject\" ><div class=\"avia-image-container-inner\"><div class=\"avia-image-overlay-wrap\"><img decoding=\"async\" fetchpriority=\"high\" class='wp-image-61492 avia-img-lazy-loading-not-61492 avia_image ' src=\"https:\/\/www.star-ts.com\/wp-content\/uploads\/software-localization-icon.png\" alt='World Icon' title='World Icon'  height=\"59\" width=\"59\"  itemprop=\"thumbnailUrl\" srcset=\"https:\/\/www.star-ts.com\/wp-content\/uploads\/software-localization-icon.png 59w, https:\/\/www.star-ts.com\/wp-content\/uploads\/software-localization-icon-36x36.png 36w\" sizes=\"(max-width: 59px) 100vw, 59px\" \/><\/div><\/div><\/div><br \/>\n<section  class='av_textblock_section av-kwxgd5ps-a747ca99b1bcb708a8278b9e19a052d5 '   itemscope=\"itemscope\" itemtype=\"https:\/\/schema.org\/CreativeWork\" ><div class='avia_textblock'  itemprop=\"text\" ><p style=\"text-align: center;\"><strong><a href=\"https:\/\/www.star-ts.com\/about\/customer-references\/\">Teistim\u00e9ireachta\u00ed \u00f3 Chustaim\u00e9ir\u00ed<\/a><\/strong><\/p>\n<\/div><\/section><\/p><\/div>\n<div  class='flex_column av-dq21rr-5ae656272341adcd095d03d9dc0c39f5 av_one_fifth  avia-builder-el-4  el_after_av_one_fifth  el_before_av_one_fifth  flex_column_div  '     ><p>\n<style type=\"text\/css\" data-created_by=\"avia_inline_auto\" id=\"style-css-av-bv6n3r-67fdffc98fe0c1a7b543146f6cd151d9\">\n.avia-image-container.av-bv6n3r-67fdffc98fe0c1a7b543146f6cd151d9 img.avia_image{\nbox-shadow:none;\n}\n.avia-image-container.av-bv6n3r-67fdffc98fe0c1a7b543146f6cd151d9 .av-image-caption-overlay-center{\ncolor:#ffffff;\n}\n<\/style>\n<div  class='avia-image-container av-bv6n3r-67fdffc98fe0c1a7b543146f6cd151d9 av-styling- avia-align-center  avia-builder-el-5  el_before_av_textblock  avia-builder-el-first '   itemprop=\"image\" itemscope=\"itemscope\" itemtype=\"https:\/\/schema.org\/ImageObject\" ><div class=\"avia-image-container-inner\"><div class=\"avia-image-overlay-wrap\"><img decoding=\"async\" fetchpriority=\"high\" class='wp-image-61492 avia-img-lazy-loading-not-61492 avia_image ' src=\"https:\/\/www.star-ts.com\/wp-content\/uploads\/software-localization-icon.png\" alt='World Icon' title='World Icon'  height=\"59\" width=\"59\"  itemprop=\"thumbnailUrl\" srcset=\"https:\/\/www.star-ts.com\/wp-content\/uploads\/software-localization-icon.png 59w, https:\/\/www.star-ts.com\/wp-content\/uploads\/software-localization-icon-36x36.png 36w\" sizes=\"(max-width: 59px) 100vw, 59px\" \/><\/div><\/div><\/div><br \/>\n<section  class='av_textblock_section av-kwxgetif-bf7dd112043e0737bd068b82e9917f8d '   itemscope=\"itemscope\" itemtype=\"https:\/\/schema.org\/CreativeWork\" ><div class='avia_textblock'  itemprop=\"text\" ><p style=\"text-align: center;\"><strong><a href=\"https:\/\/www.star-ts.com\/ga\/cen-fath-star\/\">C\u00e9n f\u00e1th STAR?<\/a><\/strong><\/p>\n<\/div><\/section><\/p><\/div>\n<div  class='flex_column av-aopd3b-97b851b1e22c52b7e739a5f4e33e8cb6 av_one_fifth  avia-builder-el-7  el_after_av_one_fifth  el_before_av_one_fifth  flex_column_div  '     ><p>\n<style type=\"text\/css\" data-created_by=\"avia_inline_auto\" id=\"style-css-av-9jmgcn-069e04ca6ed85a91902949e9b0ab7ede\">\n.avia-image-container.av-9jmgcn-069e04ca6ed85a91902949e9b0ab7ede img.avia_image{\nbox-shadow:none;\n}\n.avia-image-container.av-9jmgcn-069e04ca6ed85a91902949e9b0ab7ede .av-image-caption-overlay-center{\ncolor:#ffffff;\n}\n<\/style>\n<div  class='avia-image-container av-9jmgcn-069e04ca6ed85a91902949e9b0ab7ede av-styling- avia-align-center  avia-builder-el-8  el_before_av_textblock  avia-builder-el-first '   itemprop=\"image\" itemscope=\"itemscope\" itemtype=\"https:\/\/schema.org\/ImageObject\" ><div class=\"avia-image-container-inner\"><div class=\"avia-image-overlay-wrap\"><img decoding=\"async\" fetchpriority=\"high\" class='wp-image-61492 avia-img-lazy-loading-not-61492 avia_image ' src=\"https:\/\/www.star-ts.com\/wp-content\/uploads\/software-localization-icon.png\" alt='World Icon' title='World Icon'  height=\"59\" width=\"59\"  itemprop=\"thumbnailUrl\" srcset=\"https:\/\/www.star-ts.com\/wp-content\/uploads\/software-localization-icon.png 59w, https:\/\/www.star-ts.com\/wp-content\/uploads\/software-localization-icon-36x36.png 36w\" sizes=\"(max-width: 59px) 100vw, 59px\" \/><\/div><\/div><\/div><br \/>\n<section  class='av_textblock_section av-kwxgfger-8474580a4abc3f25c90c24fef0c2d304 '   itemscope=\"itemscope\" itemtype=\"https:\/\/schema.org\/CreativeWork\" ><div class='avia_textblock'  itemprop=\"text\" ><p style=\"text-align: center;\"><strong><a href=\"https:\/\/www.star-ts.com\/ga\/maidir-le\/blag\/\">Blag Aistri\u00fach\u00e1in<\/a><\/strong><\/p>\n<\/div><\/section><\/p><\/div>\n<div  class='flex_column av-7gvhcn-21c39b8ce51f459a56797afcc52264d9 av_one_fifth  avia-builder-el-10  el_after_av_one_fifth  el_before_av_one_fifth  flex_column_div  '     ><p>\n<style type=\"text\/css\" data-created_by=\"avia_inline_auto\" id=\"style-css-av-59hbtz-43277b0e8b58cbfefd2eb04087f1e91d\">\n.avia-image-container.av-59hbtz-43277b0e8b58cbfefd2eb04087f1e91d img.avia_image{\nbox-shadow:none;\n}\n.avia-image-container.av-59hbtz-43277b0e8b58cbfefd2eb04087f1e91d .av-image-caption-overlay-center{\ncolor:#ffffff;\n}\n<\/style>\n<div  class='avia-image-container av-59hbtz-43277b0e8b58cbfefd2eb04087f1e91d av-styling- avia-align-center  avia-builder-el-11  el_before_av_textblock  avia-builder-el-first '   itemprop=\"image\" itemscope=\"itemscope\" itemtype=\"https:\/\/schema.org\/ImageObject\" ><div class=\"avia-image-container-inner\"><div class=\"avia-image-overlay-wrap\"><img decoding=\"async\" fetchpriority=\"high\" class='wp-image-61492 avia-img-lazy-loading-not-61492 avia_image ' src=\"https:\/\/www.star-ts.com\/wp-content\/uploads\/software-localization-icon.png\" alt='World Icon' title='World Icon'  height=\"59\" width=\"59\"  itemprop=\"thumbnailUrl\" srcset=\"https:\/\/www.star-ts.com\/wp-content\/uploads\/software-localization-icon.png 59w, https:\/\/www.star-ts.com\/wp-content\/uploads\/software-localization-icon-36x36.png 36w\" sizes=\"(max-width: 59px) 100vw, 59px\" \/><\/div><\/div><\/div><br \/>\n<section  class='av_textblock_section av-kwxgfz18-65154d89f89456e53c6b01af6609dbed '   itemscope=\"itemscope\" itemtype=\"https:\/\/schema.org\/CreativeWork\" ><div class='avia_textblock'  itemprop=\"text\" ><p style=\"text-align: center;\"><strong><a href=\"https:\/\/www.star-ts.com\/about\/jobs\/\">Poist<\/a><\/strong><\/p>\n<\/div><\/section><\/p><\/div>\n<div  class='flex_column av-3hfauv-8df89ba850ba27673666b6f5a34f4d7a av_one_fifth  avia-builder-el-13  el_after_av_one_fifth  el_before_av_one_full  flex_column_div  '     ><p>\n<style type=\"text\/css\" data-created_by=\"avia_inline_auto\" id=\"style-css-av-9kcjb-0827c74d4399275485f89ef562836db8\">\n.avia-image-container.av-9kcjb-0827c74d4399275485f89ef562836db8 img.avia_image{\nbox-shadow:none;\n}\n.avia-image-container.av-9kcjb-0827c74d4399275485f89ef562836db8 .av-image-caption-overlay-center{\ncolor:#ffffff;\n}\n<\/style>\n<div  class='avia-image-container av-9kcjb-0827c74d4399275485f89ef562836db8 av-styling- avia-align-center  avia-builder-el-14  el_before_av_textblock  avia-builder-el-first '   itemprop=\"image\" itemscope=\"itemscope\" itemtype=\"https:\/\/schema.org\/ImageObject\" ><div class=\"avia-image-container-inner\"><div class=\"avia-image-overlay-wrap\"><img decoding=\"async\" fetchpriority=\"high\" class='wp-image-61492 avia-img-lazy-loading-not-61492 avia_image ' src=\"https:\/\/www.star-ts.com\/wp-content\/uploads\/software-localization-icon.png\" alt='World Icon' title='World Icon'  height=\"59\" width=\"59\"  itemprop=\"thumbnailUrl\" srcset=\"https:\/\/www.star-ts.com\/wp-content\/uploads\/software-localization-icon.png 59w, https:\/\/www.star-ts.com\/wp-content\/uploads\/software-localization-icon-36x36.png 36w\" sizes=\"(max-width: 59px) 100vw, 59px\" \/><\/div><\/div><\/div><br \/>\n<section  class='av_textblock_section av-kwxggrw6-2a65de680b1b998c2371dadc671a6613 '   itemscope=\"itemscope\" itemtype=\"https:\/\/schema.org\/CreativeWork\" ><div class='avia_textblock'  itemprop=\"text\" ><p style=\"text-align: center;\"><strong><a href=\"https:\/\/www.star-ts.com\/about\/payment\/\">D\u00e9an \u00cdoca\u00edocht<\/a><\/strong><\/p>\n<\/div><\/section><\/p><\/div>\n<p>\n<style type=\"text\/css\" data-created_by=\"avia_inline_auto\" id=\"style-css-av-ahgaxz-8c8ce2147b87757624d0a0ab1bd4bb5a\">\n.flex_column.av-ahgaxz-8c8ce2147b87757624d0a0ab1bd4bb5a{\nborder-radius:0px 0px 0px 0px;\npadding:0px 0px 0px 0px;\n}\n<\/style>\n<div  class='flex_column av-ahgaxz-8c8ce2147b87757624d0a0ab1bd4bb5a av_one_full  avia-builder-el-16  el_after_av_one_fifth  el_before_av_one_half  first flex_column_div av-zero-column-padding  column-top-margin'     ><section  class='av_textblock_section av-19qrtiv-910241feb0257e42c4d374023846b3df '   itemscope=\"itemscope\" itemtype=\"https:\/\/schema.org\/CreativeWork\" ><div class='avia_textblock'  itemprop=\"text\" ><h1>Services and Markets<\/h1>\n<p>With more than 50 offices in over 30 countries, we translate your content to help you reach new customers.<\/p>\n<p>For over four decades STAR has provided language content to our clients serving Australia, Canada, Denmark, Finland, Ireland, Netherlands, New Zealand, Norway, Sweden, Switzerland and the United States of America.<\/p>\n<\/div><\/section><br \/>\n\n<style type=\"text\/css\" data-created_by=\"avia_inline_auto\" id=\"style-css-av-m0xn1n85-3a00a54bf9bf07db8aa0dce8ba84168d\">\n.avia-video.av-m0xn1n85-3a00a54bf9bf07db8aa0dce8ba84168d{\nbackground-image:url(https:\/\/www.star-ts.com\/wp-content\/uploads\/dynamic_avia\/avia_video_thumbnails\/youtube\/PLGqWTR_EhE\/PLGqWTR_EhE-300x169.jpg);\n}\n<\/style>\n<div  class='avia-video av-m0xn1n85-3a00a54bf9bf07db8aa0dce8ba84168d avia-video-16-9 av-small-hide av-mini-hide av-preview-image avia-video-load-always avia-video-html5'  itemprop=\"video\" itemtype=\"https:\/\/schema.org\/VideoObject\"  data-original_url='https:\/\/www.star-ts.com\/wp-content\/uploads\/STAR-Future-Translation.mp4'><video class='avia_video' poster=\"https:\/\/www.star-ts.com\/wp-content\/uploads\/dynamic_avia\/avia_video_thumbnails\/youtube\/PLGqWTR_EhE\/PLGqWTR_EhE-300x169.jpg\" autoplay playsinline  preload=\"auto\" muted controls id='player_52751_1388414132_2049094006'><source src='https:\/\/www.star-ts.com\/wp-content\/uploads\/STAR-Future-Translation.mp4' type='video\/mp4' \/><\/video><\/div><\/p><\/div>\n<style type=\"text\/css\" data-created_by=\"avia_inline_auto\" id=\"style-css-av-17f827b-d880bef81056a72227febc38001653d8\">\n.flex_column.av-17f827b-d880bef81056a72227febc38001653d8{\nborder-radius:0px 0px 0px 0px;\npadding:0px 0px 0px 0px;\n}\n<\/style>\n<div  class='flex_column av-17f827b-d880bef81056a72227febc38001653d8 av_one_half  avia-builder-el-19  el_after_av_one_full  el_before_av_one_half  first flex_column_div av-zero-column-padding  column-top-margin'     ><section  class='av_textblock_section av-16dfw5j-90c7e7ef725fe6aa8d99d2a8ce123a52 '   itemscope=\"itemscope\" itemtype=\"https:\/\/schema.org\/CreativeWork\" ><div class='avia_textblock'  itemprop=\"text\" ><h3>Seirbh\u00eds\u00ed agus C\u00f3rais<\/h3>\n<p><strong>Doicim\u00e9id agus su\u00edomhanna gr\u00e9as\u00e1in<br \/>\n<\/strong><\/p>\n<ul>\n<li>Aistri\u00fach\u00e1n gairmi\u00fail do dhoicim\u00e9id agus do shu\u00edomhanna gr\u00e9as\u00e1in in os cionn 200 teanga. Oibr\u00edmid leis an Rialtas agus le gn\u00f3lachta\u00ed tr\u00e1cht\u00e1la.<\/li>\n<\/ul>\n<p><strong>D\u00edolach\u00e1n agus Marga\u00edocht <\/strong><\/p>\n<ul>\n<li>Lig d\u00fainn do bhr\u00f3isi\u00fair, d\u2019\u00e1bhar bolscaireachta agus do shu\u00edomh gr\u00e9as\u00e1in a aistri\u00fa chun l\u00edon n\u00edos airde custaim\u00e9ir\u00ed idirn\u00e1isi\u00fanta a fh\u00e1il.<\/li>\n<\/ul>\n<p><strong>Doicim\u00e9id Theicni\u00fala <\/strong><\/p>\n<ul>\n<li>Aistr\u00edmid l\u00e1mhleabhair, bileoga eolais agus doicim\u00e9id theicni\u00fala chun cabhr\u00fa le custaim\u00e9ir\u00ed gach aon tairbhe a bhaint as a dt\u00e1irg\u00ed.<\/li>\n<\/ul>\n<p><strong>C\u00f3rais Bogearra\u00ed <\/strong><\/p>\n<ul>\n<li>Agus muid ag obair le c\u00f3rais bhainist\u00edochta inneachair \u00e9ags\u00fala, le forbairt bogearra\u00ed agus le foirne log\u00e1naithe, is f\u00e9idir linn beocht a chur i do ch\u00f3ras ar fud na cruinne.<\/li>\n<\/ul>\n<p><strong>Foilsitheoireacht Ilteangach Deisce <\/strong><\/p>\n<ul>\n<li>Is f\u00e9idir linn cabhr\u00fa leat do dhoicim\u00e9id agus do leagan amach teicni\u00fail a chur ar f\u00e1il i dteanga ar bith. Oibr\u00edmid le pr\u00edomhch\u00f3rais an domhain lena n-\u00e1ir\u00edtear Adobe Creative Cloud, QuarkXpress, FrameMaker agus go leor eile.<\/li>\n<\/ul>\n<\/div><\/section><\/div><\/p>\n\n<style type=\"text\/css\" data-created_by=\"avia_inline_auto\" id=\"style-css-av-14k82jr-10d24a8d539c4526ea1dcbf93cf39c51\">\n.flex_column.av-14k82jr-10d24a8d539c4526ea1dcbf93cf39c51{\nborder-radius:0px 0px 0px 0px;\npadding:0px 0px 0px 0px;\n}\n<\/style>\n<div  class='flex_column av-14k82jr-10d24a8d539c4526ea1dcbf93cf39c51 av_one_half  avia-builder-el-21  el_after_av_one_half  el_before_av_one_full  flex_column_div av-zero-column-padding  column-top-margin'     ><section  class='av_textblock_section av-13e0v6v-b17e867d1a0dd1dc104186208d969720 '   itemscope=\"itemscope\" itemtype=\"https:\/\/schema.org\/CreativeWork\" ><div class='avia_textblock'  itemprop=\"text\" ><h3>C\u00e9n f\u00e1th STAR?<\/h3>\n<p><strong>Ionad Ilfhreastail <\/strong><\/p>\n<ul>\n<li>Is \u00e9asca a bh\u00edonn cumars\u00e1id le STAR. T\u00e1imid tapa agus iontaofa, oilte go teicni\u00fail agus t\u00e1 an saineolas earn\u00e1la \u00e1bhartha a theasta\u00edonn uait againn.<\/li>\n<\/ul>\n<p><strong>C\u00e1il\u00edocht Dheimhnithe <\/strong><\/p>\n<ul>\n<li>Sol\u00e1thra\u00edmid c\u00e1il\u00edocht aistri\u00fach\u00e1in chomhsheasmhach agus praghs\u00e1il ioma\u00edoch. Bainimid leas as aistritheoir\u00ed ar cainteoir\u00ed d\u00fachais iad le go mbeadh an caighde\u00e1n aistri\u00fach\u00e1in ag an leibh\u00e9al is airde is f\u00e9idir leis a bheith.<\/li>\n<\/ul>\n<p><strong>Bainist\u00edocht Tionscadail Den Scoth <\/strong><\/p>\n<ul>\n<li>Gheobhaidh t\u00fa bainisteoir tionscadail tiomnaithe; at\u00e1 d\u00edrithe ar an gcustaim\u00e9ir, mac\u00e1nta agus ar f\u00e1il nuair a theasta\u00edonn siad uait. Mar sin, beidh t\u00fa i gc\u00f3na\u00ed ar an mb\u00f3thar ceart.<\/li>\n<\/ul>\n<\/div><\/section><\/div>\n\n<style type=\"text\/css\" data-created_by=\"avia_inline_auto\" id=\"style-css-av-11szr5j-c8aaf4f42e6a2a60217fc689ee3ac23b\">\n.flex_column.av-11szr5j-c8aaf4f42e6a2a60217fc689ee3ac23b{\nborder-radius:0px 0px 0px 0px;\npadding:0px 0px 0px 0px;\n}\n<\/style>\n<div  class='flex_column av-11szr5j-c8aaf4f42e6a2a60217fc689ee3ac23b av_one_full  avia-builder-el-23  el_after_av_one_half  el_before_av_one_full  first flex_column_div av-zero-column-padding  column-top-margin'     ><section  class='av_textblock_section av-cug2v-bd6352501c20ef8ea669b5bfd921d3fe '   itemscope=\"itemscope\" itemtype=\"https:\/\/schema.org\/CreativeWork\" ><div class='avia_textblock'  itemprop=\"text\" ><h3>\u00c1r gCustaim\u00e9ir\u00ed<\/h3>\n<p>Oibr\u00edmid le cliaint i r\u00e9ims\u00ed \u00e9ags\u00fala lena n-\u00e1ir\u00edtear marga\u00edocht dhigiteach, teicneola\u00edocht na talmha\u00edochta, innealt\u00f3ireacht theicni\u00fail, innealra agus foilsitheoireacht bogearra\u00ed. I measc na gcustaim\u00e9ir\u00ed t\u00e1 <strong>BMW<\/strong>, <strong>CRH<\/strong>, <strong>Hilti<\/strong>, <strong>APC<\/strong>, <strong>Schneider Electric<\/strong>, <strong>Cummins<\/strong>, <strong>FG Wilson<\/strong>, <strong>IDA Ireland<\/strong>, <strong>International Dairy Queen<\/strong>, <strong>Kingspan<\/strong>, <strong>Tomra<\/strong>, <strong>TRW<\/strong> agus cuid mh\u00f3r eile.<\/p>\n<\/div><\/section><\/div>\n\n<style type=\"text\/css\" data-created_by=\"avia_inline_auto\" id=\"style-css-av-xaamo7-d0464085e2cb199c3d8132d9bed4146b\">\n.flex_column.av-xaamo7-d0464085e2cb199c3d8132d9bed4146b{\nborder-radius:0px 0px 0px 0px;\npadding:0px 0px 0px 0px;\n}\n<\/style>\n<div  class='flex_column av-xaamo7-d0464085e2cb199c3d8132d9bed4146b av_one_full  avia-builder-el-25  el_after_av_one_full  el_before_av_one_full  first flex_column_div av-zero-column-padding  column-top-margin'     ><section  class='av_textblock_section av-kke622ts-7e15d354c96490f5cf76a88605e081d1 '   itemscope=\"itemscope\" itemtype=\"https:\/\/schema.org\/CreativeWork\" ><div class='avia_textblock'  itemprop=\"text\" ><h3>Seirbh\u00eds\u00ed Aistri\u00fach\u00e1in<\/h3>\n<p>T\u00e1 saineolas againn ar an aistri\u00fach\u00e1n teicni\u00fail agus cabhra\u00edmid len\u00e1r gcustaim\u00e9ir\u00ed foilseach\u00e1in theicni\u00fala iontacha a chur ar f\u00e1il ar fud an domhain.<\/p>\n<p>Seirbh\u00eds\u00ed Aistri\u00fach\u00e1in do:<\/p>\n<ul>\n<li>WordPress, DNN Evoq, Joomla, Adobe AEM etc.<\/li>\n<li>Adobe InDesign agus FrameMaker; Microsoft Word, Excel agus PowerPoint; QuarkXpress<\/li>\n<li>XML; XLIFF; ASP; HTML agus cuid mh\u00f3r eile<\/li>\n<\/ul>\n<\/div><\/section><br \/>\n<section  class='av_textblock_section av-ky8ydld7-8e779c11c128747cd35e54381f406fd8 '   itemscope=\"itemscope\" itemtype=\"https:\/\/schema.org\/CreativeWork\" ><div class='avia_textblock'  itemprop=\"text\" ><h3>Ainmneacha Tr\u00e1d\u00e1la<\/h3>\n<p>D\u00e9anann an chuideachta tr\u00e1d\u00e1il faoi na hainmneacha seo a leanas.<\/p>\n<p>Is faoi <strong><a href=\"https:\/\/www.star-ts.com\/ga\/maidir-le\/key-performance-solutions-limited\/\">Key Performance Solutions Limited <\/a><\/strong>at\u00e1 cl\u00e1r\u00fa oifigi\u00fail na cuideachta.<\/p>\n<p>D\u00e9anaimid tr\u00e1d\u00e1il faoin ainm <strong>STAR Translation Services<\/strong> agus faoi <strong>STAR Technology Solutions<\/strong>.<\/p>\n<\/div><\/section><\/p><\/div>\n<div  class='flex_column av-29cxz-dd98d4a63592beefb9f457a198be344c av_one_full  avia-builder-el-28  el_after_av_one_full  avia-builder-el-last  first flex_column_div  column-top-margin'     ><section  class='av_textblock_section av-43ohg7-dbfff5385f47723fe978891c8db1db1a '   itemscope=\"itemscope\" itemtype=\"https:\/\/schema.org\/CreativeWork\" ><div class='avia_textblock'  itemprop=\"text\" ><div  class='avia-button-wrap avia-button-center  avia-builder-el-30  avia-builder-el-no-sibling '>\n<style type=\"text\/css\" data-created_by=\"avia_inline_auto\" id=\"style-css-av-29tasn-520ec8b3e2d1908828a525aa02d31697\">\n#top #wrap_all .avia-button.av-29tasn-520ec8b3e2d1908828a525aa02d31697:hover{\ncolor:white;\ntransition:all 0.4s ease-in-out;\n}\n#top #wrap_all .avia-button.av-29tasn-520ec8b3e2d1908828a525aa02d31697:hover .avia-svg-icon svg:first-child{\nfill:white;\nstroke:white;\n}\n<\/style>\n<a href='https:\/\/www.star-ts.com\/ga\/dean-teagmhail\/' class='avia-color-theme-color avia-font-color-theme-color avia-button avia-button-fullwidth av-29tasn-520ec8b3e2d1908828a525aa02d31697 avia-icon_select-no avia-color-theme-color'  title=\"Contact Us\" aria-label=\"Contact Us\"><span class='avia_iconbox_title' >D\u00e9an teagmh\u00e1il linn<\/span><span class='avia_button_background avia-button avia-button-fullwidth avia-color-theme-color-highlight'><\/span><\/a><\/div>\n<\/div><\/section><\/div>\n","protected":false},"excerpt":{"rendered":"<p>Eolas faoi STAR:  Aistr\u00edmid doicim\u00e9id, su\u00edomhanna gr\u00e9as\u00e1in agus br\u00f3isi\u00fair go n\u00edos m\u00f3 n\u00e1 200 teanga \u2014 Cuir le do dh\u00edolach\u00e1in dhomhanda inniu.<\/p>\n","protected":false},"author":1,"featured_media":61195,"parent":0,"menu_order":5,"comment_status":"closed","ping_status":"closed","template":"","meta":{"footnotes":""},"class_list":["post-52751","page","type-page","status-publish","has-post-thumbnail","hentry"],"_links":{"self":[{"href":"https:\/\/www.star-ts.com\/ga\/wp-json\/wp\/v2\/pages\/52751","targetHints":{"allow":["GET"]}}],"collection":[{"href":"https:\/\/www.star-ts.com\/ga\/wp-json\/wp\/v2\/pages"}],"about":[{"href":"https:\/\/www.star-ts.com\/ga\/wp-json\/wp\/v2\/types\/page"}],"author":[{"embeddable":true,"href":"https:\/\/www.star-ts.com\/ga\/wp-json\/wp\/v2\/users\/1"}],"replies":[{"embeddable":true,"href":"https:\/\/www.star-ts.com\/ga\/wp-json\/wp\/v2\/comments?post=52751"}],"version-history":[{"count":0,"href":"https:\/\/www.star-ts.com\/ga\/wp-json\/wp\/v2\/pages\/52751\/revisions"}],"wp:featuredmedia":[{"embeddable":true,"href":"https:\/\/www.star-ts.com\/ga\/wp-json\/wp\/v2\/media\/61195"}],"wp:attachment":[{"href":"https:\/\/www.star-ts.com\/ga\/wp-json\/wp\/v2\/media?parent=52751"}],"curies":[{"name":"wp","href":"https:\/\/api.w.org\/{rel}","templated":true}]}}