{"id":52740,"date":"2024-07-04T14:33:34","date_gmt":"2024-07-04T13:33:34","guid":{"rendered":"https:\/\/www.star-ts.com\/nior-aimsiodh-leathanach-404\/"},"modified":"2025-11-05T13:16:28","modified_gmt":"2025-11-05T13:16:28","slug":"nior-aimsiodh-leathanach-404","status":"publish","type":"page","link":"https:\/\/www.star-ts.com\/ga\/nior-aimsiodh-leathanach-404\/","title":{"rendered":"N\u00edor Aims\u00edodh Leathanach 404"},"content":{"rendered":"<p>\n<style type=\"text\/css\" data-created_by=\"avia_inline_auto\" id=\"style-css-av-36uf6yk-b7ff538ba3d5a1084aaeadecfae7aa10\">\n.flex_column.av-36uf6yk-b7ff538ba3d5a1084aaeadecfae7aa10{\nborder-radius:0px 0px 0px 0px;\npadding:0px 0px 0px 0px;\n}\n<\/style>\n<div  class='flex_column av-36uf6yk-b7ff538ba3d5a1084aaeadecfae7aa10 av_two_fifth  avia-builder-el-0  el_before_av_three_fifth  avia-builder-el-first  first flex_column_div av-zero-column-padding  '     ><style type=\"text\/css\" data-created_by=\"avia_inline_auto\" id=\"style-css-av-kl0w7lvb-799c5318867a0aa2f398336d052519b2\">\n.avia-image-container.av-kl0w7lvb-799c5318867a0aa2f398336d052519b2 img.avia_image{\nbox-shadow:none;\n}\n.avia-image-container.av-kl0w7lvb-799c5318867a0aa2f398336d052519b2 .av-image-caption-overlay-center{\ncolor:#ffffff;\n}\n<\/style>\n<div  class='avia-image-container av-kl0w7lvb-799c5318867a0aa2f398336d052519b2 av-styling- avia-align-center  avia-builder-el-1  avia-builder-el-no-sibling '   itemprop=\"image\" itemscope=\"itemscope\" itemtype=\"https:\/\/schema.org\/ImageObject\" ><div class=\"avia-image-container-inner\"><div class=\"avia-image-overlay-wrap\"><img decoding=\"async\" fetchpriority=\"high\" class='wp-image-54077 avia-img-lazy-loading-not-54077 avia_image ' src=\"https:\/\/www.star-ts.com\/wp-content\/uploads\/2017\/09\/Q20-thinking-2681494_640.jpg\" alt='Person looking lost and confused' title='Person looking lost and confused'  height=\"427\" width=\"640\"  itemprop=\"thumbnailUrl\" srcset=\"https:\/\/www.star-ts.com\/wp-content\/uploads\/2017\/09\/Q20-thinking-2681494_640.jpg 640w, https:\/\/www.star-ts.com\/wp-content\/uploads\/2017\/09\/Q20-thinking-2681494_640-80x53.jpg 80w, https:\/\/www.star-ts.com\/wp-content\/uploads\/2017\/09\/Q20-thinking-2681494_640-300x200.jpg 300w, https:\/\/www.star-ts.com\/wp-content\/uploads\/2017\/09\/Q20-thinking-2681494_640-450x300.jpg 450w\" sizes=\"(max-width: 640px) 100vw, 640px\" \/><\/div><\/div><\/div><\/div>\n<style type=\"text\/css\" data-created_by=\"avia_inline_auto\" id=\"style-css-av-2gf92ws-9e87b86b9ead58d67c82092f8708bed7\">\n.flex_column.av-2gf92ws-9e87b86b9ead58d67c82092f8708bed7{\nborder-radius:0px 0px 0px 0px;\npadding:0px 0px 0px 0px;\n}\n<\/style>\n<div  class='flex_column av-2gf92ws-9e87b86b9ead58d67c82092f8708bed7 av_three_fifth  avia-builder-el-2  el_after_av_two_fifth  el_before_av_one_full  flex_column_div av-zero-column-padding  '     ><section  class='av_textblock_section av-kl0wb8vs-fbd8a45f44f2bea0c0ba9a5908b873cd '   itemscope=\"itemscope\" itemtype=\"https:\/\/schema.org\/CreativeWork\" ><div class='avia_textblock'  itemprop=\"text\" ><h1>\u00daps!<\/h1>\n<p>T\u00e1 an chuma air n\u00e1r aims\u00edodh an leathanach a chuardaigh t\u00fa.<\/p>\n<p>D\u00e9animid \u00e1r su\u00edomh gr\u00e9as\u00e1in cothrom le d\u00e1ta go minic agus uaireanta cuirimid \u00e1bhar nua ar \u00e1r leathanaigh.\u00a0Seo a leanas roinnt molta\u00ed maidir le h\u00e1bhar coitianta chun cabhr\u00fa leat tos\u00fa an athuair.<\/p>\n<ul>\n<li><a href=\"https:\/\/www.star-ts.com\/translation-services\/technical-translation\/\">Seirbh\u00eds\u00ed Aistri\u00fach\u00e1in Theicni\u00fail<\/a><\/li>\n<li><a href=\"https:\/\/www.star-ts.com\/ga\/aistriuchan-indesign\/\">Aistri\u00fach\u00e1n InDesign<\/a><\/li>\n<li><a href=\"https:\/\/www.star-ts.com\/how-do-you-translate-a-wordpress-website-with-wpml\/\">Aistri\u00fach\u00e1n WordPress<\/a><\/li>\n<li><a href=\"https:\/\/www.star-ts.com\/about\/jobs\/\">Poist<\/a><\/li>\n<li><a href=\"https:\/\/cloud.star-ts.com\">Log\u00e1il Isteach N\u00e9alaistri\u00fach\u00e1n STAR<\/a><\/li>\n<li><a href=\"https:\/\/www.star-ts.com\/academy\/\">Acadamh Oili\u00fana (N\u00e9al, Aistri\u00fach\u00e1n, Log\u00e1n\u00fa)<\/a><\/li>\n<\/ul>\n<\/div><\/section><\/div><div  class='flex_column av-1i24h0c-2c52c862d28aed880054b134df0251a8 av_one_full  avia-builder-el-4  el_after_av_three_fifth  avia-builder-el-last  first flex_column_div  '     ><section  class='av_textblock_section av-150ywbg-43f494bcb3206b628cd80aeb78808903 '   itemscope=\"itemscope\" itemtype=\"https:\/\/schema.org\/CreativeWork\" ><div class='avia_textblock'  itemprop=\"text\" ><div  class='avia-button-wrap avia-button-center  avia-builder-el-6  avia-builder-el-no-sibling '>\n<style type=\"text\/css\" data-created_by=\"avia_inline_auto\" id=\"style-css-av-q5dcik-be24492804bcb6f866e6717af3bcf8fd\">\n#top #wrap_all .avia-button.av-q5dcik-be24492804bcb6f866e6717af3bcf8fd:hover{\ncolor:white;\ntransition:all 0.4s ease-in-out;\n}\n#top #wrap_all .avia-button.av-q5dcik-be24492804bcb6f866e6717af3bcf8fd:hover .avia-svg-icon svg:first-child{\nfill:white;\nstroke:white;\n}\n<\/style>\n<a href='https:\/\/www.star-ts.com\/ga\/dean-teagmhail\/' class='avia-color-theme-color avia-font-color-theme-color avia-button avia-button-fullwidth av-q5dcik-be24492804bcb6f866e6717af3bcf8fd avia-icon_select-no avia-color-theme-color'  title=\"Contact Us\" aria-label=\"Contact Us\"><span class='avia_iconbox_title' >D\u00e9an Teagmh\u00e1il Linn<\/span><span class='avia_button_background avia-button avia-button-fullwidth avia-color-theme-color-highlight'><\/span><\/a><\/div>\n<\/div><\/section><\/div><\/p>\n","protected":false},"excerpt":{"rendered":"<p>\u00daps &#8211; T\u00e1 an chuma ar an sc\u00e9al n\u00e1r aims\u00edodh an leathanach a chuardaigh t\u00fa. Is minic a dh\u00e9anaimid \u00e1r su\u00edomh gr\u00e9as\u00e1in a nuashonr\u00fa agus uaireanta cuirimid \u00e1bhar nua in ionad leathanach. F\u00e1gann sin gur f\u00e9idir linn rud \u00e9igin a chailleadh \u00f3 am go ch\u00e9ile agus cailltear an nasc.<\/p>\n","protected":false},"author":1,"featured_media":54077,"parent":0,"menu_order":0,"comment_status":"closed","ping_status":"closed","template":"","meta":{"footnotes":""},"class_list":["post-52740","page","type-page","status-publish","has-post-thumbnail","hentry"],"_links":{"self":[{"href":"https:\/\/www.star-ts.com\/ga\/wp-json\/wp\/v2\/pages\/52740","targetHints":{"allow":["GET"]}}],"collection":[{"href":"https:\/\/www.star-ts.com\/ga\/wp-json\/wp\/v2\/pages"}],"about":[{"href":"https:\/\/www.star-ts.com\/ga\/wp-json\/wp\/v2\/types\/page"}],"author":[{"embeddable":true,"href":"https:\/\/www.star-ts.com\/ga\/wp-json\/wp\/v2\/users\/1"}],"replies":[{"embeddable":true,"href":"https:\/\/www.star-ts.com\/ga\/wp-json\/wp\/v2\/comments?post=52740"}],"version-history":[{"count":0,"href":"https:\/\/www.star-ts.com\/ga\/wp-json\/wp\/v2\/pages\/52740\/revisions"}],"wp:featuredmedia":[{"embeddable":true,"href":"https:\/\/www.star-ts.com\/ga\/wp-json\/wp\/v2\/media\/54077"}],"wp:attachment":[{"href":"https:\/\/www.star-ts.com\/ga\/wp-json\/wp\/v2\/media?parent=52740"}],"curies":[{"name":"wp","href":"https:\/\/api.w.org\/{rel}","templated":true}]}}