{"id":52739,"date":"2024-07-04T14:33:34","date_gmt":"2024-07-04T13:33:34","guid":{"rendered":"https:\/\/www.star-ts.com\/dean-teagmhail\/"},"modified":"2025-11-05T13:16:02","modified_gmt":"2025-11-05T13:16:02","slug":"dean-teagmhail","status":"publish","type":"page","link":"https:\/\/www.star-ts.com\/ga\/dean-teagmhail\/","title":{"rendered":"D\u00e9an Teagmh\u00e1il"},"content":{"rendered":"\n<style type=\"text\/css\" data-created_by=\"avia_inline_auto\" id=\"style-css-av-g5n4es-714e6f5461433d12af409ed6e6fea714\">\n.flex_column.av-g5n4es-714e6f5461433d12af409ed6e6fea714{\nborder-radius:0px 0px 0px 0px;\npadding:0px 0px 0px 0px;\n}\n<\/style>\n<div  class='flex_column av-g5n4es-714e6f5461433d12af409ed6e6fea714 av_one_half  avia-builder-el-0  el_before_av_one_half  avia-builder-el-first  first flex_column_div av-zero-column-padding  '     ><section  class='av_textblock_section av-dj0238-9dfc0a3b69269082266bc3e224176a65 '   itemscope=\"itemscope\" itemtype=\"https:\/\/schema.org\/CreativeWork\" ><div class='avia_textblock'  itemprop=\"text\" ><p><center><\/p>\n<div class=\"pipedriveWebForms\" data-pd-webforms=\"https:\/\/webforms.pipedrive.com\/f\/1rq6JcvC0LCximVxJVQUL6tBbpCe7kdneRPRutggRawnEnN91PuUIoQCf9D8pwyBB\"><script src=\"https:\/\/webforms.pipedrive.com\/f\/loader\"><\/script><\/div>\n<p><\/center><\/p>\n<\/div><\/section><\/div>\n\n<style type=\"text\/css\" data-created_by=\"avia_inline_auto\" id=\"style-css-av-2k4itw-dded8ae8647fef03bd845d7e6bdc38fc\">\n.flex_column.av-2k4itw-dded8ae8647fef03bd845d7e6bdc38fc{\nborder-radius:0px 0px 0px 0px;\npadding:0px 0px 0px 0px;\n}\n<\/style>\n<div  class='flex_column av-2k4itw-dded8ae8647fef03bd845d7e6bdc38fc av_one_half  avia-builder-el-2  el_after_av_one_half  avia-builder-el-last  flex_column_div av-zero-column-padding  '     ><section  class='av_textblock_section av-3jcqp0-66fd4cd76260496188e0c49f2e5ec722 '   itemscope=\"itemscope\" itemtype=\"https:\/\/schema.org\/CreativeWork\" ><div class='avia_textblock'  itemprop=\"text\" ><h2 style=\"text-align: center;\"><strong>Seol r\u00edomhphost chuig \u00e1r bhfoireann seirbh\u00edse<br \/>\n<\/strong><\/h2>\n<p style=\"text-align: center;\"><strong>Ceisteanna d\u00edolach\u00e1in chuig: sales@star-ts.com<\/strong><\/p>\n<h2 style=\"text-align: center;\">Tabhair cuairt orainn<\/h2>\n<p style=\"text-align: center;\"><strong>Seirbh\u00eds\u00ed Aistri\u00fach\u00e1in STAR<\/strong><\/p>\n<p style=\"text-align: center;\">Teach Riverdale, Pr\u00edomhshr\u00e1id, Cluain Aodha,<br \/>\nContae na M\u00ed, D15 YT3Y, \u00c9ire<\/p>\n<\/div><\/section><br \/>\n<section  class='av_textblock_section av-kz8iasx6-e3cc599e3c4e3c88330ef993eefc98d0 '   itemscope=\"itemscope\" itemtype=\"https:\/\/schema.org\/CreativeWork\" ><div class='avia_textblock'  itemprop=\"text\" ><h2 style=\"text-align: center;\">Cuir Glaoch Orainn<\/h2>\n<p style=\"text-align: center;\"><strong>\u00c9ire:<\/strong> +353 1 8365614<\/p>\n<\/div><\/section><br \/>\n<section  class='av_textblock_section av-kz8i9vvr-10ea6f35d9357fea7fabb1538170c2f7 '   itemscope=\"itemscope\" itemtype=\"https:\/\/schema.org\/CreativeWork\" ><div class='avia_textblock'  itemprop=\"text\" ><h2 style=\"text-align: center;\">Cl\u00e1r\u00fa Aistritheora<\/h2>\n<p style=\"text-align: center;\"><strong>Cl\u00e1raigh mar shaoraistritheoir anseo: <\/strong><\/p>\n<\/div><\/section><br \/>\n<div  class='avia-button-wrap av-203abo-8132e8642edd4529953515529b597a66-wrap avia-button-center  avia-builder-el-6  el_after_av_textblock  avia-builder-el-last '><a href='https:\/\/www.star-ts.com\/about\/jobs\/freelance-translator-application-form\/'  class='avia-button av-203abo-8132e8642edd4529953515529b597a66 av-link-btn avia-icon_select-yes-left-icon avia-size-large avia-position-center avia-color-orange'   aria-label=\"Cl\u00e1raigh\"><span class='avia_button_icon avia_button_icon_left avia-iconfont avia-font-entypo-fontello' data-av_icon='\ue80c' data-av_iconfont='entypo-fontello' ><\/span><span class='avia_iconbox_title' >Cl\u00e1raigh<\/span><\/a><\/div><\/p><\/div>\n","protected":false},"excerpt":{"rendered":"<p>T\u00e1 STAR ar cheann de na cuideachta\u00ed aistri\u00fach\u00e1in is m\u00f3 i mBaile \u00c1tha Cliath. Cuireann s\u00e9 seirbh\u00eds\u00ed ar f\u00e1il i n\u00edos m\u00f3 n\u00e1 200 teanga, an Ghaeilge san \u00e1ireamh. Seirbh\u00eds\u00ed aistri\u00fach\u00e1in le haghaidh c\u00e1ip\u00e9is\u00ed agus su\u00edomhanna gr\u00e9as\u00e1in. T\u00e9igh isteach sa Mhargadh Domhanda anois.<\/p>\n","protected":false},"author":1,"featured_media":61195,"parent":0,"menu_order":3,"comment_status":"closed","ping_status":"closed","template":"","meta":{"footnotes":""},"class_list":["post-52739","page","type-page","status-publish","has-post-thumbnail","hentry"],"_links":{"self":[{"href":"https:\/\/www.star-ts.com\/ga\/wp-json\/wp\/v2\/pages\/52739","targetHints":{"allow":["GET"]}}],"collection":[{"href":"https:\/\/www.star-ts.com\/ga\/wp-json\/wp\/v2\/pages"}],"about":[{"href":"https:\/\/www.star-ts.com\/ga\/wp-json\/wp\/v2\/types\/page"}],"author":[{"embeddable":true,"href":"https:\/\/www.star-ts.com\/ga\/wp-json\/wp\/v2\/users\/1"}],"replies":[{"embeddable":true,"href":"https:\/\/www.star-ts.com\/ga\/wp-json\/wp\/v2\/comments?post=52739"}],"version-history":[{"count":0,"href":"https:\/\/www.star-ts.com\/ga\/wp-json\/wp\/v2\/pages\/52739\/revisions"}],"wp:featuredmedia":[{"embeddable":true,"href":"https:\/\/www.star-ts.com\/ga\/wp-json\/wp\/v2\/media\/61195"}],"wp:attachment":[{"href":"https:\/\/www.star-ts.com\/ga\/wp-json\/wp\/v2\/media?parent=52739"}],"curies":[{"name":"wp","href":"https:\/\/api.w.org\/{rel}","templated":true}]}}